{"id":3532,"date":"2020-03-31T16:14:42","date_gmt":"2020-03-31T14:14:42","guid":{"rendered":"https:\/\/new.ador-edelmetalle.de\/?post_type=product&#038;p=3532"},"modified":"2025-11-14T16:57:27","modified_gmt":"2025-11-14T15:57:27","slug":"ador-cc-laserdraht-ador-edelmetalle-legierung","status":"publish","type":"product","link":"https:\/\/www.ador-dental.de\/it\/prodotto\/ador-cc-laserdraht-ador-edelmetalle-legierung\/","title":{"rendered":"ADORBOND CC NEM filo laser"},"content":{"rendered":"<p><strong>Filo laser per le nostre leghe NEM. Disponibile in 0,50 mm e 0,35 mm di spessore.<\/strong><\/p>\n<h5><a  data-e-disable-page-transition=\"true\" class=\"download-link\" title=\"\" href=\"https:\/\/www.ador-dental.de\/it\/download\/29231\/?tmstv=1777577554\" rel=\"nofollow\" id=\"download-link-29231\" data-redirect=\"false\" >\n\tManuale d'istruzioni-CC-Laserdraht-0,35.pdf<\/a>\n<\/h5>\n<h5><a  data-e-disable-page-transition=\"true\" class=\"download-link\" title=\"\" href=\"https:\/\/www.ador-dental.de\/it\/download\/29234\/?tmstv=1777577554\" rel=\"nofollow\" id=\"download-link-29234\" data-redirect=\"false\" >\n\tManuale d'istruzioni-CC-Laserdraht-0,5.pdf<\/a>\n<\/h5>\n<p>Composizione:<br \/>\nCo 65,2 % | Cr 27,7 % | Mo 5,8 % | Fe, Si, Mn, N &lt;1%<\/p>\n<p><strong>Raccomandazione per l'elaborazione<\/strong><br \/>\nPulire l'area da saldare mediante molatura o sabbiatura per rimuovere tutti gli ossidi o le impurit\u00e0. Smerigliare e allargare le pareti della saldatura in diagonale a forma di V o meglio da entrambi i lati in diagonale, cio\u00e8 a forma di X.<br \/>\nIl filo deve essere tenuto appena sopra il punto di saldatura con solo la punta nel raggio laser in modo che il metallo di saldatura goccioli punto per punto sul punto da saldare. Si evitano le cricche nella zona di saldatura eseguendo la saldatura rapidamente ed evitando la fusione multipla.<\/p>\n<p><strong>Istruzioni di sicurezza<br \/>\n<\/strong>La polvere di metallo \u00e8 dannosa per la salute. Smerigliatura e lucidatura con estrazione. Saldatura laser in una camera chiusa con scarico dei fumi di saldatura. Le ipersensibilit\u00e0 ai componenti della lega devono essere prese in considerazione. In caso di sospette incompatibilit\u00e0 con i singoli elementi del filo laser, non deve essere utilizzato.<\/p>","protected":false},"excerpt":{"rendered":"<p><strong>Barre \u2013 200 mm, confezione da 2 m\u00a0<\/strong><\/p>\n<div class=\"page\" title=\"Pagina 6\">\n<div class=\"section\">\n<div class=\"layoutArea\">\n<div class=\"column\">\n<p>Adatto a tutte le leghe non preziose.<\/p>\n<\/div>\n<\/div>\n<\/div>\n<\/div>","protected":false},"featured_media":4402,"comment_status":"open","ping_status":"closed","template":"","meta":{"neve_meta_sidebar":"","neve_meta_container":"","neve_meta_enable_content_width":"off","neve_meta_content_width":70,"neve_meta_title_alignment":"","neve_meta_author_avatar":"","neve_post_elements_order":"","neve_meta_disable_header":"","neve_meta_disable_footer":"","neve_meta_disable_title":"","_themeisle_gutenberg_block_has_review":false},"product_brand":[],"product_cat":[35],"product_tag":[434],"class_list":{"0":"post-3532","1":"product","2":"type-product","3":"status-publish","4":"has-post-thumbnail","6":"product_cat-nem-legierungen","7":"product_tag-dentalheld","9":"first","10":"instock","11":"taxable","12":"shipping-taxable","13":"purchasable","14":"product-type-variable"},"yoast_head":"<!-- This site is optimized with the Yoast SEO plugin v27.4 - https:\/\/yoast.com\/product\/yoast-seo-wordpress\/ -->\n<title>ADORBOND CC NEM Laserdraht - Ador Dental GmbH<\/title>\n<meta name=\"description\" content=\"Der Ador CC Laserdraht ist ein hochwertiger Laserdraht f\u00fcr unsere NEM-Legierungen. Er ist erh\u00e4ltlich in 0,50 mm und 0,35 mm St\u00e4rke.\" \/>\n<meta name=\"robots\" content=\"index, follow, max-snippet:-1, max-image-preview:large, max-video-preview:-1\" \/>\n<link rel=\"canonical\" href=\"https:\/\/www.ador-dental.de\/it\/prodotto\/ador-cc-laserdraht-ador-edelmetalle-legierung\/\" \/>\n<meta property=\"og:locale\" content=\"it_IT\" \/>\n<meta property=\"og:type\" content=\"article\" \/>\n<meta property=\"og:title\" content=\"ADORBOND CC NEM Laserdraht - Ador Dental GmbH\" \/>\n<meta property=\"og:description\" content=\"Der Ador CC Laserdraht ist ein hochwertiger Laserdraht f\u00fcr unsere NEM-Legierungen. Er ist erh\u00e4ltlich in 0,50 mm und 0,35 mm St\u00e4rke.\" \/>\n<meta property=\"og:url\" content=\"https:\/\/www.ador-dental.de\/it\/prodotto\/ador-cc-laserdraht-ador-edelmetalle-legierung\/\" \/>\n<meta property=\"og:site_name\" content=\"Ador Dental GmbH\" \/>\n<meta property=\"article:modified_time\" content=\"2025-11-14T15:57:27+00:00\" \/>\n<meta property=\"og:image\" content=\"https:\/\/www.ador-dental.de\/wp-content\/uploads\/2020\/03\/IMG_2772.jpg\" \/>\n\t<meta property=\"og:image:width\" content=\"880\" \/>\n\t<meta property=\"og:image:height\" content=\"880\" \/>\n\t<meta property=\"og:image:type\" content=\"image\/jpeg\" \/>\n<meta name=\"twitter:card\" content=\"summary_large_image\" \/>\n<meta name=\"twitter:label1\" content=\"Tempo di lettura stimato\" \/>\n\t<meta name=\"twitter:data1\" content=\"1 minuto\" \/>\n<script type=\"application\/ld+json\" class=\"yoast-schema-graph\">{\"@context\":\"https:\\\/\\\/schema.org\",\"@graph\":[{\"@type\":\"WebPage\",\"@id\":\"https:\\\/\\\/www.ador-dental.de\\\/produkt\\\/ador-cc-laserdraht-ador-edelmetalle-legierung\\\/\",\"url\":\"https:\\\/\\\/www.ador-dental.de\\\/produkt\\\/ador-cc-laserdraht-ador-edelmetalle-legierung\\\/\",\"name\":\"ADORBOND CC NEM Laserdraht - Ador Dental GmbH\",\"isPartOf\":{\"@id\":\"https:\\\/\\\/www.ador-dental.de\\\/en\\\/#website\"},\"primaryImageOfPage\":{\"@id\":\"https:\\\/\\\/www.ador-dental.de\\\/produkt\\\/ador-cc-laserdraht-ador-edelmetalle-legierung\\\/#primaryimage\"},\"image\":{\"@id\":\"https:\\\/\\\/www.ador-dental.de\\\/produkt\\\/ador-cc-laserdraht-ador-edelmetalle-legierung\\\/#primaryimage\"},\"thumbnailUrl\":\"https:\\\/\\\/www.ador-dental.de\\\/wp-content\\\/uploads\\\/2020\\\/03\\\/IMG_2772.jpg\",\"datePublished\":\"2020-03-31T14:14:42+00:00\",\"dateModified\":\"2025-11-14T15:57:27+00:00\",\"description\":\"Der Ador CC Laserdraht ist ein hochwertiger Laserdraht f\u00fcr unsere NEM-Legierungen. Er ist erh\u00e4ltlich in 0,50 mm und 0,35 mm St\u00e4rke.\",\"breadcrumb\":{\"@id\":\"https:\\\/\\\/www.ador-dental.de\\\/produkt\\\/ador-cc-laserdraht-ador-edelmetalle-legierung\\\/#breadcrumb\"},\"inLanguage\":\"it-IT\",\"potentialAction\":[{\"@type\":\"ReadAction\",\"target\":[\"https:\\\/\\\/www.ador-dental.de\\\/produkt\\\/ador-cc-laserdraht-ador-edelmetalle-legierung\\\/\"]}]},{\"@type\":\"ImageObject\",\"inLanguage\":\"it-IT\",\"@id\":\"https:\\\/\\\/www.ador-dental.de\\\/produkt\\\/ador-cc-laserdraht-ador-edelmetalle-legierung\\\/#primaryimage\",\"url\":\"https:\\\/\\\/www.ador-dental.de\\\/wp-content\\\/uploads\\\/2020\\\/03\\\/IMG_2772.jpg\",\"contentUrl\":\"https:\\\/\\\/www.ador-dental.de\\\/wp-content\\\/uploads\\\/2020\\\/03\\\/IMG_2772.jpg\",\"width\":880,\"height\":880,\"caption\":\"Ador CC NEM-Laserdraht\"},{\"@type\":\"BreadcrumbList\",\"@id\":\"https:\\\/\\\/www.ador-dental.de\\\/produkt\\\/ador-cc-laserdraht-ador-edelmetalle-legierung\\\/#breadcrumb\",\"itemListElement\":[{\"@type\":\"ListItem\",\"position\":1,\"name\":\"Startseite\",\"item\":\"https:\\\/\\\/www.ador-dental.de\\\/\"},{\"@type\":\"ListItem\",\"position\":2,\"name\":\"Shop\",\"item\":\"https:\\\/\\\/www.ador-dental.de\\\/en\\\/shop\\\/\"},{\"@type\":\"ListItem\",\"position\":3,\"name\":\"ADORBOND CC NEM Laserdraht\"}]},{\"@type\":\"WebSite\",\"@id\":\"https:\\\/\\\/www.ador-dental.de\\\/en\\\/#website\",\"url\":\"https:\\\/\\\/www.ador-dental.de\\\/en\\\/\",\"name\":\"Ador Dental GmbH\",\"description\":\"\",\"publisher\":{\"@id\":\"https:\\\/\\\/www.ador-dental.de\\\/en\\\/#organization\"},\"potentialAction\":[{\"@type\":\"SearchAction\",\"target\":{\"@type\":\"EntryPoint\",\"urlTemplate\":\"https:\\\/\\\/www.ador-dental.de\\\/en\\\/?s={search_term_string}\"},\"query-input\":{\"@type\":\"PropertyValueSpecification\",\"valueRequired\":true,\"valueName\":\"search_term_string\"}}],\"inLanguage\":\"it-IT\"},{\"@type\":\"Organization\",\"@id\":\"https:\\\/\\\/www.ador-dental.de\\\/en\\\/#organization\",\"name\":\"Ador Dental GmbH\",\"url\":\"https:\\\/\\\/www.ador-dental.de\\\/en\\\/\",\"logo\":{\"@type\":\"ImageObject\",\"inLanguage\":\"it-IT\",\"@id\":\"https:\\\/\\\/www.ador-dental.de\\\/en\\\/#\\\/schema\\\/logo\\\/image\\\/\",\"url\":\"https:\\\/\\\/www.ador-dental.de\\\/wp-content\\\/uploads\\\/2021\\\/10\\\/ADOR_Logo_DentalSolutions_2020_Black.svg\",\"contentUrl\":\"https:\\\/\\\/www.ador-dental.de\\\/wp-content\\\/uploads\\\/2021\\\/10\\\/ADOR_Logo_DentalSolutions_2020_Black.svg\",\"width\":678,\"height\":261,\"caption\":\"Ador Dental GmbH\"},\"image\":{\"@id\":\"https:\\\/\\\/www.ador-dental.de\\\/en\\\/#\\\/schema\\\/logo\\\/image\\\/\"}}]}<\/script>\n<!-- \/ Yoast SEO plugin. -->","yoast_head_json":{"title":"ADORBOND CC NEM Laserdraht - Ador Dental GmbH","description":"Der Ador CC Laserdraht ist ein hochwertiger Laserdraht f\u00fcr unsere NEM-Legierungen. Er ist erh\u00e4ltlich in 0,50 mm und 0,35 mm St\u00e4rke.","robots":{"index":"index","follow":"follow","max-snippet":"max-snippet:-1","max-image-preview":"max-image-preview:large","max-video-preview":"max-video-preview:-1"},"canonical":"https:\/\/www.ador-dental.de\/it\/prodotto\/ador-cc-laserdraht-ador-edelmetalle-legierung\/","og_locale":"it_IT","og_type":"article","og_title":"ADORBOND CC NEM Laserdraht - Ador Dental GmbH","og_description":"Der Ador CC Laserdraht ist ein hochwertiger Laserdraht f\u00fcr unsere NEM-Legierungen. Er ist erh\u00e4ltlich in 0,50 mm und 0,35 mm St\u00e4rke.","og_url":"https:\/\/www.ador-dental.de\/it\/prodotto\/ador-cc-laserdraht-ador-edelmetalle-legierung\/","og_site_name":"Ador Dental GmbH","article_modified_time":"2025-11-14T15:57:27+00:00","og_image":[{"width":880,"height":880,"url":"https:\/\/www.ador-dental.de\/wp-content\/uploads\/2020\/03\/IMG_2772.jpg","type":"image\/jpeg"}],"twitter_card":"summary_large_image","twitter_misc":{"Tempo di lettura stimato":"1 minuto"},"schema":{"@context":"https:\/\/schema.org","@graph":[{"@type":"WebPage","@id":"https:\/\/www.ador-dental.de\/produkt\/ador-cc-laserdraht-ador-edelmetalle-legierung\/","url":"https:\/\/www.ador-dental.de\/produkt\/ador-cc-laserdraht-ador-edelmetalle-legierung\/","name":"ADORBOND CC NEM Laserdraht - Ador Dental GmbH","isPartOf":{"@id":"https:\/\/www.ador-dental.de\/en\/#website"},"primaryImageOfPage":{"@id":"https:\/\/www.ador-dental.de\/produkt\/ador-cc-laserdraht-ador-edelmetalle-legierung\/#primaryimage"},"image":{"@id":"https:\/\/www.ador-dental.de\/produkt\/ador-cc-laserdraht-ador-edelmetalle-legierung\/#primaryimage"},"thumbnailUrl":"https:\/\/www.ador-dental.de\/wp-content\/uploads\/2020\/03\/IMG_2772.jpg","datePublished":"2020-03-31T14:14:42+00:00","dateModified":"2025-11-14T15:57:27+00:00","description":"Der Ador CC Laserdraht ist ein hochwertiger Laserdraht f\u00fcr unsere NEM-Legierungen. Er ist erh\u00e4ltlich in 0,50 mm und 0,35 mm St\u00e4rke.","breadcrumb":{"@id":"https:\/\/www.ador-dental.de\/produkt\/ador-cc-laserdraht-ador-edelmetalle-legierung\/#breadcrumb"},"inLanguage":"it-IT","potentialAction":[{"@type":"ReadAction","target":["https:\/\/www.ador-dental.de\/produkt\/ador-cc-laserdraht-ador-edelmetalle-legierung\/"]}]},{"@type":"ImageObject","inLanguage":"it-IT","@id":"https:\/\/www.ador-dental.de\/produkt\/ador-cc-laserdraht-ador-edelmetalle-legierung\/#primaryimage","url":"https:\/\/www.ador-dental.de\/wp-content\/uploads\/2020\/03\/IMG_2772.jpg","contentUrl":"https:\/\/www.ador-dental.de\/wp-content\/uploads\/2020\/03\/IMG_2772.jpg","width":880,"height":880,"caption":"Ador CC NEM-Laserdraht"},{"@type":"BreadcrumbList","@id":"https:\/\/www.ador-dental.de\/produkt\/ador-cc-laserdraht-ador-edelmetalle-legierung\/#breadcrumb","itemListElement":[{"@type":"ListItem","position":1,"name":"Startseite","item":"https:\/\/www.ador-dental.de\/"},{"@type":"ListItem","position":2,"name":"Shop","item":"https:\/\/www.ador-dental.de\/en\/shop\/"},{"@type":"ListItem","position":3,"name":"ADORBOND CC NEM Laserdraht"}]},{"@type":"WebSite","@id":"https:\/\/www.ador-dental.de\/en\/#website","url":"https:\/\/www.ador-dental.de\/en\/","name":"Ador Dental GmbH","description":"","publisher":{"@id":"https:\/\/www.ador-dental.de\/en\/#organization"},"potentialAction":[{"@type":"SearchAction","target":{"@type":"EntryPoint","urlTemplate":"https:\/\/www.ador-dental.de\/en\/?s={search_term_string}"},"query-input":{"@type":"PropertyValueSpecification","valueRequired":true,"valueName":"search_term_string"}}],"inLanguage":"it-IT"},{"@type":"Organization","@id":"https:\/\/www.ador-dental.de\/en\/#organization","name":"Ador Dental GmbH","url":"https:\/\/www.ador-dental.de\/en\/","logo":{"@type":"ImageObject","inLanguage":"it-IT","@id":"https:\/\/www.ador-dental.de\/en\/#\/schema\/logo\/image\/","url":"https:\/\/www.ador-dental.de\/wp-content\/uploads\/2021\/10\/ADOR_Logo_DentalSolutions_2020_Black.svg","contentUrl":"https:\/\/www.ador-dental.de\/wp-content\/uploads\/2021\/10\/ADOR_Logo_DentalSolutions_2020_Black.svg","width":678,"height":261,"caption":"Ador Dental GmbH"},"image":{"@id":"https:\/\/www.ador-dental.de\/en\/#\/schema\/logo\/image\/"}}]}},"_links":{"self":[{"href":"https:\/\/www.ador-dental.de\/it\/wp-json\/wp\/v2\/product\/3532","targetHints":{"allow":["GET"]}}],"collection":[{"href":"https:\/\/www.ador-dental.de\/it\/wp-json\/wp\/v2\/product"}],"about":[{"href":"https:\/\/www.ador-dental.de\/it\/wp-json\/wp\/v2\/types\/product"}],"replies":[{"embeddable":true,"href":"https:\/\/www.ador-dental.de\/it\/wp-json\/wp\/v2\/comments?post=3532"}],"version-history":[{"count":19,"href":"https:\/\/www.ador-dental.de\/it\/wp-json\/wp\/v2\/product\/3532\/revisions"}],"predecessor-version":[{"id":19680,"href":"https:\/\/www.ador-dental.de\/it\/wp-json\/wp\/v2\/product\/3532\/revisions\/19680"}],"wp:featuredmedia":[{"embeddable":true,"href":"https:\/\/www.ador-dental.de\/it\/wp-json\/wp\/v2\/media\/4402"}],"wp:attachment":[{"href":"https:\/\/www.ador-dental.de\/it\/wp-json\/wp\/v2\/media?parent=3532"}],"wp:term":[{"taxonomy":"product_brand","embeddable":true,"href":"https:\/\/www.ador-dental.de\/it\/wp-json\/wp\/v2\/product_brand?post=3532"},{"taxonomy":"product_cat","embeddable":true,"href":"https:\/\/www.ador-dental.de\/it\/wp-json\/wp\/v2\/product_cat?post=3532"},{"taxonomy":"product_tag","embeddable":true,"href":"https:\/\/www.ador-dental.de\/it\/wp-json\/wp\/v2\/product_tag?post=3532"}],"curies":[{"name":"wp","href":"https:\/\/api.w.org\/{rel}","templated":true}]}}