{"id":31392,"date":"2026-03-31T13:09:39","date_gmt":"2026-03-31T11:09:39","guid":{"rendered":"https:\/\/www.ador-dental.de\/?post_type=product&#038;p=31392"},"modified":"2026-04-07T14:57:42","modified_gmt":"2026-04-07T12:57:42","slug":"nyte3d-model-resin-ivory-hc-1kg","status":"publish","type":"product","link":"https:\/\/www.ador-dental.de\/it\/prodotto\/nyte3d-model-resin-ivory-hc-1kg\/","title":{"rendered":"NYTE3D Resina per modelli IVORY HC 1kg"},"content":{"rendered":"<div class=\"headline\">\n<h3><span style=\"font-size: 16px;\">NYTE3D Model Resin<\/span><\/h3>\n<div class=\"elementor-element elementor-element-7c38b31 elementor-widget elementor-widget-heading\" data-id=\"7c38b31\" data-element_type=\"widget\" data-widget_type=\"heading.default\">\n<div class=\"elementor-widget-container\">\n<p class=\"elementor-heading-title elementor-size-default\">Das NYTE3D Model 3D-Druck Resin wurde speziell f\u00fcr die Anwendung im Dentallabor entwickelt und kann sowohl auf Ger\u00e4ten mit einer Wellenl\u00e4nge von 385 nm als auch mit 405 nm genutzt werden. Sie k\u00f6nnen frei entscheiden, ob Sie das Material auf einem LCD-Drucker oder einem DLP-Drucker verwenden.<\/p>\n<h3>Elevata reattivit\u00e0 del materiale<\/h3>\n<p class=\"elementor-heading-title elementor-size-default\">Die hohe Materialreaktivit\u00e4t verk\u00fcrzt die Belichtungszeit um bis zu 50%.<\/p>\n<h3>Tempo di esposizione breve<\/h3>\n<p>Kurze Belichtungszeiten, hohe Opazit\u00e4t und hohe Reaktivit\u00e4t sorgen daf\u00fcr, dass definierte Kanten pr\u00e4zise druckbar und selbst feine Details abbildbar sind.<\/p>\n<\/div>\n<\/div>\n<\/div>","protected":false},"excerpt":{"rendered":"<p>1 Kg Ivory HC<\/p>","protected":false},"featured_media":31445,"comment_status":"open","ping_status":"closed","template":"","meta":{"neve_meta_sidebar":"","neve_meta_container":"","neve_meta_enable_content_width":"off","neve_meta_content_width":70,"neve_meta_title_alignment":"","neve_meta_author_avatar":"","neve_post_elements_order":"","neve_meta_disable_header":"","neve_meta_disable_footer":"","neve_meta_disable_title":"","_themeisle_gutenberg_block_has_review":false},"product_brand":[],"product_cat":[212,432],"product_tag":[1301,1055,1302],"class_list":{"0":"post-31392","1":"product","2":"type-product","3":"status-publish","4":"has-post-thumbnail","6":"product_cat-adorprint","7":"product_cat-resine","8":"product_tag-ivory","9":"product_tag-model","10":"product_tag-nyte3d","12":"first","13":"instock","14":"taxable","15":"shipping-taxable","16":"purchasable","17":"product-type-simple"},"yoast_head":"<!-- This site is optimized with the Yoast SEO plugin v27.6 - https:\/\/yoast.com\/product\/yoast-seo-wordpress\/ -->\n<title>NYTE3D Model Resin IVORY HC 1kg - Ador Dental GmbH<\/title>\n<meta name=\"description\" content=\"Das 3D-Druck Resin ist nahezu r\u00fcckstandlos ausbrennbar und eignet sich somit hervorragend f\u00fcr zu gie\u00dfende Indikationen jeglicher Art.\" \/>\n<meta name=\"robots\" content=\"index, follow, max-snippet:-1, max-image-preview:large, max-video-preview:-1\" \/>\n<link rel=\"canonical\" href=\"https:\/\/www.ador-dental.de\/it\/prodotto\/nyte3d-model-resin-ivory-hc-1kg\/\" \/>\n<meta property=\"og:locale\" content=\"it_IT\" \/>\n<meta property=\"og:type\" content=\"article\" \/>\n<meta property=\"og:title\" content=\"NYTE3D Model Resin IVORY HC 1kg - Ador Dental GmbH\" \/>\n<meta property=\"og:description\" content=\"Das 3D-Druck Resin ist nahezu r\u00fcckstandlos ausbrennbar und eignet sich somit hervorragend f\u00fcr zu gie\u00dfende Indikationen jeglicher Art.\" \/>\n<meta property=\"og:url\" content=\"https:\/\/www.ador-dental.de\/it\/prodotto\/nyte3d-model-resin-ivory-hc-1kg\/\" \/>\n<meta property=\"og:site_name\" content=\"Ador Dental GmbH\" \/>\n<meta property=\"article:modified_time\" content=\"2026-04-07T12:57:42+00:00\" \/>\n<meta property=\"og:image\" content=\"https:\/\/www.ador-dental.de\/wp-content\/uploads\/2026\/04\/NYTE-3D-Ivory-HC-PB.png\" \/>\n\t<meta property=\"og:image:width\" content=\"1024\" \/>\n\t<meta property=\"og:image:height\" content=\"1024\" \/>\n\t<meta property=\"og:image:type\" content=\"image\/png\" \/>\n<meta name=\"twitter:card\" content=\"summary_large_image\" \/>\n<meta name=\"twitter:label1\" content=\"Tempo di lettura stimato\" \/>\n\t<meta name=\"twitter:data1\" content=\"1 minuto\" \/>\n<script type=\"application\/ld+json\" class=\"yoast-schema-graph\">{\"@context\":\"https:\\\/\\\/schema.org\",\"@graph\":[{\"@type\":\"WebPage\",\"@id\":\"https:\\\/\\\/www.ador-dental.de\\\/produkt\\\/nyte3d-model-resin-ivory-hc-1kg\\\/\",\"url\":\"https:\\\/\\\/www.ador-dental.de\\\/produkt\\\/nyte3d-model-resin-ivory-hc-1kg\\\/\",\"name\":\"NYTE3D Model Resin IVORY HC 1kg - Ador Dental GmbH\",\"isPartOf\":{\"@id\":\"https:\\\/\\\/www.ador-dental.de\\\/en\\\/#website\"},\"primaryImageOfPage\":{\"@id\":\"https:\\\/\\\/www.ador-dental.de\\\/produkt\\\/nyte3d-model-resin-ivory-hc-1kg\\\/#primaryimage\"},\"image\":{\"@id\":\"https:\\\/\\\/www.ador-dental.de\\\/produkt\\\/nyte3d-model-resin-ivory-hc-1kg\\\/#primaryimage\"},\"thumbnailUrl\":\"https:\\\/\\\/www.ador-dental.de\\\/wp-content\\\/uploads\\\/2026\\\/04\\\/NYTE-3D-Ivory-HC-PB.png\",\"datePublished\":\"2026-03-31T11:09:39+00:00\",\"dateModified\":\"2026-04-07T12:57:42+00:00\",\"description\":\"Das 3D-Druck Resin ist nahezu r\u00fcckstandlos ausbrennbar und eignet sich somit hervorragend f\u00fcr zu gie\u00dfende Indikationen jeglicher Art.\",\"breadcrumb\":{\"@id\":\"https:\\\/\\\/www.ador-dental.de\\\/produkt\\\/nyte3d-model-resin-ivory-hc-1kg\\\/#breadcrumb\"},\"inLanguage\":\"it-IT\",\"potentialAction\":[{\"@type\":\"ReadAction\",\"target\":[\"https:\\\/\\\/www.ador-dental.de\\\/produkt\\\/nyte3d-model-resin-ivory-hc-1kg\\\/\"]}]},{\"@type\":\"ImageObject\",\"inLanguage\":\"it-IT\",\"@id\":\"https:\\\/\\\/www.ador-dental.de\\\/produkt\\\/nyte3d-model-resin-ivory-hc-1kg\\\/#primaryimage\",\"url\":\"https:\\\/\\\/www.ador-dental.de\\\/wp-content\\\/uploads\\\/2026\\\/04\\\/NYTE-3D-Ivory-HC-PB.png\",\"contentUrl\":\"https:\\\/\\\/www.ador-dental.de\\\/wp-content\\\/uploads\\\/2026\\\/04\\\/NYTE-3D-Ivory-HC-PB.png\",\"width\":1024,\"height\":1024},{\"@type\":\"BreadcrumbList\",\"@id\":\"https:\\\/\\\/www.ador-dental.de\\\/produkt\\\/nyte3d-model-resin-ivory-hc-1kg\\\/#breadcrumb\",\"itemListElement\":[{\"@type\":\"ListItem\",\"position\":1,\"name\":\"Startseite\",\"item\":\"https:\\\/\\\/www.ador-dental.de\\\/\"},{\"@type\":\"ListItem\",\"position\":2,\"name\":\"Shop\",\"item\":\"https:\\\/\\\/www.ador-dental.de\\\/en\\\/shop\\\/\"},{\"@type\":\"ListItem\",\"position\":3,\"name\":\"NYTE3D Model Resin IVORY HC 1kg\"}]},{\"@type\":\"WebSite\",\"@id\":\"https:\\\/\\\/www.ador-dental.de\\\/en\\\/#website\",\"url\":\"https:\\\/\\\/www.ador-dental.de\\\/en\\\/\",\"name\":\"Ador Dental GmbH\",\"description\":\"\",\"publisher\":{\"@id\":\"https:\\\/\\\/www.ador-dental.de\\\/en\\\/#organization\"},\"potentialAction\":[{\"@type\":\"SearchAction\",\"target\":{\"@type\":\"EntryPoint\",\"urlTemplate\":\"https:\\\/\\\/www.ador-dental.de\\\/en\\\/?s={search_term_string}\"},\"query-input\":{\"@type\":\"PropertyValueSpecification\",\"valueRequired\":true,\"valueName\":\"search_term_string\"}}],\"inLanguage\":\"it-IT\"},{\"@type\":\"Organization\",\"@id\":\"https:\\\/\\\/www.ador-dental.de\\\/en\\\/#organization\",\"name\":\"Ador Dental GmbH\",\"url\":\"https:\\\/\\\/www.ador-dental.de\\\/en\\\/\",\"logo\":{\"@type\":\"ImageObject\",\"inLanguage\":\"it-IT\",\"@id\":\"https:\\\/\\\/www.ador-dental.de\\\/en\\\/#\\\/schema\\\/logo\\\/image\\\/\",\"url\":\"https:\\\/\\\/www.ador-dental.de\\\/wp-content\\\/uploads\\\/2021\\\/10\\\/ADOR_Logo_DentalSolutions_2020_Black.svg\",\"contentUrl\":\"https:\\\/\\\/www.ador-dental.de\\\/wp-content\\\/uploads\\\/2021\\\/10\\\/ADOR_Logo_DentalSolutions_2020_Black.svg\",\"width\":678,\"height\":261,\"caption\":\"Ador Dental GmbH\"},\"image\":{\"@id\":\"https:\\\/\\\/www.ador-dental.de\\\/en\\\/#\\\/schema\\\/logo\\\/image\\\/\"}}]}<\/script>\n<!-- \/ Yoast SEO plugin. -->","yoast_head_json":{"title":"NYTE3D Model Resin IVORY HC 1kg - Ador Dental GmbH","description":"La resina per la stampa 3D pu\u00f2 essere bruciata quasi senza residui ed \u00e8 quindi ideale per tutti i tipi di indicazioni da colare.","robots":{"index":"index","follow":"follow","max-snippet":"max-snippet:-1","max-image-preview":"max-image-preview:large","max-video-preview":"max-video-preview:-1"},"canonical":"https:\/\/www.ador-dental.de\/it\/prodotto\/nyte3d-model-resin-ivory-hc-1kg\/","og_locale":"it_IT","og_type":"article","og_title":"NYTE3D Model Resin IVORY HC 1kg - Ador Dental GmbH","og_description":"Das 3D-Druck Resin ist nahezu r\u00fcckstandlos ausbrennbar und eignet sich somit hervorragend f\u00fcr zu gie\u00dfende Indikationen jeglicher Art.","og_url":"https:\/\/www.ador-dental.de\/it\/prodotto\/nyte3d-model-resin-ivory-hc-1kg\/","og_site_name":"Ador Dental GmbH","article_modified_time":"2026-04-07T12:57:42+00:00","og_image":[{"width":1024,"height":1024,"url":"https:\/\/www.ador-dental.de\/wp-content\/uploads\/2026\/04\/NYTE-3D-Ivory-HC-PB.png","type":"image\/png"}],"twitter_card":"summary_large_image","twitter_misc":{"Tempo di lettura stimato":"1 minuto"},"schema":{"@context":"https:\/\/schema.org","@graph":[{"@type":"WebPage","@id":"https:\/\/www.ador-dental.de\/produkt\/nyte3d-model-resin-ivory-hc-1kg\/","url":"https:\/\/www.ador-dental.de\/produkt\/nyte3d-model-resin-ivory-hc-1kg\/","name":"NYTE3D Model Resin IVORY HC 1kg - Ador Dental GmbH","isPartOf":{"@id":"https:\/\/www.ador-dental.de\/en\/#website"},"primaryImageOfPage":{"@id":"https:\/\/www.ador-dental.de\/produkt\/nyte3d-model-resin-ivory-hc-1kg\/#primaryimage"},"image":{"@id":"https:\/\/www.ador-dental.de\/produkt\/nyte3d-model-resin-ivory-hc-1kg\/#primaryimage"},"thumbnailUrl":"https:\/\/www.ador-dental.de\/wp-content\/uploads\/2026\/04\/NYTE-3D-Ivory-HC-PB.png","datePublished":"2026-03-31T11:09:39+00:00","dateModified":"2026-04-07T12:57:42+00:00","description":"La resina per la stampa 3D pu\u00f2 essere bruciata quasi senza residui ed \u00e8 quindi ideale per tutti i tipi di indicazioni da colare.","breadcrumb":{"@id":"https:\/\/www.ador-dental.de\/produkt\/nyte3d-model-resin-ivory-hc-1kg\/#breadcrumb"},"inLanguage":"it-IT","potentialAction":[{"@type":"ReadAction","target":["https:\/\/www.ador-dental.de\/produkt\/nyte3d-model-resin-ivory-hc-1kg\/"]}]},{"@type":"ImageObject","inLanguage":"it-IT","@id":"https:\/\/www.ador-dental.de\/produkt\/nyte3d-model-resin-ivory-hc-1kg\/#primaryimage","url":"https:\/\/www.ador-dental.de\/wp-content\/uploads\/2026\/04\/NYTE-3D-Ivory-HC-PB.png","contentUrl":"https:\/\/www.ador-dental.de\/wp-content\/uploads\/2026\/04\/NYTE-3D-Ivory-HC-PB.png","width":1024,"height":1024},{"@type":"BreadcrumbList","@id":"https:\/\/www.ador-dental.de\/produkt\/nyte3d-model-resin-ivory-hc-1kg\/#breadcrumb","itemListElement":[{"@type":"ListItem","position":1,"name":"Startseite","item":"https:\/\/www.ador-dental.de\/"},{"@type":"ListItem","position":2,"name":"Shop","item":"https:\/\/www.ador-dental.de\/en\/shop\/"},{"@type":"ListItem","position":3,"name":"NYTE3D Model Resin IVORY HC 1kg"}]},{"@type":"WebSite","@id":"https:\/\/www.ador-dental.de\/en\/#website","url":"https:\/\/www.ador-dental.de\/en\/","name":"Ador Dental GmbH","description":"","publisher":{"@id":"https:\/\/www.ador-dental.de\/en\/#organization"},"potentialAction":[{"@type":"SearchAction","target":{"@type":"EntryPoint","urlTemplate":"https:\/\/www.ador-dental.de\/en\/?s={search_term_string}"},"query-input":{"@type":"PropertyValueSpecification","valueRequired":true,"valueName":"search_term_string"}}],"inLanguage":"it-IT"},{"@type":"Organization","@id":"https:\/\/www.ador-dental.de\/en\/#organization","name":"Ador Dental GmbH","url":"https:\/\/www.ador-dental.de\/en\/","logo":{"@type":"ImageObject","inLanguage":"it-IT","@id":"https:\/\/www.ador-dental.de\/en\/#\/schema\/logo\/image\/","url":"https:\/\/www.ador-dental.de\/wp-content\/uploads\/2021\/10\/ADOR_Logo_DentalSolutions_2020_Black.svg","contentUrl":"https:\/\/www.ador-dental.de\/wp-content\/uploads\/2021\/10\/ADOR_Logo_DentalSolutions_2020_Black.svg","width":678,"height":261,"caption":"Ador Dental GmbH"},"image":{"@id":"https:\/\/www.ador-dental.de\/en\/#\/schema\/logo\/image\/"}}]}},"_links":{"self":[{"href":"https:\/\/www.ador-dental.de\/it\/wp-json\/wp\/v2\/product\/31392","targetHints":{"allow":["GET"]}}],"collection":[{"href":"https:\/\/www.ador-dental.de\/it\/wp-json\/wp\/v2\/product"}],"about":[{"href":"https:\/\/www.ador-dental.de\/it\/wp-json\/wp\/v2\/types\/product"}],"replies":[{"embeddable":true,"href":"https:\/\/www.ador-dental.de\/it\/wp-json\/wp\/v2\/comments?post=31392"}],"version-history":[{"count":1,"href":"https:\/\/www.ador-dental.de\/it\/wp-json\/wp\/v2\/product\/31392\/revisions"}],"predecessor-version":[{"id":31395,"href":"https:\/\/www.ador-dental.de\/it\/wp-json\/wp\/v2\/product\/31392\/revisions\/31395"}],"wp:featuredmedia":[{"embeddable":true,"href":"https:\/\/www.ador-dental.de\/it\/wp-json\/wp\/v2\/media\/31445"}],"wp:attachment":[{"href":"https:\/\/www.ador-dental.de\/it\/wp-json\/wp\/v2\/media?parent=31392"}],"wp:term":[{"taxonomy":"product_brand","embeddable":true,"href":"https:\/\/www.ador-dental.de\/it\/wp-json\/wp\/v2\/product_brand?post=31392"},{"taxonomy":"product_cat","embeddable":true,"href":"https:\/\/www.ador-dental.de\/it\/wp-json\/wp\/v2\/product_cat?post=31392"},{"taxonomy":"product_tag","embeddable":true,"href":"https:\/\/www.ador-dental.de\/it\/wp-json\/wp\/v2\/product_tag?post=31392"}],"curies":[{"name":"wp","href":"https:\/\/api.w.org\/{rel}","templated":true}]}}