{"id":30659,"date":"2025-12-18T12:02:42","date_gmt":"2025-12-18T11:02:42","guid":{"rendered":"https:\/\/www.ador-dental.de\/?post_type=product&#038;p=30659"},"modified":"2026-01-08T16:32:27","modified_gmt":"2026-01-08T15:32:27","slug":"artamic-stain-glaze-farben-einzeln","status":"publish","type":"product","link":"https:\/\/www.ador-dental.de\/it\/prodotto\/artamic-stain-glaze-farben-einzeln\/","title":{"rendered":"Colori Artamic Stain\/Glaze singoli"},"content":{"rendered":"<p><strong><a href=\"https:\/\/www.ador-dental.de\/wp-content\/uploads\/2026\/01\/Artamic-Stain-Glaze-Instruction-Card-20250519.pdf\">Scheda di istruzioni per l'uso (ENGL)<\/a><br \/>\n<a href=\"https:\/\/www.ador-dental.de\/wp-content\/uploads\/2026\/01\/BSM_SG-_Artamic_Instruction-Manual\uff08ENG-Version2024.pdf\">Istruzioni per l'uso (ENGL)<\/a><\/strong><\/p>\n<p><strong>Applicazione:<\/strong> per la colorazione\/glasura di restauri in ossido di zirconio e vetroceramica<br \/>\n<strong>Preparazione:<\/strong> Preparare i pennelli, la tavolozza di miscelazione e la spatola per la colorazione\/la velatura.<br \/>\n<strong>Istruzioni per l'uso:<\/strong><br \/>\n- Mescolare accuratamente gli Stain\/Glaze Artamic con una spatola priva di metallo prima di ogni utilizzo.<br \/>\n- Assicurarsi che il colore\/smalto non venga a contatto con l'acqua.<br \/>\n- Si consiglia di utilizzare la tavolozza dei colori durante il processo di miscelazione per ottenere la viscosit\u00e0 desiderata.<br \/>\nNON AGGIUNGERE IL LIQUIDO DI MISCELAZIONE DIRETTAMENTE AL FLACONE.<br \/>\n- La temperatura nel forno per i restauri smaltati non dovrebbe superare i 450 \u00b0C.<br \/>\n- Eseguire la cottura dello smalto sotto vuoto.<br \/>\n- Sigillare bene il materiale inutilizzato per l'uso successivo ed evitare di conservarlo a lungo in un ambiente con elevata umidit\u00e0.<\/p>\n<table style=\"height: 142px;\" width=\"535\">\n<tbody>\n<tr>\n<td style=\"text-align: center;\" colspan=\"2\" width=\"182\">Processo di essiccazione<\/td>\n<td style=\"text-align: center;\" width=\"99\">Riscaldamento<\/td>\n<td style=\"text-align: center;\" colspan=\"2\" width=\"177\">Fuoco<\/td>\n<td style=\"text-align: center;\" width=\"111\">Apertura del forno<\/td>\n<\/tr>\n<tr>\n<td style=\"text-align: center;\" width=\"102\">Temperatura di partenza.<\/td>\n<td style=\"text-align: center;\">Durata<\/td>\n<td style=\"text-align: center;\">Tasso di riscaldamento<\/td>\n<td style=\"text-align: center;\">Temperatura target.<\/td>\n<td style=\"text-align: center;\">Durata<\/td>\n<td style=\"text-align: center;\">Temp.<\/td>\n<\/tr>\n<tr>\n<td style=\"text-align: center;\" width=\"102\">(\u00b0C)<\/td>\n<td style=\"text-align: center;\">(min.)<\/td>\n<td style=\"text-align: center;\">(\u00b0C\/min.)<\/td>\n<td style=\"text-align: center;\">(\u00b0C)<\/td>\n<td style=\"text-align: center;\">(min.)<\/td>\n<td style=\"text-align: center;\">(\u00b0C)<\/td>\n<\/tr>\n<tr>\n<td style=\"text-align: center;\">450<\/td>\n<td style=\"text-align: center;\">6<\/td>\n<td style=\"text-align: center;\">45<\/td>\n<td style=\"text-align: center;\">740<\/td>\n<td style=\"text-align: center;\">3<\/td>\n<td style=\"text-align: center;\">600<\/td>\n<\/tr>\n<\/tbody>\n<\/table>\n<ul>\n<li>CTE\uff0825-500\u2103\uff09\uff0810.3\u00b10.5\uff09*10-6 K-1<\/li>\n<li>Solubilit\u00e0 chimica&lt;100\u03bcg\/cm2<\/li>\n<li>Resistenza alla flessione&gt;50Mpa<\/li>\n<li>Condizioni di conservazione<br \/>\nConservare in un luogo asciutto a temperatura ambiente<\/li>\n<li>\u00a0Flasche -Stain- jede 6g: 10 Farben: A,B,C,D3,D4,Blue, Purplish, Pink, White, Glaze<\/li>\n<\/ul>","protected":false},"excerpt":{"rendered":"<p class=\"ccont\"><span dir=\"auto\">Artamic Stain\/Glaze \u00e8 stato sviluppato appositamente per la riproduzione realistica di restauri in ceramica composita a base di ossido di zirconio, ossido di zirconio e vetroceramica al disilicato di litio. Grazie all'ampio sistema cromatico, alla fluorescenza vivida e alla lucentezza naturale, consente di ottenere l'individualizzazione e la caratterizzazione desiderate, nonch\u00e9 un'estetica realistica dei restauri che non ha nulla da invidiare ai denti naturali.<\/span><\/p>\n<p>\u00b7 Flasche \u00e0 6g<\/p>","protected":false},"featured_media":30758,"comment_status":"open","ping_status":"closed","template":"","meta":{"neve_meta_sidebar":"","neve_meta_container":"","neve_meta_enable_content_width":"off","neve_meta_content_width":100,"neve_meta_title_alignment":"","neve_meta_author_avatar":"","neve_post_elements_order":"","neve_meta_disable_header":"","neve_meta_disable_footer":"","neve_meta_disable_title":"","_themeisle_gutenberg_block_has_review":false},"product_brand":[],"product_cat":[431,420],"product_tag":[],"class_list":{"0":"post-30659","1":"product","2":"type-product","3":"status-publish","4":"has-post-thumbnail","6":"product_cat-adormilling","7":"product_cat-zirkon-blanks","9":"first","10":"instock","11":"taxable","12":"shipping-taxable","13":"purchasable","14":"product-type-variable"},"yoast_head":"<!-- This site is optimized with the Yoast SEO plugin v27.4 - https:\/\/yoast.com\/product\/yoast-seo-wordpress\/ -->\n<title>Artamic Stain\/Glaze Farben einzeln - Ador Dental GmbH<\/title>\n<meta name=\"robots\" content=\"index, follow, max-snippet:-1, max-image-preview:large, max-video-preview:-1\" \/>\n<link rel=\"canonical\" href=\"https:\/\/www.ador-dental.de\/it\/prodotto\/artamic-stain-glaze-farben-einzeln\/\" \/>\n<meta property=\"og:locale\" content=\"it_IT\" \/>\n<meta property=\"og:type\" content=\"article\" \/>\n<meta property=\"og:title\" content=\"Artamic Stain\/Glaze Farben einzeln - Ador Dental GmbH\" \/>\n<meta property=\"og:description\" content=\"Artamic Stain\/Glaze wurde speziell f\u00fcr die naturgetreue Reproduktion von Restaurationen aus Vollzirkonoxid, Zirkonoxid-Verbundkeramik und Lithiumdisilikat-Glaskeramik entwickelt. Dank des breiten Farbsystems, der lebendigen Fluoreszenz und des nat\u00fcrlichen Glanzes erm\u00f6glicht es Ihnen, die gew\u00fcnschte Individualisierung und Charakterisierung sowie eine lebensechte \u00c4sthetik der Restaurationen zu erzielen, die nat\u00fcrlichen Z\u00e4hnen in nichts nachsteht. \u00b7 Flasche \u00e0 6g\" \/>\n<meta property=\"og:url\" content=\"https:\/\/www.ador-dental.de\/it\/prodotto\/artamic-stain-glaze-farben-einzeln\/\" \/>\n<meta property=\"og:site_name\" content=\"Ador Dental GmbH\" \/>\n<meta property=\"article:modified_time\" content=\"2026-01-08T15:32:27+00:00\" \/>\n<meta property=\"og:image\" content=\"https:\/\/www.ador-dental.de\/wp-content\/uploads\/2026\/01\/Farben-Einzeln-Artamic-Glaze.png\" \/>\n\t<meta property=\"og:image:width\" content=\"1080\" \/>\n\t<meta property=\"og:image:height\" content=\"1080\" \/>\n\t<meta property=\"og:image:type\" content=\"image\/png\" \/>\n<meta name=\"twitter:card\" content=\"summary_large_image\" \/>\n<meta name=\"twitter:label1\" content=\"Tempo di lettura stimato\" \/>\n\t<meta name=\"twitter:data1\" content=\"1 minuto\" \/>\n<script type=\"application\/ld+json\" class=\"yoast-schema-graph\">{\"@context\":\"https:\\\/\\\/schema.org\",\"@graph\":[{\"@type\":\"WebPage\",\"@id\":\"https:\\\/\\\/www.ador-dental.de\\\/produkt\\\/artamic-stain-glaze-farben-einzeln\\\/\",\"url\":\"https:\\\/\\\/www.ador-dental.de\\\/produkt\\\/artamic-stain-glaze-farben-einzeln\\\/\",\"name\":\"Artamic Stain\\\/Glaze Farben einzeln - Ador Dental GmbH\",\"isPartOf\":{\"@id\":\"https:\\\/\\\/www.ador-dental.de\\\/en\\\/#website\"},\"primaryImageOfPage\":{\"@id\":\"https:\\\/\\\/www.ador-dental.de\\\/produkt\\\/artamic-stain-glaze-farben-einzeln\\\/#primaryimage\"},\"image\":{\"@id\":\"https:\\\/\\\/www.ador-dental.de\\\/produkt\\\/artamic-stain-glaze-farben-einzeln\\\/#primaryimage\"},\"thumbnailUrl\":\"https:\\\/\\\/www.ador-dental.de\\\/wp-content\\\/uploads\\\/2026\\\/01\\\/Farben-Einzeln-Artamic-Glaze.png\",\"datePublished\":\"2025-12-18T11:02:42+00:00\",\"dateModified\":\"2026-01-08T15:32:27+00:00\",\"breadcrumb\":{\"@id\":\"https:\\\/\\\/www.ador-dental.de\\\/produkt\\\/artamic-stain-glaze-farben-einzeln\\\/#breadcrumb\"},\"inLanguage\":\"it-IT\",\"potentialAction\":[{\"@type\":\"ReadAction\",\"target\":[\"https:\\\/\\\/www.ador-dental.de\\\/produkt\\\/artamic-stain-glaze-farben-einzeln\\\/\"]}]},{\"@type\":\"ImageObject\",\"inLanguage\":\"it-IT\",\"@id\":\"https:\\\/\\\/www.ador-dental.de\\\/produkt\\\/artamic-stain-glaze-farben-einzeln\\\/#primaryimage\",\"url\":\"https:\\\/\\\/www.ador-dental.de\\\/wp-content\\\/uploads\\\/2026\\\/01\\\/Farben-Einzeln-Artamic-Glaze.png\",\"contentUrl\":\"https:\\\/\\\/www.ador-dental.de\\\/wp-content\\\/uploads\\\/2026\\\/01\\\/Farben-Einzeln-Artamic-Glaze.png\",\"width\":1080,\"height\":1080},{\"@type\":\"BreadcrumbList\",\"@id\":\"https:\\\/\\\/www.ador-dental.de\\\/produkt\\\/artamic-stain-glaze-farben-einzeln\\\/#breadcrumb\",\"itemListElement\":[{\"@type\":\"ListItem\",\"position\":1,\"name\":\"Startseite\",\"item\":\"https:\\\/\\\/www.ador-dental.de\\\/\"},{\"@type\":\"ListItem\",\"position\":2,\"name\":\"Shop\",\"item\":\"https:\\\/\\\/www.ador-dental.de\\\/en\\\/shop\\\/\"},{\"@type\":\"ListItem\",\"position\":3,\"name\":\"Artamic Stain\\\/Glaze Farben einzeln\"}]},{\"@type\":\"WebSite\",\"@id\":\"https:\\\/\\\/www.ador-dental.de\\\/en\\\/#website\",\"url\":\"https:\\\/\\\/www.ador-dental.de\\\/en\\\/\",\"name\":\"Ador Dental GmbH\",\"description\":\"\",\"publisher\":{\"@id\":\"https:\\\/\\\/www.ador-dental.de\\\/en\\\/#organization\"},\"potentialAction\":[{\"@type\":\"SearchAction\",\"target\":{\"@type\":\"EntryPoint\",\"urlTemplate\":\"https:\\\/\\\/www.ador-dental.de\\\/en\\\/?s={search_term_string}\"},\"query-input\":{\"@type\":\"PropertyValueSpecification\",\"valueRequired\":true,\"valueName\":\"search_term_string\"}}],\"inLanguage\":\"it-IT\"},{\"@type\":\"Organization\",\"@id\":\"https:\\\/\\\/www.ador-dental.de\\\/en\\\/#organization\",\"name\":\"Ador Dental GmbH\",\"url\":\"https:\\\/\\\/www.ador-dental.de\\\/en\\\/\",\"logo\":{\"@type\":\"ImageObject\",\"inLanguage\":\"it-IT\",\"@id\":\"https:\\\/\\\/www.ador-dental.de\\\/en\\\/#\\\/schema\\\/logo\\\/image\\\/\",\"url\":\"https:\\\/\\\/www.ador-dental.de\\\/wp-content\\\/uploads\\\/2021\\\/10\\\/ADOR_Logo_DentalSolutions_2020_Black.svg\",\"contentUrl\":\"https:\\\/\\\/www.ador-dental.de\\\/wp-content\\\/uploads\\\/2021\\\/10\\\/ADOR_Logo_DentalSolutions_2020_Black.svg\",\"width\":678,\"height\":261,\"caption\":\"Ador Dental GmbH\"},\"image\":{\"@id\":\"https:\\\/\\\/www.ador-dental.de\\\/en\\\/#\\\/schema\\\/logo\\\/image\\\/\"}}]}<\/script>\n<!-- \/ Yoast SEO plugin. -->","yoast_head_json":{"title":"Artamic Stain\/Glaze Farben einzeln - Ador Dental GmbH","robots":{"index":"index","follow":"follow","max-snippet":"max-snippet:-1","max-image-preview":"max-image-preview:large","max-video-preview":"max-video-preview:-1"},"canonical":"https:\/\/www.ador-dental.de\/it\/prodotto\/artamic-stain-glaze-farben-einzeln\/","og_locale":"it_IT","og_type":"article","og_title":"Artamic Stain\/Glaze Farben einzeln - Ador Dental GmbH","og_description":"Artamic Stain\/Glaze wurde speziell f\u00fcr die naturgetreue Reproduktion von Restaurationen aus Vollzirkonoxid, Zirkonoxid-Verbundkeramik und Lithiumdisilikat-Glaskeramik entwickelt. Dank des breiten Farbsystems, der lebendigen Fluoreszenz und des nat\u00fcrlichen Glanzes erm\u00f6glicht es Ihnen, die gew\u00fcnschte Individualisierung und Charakterisierung sowie eine lebensechte \u00c4sthetik der Restaurationen zu erzielen, die nat\u00fcrlichen Z\u00e4hnen in nichts nachsteht. \u00b7 Flasche \u00e0 6g","og_url":"https:\/\/www.ador-dental.de\/it\/prodotto\/artamic-stain-glaze-farben-einzeln\/","og_site_name":"Ador Dental GmbH","article_modified_time":"2026-01-08T15:32:27+00:00","og_image":[{"width":1080,"height":1080,"url":"https:\/\/www.ador-dental.de\/wp-content\/uploads\/2026\/01\/Farben-Einzeln-Artamic-Glaze.png","type":"image\/png"}],"twitter_card":"summary_large_image","twitter_misc":{"Tempo di lettura stimato":"1 minuto"},"schema":{"@context":"https:\/\/schema.org","@graph":[{"@type":"WebPage","@id":"https:\/\/www.ador-dental.de\/produkt\/artamic-stain-glaze-farben-einzeln\/","url":"https:\/\/www.ador-dental.de\/produkt\/artamic-stain-glaze-farben-einzeln\/","name":"Artamic Stain\/Glaze Farben einzeln - Ador Dental GmbH","isPartOf":{"@id":"https:\/\/www.ador-dental.de\/en\/#website"},"primaryImageOfPage":{"@id":"https:\/\/www.ador-dental.de\/produkt\/artamic-stain-glaze-farben-einzeln\/#primaryimage"},"image":{"@id":"https:\/\/www.ador-dental.de\/produkt\/artamic-stain-glaze-farben-einzeln\/#primaryimage"},"thumbnailUrl":"https:\/\/www.ador-dental.de\/wp-content\/uploads\/2026\/01\/Farben-Einzeln-Artamic-Glaze.png","datePublished":"2025-12-18T11:02:42+00:00","dateModified":"2026-01-08T15:32:27+00:00","breadcrumb":{"@id":"https:\/\/www.ador-dental.de\/produkt\/artamic-stain-glaze-farben-einzeln\/#breadcrumb"},"inLanguage":"it-IT","potentialAction":[{"@type":"ReadAction","target":["https:\/\/www.ador-dental.de\/produkt\/artamic-stain-glaze-farben-einzeln\/"]}]},{"@type":"ImageObject","inLanguage":"it-IT","@id":"https:\/\/www.ador-dental.de\/produkt\/artamic-stain-glaze-farben-einzeln\/#primaryimage","url":"https:\/\/www.ador-dental.de\/wp-content\/uploads\/2026\/01\/Farben-Einzeln-Artamic-Glaze.png","contentUrl":"https:\/\/www.ador-dental.de\/wp-content\/uploads\/2026\/01\/Farben-Einzeln-Artamic-Glaze.png","width":1080,"height":1080},{"@type":"BreadcrumbList","@id":"https:\/\/www.ador-dental.de\/produkt\/artamic-stain-glaze-farben-einzeln\/#breadcrumb","itemListElement":[{"@type":"ListItem","position":1,"name":"Startseite","item":"https:\/\/www.ador-dental.de\/"},{"@type":"ListItem","position":2,"name":"Shop","item":"https:\/\/www.ador-dental.de\/en\/shop\/"},{"@type":"ListItem","position":3,"name":"Artamic Stain\/Glaze Farben einzeln"}]},{"@type":"WebSite","@id":"https:\/\/www.ador-dental.de\/en\/#website","url":"https:\/\/www.ador-dental.de\/en\/","name":"Ador Dental GmbH","description":"","publisher":{"@id":"https:\/\/www.ador-dental.de\/en\/#organization"},"potentialAction":[{"@type":"SearchAction","target":{"@type":"EntryPoint","urlTemplate":"https:\/\/www.ador-dental.de\/en\/?s={search_term_string}"},"query-input":{"@type":"PropertyValueSpecification","valueRequired":true,"valueName":"search_term_string"}}],"inLanguage":"it-IT"},{"@type":"Organization","@id":"https:\/\/www.ador-dental.de\/en\/#organization","name":"Ador Dental GmbH","url":"https:\/\/www.ador-dental.de\/en\/","logo":{"@type":"ImageObject","inLanguage":"it-IT","@id":"https:\/\/www.ador-dental.de\/en\/#\/schema\/logo\/image\/","url":"https:\/\/www.ador-dental.de\/wp-content\/uploads\/2021\/10\/ADOR_Logo_DentalSolutions_2020_Black.svg","contentUrl":"https:\/\/www.ador-dental.de\/wp-content\/uploads\/2021\/10\/ADOR_Logo_DentalSolutions_2020_Black.svg","width":678,"height":261,"caption":"Ador Dental GmbH"},"image":{"@id":"https:\/\/www.ador-dental.de\/en\/#\/schema\/logo\/image\/"}}]}},"_links":{"self":[{"href":"https:\/\/www.ador-dental.de\/it\/wp-json\/wp\/v2\/product\/30659","targetHints":{"allow":["GET"]}}],"collection":[{"href":"https:\/\/www.ador-dental.de\/it\/wp-json\/wp\/v2\/product"}],"about":[{"href":"https:\/\/www.ador-dental.de\/it\/wp-json\/wp\/v2\/types\/product"}],"replies":[{"embeddable":true,"href":"https:\/\/www.ador-dental.de\/it\/wp-json\/wp\/v2\/comments?post=30659"}],"version-history":[{"count":4,"href":"https:\/\/www.ador-dental.de\/it\/wp-json\/wp\/v2\/product\/30659\/revisions"}],"predecessor-version":[{"id":30755,"href":"https:\/\/www.ador-dental.de\/it\/wp-json\/wp\/v2\/product\/30659\/revisions\/30755"}],"wp:featuredmedia":[{"embeddable":true,"href":"https:\/\/www.ador-dental.de\/it\/wp-json\/wp\/v2\/media\/30758"}],"wp:attachment":[{"href":"https:\/\/www.ador-dental.de\/it\/wp-json\/wp\/v2\/media?parent=30659"}],"wp:term":[{"taxonomy":"product_brand","embeddable":true,"href":"https:\/\/www.ador-dental.de\/it\/wp-json\/wp\/v2\/product_brand?post=30659"},{"taxonomy":"product_cat","embeddable":true,"href":"https:\/\/www.ador-dental.de\/it\/wp-json\/wp\/v2\/product_cat?post=30659"},{"taxonomy":"product_tag","embeddable":true,"href":"https:\/\/www.ador-dental.de\/it\/wp-json\/wp\/v2\/product_tag?post=30659"}],"curies":[{"name":"wp","href":"https:\/\/api.w.org\/{rel}","templated":true}]}}