{"id":30640,"date":"2025-12-09T13:01:08","date_gmt":"2025-12-09T12:01:08","guid":{"rendered":"https:\/\/www.ador-dental.de\/?post_type=product&#038;p=30640"},"modified":"2025-12-16T12:55:57","modified_gmt":"2025-12-16T11:55:57","slug":"led-lichthaertegeraet-prodex-53","status":"publish","type":"product","link":"https:\/\/www.ador-dental.de\/it\/prodotto\/led-lichthaertegeraet-prodex-53\/","title":{"rendered":"Apparecchio per polimerizzazione a LED PRODEX 53"},"content":{"rendered":"<p><strong>Apparecchio per polimerizzazione a LED PRODEX 53<\/strong><\/p>\n<p><span dir=\"auto\">Il P<\/span><span dir=\"auto\">RODEX 53 \u00e8 stato sviluppato per la post-cottura altamente efficiente di parti stampate in 3D e garantisce una resistenza meccanica ottimale e migliori propriet\u00e0 del materiale. Dotato di LED UV ad alta intensit\u00e0, assicura una polimerizzazione uniforme e costante, riducendo significativamente i tempi di polimerizzazione e migliorando la qualit\u00e0 e la durata della superficie.<\/span><\/p>\n<p><span dir=\"auto\"><strong>Migliore polimerizzazione grazie all'integrazione dell'azoto: <\/strong>L'aggiunta di azoto riduce al minimo l'inibizione dell'ossigeno, che pu\u00f2 compromettere il processo di polimerizzazione. Ne derivano stampe pi\u00f9 resistenti e durevoli, con una superficie pi\u00f9 liscia e una minore appiccicosit\u00e0, ideali per le applicazioni pi\u00f9 impegnative.<\/span><\/p>\n<p>Bei Zufuhr von reinem Stickstoff kann die Vorgasfunktion den Sauerstoffgehalt in der Kammer auf unter 1 % reduzieren.<\/p>\n<p><span dir=\"auto\"><strong>Integrierte Heizfunktion f\u00fcr optimale Harzleistung:<\/strong>\u00a0Das integrierte Heizsystem h\u00e4lt die Temperatur in der Kammer konstant und gew\u00e4hrleistet so die Aush\u00e4rtung des Harzes unter optimalen Bedingungen. Dies verbessert die Polymerisation, reduziert Aush\u00e4rtungsfehler und optimiert die mechanischen Eigenschaften der gedruckten Teile. Besonders vorteilhaft ist dies bei technischen und hochviskosen Harzen.<\/span><strong>\u00a0<\/strong><\/p>\n<p><span dir=\"auto\"><strong>Doppelte Lichtquelle: UV-Beleuchtung von oben und unten<\/strong><\/span>\u00a0<span dir=\"auto\">Das UV-Lichtsystem an Ober- und Unterseite gew\u00e4hrleistet eine 360-Grad-Belichtung, wodurch Schattenbereiche vermieden und eine gleichm\u00e4\u00dfige Aush\u00e4rtung aller Oberfl\u00e4chen erzielt wird. Diese Konstruktion optimiert die Aush\u00e4rtungseffizienz, insbesondere bei komplexen Geometrien, und stellt sicher, dass jeder Bereich des Drucks die notwendige UV-Belichtung erh\u00e4lt.<\/span><\/p>\n<p><strong><span dir=\"auto\">Anpassbare Benutzeroberfl\u00e4che &amp; Materialbibliothek: <\/span><\/strong><span dir=\"auto\">PRODEX 53 verf\u00fcgt \u00fcber eine intuitive Touchscreen-Oberfl\u00e4che, mit der Anwender Aush\u00e4rtungsprofile an spezifische Harzanforderungen anpassen k\u00f6nnen. Die M\u00f6glichkeit, eine personalisierte Materialbibliothek zu erstellen und zu speichern, gew\u00e4hrleistet konsistente Ergebnisse bei verschiedenen Materialien und verbessert so die Effizienz und Reproduzierbarkeit des Arbeitsablaufs.<\/span><\/p>\n<p><strong><span dir=\"auto\">Gro\u00dfe Kammer f\u00fcr flexible Nutzung: <\/span><\/strong><span dir=\"auto\">Der PRODEX 53 verf\u00fcgt \u00fcber eine ger\u00e4umige Kammer mit den Ma\u00dfen 140 x 140 x 76 cm, in der Sie mehr ungeh\u00e4rtete Objekte gleichzeitig einlegen k\u00f6nnen. Dieses Design verk\u00fcrzt nicht nur die Aush\u00e4rtungszeit, sondern optimiert auch den Arbeitsablauf erheblich und macht jeden Aush\u00e4rtungsprozess schneller und flexibler. Ob gr\u00f6\u00dfere oder mehrere Objekte \u2013 der PRODEX 53 meistert jede Aufgabe m\u00fchelos und bietet Ihnen mehr Komfort in Ihrem Arbeitsablauf.<\/span><\/p>\n<p>&nbsp;<\/p>\n<p><strong>Dati tecnici:<\/strong><\/p>\n<ul>\n<li>Tensione &gt;&gt; 100-240 Volt \/ 50-60 Hz<\/li>\n<li>Leistung &gt;&gt; 300 Watt<\/li>\n<li>Anzahl Hochleistungs LED\u00b4s &gt;&gt; oben: 25; unten: 25<\/li>\n<li>Wellenl\u00e4nge &gt;&gt; 355 \u2013 415 nm, 365nm, 385nm, 405nm<\/li>\n<li>Gr\u00f6\u00dfe (LxBxH) &gt;&gt; 200 x 335 x 260 mm<\/li>\n<li>Lichtkammer (LxBxH) &gt;&gt; 140 x 140 x 76 mm<\/li>\n<li>Gewicht &gt;&gt; 9,3kg<\/li>\n<\/ul>\n<p>&nbsp;<\/p>\n<a  data-e-disable-page-transition=\"true\" class=\"download-link\" title=\"\" href=\"https:\/\/www.ador-dental.de\/it\/download\/30652\/?tmstv=1778512076\" rel=\"nofollow\" id=\"download-link-30652\" data-redirect=\"false\" >\n\tProdex-53-Gebrauchsanweisung.pdf<\/a>","protected":false},"excerpt":{"rendered":"<p><span dir=\"auto\">Il P<\/span><span dir=\"auto\">RODEX 53 wurde f\u00fcr die hocheffiziente Nachh\u00e4rtung von 3D-gedruckten Teilen entwickelt und gew\u00e4hrleistet optimale mechanische Festigkeit sowie verbesserte Materialeigenschaften.<\/span><\/p>","protected":false},"featured_media":30641,"comment_status":"open","ping_status":"closed","template":"","meta":{"neve_meta_sidebar":"","neve_meta_container":"","neve_meta_enable_content_width":"off","neve_meta_content_width":70,"neve_meta_title_alignment":"","neve_meta_author_avatar":"","neve_post_elements_order":"","neve_meta_disable_header":"","neve_meta_disable_footer":"","neve_meta_disable_title":"","_themeisle_gutenberg_block_has_review":false},"product_brand":[],"product_cat":[212,378],"product_tag":[1259,1260,1159,1158,1156],"class_list":{"0":"post-30640","1":"product","2":"type-product","3":"status-publish","4":"has-post-thumbnail","6":"product_cat-adorprint","7":"product_cat-zusatzprodukte-3d-drucker-3d-druck","8":"product_tag-1259","9":"product_tag-dentmate","10":"product_tag-led","11":"product_tag-lichthaertegeraet","12":"product_tag-prodex","14":"first","15":"instock","16":"taxable","17":"shipping-taxable","18":"purchasable","19":"product-type-simple"},"yoast_head":"<!-- This site is optimized with the Yoast SEO plugin v27.5 - https:\/\/yoast.com\/product\/yoast-seo-wordpress\/ -->\n<title>LED-Lichth\u00e4rteger\u00e4t PRODEX 53 - Ador Dental GmbH<\/title>\n<meta name=\"description\" content=\"Das PRODEX 53 wurde f\u00fcr die hocheffiziente Nachh\u00e4rtung entwickelt und gew\u00e4hrleistet optimale mechanische Festigkeit sowie verbesserte Materialeigenschaften.\" \/>\n<meta name=\"robots\" content=\"index, follow, max-snippet:-1, max-image-preview:large, max-video-preview:-1\" \/>\n<link rel=\"canonical\" href=\"https:\/\/www.ador-dental.de\/it\/prodotto\/led-lichthaertegeraet-prodex-53\/\" \/>\n<meta property=\"og:locale\" content=\"it_IT\" \/>\n<meta property=\"og:type\" content=\"article\" \/>\n<meta property=\"og:title\" content=\"LED-Lichth\u00e4rteger\u00e4t PRODEX 53 - Ador Dental GmbH\" \/>\n<meta property=\"og:description\" content=\"Das PRODEX 53 wurde f\u00fcr die hocheffiziente Nachh\u00e4rtung entwickelt und gew\u00e4hrleistet optimale mechanische Festigkeit sowie verbesserte Materialeigenschaften.\" \/>\n<meta property=\"og:url\" content=\"https:\/\/www.ador-dental.de\/it\/prodotto\/led-lichthaertegeraet-prodex-53\/\" \/>\n<meta property=\"og:site_name\" content=\"Ador Dental GmbH\" \/>\n<meta property=\"article:modified_time\" content=\"2025-12-16T11:55:57+00:00\" \/>\n<meta property=\"og:image\" content=\"https:\/\/www.ador-dental.de\/wp-content\/uploads\/2025\/12\/P53_2-scaled.png\" \/>\n\t<meta property=\"og:image:width\" content=\"1749\" \/>\n\t<meta property=\"og:image:height\" content=\"2560\" \/>\n\t<meta property=\"og:image:type\" content=\"image\/png\" \/>\n<meta name=\"twitter:card\" content=\"summary_large_image\" \/>\n<meta name=\"twitter:label1\" content=\"Tempo di lettura stimato\" \/>\n\t<meta name=\"twitter:data1\" content=\"2 minuti\" \/>\n<script type=\"application\/ld+json\" class=\"yoast-schema-graph\">{\"@context\":\"https:\\\/\\\/schema.org\",\"@graph\":[{\"@type\":\"WebPage\",\"@id\":\"https:\\\/\\\/www.ador-dental.de\\\/produkt\\\/led-lichthaertegeraet-prodex-53\\\/\",\"url\":\"https:\\\/\\\/www.ador-dental.de\\\/produkt\\\/led-lichthaertegeraet-prodex-53\\\/\",\"name\":\"LED-Lichth\u00e4rteger\u00e4t PRODEX 53 - Ador Dental GmbH\",\"isPartOf\":{\"@id\":\"https:\\\/\\\/www.ador-dental.de\\\/en\\\/#website\"},\"primaryImageOfPage\":{\"@id\":\"https:\\\/\\\/www.ador-dental.de\\\/produkt\\\/led-lichthaertegeraet-prodex-53\\\/#primaryimage\"},\"image\":{\"@id\":\"https:\\\/\\\/www.ador-dental.de\\\/produkt\\\/led-lichthaertegeraet-prodex-53\\\/#primaryimage\"},\"thumbnailUrl\":\"https:\\\/\\\/www.ador-dental.de\\\/wp-content\\\/uploads\\\/2025\\\/12\\\/P53_2-scaled.png\",\"datePublished\":\"2025-12-09T12:01:08+00:00\",\"dateModified\":\"2025-12-16T11:55:57+00:00\",\"description\":\"Das PRODEX 53 wurde f\u00fcr die hocheffiziente Nachh\u00e4rtung entwickelt und gew\u00e4hrleistet optimale mechanische Festigkeit sowie verbesserte Materialeigenschaften.\",\"breadcrumb\":{\"@id\":\"https:\\\/\\\/www.ador-dental.de\\\/produkt\\\/led-lichthaertegeraet-prodex-53\\\/#breadcrumb\"},\"inLanguage\":\"it-IT\",\"potentialAction\":[{\"@type\":\"ReadAction\",\"target\":[\"https:\\\/\\\/www.ador-dental.de\\\/produkt\\\/led-lichthaertegeraet-prodex-53\\\/\"]}]},{\"@type\":\"ImageObject\",\"inLanguage\":\"it-IT\",\"@id\":\"https:\\\/\\\/www.ador-dental.de\\\/produkt\\\/led-lichthaertegeraet-prodex-53\\\/#primaryimage\",\"url\":\"https:\\\/\\\/www.ador-dental.de\\\/wp-content\\\/uploads\\\/2025\\\/12\\\/P53_2-scaled.png\",\"contentUrl\":\"https:\\\/\\\/www.ador-dental.de\\\/wp-content\\\/uploads\\\/2025\\\/12\\\/P53_2-scaled.png\",\"width\":1749,\"height\":2560},{\"@type\":\"BreadcrumbList\",\"@id\":\"https:\\\/\\\/www.ador-dental.de\\\/produkt\\\/led-lichthaertegeraet-prodex-53\\\/#breadcrumb\",\"itemListElement\":[{\"@type\":\"ListItem\",\"position\":1,\"name\":\"Startseite\",\"item\":\"https:\\\/\\\/www.ador-dental.de\\\/\"},{\"@type\":\"ListItem\",\"position\":2,\"name\":\"Shop\",\"item\":\"https:\\\/\\\/www.ador-dental.de\\\/en\\\/shop\\\/\"},{\"@type\":\"ListItem\",\"position\":3,\"name\":\"LED-Lichth\u00e4rteger\u00e4t PRODEX 53\"}]},{\"@type\":\"WebSite\",\"@id\":\"https:\\\/\\\/www.ador-dental.de\\\/en\\\/#website\",\"url\":\"https:\\\/\\\/www.ador-dental.de\\\/en\\\/\",\"name\":\"Ador Dental GmbH\",\"description\":\"\",\"publisher\":{\"@id\":\"https:\\\/\\\/www.ador-dental.de\\\/en\\\/#organization\"},\"potentialAction\":[{\"@type\":\"SearchAction\",\"target\":{\"@type\":\"EntryPoint\",\"urlTemplate\":\"https:\\\/\\\/www.ador-dental.de\\\/en\\\/?s={search_term_string}\"},\"query-input\":{\"@type\":\"PropertyValueSpecification\",\"valueRequired\":true,\"valueName\":\"search_term_string\"}}],\"inLanguage\":\"it-IT\"},{\"@type\":\"Organization\",\"@id\":\"https:\\\/\\\/www.ador-dental.de\\\/en\\\/#organization\",\"name\":\"Ador Dental GmbH\",\"url\":\"https:\\\/\\\/www.ador-dental.de\\\/en\\\/\",\"logo\":{\"@type\":\"ImageObject\",\"inLanguage\":\"it-IT\",\"@id\":\"https:\\\/\\\/www.ador-dental.de\\\/en\\\/#\\\/schema\\\/logo\\\/image\\\/\",\"url\":\"https:\\\/\\\/www.ador-dental.de\\\/wp-content\\\/uploads\\\/2021\\\/10\\\/ADOR_Logo_DentalSolutions_2020_Black.svg\",\"contentUrl\":\"https:\\\/\\\/www.ador-dental.de\\\/wp-content\\\/uploads\\\/2021\\\/10\\\/ADOR_Logo_DentalSolutions_2020_Black.svg\",\"width\":678,\"height\":261,\"caption\":\"Ador Dental GmbH\"},\"image\":{\"@id\":\"https:\\\/\\\/www.ador-dental.de\\\/en\\\/#\\\/schema\\\/logo\\\/image\\\/\"}}]}<\/script>\n<!-- \/ Yoast SEO plugin. -->","yoast_head_json":{"title":"LED-Lichth\u00e4rteger\u00e4t PRODEX 53 - Ador Dental GmbH","description":"Das PRODEX 53 wurde f\u00fcr die hocheffiziente Nachh\u00e4rtung entwickelt und gew\u00e4hrleistet optimale mechanische Festigkeit sowie verbesserte Materialeigenschaften.","robots":{"index":"index","follow":"follow","max-snippet":"max-snippet:-1","max-image-preview":"max-image-preview:large","max-video-preview":"max-video-preview:-1"},"canonical":"https:\/\/www.ador-dental.de\/it\/prodotto\/led-lichthaertegeraet-prodex-53\/","og_locale":"it_IT","og_type":"article","og_title":"LED-Lichth\u00e4rteger\u00e4t PRODEX 53 - Ador Dental GmbH","og_description":"Das PRODEX 53 wurde f\u00fcr die hocheffiziente Nachh\u00e4rtung entwickelt und gew\u00e4hrleistet optimale mechanische Festigkeit sowie verbesserte Materialeigenschaften.","og_url":"https:\/\/www.ador-dental.de\/it\/prodotto\/led-lichthaertegeraet-prodex-53\/","og_site_name":"Ador Dental GmbH","article_modified_time":"2025-12-16T11:55:57+00:00","og_image":[{"width":1749,"height":2560,"url":"https:\/\/www.ador-dental.de\/wp-content\/uploads\/2025\/12\/P53_2-scaled.png","type":"image\/png"}],"twitter_card":"summary_large_image","twitter_misc":{"Tempo di lettura stimato":"2 minuti"},"schema":{"@context":"https:\/\/schema.org","@graph":[{"@type":"WebPage","@id":"https:\/\/www.ador-dental.de\/produkt\/led-lichthaertegeraet-prodex-53\/","url":"https:\/\/www.ador-dental.de\/produkt\/led-lichthaertegeraet-prodex-53\/","name":"LED-Lichth\u00e4rteger\u00e4t PRODEX 53 - Ador Dental GmbH","isPartOf":{"@id":"https:\/\/www.ador-dental.de\/en\/#website"},"primaryImageOfPage":{"@id":"https:\/\/www.ador-dental.de\/produkt\/led-lichthaertegeraet-prodex-53\/#primaryimage"},"image":{"@id":"https:\/\/www.ador-dental.de\/produkt\/led-lichthaertegeraet-prodex-53\/#primaryimage"},"thumbnailUrl":"https:\/\/www.ador-dental.de\/wp-content\/uploads\/2025\/12\/P53_2-scaled.png","datePublished":"2025-12-09T12:01:08+00:00","dateModified":"2025-12-16T11:55:57+00:00","description":"Das PRODEX 53 wurde f\u00fcr die hocheffiziente Nachh\u00e4rtung entwickelt und gew\u00e4hrleistet optimale mechanische Festigkeit sowie verbesserte Materialeigenschaften.","breadcrumb":{"@id":"https:\/\/www.ador-dental.de\/produkt\/led-lichthaertegeraet-prodex-53\/#breadcrumb"},"inLanguage":"it-IT","potentialAction":[{"@type":"ReadAction","target":["https:\/\/www.ador-dental.de\/produkt\/led-lichthaertegeraet-prodex-53\/"]}]},{"@type":"ImageObject","inLanguage":"it-IT","@id":"https:\/\/www.ador-dental.de\/produkt\/led-lichthaertegeraet-prodex-53\/#primaryimage","url":"https:\/\/www.ador-dental.de\/wp-content\/uploads\/2025\/12\/P53_2-scaled.png","contentUrl":"https:\/\/www.ador-dental.de\/wp-content\/uploads\/2025\/12\/P53_2-scaled.png","width":1749,"height":2560},{"@type":"BreadcrumbList","@id":"https:\/\/www.ador-dental.de\/produkt\/led-lichthaertegeraet-prodex-53\/#breadcrumb","itemListElement":[{"@type":"ListItem","position":1,"name":"Startseite","item":"https:\/\/www.ador-dental.de\/"},{"@type":"ListItem","position":2,"name":"Shop","item":"https:\/\/www.ador-dental.de\/en\/shop\/"},{"@type":"ListItem","position":3,"name":"LED-Lichth\u00e4rteger\u00e4t PRODEX 53"}]},{"@type":"WebSite","@id":"https:\/\/www.ador-dental.de\/en\/#website","url":"https:\/\/www.ador-dental.de\/en\/","name":"Ador Dental GmbH","description":"","publisher":{"@id":"https:\/\/www.ador-dental.de\/en\/#organization"},"potentialAction":[{"@type":"SearchAction","target":{"@type":"EntryPoint","urlTemplate":"https:\/\/www.ador-dental.de\/en\/?s={search_term_string}"},"query-input":{"@type":"PropertyValueSpecification","valueRequired":true,"valueName":"search_term_string"}}],"inLanguage":"it-IT"},{"@type":"Organization","@id":"https:\/\/www.ador-dental.de\/en\/#organization","name":"Ador Dental GmbH","url":"https:\/\/www.ador-dental.de\/en\/","logo":{"@type":"ImageObject","inLanguage":"it-IT","@id":"https:\/\/www.ador-dental.de\/en\/#\/schema\/logo\/image\/","url":"https:\/\/www.ador-dental.de\/wp-content\/uploads\/2021\/10\/ADOR_Logo_DentalSolutions_2020_Black.svg","contentUrl":"https:\/\/www.ador-dental.de\/wp-content\/uploads\/2021\/10\/ADOR_Logo_DentalSolutions_2020_Black.svg","width":678,"height":261,"caption":"Ador Dental GmbH"},"image":{"@id":"https:\/\/www.ador-dental.de\/en\/#\/schema\/logo\/image\/"}}]}},"_links":{"self":[{"href":"https:\/\/www.ador-dental.de\/it\/wp-json\/wp\/v2\/product\/30640","targetHints":{"allow":["GET"]}}],"collection":[{"href":"https:\/\/www.ador-dental.de\/it\/wp-json\/wp\/v2\/product"}],"about":[{"href":"https:\/\/www.ador-dental.de\/it\/wp-json\/wp\/v2\/types\/product"}],"replies":[{"embeddable":true,"href":"https:\/\/www.ador-dental.de\/it\/wp-json\/wp\/v2\/comments?post=30640"}],"version-history":[{"count":5,"href":"https:\/\/www.ador-dental.de\/it\/wp-json\/wp\/v2\/product\/30640\/revisions"}],"predecessor-version":[{"id":30654,"href":"https:\/\/www.ador-dental.de\/it\/wp-json\/wp\/v2\/product\/30640\/revisions\/30654"}],"wp:featuredmedia":[{"embeddable":true,"href":"https:\/\/www.ador-dental.de\/it\/wp-json\/wp\/v2\/media\/30641"}],"wp:attachment":[{"href":"https:\/\/www.ador-dental.de\/it\/wp-json\/wp\/v2\/media?parent=30640"}],"wp:term":[{"taxonomy":"product_brand","embeddable":true,"href":"https:\/\/www.ador-dental.de\/it\/wp-json\/wp\/v2\/product_brand?post=30640"},{"taxonomy":"product_cat","embeddable":true,"href":"https:\/\/www.ador-dental.de\/it\/wp-json\/wp\/v2\/product_cat?post=30640"},{"taxonomy":"product_tag","embeddable":true,"href":"https:\/\/www.ador-dental.de\/it\/wp-json\/wp\/v2\/product_tag?post=30640"}],"curies":[{"name":"wp","href":"https:\/\/api.w.org\/{rel}","templated":true}]}}