{"id":30254,"date":"2025-09-15T16:39:20","date_gmt":"2025-09-15T14:39:20","guid":{"rendered":"https:\/\/www.ador-dental.de\/?post_type=product&#038;p=30254"},"modified":"2025-09-18T10:21:33","modified_gmt":"2025-09-18T08:21:33","slug":"glueh-und-haertefolie-2","status":"publish","type":"product","link":"https:\/\/www.ador-dental.de\/it\/prodotto\/glueh-und-haertefolie-2\/","title":{"rendered":"Film di ricottura e indurimento"},"content":{"rendered":"<h3><strong>Pellicola polimerizzante in rotolo per trattamenti termici professionali<\/strong><\/h3>\n<p>Il film di tempra in rotolo con dimensioni di 7500 \u00d7 610 \u00d7 0,051 mm offre una protezione affidabile durante i processi termici come la tempra sotto vuoto, la ricottura o la cementazione. Previene efficacemente l'ossidazione e la formazione di incrostazioni, anche a temperature elevate e in condizioni di processo difficili.<\/p>\n<h3><strong>Applicazione flessibile - ideale per l'industria e la produzione<\/strong><\/h3>\n<p>Grazie alla forma in rotolo, il film indurente pu\u00f2 essere tagliato a misura e lavorato in modo efficiente. Sia nella produzione in serie che per singoli pezzi: Questo film di tempra consente di ottenere risultati puliti e privi di rilavorazioni.<\/p>\n<p>Se desiderate acquistare un film indurente di alta qualit\u00e0 in rotolo, sviluppato per precisi processi di trattamento termico, questo prodotto \u00e8 la scelta ideale per le applicazioni industriali.<\/p>","protected":false},"excerpt":{"rendered":"<h4 class=\"product_title entry-title elementor-heading-title elementor-size-default\"><\/h4>\n<p>&nbsp;<\/p>\n<p>Il film di tempra di 7500 \u00d7 610 \u00d7 0,051 mm offre una protezione affidabile durante i processi termici come la tempra sotto vuoto, la ricottura o la cementazione. Previene efficacemente l'ossidazione e la formazione di incrostazioni, anche a temperature elevate e in condizioni di processo difficili.<\/p>\n<p>&nbsp;<\/p>\n<p>&nbsp;<\/p>\n<p>&nbsp;<\/p>","protected":false},"featured_media":30261,"comment_status":"open","ping_status":"closed","template":"","meta":{"neve_meta_sidebar":"","neve_meta_container":"","neve_meta_enable_content_width":"off","neve_meta_content_width":70,"neve_meta_title_alignment":"","neve_meta_author_avatar":"","neve_post_elements_order":"","neve_meta_disable_header":"","neve_meta_disable_footer":"","neve_meta_disable_title":"","_themeisle_gutenberg_block_has_review":false},"product_brand":[],"product_cat":[718,1250],"product_tag":[1229,1182],"class_list":{"0":"post-30254","1":"product","2":"type-product","3":"status-publish","4":"has-post-thumbnail","6":"product_cat-ador-melting","7":"product_cat-slm-zubehoer","8":"product_tag-folie","9":"product_tag-zubehoer","11":"first","12":"instock","13":"taxable","14":"shipping-taxable","15":"purchasable","16":"product-type-simple"},"yoast_head":"<!-- This site is optimized with the Yoast SEO plugin v27.5 - https:\/\/yoast.com\/product\/yoast-seo-wordpress\/ -->\n<title>Gl\u00fch - und H\u00e4rtefolie - Ador Dental GmbH<\/title>\n<meta name=\"description\" content=\"Gl\u00fch- und H\u00e4rtefolie\" \/>\n<meta name=\"robots\" content=\"index, follow, max-snippet:-1, max-image-preview:large, max-video-preview:-1\" \/>\n<link rel=\"canonical\" href=\"https:\/\/www.ador-dental.de\/it\/prodotto\/glueh-und-haertefolie-2\/\" \/>\n<meta property=\"og:locale\" content=\"it_IT\" \/>\n<meta property=\"og:type\" content=\"article\" \/>\n<meta property=\"og:title\" content=\"Gl\u00fch - und H\u00e4rtefolie - Ador Dental GmbH\" \/>\n<meta property=\"og:description\" content=\"Gl\u00fch- und H\u00e4rtefolie\" \/>\n<meta property=\"og:url\" content=\"https:\/\/www.ador-dental.de\/it\/prodotto\/glueh-und-haertefolie-2\/\" \/>\n<meta property=\"og:site_name\" content=\"Ador Dental GmbH\" \/>\n<meta property=\"article:modified_time\" content=\"2025-09-18T08:21:33+00:00\" \/>\n<meta property=\"og:image\" content=\"https:\/\/www.ador-dental.de\/wp-content\/uploads\/2025\/09\/8520615_1-600x391-1.webp\" \/>\n\t<meta property=\"og:image:width\" content=\"600\" \/>\n\t<meta property=\"og:image:height\" content=\"391\" \/>\n\t<meta property=\"og:image:type\" content=\"image\/webp\" \/>\n<meta name=\"twitter:card\" content=\"summary_large_image\" \/>\n<script type=\"application\/ld+json\" class=\"yoast-schema-graph\">{\"@context\":\"https:\\\/\\\/schema.org\",\"@graph\":[{\"@type\":\"WebPage\",\"@id\":\"https:\\\/\\\/www.ador-dental.de\\\/produkt\\\/glueh-und-haertefolie-2\\\/\",\"url\":\"https:\\\/\\\/www.ador-dental.de\\\/produkt\\\/glueh-und-haertefolie-2\\\/\",\"name\":\"Gl\u00fch - und H\u00e4rtefolie - Ador Dental GmbH\",\"isPartOf\":{\"@id\":\"https:\\\/\\\/www.ador-dental.de\\\/en\\\/#website\"},\"primaryImageOfPage\":{\"@id\":\"https:\\\/\\\/www.ador-dental.de\\\/produkt\\\/glueh-und-haertefolie-2\\\/#primaryimage\"},\"image\":{\"@id\":\"https:\\\/\\\/www.ador-dental.de\\\/produkt\\\/glueh-und-haertefolie-2\\\/#primaryimage\"},\"thumbnailUrl\":\"https:\\\/\\\/www.ador-dental.de\\\/wp-content\\\/uploads\\\/2025\\\/09\\\/8520615_1-600x391-1.webp\",\"datePublished\":\"2025-09-15T14:39:20+00:00\",\"dateModified\":\"2025-09-18T08:21:33+00:00\",\"description\":\"Gl\u00fch- und H\u00e4rtefolie\",\"breadcrumb\":{\"@id\":\"https:\\\/\\\/www.ador-dental.de\\\/produkt\\\/glueh-und-haertefolie-2\\\/#breadcrumb\"},\"inLanguage\":\"it-IT\",\"potentialAction\":[{\"@type\":\"ReadAction\",\"target\":[\"https:\\\/\\\/www.ador-dental.de\\\/produkt\\\/glueh-und-haertefolie-2\\\/\"]}]},{\"@type\":\"ImageObject\",\"inLanguage\":\"it-IT\",\"@id\":\"https:\\\/\\\/www.ador-dental.de\\\/produkt\\\/glueh-und-haertefolie-2\\\/#primaryimage\",\"url\":\"https:\\\/\\\/www.ador-dental.de\\\/wp-content\\\/uploads\\\/2025\\\/09\\\/8520615_1-600x391-1.webp\",\"contentUrl\":\"https:\\\/\\\/www.ador-dental.de\\\/wp-content\\\/uploads\\\/2025\\\/09\\\/8520615_1-600x391-1.webp\",\"width\":600,\"height\":391},{\"@type\":\"BreadcrumbList\",\"@id\":\"https:\\\/\\\/www.ador-dental.de\\\/produkt\\\/glueh-und-haertefolie-2\\\/#breadcrumb\",\"itemListElement\":[{\"@type\":\"ListItem\",\"position\":1,\"name\":\"Startseite\",\"item\":\"https:\\\/\\\/www.ador-dental.de\\\/\"},{\"@type\":\"ListItem\",\"position\":2,\"name\":\"Shop\",\"item\":\"https:\\\/\\\/www.ador-dental.de\\\/en\\\/shop\\\/\"},{\"@type\":\"ListItem\",\"position\":3,\"name\":\"Gl\u00fch &#8211; und H\u00e4rtefolie\"}]},{\"@type\":\"WebSite\",\"@id\":\"https:\\\/\\\/www.ador-dental.de\\\/en\\\/#website\",\"url\":\"https:\\\/\\\/www.ador-dental.de\\\/en\\\/\",\"name\":\"Ador Dental GmbH\",\"description\":\"\",\"publisher\":{\"@id\":\"https:\\\/\\\/www.ador-dental.de\\\/en\\\/#organization\"},\"potentialAction\":[{\"@type\":\"SearchAction\",\"target\":{\"@type\":\"EntryPoint\",\"urlTemplate\":\"https:\\\/\\\/www.ador-dental.de\\\/en\\\/?s={search_term_string}\"},\"query-input\":{\"@type\":\"PropertyValueSpecification\",\"valueRequired\":true,\"valueName\":\"search_term_string\"}}],\"inLanguage\":\"it-IT\"},{\"@type\":\"Organization\",\"@id\":\"https:\\\/\\\/www.ador-dental.de\\\/en\\\/#organization\",\"name\":\"Ador Dental GmbH\",\"url\":\"https:\\\/\\\/www.ador-dental.de\\\/en\\\/\",\"logo\":{\"@type\":\"ImageObject\",\"inLanguage\":\"it-IT\",\"@id\":\"https:\\\/\\\/www.ador-dental.de\\\/en\\\/#\\\/schema\\\/logo\\\/image\\\/\",\"url\":\"https:\\\/\\\/www.ador-dental.de\\\/wp-content\\\/uploads\\\/2021\\\/10\\\/ADOR_Logo_DentalSolutions_2020_Black.svg\",\"contentUrl\":\"https:\\\/\\\/www.ador-dental.de\\\/wp-content\\\/uploads\\\/2021\\\/10\\\/ADOR_Logo_DentalSolutions_2020_Black.svg\",\"width\":678,\"height\":261,\"caption\":\"Ador Dental GmbH\"},\"image\":{\"@id\":\"https:\\\/\\\/www.ador-dental.de\\\/en\\\/#\\\/schema\\\/logo\\\/image\\\/\"}}]}<\/script>\n<!-- \/ Yoast SEO plugin. -->","yoast_head_json":{"title":"Gl\u00fch - und H\u00e4rtefolie - Ador Dental GmbH","description":"Gl\u00fch- und H\u00e4rtefolie","robots":{"index":"index","follow":"follow","max-snippet":"max-snippet:-1","max-image-preview":"max-image-preview:large","max-video-preview":"max-video-preview:-1"},"canonical":"https:\/\/www.ador-dental.de\/it\/prodotto\/glueh-und-haertefolie-2\/","og_locale":"it_IT","og_type":"article","og_title":"Gl\u00fch - und H\u00e4rtefolie - Ador Dental GmbH","og_description":"Gl\u00fch- und H\u00e4rtefolie","og_url":"https:\/\/www.ador-dental.de\/it\/prodotto\/glueh-und-haertefolie-2\/","og_site_name":"Ador Dental GmbH","article_modified_time":"2025-09-18T08:21:33+00:00","og_image":[{"width":600,"height":391,"url":"https:\/\/www.ador-dental.de\/wp-content\/uploads\/2025\/09\/8520615_1-600x391-1.webp","type":"image\/webp"}],"twitter_card":"summary_large_image","schema":{"@context":"https:\/\/schema.org","@graph":[{"@type":"WebPage","@id":"https:\/\/www.ador-dental.de\/produkt\/glueh-und-haertefolie-2\/","url":"https:\/\/www.ador-dental.de\/produkt\/glueh-und-haertefolie-2\/","name":"Gl\u00fch - und H\u00e4rtefolie - Ador Dental GmbH","isPartOf":{"@id":"https:\/\/www.ador-dental.de\/en\/#website"},"primaryImageOfPage":{"@id":"https:\/\/www.ador-dental.de\/produkt\/glueh-und-haertefolie-2\/#primaryimage"},"image":{"@id":"https:\/\/www.ador-dental.de\/produkt\/glueh-und-haertefolie-2\/#primaryimage"},"thumbnailUrl":"https:\/\/www.ador-dental.de\/wp-content\/uploads\/2025\/09\/8520615_1-600x391-1.webp","datePublished":"2025-09-15T14:39:20+00:00","dateModified":"2025-09-18T08:21:33+00:00","description":"Gl\u00fch- und H\u00e4rtefolie","breadcrumb":{"@id":"https:\/\/www.ador-dental.de\/produkt\/glueh-und-haertefolie-2\/#breadcrumb"},"inLanguage":"it-IT","potentialAction":[{"@type":"ReadAction","target":["https:\/\/www.ador-dental.de\/produkt\/glueh-und-haertefolie-2\/"]}]},{"@type":"ImageObject","inLanguage":"it-IT","@id":"https:\/\/www.ador-dental.de\/produkt\/glueh-und-haertefolie-2\/#primaryimage","url":"https:\/\/www.ador-dental.de\/wp-content\/uploads\/2025\/09\/8520615_1-600x391-1.webp","contentUrl":"https:\/\/www.ador-dental.de\/wp-content\/uploads\/2025\/09\/8520615_1-600x391-1.webp","width":600,"height":391},{"@type":"BreadcrumbList","@id":"https:\/\/www.ador-dental.de\/produkt\/glueh-und-haertefolie-2\/#breadcrumb","itemListElement":[{"@type":"ListItem","position":1,"name":"Startseite","item":"https:\/\/www.ador-dental.de\/"},{"@type":"ListItem","position":2,"name":"Shop","item":"https:\/\/www.ador-dental.de\/en\/shop\/"},{"@type":"ListItem","position":3,"name":"Gl\u00fch &#8211; und H\u00e4rtefolie"}]},{"@type":"WebSite","@id":"https:\/\/www.ador-dental.de\/en\/#website","url":"https:\/\/www.ador-dental.de\/en\/","name":"Ador Dental GmbH","description":"","publisher":{"@id":"https:\/\/www.ador-dental.de\/en\/#organization"},"potentialAction":[{"@type":"SearchAction","target":{"@type":"EntryPoint","urlTemplate":"https:\/\/www.ador-dental.de\/en\/?s={search_term_string}"},"query-input":{"@type":"PropertyValueSpecification","valueRequired":true,"valueName":"search_term_string"}}],"inLanguage":"it-IT"},{"@type":"Organization","@id":"https:\/\/www.ador-dental.de\/en\/#organization","name":"Ador Dental GmbH","url":"https:\/\/www.ador-dental.de\/en\/","logo":{"@type":"ImageObject","inLanguage":"it-IT","@id":"https:\/\/www.ador-dental.de\/en\/#\/schema\/logo\/image\/","url":"https:\/\/www.ador-dental.de\/wp-content\/uploads\/2021\/10\/ADOR_Logo_DentalSolutions_2020_Black.svg","contentUrl":"https:\/\/www.ador-dental.de\/wp-content\/uploads\/2021\/10\/ADOR_Logo_DentalSolutions_2020_Black.svg","width":678,"height":261,"caption":"Ador Dental GmbH"},"image":{"@id":"https:\/\/www.ador-dental.de\/en\/#\/schema\/logo\/image\/"}}]}},"_links":{"self":[{"href":"https:\/\/www.ador-dental.de\/it\/wp-json\/wp\/v2\/product\/30254","targetHints":{"allow":["GET"]}}],"collection":[{"href":"https:\/\/www.ador-dental.de\/it\/wp-json\/wp\/v2\/product"}],"about":[{"href":"https:\/\/www.ador-dental.de\/it\/wp-json\/wp\/v2\/types\/product"}],"replies":[{"embeddable":true,"href":"https:\/\/www.ador-dental.de\/it\/wp-json\/wp\/v2\/comments?post=30254"}],"version-history":[{"count":18,"href":"https:\/\/www.ador-dental.de\/it\/wp-json\/wp\/v2\/product\/30254\/revisions"}],"predecessor-version":[{"id":30264,"href":"https:\/\/www.ador-dental.de\/it\/wp-json\/wp\/v2\/product\/30254\/revisions\/30264"}],"wp:featuredmedia":[{"embeddable":true,"href":"https:\/\/www.ador-dental.de\/it\/wp-json\/wp\/v2\/media\/30261"}],"wp:attachment":[{"href":"https:\/\/www.ador-dental.de\/it\/wp-json\/wp\/v2\/media?parent=30254"}],"wp:term":[{"taxonomy":"product_brand","embeddable":true,"href":"https:\/\/www.ador-dental.de\/it\/wp-json\/wp\/v2\/product_brand?post=30254"},{"taxonomy":"product_cat","embeddable":true,"href":"https:\/\/www.ador-dental.de\/it\/wp-json\/wp\/v2\/product_cat?post=30254"},{"taxonomy":"product_tag","embeddable":true,"href":"https:\/\/www.ador-dental.de\/it\/wp-json\/wp\/v2\/product_tag?post=30254"}],"curies":[{"name":"wp","href":"https:\/\/api.w.org\/{rel}","templated":true}]}}