{"id":29657,"date":"2025-05-19T14:01:09","date_gmt":"2025-05-19T12:01:09","guid":{"rendered":"https:\/\/www.ador-dental.de\/?post_type=product&#038;p=29657"},"modified":"2026-02-18T14:53:18","modified_gmt":"2026-02-18T13:53:18","slug":"dwx-52di-plus","status":"publish","type":"product","link":"https:\/\/www.ador-dental.de\/it\/prodotto\/dwx-52di-plus\/","title":{"rendered":"DWX-52DI Plus"},"content":{"rendered":"<div class=\"elementor-element elementor-element-3aca3d4 elementor-widget elementor-widget-heading\" data-id=\"3aca3d4\" data-element_type=\"widget\" data-widget_type=\"heading.default\">\n<div class=\"elementor-widget-container\">\n<p style=\"font-weight: 400;\"><a href=\"https:\/\/www.ador-dental.de\/wp-content\/uploads\/2025\/05\/DWX_52DiPlus_cataloge_DE_13-02-25_WEB.pdf\">Catalogo prodotti<\/a><\/p>\n<p>La tecnologia di fresatura a 5 assi del DWX-52Di Plus \u00e8 conveniente senza compromettere la qualit\u00e0. Offre una soluzione precisa ed efficiente per la realizzazione di restauri dentali, consentendo agli utenti di produrre un'ampia gamma di restauri come corone, cappette, ponti, inlay, onlay, faccette, abutment, barre implantari e corone avvitate.<\/p>\n<p style=\"font-weight: 400;\">Il mandrino e la pinza a C, sostituibili dall'utente e migliorati, sono inoltre compatibili con i materiali dei dischi e dei perni, aumentando l'efficienza e la versatilit\u00e0 della macchina.<\/p>\n<\/div>\n<table style=\"font-weight: 400;\" width=\"669\">\n<tbody>\n<tr>\n<td width=\"165\">Materiale lavorabile*1<\/td>\n<td colspan=\"2\" width=\"504\">Zirconio, cera, PMMA, resina composita, PEEK, PEKK, gesso, resina rinforzata con fibra di vetro, metallo sinterizzato CoCr, policarbonato<\/td>\n<\/tr>\n<tr>\n<td rowspan=\"4\" width=\"165\">Forma del pezzo caricabile<\/td>\n<td rowspan=\"2\" width=\"116\">Tipo di disco<\/td>\n<td width=\"388\">Passo: 98,5 mm (diametro), altezza 10 mm (0,39 pollici).<\/td>\n<\/tr>\n<tr>\n<td width=\"388\">Parte del corpo: 95 mm (diametro), altezza massima 60 mm (2,36\").<\/td>\n<\/tr>\n<tr>\n<td rowspan=\"2\" width=\"116\">Tipo di penna<\/td>\n<td width=\"388\">Diametro del perno: 6 mm (0,24 pollici)<\/td>\n<\/tr>\n<tr>\n<td width=\"388\">*\u00c8 necessario l'adattatore opzionale ZV-52D.<\/td>\n<\/tr>\n<tr>\n<td width=\"165\">Velocit\u00e0 di funzionamento<\/td>\n<td colspan=\"2\" width=\"504\">XYZ: da 6 a 1800 mm\/min (da 0,24 a 70,9 pollici\/min.)<\/td>\n<\/tr>\n<tr>\n<td width=\"165\">Motore del mandrino<\/td>\n<td colspan=\"2\" width=\"504\">Motore DC senza spazzole<\/td>\n<\/tr>\n<tr>\n<td width=\"165\">Velocit\u00e0 del mandrino<\/td>\n<td colspan=\"2\" width=\"504\">Da 6.000 a 30.000 giri\/min.<\/td>\n<\/tr>\n<tr>\n<td width=\"165\">Angolo di movimento dell'asse di rotazione<\/td>\n<td colspan=\"2\" width=\"504\">A: \u00b1360\u00b0, B: \u00b130\u00b0<\/td>\n<\/tr>\n<tr>\n<td width=\"165\">Numero di frese integrate<\/td>\n<td colspan=\"2\" width=\"504\">15<\/td>\n<\/tr>\n<tr>\n<td width=\"165\">Fresa applicabile<\/td>\n<td colspan=\"2\" width=\"504\">Diametro del gambo: 4 mm (0,16 pollici), lunghezza: da 40 a 55 mm (da 1,57 a 2,17 pollici).<\/td>\n<\/tr>\n<tr>\n<td width=\"165\">Aria compressa compatibile<\/td>\n<td colspan=\"2\" width=\"504\">Da 0,0,2 a 0,2 MPa<\/td>\n<\/tr>\n<tr>\n<td width=\"165\">Interfaccia<\/td>\n<td colspan=\"2\" width=\"504\">USB<\/td>\n<\/tr>\n<tr>\n<td width=\"165\">Set di comandi di controllo<\/td>\n<td colspan=\"2\" width=\"504\">RML-1, codice NC<\/td>\n<\/tr>\n<tr>\n<td width=\"165\">Fornitura di energia<\/td>\n<td colspan=\"2\" width=\"504\">Da 100 a 240 VCA \u00b1 10 %, 50\/60 Hz (categoria di sovratensione II, IEC 60664-1), 2,0 A<\/td>\n<\/tr>\n<tr>\n<td width=\"165\">Consumo di energia<\/td>\n<td colspan=\"2\" width=\"504\">Circa 200 W<\/td>\n<\/tr>\n<tr>\n<td rowspan=\"2\" width=\"165\">Rumore di funzionamento<\/td>\n<td colspan=\"2\" width=\"504\">Durante il funzionamento: 70 dB (A) o meno (se non tagliato)<\/td>\n<\/tr>\n<tr>\n<td colspan=\"2\" width=\"504\">In modalit\u00e0 standby: 45 dB (A) o meno<\/td>\n<\/tr>\n<tr>\n<td width=\"165\">Dimensioni esterne<\/td>\n<td colspan=\"2\" width=\"504\">Larghezza \u00d7 profondit\u00e0 \u00d7 altezza: 495 \u00d7 660 \u00d7 600 mm (19,5 \u00d7 26,0 \u00d7 23,6 pollici)<\/td>\n<\/tr>\n<tr>\n<td width=\"165\">Peso<\/td>\n<td colspan=\"2\" width=\"504\">67 kg (148 lb.)<\/td>\n<\/tr>\n<tr>\n<td rowspan=\"4\" width=\"165\">Ambiente di installazione<\/td>\n<td colspan=\"2\" width=\"504\">Uso in ambienti interni fino a 2000 m di altitudine<\/td>\n<\/tr>\n<tr>\n<td colspan=\"2\" width=\"504\">Temperatura: da 5 a 40 \u00b0C, umidit\u00e0: da 35 a 80 % (senza condensa)<\/td>\n<\/tr>\n<tr>\n<td colspan=\"2\" width=\"504\">Grado di inquinamento: 2 (secondo IEC 60664-1)<\/td>\n<\/tr>\n<tr>\n<td colspan=\"2\" width=\"504\">Sovratensione temporanea a breve termine: 1.440 V, sovratensione temporanea a lungo termine: 490 V<\/td>\n<\/tr>\n<tr>\n<td width=\"165\">Ambito di consegna<\/td>\n<td colspan=\"2\" width=\"504\">Cavo di alimentazione, cavo USB, manuale, CD con il pacchetto software DGSHAPE, penna di rilevamento, calibro di correzione automatico, cacciavite esagonale, chiave (per il morsetto), chiave (per il mandrino), supporto per la fresa, posizionatore per la fresa, tubi di raccolta della polvere, adattatore per il tubo di raccolta della polvere, regolatore, tubo dell'aria, dispositivo di montaggio della pinza, spazzola, ecc.<\/td>\n<\/tr>\n<tr>\n<td colspan=\"3\" width=\"669\">*Anche se prodotti con i materiali descritti, alcuni pezzi non possono essere fresati a causa di specifiche o propriet\u00e0 fisiche. Per ulteriori informazioni, contattare il rivenditore autorizzato Roland DG Corporation.<\/td>\n<\/tr>\n<tr>\n<td colspan=\"3\" width=\"669\"><\/td>\n<\/tr>\n<tr>\n<td colspan=\"3\" width=\"669\"><b><strong>Requisiti di sistema<\/strong><\/b><\/td>\n<\/tr>\n<tr>\n<td width=\"165\">Sistema operativo (OS):<\/td>\n<td colspan=\"2\" width=\"504\">Windows 11 (versione a 64 bit), Windows 10 (versione a 32 e 64 bit)<\/td>\n<\/tr>\n<tr>\n<td width=\"165\">CPU<\/td>\n<td colspan=\"2\" width=\"504\">CPU minima richiesta per il sistema operativo<\/td>\n<\/tr>\n<tr>\n<td width=\"165\">Memoria<\/td>\n<td colspan=\"2\" width=\"504\">Memoria minima richiesta per il sistema operativo<\/td>\n<\/tr>\n<tr>\n<td width=\"165\">Unit\u00e0 ottica<\/td>\n<td colspan=\"2\" width=\"504\">Unit\u00e0 CD-ROM<\/td>\n<\/tr>\n<tr>\n<td width=\"165\">Scheda grafica e monitor<\/td>\n<td colspan=\"2\" width=\"504\">Si consiglia un monitor con almeno 256 colori e una risoluzione di 1024 \u00d7 768 o superiore.<\/td>\n<\/tr>\n<\/tbody>\n<\/table>\n<\/div>","protected":false},"excerpt":{"rendered":"<p style=\"text-align: center;\">La tecnologia di fresatura a 5 assi del DWX-52Di Plus \u00e8 conveniente senza compromettere la qualit\u00e0. Offre una soluzione precisa ed efficiente per la realizzazione di restauri dentali, consentendo agli utenti di produrre un'ampia gamma di restauri come corone, cappette, ponti, inlay, onlay, faccette, abutment, barre implantari e corone avvitate.<\/p>\n<p style=\"text-align: center;\">PREZZO DI LISTINO: \u20ac 18.950,00<\/p>\n<p style=\"text-align: left;\">","protected":false},"featured_media":29747,"comment_status":"open","ping_status":"closed","template":"","meta":{"neve_meta_sidebar":"","neve_meta_container":"","neve_meta_enable_content_width":"off","neve_meta_content_width":70,"neve_meta_title_alignment":"","neve_meta_author_avatar":"","neve_post_elements_order":"","neve_meta_disable_header":"","neve_meta_disable_footer":"","neve_meta_disable_title":"","_themeisle_gutenberg_block_has_review":false},"product_brand":[],"product_cat":[836,1239,1244,624],"product_tag":[835],"class_list":{"0":"post-29657","1":"product","2":"type-product","3":"status-publish","4":"has-post-thumbnail","6":"product_cat-dgshape","7":"product_cat-dwx-52di-plus","8":"product_cat-dwx-52di-plus-fraesmaschine","9":"product_cat-equipment","10":"product_tag-fraesmaschine","12":"first","13":"instock","14":"taxable","15":"shipping-taxable","16":"product-type-simple"},"yoast_head":"<!-- This site is optimized with the Yoast SEO plugin v27.4 - https:\/\/yoast.com\/product\/yoast-seo-wordpress\/ -->\n<title>DWX-52DI Plus - Ador Dental GmbH<\/title>\n<meta name=\"description\" content=\"Die 5-Achsen-Fr\u00e4stechnologie der DWX-52Di Plus ist kosteng\u00fcnstig alternative, ohne Kompromisse bei der Qualit\u00e4t einzugehen.\" \/>\n<meta name=\"robots\" content=\"index, follow, max-snippet:-1, max-image-preview:large, max-video-preview:-1\" \/>\n<link rel=\"canonical\" href=\"https:\/\/www.ador-dental.de\/it\/prodotto\/dwx-52di-plus\/\" \/>\n<meta property=\"og:locale\" content=\"it_IT\" \/>\n<meta property=\"og:type\" content=\"article\" \/>\n<meta property=\"og:title\" content=\"DWX-52DI Plus - Ador Dental GmbH\" \/>\n<meta property=\"og:description\" content=\"Die 5-Achsen-Fr\u00e4stechnologie der DWX-52Di Plus ist kosteng\u00fcnstig alternative, ohne Kompromisse bei der Qualit\u00e4t einzugehen.\" \/>\n<meta property=\"og:url\" content=\"https:\/\/www.ador-dental.de\/it\/prodotto\/dwx-52di-plus\/\" \/>\n<meta property=\"og:site_name\" content=\"Ador Dental GmbH\" \/>\n<meta property=\"article:modified_time\" content=\"2026-02-18T13:53:18+00:00\" \/>\n<meta property=\"og:image\" content=\"https:\/\/www.ador-dental.de\/wp-content\/uploads\/2025\/05\/DWX52diplus.png\" \/>\n\t<meta property=\"og:image:width\" content=\"1024\" \/>\n\t<meta property=\"og:image:height\" content=\"1024\" \/>\n\t<meta property=\"og:image:type\" content=\"image\/png\" \/>\n<meta name=\"twitter:card\" content=\"summary_large_image\" \/>\n<meta name=\"twitter:label1\" content=\"Tempo di lettura stimato\" \/>\n\t<meta name=\"twitter:data1\" content=\"3 minuti\" \/>\n<script type=\"application\/ld+json\" class=\"yoast-schema-graph\">{\"@context\":\"https:\\\/\\\/schema.org\",\"@graph\":[{\"@type\":\"WebPage\",\"@id\":\"https:\\\/\\\/www.ador-dental.de\\\/produkt\\\/dwx-52di-plus\\\/\",\"url\":\"https:\\\/\\\/www.ador-dental.de\\\/produkt\\\/dwx-52di-plus\\\/\",\"name\":\"DWX-52DI Plus - Ador Dental GmbH\",\"isPartOf\":{\"@id\":\"https:\\\/\\\/www.ador-dental.de\\\/en\\\/#website\"},\"primaryImageOfPage\":{\"@id\":\"https:\\\/\\\/www.ador-dental.de\\\/produkt\\\/dwx-52di-plus\\\/#primaryimage\"},\"image\":{\"@id\":\"https:\\\/\\\/www.ador-dental.de\\\/produkt\\\/dwx-52di-plus\\\/#primaryimage\"},\"thumbnailUrl\":\"https:\\\/\\\/www.ador-dental.de\\\/wp-content\\\/uploads\\\/2025\\\/05\\\/DWX52diplus.png\",\"datePublished\":\"2025-05-19T12:01:09+00:00\",\"dateModified\":\"2026-02-18T13:53:18+00:00\",\"description\":\"Die 5-Achsen-Fr\u00e4stechnologie der DWX-52Di Plus ist kosteng\u00fcnstig alternative, ohne Kompromisse bei der Qualit\u00e4t einzugehen.\",\"breadcrumb\":{\"@id\":\"https:\\\/\\\/www.ador-dental.de\\\/produkt\\\/dwx-52di-plus\\\/#breadcrumb\"},\"inLanguage\":\"it-IT\",\"potentialAction\":[{\"@type\":\"ReadAction\",\"target\":[\"https:\\\/\\\/www.ador-dental.de\\\/produkt\\\/dwx-52di-plus\\\/\"]}]},{\"@type\":\"ImageObject\",\"inLanguage\":\"it-IT\",\"@id\":\"https:\\\/\\\/www.ador-dental.de\\\/produkt\\\/dwx-52di-plus\\\/#primaryimage\",\"url\":\"https:\\\/\\\/www.ador-dental.de\\\/wp-content\\\/uploads\\\/2025\\\/05\\\/DWX52diplus.png\",\"contentUrl\":\"https:\\\/\\\/www.ador-dental.de\\\/wp-content\\\/uploads\\\/2025\\\/05\\\/DWX52diplus.png\",\"width\":1024,\"height\":1024},{\"@type\":\"BreadcrumbList\",\"@id\":\"https:\\\/\\\/www.ador-dental.de\\\/produkt\\\/dwx-52di-plus\\\/#breadcrumb\",\"itemListElement\":[{\"@type\":\"ListItem\",\"position\":1,\"name\":\"Startseite\",\"item\":\"https:\\\/\\\/www.ador-dental.de\\\/\"},{\"@type\":\"ListItem\",\"position\":2,\"name\":\"Shop\",\"item\":\"https:\\\/\\\/www.ador-dental.de\\\/en\\\/shop\\\/\"},{\"@type\":\"ListItem\",\"position\":3,\"name\":\"DWX-52DI Plus\"}]},{\"@type\":\"WebSite\",\"@id\":\"https:\\\/\\\/www.ador-dental.de\\\/en\\\/#website\",\"url\":\"https:\\\/\\\/www.ador-dental.de\\\/en\\\/\",\"name\":\"Ador Dental GmbH\",\"description\":\"\",\"publisher\":{\"@id\":\"https:\\\/\\\/www.ador-dental.de\\\/en\\\/#organization\"},\"potentialAction\":[{\"@type\":\"SearchAction\",\"target\":{\"@type\":\"EntryPoint\",\"urlTemplate\":\"https:\\\/\\\/www.ador-dental.de\\\/en\\\/?s={search_term_string}\"},\"query-input\":{\"@type\":\"PropertyValueSpecification\",\"valueRequired\":true,\"valueName\":\"search_term_string\"}}],\"inLanguage\":\"it-IT\"},{\"@type\":\"Organization\",\"@id\":\"https:\\\/\\\/www.ador-dental.de\\\/en\\\/#organization\",\"name\":\"Ador Dental GmbH\",\"url\":\"https:\\\/\\\/www.ador-dental.de\\\/en\\\/\",\"logo\":{\"@type\":\"ImageObject\",\"inLanguage\":\"it-IT\",\"@id\":\"https:\\\/\\\/www.ador-dental.de\\\/en\\\/#\\\/schema\\\/logo\\\/image\\\/\",\"url\":\"https:\\\/\\\/www.ador-dental.de\\\/wp-content\\\/uploads\\\/2021\\\/10\\\/ADOR_Logo_DentalSolutions_2020_Black.svg\",\"contentUrl\":\"https:\\\/\\\/www.ador-dental.de\\\/wp-content\\\/uploads\\\/2021\\\/10\\\/ADOR_Logo_DentalSolutions_2020_Black.svg\",\"width\":678,\"height\":261,\"caption\":\"Ador Dental GmbH\"},\"image\":{\"@id\":\"https:\\\/\\\/www.ador-dental.de\\\/en\\\/#\\\/schema\\\/logo\\\/image\\\/\"}}]}<\/script>\n<!-- \/ Yoast SEO plugin. -->","yoast_head_json":{"title":"DWX-52DI Plus - Ador Dental GmbH","description":"Die 5-Achsen-Fr\u00e4stechnologie der DWX-52Di Plus ist kosteng\u00fcnstig alternative, ohne Kompromisse bei der Qualit\u00e4t einzugehen.","robots":{"index":"index","follow":"follow","max-snippet":"max-snippet:-1","max-image-preview":"max-image-preview:large","max-video-preview":"max-video-preview:-1"},"canonical":"https:\/\/www.ador-dental.de\/it\/prodotto\/dwx-52di-plus\/","og_locale":"it_IT","og_type":"article","og_title":"DWX-52DI Plus - Ador Dental GmbH","og_description":"Die 5-Achsen-Fr\u00e4stechnologie der DWX-52Di Plus ist kosteng\u00fcnstig alternative, ohne Kompromisse bei der Qualit\u00e4t einzugehen.","og_url":"https:\/\/www.ador-dental.de\/it\/prodotto\/dwx-52di-plus\/","og_site_name":"Ador Dental GmbH","article_modified_time":"2026-02-18T13:53:18+00:00","og_image":[{"width":1024,"height":1024,"url":"https:\/\/www.ador-dental.de\/wp-content\/uploads\/2025\/05\/DWX52diplus.png","type":"image\/png"}],"twitter_card":"summary_large_image","twitter_misc":{"Tempo di lettura stimato":"3 minuti"},"schema":{"@context":"https:\/\/schema.org","@graph":[{"@type":"WebPage","@id":"https:\/\/www.ador-dental.de\/produkt\/dwx-52di-plus\/","url":"https:\/\/www.ador-dental.de\/produkt\/dwx-52di-plus\/","name":"DWX-52DI Plus - Ador Dental GmbH","isPartOf":{"@id":"https:\/\/www.ador-dental.de\/en\/#website"},"primaryImageOfPage":{"@id":"https:\/\/www.ador-dental.de\/produkt\/dwx-52di-plus\/#primaryimage"},"image":{"@id":"https:\/\/www.ador-dental.de\/produkt\/dwx-52di-plus\/#primaryimage"},"thumbnailUrl":"https:\/\/www.ador-dental.de\/wp-content\/uploads\/2025\/05\/DWX52diplus.png","datePublished":"2025-05-19T12:01:09+00:00","dateModified":"2026-02-18T13:53:18+00:00","description":"Die 5-Achsen-Fr\u00e4stechnologie der DWX-52Di Plus ist kosteng\u00fcnstig alternative, ohne Kompromisse bei der Qualit\u00e4t einzugehen.","breadcrumb":{"@id":"https:\/\/www.ador-dental.de\/produkt\/dwx-52di-plus\/#breadcrumb"},"inLanguage":"it-IT","potentialAction":[{"@type":"ReadAction","target":["https:\/\/www.ador-dental.de\/produkt\/dwx-52di-plus\/"]}]},{"@type":"ImageObject","inLanguage":"it-IT","@id":"https:\/\/www.ador-dental.de\/produkt\/dwx-52di-plus\/#primaryimage","url":"https:\/\/www.ador-dental.de\/wp-content\/uploads\/2025\/05\/DWX52diplus.png","contentUrl":"https:\/\/www.ador-dental.de\/wp-content\/uploads\/2025\/05\/DWX52diplus.png","width":1024,"height":1024},{"@type":"BreadcrumbList","@id":"https:\/\/www.ador-dental.de\/produkt\/dwx-52di-plus\/#breadcrumb","itemListElement":[{"@type":"ListItem","position":1,"name":"Startseite","item":"https:\/\/www.ador-dental.de\/"},{"@type":"ListItem","position":2,"name":"Shop","item":"https:\/\/www.ador-dental.de\/en\/shop\/"},{"@type":"ListItem","position":3,"name":"DWX-52DI Plus"}]},{"@type":"WebSite","@id":"https:\/\/www.ador-dental.de\/en\/#website","url":"https:\/\/www.ador-dental.de\/en\/","name":"Ador Dental GmbH","description":"","publisher":{"@id":"https:\/\/www.ador-dental.de\/en\/#organization"},"potentialAction":[{"@type":"SearchAction","target":{"@type":"EntryPoint","urlTemplate":"https:\/\/www.ador-dental.de\/en\/?s={search_term_string}"},"query-input":{"@type":"PropertyValueSpecification","valueRequired":true,"valueName":"search_term_string"}}],"inLanguage":"it-IT"},{"@type":"Organization","@id":"https:\/\/www.ador-dental.de\/en\/#organization","name":"Ador Dental GmbH","url":"https:\/\/www.ador-dental.de\/en\/","logo":{"@type":"ImageObject","inLanguage":"it-IT","@id":"https:\/\/www.ador-dental.de\/en\/#\/schema\/logo\/image\/","url":"https:\/\/www.ador-dental.de\/wp-content\/uploads\/2021\/10\/ADOR_Logo_DentalSolutions_2020_Black.svg","contentUrl":"https:\/\/www.ador-dental.de\/wp-content\/uploads\/2021\/10\/ADOR_Logo_DentalSolutions_2020_Black.svg","width":678,"height":261,"caption":"Ador Dental GmbH"},"image":{"@id":"https:\/\/www.ador-dental.de\/en\/#\/schema\/logo\/image\/"}}]}},"_links":{"self":[{"href":"https:\/\/www.ador-dental.de\/it\/wp-json\/wp\/v2\/product\/29657","targetHints":{"allow":["GET"]}}],"collection":[{"href":"https:\/\/www.ador-dental.de\/it\/wp-json\/wp\/v2\/product"}],"about":[{"href":"https:\/\/www.ador-dental.de\/it\/wp-json\/wp\/v2\/types\/product"}],"replies":[{"embeddable":true,"href":"https:\/\/www.ador-dental.de\/it\/wp-json\/wp\/v2\/comments?post=29657"}],"version-history":[{"count":12,"href":"https:\/\/www.ador-dental.de\/it\/wp-json\/wp\/v2\/product\/29657\/revisions"}],"predecessor-version":[{"id":31030,"href":"https:\/\/www.ador-dental.de\/it\/wp-json\/wp\/v2\/product\/29657\/revisions\/31030"}],"wp:featuredmedia":[{"embeddable":true,"href":"https:\/\/www.ador-dental.de\/it\/wp-json\/wp\/v2\/media\/29747"}],"wp:attachment":[{"href":"https:\/\/www.ador-dental.de\/it\/wp-json\/wp\/v2\/media?parent=29657"}],"wp:term":[{"taxonomy":"product_brand","embeddable":true,"href":"https:\/\/www.ador-dental.de\/it\/wp-json\/wp\/v2\/product_brand?post=29657"},{"taxonomy":"product_cat","embeddable":true,"href":"https:\/\/www.ador-dental.de\/it\/wp-json\/wp\/v2\/product_cat?post=29657"},{"taxonomy":"product_tag","embeddable":true,"href":"https:\/\/www.ador-dental.de\/it\/wp-json\/wp\/v2\/product_tag?post=29657"}],"curies":[{"name":"wp","href":"https:\/\/api.w.org\/{rel}","templated":true}]}}