{"id":2915,"date":"2020-03-25T11:25:26","date_gmt":"2020-03-25T10:25:26","guid":{"rendered":"https:\/\/new.ador-edelmetalle.de\/?post_type=product&#038;p=2915"},"modified":"2026-02-16T11:52:26","modified_gmt":"2026-02-16T10:52:26","slug":"adorbond-cn-aufbrennlegierung","status":"publish","type":"product","link":"https:\/\/www.ador-dental.de\/it\/prodotto\/adorbond-cn-aufbrennlegierung\/","title":{"rendered":"ADORBOND CN"},"content":{"rendered":"<p><strong>Lega di fusione nichel-cromo per masse ceramiche ad alta fusione<\/strong><\/p>\n<p><a href=\"https:\/\/www.ador-dental.de\/wp-content\/uploads\/2024\/07\/Adorbond-CN-Easy-DE-EN.pdf\"><strong>&gt;&gt; Istruzioni per l'uso Download DE\/EN<\/strong><\/a><\/p>\n<p><a href=\"https:\/\/www.ador-dental.de\/wp-content\/uploads\/2024\/07\/Adorbond-CN-Easy-FR.pdf\"><strong>&gt;&gt; Istruzioni per l'uso scaricare EN\/FR<\/strong><\/a><\/p>\n<p><strong>ADORBOND<sup>\u00ae<\/sup> CN <\/strong>\u00e8 una lega di metallo-ceramica dentale a base di nichel. <strong>ADORBOND<sup>\u00ae<\/sup> CN <\/strong>\u00e8 privo di cadmio, berillio e piombo ed \u00e8 conforme alla norma EN ISO 22674 tipo 3 per protesi fisse a pi\u00f9 elementi.<\/p>\n<table width=\"735\">\n<tbody>\n<tr>\n<td colspan=\"5\" width=\"310\"><strong>Composizione w<sub>i<\/sub><\/strong><\/td>\n<td colspan=\"3\" width=\"425\"><strong>Dati tecnici (valori indicativi, condizioni di fusione\/cottura)<\/strong><\/td>\n<\/tr>\n<tr>\n<td colspan=\"2\" width=\"64\">Ni<\/td>\n<td width=\"57\">%<\/td>\n<td width=\"123\">62,7<\/td>\n<td width=\"66\"><strong>\u00a0<\/strong><\/td>\n<td width=\"246\">Densit\u00e0 \u03f1<\/td>\n<td width=\"57\">g - cm<sup>-3<\/sup><\/td>\n<td width=\"123\">8,2<\/td>\n<\/tr>\n<tr>\n<td colspan=\"2\" width=\"64\">Cr<\/td>\n<td width=\"57\">%<\/td>\n<td width=\"123\">24,4<\/td>\n<td width=\"66\"><strong>\u00a0<\/strong><\/td>\n<td width=\"246\">Durezza Vickers<\/td>\n<td width=\"57\">HV 10<\/td>\n<td width=\"123\">180<\/td>\n<\/tr>\n<tr>\n<td colspan=\"2\" width=\"64\">Mo<\/td>\n<td width=\"57\">%<\/td>\n<td width=\"123\">11,0<\/td>\n<td width=\"66\"><strong>\u00a0<\/strong><\/td>\n<td rowspan=\"2\" width=\"246\">Coefficiente lineare di espansione termica \u03b1 25 - 500 \u00b0C<\/td>\n<td rowspan=\"2\" width=\"57\">10<sup>-6<\/sup>-K<sup>-1<\/sup><\/td>\n<td rowspan=\"2\" width=\"123\">13,9<\/td>\n<\/tr>\n<tr>\n<td colspan=\"2\" width=\"64\">Si<\/td>\n<td width=\"57\">%<\/td>\n<td width=\"123\">1,6<\/td>\n<td width=\"66\"><\/td>\n<\/tr>\n<tr>\n<td colspan=\"2\" width=\"64\">Nb, Mn, Fe<\/td>\n<td width=\"57\">%<\/td>\n<td width=\"123\">&lt; 1<\/td>\n<td width=\"66\"><strong>\u00a0<\/strong><\/td>\n<td rowspan=\"2\" width=\"246\">Coefficiente lineare di espansione termica \u03b1 20 - 600 \u00b0C<\/td>\n<td rowspan=\"2\" width=\"57\">10<sup>-6<\/sup>-K<sup>-1<\/sup><\/td>\n<td rowspan=\"2\" width=\"123\">14,0<\/td>\n<\/tr>\n<tr>\n<td colspan=\"2\" width=\"64\"><\/td>\n<td width=\"57\"><\/td>\n<td width=\"123\"><\/td>\n<td width=\"66\"><\/td>\n<\/tr>\n<tr>\n<td colspan=\"2\" width=\"64\"><\/td>\n<td width=\"57\"><\/td>\n<td width=\"123\"><\/td>\n<td width=\"66\"><strong>\u00a0<\/strong><\/td>\n<td width=\"246\">Intervallo di fusione T<sub>S<\/sub> - T<sub>L<\/sub><\/td>\n<td width=\"57\">\u00b0C<\/td>\n<td width=\"123\">1250-1340<\/td>\n<\/tr>\n<tr>\n<td colspan=\"2\" width=\"64\"><\/td>\n<td width=\"57\"><\/td>\n<td width=\"123\"><\/td>\n<td width=\"66\"><strong>\u00a0<\/strong><\/td>\n<td width=\"246\">Temperatura di versamento T<sub>Casting<\/sub><\/td>\n<td width=\"57\">\u00b0C<\/td>\n<td width=\"123\">1440<\/td>\n<\/tr>\n<tr>\n<td colspan=\"5\" width=\"310\"><strong>\u00a0<\/strong><\/td>\n<td width=\"246\">Massima temperatura di cottura consigliata T<sub>Br,max<\/sub><\/td>\n<td width=\"57\">\u00b0C<\/td>\n<td width=\"123\">980<\/td>\n<\/tr>\n<tr>\n<td colspan=\"5\" width=\"310\"><strong>\u00a0<\/strong><\/td>\n<td width=\"246\">0,2-% Resistenza allo snervamento R<sub>p 0,2<\/sub><\/td>\n<td width=\"57\">MPa<\/td>\n<td width=\"123\">330<\/td>\n<\/tr>\n<tr>\n<td colspan=\"5\" width=\"310\"><strong>\u00a0<\/strong><\/td>\n<td width=\"246\">Modulo di elasticit\u00e0 E<\/td>\n<td width=\"57\">GPa<\/td>\n<td width=\"123\">205<\/td>\n<\/tr>\n<tr>\n<td colspan=\"5\" width=\"310\"><strong>\u00a0<\/strong><\/td>\n<td width=\"246\">Allungamento a rottura A<sub>5<\/sub><\/td>\n<td width=\"57\">%<\/td>\n<td width=\"123\">15<\/td>\n<\/tr>\n<tr>\n<td colspan=\"8\" width=\"735\"><strong>Raccomandazione per l'elaborazione<\/strong><\/td>\n<\/tr>\n<tr>\n<td colspan=\"8\" width=\"735\"><strong>Modellazione di<\/strong><\/td>\n<\/tr>\n<tr>\n<td colspan=\"8\" width=\"735\">Eseguire la ceratura come al solito, ma evitare spessori di parete inferiori a 0,35 mm. Guida i canali di colata in modo indiretto. Utilizzare fili di cera rotondi con \u00d8 2-2,5 mm per le corone singole e \u00d8 2,5-3 mm per i ponti. Per lavori di grandi dimensioni con 4 o pi\u00f9 unit\u00e0, utilizzare un canale di distribuzione (barra fusa) con \u00d8 3,5-4 mm, per ponticelli solidi utilizzare fino a \u00d8 5 mm.<\/td>\n<\/tr>\n<tr>\n<td colspan=\"8\" width=\"735\"><strong>\u00a0<\/strong><\/td>\n<\/tr>\n<tr>\n<td colspan=\"8\" width=\"735\"><strong>Incorporazione e fusione<\/strong><\/td>\n<\/tr>\n<tr>\n<td colspan=\"8\" width=\"735\">Gli investimenti in corone e ponti legati al fosfato sono adatti. Temperatura di preriscaldamento 850-900 \u00b0C, tempo di mantenimento alla temperatura finale min. 30 minuti. Seguire le istruzioni per l'uso della macchina per la colata. Per <strong>ADORBOND<sup>\u00ae<\/sup> CN <\/strong>utilizzare sempre un crogiolo di ceramica separato per evitare la contaminazione con altre leghe. Pulire il crogiolo dopo ogni colata. Non surriscaldare la lega. Avviare il processo di fusione quando tutti i cubi sono fluiti insieme e la colata diventa uniformemente brillante. Fusione con la fiamma sempre nella zona di riduzione con movimenti circolari del bruciatore. Innescare la fusione quando la colata si muove a causa della pressione della fiamma. Lasciare che l'anello di investimento si raffreddi al calore della mano e devastare senza colpire il cono.<\/td>\n<\/tr>\n<tr>\n<td colspan=\"8\" width=\"735\"><strong>\u00a0<\/strong><\/td>\n<\/tr>\n<tr>\n<td colspan=\"8\" width=\"735\"><strong>Cottura della ceramica<\/strong><\/td>\n<\/tr>\n<tr>\n<td colspan=\"8\" width=\"735\">Si pu\u00f2 usare la normale ceramica di fusione disponibile in commercio per leghe di metalli non preziosi con un adeguato coefficiente di espansione termica. Si prega di osservare le istruzioni di lavoro associate e le specifiche del produttore della ceramica per quanto riguarda la velocit\u00e0 di raffreddamento dopo la cottura.<\/p>\n<p><strong>Dopo aver dormito:<\/strong><\/p>\n<p>1. tagliare i canali e rifinirli. Le frese al carburo sono raccomandate per questo.<\/p>\n<p>2. sabbiare la superficie della struttura nella granigliatrice con ossido di alluminio 100 \u00b5m o 250 \u00b5m.<\/p>\n<p>3. pulire la struttura in acqua distillata con ultrasuoni o con acetato di etile sgrassante.<\/p>\n<p>Cottura di ossido (opzionale per controllare la superficie) per 5 minuti a circa 960 \u00b0C sotto vuoto. Dopo la cottura, sabbiare sempre di nuovo lo strato di ossido e sgrassare di nuovo.<\/p>\n<p>Nota: la pulizia della superficie \u00e8 la migliore protezione contro le bolle nella ceramica.<\/p>\n<p>Applicare un sottile strato di cottura di lavaggio, poi applicare un secondo strato di cottura di base per coprire l'intera superficie.<\/p>\n<p>Lasciare sempre asciugare bene l'opaco a 600 \u00b0C per 5-10 minuti prima della cottura.<\/p>\n<p>6. cottura e raffreddamento secondo le istruzioni del produttore della massa ceramica utilizzata.<\/p>\n<p>In caso di raffreddamento a lungo termine, effettuare una fase di raffreddamento fino a circa 750 \u00b0C dopo ogni cottura Dentin, Correction e Glaze.<\/td>\n<\/tr>\n<tr>\n<td colspan=\"8\" width=\"735\"><\/td>\n<\/tr>\n<tr>\n<td colspan=\"8\" width=\"735\"><strong>Lavoro finale<\/strong><\/p>\n<p>Dopo la cottura della ceramica, gommare le parti della struttura non rivestite e lucidare a specchio con una pasta lucidante per leghe dentali o con strumenti di lucidatura rotanti.<\/td>\n<\/tr>\n<tr>\n<td colspan=\"8\" width=\"735\"><\/td>\n<\/tr>\n<tr>\n<td colspan=\"8\" width=\"735\"><strong>Saldatura e saldatura<\/strong><\/p>\n<p>Saldatura prima della cottura con <strong>ADORBOND<sup>\u00ae<\/sup> Lotto CC<\/strong> e il flusso di alta temperatura associato. La larghezza dello spazio di saldatura dovrebbe essere di 0,05-0,2 mm. Saldatura laser con <strong>ADORBOND<sup>\u00ae<\/sup> Filo laser CC<\/strong>.<\/td>\n<\/tr>\n<tr>\n<td colspan=\"8\" width=\"735\"><\/td>\n<\/tr>\n<tr>\n<td colspan=\"7\" width=\"735\"><strong>Istruzioni di sicurezza<\/strong><\/p>\n<p>La polvere di metallo \u00e8 dannosa per la salute. Usare l'aspirazione durante la rifinitura e la sabbiatura. Le ipersensibilit\u00e0 ai componenti della lega devono essere prese in considerazione. Se si sospettano intolleranze a singoli elementi di questa lega, non dovrebbe essere usata. <strong>Il prodotto contiene nichel!<\/strong><\/td>\n<\/tr>\n<tr>\n<td colspan=\"8\" width=\"735\"><strong>\u00a0<\/strong><\/td>\n<\/tr>\n<tr>\n<td colspan=\"8\" width=\"735\"><strong>Garanzia<\/strong><\/p>\n<p>Queste raccomandazioni di applicazione sono basate sui nostri test ed esperienze e possono quindi essere considerate solo come linee guida. Il dentista o l'odontotecnico \u00e8 responsabile del corretto trattamento della lega.<\/td>\n<\/tr>\n<\/tbody>\n<\/table>","protected":false},"excerpt":{"rendered":"<p><strong>1000g<\/strong><\/p>\n<p>Lega di fusione nichel-cromo per masse ceramiche ad alta fusione<\/p>","protected":false},"featured_media":29949,"comment_status":"open","ping_status":"closed","template":"","meta":{"neve_meta_sidebar":"","neve_meta_container":"","neve_meta_enable_content_width":"off","neve_meta_content_width":70,"neve_meta_title_alignment":"","neve_meta_author_avatar":"","neve_post_elements_order":"","neve_meta_disable_header":"","neve_meta_disable_footer":"","neve_meta_disable_title":"","_themeisle_gutenberg_block_has_review":false},"product_brand":[],"product_cat":[53,33,35],"product_tag":[434],"class_list":{"0":"post-2915","1":"product","2":"type-product","3":"status-publish","4":"has-post-thumbnail","6":"product_cat-aufbrennlegierungen","7":"product_cat-legierungen","8":"product_cat-nem-legierungen","9":"product_tag-dentalheld","11":"first","12":"instock","13":"taxable","14":"shipping-taxable","15":"purchasable","16":"product-type-simple"},"yoast_head":"<!-- This site is optimized with the Yoast SEO plugin v27.4 - https:\/\/yoast.com\/product\/yoast-seo-wordpress\/ -->\n<title>ADORBOND CN - Ador Dental GmbH<\/title>\n<meta name=\"description\" content=\"Unser ADORBOND\u00ae CN ist eine dentale Metallkeramik-Legierung auf Nickel-Basis und somit frei von Cadmium, Beryllium und Blei.\" \/>\n<meta name=\"robots\" content=\"index, follow, max-snippet:-1, max-image-preview:large, max-video-preview:-1\" \/>\n<link rel=\"canonical\" href=\"https:\/\/www.ador-dental.de\/it\/prodotto\/adorbond-cn-aufbrennlegierung\/\" \/>\n<meta property=\"og:locale\" content=\"it_IT\" \/>\n<meta property=\"og:type\" content=\"article\" \/>\n<meta property=\"og:title\" content=\"ADORBOND CN - Ador Dental GmbH\" \/>\n<meta property=\"og:description\" content=\"Unser ADORBOND\u00ae CN ist eine dentale Metallkeramik-Legierung auf Nickel-Basis und somit frei von Cadmium, Beryllium und Blei.\" \/>\n<meta property=\"og:url\" content=\"https:\/\/www.ador-dental.de\/it\/prodotto\/adorbond-cn-aufbrennlegierung\/\" \/>\n<meta property=\"og:site_name\" content=\"Ador Dental GmbH\" \/>\n<meta property=\"article:modified_time\" content=\"2026-02-16T10:52:26+00:00\" \/>\n<meta property=\"og:image\" content=\"https:\/\/www.ador-dental.de\/wp-content\/uploads\/2025\/07\/Adorbond-CN1-PB-N.png\" \/>\n\t<meta property=\"og:image:width\" content=\"1024\" \/>\n\t<meta property=\"og:image:height\" content=\"1024\" \/>\n\t<meta property=\"og:image:type\" content=\"image\/png\" \/>\n<meta name=\"twitter:card\" content=\"summary_large_image\" \/>\n<meta name=\"twitter:label1\" content=\"Tempo di lettura stimato\" \/>\n\t<meta name=\"twitter:data1\" content=\"4 minuti\" \/>\n<script type=\"application\/ld+json\" class=\"yoast-schema-graph\">{\"@context\":\"https:\\\/\\\/schema.org\",\"@graph\":[{\"@type\":\"WebPage\",\"@id\":\"https:\\\/\\\/www.ador-dental.de\\\/produkt\\\/adorbond-cn-aufbrennlegierung\\\/\",\"url\":\"https:\\\/\\\/www.ador-dental.de\\\/produkt\\\/adorbond-cn-aufbrennlegierung\\\/\",\"name\":\"ADORBOND CN - Ador Dental GmbH\",\"isPartOf\":{\"@id\":\"https:\\\/\\\/www.ador-dental.de\\\/en\\\/#website\"},\"primaryImageOfPage\":{\"@id\":\"https:\\\/\\\/www.ador-dental.de\\\/produkt\\\/adorbond-cn-aufbrennlegierung\\\/#primaryimage\"},\"image\":{\"@id\":\"https:\\\/\\\/www.ador-dental.de\\\/produkt\\\/adorbond-cn-aufbrennlegierung\\\/#primaryimage\"},\"thumbnailUrl\":\"https:\\\/\\\/www.ador-dental.de\\\/wp-content\\\/uploads\\\/2025\\\/07\\\/Adorbond-CN1-PB-N.png\",\"datePublished\":\"2020-03-25T10:25:26+00:00\",\"dateModified\":\"2026-02-16T10:52:26+00:00\",\"description\":\"Unser ADORBOND\u00ae CN ist eine dentale Metallkeramik-Legierung auf Nickel-Basis und somit frei von Cadmium, Beryllium und Blei.\",\"breadcrumb\":{\"@id\":\"https:\\\/\\\/www.ador-dental.de\\\/produkt\\\/adorbond-cn-aufbrennlegierung\\\/#breadcrumb\"},\"inLanguage\":\"it-IT\",\"potentialAction\":[{\"@type\":\"ReadAction\",\"target\":[\"https:\\\/\\\/www.ador-dental.de\\\/produkt\\\/adorbond-cn-aufbrennlegierung\\\/\"]}]},{\"@type\":\"ImageObject\",\"inLanguage\":\"it-IT\",\"@id\":\"https:\\\/\\\/www.ador-dental.de\\\/produkt\\\/adorbond-cn-aufbrennlegierung\\\/#primaryimage\",\"url\":\"https:\\\/\\\/www.ador-dental.de\\\/wp-content\\\/uploads\\\/2025\\\/07\\\/Adorbond-CN1-PB-N.png\",\"contentUrl\":\"https:\\\/\\\/www.ador-dental.de\\\/wp-content\\\/uploads\\\/2025\\\/07\\\/Adorbond-CN1-PB-N.png\",\"width\":1024,\"height\":1024},{\"@type\":\"BreadcrumbList\",\"@id\":\"https:\\\/\\\/www.ador-dental.de\\\/produkt\\\/adorbond-cn-aufbrennlegierung\\\/#breadcrumb\",\"itemListElement\":[{\"@type\":\"ListItem\",\"position\":1,\"name\":\"Startseite\",\"item\":\"https:\\\/\\\/www.ador-dental.de\\\/\"},{\"@type\":\"ListItem\",\"position\":2,\"name\":\"Shop\",\"item\":\"https:\\\/\\\/www.ador-dental.de\\\/en\\\/shop\\\/\"},{\"@type\":\"ListItem\",\"position\":3,\"name\":\"ADORBOND CN\"}]},{\"@type\":\"WebSite\",\"@id\":\"https:\\\/\\\/www.ador-dental.de\\\/en\\\/#website\",\"url\":\"https:\\\/\\\/www.ador-dental.de\\\/en\\\/\",\"name\":\"Ador Dental GmbH\",\"description\":\"\",\"publisher\":{\"@id\":\"https:\\\/\\\/www.ador-dental.de\\\/en\\\/#organization\"},\"potentialAction\":[{\"@type\":\"SearchAction\",\"target\":{\"@type\":\"EntryPoint\",\"urlTemplate\":\"https:\\\/\\\/www.ador-dental.de\\\/en\\\/?s={search_term_string}\"},\"query-input\":{\"@type\":\"PropertyValueSpecification\",\"valueRequired\":true,\"valueName\":\"search_term_string\"}}],\"inLanguage\":\"it-IT\"},{\"@type\":\"Organization\",\"@id\":\"https:\\\/\\\/www.ador-dental.de\\\/en\\\/#organization\",\"name\":\"Ador Dental GmbH\",\"url\":\"https:\\\/\\\/www.ador-dental.de\\\/en\\\/\",\"logo\":{\"@type\":\"ImageObject\",\"inLanguage\":\"it-IT\",\"@id\":\"https:\\\/\\\/www.ador-dental.de\\\/en\\\/#\\\/schema\\\/logo\\\/image\\\/\",\"url\":\"https:\\\/\\\/www.ador-dental.de\\\/wp-content\\\/uploads\\\/2021\\\/10\\\/ADOR_Logo_DentalSolutions_2020_Black.svg\",\"contentUrl\":\"https:\\\/\\\/www.ador-dental.de\\\/wp-content\\\/uploads\\\/2021\\\/10\\\/ADOR_Logo_DentalSolutions_2020_Black.svg\",\"width\":678,\"height\":261,\"caption\":\"Ador Dental GmbH\"},\"image\":{\"@id\":\"https:\\\/\\\/www.ador-dental.de\\\/en\\\/#\\\/schema\\\/logo\\\/image\\\/\"}}]}<\/script>\n<!-- \/ Yoast SEO plugin. -->","yoast_head_json":{"title":"ADORBOND CN - Ador Dental GmbH","description":"Unser ADORBOND\u00ae CN ist eine dentale Metallkeramik-Legierung auf Nickel-Basis und somit frei von Cadmium, Beryllium und Blei.","robots":{"index":"index","follow":"follow","max-snippet":"max-snippet:-1","max-image-preview":"max-image-preview:large","max-video-preview":"max-video-preview:-1"},"canonical":"https:\/\/www.ador-dental.de\/it\/prodotto\/adorbond-cn-aufbrennlegierung\/","og_locale":"it_IT","og_type":"article","og_title":"ADORBOND CN - Ador Dental GmbH","og_description":"Unser ADORBOND\u00ae CN ist eine dentale Metallkeramik-Legierung auf Nickel-Basis und somit frei von Cadmium, Beryllium und Blei.","og_url":"https:\/\/www.ador-dental.de\/it\/prodotto\/adorbond-cn-aufbrennlegierung\/","og_site_name":"Ador Dental GmbH","article_modified_time":"2026-02-16T10:52:26+00:00","og_image":[{"width":1024,"height":1024,"url":"https:\/\/www.ador-dental.de\/wp-content\/uploads\/2025\/07\/Adorbond-CN1-PB-N.png","type":"image\/png"}],"twitter_card":"summary_large_image","twitter_misc":{"Tempo di lettura stimato":"4 minuti"},"schema":{"@context":"https:\/\/schema.org","@graph":[{"@type":"WebPage","@id":"https:\/\/www.ador-dental.de\/produkt\/adorbond-cn-aufbrennlegierung\/","url":"https:\/\/www.ador-dental.de\/produkt\/adorbond-cn-aufbrennlegierung\/","name":"ADORBOND CN - Ador Dental GmbH","isPartOf":{"@id":"https:\/\/www.ador-dental.de\/en\/#website"},"primaryImageOfPage":{"@id":"https:\/\/www.ador-dental.de\/produkt\/adorbond-cn-aufbrennlegierung\/#primaryimage"},"image":{"@id":"https:\/\/www.ador-dental.de\/produkt\/adorbond-cn-aufbrennlegierung\/#primaryimage"},"thumbnailUrl":"https:\/\/www.ador-dental.de\/wp-content\/uploads\/2025\/07\/Adorbond-CN1-PB-N.png","datePublished":"2020-03-25T10:25:26+00:00","dateModified":"2026-02-16T10:52:26+00:00","description":"Unser ADORBOND\u00ae CN ist eine dentale Metallkeramik-Legierung auf Nickel-Basis und somit frei von Cadmium, Beryllium und Blei.","breadcrumb":{"@id":"https:\/\/www.ador-dental.de\/produkt\/adorbond-cn-aufbrennlegierung\/#breadcrumb"},"inLanguage":"it-IT","potentialAction":[{"@type":"ReadAction","target":["https:\/\/www.ador-dental.de\/produkt\/adorbond-cn-aufbrennlegierung\/"]}]},{"@type":"ImageObject","inLanguage":"it-IT","@id":"https:\/\/www.ador-dental.de\/produkt\/adorbond-cn-aufbrennlegierung\/#primaryimage","url":"https:\/\/www.ador-dental.de\/wp-content\/uploads\/2025\/07\/Adorbond-CN1-PB-N.png","contentUrl":"https:\/\/www.ador-dental.de\/wp-content\/uploads\/2025\/07\/Adorbond-CN1-PB-N.png","width":1024,"height":1024},{"@type":"BreadcrumbList","@id":"https:\/\/www.ador-dental.de\/produkt\/adorbond-cn-aufbrennlegierung\/#breadcrumb","itemListElement":[{"@type":"ListItem","position":1,"name":"Startseite","item":"https:\/\/www.ador-dental.de\/"},{"@type":"ListItem","position":2,"name":"Shop","item":"https:\/\/www.ador-dental.de\/en\/shop\/"},{"@type":"ListItem","position":3,"name":"ADORBOND CN"}]},{"@type":"WebSite","@id":"https:\/\/www.ador-dental.de\/en\/#website","url":"https:\/\/www.ador-dental.de\/en\/","name":"Ador Dental GmbH","description":"","publisher":{"@id":"https:\/\/www.ador-dental.de\/en\/#organization"},"potentialAction":[{"@type":"SearchAction","target":{"@type":"EntryPoint","urlTemplate":"https:\/\/www.ador-dental.de\/en\/?s={search_term_string}"},"query-input":{"@type":"PropertyValueSpecification","valueRequired":true,"valueName":"search_term_string"}}],"inLanguage":"it-IT"},{"@type":"Organization","@id":"https:\/\/www.ador-dental.de\/en\/#organization","name":"Ador Dental GmbH","url":"https:\/\/www.ador-dental.de\/en\/","logo":{"@type":"ImageObject","inLanguage":"it-IT","@id":"https:\/\/www.ador-dental.de\/en\/#\/schema\/logo\/image\/","url":"https:\/\/www.ador-dental.de\/wp-content\/uploads\/2021\/10\/ADOR_Logo_DentalSolutions_2020_Black.svg","contentUrl":"https:\/\/www.ador-dental.de\/wp-content\/uploads\/2021\/10\/ADOR_Logo_DentalSolutions_2020_Black.svg","width":678,"height":261,"caption":"Ador Dental GmbH"},"image":{"@id":"https:\/\/www.ador-dental.de\/en\/#\/schema\/logo\/image\/"}}]}},"_links":{"self":[{"href":"https:\/\/www.ador-dental.de\/it\/wp-json\/wp\/v2\/product\/2915","targetHints":{"allow":["GET"]}}],"collection":[{"href":"https:\/\/www.ador-dental.de\/it\/wp-json\/wp\/v2\/product"}],"about":[{"href":"https:\/\/www.ador-dental.de\/it\/wp-json\/wp\/v2\/types\/product"}],"replies":[{"embeddable":true,"href":"https:\/\/www.ador-dental.de\/it\/wp-json\/wp\/v2\/comments?post=2915"}],"version-history":[{"count":10,"href":"https:\/\/www.ador-dental.de\/it\/wp-json\/wp\/v2\/product\/2915\/revisions"}],"predecessor-version":[{"id":29193,"href":"https:\/\/www.ador-dental.de\/it\/wp-json\/wp\/v2\/product\/2915\/revisions\/29193"}],"wp:featuredmedia":[{"embeddable":true,"href":"https:\/\/www.ador-dental.de\/it\/wp-json\/wp\/v2\/media\/29949"}],"wp:attachment":[{"href":"https:\/\/www.ador-dental.de\/it\/wp-json\/wp\/v2\/media?parent=2915"}],"wp:term":[{"taxonomy":"product_brand","embeddable":true,"href":"https:\/\/www.ador-dental.de\/it\/wp-json\/wp\/v2\/product_brand?post=2915"},{"taxonomy":"product_cat","embeddable":true,"href":"https:\/\/www.ador-dental.de\/it\/wp-json\/wp\/v2\/product_cat?post=2915"},{"taxonomy":"product_tag","embeddable":true,"href":"https:\/\/www.ador-dental.de\/it\/wp-json\/wp\/v2\/product_tag?post=2915"}],"curies":[{"name":"wp","href":"https:\/\/api.w.org\/{rel}","templated":true}]}}