{"id":29008,"date":"2024-11-07T09:39:58","date_gmt":"2024-11-07T08:39:58","guid":{"rendered":"https:\/\/www.ador-dental.de\/?post_type=product&#038;p=29008"},"modified":"2024-11-07T09:50:42","modified_gmt":"2024-11-07T08:50:42","slug":"uv-lichthaertegeraet-traydex-18","status":"publish","type":"product","link":"https:\/\/www.ador-dental.de\/it\/prodotto\/uv-lichthaertegeraet-traydex-18\/","title":{"rendered":"Unit\u00e0 di polimerizzazione a luce UV Traydex 18"},"content":{"rendered":"<p><strong>Dispositivo di polimerizzazione a luce UV TRAYDEX 18 - Dispositivo di polimerizzazione a luce LED<\/strong><\/p>\n<p>TRAYDEX 18 \u00e8 un'unit\u00e0 di polimerizzazione della luce UV a LED a banda larga, specialmente per le applicazioni dentali.<\/p>\n<p>I vassoi individuali o le basi di registrazione fatte di materiale per lastre o stampate in 3D possono essere completamente polimerizzate in modo controllato. La tecnologia LED \u00e8 completamente esente da manutenzione. Un compagno robusto e professionale per la pratica e il laboratorio.<\/p>\n<ul>\n<li><strong>Risparmio di tempo<br \/>\n<\/strong>Lo spettro luminoso a banda larga e i LED ad alta potenza 10x assicurano un tempo di polimerizzazione e una profondit\u00e0 di penetrazione brevi<\/li>\n<li><strong>Senza manutenzione<br \/>\n<\/strong>La tecnologia LED a lunga durata elimina la necessit\u00e0 di sostituire le lampade UV<\/li>\n<li><strong>Semplicemente<br \/>\n<\/strong>Impostazione del tempo di polimerizzazione e start\/stop tramite operazione soft-touch, nonch\u00e9 facile rimozione dei vassoi e dei modelli attraverso il cassetto<\/li>\n<li><strong>Versatile<br \/>\n<\/strong>Tempo di polimerizzazione regolabile in passi di 5 secondi da 5-995 secondi. Spettro UV da 375-470nm<\/li>\n<\/ul>\n<p><strong>Dati tecnici<\/strong><\/p>\n<p>Tensione &gt;&gt; 100-240 Volt \/ 50-60 Hz<\/p>\n<p>Potenza &gt;&gt; 30 Watt<\/p>\n<p>Numero di LED ad alta potenza &gt;&gt; 10<\/p>\n<p>Lunghezza d'onda &gt;&gt; 375 - 470 nm<\/p>\n<p>Tempo di indurimento &gt;&gt; 5-995 secondi<\/p>\n<p>Illuminamento 385nm &gt;&gt; 21,6 W\/cm2<\/p>\n<p>Illuminamento 405nm &gt;&gt; 17,3 W\/cm2<\/p>\n<p>Illuminamento 460nm &gt;&gt; 6,5 W\/cm2<\/p>\n<p>Dimensioni (LxWxH) &gt;&gt; 195 x 210 x 140 mm<\/p>\n<p>Peso &gt;&gt; 2,2 kg<\/p>\n<p>Colore &gt;&gt; Bianco<\/p>","protected":false},"excerpt":{"rendered":"<p>TRAYDEX 18 \u00e8 un'unit\u00e0 di polimerizzazione della luce UV a LED a banda larga, specialmente per le applicazioni dentali.<\/p>","protected":false},"featured_media":16274,"comment_status":"open","ping_status":"closed","template":"","meta":{"neve_meta_sidebar":"","neve_meta_container":"","neve_meta_enable_content_width":"off","neve_meta_content_width":70,"neve_meta_title_alignment":"","neve_meta_author_avatar":"","neve_post_elements_order":"","neve_meta_disable_header":"","neve_meta_disable_footer":"","neve_meta_disable_title":"","_themeisle_gutenberg_block_has_review":false},"product_brand":[],"product_cat":[212,378],"product_tag":[1163,1159,1158,1161,1164],"class_list":{"0":"post-29008","1":"product","2":"type-product","3":"status-publish","4":"has-post-thumbnail","6":"product_cat-adorprint","7":"product_cat-zusatzprodukte-3d-drucker-3d-druck","8":"product_tag-1163","9":"product_tag-led","10":"product_tag-lichthaertegeraet","11":"product_tag-traydex","12":"product_tag-uv","14":"first","15":"instock","16":"taxable","17":"shipping-taxable","18":"purchasable","19":"product-type-simple"},"yoast_head":"<!-- This site is optimized with the Yoast SEO plugin v27.4 - https:\/\/yoast.com\/product\/yoast-seo-wordpress\/ -->\n<title>UV-Lichth\u00e4rteger\u00e4t Traydex 18 - Ador Dental GmbH<\/title>\n<meta name=\"description\" content=\"TRAYDEX 18 ist ein breitbandiges LED-UV-Lichh\u00e4rteger\u00e4t speziell f\u00fcr dentale Anwendungen. LED Technik ist v\u00f6llig Wartungsfrei.\" \/>\n<meta name=\"robots\" content=\"index, follow, max-snippet:-1, max-image-preview:large, max-video-preview:-1\" \/>\n<link rel=\"canonical\" href=\"https:\/\/www.ador-dental.de\/it\/prodotto\/uv-lichthaertegeraet-traydex-18\/\" \/>\n<meta property=\"og:locale\" content=\"it_IT\" \/>\n<meta property=\"og:type\" content=\"article\" \/>\n<meta property=\"og:title\" content=\"UV-Lichth\u00e4rteger\u00e4t Traydex 18 - Ador Dental GmbH\" \/>\n<meta property=\"og:description\" content=\"TRAYDEX 18 ist ein breitbandiges LED-UV-Lichh\u00e4rteger\u00e4t speziell f\u00fcr dentale Anwendungen. LED Technik ist v\u00f6llig Wartungsfrei.\" \/>\n<meta property=\"og:url\" content=\"https:\/\/www.ador-dental.de\/it\/prodotto\/uv-lichthaertegeraet-traydex-18\/\" \/>\n<meta property=\"og:site_name\" content=\"Ador Dental GmbH\" \/>\n<meta property=\"article:modified_time\" content=\"2024-11-07T08:50:42+00:00\" \/>\n<meta property=\"og:image\" content=\"https:\/\/www.ador-dental.de\/wp-content\/uploads\/2021\/05\/Produktbild-Traydex-18.png\" \/>\n\t<meta property=\"og:image:width\" content=\"1024\" \/>\n\t<meta property=\"og:image:height\" content=\"1024\" \/>\n\t<meta property=\"og:image:type\" content=\"image\/png\" \/>\n<meta name=\"twitter:card\" content=\"summary_large_image\" \/>\n<meta name=\"twitter:label1\" content=\"Tempo di lettura stimato\" \/>\n\t<meta name=\"twitter:data1\" content=\"2 minuti\" \/>\n<script type=\"application\/ld+json\" class=\"yoast-schema-graph\">{\"@context\":\"https:\\\/\\\/schema.org\",\"@graph\":[{\"@type\":\"WebPage\",\"@id\":\"https:\\\/\\\/www.ador-dental.de\\\/produkt\\\/uv-lichthaertegeraet-traydex-18\\\/\",\"url\":\"https:\\\/\\\/www.ador-dental.de\\\/produkt\\\/uv-lichthaertegeraet-traydex-18\\\/\",\"name\":\"UV-Lichth\u00e4rteger\u00e4t Traydex 18 - Ador Dental GmbH\",\"isPartOf\":{\"@id\":\"https:\\\/\\\/www.ador-dental.de\\\/en\\\/#website\"},\"primaryImageOfPage\":{\"@id\":\"https:\\\/\\\/www.ador-dental.de\\\/produkt\\\/uv-lichthaertegeraet-traydex-18\\\/#primaryimage\"},\"image\":{\"@id\":\"https:\\\/\\\/www.ador-dental.de\\\/produkt\\\/uv-lichthaertegeraet-traydex-18\\\/#primaryimage\"},\"thumbnailUrl\":\"https:\\\/\\\/www.ador-dental.de\\\/wp-content\\\/uploads\\\/2021\\\/05\\\/Produktbild-Traydex-18.png\",\"datePublished\":\"2024-11-07T08:39:58+00:00\",\"dateModified\":\"2024-11-07T08:50:42+00:00\",\"description\":\"TRAYDEX 18 ist ein breitbandiges LED-UV-Lichh\u00e4rteger\u00e4t speziell f\u00fcr dentale Anwendungen. LED Technik ist v\u00f6llig Wartungsfrei.\",\"breadcrumb\":{\"@id\":\"https:\\\/\\\/www.ador-dental.de\\\/produkt\\\/uv-lichthaertegeraet-traydex-18\\\/#breadcrumb\"},\"inLanguage\":\"it-IT\",\"potentialAction\":[{\"@type\":\"ReadAction\",\"target\":[\"https:\\\/\\\/www.ador-dental.de\\\/produkt\\\/uv-lichthaertegeraet-traydex-18\\\/\"]}]},{\"@type\":\"ImageObject\",\"inLanguage\":\"it-IT\",\"@id\":\"https:\\\/\\\/www.ador-dental.de\\\/produkt\\\/uv-lichthaertegeraet-traydex-18\\\/#primaryimage\",\"url\":\"https:\\\/\\\/www.ador-dental.de\\\/wp-content\\\/uploads\\\/2021\\\/05\\\/Produktbild-Traydex-18.png\",\"contentUrl\":\"https:\\\/\\\/www.ador-dental.de\\\/wp-content\\\/uploads\\\/2021\\\/05\\\/Produktbild-Traydex-18.png\",\"width\":1024,\"height\":1024,\"caption\":\"UV-Lichth\u00e4rteger\u00e4t\"},{\"@type\":\"BreadcrumbList\",\"@id\":\"https:\\\/\\\/www.ador-dental.de\\\/produkt\\\/uv-lichthaertegeraet-traydex-18\\\/#breadcrumb\",\"itemListElement\":[{\"@type\":\"ListItem\",\"position\":1,\"name\":\"Startseite\",\"item\":\"https:\\\/\\\/www.ador-dental.de\\\/\"},{\"@type\":\"ListItem\",\"position\":2,\"name\":\"Shop\",\"item\":\"https:\\\/\\\/www.ador-dental.de\\\/en\\\/shop\\\/\"},{\"@type\":\"ListItem\",\"position\":3,\"name\":\"UV-Lichth\u00e4rteger\u00e4t Traydex 18\"}]},{\"@type\":\"WebSite\",\"@id\":\"https:\\\/\\\/www.ador-dental.de\\\/en\\\/#website\",\"url\":\"https:\\\/\\\/www.ador-dental.de\\\/en\\\/\",\"name\":\"Ador Dental GmbH\",\"description\":\"\",\"publisher\":{\"@id\":\"https:\\\/\\\/www.ador-dental.de\\\/en\\\/#organization\"},\"potentialAction\":[{\"@type\":\"SearchAction\",\"target\":{\"@type\":\"EntryPoint\",\"urlTemplate\":\"https:\\\/\\\/www.ador-dental.de\\\/en\\\/?s={search_term_string}\"},\"query-input\":{\"@type\":\"PropertyValueSpecification\",\"valueRequired\":true,\"valueName\":\"search_term_string\"}}],\"inLanguage\":\"it-IT\"},{\"@type\":\"Organization\",\"@id\":\"https:\\\/\\\/www.ador-dental.de\\\/en\\\/#organization\",\"name\":\"Ador Dental GmbH\",\"url\":\"https:\\\/\\\/www.ador-dental.de\\\/en\\\/\",\"logo\":{\"@type\":\"ImageObject\",\"inLanguage\":\"it-IT\",\"@id\":\"https:\\\/\\\/www.ador-dental.de\\\/en\\\/#\\\/schema\\\/logo\\\/image\\\/\",\"url\":\"https:\\\/\\\/www.ador-dental.de\\\/wp-content\\\/uploads\\\/2021\\\/10\\\/ADOR_Logo_DentalSolutions_2020_Black.svg\",\"contentUrl\":\"https:\\\/\\\/www.ador-dental.de\\\/wp-content\\\/uploads\\\/2021\\\/10\\\/ADOR_Logo_DentalSolutions_2020_Black.svg\",\"width\":678,\"height\":261,\"caption\":\"Ador Dental GmbH\"},\"image\":{\"@id\":\"https:\\\/\\\/www.ador-dental.de\\\/en\\\/#\\\/schema\\\/logo\\\/image\\\/\"}}]}<\/script>\n<!-- \/ Yoast SEO plugin. -->","yoast_head_json":{"title":"UV-Lichth\u00e4rteger\u00e4t Traydex 18 - Ador Dental GmbH","description":"TRAYDEX 18 ist ein breitbandiges LED-UV-Lichh\u00e4rteger\u00e4t speziell f\u00fcr dentale Anwendungen. LED Technik ist v\u00f6llig Wartungsfrei.","robots":{"index":"index","follow":"follow","max-snippet":"max-snippet:-1","max-image-preview":"max-image-preview:large","max-video-preview":"max-video-preview:-1"},"canonical":"https:\/\/www.ador-dental.de\/it\/prodotto\/uv-lichthaertegeraet-traydex-18\/","og_locale":"it_IT","og_type":"article","og_title":"UV-Lichth\u00e4rteger\u00e4t Traydex 18 - Ador Dental GmbH","og_description":"TRAYDEX 18 ist ein breitbandiges LED-UV-Lichh\u00e4rteger\u00e4t speziell f\u00fcr dentale Anwendungen. LED Technik ist v\u00f6llig Wartungsfrei.","og_url":"https:\/\/www.ador-dental.de\/it\/prodotto\/uv-lichthaertegeraet-traydex-18\/","og_site_name":"Ador Dental GmbH","article_modified_time":"2024-11-07T08:50:42+00:00","og_image":[{"width":1024,"height":1024,"url":"https:\/\/www.ador-dental.de\/wp-content\/uploads\/2021\/05\/Produktbild-Traydex-18.png","type":"image\/png"}],"twitter_card":"summary_large_image","twitter_misc":{"Tempo di lettura stimato":"2 minuti"},"schema":{"@context":"https:\/\/schema.org","@graph":[{"@type":"WebPage","@id":"https:\/\/www.ador-dental.de\/produkt\/uv-lichthaertegeraet-traydex-18\/","url":"https:\/\/www.ador-dental.de\/produkt\/uv-lichthaertegeraet-traydex-18\/","name":"UV-Lichth\u00e4rteger\u00e4t Traydex 18 - Ador Dental GmbH","isPartOf":{"@id":"https:\/\/www.ador-dental.de\/en\/#website"},"primaryImageOfPage":{"@id":"https:\/\/www.ador-dental.de\/produkt\/uv-lichthaertegeraet-traydex-18\/#primaryimage"},"image":{"@id":"https:\/\/www.ador-dental.de\/produkt\/uv-lichthaertegeraet-traydex-18\/#primaryimage"},"thumbnailUrl":"https:\/\/www.ador-dental.de\/wp-content\/uploads\/2021\/05\/Produktbild-Traydex-18.png","datePublished":"2024-11-07T08:39:58+00:00","dateModified":"2024-11-07T08:50:42+00:00","description":"TRAYDEX 18 ist ein breitbandiges LED-UV-Lichh\u00e4rteger\u00e4t speziell f\u00fcr dentale Anwendungen. LED Technik ist v\u00f6llig Wartungsfrei.","breadcrumb":{"@id":"https:\/\/www.ador-dental.de\/produkt\/uv-lichthaertegeraet-traydex-18\/#breadcrumb"},"inLanguage":"it-IT","potentialAction":[{"@type":"ReadAction","target":["https:\/\/www.ador-dental.de\/produkt\/uv-lichthaertegeraet-traydex-18\/"]}]},{"@type":"ImageObject","inLanguage":"it-IT","@id":"https:\/\/www.ador-dental.de\/produkt\/uv-lichthaertegeraet-traydex-18\/#primaryimage","url":"https:\/\/www.ador-dental.de\/wp-content\/uploads\/2021\/05\/Produktbild-Traydex-18.png","contentUrl":"https:\/\/www.ador-dental.de\/wp-content\/uploads\/2021\/05\/Produktbild-Traydex-18.png","width":1024,"height":1024,"caption":"UV-Lichth\u00e4rteger\u00e4t"},{"@type":"BreadcrumbList","@id":"https:\/\/www.ador-dental.de\/produkt\/uv-lichthaertegeraet-traydex-18\/#breadcrumb","itemListElement":[{"@type":"ListItem","position":1,"name":"Startseite","item":"https:\/\/www.ador-dental.de\/"},{"@type":"ListItem","position":2,"name":"Shop","item":"https:\/\/www.ador-dental.de\/en\/shop\/"},{"@type":"ListItem","position":3,"name":"UV-Lichth\u00e4rteger\u00e4t Traydex 18"}]},{"@type":"WebSite","@id":"https:\/\/www.ador-dental.de\/en\/#website","url":"https:\/\/www.ador-dental.de\/en\/","name":"Ador Dental GmbH","description":"","publisher":{"@id":"https:\/\/www.ador-dental.de\/en\/#organization"},"potentialAction":[{"@type":"SearchAction","target":{"@type":"EntryPoint","urlTemplate":"https:\/\/www.ador-dental.de\/en\/?s={search_term_string}"},"query-input":{"@type":"PropertyValueSpecification","valueRequired":true,"valueName":"search_term_string"}}],"inLanguage":"it-IT"},{"@type":"Organization","@id":"https:\/\/www.ador-dental.de\/en\/#organization","name":"Ador Dental GmbH","url":"https:\/\/www.ador-dental.de\/en\/","logo":{"@type":"ImageObject","inLanguage":"it-IT","@id":"https:\/\/www.ador-dental.de\/en\/#\/schema\/logo\/image\/","url":"https:\/\/www.ador-dental.de\/wp-content\/uploads\/2021\/10\/ADOR_Logo_DentalSolutions_2020_Black.svg","contentUrl":"https:\/\/www.ador-dental.de\/wp-content\/uploads\/2021\/10\/ADOR_Logo_DentalSolutions_2020_Black.svg","width":678,"height":261,"caption":"Ador Dental GmbH"},"image":{"@id":"https:\/\/www.ador-dental.de\/en\/#\/schema\/logo\/image\/"}}]}},"_links":{"self":[{"href":"https:\/\/www.ador-dental.de\/it\/wp-json\/wp\/v2\/product\/29008","targetHints":{"allow":["GET"]}}],"collection":[{"href":"https:\/\/www.ador-dental.de\/it\/wp-json\/wp\/v2\/product"}],"about":[{"href":"https:\/\/www.ador-dental.de\/it\/wp-json\/wp\/v2\/types\/product"}],"replies":[{"embeddable":true,"href":"https:\/\/www.ador-dental.de\/it\/wp-json\/wp\/v2\/comments?post=29008"}],"version-history":[{"count":1,"href":"https:\/\/www.ador-dental.de\/it\/wp-json\/wp\/v2\/product\/29008\/revisions"}],"predecessor-version":[{"id":29009,"href":"https:\/\/www.ador-dental.de\/it\/wp-json\/wp\/v2\/product\/29008\/revisions\/29009"}],"wp:featuredmedia":[{"embeddable":true,"href":"https:\/\/www.ador-dental.de\/it\/wp-json\/wp\/v2\/media\/16274"}],"wp:attachment":[{"href":"https:\/\/www.ador-dental.de\/it\/wp-json\/wp\/v2\/media?parent=29008"}],"wp:term":[{"taxonomy":"product_brand","embeddable":true,"href":"https:\/\/www.ador-dental.de\/it\/wp-json\/wp\/v2\/product_brand?post=29008"},{"taxonomy":"product_cat","embeddable":true,"href":"https:\/\/www.ador-dental.de\/it\/wp-json\/wp\/v2\/product_cat?post=29008"},{"taxonomy":"product_tag","embeddable":true,"href":"https:\/\/www.ador-dental.de\/it\/wp-json\/wp\/v2\/product_tag?post=29008"}],"curies":[{"name":"wp","href":"https:\/\/api.w.org\/{rel}","templated":true}]}}