{"id":28955,"date":"2024-10-28T14:26:44","date_gmt":"2024-10-28T13:26:44","guid":{"rendered":"https:\/\/www.ador-dental.de\/?post_type=product&#038;p=28955"},"modified":"2026-02-18T14:54:28","modified_gmt":"2026-02-18T13:54:28","slug":"dwx-53d","status":"publish","type":"product","link":"https:\/\/www.ador-dental.de\/it\/prodotto\/dwx-53d\/","title":{"rendered":"DWX-53D"},"content":{"rendered":"<h3>hervorragende Fr\u00e4squalit\u00e4t<\/h3>\n<p>Das Unterschneiden von Prothesen und Frontz\u00e4hnen wird reduziert, indem die Neigung der B-Achse von 30 Grad bei der DWX-52D auf 35 Grad bei der DWX-53D erh\u00f6ht wird. Das sorgt daf\u00fcr, dass bei der Fertigung einer Vollkiefer Konstruktion mehr Details erzielt werden k\u00f6nnen. Die <span style=\"color: var( --e-global-color-text ); font-family: var( --e-global-typography-text-font-family ), Sans-serif; font-weight: var( --e-global-typography-text-font-weight ); background-color: var(--nv-site-bg); font-size: var(--bodyfontsize); letter-spacing: var(--bodyletterspacing); text-transform: var(--bodytexttransform);\">Spindel hat au\u00dferdem eine deutlich h\u00f6here Greifkraft.<\/span><\/p>\n<h3>H\u00f6here Produktivit\u00e4t Durch verst\u00e4rkte Rahmenstruktur<\/h3>\n<p class=\"p1\">Durch die schnelleren Motoren und durch die\u00a0 steifere Struktur der Maschine k\u00f6nnen 30 &#8211; 48 % Zeiteinsparung erreicht werden. Das sorgt au\u00dferdem auch daf\u00fcr, dass die Fl\u00e4chen der Endprodukte homogener sind. Es ist au\u00dferdem m\u00f6glich, manuell zu justieren beziehungsweise die Kalibrierung der Maschine durch Fr\u00e4sen bestimmter geometrischer Formen zu verbessern.<\/p>\n<h3>Automatische Reinigung<\/h3>\n<p>Das Reinigungssystem bl\u00e4st Staub mit einem Hochdruck-Luftstrom ab, und entfernt <span class=\"s2\">95%. <\/span>\u00a0Diese neue Funktion reduziert die Zeit, die sonst zum manuellen Entfernen von Zirkonstaub ben\u00f6tigt wird.<\/p>\n<h3>Integrierte Kamera<\/h3>\n<p>Die integrierte Kamera, die mit DGSHAPE Insights verbunden ist, liefert Live-Bilder und Updates, sodass Benutzer den Status ihrer Maschine und den Produktionsfortschritt von \u00fcberall und jederzeit mit einem Smartphone, Tablet oder PC \u00fcberwachen k\u00f6nnen. Diese Updates unterst\u00fctzen auch die rechtzeitige Wartung und Instandhaltung.<\/p>\n<h3>UP And Down Schiebet\u00fcr<\/h3>\n<p>Die T\u00fcr hat unten einen Griff und wird durch nach oben Schieben ge\u00f6ffnet. Diese Methode reduziert die Staubmenge, die aus der Maschine austritt.<\/p>\n<h3>Adapter Demontieren und Verriegeln<\/h3>\n<p>Die abnehmbaren und abschlie\u00dfbaren Adapterteile wurden von der DWX-52D weiterentwickelt. Der Befestigungsknopf ist gro\u00df und leicht zu greifen, um einh\u00e4ndiges Anbringen\/Entfernen und einh\u00e4ndiges Verriegeln zu erm\u00f6glichen<\/p>\n<h3>Temperaturausgleich und Kontrolle<\/h3>\n<p>Eine Fr\u00e4smaschine ist ein Verbund aus vielen Metallteilen, die Teile selbst dehnen sich mit der Temperatur aus und ziehen sich zusammen. Der integrierte Temperatursensor warnt den Benutzer, wenn Schwankungen der Umgebungstemperatur die Fr\u00e4sgenauigkeit beeintr\u00e4chtigen k\u00f6nnen.<\/p>\n<h3>\u00dcberblick<\/h3>\n<div>\u2022Schnell &amp; Sauber<\/div>\n<div>\u2022hochwertige und homogene ergebnisse<\/div>\n<div>\u2022hohe steifigkeit<\/div>\n<div>\u2022Automatischer Kalibrierung, Manuelle Kalibrierung<\/div>\n<div>\u2022Automatischer Temperaturausgleich<\/div>\n<div>\u2022Einfach zu bedienen<\/div>\n<div>\u2022Automatisches Reinigungssystem<\/div>\n<div>\u2022Einfach zu greifen f\u00fcr einh\u00e4ndiges Arbeiten<\/div>\n<div>\u2022Up-and-down Schiebet\u00fcr<\/div>\n<div><\/div>\n<h3><\/h3>\n<h3>Fr\u00e4sbares Material<\/h3>\n<div>Entdecken Sie die Vielfalt der Materialien, die Sie mit Ihrer neuen DWX-53D fr\u00e4sen k\u00f6nnen:<\/div>\n<div>\u2022Zirkonia<\/div>\n<div>\u2022Wachs<\/div>\n<div>\u2022aus PMMA<\/div>\n<div>\u2022Kompositharz<\/div>\n<div>\u2022SP\u00c4HEN<\/div>\n<div>\u2022PEKK<\/div>\n<div>\u2022Gips<\/div>\n<div>\u2022Polycarbonat<\/div>\n<div>\u2022Glasfaserverst\u00e4rktes Harz<\/div>\n<div>\u2022CoCr-Sintermetall<\/div>\n<div><\/div>\n<h3><\/h3>\n<h3>Fr\u00e4sbare Anwendungen<\/h3>\n<div>Entdecken Sie die vielf\u00e4ltigen Anwendungen, die Sie mit Ihrer DWX-53D erstellen k\u00f6nnen: Egal ob Sie Zahnkronen, Br\u00fccken oder individuelle Implantate herstellen, diese fortschrittliche Technologie gew\u00e4hrleistet au\u00dfergew\u00f6hnliche Qualit\u00e4t und Konsistenz bei jedem St\u00fcck. Mit dem DWX-53D k\u00f6nnen Sie ein breites Spektrum zahnmedizinischer Anwendungen erkunden, die alle mit den h\u00f6chsten Genauigkeits- und Detailstandards hergestellt werden: Inlays, Onlays, Overlays, Kronen, Br\u00fccken, Toronto Br\u00fccken, Implantate, Veneers, Bohrschablonen, Aufbissschienen, Herausnehmbaren Zahnersatz, Kappen<\/div>\n<div><\/div>\n<h3><\/h3>\n<h3>Gewicht und Abmessungen<\/h3>\n<div>Gewicht: 105 kg (231,49 lb.) Breite 598<\/div>\n<div>Breite \u00d7 Tiefe \u00d7 H\u00f6he: 555 \u00d7 725 \u00d7 705 mm (21,85 \u00d7 28,54 \u00d7 27,76 Zoll)<\/div>\n<div><\/div>\n<h3><\/h3>\n<h3>Belastbare Werkst\u00fcckform<\/h3>\n<div>Scheibenf\u00f6rmiges (mit Stufe) Werkst\u00fcck<\/div>\n<div>Stufenabschnitt: 98,5 mm (3,88 Zoll) (Durchmesser), 10 \u00b1 0,3 mm (0,39 \u00b1 0,01 Zoll) (H\u00f6he)\u2028K\u00f6rperabschnitt: 95 mm (3,74 Zoll) (Durchmesser), 60 mm (2,36 Zoll) max. (H\u00f6he)<\/div>\n<div>Belastbarkeit der Werkst\u00fcckformen: 850g oder weniger<\/div>\n<div><\/div>\n<h3><\/h3>\n<h3>Geschwindigkeit und Achsbewegungswinkel<\/h3>\n<div><strong>Velocit\u00e0 di funzionamento<\/strong><\/div>\n<div>X, Y: 3.000 mm\/min (118,11 Zoll\/min) max., Z: 2.700 mm\/min (106,29 Zoll\/min) max.\u2028Spindeldrehzahl: 6.000 bis 30.000 U\/min\u2028Bewegungswinkel der Drehachse: A: \u00b1 360\u00b0, B: \u00b1 35\u00b0<\/div>\n<div><strong>Verfahrwinkel der Drehachse<\/strong><\/div>\n<div>A: \u00b1360\u00b0 , B: \u00b135\u00b0<\/div>\n<div><\/div>\n<h3><\/h3>\n<h3>Taglierine attaccabili<\/h3>\n<div>Anzahl der untergebrachten Fr\u00e4ser 15<\/div>\n<div>Schaftdurchmesser: 4 mm (0,16 Zoll), L\u00e4nge: 40 bis 55 mm (1,57 bis 2,17 Zoll)<\/div>\n<div><\/div>\n<h3><\/h3>\n<h3>Informationen zur Leistung<\/h3>\n<div>Schnittstelle: USB<\/div>\n<div>Strombedarf 100 bis 240 VAC \u00b1 10 %, 50\/60 Hz (\u00dcberspannungskategorie: II, IEC 60664-1), 1,8 A<br \/>\nLeistungsaufnahme: Ca. 170 W<\/div>\n<p>&nbsp;<\/p>\n<h3>Weitere Technische Daten:<\/h3>\n<p>Steuerungsbefehlssatz: RML-1, NC Code<br \/>\nKompatible Druckluft: 0,4 MPa<br \/>\nSpindelmotor: B\u00fcrstenloser DC Motor<br \/>\nGeschwindigkeit des Spindelmotors: 6.000 bis 30.000 rpm<\/p>\n<p>&nbsp;<\/p>\n<h3><\/h3>\n<div id=\"zoom_large_container\" class=\"elementor-element elementor-element-8907abe e-con-full e-flex e-con e-child\" data-id=\"8907abe\" data-element_type=\"container\">\n<div class=\"elementor-element elementor-element-cf6187c elementor-widget elementor-widget-heading\" data-id=\"cf6187c\" data-element_type=\"widget\" data-widget_type=\"heading.default\">\n<div class=\"elementor-widget-container\"><\/div>\n<\/div>\n<\/div>\n<div class=\"elementor-element elementor-element-4eb98be e-con-full four_thumbs_container elementor-hidden-tablet e-flex e-con e-child\" data-id=\"4eb98be\" data-element_type=\"container\">\n<div class=\"elementor-element elementor-element-4440247 elementor-widget__width-initial elementor-position-top elementor-vertical-align-top elementor-widget elementor-widget-zoom-image-box\" data-id=\"4440247\" data-element_type=\"widget\" data-widget_type=\"zoom-image-box.default\">\n<div class=\"elementor-widget-container\">\n<div class=\"elementor-image-box-wrapper\">\n<div class=\"elementor-image-box-content\">\n<h3 class=\"elementor-image-box-title\"><\/h3>\n<\/div>\n<\/div>\n<div class=\"elementor-element elementor-element-513c37f elementor-widget__width-initial elementor-position-top elementor-vertical-align-top elementor-widget elementor-widget-zoom-image-box\" data-id=\"513c37f\" data-element_type=\"widget\" data-widget_type=\"zoom-image-box.default\">\n<div class=\"elementor-widget-container\">\n<div class=\"elementor-image-box-wrapper\">\n<figure class=\"elementor-image-box-img\"><\/figure>\n<div class=\"elementor-image-box-content\"><\/div>\n<\/div>\n<\/div>\n<div class=\"elementor-element elementor-element-4e94a52 elementor-widget__width-initial elementor-position-top elementor-vertical-align-top elementor-widget elementor-widget-zoom-image-box\" data-id=\"4e94a52\" data-element_type=\"widget\" data-widget_type=\"zoom-image-box.default\">\n<div class=\"elementor-widget-container\">\n<div class=\"elementor-image-box-wrapper\">\n<div class=\"elementor-image-box-content\"><\/div>\n<\/div>\n<\/div>\n<p>&nbsp;<\/p>\n<\/div>\n<\/div>\n<\/div>\n<\/div>\n<\/div>","protected":false},"excerpt":{"rendered":"<p>Die DWX-53D bietet eine h\u00f6here Steifigkeit f\u00fcr eine schnellere Produktion und hochwertigere Ergebnisse, insbesondere bei Polymeren. Sie eignet sich hervorragend f\u00fcr alle Anwender, die digitale Zahnersatzteile oder h\u00f6here Produktivit\u00e4tsstufen in PMMA und PEEK fr\u00e4sen m\u00f6chten.<\/p>\n<p>UVP: 27.950,00 \u20ac<\/p>\n<p>&nbsp;<\/p>","protected":false},"featured_media":28959,"comment_status":"open","ping_status":"closed","template":"","meta":{"neve_meta_sidebar":"","neve_meta_container":"","neve_meta_enable_content_width":"off","neve_meta_content_width":70,"neve_meta_title_alignment":"","neve_meta_author_avatar":"","neve_post_elements_order":"","neve_meta_disable_header":"","neve_meta_disable_footer":"","neve_meta_disable_title":"","_themeisle_gutenberg_block_has_review":false},"product_brand":[],"product_cat":[836,1247,1154,624],"product_tag":[434,1155,835],"class_list":{"0":"post-28955","1":"product","2":"type-product","3":"status-publish","4":"has-post-thumbnail","6":"product_cat-dgshape","7":"product_cat-dwx-53d","8":"product_cat-dwx-53d-fraesmaschine","9":"product_cat-equipment","10":"product_tag-dentalheld","11":"product_tag-dwx-53d","12":"product_tag-fraesmaschine","14":"first","15":"instock","16":"taxable","17":"shipping-taxable","18":"product-type-simple"},"yoast_head":"<!-- This site is optimized with the Yoast SEO plugin v27.4 - https:\/\/yoast.com\/product\/yoast-seo-wordpress\/ -->\n<title>DWX-53D - Ador Dental GmbH<\/title>\n<meta name=\"description\" content=\"Die DWX-53D bietet eine h\u00f6here Steifigkeit fu\u0308r eine schnellere Produktion und hochwertigere Ergebnisse, insbesondere bei Polymeren.\" \/>\n<meta name=\"robots\" content=\"index, follow, max-snippet:-1, max-image-preview:large, max-video-preview:-1\" \/>\n<link rel=\"canonical\" href=\"https:\/\/www.ador-dental.de\/it\/prodotto\/dwx-53d\/\" \/>\n<meta property=\"og:locale\" content=\"it_IT\" \/>\n<meta property=\"og:type\" content=\"article\" \/>\n<meta property=\"og:title\" content=\"DWX-53D - Ador Dental GmbH\" \/>\n<meta property=\"og:description\" content=\"Die DWX-53D bietet eine h\u00f6here Steifigkeit fu\u0308r eine schnellere Produktion und hochwertigere Ergebnisse, insbesondere bei Polymeren.\" \/>\n<meta property=\"og:url\" content=\"https:\/\/www.ador-dental.de\/it\/prodotto\/dwx-53d\/\" \/>\n<meta property=\"og:site_name\" content=\"Ador Dental GmbH\" \/>\n<meta property=\"article:modified_time\" content=\"2026-02-18T13:54:28+00:00\" \/>\n<meta property=\"og:image\" content=\"https:\/\/www.ador-dental.de\/wp-content\/uploads\/2024\/10\/DWX53D-Produktfoto.png\" \/>\n\t<meta property=\"og:image:width\" content=\"1024\" \/>\n\t<meta property=\"og:image:height\" content=\"1024\" \/>\n\t<meta property=\"og:image:type\" content=\"image\/png\" \/>\n<meta name=\"twitter:card\" content=\"summary_large_image\" \/>\n<meta name=\"twitter:label1\" content=\"Tempo di lettura stimato\" \/>\n\t<meta name=\"twitter:data1\" content=\"3 minuti\" \/>\n<script type=\"application\/ld+json\" class=\"yoast-schema-graph\">{\"@context\":\"https:\\\/\\\/schema.org\",\"@graph\":[{\"@type\":\"WebPage\",\"@id\":\"https:\\\/\\\/www.ador-dental.de\\\/produkt\\\/dwx-53d\\\/\",\"url\":\"https:\\\/\\\/www.ador-dental.de\\\/produkt\\\/dwx-53d\\\/\",\"name\":\"DWX-53D - Ador Dental GmbH\",\"isPartOf\":{\"@id\":\"https:\\\/\\\/www.ador-dental.de\\\/en\\\/#website\"},\"primaryImageOfPage\":{\"@id\":\"https:\\\/\\\/www.ador-dental.de\\\/produkt\\\/dwx-53d\\\/#primaryimage\"},\"image\":{\"@id\":\"https:\\\/\\\/www.ador-dental.de\\\/produkt\\\/dwx-53d\\\/#primaryimage\"},\"thumbnailUrl\":\"https:\\\/\\\/www.ador-dental.de\\\/wp-content\\\/uploads\\\/2024\\\/10\\\/DWX53D-Produktfoto.png\",\"datePublished\":\"2024-10-28T13:26:44+00:00\",\"dateModified\":\"2026-02-18T13:54:28+00:00\",\"description\":\"Die DWX-53D bietet eine h\u00f6here Steifigkeit fu\u0308r eine schnellere Produktion und hochwertigere Ergebnisse, insbesondere bei Polymeren.\",\"breadcrumb\":{\"@id\":\"https:\\\/\\\/www.ador-dental.de\\\/produkt\\\/dwx-53d\\\/#breadcrumb\"},\"inLanguage\":\"it-IT\",\"potentialAction\":[{\"@type\":\"ReadAction\",\"target\":[\"https:\\\/\\\/www.ador-dental.de\\\/produkt\\\/dwx-53d\\\/\"]}]},{\"@type\":\"ImageObject\",\"inLanguage\":\"it-IT\",\"@id\":\"https:\\\/\\\/www.ador-dental.de\\\/produkt\\\/dwx-53d\\\/#primaryimage\",\"url\":\"https:\\\/\\\/www.ador-dental.de\\\/wp-content\\\/uploads\\\/2024\\\/10\\\/DWX53D-Produktfoto.png\",\"contentUrl\":\"https:\\\/\\\/www.ador-dental.de\\\/wp-content\\\/uploads\\\/2024\\\/10\\\/DWX53D-Produktfoto.png\",\"width\":1024,\"height\":1024},{\"@type\":\"BreadcrumbList\",\"@id\":\"https:\\\/\\\/www.ador-dental.de\\\/produkt\\\/dwx-53d\\\/#breadcrumb\",\"itemListElement\":[{\"@type\":\"ListItem\",\"position\":1,\"name\":\"Startseite\",\"item\":\"https:\\\/\\\/www.ador-dental.de\\\/\"},{\"@type\":\"ListItem\",\"position\":2,\"name\":\"Shop\",\"item\":\"https:\\\/\\\/www.ador-dental.de\\\/en\\\/shop\\\/\"},{\"@type\":\"ListItem\",\"position\":3,\"name\":\"DWX-53D\"}]},{\"@type\":\"WebSite\",\"@id\":\"https:\\\/\\\/www.ador-dental.de\\\/en\\\/#website\",\"url\":\"https:\\\/\\\/www.ador-dental.de\\\/en\\\/\",\"name\":\"Ador Dental GmbH\",\"description\":\"\",\"publisher\":{\"@id\":\"https:\\\/\\\/www.ador-dental.de\\\/en\\\/#organization\"},\"potentialAction\":[{\"@type\":\"SearchAction\",\"target\":{\"@type\":\"EntryPoint\",\"urlTemplate\":\"https:\\\/\\\/www.ador-dental.de\\\/en\\\/?s={search_term_string}\"},\"query-input\":{\"@type\":\"PropertyValueSpecification\",\"valueRequired\":true,\"valueName\":\"search_term_string\"}}],\"inLanguage\":\"it-IT\"},{\"@type\":\"Organization\",\"@id\":\"https:\\\/\\\/www.ador-dental.de\\\/en\\\/#organization\",\"name\":\"Ador Dental GmbH\",\"url\":\"https:\\\/\\\/www.ador-dental.de\\\/en\\\/\",\"logo\":{\"@type\":\"ImageObject\",\"inLanguage\":\"it-IT\",\"@id\":\"https:\\\/\\\/www.ador-dental.de\\\/en\\\/#\\\/schema\\\/logo\\\/image\\\/\",\"url\":\"https:\\\/\\\/www.ador-dental.de\\\/wp-content\\\/uploads\\\/2021\\\/10\\\/ADOR_Logo_DentalSolutions_2020_Black.svg\",\"contentUrl\":\"https:\\\/\\\/www.ador-dental.de\\\/wp-content\\\/uploads\\\/2021\\\/10\\\/ADOR_Logo_DentalSolutions_2020_Black.svg\",\"width\":678,\"height\":261,\"caption\":\"Ador Dental GmbH\"},\"image\":{\"@id\":\"https:\\\/\\\/www.ador-dental.de\\\/en\\\/#\\\/schema\\\/logo\\\/image\\\/\"}}]}<\/script>\n<!-- \/ Yoast SEO plugin. -->","yoast_head_json":{"title":"DWX-53D - Ador Dental GmbH","description":"Die DWX-53D bietet eine h\u00f6here Steifigkeit fu\u0308r eine schnellere Produktion und hochwertigere Ergebnisse, insbesondere bei Polymeren.","robots":{"index":"index","follow":"follow","max-snippet":"max-snippet:-1","max-image-preview":"max-image-preview:large","max-video-preview":"max-video-preview:-1"},"canonical":"https:\/\/www.ador-dental.de\/it\/prodotto\/dwx-53d\/","og_locale":"it_IT","og_type":"article","og_title":"DWX-53D - Ador Dental GmbH","og_description":"Die DWX-53D bietet eine h\u00f6here Steifigkeit fu\u0308r eine schnellere Produktion und hochwertigere Ergebnisse, insbesondere bei Polymeren.","og_url":"https:\/\/www.ador-dental.de\/it\/prodotto\/dwx-53d\/","og_site_name":"Ador Dental GmbH","article_modified_time":"2026-02-18T13:54:28+00:00","og_image":[{"width":1024,"height":1024,"url":"https:\/\/www.ador-dental.de\/wp-content\/uploads\/2024\/10\/DWX53D-Produktfoto.png","type":"image\/png"}],"twitter_card":"summary_large_image","twitter_misc":{"Tempo di lettura stimato":"3 minuti"},"schema":{"@context":"https:\/\/schema.org","@graph":[{"@type":"WebPage","@id":"https:\/\/www.ador-dental.de\/produkt\/dwx-53d\/","url":"https:\/\/www.ador-dental.de\/produkt\/dwx-53d\/","name":"DWX-53D - Ador Dental GmbH","isPartOf":{"@id":"https:\/\/www.ador-dental.de\/en\/#website"},"primaryImageOfPage":{"@id":"https:\/\/www.ador-dental.de\/produkt\/dwx-53d\/#primaryimage"},"image":{"@id":"https:\/\/www.ador-dental.de\/produkt\/dwx-53d\/#primaryimage"},"thumbnailUrl":"https:\/\/www.ador-dental.de\/wp-content\/uploads\/2024\/10\/DWX53D-Produktfoto.png","datePublished":"2024-10-28T13:26:44+00:00","dateModified":"2026-02-18T13:54:28+00:00","description":"Die DWX-53D bietet eine h\u00f6here Steifigkeit fu\u0308r eine schnellere Produktion und hochwertigere Ergebnisse, insbesondere bei Polymeren.","breadcrumb":{"@id":"https:\/\/www.ador-dental.de\/produkt\/dwx-53d\/#breadcrumb"},"inLanguage":"it-IT","potentialAction":[{"@type":"ReadAction","target":["https:\/\/www.ador-dental.de\/produkt\/dwx-53d\/"]}]},{"@type":"ImageObject","inLanguage":"it-IT","@id":"https:\/\/www.ador-dental.de\/produkt\/dwx-53d\/#primaryimage","url":"https:\/\/www.ador-dental.de\/wp-content\/uploads\/2024\/10\/DWX53D-Produktfoto.png","contentUrl":"https:\/\/www.ador-dental.de\/wp-content\/uploads\/2024\/10\/DWX53D-Produktfoto.png","width":1024,"height":1024},{"@type":"BreadcrumbList","@id":"https:\/\/www.ador-dental.de\/produkt\/dwx-53d\/#breadcrumb","itemListElement":[{"@type":"ListItem","position":1,"name":"Startseite","item":"https:\/\/www.ador-dental.de\/"},{"@type":"ListItem","position":2,"name":"Shop","item":"https:\/\/www.ador-dental.de\/en\/shop\/"},{"@type":"ListItem","position":3,"name":"DWX-53D"}]},{"@type":"WebSite","@id":"https:\/\/www.ador-dental.de\/en\/#website","url":"https:\/\/www.ador-dental.de\/en\/","name":"Ador Dental GmbH","description":"","publisher":{"@id":"https:\/\/www.ador-dental.de\/en\/#organization"},"potentialAction":[{"@type":"SearchAction","target":{"@type":"EntryPoint","urlTemplate":"https:\/\/www.ador-dental.de\/en\/?s={search_term_string}"},"query-input":{"@type":"PropertyValueSpecification","valueRequired":true,"valueName":"search_term_string"}}],"inLanguage":"it-IT"},{"@type":"Organization","@id":"https:\/\/www.ador-dental.de\/en\/#organization","name":"Ador Dental GmbH","url":"https:\/\/www.ador-dental.de\/en\/","logo":{"@type":"ImageObject","inLanguage":"it-IT","@id":"https:\/\/www.ador-dental.de\/en\/#\/schema\/logo\/image\/","url":"https:\/\/www.ador-dental.de\/wp-content\/uploads\/2021\/10\/ADOR_Logo_DentalSolutions_2020_Black.svg","contentUrl":"https:\/\/www.ador-dental.de\/wp-content\/uploads\/2021\/10\/ADOR_Logo_DentalSolutions_2020_Black.svg","width":678,"height":261,"caption":"Ador Dental GmbH"},"image":{"@id":"https:\/\/www.ador-dental.de\/en\/#\/schema\/logo\/image\/"}}]}},"_links":{"self":[{"href":"https:\/\/www.ador-dental.de\/it\/wp-json\/wp\/v2\/product\/28955","targetHints":{"allow":["GET"]}}],"collection":[{"href":"https:\/\/www.ador-dental.de\/it\/wp-json\/wp\/v2\/product"}],"about":[{"href":"https:\/\/www.ador-dental.de\/it\/wp-json\/wp\/v2\/types\/product"}],"replies":[{"embeddable":true,"href":"https:\/\/www.ador-dental.de\/it\/wp-json\/wp\/v2\/comments?post=28955"}],"version-history":[{"count":30,"href":"https:\/\/www.ador-dental.de\/it\/wp-json\/wp\/v2\/product\/28955\/revisions"}],"predecessor-version":[{"id":31027,"href":"https:\/\/www.ador-dental.de\/it\/wp-json\/wp\/v2\/product\/28955\/revisions\/31027"}],"wp:featuredmedia":[{"embeddable":true,"href":"https:\/\/www.ador-dental.de\/it\/wp-json\/wp\/v2\/media\/28959"}],"wp:attachment":[{"href":"https:\/\/www.ador-dental.de\/it\/wp-json\/wp\/v2\/media?parent=28955"}],"wp:term":[{"taxonomy":"product_brand","embeddable":true,"href":"https:\/\/www.ador-dental.de\/it\/wp-json\/wp\/v2\/product_brand?post=28955"},{"taxonomy":"product_cat","embeddable":true,"href":"https:\/\/www.ador-dental.de\/it\/wp-json\/wp\/v2\/product_cat?post=28955"},{"taxonomy":"product_tag","embeddable":true,"href":"https:\/\/www.ador-dental.de\/it\/wp-json\/wp\/v2\/product_tag?post=28955"}],"curies":[{"name":"wp","href":"https:\/\/api.w.org\/{rel}","templated":true}]}}