{"id":26915,"date":"2023-09-18T12:00:42","date_gmt":"2023-09-18T10:00:42","guid":{"rendered":"https:\/\/www.ador-dental.de\/?post_type=product&#038;p=26915"},"modified":"2025-04-11T10:37:04","modified_gmt":"2025-04-11T08:37:04","slug":"smart-optics-mini","status":"publish","type":"product","link":"https:\/\/www.ador-dental.de\/it\/prodotto\/smart-optics-mini\/","title":{"rendered":"ottica intelligente mini"},"content":{"rendered":"<div class=\"fusion-title title fusion-title-1 fusion-sep-none fusion-title-text fusion-title-size-one\">\n<h4 class=\"fusion-title-heading title-heading-left\"><strong>ottica intelligente mini<\/strong><\/h4>\n<\/div>\n<div class=\"fusion-text fusion-text-1\">\n<p>Con lo smart optics mini, offriamo un'aggiunta economica ma di alta qualit\u00e0 alla nostra gamma di scanner ad alte prestazioni. Il design moderno dello scanner elimina completamente la piastra di base, un vantaggio per l'installazione e la pulizia. Il nuovo scanner 3D da tavolo completamente automatico, prodotto in Germania, \u00e8 lo scanner 3D pi\u00f9 silenzioso sul mercato e pu\u00f2 eseguire con precisione le indicazioni dentali pi\u00f9 comuni. Ideale per tutti i neofiti e i professionisti che desiderano produrre in casa in modo semplice, rapido e preciso a condizioni vantaggiose.<\/p>\n<\/div>\n<h4><strong>Il perfetto E<\/strong><strong>ingresso.<\/strong><\/h4>\n<p>Il design aperto consente agli utenti di lavorare rapidamente nell'area di scansione. Rimuovendo l'unit\u00e0 girevole, l'ottica intelligente mini fa spazio agli articolatori. Anche gli articolatori di grandi dimensioni si adattano senza problemi. Le funzioni incluse di serie sono state selezionate per consentire la scansione dei casi dentali e ortodontici pi\u00f9 comuni. Se necessario, la gamma di funzioni dello smart optics mini pu\u00f2 essere ampliata fino a tre moduli. Qualunque sia la vostra decisione, la garanzia di 2 anni e la precisione di &lt; 6\u03bcm rimangono invariate. Naturalmente, l&#039;ottica smart mini \u00e8 dotata di un&#039;interfaccia per exocad DentalCAD<sup>\u00ae<\/sup>\u00a0nonch\u00e9 il software OnyxCeph\u00b3\u2122.<\/p>\n<div class=\"fusion-text fusion-text-2\">\n<p>La modalit\u00e0 Comfort dell'ottica intelligente, a pagamento, amplia enormemente la gamma di funzioni dell'ottica intelligente mini. Include un aggiornamento della velocit\u00e0, che rende lo scanner circa 25% pi\u00f9 veloce, oltre alle seguenti funzioni:<\/p>\n<\/div>\n<ul class=\"fusion-checklist fusion-checklist-1 fusion-checklist-default type-icons\">\n<li class=\"fusion-li-item\"><i class=\"fusion-li-icon awb-icon-check\" aria-hidden=\"true\"><\/i>\n<div class=\"fusion-li-item-content\">Autoarticolazione<\/div>\n<\/li>\n<li class=\"fusion-li-item\"><i class=\"fusion-li-icon awb-icon-check\" aria-hidden=\"true\"><\/i>\n<div class=\"fusion-li-item-content\">Scansione texture a colori\/monocromatica<\/div>\n<\/li>\n<li class=\"fusion-li-item\"><i class=\"fusion-li-icon awb-icon-check\" aria-hidden=\"true\"><\/i>\n<div class=\"fusion-li-item-content\">\n<p>Aggiungi scansione<\/p>\n<\/div>\n<\/li>\n<li class=\"fusion-li-item\"><i class=\"fusion-li-icon awb-icon-check\" aria-hidden=\"true\"><\/i>\n<div class=\"fusion-li-item-content\">Scansione di correzione<\/div>\n<\/li>\n<li class=\"fusion-li-item\"><i class=\"fusion-li-icon awb-icon-check\" aria-hidden=\"true\"><\/i>\n<div class=\"fusion-li-item-content\">Piano di taglio automatico<\/div>\n<\/li>\n<li class=\"fusion-li-item\"><i class=\"fusion-li-icon awb-icon-check\" aria-hidden=\"true\"><\/i>\n<div class=\"fusion-li-item-content\">Flusso di lavoro libero \"modalit\u00e0 indipendente\"<\/div>\n<\/li>\n<li class=\"fusion-li-item\"><i class=\"fusion-li-icon awb-icon-check\" aria-hidden=\"true\"><\/i>\n<div class=\"fusion-li-item-content\">Impostazione \"Visualizza una fase di verifica dopo ogni scansione\".<\/div>\n<\/li>\n<li class=\"fusion-li-item\"><i class=\"fusion-li-icon awb-icon-check\" aria-hidden=\"true\"><\/i>\n<div class=\"fusion-li-item-content\">Impostazione \"Modalit\u00e0 luminosa e scura<\/div>\n<\/li>\n<li class=\"fusion-li-item\"><i class=\"fusion-li-icon awb-icon-check\" aria-hidden=\"true\"><\/i>\n<div class=\"fusion-li-item-content\">Impostazione \"directory cache<\/div>\n<\/li>\n<li class=\"fusion-li-item\"><i class=\"fusion-li-icon awb-icon-check\" aria-hidden=\"true\"><\/i>\n<div class=\"fusion-li-item-content\">Progetto universale<\/div>\n<\/li>\n<\/ul>\n<h4>Fatti concreti<\/h4>\n<div class=\"hardfacts__row\">\n<div class=\"hardfacts__row--caption\">\n<p>Velocit\u00e0 di scansione mascella completa: 14 sec. moncone singolo: 25 sec. ponte a 3 unit\u00e0: 40 sec.<\/p>\n<\/div>\n<\/div>\n<div class=\"hardfacts__row\">\n<div class=\"hardfacts__row--caption\">\n<p>Precisione 6\u00b5m (ISO 12836)<\/p>\n<\/div>\n<\/div>\n<div class=\"hardfacts__row\">\n<div class=\"hardfacts__row--caption\">\n<p>Risoluzione della fotocamera 1 x 1,6 MP<\/p>\n<\/div>\n<\/div>\n<div class=\"hardfacts__row\">\n<div class=\"hardfacts__row--caption\">\n<p>Tecnologia dei sensori triangolazione a luce bianca<\/p>\n<\/div>\n<\/div>\n<div class=\"hardfacts__row\">\n<div class=\"hardfacts__row--caption\">\n<p>Garanzia 4 anni<\/p>\n<\/div>\n<\/div>","protected":false},"excerpt":{"rendered":"<div class=\"machine__entry--intro\">\n<p class=\"machine--teaser\"><strong>L'inizio perfetto<\/strong><\/p>\n<\/div>\n<div class=\"machine__entry--desc\">\n<p>Ridotta all'essenziale, con la \"smart optics mini\" offriamo un'alternativa economica agli scanner ad alte prestazioni.<\/p>\n<\/div>\n<p><strong>Prezzo su richiesta<\/strong><\/p>\n<p>RRP \u20ac 5.990,00<\/p>","protected":false},"featured_media":26999,"comment_status":"open","ping_status":"closed","template":"","meta":{"neve_meta_sidebar":"","neve_meta_container":"","neve_meta_enable_content_width":"off","neve_meta_content_width":70,"neve_meta_title_alignment":"","neve_meta_author_avatar":"","neve_post_elements_order":"","neve_meta_disable_header":"","neve_meta_disable_footer":"","neve_meta_disable_title":"","_themeisle_gutenberg_block_has_review":false},"product_brand":[],"product_cat":[624,778],"product_tag":[],"class_list":{"0":"post-26915","1":"product","2":"type-product","3":"status-publish","4":"has-post-thumbnail","6":"product_cat-equipment","7":"product_cat-smart-optics","9":"first","10":"instock","11":"taxable","12":"shipping-taxable","13":"product-type-simple"},"yoast_head":"<!-- This site is optimized with the Yoast SEO plugin v27.6 - https:\/\/yoast.com\/product\/yoast-seo-wordpress\/ -->\n<title>smart optics mini - Ador Dental GmbH<\/title>\n<meta name=\"description\" content=\"Der Smart Optics Mini ist eine kosteng\u00fcnstige, aber qualitativ hochwertige Erweiterung unseres Smart Optics - Portfolios.\" \/>\n<meta name=\"robots\" content=\"index, follow, max-snippet:-1, max-image-preview:large, max-video-preview:-1\" \/>\n<link rel=\"canonical\" href=\"https:\/\/www.ador-dental.de\/it\/prodotto\/smart-optics-mini\/\" \/>\n<meta property=\"og:locale\" content=\"it_IT\" \/>\n<meta property=\"og:type\" content=\"article\" \/>\n<meta property=\"og:title\" content=\"smart optics mini - Ador Dental GmbH\" \/>\n<meta property=\"og:description\" content=\"Der Smart Optics Mini ist eine kosteng\u00fcnstige, aber qualitativ hochwertige Erweiterung unseres Smart Optics - Portfolios.\" \/>\n<meta property=\"og:url\" content=\"https:\/\/www.ador-dental.de\/it\/prodotto\/smart-optics-mini\/\" \/>\n<meta property=\"og:site_name\" content=\"Ador Dental GmbH\" \/>\n<meta property=\"article:modified_time\" content=\"2025-04-11T08:37:04+00:00\" \/>\n<meta property=\"og:image\" content=\"https:\/\/www.ador-dental.de\/wp-content\/uploads\/2023\/09\/Mini1.png\" \/>\n\t<meta property=\"og:image:width\" content=\"1024\" \/>\n\t<meta property=\"og:image:height\" content=\"1024\" \/>\n\t<meta property=\"og:image:type\" content=\"image\/png\" \/>\n<meta name=\"twitter:card\" content=\"summary_large_image\" \/>\n<meta name=\"twitter:label1\" content=\"Tempo di lettura stimato\" \/>\n\t<meta name=\"twitter:data1\" content=\"1 minuto\" \/>\n<script type=\"application\/ld+json\" class=\"yoast-schema-graph\">{\"@context\":\"https:\\\/\\\/schema.org\",\"@graph\":[{\"@type\":\"WebPage\",\"@id\":\"https:\\\/\\\/www.ador-dental.de\\\/produkt\\\/smart-optics-mini\\\/\",\"url\":\"https:\\\/\\\/www.ador-dental.de\\\/produkt\\\/smart-optics-mini\\\/\",\"name\":\"smart optics mini - Ador Dental GmbH\",\"isPartOf\":{\"@id\":\"https:\\\/\\\/www.ador-dental.de\\\/en\\\/#website\"},\"primaryImageOfPage\":{\"@id\":\"https:\\\/\\\/www.ador-dental.de\\\/produkt\\\/smart-optics-mini\\\/#primaryimage\"},\"image\":{\"@id\":\"https:\\\/\\\/www.ador-dental.de\\\/produkt\\\/smart-optics-mini\\\/#primaryimage\"},\"thumbnailUrl\":\"https:\\\/\\\/www.ador-dental.de\\\/wp-content\\\/uploads\\\/2023\\\/09\\\/Mini1.png\",\"datePublished\":\"2023-09-18T10:00:42+00:00\",\"dateModified\":\"2025-04-11T08:37:04+00:00\",\"description\":\"Der Smart Optics Mini ist eine kosteng\u00fcnstige, aber qualitativ hochwertige Erweiterung unseres Smart Optics - Portfolios.\",\"breadcrumb\":{\"@id\":\"https:\\\/\\\/www.ador-dental.de\\\/produkt\\\/smart-optics-mini\\\/#breadcrumb\"},\"inLanguage\":\"it-IT\",\"potentialAction\":[{\"@type\":\"ReadAction\",\"target\":[\"https:\\\/\\\/www.ador-dental.de\\\/produkt\\\/smart-optics-mini\\\/\"]}]},{\"@type\":\"ImageObject\",\"inLanguage\":\"it-IT\",\"@id\":\"https:\\\/\\\/www.ador-dental.de\\\/produkt\\\/smart-optics-mini\\\/#primaryimage\",\"url\":\"https:\\\/\\\/www.ador-dental.de\\\/wp-content\\\/uploads\\\/2023\\\/09\\\/Mini1.png\",\"contentUrl\":\"https:\\\/\\\/www.ador-dental.de\\\/wp-content\\\/uploads\\\/2023\\\/09\\\/Mini1.png\",\"width\":1024,\"height\":1024},{\"@type\":\"BreadcrumbList\",\"@id\":\"https:\\\/\\\/www.ador-dental.de\\\/produkt\\\/smart-optics-mini\\\/#breadcrumb\",\"itemListElement\":[{\"@type\":\"ListItem\",\"position\":1,\"name\":\"Startseite\",\"item\":\"https:\\\/\\\/www.ador-dental.de\\\/\"},{\"@type\":\"ListItem\",\"position\":2,\"name\":\"Shop\",\"item\":\"https:\\\/\\\/www.ador-dental.de\\\/en\\\/shop\\\/\"},{\"@type\":\"ListItem\",\"position\":3,\"name\":\"smart optics mini\"}]},{\"@type\":\"WebSite\",\"@id\":\"https:\\\/\\\/www.ador-dental.de\\\/en\\\/#website\",\"url\":\"https:\\\/\\\/www.ador-dental.de\\\/en\\\/\",\"name\":\"Ador Dental GmbH\",\"description\":\"\",\"publisher\":{\"@id\":\"https:\\\/\\\/www.ador-dental.de\\\/en\\\/#organization\"},\"potentialAction\":[{\"@type\":\"SearchAction\",\"target\":{\"@type\":\"EntryPoint\",\"urlTemplate\":\"https:\\\/\\\/www.ador-dental.de\\\/en\\\/?s={search_term_string}\"},\"query-input\":{\"@type\":\"PropertyValueSpecification\",\"valueRequired\":true,\"valueName\":\"search_term_string\"}}],\"inLanguage\":\"it-IT\"},{\"@type\":\"Organization\",\"@id\":\"https:\\\/\\\/www.ador-dental.de\\\/en\\\/#organization\",\"name\":\"Ador Dental GmbH\",\"url\":\"https:\\\/\\\/www.ador-dental.de\\\/en\\\/\",\"logo\":{\"@type\":\"ImageObject\",\"inLanguage\":\"it-IT\",\"@id\":\"https:\\\/\\\/www.ador-dental.de\\\/en\\\/#\\\/schema\\\/logo\\\/image\\\/\",\"url\":\"https:\\\/\\\/www.ador-dental.de\\\/wp-content\\\/uploads\\\/2021\\\/10\\\/ADOR_Logo_DentalSolutions_2020_Black.svg\",\"contentUrl\":\"https:\\\/\\\/www.ador-dental.de\\\/wp-content\\\/uploads\\\/2021\\\/10\\\/ADOR_Logo_DentalSolutions_2020_Black.svg\",\"width\":678,\"height\":261,\"caption\":\"Ador Dental GmbH\"},\"image\":{\"@id\":\"https:\\\/\\\/www.ador-dental.de\\\/en\\\/#\\\/schema\\\/logo\\\/image\\\/\"}}]}<\/script>\n<!-- \/ Yoast SEO plugin. -->","yoast_head_json":{"title":"smart optics mini - Ador Dental GmbH","description":"Der Smart Optics Mini ist eine kosteng\u00fcnstige, aber qualitativ hochwertige Erweiterung unseres Smart Optics - Portfolios.","robots":{"index":"index","follow":"follow","max-snippet":"max-snippet:-1","max-image-preview":"max-image-preview:large","max-video-preview":"max-video-preview:-1"},"canonical":"https:\/\/www.ador-dental.de\/it\/prodotto\/smart-optics-mini\/","og_locale":"it_IT","og_type":"article","og_title":"smart optics mini - Ador Dental GmbH","og_description":"Der Smart Optics Mini ist eine kosteng\u00fcnstige, aber qualitativ hochwertige Erweiterung unseres Smart Optics - Portfolios.","og_url":"https:\/\/www.ador-dental.de\/it\/prodotto\/smart-optics-mini\/","og_site_name":"Ador Dental GmbH","article_modified_time":"2025-04-11T08:37:04+00:00","og_image":[{"width":1024,"height":1024,"url":"https:\/\/www.ador-dental.de\/wp-content\/uploads\/2023\/09\/Mini1.png","type":"image\/png"}],"twitter_card":"summary_large_image","twitter_misc":{"Tempo di lettura stimato":"1 minuto"},"schema":{"@context":"https:\/\/schema.org","@graph":[{"@type":"WebPage","@id":"https:\/\/www.ador-dental.de\/produkt\/smart-optics-mini\/","url":"https:\/\/www.ador-dental.de\/produkt\/smart-optics-mini\/","name":"smart optics mini - Ador Dental GmbH","isPartOf":{"@id":"https:\/\/www.ador-dental.de\/en\/#website"},"primaryImageOfPage":{"@id":"https:\/\/www.ador-dental.de\/produkt\/smart-optics-mini\/#primaryimage"},"image":{"@id":"https:\/\/www.ador-dental.de\/produkt\/smart-optics-mini\/#primaryimage"},"thumbnailUrl":"https:\/\/www.ador-dental.de\/wp-content\/uploads\/2023\/09\/Mini1.png","datePublished":"2023-09-18T10:00:42+00:00","dateModified":"2025-04-11T08:37:04+00:00","description":"Der Smart Optics Mini ist eine kosteng\u00fcnstige, aber qualitativ hochwertige Erweiterung unseres Smart Optics - Portfolios.","breadcrumb":{"@id":"https:\/\/www.ador-dental.de\/produkt\/smart-optics-mini\/#breadcrumb"},"inLanguage":"it-IT","potentialAction":[{"@type":"ReadAction","target":["https:\/\/www.ador-dental.de\/produkt\/smart-optics-mini\/"]}]},{"@type":"ImageObject","inLanguage":"it-IT","@id":"https:\/\/www.ador-dental.de\/produkt\/smart-optics-mini\/#primaryimage","url":"https:\/\/www.ador-dental.de\/wp-content\/uploads\/2023\/09\/Mini1.png","contentUrl":"https:\/\/www.ador-dental.de\/wp-content\/uploads\/2023\/09\/Mini1.png","width":1024,"height":1024},{"@type":"BreadcrumbList","@id":"https:\/\/www.ador-dental.de\/produkt\/smart-optics-mini\/#breadcrumb","itemListElement":[{"@type":"ListItem","position":1,"name":"Startseite","item":"https:\/\/www.ador-dental.de\/"},{"@type":"ListItem","position":2,"name":"Shop","item":"https:\/\/www.ador-dental.de\/en\/shop\/"},{"@type":"ListItem","position":3,"name":"smart optics mini"}]},{"@type":"WebSite","@id":"https:\/\/www.ador-dental.de\/en\/#website","url":"https:\/\/www.ador-dental.de\/en\/","name":"Ador Dental GmbH","description":"","publisher":{"@id":"https:\/\/www.ador-dental.de\/en\/#organization"},"potentialAction":[{"@type":"SearchAction","target":{"@type":"EntryPoint","urlTemplate":"https:\/\/www.ador-dental.de\/en\/?s={search_term_string}"},"query-input":{"@type":"PropertyValueSpecification","valueRequired":true,"valueName":"search_term_string"}}],"inLanguage":"it-IT"},{"@type":"Organization","@id":"https:\/\/www.ador-dental.de\/en\/#organization","name":"Ador Dental GmbH","url":"https:\/\/www.ador-dental.de\/en\/","logo":{"@type":"ImageObject","inLanguage":"it-IT","@id":"https:\/\/www.ador-dental.de\/en\/#\/schema\/logo\/image\/","url":"https:\/\/www.ador-dental.de\/wp-content\/uploads\/2021\/10\/ADOR_Logo_DentalSolutions_2020_Black.svg","contentUrl":"https:\/\/www.ador-dental.de\/wp-content\/uploads\/2021\/10\/ADOR_Logo_DentalSolutions_2020_Black.svg","width":678,"height":261,"caption":"Ador Dental GmbH"},"image":{"@id":"https:\/\/www.ador-dental.de\/en\/#\/schema\/logo\/image\/"}}]}},"_links":{"self":[{"href":"https:\/\/www.ador-dental.de\/it\/wp-json\/wp\/v2\/product\/26915","targetHints":{"allow":["GET"]}}],"collection":[{"href":"https:\/\/www.ador-dental.de\/it\/wp-json\/wp\/v2\/product"}],"about":[{"href":"https:\/\/www.ador-dental.de\/it\/wp-json\/wp\/v2\/types\/product"}],"replies":[{"embeddable":true,"href":"https:\/\/www.ador-dental.de\/it\/wp-json\/wp\/v2\/comments?post=26915"}],"version-history":[{"count":7,"href":"https:\/\/www.ador-dental.de\/it\/wp-json\/wp\/v2\/product\/26915\/revisions"}],"predecessor-version":[{"id":27766,"href":"https:\/\/www.ador-dental.de\/it\/wp-json\/wp\/v2\/product\/26915\/revisions\/27766"}],"wp:featuredmedia":[{"embeddable":true,"href":"https:\/\/www.ador-dental.de\/it\/wp-json\/wp\/v2\/media\/26999"}],"wp:attachment":[{"href":"https:\/\/www.ador-dental.de\/it\/wp-json\/wp\/v2\/media?parent=26915"}],"wp:term":[{"taxonomy":"product_brand","embeddable":true,"href":"https:\/\/www.ador-dental.de\/it\/wp-json\/wp\/v2\/product_brand?post=26915"},{"taxonomy":"product_cat","embeddable":true,"href":"https:\/\/www.ador-dental.de\/it\/wp-json\/wp\/v2\/product_cat?post=26915"},{"taxonomy":"product_tag","embeddable":true,"href":"https:\/\/www.ador-dental.de\/it\/wp-json\/wp\/v2\/product_tag?post=26915"}],"curies":[{"name":"wp","href":"https:\/\/api.w.org\/{rel}","templated":true}]}}