{"id":26245,"date":"2023-05-23T23:23:20","date_gmt":"2023-05-23T21:23:20","guid":{"rendered":"https:\/\/www.ador-dental.de\/produkt\/keyprint-keysplint-hard-clear\/"},"modified":"2024-06-03T08:18:16","modified_gmt":"2024-06-03T06:18:16","slug":"keyprint-keysplint-hard-clear-1kg","status":"publish","type":"product","link":"https:\/\/www.ador-dental.de\/it\/prodotto\/keyprint-keysplint-hard-clear-1kg\/","title":{"rendered":"KeyPrint KeySplint rigido trasparente 1 kg"},"content":{"rendered":"<div class=\"product--detail-main-lower-header-block\">\n<h3>Dettagli KeySplint duro trasparente, 1 kg<\/h3>\n<\/div>\n<div class=\"product--detail-main-lower-left-block-short\">\n<p>Basata sul best-seller KeySplint Soft, la versione rigida \"KeySplint Hard\" \u00e8 ora disponibile anche nella versione cristallina \"Clear\"!<\/p>\n<p>Il KeySplint Hard Clear convince con le note carte vincenti della famiglia di prodotti KeyPrint: facile stampabilit\u00e0, parametri di stampa - anche per stampanti LCD economiche, nessuna fragilit\u00e0 o rottura, propriet\u00e0 affidabili del materiale.<\/p>\n<p>KeySplint Hard pu\u00f2 essere utilizzato per produrre bite occlusali, retainer e bite per il russamento utilizzando la stampa 3D. KeySplint Hard Clear \u00e8 certificato come dispositivo medico di classe 2a per uso permanente. KeySplint Hard \u00e8 a base di metacrilati e, se necessario, pu\u00f2 essere ampliato con polimeri convenzionali a polimerizzazione a freddo. Come tutte le resine KeyPrint, KeySplint Hard \u00e8 privo di calibratori, plastificanti e bisfenolo A (BPA).<\/p>\n<p>&nbsp;<\/p>\n<p><strong>Durata:<\/strong><\/p>\n<ul>\n<li>circa 2 anni dalla consegna<\/li>\n<\/ul>\n<p><strong>Propriet\u00e0 fisiche:<\/strong><\/p>\n<ul>\n<li>Modulo di elasticit\u00e0: 1510 - 1520 MPa (ISO 20795-2)<\/li>\n<li>Resistenza alla flessione: 60-65 MPa (ISO20795-2)<\/li>\n<li>Assorbimento d'acqua: 18 micro-g\/mm3 (ISO20795-2)<\/li>\n<\/ul>\n<\/div>\n<div class=\"product--detail-main-lower-middle-block\">\n<div class=\"product--detail-description_properties_title\">Dettagli del prodotto<\/div>\n<div class=\"product--properties panel\">\n<div class=\"product--properties-table\">\n<div class=\"product--properties-label is--bold\">Costruttore: Keystone<\/div>\n<div class=\"product--properties-label is--bold\">Tecnologia di stampa: DLP\/LED, DUP\/LCD<\/div>\n<div class=\"product--properties-label is--bold\">Modello di stampante: Ackuretta Freeshape, Ackuretta Dentiq, Ackuretta SOL, Anycubic Mono SE, Anycubic Mono X, Anycubic Photon S, Asiga Max, Asiga Pro 4k, Carbon M-Series, Dekema Trix Print, Desktop Health Envision One, Desktop Health Einstein, Elegoo Mars Pro 2, EnvisionTEC E1D, EPAX DX10, Flashforge Hunter, HeyGears Ultracraft A2D, HeyGears Ultracraft A2D 4k, HeyGears Ultracraft DS, LuxCreo Lux3+, LuxCreo iLux Pro, Microlay Eve, Microlay Versus, Miicraft 125, Miicraft Ultra, MoonRay S100\/D75, NewPro 3D NP1, Nexa3D NXD200, Nexa3D XiP, Nextdent 5100, Phrozen 4k, Phrozen 4k 2022, Phrozen Sonic Mighty 4k, Phrozen Sonic Mighty 8k, Phrozen Sonic Mini 4k, Phrozen Sonic Mini 8k, Phrozen Sonic XL, Phrozen XL 4k, Phrozen XL 4k 2022, Rapidshape D20, Rapidshape D30, SHINING 3D AccuFab-D1, Sprintray Pro, Stratasys Origin One Dental, Uniz Slash 2, W2P SolFlex, W2P SolLab, Zirkonzahn P4000<\/div>\n<div><\/div>\n<div class=\"product--properties-label is--bold\">Colore: Trasparente<\/div>\n<div class=\"product--properties-label is--bold\">Quantit\u00e0: 1000 g<\/div>\n<div class=\"product--properties-label is--bold\">Indicazioni: bite occlusali, allineatori, retainer, bite per il russamento, paradenti per lo sport<\/div>\n<div class=\"product--properties-label is--bold\">Dispositivo medico: classe 2a (bocca&gt;30 giorni)<\/div>\n<\/div>\n<\/div>\n<\/div>","protected":false},"excerpt":{"rendered":"<p>Basata sul best-seller KeySplint Soft, la versione rigida \"KeySplint Hard\" \u00e8 ora disponibile anche nella versione cristallina \"Clear\", senza la nota leggera sfumatura blu!<\/p>","protected":false},"featured_media":26282,"comment_status":"open","ping_status":"closed","template":"","meta":{"neve_meta_sidebar":"","neve_meta_container":"","neve_meta_enable_content_width":"off","neve_meta_content_width":100,"neve_meta_title_alignment":"","neve_meta_author_avatar":"","neve_post_elements_order":"","neve_meta_disable_header":"","neve_meta_disable_footer":"","neve_meta_disable_title":"","_themeisle_gutenberg_block_has_review":false},"product_brand":[],"product_cat":[212,1112,432],"product_tag":[1000,1132,1079],"class_list":{"0":"post-26245","1":"product","2":"type-product","3":"status-publish","4":"has-post-thumbnail","6":"product_cat-adorprint","7":"product_cat-keystone","8":"product_cat-resine","9":"product_tag-clear","10":"product_tag-hard","11":"product_tag-keysplint","13":"first","14":"instock","15":"taxable","16":"shipping-taxable","17":"purchasable","18":"product-type-simple"},"yoast_head":"<!-- This site is optimized with the Yoast SEO plugin v27.4 - https:\/\/yoast.com\/product\/yoast-seo-wordpress\/ -->\n<title>KeyPrint KeySplint Hard Clear 1kg - Ador Dental GmbH<\/title>\n<meta name=\"description\" content=\"Auch die starre Variante des Resins &quot;KeySplint Hard&quot; ist nun als &quot;Clear&quot; Version erh\u00e4ltlich, f\u00fcr Aufbissschienen, Schnarcherschienen und Retainer 1kg,\" \/>\n<meta name=\"robots\" content=\"index, follow, max-snippet:-1, max-image-preview:large, max-video-preview:-1\" \/>\n<link rel=\"canonical\" href=\"https:\/\/www.ador-dental.de\/it\/prodotto\/keyprint-keysplint-hard-clear-1kg\/\" \/>\n<meta property=\"og:locale\" content=\"it_IT\" \/>\n<meta property=\"og:type\" content=\"article\" \/>\n<meta property=\"og:title\" content=\"KeyPrint KeySplint Hard Clear 1kg - Ador Dental GmbH\" \/>\n<meta property=\"og:description\" content=\"Auch die starre Variante des Resins &quot;KeySplint Hard&quot; ist nun als &quot;Clear&quot; Version erh\u00e4ltlich, f\u00fcr Aufbissschienen, Schnarcherschienen und Retainer 1kg,\" \/>\n<meta property=\"og:url\" content=\"https:\/\/www.ador-dental.de\/it\/prodotto\/keyprint-keysplint-hard-clear-1kg\/\" \/>\n<meta property=\"og:site_name\" content=\"Ador Dental GmbH\" \/>\n<meta property=\"article:modified_time\" content=\"2024-06-03T06:18:16+00:00\" \/>\n<meta property=\"og:image\" content=\"https:\/\/www.ador-dental.de\/wp-content\/uploads\/2023\/05\/keyprint_keysplint_hard_clear.jpg\" \/>\n\t<meta property=\"og:image:width\" content=\"1600\" \/>\n\t<meta property=\"og:image:height\" content=\"1200\" \/>\n\t<meta property=\"og:image:type\" content=\"image\/jpeg\" \/>\n<meta name=\"twitter:card\" content=\"summary_large_image\" \/>\n<meta name=\"twitter:label1\" content=\"Tempo di lettura stimato\" \/>\n\t<meta name=\"twitter:data1\" content=\"2 minuti\" \/>\n<script type=\"application\/ld+json\" class=\"yoast-schema-graph\">{\"@context\":\"https:\\\/\\\/schema.org\",\"@graph\":[{\"@type\":\"WebPage\",\"@id\":\"https:\\\/\\\/www.ador-dental.de\\\/produkt\\\/keyprint-keysplint-hard-clear-1kg\\\/\",\"url\":\"https:\\\/\\\/www.ador-dental.de\\\/produkt\\\/keyprint-keysplint-hard-clear-1kg\\\/\",\"name\":\"KeyPrint KeySplint Hard Clear 1kg - Ador Dental GmbH\",\"isPartOf\":{\"@id\":\"https:\\\/\\\/www.ador-dental.de\\\/en\\\/#website\"},\"primaryImageOfPage\":{\"@id\":\"https:\\\/\\\/www.ador-dental.de\\\/produkt\\\/keyprint-keysplint-hard-clear-1kg\\\/#primaryimage\"},\"image\":{\"@id\":\"https:\\\/\\\/www.ador-dental.de\\\/produkt\\\/keyprint-keysplint-hard-clear-1kg\\\/#primaryimage\"},\"thumbnailUrl\":\"https:\\\/\\\/www.ador-dental.de\\\/wp-content\\\/uploads\\\/2023\\\/05\\\/keyprint_keysplint_hard_clear.jpg\",\"datePublished\":\"2023-05-23T21:23:20+00:00\",\"dateModified\":\"2024-06-03T06:18:16+00:00\",\"description\":\"Auch die starre Variante des Resins \\\"KeySplint Hard\\\" ist nun als \\\"Clear\\\" Version erh\u00e4ltlich, f\u00fcr Aufbissschienen, Schnarcherschienen und Retainer 1kg,\",\"breadcrumb\":{\"@id\":\"https:\\\/\\\/www.ador-dental.de\\\/produkt\\\/keyprint-keysplint-hard-clear-1kg\\\/#breadcrumb\"},\"inLanguage\":\"it-IT\",\"potentialAction\":[{\"@type\":\"ReadAction\",\"target\":[\"https:\\\/\\\/www.ador-dental.de\\\/produkt\\\/keyprint-keysplint-hard-clear-1kg\\\/\"]}]},{\"@type\":\"ImageObject\",\"inLanguage\":\"it-IT\",\"@id\":\"https:\\\/\\\/www.ador-dental.de\\\/produkt\\\/keyprint-keysplint-hard-clear-1kg\\\/#primaryimage\",\"url\":\"https:\\\/\\\/www.ador-dental.de\\\/wp-content\\\/uploads\\\/2023\\\/05\\\/keyprint_keysplint_hard_clear.jpg\",\"contentUrl\":\"https:\\\/\\\/www.ador-dental.de\\\/wp-content\\\/uploads\\\/2023\\\/05\\\/keyprint_keysplint_hard_clear.jpg\",\"width\":1600,\"height\":1200},{\"@type\":\"BreadcrumbList\",\"@id\":\"https:\\\/\\\/www.ador-dental.de\\\/produkt\\\/keyprint-keysplint-hard-clear-1kg\\\/#breadcrumb\",\"itemListElement\":[{\"@type\":\"ListItem\",\"position\":1,\"name\":\"Startseite\",\"item\":\"https:\\\/\\\/www.ador-dental.de\\\/\"},{\"@type\":\"ListItem\",\"position\":2,\"name\":\"Shop\",\"item\":\"https:\\\/\\\/www.ador-dental.de\\\/en\\\/shop\\\/\"},{\"@type\":\"ListItem\",\"position\":3,\"name\":\"KeyPrint KeySplint Hard Clear 1kg\"}]},{\"@type\":\"WebSite\",\"@id\":\"https:\\\/\\\/www.ador-dental.de\\\/en\\\/#website\",\"url\":\"https:\\\/\\\/www.ador-dental.de\\\/en\\\/\",\"name\":\"Ador Dental GmbH\",\"description\":\"\",\"publisher\":{\"@id\":\"https:\\\/\\\/www.ador-dental.de\\\/en\\\/#organization\"},\"potentialAction\":[{\"@type\":\"SearchAction\",\"target\":{\"@type\":\"EntryPoint\",\"urlTemplate\":\"https:\\\/\\\/www.ador-dental.de\\\/en\\\/?s={search_term_string}\"},\"query-input\":{\"@type\":\"PropertyValueSpecification\",\"valueRequired\":true,\"valueName\":\"search_term_string\"}}],\"inLanguage\":\"it-IT\"},{\"@type\":\"Organization\",\"@id\":\"https:\\\/\\\/www.ador-dental.de\\\/en\\\/#organization\",\"name\":\"Ador Dental GmbH\",\"url\":\"https:\\\/\\\/www.ador-dental.de\\\/en\\\/\",\"logo\":{\"@type\":\"ImageObject\",\"inLanguage\":\"it-IT\",\"@id\":\"https:\\\/\\\/www.ador-dental.de\\\/en\\\/#\\\/schema\\\/logo\\\/image\\\/\",\"url\":\"https:\\\/\\\/www.ador-dental.de\\\/wp-content\\\/uploads\\\/2021\\\/10\\\/ADOR_Logo_DentalSolutions_2020_Black.svg\",\"contentUrl\":\"https:\\\/\\\/www.ador-dental.de\\\/wp-content\\\/uploads\\\/2021\\\/10\\\/ADOR_Logo_DentalSolutions_2020_Black.svg\",\"width\":678,\"height\":261,\"caption\":\"Ador Dental GmbH\"},\"image\":{\"@id\":\"https:\\\/\\\/www.ador-dental.de\\\/en\\\/#\\\/schema\\\/logo\\\/image\\\/\"}}]}<\/script>\n<!-- \/ Yoast SEO plugin. -->","yoast_head_json":{"title":"KeyPrint KeySplint Hard Clear 1kg - Ador Dental GmbH","description":"Auch die starre Variante des Resins \"KeySplint Hard\" ist nun als \"Clear\" Version erh\u00e4ltlich, f\u00fcr Aufbissschienen, Schnarcherschienen und Retainer 1kg,","robots":{"index":"index","follow":"follow","max-snippet":"max-snippet:-1","max-image-preview":"max-image-preview:large","max-video-preview":"max-video-preview:-1"},"canonical":"https:\/\/www.ador-dental.de\/it\/prodotto\/keyprint-keysplint-hard-clear-1kg\/","og_locale":"it_IT","og_type":"article","og_title":"KeyPrint KeySplint Hard Clear 1kg - Ador Dental GmbH","og_description":"Auch die starre Variante des Resins \"KeySplint Hard\" ist nun als \"Clear\" Version erh\u00e4ltlich, f\u00fcr Aufbissschienen, Schnarcherschienen und Retainer 1kg,","og_url":"https:\/\/www.ador-dental.de\/it\/prodotto\/keyprint-keysplint-hard-clear-1kg\/","og_site_name":"Ador Dental GmbH","article_modified_time":"2024-06-03T06:18:16+00:00","og_image":[{"width":1600,"height":1200,"url":"https:\/\/www.ador-dental.de\/wp-content\/uploads\/2023\/05\/keyprint_keysplint_hard_clear.jpg","type":"image\/jpeg"}],"twitter_card":"summary_large_image","twitter_misc":{"Tempo di lettura stimato":"2 minuti"},"schema":{"@context":"https:\/\/schema.org","@graph":[{"@type":"WebPage","@id":"https:\/\/www.ador-dental.de\/produkt\/keyprint-keysplint-hard-clear-1kg\/","url":"https:\/\/www.ador-dental.de\/produkt\/keyprint-keysplint-hard-clear-1kg\/","name":"KeyPrint KeySplint Hard Clear 1kg - Ador Dental GmbH","isPartOf":{"@id":"https:\/\/www.ador-dental.de\/en\/#website"},"primaryImageOfPage":{"@id":"https:\/\/www.ador-dental.de\/produkt\/keyprint-keysplint-hard-clear-1kg\/#primaryimage"},"image":{"@id":"https:\/\/www.ador-dental.de\/produkt\/keyprint-keysplint-hard-clear-1kg\/#primaryimage"},"thumbnailUrl":"https:\/\/www.ador-dental.de\/wp-content\/uploads\/2023\/05\/keyprint_keysplint_hard_clear.jpg","datePublished":"2023-05-23T21:23:20+00:00","dateModified":"2024-06-03T06:18:16+00:00","description":"Auch die starre Variante des Resins \"KeySplint Hard\" ist nun als \"Clear\" Version erh\u00e4ltlich, f\u00fcr Aufbissschienen, Schnarcherschienen und Retainer 1kg,","breadcrumb":{"@id":"https:\/\/www.ador-dental.de\/produkt\/keyprint-keysplint-hard-clear-1kg\/#breadcrumb"},"inLanguage":"it-IT","potentialAction":[{"@type":"ReadAction","target":["https:\/\/www.ador-dental.de\/produkt\/keyprint-keysplint-hard-clear-1kg\/"]}]},{"@type":"ImageObject","inLanguage":"it-IT","@id":"https:\/\/www.ador-dental.de\/produkt\/keyprint-keysplint-hard-clear-1kg\/#primaryimage","url":"https:\/\/www.ador-dental.de\/wp-content\/uploads\/2023\/05\/keyprint_keysplint_hard_clear.jpg","contentUrl":"https:\/\/www.ador-dental.de\/wp-content\/uploads\/2023\/05\/keyprint_keysplint_hard_clear.jpg","width":1600,"height":1200},{"@type":"BreadcrumbList","@id":"https:\/\/www.ador-dental.de\/produkt\/keyprint-keysplint-hard-clear-1kg\/#breadcrumb","itemListElement":[{"@type":"ListItem","position":1,"name":"Startseite","item":"https:\/\/www.ador-dental.de\/"},{"@type":"ListItem","position":2,"name":"Shop","item":"https:\/\/www.ador-dental.de\/en\/shop\/"},{"@type":"ListItem","position":3,"name":"KeyPrint KeySplint Hard Clear 1kg"}]},{"@type":"WebSite","@id":"https:\/\/www.ador-dental.de\/en\/#website","url":"https:\/\/www.ador-dental.de\/en\/","name":"Ador Dental GmbH","description":"","publisher":{"@id":"https:\/\/www.ador-dental.de\/en\/#organization"},"potentialAction":[{"@type":"SearchAction","target":{"@type":"EntryPoint","urlTemplate":"https:\/\/www.ador-dental.de\/en\/?s={search_term_string}"},"query-input":{"@type":"PropertyValueSpecification","valueRequired":true,"valueName":"search_term_string"}}],"inLanguage":"it-IT"},{"@type":"Organization","@id":"https:\/\/www.ador-dental.de\/en\/#organization","name":"Ador Dental GmbH","url":"https:\/\/www.ador-dental.de\/en\/","logo":{"@type":"ImageObject","inLanguage":"it-IT","@id":"https:\/\/www.ador-dental.de\/en\/#\/schema\/logo\/image\/","url":"https:\/\/www.ador-dental.de\/wp-content\/uploads\/2021\/10\/ADOR_Logo_DentalSolutions_2020_Black.svg","contentUrl":"https:\/\/www.ador-dental.de\/wp-content\/uploads\/2021\/10\/ADOR_Logo_DentalSolutions_2020_Black.svg","width":678,"height":261,"caption":"Ador Dental GmbH"},"image":{"@id":"https:\/\/www.ador-dental.de\/en\/#\/schema\/logo\/image\/"}}]}},"_links":{"self":[{"href":"https:\/\/www.ador-dental.de\/it\/wp-json\/wp\/v2\/product\/26245","targetHints":{"allow":["GET"]}}],"collection":[{"href":"https:\/\/www.ador-dental.de\/it\/wp-json\/wp\/v2\/product"}],"about":[{"href":"https:\/\/www.ador-dental.de\/it\/wp-json\/wp\/v2\/types\/product"}],"replies":[{"embeddable":true,"href":"https:\/\/www.ador-dental.de\/it\/wp-json\/wp\/v2\/comments?post=26245"}],"version-history":[{"count":9,"href":"https:\/\/www.ador-dental.de\/it\/wp-json\/wp\/v2\/product\/26245\/revisions"}],"predecessor-version":[{"id":27447,"href":"https:\/\/www.ador-dental.de\/it\/wp-json\/wp\/v2\/product\/26245\/revisions\/27447"}],"wp:featuredmedia":[{"embeddable":true,"href":"https:\/\/www.ador-dental.de\/it\/wp-json\/wp\/v2\/media\/26282"}],"wp:attachment":[{"href":"https:\/\/www.ador-dental.de\/it\/wp-json\/wp\/v2\/media?parent=26245"}],"wp:term":[{"taxonomy":"product_brand","embeddable":true,"href":"https:\/\/www.ador-dental.de\/it\/wp-json\/wp\/v2\/product_brand?post=26245"},{"taxonomy":"product_cat","embeddable":true,"href":"https:\/\/www.ador-dental.de\/it\/wp-json\/wp\/v2\/product_cat?post=26245"},{"taxonomy":"product_tag","embeddable":true,"href":"https:\/\/www.ador-dental.de\/it\/wp-json\/wp\/v2\/product_tag?post=26245"}],"curies":[{"name":"wp","href":"https:\/\/api.w.org\/{rel}","templated":true}]}}