{"id":26234,"date":"2023-05-23T15:02:54","date_gmt":"2023-05-23T13:02:54","guid":{"rendered":"https:\/\/www.ador-dental.de\/?post_type=product&#038;p=26234"},"modified":"2026-03-05T09:43:36","modified_gmt":"2026-03-05T08:43:36","slug":"keyprint-keymodel-ultra-beige-grau-sand-1kg","status":"publish","type":"product","link":"https:\/\/www.ador-dental.de\/it\/prodotto\/keyprint-keymodel-ultra-beige-grau-sand-1kg\/","title":{"rendered":"KeyPrint KeyModel Ultra beige\/grigio\/sabbia 1kg"},"content":{"rendered":"<div class=\"product--detail-main-lower-header-block\">\n<h3>Dettagli KeyModel Ultra beige, grigio e sabbia 1kg<\/h3>\n<\/div>\n<div class=\"product--detail-main-lower-left-block-short\">\n<p>Basandosi sullo sviluppo brevettato del materiale per rotaie KeySplint Soft, che ha riscosso un enorme successo, Keystone Industries ha ora sviluppato anche un tipo di resina per modellazione completamente nuovo: KeyPrint KeyModel Ultra. In collaborazione con Loctite, una consociata del Gruppo Henkel, Keystone ha ottimizzato una serie di importanti propriet\u00e0 della plastica per modelli:<\/p>\n<ul>\n<li>La resina del modello ha un'elevata reattivit\u00e0, che consente una stampa rapida su stampanti DLP\/LED e l'utilizzo su stampanti monocromatiche LCD pi\u00f9 deboli, come le stampanti Anycubic\u00ae o Phrozen\u00ae.<\/li>\n<li>L'esperienza ha dimostrato che KeyModel Ultra ha un potere di trafilatura estremamente elevato e una superficie a bassissima aderenza.<\/li>\n<li>Il materiale Keystone offre un'innovazione speciale per il lavoro ortodontico: contiene gi\u00e0 uno speciale agente distaccante che ne consente l'utilizzo nella tecnica di termoformatura senza la necessit\u00e0 di un ulteriore isolamento. Questo \u00e8 ideale per ottenere un'elevata efficienza di lavoro, ad esempio nella tecnica dell'allineatore.<\/li>\n<li>I modelli KeyModel Ultra stampati possono essere facilmente rielaborati senza che si formino schegge.<\/li>\n<\/ul>\n<p>KeyPrint KeyModel Ultra \u00e8 disponibile negli attraenti colori grigio chiaro, beige e sabbia. In linea di principio, pu\u00f2 essere utilizzato su tutte le stampanti a fotoresina che lavorano con una lunghezza d'onda compresa tra 385 nm e 405 nm.<\/p>\n<p><strong>Propriet\u00e0 fisiche:<\/strong><\/p>\n<ul>\n<li>Resistenza alla flessione: &gt; 70 MPa (ASTM D790)<\/li>\n<li>Modulo di flessione: &gt;1700 MPa (ASTM D638)<\/li>\n<li>Modulo di elasticit\u00e0: &gt;1940 MPa (ASTM D790)<\/li>\n<\/ul>\n<\/div>\n<div class=\"product--detail-main-lower-middle-block\">\n<div class=\"product--detail-description_properties_title\">Dettagli del prodotto<\/div>\n<div class=\"product--properties panel\">\n<div class=\"product--properties-table\">\n<div class=\"product--properties-label is--bold\">Costruttore: Keystone<\/div>\n<div class=\"product--properties-label is--bold\">Tecnologia di stampa: DLP\/LED, DUP\/LCD<\/div>\n<div class=\"product--properties-label is--bold\">Modello di stampante: Ackuretta Freeshape, Ackuretta Dentiq, Ackuretta SOL, Anycubic Mono SE, Anycubic Mono X, Anycubic Photon S, Asiga Max, Asiga Pro 4k, Elegoo Mars Pro 2, Microlay Eve, Microlay Versus, Miicraft 125, Miicraft Ultra, Nexa3D NXD200, Nexa3D XiP, Phrozen 4k, Phrozen 4k 2022, Phrozen Sonic Mighty 4k, Phrozen Sonic Mighty 8k, Phrozen Sonic Mini 4k, Phrozen Sonic Mini 8k, Phrozen XL, Phrozen XL 4k, Phrozen XL 4k 2022, Rapidshape D20, Rapidshape D30, Rapidshape D70, Rapidshape D90, Rapidshape D100, SHINING 3D AccuFab-D1, SISMA Everes UNO, Zirkonzahn P4000<\/div>\n<div class=\"product--properties-label is--bold\">Colore: beige, grigio, sabbia<\/div>\n<div class=\"product--properties-label is--bold\">Quantit\u00e0: 1000 g<\/div>\n<div class=\"product--properties-label is--bold\">Indicazione: modelli master, modelli dentali<\/div>\n<div class=\"product--properties-label is--bold\">Dispositivo medico: nessun dispositivo medico<\/div>\n<div class=\"product--properties-label is--bold\">Particolarit\u00e0: Centro isolante integrato<\/div>\n<\/div>\n<\/div>\n<\/div>","protected":false},"excerpt":{"rendered":"<p>Basandosi sullo sviluppo brevettato del materiale per binari KeySplint Soft, che ha riscosso un enorme successo, Keystone Industries ha ora sviluppato anche un tipo di resina per modelli completamente nuovo: KeyPrint KeyModel Ultra beige, grigio e sabbia da 1 kg.<\/p>","protected":false},"featured_media":31203,"comment_status":"open","ping_status":"closed","template":"","meta":{"neve_meta_sidebar":"","neve_meta_container":"","neve_meta_enable_content_width":"off","neve_meta_content_width":70,"neve_meta_title_alignment":"","neve_meta_author_avatar":"","neve_post_elements_order":"","neve_meta_disable_header":"","neve_meta_disable_footer":"","neve_meta_disable_title":"","_themeisle_gutenberg_block_has_review":false},"product_brand":[],"product_cat":[212,1112,840,432],"product_tag":[434],"class_list":{"0":"post-26234","1":"product","2":"type-product","3":"status-publish","4":"has-post-thumbnail","6":"product_cat-adorprint","7":"product_cat-keystone","8":"product_cat-modellmaterial","9":"product_cat-resine","10":"product_tag-dentalheld","12":"first","13":"instock","14":"taxable","15":"shipping-taxable","16":"purchasable","17":"product-type-variable"},"yoast_head":"<!-- This site is optimized with the Yoast SEO plugin v27.4 - https:\/\/yoast.com\/product\/yoast-seo-wordpress\/ -->\n<title>KeyPrint KeyModel Ultra beige\/ grau\/ Sand 1kg - Ador Dental GmbH<\/title>\n<meta name=\"description\" content=\"KeyPrint KeyModel Ultra weist eine hohe Reaktivit\u00e4t auf, welche auch den Einsatz auf schw\u00e4cheren LCD-Monochrom Druckern erm\u00f6glicht. Beige und grau, Schienen\" \/>\n<meta name=\"robots\" content=\"index, follow, max-snippet:-1, max-image-preview:large, max-video-preview:-1\" \/>\n<link rel=\"canonical\" href=\"https:\/\/www.ador-dental.de\/it\/prodotto\/keyprint-keymodel-ultra-beige-grau-sand-1kg\/\" \/>\n<meta property=\"og:locale\" content=\"it_IT\" \/>\n<meta property=\"og:type\" content=\"article\" \/>\n<meta property=\"og:title\" content=\"KeyPrint KeyModel Ultra beige\/ grau\/ Sand 1kg - Ador Dental GmbH\" \/>\n<meta property=\"og:description\" content=\"KeyPrint KeyModel Ultra weist eine hohe Reaktivit\u00e4t auf, welche auch den Einsatz auf schw\u00e4cheren LCD-Monochrom Druckern erm\u00f6glicht. Beige und grau, Schienen\" \/>\n<meta property=\"og:url\" content=\"https:\/\/www.ador-dental.de\/it\/prodotto\/keyprint-keymodel-ultra-beige-grau-sand-1kg\/\" \/>\n<meta property=\"og:site_name\" content=\"Ador Dental GmbH\" \/>\n<meta property=\"article:modified_time\" content=\"2026-03-05T08:43:36+00:00\" \/>\n<meta property=\"og:image\" content=\"https:\/\/www.ador-dental.de\/wp-content\/uploads\/2026\/03\/Key-Model-Ultra-Sand-PB.png\" \/>\n\t<meta property=\"og:image:width\" content=\"1024\" \/>\n\t<meta property=\"og:image:height\" content=\"1024\" \/>\n\t<meta property=\"og:image:type\" content=\"image\/png\" \/>\n<meta name=\"twitter:card\" content=\"summary_large_image\" \/>\n<meta name=\"twitter:label1\" content=\"Tempo di lettura stimato\" \/>\n\t<meta name=\"twitter:data1\" content=\"2 minuti\" \/>\n<script type=\"application\/ld+json\" class=\"yoast-schema-graph\">{\"@context\":\"https:\\\/\\\/schema.org\",\"@graph\":[{\"@type\":\"WebPage\",\"@id\":\"https:\\\/\\\/www.ador-dental.de\\\/produkt\\\/keyprint-keymodel-ultra-beige-grau-sand-1kg\\\/\",\"url\":\"https:\\\/\\\/www.ador-dental.de\\\/produkt\\\/keyprint-keymodel-ultra-beige-grau-sand-1kg\\\/\",\"name\":\"KeyPrint KeyModel Ultra beige\\\/ grau\\\/ Sand 1kg - Ador Dental GmbH\",\"isPartOf\":{\"@id\":\"https:\\\/\\\/www.ador-dental.de\\\/en\\\/#website\"},\"primaryImageOfPage\":{\"@id\":\"https:\\\/\\\/www.ador-dental.de\\\/produkt\\\/keyprint-keymodel-ultra-beige-grau-sand-1kg\\\/#primaryimage\"},\"image\":{\"@id\":\"https:\\\/\\\/www.ador-dental.de\\\/produkt\\\/keyprint-keymodel-ultra-beige-grau-sand-1kg\\\/#primaryimage\"},\"thumbnailUrl\":\"https:\\\/\\\/www.ador-dental.de\\\/wp-content\\\/uploads\\\/2026\\\/03\\\/Key-Model-Ultra-Sand-PB.png\",\"datePublished\":\"2023-05-23T13:02:54+00:00\",\"dateModified\":\"2026-03-05T08:43:36+00:00\",\"description\":\"KeyPrint KeyModel Ultra weist eine hohe Reaktivit\u00e4t auf, welche auch den Einsatz auf schw\u00e4cheren LCD-Monochrom Druckern erm\u00f6glicht. Beige und grau, Schienen\",\"breadcrumb\":{\"@id\":\"https:\\\/\\\/www.ador-dental.de\\\/produkt\\\/keyprint-keymodel-ultra-beige-grau-sand-1kg\\\/#breadcrumb\"},\"inLanguage\":\"it-IT\",\"potentialAction\":[{\"@type\":\"ReadAction\",\"target\":[\"https:\\\/\\\/www.ador-dental.de\\\/produkt\\\/keyprint-keymodel-ultra-beige-grau-sand-1kg\\\/\"]}]},{\"@type\":\"ImageObject\",\"inLanguage\":\"it-IT\",\"@id\":\"https:\\\/\\\/www.ador-dental.de\\\/produkt\\\/keyprint-keymodel-ultra-beige-grau-sand-1kg\\\/#primaryimage\",\"url\":\"https:\\\/\\\/www.ador-dental.de\\\/wp-content\\\/uploads\\\/2026\\\/03\\\/Key-Model-Ultra-Sand-PB.png\",\"contentUrl\":\"https:\\\/\\\/www.ador-dental.de\\\/wp-content\\\/uploads\\\/2026\\\/03\\\/Key-Model-Ultra-Sand-PB.png\",\"width\":1024,\"height\":1024},{\"@type\":\"BreadcrumbList\",\"@id\":\"https:\\\/\\\/www.ador-dental.de\\\/produkt\\\/keyprint-keymodel-ultra-beige-grau-sand-1kg\\\/#breadcrumb\",\"itemListElement\":[{\"@type\":\"ListItem\",\"position\":1,\"name\":\"Startseite\",\"item\":\"https:\\\/\\\/www.ador-dental.de\\\/\"},{\"@type\":\"ListItem\",\"position\":2,\"name\":\"Shop\",\"item\":\"https:\\\/\\\/www.ador-dental.de\\\/en\\\/shop\\\/\"},{\"@type\":\"ListItem\",\"position\":3,\"name\":\"KeyPrint KeyModel Ultra beige\\\/ grau\\\/ Sand 1kg\"}]},{\"@type\":\"WebSite\",\"@id\":\"https:\\\/\\\/www.ador-dental.de\\\/en\\\/#website\",\"url\":\"https:\\\/\\\/www.ador-dental.de\\\/en\\\/\",\"name\":\"Ador Dental GmbH\",\"description\":\"\",\"publisher\":{\"@id\":\"https:\\\/\\\/www.ador-dental.de\\\/en\\\/#organization\"},\"potentialAction\":[{\"@type\":\"SearchAction\",\"target\":{\"@type\":\"EntryPoint\",\"urlTemplate\":\"https:\\\/\\\/www.ador-dental.de\\\/en\\\/?s={search_term_string}\"},\"query-input\":{\"@type\":\"PropertyValueSpecification\",\"valueRequired\":true,\"valueName\":\"search_term_string\"}}],\"inLanguage\":\"it-IT\"},{\"@type\":\"Organization\",\"@id\":\"https:\\\/\\\/www.ador-dental.de\\\/en\\\/#organization\",\"name\":\"Ador Dental GmbH\",\"url\":\"https:\\\/\\\/www.ador-dental.de\\\/en\\\/\",\"logo\":{\"@type\":\"ImageObject\",\"inLanguage\":\"it-IT\",\"@id\":\"https:\\\/\\\/www.ador-dental.de\\\/en\\\/#\\\/schema\\\/logo\\\/image\\\/\",\"url\":\"https:\\\/\\\/www.ador-dental.de\\\/wp-content\\\/uploads\\\/2021\\\/10\\\/ADOR_Logo_DentalSolutions_2020_Black.svg\",\"contentUrl\":\"https:\\\/\\\/www.ador-dental.de\\\/wp-content\\\/uploads\\\/2021\\\/10\\\/ADOR_Logo_DentalSolutions_2020_Black.svg\",\"width\":678,\"height\":261,\"caption\":\"Ador Dental GmbH\"},\"image\":{\"@id\":\"https:\\\/\\\/www.ador-dental.de\\\/en\\\/#\\\/schema\\\/logo\\\/image\\\/\"}}]}<\/script>\n<!-- \/ Yoast SEO plugin. -->","yoast_head_json":{"title":"KeyPrint KeyModel Ultra beige\/ grau\/ Sand 1kg - Ador Dental GmbH","description":"KeyPrint KeyModel Ultra weist eine hohe Reaktivit\u00e4t auf, welche auch den Einsatz auf schw\u00e4cheren LCD-Monochrom Druckern erm\u00f6glicht. Beige und grau, Schienen","robots":{"index":"index","follow":"follow","max-snippet":"max-snippet:-1","max-image-preview":"max-image-preview:large","max-video-preview":"max-video-preview:-1"},"canonical":"https:\/\/www.ador-dental.de\/it\/prodotto\/keyprint-keymodel-ultra-beige-grau-sand-1kg\/","og_locale":"it_IT","og_type":"article","og_title":"KeyPrint KeyModel Ultra beige\/ grau\/ Sand 1kg - Ador Dental GmbH","og_description":"KeyPrint KeyModel Ultra weist eine hohe Reaktivit\u00e4t auf, welche auch den Einsatz auf schw\u00e4cheren LCD-Monochrom Druckern erm\u00f6glicht. Beige und grau, Schienen","og_url":"https:\/\/www.ador-dental.de\/it\/prodotto\/keyprint-keymodel-ultra-beige-grau-sand-1kg\/","og_site_name":"Ador Dental GmbH","article_modified_time":"2026-03-05T08:43:36+00:00","og_image":[{"width":1024,"height":1024,"url":"https:\/\/www.ador-dental.de\/wp-content\/uploads\/2026\/03\/Key-Model-Ultra-Sand-PB.png","type":"image\/png"}],"twitter_card":"summary_large_image","twitter_misc":{"Tempo di lettura stimato":"2 minuti"},"schema":{"@context":"https:\/\/schema.org","@graph":[{"@type":"WebPage","@id":"https:\/\/www.ador-dental.de\/produkt\/keyprint-keymodel-ultra-beige-grau-sand-1kg\/","url":"https:\/\/www.ador-dental.de\/produkt\/keyprint-keymodel-ultra-beige-grau-sand-1kg\/","name":"KeyPrint KeyModel Ultra beige\/ grau\/ Sand 1kg - Ador Dental GmbH","isPartOf":{"@id":"https:\/\/www.ador-dental.de\/en\/#website"},"primaryImageOfPage":{"@id":"https:\/\/www.ador-dental.de\/produkt\/keyprint-keymodel-ultra-beige-grau-sand-1kg\/#primaryimage"},"image":{"@id":"https:\/\/www.ador-dental.de\/produkt\/keyprint-keymodel-ultra-beige-grau-sand-1kg\/#primaryimage"},"thumbnailUrl":"https:\/\/www.ador-dental.de\/wp-content\/uploads\/2026\/03\/Key-Model-Ultra-Sand-PB.png","datePublished":"2023-05-23T13:02:54+00:00","dateModified":"2026-03-05T08:43:36+00:00","description":"KeyPrint KeyModel Ultra weist eine hohe Reaktivit\u00e4t auf, welche auch den Einsatz auf schw\u00e4cheren LCD-Monochrom Druckern erm\u00f6glicht. Beige und grau, Schienen","breadcrumb":{"@id":"https:\/\/www.ador-dental.de\/produkt\/keyprint-keymodel-ultra-beige-grau-sand-1kg\/#breadcrumb"},"inLanguage":"it-IT","potentialAction":[{"@type":"ReadAction","target":["https:\/\/www.ador-dental.de\/produkt\/keyprint-keymodel-ultra-beige-grau-sand-1kg\/"]}]},{"@type":"ImageObject","inLanguage":"it-IT","@id":"https:\/\/www.ador-dental.de\/produkt\/keyprint-keymodel-ultra-beige-grau-sand-1kg\/#primaryimage","url":"https:\/\/www.ador-dental.de\/wp-content\/uploads\/2026\/03\/Key-Model-Ultra-Sand-PB.png","contentUrl":"https:\/\/www.ador-dental.de\/wp-content\/uploads\/2026\/03\/Key-Model-Ultra-Sand-PB.png","width":1024,"height":1024},{"@type":"BreadcrumbList","@id":"https:\/\/www.ador-dental.de\/produkt\/keyprint-keymodel-ultra-beige-grau-sand-1kg\/#breadcrumb","itemListElement":[{"@type":"ListItem","position":1,"name":"Startseite","item":"https:\/\/www.ador-dental.de\/"},{"@type":"ListItem","position":2,"name":"Shop","item":"https:\/\/www.ador-dental.de\/en\/shop\/"},{"@type":"ListItem","position":3,"name":"KeyPrint KeyModel Ultra beige\/ grau\/ Sand 1kg"}]},{"@type":"WebSite","@id":"https:\/\/www.ador-dental.de\/en\/#website","url":"https:\/\/www.ador-dental.de\/en\/","name":"Ador Dental GmbH","description":"","publisher":{"@id":"https:\/\/www.ador-dental.de\/en\/#organization"},"potentialAction":[{"@type":"SearchAction","target":{"@type":"EntryPoint","urlTemplate":"https:\/\/www.ador-dental.de\/en\/?s={search_term_string}"},"query-input":{"@type":"PropertyValueSpecification","valueRequired":true,"valueName":"search_term_string"}}],"inLanguage":"it-IT"},{"@type":"Organization","@id":"https:\/\/www.ador-dental.de\/en\/#organization","name":"Ador Dental GmbH","url":"https:\/\/www.ador-dental.de\/en\/","logo":{"@type":"ImageObject","inLanguage":"it-IT","@id":"https:\/\/www.ador-dental.de\/en\/#\/schema\/logo\/image\/","url":"https:\/\/www.ador-dental.de\/wp-content\/uploads\/2021\/10\/ADOR_Logo_DentalSolutions_2020_Black.svg","contentUrl":"https:\/\/www.ador-dental.de\/wp-content\/uploads\/2021\/10\/ADOR_Logo_DentalSolutions_2020_Black.svg","width":678,"height":261,"caption":"Ador Dental GmbH"},"image":{"@id":"https:\/\/www.ador-dental.de\/en\/#\/schema\/logo\/image\/"}}]}},"_links":{"self":[{"href":"https:\/\/www.ador-dental.de\/it\/wp-json\/wp\/v2\/product\/26234","targetHints":{"allow":["GET"]}}],"collection":[{"href":"https:\/\/www.ador-dental.de\/it\/wp-json\/wp\/v2\/product"}],"about":[{"href":"https:\/\/www.ador-dental.de\/it\/wp-json\/wp\/v2\/types\/product"}],"replies":[{"embeddable":true,"href":"https:\/\/www.ador-dental.de\/it\/wp-json\/wp\/v2\/comments?post=26234"}],"version-history":[{"count":11,"href":"https:\/\/www.ador-dental.de\/it\/wp-json\/wp\/v2\/product\/26234\/revisions"}],"predecessor-version":[{"id":31207,"href":"https:\/\/www.ador-dental.de\/it\/wp-json\/wp\/v2\/product\/26234\/revisions\/31207"}],"wp:featuredmedia":[{"embeddable":true,"href":"https:\/\/www.ador-dental.de\/it\/wp-json\/wp\/v2\/media\/31203"}],"wp:attachment":[{"href":"https:\/\/www.ador-dental.de\/it\/wp-json\/wp\/v2\/media?parent=26234"}],"wp:term":[{"taxonomy":"product_brand","embeddable":true,"href":"https:\/\/www.ador-dental.de\/it\/wp-json\/wp\/v2\/product_brand?post=26234"},{"taxonomy":"product_cat","embeddable":true,"href":"https:\/\/www.ador-dental.de\/it\/wp-json\/wp\/v2\/product_cat?post=26234"},{"taxonomy":"product_tag","embeddable":true,"href":"https:\/\/www.ador-dental.de\/it\/wp-json\/wp\/v2\/product_tag?post=26234"}],"curies":[{"name":"wp","href":"https:\/\/api.w.org\/{rel}","templated":true}]}}