{"id":25765,"date":"2023-04-14T12:50:33","date_gmt":"2023-04-14T10:50:33","guid":{"rendered":"https:\/\/www.ador-dental.de\/?post_type=product&#038;p=25765"},"modified":"2025-01-16T15:01:19","modified_gmt":"2025-01-16T14:01:19","slug":"memosplint-version-s","status":"publish","type":"product","link":"https:\/\/www.ador-dental.de\/it\/prodotto\/memosplint-version-s\/","title":{"rendered":"optimill memosplint S"},"content":{"rendered":"<p><strong><a  data-e-disable-page-transition=\"true\" class=\"download-link\" title=\"\" href=\"https:\/\/www.ador-dental.de\/it\/download\/25769\/?tmstv=1778880637\" rel=\"nofollow\" id=\"download-link-25769\" data-redirect=\"false\" >\n\tScheda di sicurezza Memosplint S<\/a>\n<br \/>\n<a  data-e-disable-page-transition=\"true\" class=\"download-link\" title=\"\" href=\"https:\/\/www.ador-dental.de\/it\/download\/25772\/?tmstv=1778880637\" rel=\"nofollow\" id=\"download-link-25772\" data-redirect=\"false\" >\n\tScheda di sicurezza Memosplint S<\/a>\n<br \/>\n<a  data-e-disable-page-transition=\"true\" class=\"download-link\" title=\"\" href=\"https:\/\/www.ador-dental.de\/it\/download\/25775\/?tmstv=1778880637\" rel=\"nofollow\" id=\"download-link-25775\" data-redirect=\"false\" >\n\tIFU memosplint S DE\/EN\/FR\/IT\/ES<\/a>\n<\/strong><\/p>\n<p>Propriet\u00e0 speciali<\/p>\n<p>- Comfort senza tensioni grazie all'effetto memoria<br \/>\n- Estetica elevata grazie a una chiarezza duratura<br \/>\n- Pu\u00f2 essere ribattuto\/esteso ed \u00e8 facile da lucidare<br \/>\n- Riparabile con il sistema vivatemp P\/L<\/p>","protected":false},"excerpt":{"rendered":"<p>Grazie alla sua maggiore rigidit\u00e0, questa variante di prodotto memosplint \u00e8 universalmente adatta alla realizzazione di bite flessibili e resistenti alla frattura di qualsiasi tipo e di restauri provvisori fresati. Il materiale termoelastico trasparente garantisce un'estetica elevata grazie a strutture di cementazione quasi invisibili. Il paziente \u00e8 soddisfatto dell'assenza di tensione e dell'impercettibile usura del restauro. Anche la versione S di memosplint \u00e8 disponibile in diversi spessori e geometrie. L'odontotecnico risparmia molto tempo e ottiene risultati riproducibili grazie al processo di fabbricazione digitale. Il materiale memosplint di entrambe le versioni \u00e8 chiaramente trasparente e di sapore neutro. \u00c8 molto facile da lavorare ed \u00e8 compatibile con i sistemi convenzionali polvere-liquido per le correzioni manuali. \u00c8 adatto per stecche terapeutiche e per stecche riflesse, di posizionamento e di stabilizzazione.<\/p>","protected":false},"featured_media":25777,"comment_status":"open","ping_status":"closed","template":"","meta":{"neve_meta_sidebar":"","neve_meta_container":"","neve_meta_enable_content_width":"off","neve_meta_content_width":100,"neve_meta_title_alignment":"","neve_meta_author_avatar":"","neve_post_elements_order":"","neve_meta_disable_header":"","neve_meta_disable_footer":"","neve_meta_disable_title":"","_themeisle_gutenberg_block_has_review":false},"product_brand":[],"product_cat":[1109],"product_tag":[1106,1108,1107],"class_list":{"0":"post-25765","1":"product","2":"type-product","3":"status-publish","4":"has-post-thumbnail","6":"product_cat-kunststoff-adormilling","7":"product_tag-dentona","8":"product_tag-memosplint","9":"product_tag-optimill","11":"first","12":"instock","13":"taxable","14":"shipping-taxable","15":"purchasable","16":"product-type-variable"},"yoast_head":"<!-- This site is optimized with the Yoast SEO plugin v27.6 - https:\/\/yoast.com\/product\/yoast-seo-wordpress\/ -->\n<title>optimill memosplint S - Ador Dental GmbH<\/title>\n<meta name=\"description\" content=\"Das memosplint s ist durch die erh\u00f6hte Steifigkeit\u00a0universell geeignet f\u00fcr die Herstellung von flexiblen und\u00a0 bruchsicheren Schienen jeder Art.\" \/>\n<meta name=\"robots\" content=\"index, follow, max-snippet:-1, max-image-preview:large, max-video-preview:-1\" \/>\n<link rel=\"canonical\" href=\"https:\/\/www.ador-dental.de\/it\/prodotto\/memosplint-version-s\/\" \/>\n<meta property=\"og:locale\" content=\"it_IT\" \/>\n<meta property=\"og:type\" content=\"article\" \/>\n<meta property=\"og:title\" content=\"optimill memosplint S - Ador Dental GmbH\" \/>\n<meta property=\"og:description\" content=\"Das memosplint s ist durch die erh\u00f6hte Steifigkeit\u00a0universell geeignet f\u00fcr die Herstellung von flexiblen und\u00a0 bruchsicheren Schienen jeder Art.\" \/>\n<meta property=\"og:url\" content=\"https:\/\/www.ador-dental.de\/it\/prodotto\/memosplint-version-s\/\" \/>\n<meta property=\"og:site_name\" content=\"Ador Dental GmbH\" \/>\n<meta property=\"article:modified_time\" content=\"2025-01-16T14:01:19+00:00\" \/>\n<meta property=\"og:image\" content=\"https:\/\/www.ador-dental.de\/wp-content\/uploads\/2023\/04\/Memosplint-S.jpg\" \/>\n\t<meta property=\"og:image:width\" content=\"950\" \/>\n\t<meta property=\"og:image:height\" content=\"1000\" \/>\n\t<meta property=\"og:image:type\" content=\"image\/jpeg\" \/>\n<meta name=\"twitter:card\" content=\"summary_large_image\" \/>\n<script type=\"application\/ld+json\" class=\"yoast-schema-graph\">{\"@context\":\"https:\\\/\\\/schema.org\",\"@graph\":[{\"@type\":\"WebPage\",\"@id\":\"https:\\\/\\\/www.ador-dental.de\\\/produkt\\\/memosplint-version-s\\\/\",\"url\":\"https:\\\/\\\/www.ador-dental.de\\\/produkt\\\/memosplint-version-s\\\/\",\"name\":\"optimill memosplint S - Ador Dental GmbH\",\"isPartOf\":{\"@id\":\"https:\\\/\\\/www.ador-dental.de\\\/en\\\/#website\"},\"primaryImageOfPage\":{\"@id\":\"https:\\\/\\\/www.ador-dental.de\\\/produkt\\\/memosplint-version-s\\\/#primaryimage\"},\"image\":{\"@id\":\"https:\\\/\\\/www.ador-dental.de\\\/produkt\\\/memosplint-version-s\\\/#primaryimage\"},\"thumbnailUrl\":\"https:\\\/\\\/www.ador-dental.de\\\/wp-content\\\/uploads\\\/2023\\\/04\\\/Memosplint-S.jpg\",\"datePublished\":\"2023-04-14T10:50:33+00:00\",\"dateModified\":\"2025-01-16T14:01:19+00:00\",\"description\":\"Das memosplint s ist durch die erh\u00f6hte Steifigkeit\u00a0universell geeignet f\u00fcr die Herstellung von flexiblen und\u00a0 bruchsicheren Schienen jeder Art.\",\"breadcrumb\":{\"@id\":\"https:\\\/\\\/www.ador-dental.de\\\/produkt\\\/memosplint-version-s\\\/#breadcrumb\"},\"inLanguage\":\"it-IT\",\"potentialAction\":[{\"@type\":\"ReadAction\",\"target\":[\"https:\\\/\\\/www.ador-dental.de\\\/produkt\\\/memosplint-version-s\\\/\"]}]},{\"@type\":\"ImageObject\",\"inLanguage\":\"it-IT\",\"@id\":\"https:\\\/\\\/www.ador-dental.de\\\/produkt\\\/memosplint-version-s\\\/#primaryimage\",\"url\":\"https:\\\/\\\/www.ador-dental.de\\\/wp-content\\\/uploads\\\/2023\\\/04\\\/Memosplint-S.jpg\",\"contentUrl\":\"https:\\\/\\\/www.ador-dental.de\\\/wp-content\\\/uploads\\\/2023\\\/04\\\/Memosplint-S.jpg\",\"width\":950,\"height\":1000},{\"@type\":\"BreadcrumbList\",\"@id\":\"https:\\\/\\\/www.ador-dental.de\\\/produkt\\\/memosplint-version-s\\\/#breadcrumb\",\"itemListElement\":[{\"@type\":\"ListItem\",\"position\":1,\"name\":\"Startseite\",\"item\":\"https:\\\/\\\/www.ador-dental.de\\\/\"},{\"@type\":\"ListItem\",\"position\":2,\"name\":\"Shop\",\"item\":\"https:\\\/\\\/www.ador-dental.de\\\/en\\\/shop\\\/\"},{\"@type\":\"ListItem\",\"position\":3,\"name\":\"optimill memosplint S\"}]},{\"@type\":\"WebSite\",\"@id\":\"https:\\\/\\\/www.ador-dental.de\\\/en\\\/#website\",\"url\":\"https:\\\/\\\/www.ador-dental.de\\\/en\\\/\",\"name\":\"Ador Dental GmbH\",\"description\":\"\",\"publisher\":{\"@id\":\"https:\\\/\\\/www.ador-dental.de\\\/en\\\/#organization\"},\"potentialAction\":[{\"@type\":\"SearchAction\",\"target\":{\"@type\":\"EntryPoint\",\"urlTemplate\":\"https:\\\/\\\/www.ador-dental.de\\\/en\\\/?s={search_term_string}\"},\"query-input\":{\"@type\":\"PropertyValueSpecification\",\"valueRequired\":true,\"valueName\":\"search_term_string\"}}],\"inLanguage\":\"it-IT\"},{\"@type\":\"Organization\",\"@id\":\"https:\\\/\\\/www.ador-dental.de\\\/en\\\/#organization\",\"name\":\"Ador Dental GmbH\",\"url\":\"https:\\\/\\\/www.ador-dental.de\\\/en\\\/\",\"logo\":{\"@type\":\"ImageObject\",\"inLanguage\":\"it-IT\",\"@id\":\"https:\\\/\\\/www.ador-dental.de\\\/en\\\/#\\\/schema\\\/logo\\\/image\\\/\",\"url\":\"https:\\\/\\\/www.ador-dental.de\\\/wp-content\\\/uploads\\\/2021\\\/10\\\/ADOR_Logo_DentalSolutions_2020_Black.svg\",\"contentUrl\":\"https:\\\/\\\/www.ador-dental.de\\\/wp-content\\\/uploads\\\/2021\\\/10\\\/ADOR_Logo_DentalSolutions_2020_Black.svg\",\"width\":678,\"height\":261,\"caption\":\"Ador Dental GmbH\"},\"image\":{\"@id\":\"https:\\\/\\\/www.ador-dental.de\\\/en\\\/#\\\/schema\\\/logo\\\/image\\\/\"}}]}<\/script>\n<!-- \/ Yoast SEO plugin. -->","yoast_head_json":{"title":"optimill memosplint S - Ador Dental GmbH","description":"Das memosplint s ist durch die erh\u00f6hte Steifigkeit\u00a0universell geeignet f\u00fcr die Herstellung von flexiblen und\u00a0 bruchsicheren Schienen jeder Art.","robots":{"index":"index","follow":"follow","max-snippet":"max-snippet:-1","max-image-preview":"max-image-preview:large","max-video-preview":"max-video-preview:-1"},"canonical":"https:\/\/www.ador-dental.de\/it\/prodotto\/memosplint-version-s\/","og_locale":"it_IT","og_type":"article","og_title":"optimill memosplint S - Ador Dental GmbH","og_description":"Das memosplint s ist durch die erh\u00f6hte Steifigkeit\u00a0universell geeignet f\u00fcr die Herstellung von flexiblen und\u00a0 bruchsicheren Schienen jeder Art.","og_url":"https:\/\/www.ador-dental.de\/it\/prodotto\/memosplint-version-s\/","og_site_name":"Ador Dental GmbH","article_modified_time":"2025-01-16T14:01:19+00:00","og_image":[{"width":950,"height":1000,"url":"https:\/\/www.ador-dental.de\/wp-content\/uploads\/2023\/04\/Memosplint-S.jpg","type":"image\/jpeg"}],"twitter_card":"summary_large_image","schema":{"@context":"https:\/\/schema.org","@graph":[{"@type":"WebPage","@id":"https:\/\/www.ador-dental.de\/produkt\/memosplint-version-s\/","url":"https:\/\/www.ador-dental.de\/produkt\/memosplint-version-s\/","name":"optimill memosplint S - Ador Dental GmbH","isPartOf":{"@id":"https:\/\/www.ador-dental.de\/en\/#website"},"primaryImageOfPage":{"@id":"https:\/\/www.ador-dental.de\/produkt\/memosplint-version-s\/#primaryimage"},"image":{"@id":"https:\/\/www.ador-dental.de\/produkt\/memosplint-version-s\/#primaryimage"},"thumbnailUrl":"https:\/\/www.ador-dental.de\/wp-content\/uploads\/2023\/04\/Memosplint-S.jpg","datePublished":"2023-04-14T10:50:33+00:00","dateModified":"2025-01-16T14:01:19+00:00","description":"Das memosplint s ist durch die erh\u00f6hte Steifigkeit\u00a0universell geeignet f\u00fcr die Herstellung von flexiblen und\u00a0 bruchsicheren Schienen jeder Art.","breadcrumb":{"@id":"https:\/\/www.ador-dental.de\/produkt\/memosplint-version-s\/#breadcrumb"},"inLanguage":"it-IT","potentialAction":[{"@type":"ReadAction","target":["https:\/\/www.ador-dental.de\/produkt\/memosplint-version-s\/"]}]},{"@type":"ImageObject","inLanguage":"it-IT","@id":"https:\/\/www.ador-dental.de\/produkt\/memosplint-version-s\/#primaryimage","url":"https:\/\/www.ador-dental.de\/wp-content\/uploads\/2023\/04\/Memosplint-S.jpg","contentUrl":"https:\/\/www.ador-dental.de\/wp-content\/uploads\/2023\/04\/Memosplint-S.jpg","width":950,"height":1000},{"@type":"BreadcrumbList","@id":"https:\/\/www.ador-dental.de\/produkt\/memosplint-version-s\/#breadcrumb","itemListElement":[{"@type":"ListItem","position":1,"name":"Startseite","item":"https:\/\/www.ador-dental.de\/"},{"@type":"ListItem","position":2,"name":"Shop","item":"https:\/\/www.ador-dental.de\/en\/shop\/"},{"@type":"ListItem","position":3,"name":"optimill memosplint S"}]},{"@type":"WebSite","@id":"https:\/\/www.ador-dental.de\/en\/#website","url":"https:\/\/www.ador-dental.de\/en\/","name":"Ador Dental GmbH","description":"","publisher":{"@id":"https:\/\/www.ador-dental.de\/en\/#organization"},"potentialAction":[{"@type":"SearchAction","target":{"@type":"EntryPoint","urlTemplate":"https:\/\/www.ador-dental.de\/en\/?s={search_term_string}"},"query-input":{"@type":"PropertyValueSpecification","valueRequired":true,"valueName":"search_term_string"}}],"inLanguage":"it-IT"},{"@type":"Organization","@id":"https:\/\/www.ador-dental.de\/en\/#organization","name":"Ador Dental GmbH","url":"https:\/\/www.ador-dental.de\/en\/","logo":{"@type":"ImageObject","inLanguage":"it-IT","@id":"https:\/\/www.ador-dental.de\/en\/#\/schema\/logo\/image\/","url":"https:\/\/www.ador-dental.de\/wp-content\/uploads\/2021\/10\/ADOR_Logo_DentalSolutions_2020_Black.svg","contentUrl":"https:\/\/www.ador-dental.de\/wp-content\/uploads\/2021\/10\/ADOR_Logo_DentalSolutions_2020_Black.svg","width":678,"height":261,"caption":"Ador Dental GmbH"},"image":{"@id":"https:\/\/www.ador-dental.de\/en\/#\/schema\/logo\/image\/"}}]}},"_links":{"self":[{"href":"https:\/\/www.ador-dental.de\/it\/wp-json\/wp\/v2\/product\/25765","targetHints":{"allow":["GET"]}}],"collection":[{"href":"https:\/\/www.ador-dental.de\/it\/wp-json\/wp\/v2\/product"}],"about":[{"href":"https:\/\/www.ador-dental.de\/it\/wp-json\/wp\/v2\/types\/product"}],"replies":[{"embeddable":true,"href":"https:\/\/www.ador-dental.de\/it\/wp-json\/wp\/v2\/comments?post=25765"}],"version-history":[{"count":4,"href":"https:\/\/www.ador-dental.de\/it\/wp-json\/wp\/v2\/product\/25765\/revisions"}],"predecessor-version":[{"id":25780,"href":"https:\/\/www.ador-dental.de\/it\/wp-json\/wp\/v2\/product\/25765\/revisions\/25780"}],"wp:featuredmedia":[{"embeddable":true,"href":"https:\/\/www.ador-dental.de\/it\/wp-json\/wp\/v2\/media\/25777"}],"wp:attachment":[{"href":"https:\/\/www.ador-dental.de\/it\/wp-json\/wp\/v2\/media?parent=25765"}],"wp:term":[{"taxonomy":"product_brand","embeddable":true,"href":"https:\/\/www.ador-dental.de\/it\/wp-json\/wp\/v2\/product_brand?post=25765"},{"taxonomy":"product_cat","embeddable":true,"href":"https:\/\/www.ador-dental.de\/it\/wp-json\/wp\/v2\/product_cat?post=25765"},{"taxonomy":"product_tag","embeddable":true,"href":"https:\/\/www.ador-dental.de\/it\/wp-json\/wp\/v2\/product_tag?post=25765"}],"curies":[{"name":"wp","href":"https:\/\/api.w.org\/{rel}","templated":true}]}}