{"id":25583,"date":"2023-03-27T11:05:17","date_gmt":"2023-03-27T09:05:17","guid":{"rendered":"https:\/\/www.ador-dental.de\/?post_type=product&#038;p=25583"},"modified":"2025-09-10T12:35:29","modified_gmt":"2025-09-10T10:35:29","slug":"multifire-vac-vakuumpumpe","status":"publish","type":"product","link":"https:\/\/www.ador-dental.de\/it\/prodotto\/multifire-vac-vakuumpumpe\/","title":{"rendered":"Multifire\u00ae vac - Pompa per vuoto"},"content":{"rendered":"<p><strong><a  data-e-disable-page-transition=\"true\" class=\"download-link\" title=\"\" href=\"https:\/\/www.ador-dental.de\/it\/download\/25580\/?tmstv=1778880803\" rel=\"nofollow\" id=\"download-link-25580\" data-redirect=\"false\" >\n\tOpuscolo IT Multifire<\/a>\n<\/strong><br \/>\n<strong><a  data-e-disable-page-transition=\"true\" class=\"download-link\" title=\"\" href=\"https:\/\/www.ador-dental.de\/it\/download\/25573\/?tmstv=1778880803\" rel=\"nofollow\" id=\"download-link-25573\" data-redirect=\"false\" >\n\tOpuscolo IT Multifire<\/a>\n<\/strong><\/p>\n<p><strong>Caratteristiche tecniche:<\/strong><\/p>\n<ul>\n<li>Potente<\/li>\n<li>Membrana brevettata<\/li>\n<li>100% Erogazione senza olio, quindi non adulterato<\/li>\n<li>Convogliamento, evacuazione e compattazione<\/li>\n<li>Dimensioni ridotte<\/li>\n<li>Bassa manutenzione<\/li>\n<li>Bassa rumorosit\u00e0<\/li>\n<\/ul>\n<p><strong>Dati tecnici:<\/strong><\/p>\n<ul>\n<li>Altezza: 210 mm<\/li>\n<li>Larghezza: 404 mm<\/li>\n<li>Profondit\u00e0: 110 mm<\/li>\n<li>Peso: 6,8 kg<\/li>\n<li>Alimentazione: 230 V\/50 Hz<\/li>\n<li>Corrente nominale: 0,5 A<\/li>\n<li>Consumo massimo di energia: 80 W<\/li>\n<\/ul>","protected":false},"excerpt":{"rendered":"<p>Multifire\u00ae vac \u00e8 la pompa per vuoto complementare per i forni Multifire\u00ae. \u00c8 particolarmente<br \/>\npotente con il diaframma brevettato e garantisce un'erogazione senza olio con il modello 100%.<br \/>\ntrasporto, evacuazione e compressione senza fronzoli. Le dimensioni ridotte combinate con la<br \/>\nIl funzionamento particolarmente silenzioso garantisce un lavoro confortevole in laboratorio.<\/p>","protected":false},"featured_media":25589,"comment_status":"open","ping_status":"closed","template":"","meta":{"neve_meta_sidebar":"","neve_meta_container":"","neve_meta_enable_content_width":"off","neve_meta_content_width":70,"neve_meta_title_alignment":"","neve_meta_author_avatar":"","neve_post_elements_order":"","neve_meta_disable_header":"","neve_meta_disable_footer":"","neve_meta_disable_title":"","_themeisle_gutenberg_block_has_review":false},"product_brand":[],"product_cat":[1099],"product_tag":[1104,1102,1103],"class_list":{"0":"post-25583","1":"product","2":"type-product","3":"status-publish","4":"has-post-thumbnail","6":"product_cat-keramikoefen","7":"product_tag-multifire-vac","8":"product_tag-multifire-vac-vakuumpumpe","9":"product_tag-vakuumpumpe","11":"first","12":"instock","13":"taxable","14":"shipping-taxable","15":"purchasable","16":"product-type-simple"},"yoast_head":"<!-- This site is optimized with the Yoast SEO plugin v27.6 - https:\/\/yoast.com\/product\/yoast-seo-wordpress\/ -->\n<title>Multifire\u00ae vac - Vakuumpumpe - Ador Dental GmbH<\/title>\n<meta name=\"description\" content=\"Die Multifire\u00ae vac ist die erg\u00e4nzende Vakuumpumpe f\u00fcr die Multifire Brenn\u00f6fen. Sie \u00fcberzeugt durch ihre besondere Leistungsst\u00e4rke.\" \/>\n<meta name=\"robots\" content=\"index, follow, max-snippet:-1, max-image-preview:large, max-video-preview:-1\" \/>\n<link rel=\"canonical\" href=\"https:\/\/www.ador-dental.de\/it\/prodotto\/multifire-vac-vakuumpumpe\/\" \/>\n<meta property=\"og:locale\" content=\"it_IT\" \/>\n<meta property=\"og:type\" content=\"article\" \/>\n<meta property=\"og:title\" content=\"Multifire\u00ae vac - Vakuumpumpe - Ador Dental GmbH\" \/>\n<meta property=\"og:description\" content=\"Die Multifire\u00ae vac ist die erg\u00e4nzende Vakuumpumpe f\u00fcr die Multifire Brenn\u00f6fen. Sie \u00fcberzeugt durch ihre besondere Leistungsst\u00e4rke.\" \/>\n<meta property=\"og:url\" content=\"https:\/\/www.ador-dental.de\/it\/prodotto\/multifire-vac-vakuumpumpe\/\" \/>\n<meta property=\"og:site_name\" content=\"Ador Dental GmbH\" \/>\n<meta property=\"article:modified_time\" content=\"2025-09-10T10:35:29+00:00\" \/>\n<meta property=\"og:image\" content=\"https:\/\/www.ador-dental.de\/wp-content\/uploads\/2023\/03\/Vakuumpumpe.png\" \/>\n\t<meta property=\"og:image:width\" content=\"876\" \/>\n\t<meta property=\"og:image:height\" content=\"600\" \/>\n\t<meta property=\"og:image:type\" content=\"image\/png\" \/>\n<meta name=\"twitter:card\" content=\"summary_large_image\" \/>\n<script type=\"application\/ld+json\" class=\"yoast-schema-graph\">{\"@context\":\"https:\\\/\\\/schema.org\",\"@graph\":[{\"@type\":\"WebPage\",\"@id\":\"https:\\\/\\\/www.ador-dental.de\\\/produkt\\\/multifire-vac-vakuumpumpe\\\/\",\"url\":\"https:\\\/\\\/www.ador-dental.de\\\/produkt\\\/multifire-vac-vakuumpumpe\\\/\",\"name\":\"Multifire\u00ae vac - Vakuumpumpe - Ador Dental GmbH\",\"isPartOf\":{\"@id\":\"https:\\\/\\\/www.ador-dental.de\\\/en\\\/#website\"},\"primaryImageOfPage\":{\"@id\":\"https:\\\/\\\/www.ador-dental.de\\\/produkt\\\/multifire-vac-vakuumpumpe\\\/#primaryimage\"},\"image\":{\"@id\":\"https:\\\/\\\/www.ador-dental.de\\\/produkt\\\/multifire-vac-vakuumpumpe\\\/#primaryimage\"},\"thumbnailUrl\":\"https:\\\/\\\/www.ador-dental.de\\\/wp-content\\\/uploads\\\/2023\\\/03\\\/Vakuumpumpe.png\",\"datePublished\":\"2023-03-27T09:05:17+00:00\",\"dateModified\":\"2025-09-10T10:35:29+00:00\",\"description\":\"Die Multifire\u00ae vac ist die erg\u00e4nzende Vakuumpumpe f\u00fcr die Multifire Brenn\u00f6fen. Sie \u00fcberzeugt durch ihre besondere Leistungsst\u00e4rke.\",\"breadcrumb\":{\"@id\":\"https:\\\/\\\/www.ador-dental.de\\\/produkt\\\/multifire-vac-vakuumpumpe\\\/#breadcrumb\"},\"inLanguage\":\"it-IT\",\"potentialAction\":[{\"@type\":\"ReadAction\",\"target\":[\"https:\\\/\\\/www.ador-dental.de\\\/produkt\\\/multifire-vac-vakuumpumpe\\\/\"]}]},{\"@type\":\"ImageObject\",\"inLanguage\":\"it-IT\",\"@id\":\"https:\\\/\\\/www.ador-dental.de\\\/produkt\\\/multifire-vac-vakuumpumpe\\\/#primaryimage\",\"url\":\"https:\\\/\\\/www.ador-dental.de\\\/wp-content\\\/uploads\\\/2023\\\/03\\\/Vakuumpumpe.png\",\"contentUrl\":\"https:\\\/\\\/www.ador-dental.de\\\/wp-content\\\/uploads\\\/2023\\\/03\\\/Vakuumpumpe.png\",\"width\":876,\"height\":600},{\"@type\":\"BreadcrumbList\",\"@id\":\"https:\\\/\\\/www.ador-dental.de\\\/produkt\\\/multifire-vac-vakuumpumpe\\\/#breadcrumb\",\"itemListElement\":[{\"@type\":\"ListItem\",\"position\":1,\"name\":\"Startseite\",\"item\":\"https:\\\/\\\/www.ador-dental.de\\\/\"},{\"@type\":\"ListItem\",\"position\":2,\"name\":\"Shop\",\"item\":\"https:\\\/\\\/www.ador-dental.de\\\/en\\\/shop\\\/\"},{\"@type\":\"ListItem\",\"position\":3,\"name\":\"Multifire\u00ae vac &#8211; Vakuumpumpe\"}]},{\"@type\":\"WebSite\",\"@id\":\"https:\\\/\\\/www.ador-dental.de\\\/en\\\/#website\",\"url\":\"https:\\\/\\\/www.ador-dental.de\\\/en\\\/\",\"name\":\"Ador Dental GmbH\",\"description\":\"\",\"publisher\":{\"@id\":\"https:\\\/\\\/www.ador-dental.de\\\/en\\\/#organization\"},\"potentialAction\":[{\"@type\":\"SearchAction\",\"target\":{\"@type\":\"EntryPoint\",\"urlTemplate\":\"https:\\\/\\\/www.ador-dental.de\\\/en\\\/?s={search_term_string}\"},\"query-input\":{\"@type\":\"PropertyValueSpecification\",\"valueRequired\":true,\"valueName\":\"search_term_string\"}}],\"inLanguage\":\"it-IT\"},{\"@type\":\"Organization\",\"@id\":\"https:\\\/\\\/www.ador-dental.de\\\/en\\\/#organization\",\"name\":\"Ador Dental GmbH\",\"url\":\"https:\\\/\\\/www.ador-dental.de\\\/en\\\/\",\"logo\":{\"@type\":\"ImageObject\",\"inLanguage\":\"it-IT\",\"@id\":\"https:\\\/\\\/www.ador-dental.de\\\/en\\\/#\\\/schema\\\/logo\\\/image\\\/\",\"url\":\"https:\\\/\\\/www.ador-dental.de\\\/wp-content\\\/uploads\\\/2021\\\/10\\\/ADOR_Logo_DentalSolutions_2020_Black.svg\",\"contentUrl\":\"https:\\\/\\\/www.ador-dental.de\\\/wp-content\\\/uploads\\\/2021\\\/10\\\/ADOR_Logo_DentalSolutions_2020_Black.svg\",\"width\":678,\"height\":261,\"caption\":\"Ador Dental GmbH\"},\"image\":{\"@id\":\"https:\\\/\\\/www.ador-dental.de\\\/en\\\/#\\\/schema\\\/logo\\\/image\\\/\"}}]}<\/script>\n<!-- \/ Yoast SEO plugin. -->","yoast_head_json":{"title":"Multifire\u00ae vac - Vakuumpumpe - Ador Dental GmbH","description":"Die Multifire\u00ae vac ist die erg\u00e4nzende Vakuumpumpe f\u00fcr die Multifire Brenn\u00f6fen. Sie \u00fcberzeugt durch ihre besondere Leistungsst\u00e4rke.","robots":{"index":"index","follow":"follow","max-snippet":"max-snippet:-1","max-image-preview":"max-image-preview:large","max-video-preview":"max-video-preview:-1"},"canonical":"https:\/\/www.ador-dental.de\/it\/prodotto\/multifire-vac-vakuumpumpe\/","og_locale":"it_IT","og_type":"article","og_title":"Multifire\u00ae vac - Vakuumpumpe - Ador Dental GmbH","og_description":"Die Multifire\u00ae vac ist die erg\u00e4nzende Vakuumpumpe f\u00fcr die Multifire Brenn\u00f6fen. Sie \u00fcberzeugt durch ihre besondere Leistungsst\u00e4rke.","og_url":"https:\/\/www.ador-dental.de\/it\/prodotto\/multifire-vac-vakuumpumpe\/","og_site_name":"Ador Dental GmbH","article_modified_time":"2025-09-10T10:35:29+00:00","og_image":[{"width":876,"height":600,"url":"https:\/\/www.ador-dental.de\/wp-content\/uploads\/2023\/03\/Vakuumpumpe.png","type":"image\/png"}],"twitter_card":"summary_large_image","schema":{"@context":"https:\/\/schema.org","@graph":[{"@type":"WebPage","@id":"https:\/\/www.ador-dental.de\/produkt\/multifire-vac-vakuumpumpe\/","url":"https:\/\/www.ador-dental.de\/produkt\/multifire-vac-vakuumpumpe\/","name":"Multifire\u00ae vac - Vakuumpumpe - Ador Dental GmbH","isPartOf":{"@id":"https:\/\/www.ador-dental.de\/en\/#website"},"primaryImageOfPage":{"@id":"https:\/\/www.ador-dental.de\/produkt\/multifire-vac-vakuumpumpe\/#primaryimage"},"image":{"@id":"https:\/\/www.ador-dental.de\/produkt\/multifire-vac-vakuumpumpe\/#primaryimage"},"thumbnailUrl":"https:\/\/www.ador-dental.de\/wp-content\/uploads\/2023\/03\/Vakuumpumpe.png","datePublished":"2023-03-27T09:05:17+00:00","dateModified":"2025-09-10T10:35:29+00:00","description":"Die Multifire\u00ae vac ist die erg\u00e4nzende Vakuumpumpe f\u00fcr die Multifire Brenn\u00f6fen. Sie \u00fcberzeugt durch ihre besondere Leistungsst\u00e4rke.","breadcrumb":{"@id":"https:\/\/www.ador-dental.de\/produkt\/multifire-vac-vakuumpumpe\/#breadcrumb"},"inLanguage":"it-IT","potentialAction":[{"@type":"ReadAction","target":["https:\/\/www.ador-dental.de\/produkt\/multifire-vac-vakuumpumpe\/"]}]},{"@type":"ImageObject","inLanguage":"it-IT","@id":"https:\/\/www.ador-dental.de\/produkt\/multifire-vac-vakuumpumpe\/#primaryimage","url":"https:\/\/www.ador-dental.de\/wp-content\/uploads\/2023\/03\/Vakuumpumpe.png","contentUrl":"https:\/\/www.ador-dental.de\/wp-content\/uploads\/2023\/03\/Vakuumpumpe.png","width":876,"height":600},{"@type":"BreadcrumbList","@id":"https:\/\/www.ador-dental.de\/produkt\/multifire-vac-vakuumpumpe\/#breadcrumb","itemListElement":[{"@type":"ListItem","position":1,"name":"Startseite","item":"https:\/\/www.ador-dental.de\/"},{"@type":"ListItem","position":2,"name":"Shop","item":"https:\/\/www.ador-dental.de\/en\/shop\/"},{"@type":"ListItem","position":3,"name":"Multifire\u00ae vac &#8211; Vakuumpumpe"}]},{"@type":"WebSite","@id":"https:\/\/www.ador-dental.de\/en\/#website","url":"https:\/\/www.ador-dental.de\/en\/","name":"Ador Dental GmbH","description":"","publisher":{"@id":"https:\/\/www.ador-dental.de\/en\/#organization"},"potentialAction":[{"@type":"SearchAction","target":{"@type":"EntryPoint","urlTemplate":"https:\/\/www.ador-dental.de\/en\/?s={search_term_string}"},"query-input":{"@type":"PropertyValueSpecification","valueRequired":true,"valueName":"search_term_string"}}],"inLanguage":"it-IT"},{"@type":"Organization","@id":"https:\/\/www.ador-dental.de\/en\/#organization","name":"Ador Dental GmbH","url":"https:\/\/www.ador-dental.de\/en\/","logo":{"@type":"ImageObject","inLanguage":"it-IT","@id":"https:\/\/www.ador-dental.de\/en\/#\/schema\/logo\/image\/","url":"https:\/\/www.ador-dental.de\/wp-content\/uploads\/2021\/10\/ADOR_Logo_DentalSolutions_2020_Black.svg","contentUrl":"https:\/\/www.ador-dental.de\/wp-content\/uploads\/2021\/10\/ADOR_Logo_DentalSolutions_2020_Black.svg","width":678,"height":261,"caption":"Ador Dental GmbH"},"image":{"@id":"https:\/\/www.ador-dental.de\/en\/#\/schema\/logo\/image\/"}}]}},"_links":{"self":[{"href":"https:\/\/www.ador-dental.de\/it\/wp-json\/wp\/v2\/product\/25583","targetHints":{"allow":["GET"]}}],"collection":[{"href":"https:\/\/www.ador-dental.de\/it\/wp-json\/wp\/v2\/product"}],"about":[{"href":"https:\/\/www.ador-dental.de\/it\/wp-json\/wp\/v2\/types\/product"}],"replies":[{"embeddable":true,"href":"https:\/\/www.ador-dental.de\/it\/wp-json\/wp\/v2\/comments?post=25583"}],"version-history":[{"count":6,"href":"https:\/\/www.ador-dental.de\/it\/wp-json\/wp\/v2\/product\/25583\/revisions"}],"predecessor-version":[{"id":29491,"href":"https:\/\/www.ador-dental.de\/it\/wp-json\/wp\/v2\/product\/25583\/revisions\/29491"}],"wp:featuredmedia":[{"embeddable":true,"href":"https:\/\/www.ador-dental.de\/it\/wp-json\/wp\/v2\/media\/25589"}],"wp:attachment":[{"href":"https:\/\/www.ador-dental.de\/it\/wp-json\/wp\/v2\/media?parent=25583"}],"wp:term":[{"taxonomy":"product_brand","embeddable":true,"href":"https:\/\/www.ador-dental.de\/it\/wp-json\/wp\/v2\/product_brand?post=25583"},{"taxonomy":"product_cat","embeddable":true,"href":"https:\/\/www.ador-dental.de\/it\/wp-json\/wp\/v2\/product_cat?post=25583"},{"taxonomy":"product_tag","embeddable":true,"href":"https:\/\/www.ador-dental.de\/it\/wp-json\/wp\/v2\/product_tag?post=25583"}],"curies":[{"name":"wp","href":"https:\/\/api.w.org\/{rel}","templated":true}]}}