{"id":25428,"date":"2023-03-09T10:39:59","date_gmt":"2023-03-09T09:39:59","guid":{"rendered":"https:\/\/www.ador-dental.de\/?post_type=product&#038;p=25428"},"modified":"2025-04-11T10:37:10","modified_gmt":"2025-04-11T08:37:10","slug":"smart-optics-vinyl-uxd","status":"publish","type":"product","link":"https:\/\/www.ador-dental.de\/it\/prodotto\/smart-optics-vinyl-uxd\/","title":{"rendered":"Ottica intelligente Vinile UXD"},"content":{"rendered":"<p>Il modulo UX, composto da due telecamere aggiuntive e da un proiettore, offre un nuovo tipo di esperienza all'utente. Per selezionare un elemento del flusso di lavoro o avviare la scansione, le icone vengono proiettate sul disco di sistema e possono essere attivate tramite gesti della mano, quasi indipendentemente dal PC.<br \/>\nL'utente pu\u00f2 determinare liberamente la sequenza di scansione come di consueto: In base alla selezione, \u00e8 possibile utilizzare la mascella superiore, la mascella inferiore, l'articolatore o altri oggetti. Con l'aiuto del monitoraggio interno, gli oggetti di Vinyl UXD vengono allineati automaticamente in altezza grazie al posizionamento dell'asse Z controllato dall'AI, in modo da garantire i migliori risultati di scansione possibili.<\/p>\n<p>Il proiettore illumina le matrici da esporre in secondD e singleDie sul modello all'interno. Il modello e il portaoggetti possono quindi rimanere nello scanner, eliminando il lungo compito di controllare quali denti devono essere rimossi. Durante la scansione 2D, le illuminazioni mostrano le informazioni cromatiche corrette dei tipi di ricostruzione di exocad DentalCAD.<sup>\u00ae<\/sup>\u00a0su. Durante altri processi di lavoro, l'assistenza viene proiettata anche sul sistema o sulla piastra universale. In questo modo \u00e8 possibile escludere l'inserimento errato di articolatori o impronte.<\/p>\n<p>Grazie alla piastra di sistema allargata di Vinyl UXD, anche gli articolatori pi\u00f9 ingombranti possono essere facilmente inseriti nello scanner. Tutte queste caratteristiche rendono il lavoro molto pi\u00f9 semplice, in quanto le potenziali fonti di errore sono ridotte al minimo. Vinyl UXD: uno scanner di classe a s\u00e9 stante!<\/p>\n<table id=\"tablepress-101\" class=\"tablepress tablepress-id-101 tablepress-responsive tablepress-responsive-stack-tablet dataTable no-footer\">\n<tbody>\n<tr class=\"row-2 even\">\n<td class=\"column-1\">Numero di telecamere<\/td>\n<td class=\"column-2\">4<\/td>\n<\/tr>\n<tr class=\"row-3 odd\">\n<td class=\"column-1\">Pixel della fotocamera<\/td>\n<td class=\"column-2\">2 \u00d7 3,2 MP<br \/>\n2 \u00d7 1,0 MP<\/td>\n<\/tr>\n<tr class=\"row-4 even\">\n<td class=\"column-1\">Numero di proiettori<\/td>\n<td class=\"column-2\">3<\/td>\n<\/tr>\n<tr class=\"row-5 odd\">\n<td class=\"column-1\">Precisione (secondo ISO 12836)<\/td>\n<td class=\"column-2\">4 \u00b5m<\/td>\n<\/tr>\n<tr class=\"row-6 even\">\n<td class=\"column-1\">Formato dei dati in uscita<\/td>\n<td class=\"column-2\">PLY, STL<\/td>\n<\/tr>\n<tr class=\"row-7 odd\">\n<td class=\"column-1\">Fonte di luce<\/td>\n<td class=\"column-2\">LED a luce blu<\/td>\n<\/tr>\n<tr class=\"row-8 even\">\n<td class=\"column-1\">Tecnologia di misurazione<\/td>\n<td class=\"column-2\">Triangolazione luminosa a strisce<\/td>\n<\/tr>\n<tr class=\"row-9 odd\">\n<td class=\"column-1\">Campo di misura (X \u00d7 Y \u00d7 Z)<\/td>\n<td class=\"column-2\">Fotocamera 1: 80 \u00d7 60 \u00d7 82 mm<br \/>\nFotocamera 2: 88 \u00d7 63 \u00d7 82 mm<\/td>\n<\/tr>\n<tr class=\"row-10 even\">\n<td class=\"column-1\">Dimensioni (L \u00d7 H \u00d7 P)<\/td>\n<td class=\"column-2\">455 \u00d7 430 \u00d7 435 mm<\/td>\n<\/tr>\n<tr class=\"row-11 odd\">\n<td class=\"column-1\">Peso<\/td>\n<td class=\"column-2\">25 kg<\/td>\n<\/tr>\n<tr class=\"row-12 even\">\n<td class=\"column-1\">Connessioni<\/td>\n<td class=\"column-2\">1 \u00d7 USB<br \/>\n1 \u00d7 corrente<\/td>\n<\/tr>\n<tr class=\"row-13 odd\">\n<td class=\"column-1\">Tensione di rete<\/td>\n<td class=\"column-2\">100 - 240 VAC, 50\/60 Hz<\/td>\n<\/tr>\n<tr class=\"row-14 even\">\n<td class=\"column-1\">Garanzia<\/td>\n<td class=\"column-2\">36 mesi<\/td>\n<\/tr>\n<\/tbody>\n<\/table>\n<table id=\"tablepress-101-no-2\" class=\"tablepress tablepress-id-101 tablepress-responsive tablepress-responsive-stack-tablet dataTable no-footer\" style=\"height: 663px;\" width=\"426\">\n<tbody>\n<tr class=\"row-2 even\">\n<td class=\"column-1\">Tempo di scansione<br \/>\nMascella completa<\/td>\n<td class=\"column-2\">1 fotocamera, modalit\u00e0 LR<br \/>\nScansione: 12 sec.<br \/>\nCorrispondenza: 10 sec.<br \/>\nTotale: 22 sec.2 telecamere, modalit\u00e0 HR<br \/>\nScansione: 12 sec.<br \/>\nCorrispondenza: 12 sec.<br \/>\nTotale: 24 secondi.<\/td>\n<\/tr>\n<tr class=\"row-3 odd\">\n<td class=\"column-1\">Tempo di scansione<br \/>\nCeppo singolo<\/td>\n<td class=\"column-2\">1 fotocamera, modalit\u00e0 LR<br \/>\nScansione: 25 sec.<br \/>\nCorrispondenza: 6 sec.<br \/>\nTotale: 31 sec.2 telecamere, modalit\u00e0 HR<br \/>\nScansione: 26 sec.<br \/>\nCorrispondenza: 14 sec.<br \/>\nTotale: 40 secondi.<\/td>\n<\/tr>\n<tr class=\"row-4 even\">\n<td class=\"column-1\">Tempo di scansione<br \/>\nPonte a 3 unit\u00e0<\/td>\n<td class=\"column-2\">1 fotocamera, modalit\u00e0 LR<br \/>\nScansione: 40 sec.<br \/>\nCorrispondenza: 15 sec.<br \/>\nTotale: 55 sec. 2 telecamere, modalit\u00e0 HR<br \/>\nScansione: 45 sec.<br \/>\nCorrispondenza: 31 sec.<br \/>\nTotale: 76 secondi.<\/td>\n<\/tr>\n<\/tbody>\n<\/table>\n<table id=\"tablepress-101-no-3\" class=\"tablepress tablepress-id-101 tablepress-responsive tablepress-responsive-stack-tablet dataTable no-footer\" style=\"height: 272px;\" width=\"423\">\n<tbody>\n<tr class=\"row-2 even\">\n<td class=\"column-1\">Modulo UX (controllo dei gesti e proiezioni ausiliarie)<\/td>\n<td class=\"column-2\">\u2713<\/td>\n<\/tr>\n<tr class=\"row-3 odd\">\n<td class=\"column-1\">Asse Z controllato da AI<\/td>\n<td class=\"column-2\">\u2713<\/td>\n<\/tr>\n<tr class=\"row-4 even\">\n<td class=\"column-1\">Asse Z completamente automatico<\/td>\n<td class=\"column-2\">-<\/td>\n<\/tr>\n<tr class=\"row-5 odd\">\n<td class=\"column-1\">Unit\u00e0 sensore 3D (proiettore e telecamera)<\/td>\n<td class=\"column-2\">\u2713<\/td>\n<\/tr>\n<tr class=\"row-6 even\">\n<td class=\"column-1\">Piastra del sistema di articolazione<\/td>\n<td class=\"column-2\"><b>XL<\/b><\/td>\n<\/tr>\n<tr class=\"row-7 odd\">\n<td class=\"column-1\">Display di stato a LED<\/td>\n<td class=\"column-2\">-<\/td>\n<\/tr>\n<tr class=\"row-8 even\">\n<td class=\"column-1\">Touchscreen<\/td>\n<td class=\"column-2\">-<\/td>\n<\/tr>\n<tr class=\"row-9 odd\">\n<td class=\"column-1\">Alloggiamento in materiale di alta qualit\u00e0<\/td>\n<td class=\"column-2\">\u2713<\/td>\n<\/tr>\n<tr class=\"row-10 even\">\n<td class=\"column-1\">Aletta<\/td>\n<td class=\"column-2\">\u2713<\/td>\n<\/tr>\n<\/tbody>\n<\/table>\n<table id=\"tablepress-101-no-4\" class=\"tablepress tablepress-id-101 tablepress-responsive tablepress-responsive-stack-tablet dataTable no-footer\" style=\"height: 639px;\" width=\"420\">\n<tbody>\n<tr class=\"row-2 even\">\n<td class=\"column-1\">Modalit\u00e0 LR<\/td>\n<td class=\"column-2\">\u2713<\/td>\n<\/tr>\n<tr class=\"row-3 odd\">\n<td class=\"column-1\">Modalit\u00e0 HR<\/td>\n<td class=\"column-2\">\u2713<\/td>\n<\/tr>\n<tr class=\"row-4 even\">\n<td class=\"column-1\">Modalit\u00e0 telecamera selettiva<\/td>\n<td class=\"column-2\">\u2713<\/td>\n<\/tr>\n<tr class=\"row-5 odd\">\n<td class=\"column-1\">Scansione dell'articolatore<\/td>\n<td class=\"column-2\">\u2713<\/td>\n<\/tr>\n<tr class=\"row-6 even\">\n<td class=\"column-1\">Autoarticolazione<\/td>\n<td class=\"column-2\">\u2713<\/td>\n<\/tr>\n<tr class=\"row-7 odd\">\n<td class=\"column-1\">Scansione del modello a due vassoi<\/td>\n<td class=\"column-2\">\u2713<\/td>\n<\/tr>\n<tr class=\"row-8 even\">\n<td class=\"column-1\">Scansione dell'impressione<\/td>\n<td class=\"column-2\">\u2713<\/td>\n<\/tr>\n<tr class=\"row-9 odd\">\n<td class=\"column-1\">Vassoio triplo<sup>\u00ae<\/sup>\u00a0Scansione dell'impressione<\/td>\n<td class=\"column-2\">\u2713<\/td>\n<\/tr>\n<tr class=\"row-10 even\">\n<td class=\"column-1\">Sistema protesico baltico<sup>\u00ae<\/sup><\/td>\n<td class=\"column-2\">\u00a0\ud83d\udddd\ufe0f<\/td>\n<\/tr>\n<tr class=\"row-11 odd\">\n<td class=\"column-1\">secondoIl<\/td>\n<td class=\"column-2\">\u2713<\/td>\n<\/tr>\n<tr class=\"row-12 even\">\n<td class=\"column-1\">multiDie\/multiDie+<\/td>\n<td class=\"column-2\">\u2713<\/td>\n<\/tr>\n<tr class=\"row-13 odd\">\n<td class=\"column-1\">Controllo visivo dell'asse Z<\/td>\n<td class=\"column-2\">\u2713<\/td>\n<\/tr>\n<tr class=\"row-14 even\">\n<td class=\"column-1\">Piano di taglio automatico<\/td>\n<td class=\"column-2\">\u2713<\/td>\n<\/tr>\n<tr class=\"row-15 odd\">\n<td class=\"column-1\">Scansione aggiuntiva<\/td>\n<td class=\"column-2\">\u2713<\/td>\n<\/tr>\n<tr class=\"row-16 even\">\n<td class=\"column-1\">Scansione di correzione<\/td>\n<td class=\"column-2\">\u2713<\/td>\n<\/tr>\n<tr class=\"row-17 odd\">\n<td class=\"column-1\">Scansione monocromatica della texture<\/td>\n<td class=\"column-2\">\u2713<\/td>\n<\/tr>\n<tr class=\"row-18 even\">\n<td class=\"column-1\">Scansione della texture del colore<\/td>\n<td class=\"column-2\">\u2713<\/td>\n<\/tr>\n<tr class=\"row-19 odd\">\n<td class=\"column-1\">Progetto universale<\/td>\n<td class=\"column-2\">\u2713<\/td>\n<\/tr>\n<tr class=\"row-20 even\">\n<td class=\"column-1\">progetto multiCaso<\/td>\n<td class=\"column-2\">\u2713<\/td>\n<\/tr>\n<tr class=\"row-21 odd\">\n<td class=\"column-1\">progetto ortodontico<\/td>\n<td class=\"column-2\">\u2713<\/td>\n<\/tr>\n<tr class=\"row-22 even\">\n<td class=\"column-1\">Modalit\u00e0 luminosa e scura<\/td>\n<td class=\"column-2\">\u2713<\/td>\n<\/tr>\n<\/tbody>\n<\/table>\n<table id=\"tablepress-101-no-5\" class=\"tablepress tablepress-id-101 tablepress-responsive tablepress-responsive-stack-tablet dataTable no-footer\">\n<thead>\n<tr class=\"row-1 odd\">\n<th class=\"column-1 sorting_disabled\" colspan=\"1\" rowspan=\"1\"><\/th>\n<th class=\"column-2 sorting_disabled\" colspan=\"1\" rowspan=\"1\">Vinile UXD<\/th>\n<\/tr>\n<\/thead>\n<tbody>\n<tr class=\"row-2 even\">\n<td class=\"column-1\">Software di scansione<\/td>\n<td class=\"column-2\">scansione dentale<\/td>\n<\/tr>\n<tr class=\"row-3 odd\">\n<td class=\"column-1\">Sistema (requisiti minimi)<\/td>\n<td class=\"column-2\">Windows 10 64 bit<br \/>\nCPU Quad Core, i5<br \/>\n32 GB DI RAM<br \/>\nPorta USB 3.0<br \/>\ncirca 100 - 250 GB di HDD<br \/>\nScheda grafica con 6 GB di RAM<\/td>\n<\/tr>\n<tr class=\"row-4 even\">\n<td class=\"column-1\">Sistema (requisiti consigliati)<\/td>\n<td class=\"column-2\">Windows 11 64 bit<br \/>\nCPU a sei core, i7<br \/>\n32 GB DI RAM<br \/>\nPorta USB 3.0<br \/>\ncirca 100 - 250 GB di SSD<br \/>\nScheda grafica con 6 GB di RAM<\/td>\n<\/tr>\n<\/tbody>\n<\/table>\n<table id=\"tablepress-101-no-6\" class=\"tablepress tablepress-id-101 tablepress-responsive tablepress-responsive-stack-tablet dataTable no-footer\">\n<tbody>\n<tr class=\"row-2 even\">\n<td class=\"column-1\">Ambito di consegna<\/td>\n<td class=\"column-2\">Vinile UXD<br \/>\nCavo di rete<br \/>\nCavo USB<br \/>\nCustodia per accessori<\/td>\n<\/tr>\n<tr class=\"row-3 odd\">\n<td class=\"column-1\">Contenuto della fornitura Custodia per accessori<\/td>\n<td class=\"column-2\">Modello di calibrazione 3D<br \/>\nPortaoggetti<br \/>\nPiastra universale<br \/>\nadattatore multiDie<br \/>\nVassoio triplo<sup>\u00ae<\/sup>-Supporto di compressione<br \/>\nPonte a 4 denti (Twin Tray)<br \/>\nCuscinetti adesivi<br \/>\nSupporto dati con scansione dentale, dati di calibrazione<\/td>\n<\/tr>\n<\/tbody>\n<\/table>","protected":false},"excerpt":{"rendered":"<p>Nel 2022 la serie Vinyl \u00e8 stata ampliata con un ulteriore membro, il Vinyl UXD. Due telecamere ad alta risoluzione e un sensore 3D avanzato contribuiscono all'acquisizione ottimale dei dati. L'utente pu\u00f2 scegliere tra quattro modalit\u00e0. Il numero di telecamere e la loro risoluzione possono essere determinati. Ci\u00f2 offre il grande vantaggio di poter creare un set di dati ad alta risoluzione con copertura completa della scansione o un set di dati ridotto per risparmiare tempo.<\/p>\n<p><strong>Prezzo su richiesta\u00a0<\/strong><\/p>\n<p>RRP 14.990,00\u20ac<\/p>","protected":false},"featured_media":25434,"comment_status":"open","ping_status":"closed","template":"","meta":{"neve_meta_sidebar":"","neve_meta_container":"","neve_meta_enable_content_width":"off","neve_meta_content_width":70,"neve_meta_title_alignment":"","neve_meta_author_avatar":"","neve_post_elements_order":"","neve_meta_disable_header":"","neve_meta_disable_footer":"","neve_meta_disable_title":"","_themeisle_gutenberg_block_has_review":false},"product_brand":[],"product_cat":[624,778],"product_tag":[],"class_list":{"0":"post-25428","1":"product","2":"type-product","3":"status-publish","4":"has-post-thumbnail","6":"product_cat-equipment","7":"product_cat-smart-optics","9":"first","10":"instock","11":"taxable","12":"shipping-taxable","13":"product-type-simple"},"yoast_head":"<!-- This site is optimized with the Yoast SEO plugin v27.6 - https:\/\/yoast.com\/product\/yoast-seo-wordpress\/ -->\n<title>Smart optics Vinyl UXD - Ador Dental GmbH<\/title>\n<meta name=\"description\" content=\"Smart optics Vinyl UXD: Zwei hochaufl\u00f6sende Kameras und ein weiterentwickelter 3D-Sensor tragen zur optimalen Datenerfassung bei.\" \/>\n<meta name=\"robots\" content=\"index, follow, max-snippet:-1, max-image-preview:large, max-video-preview:-1\" \/>\n<link rel=\"canonical\" href=\"https:\/\/www.ador-dental.de\/it\/prodotto\/smart-optics-vinyl-uxd\/\" \/>\n<meta property=\"og:locale\" content=\"it_IT\" \/>\n<meta property=\"og:type\" content=\"article\" \/>\n<meta property=\"og:title\" content=\"Smart optics Vinyl UXD - Ador Dental GmbH\" \/>\n<meta property=\"og:description\" content=\"Smart optics Vinyl UXD: Zwei hochaufl\u00f6sende Kameras und ein weiterentwickelter 3D-Sensor tragen zur optimalen Datenerfassung bei.\" \/>\n<meta property=\"og:url\" content=\"https:\/\/www.ador-dental.de\/it\/prodotto\/smart-optics-vinyl-uxd\/\" \/>\n<meta property=\"og:site_name\" content=\"Ador Dental GmbH\" \/>\n<meta property=\"article:modified_time\" content=\"2025-04-11T08:37:10+00:00\" \/>\n<meta property=\"og:image\" content=\"https:\/\/www.ador-dental.de\/wp-content\/uploads\/2023\/03\/vinyl-uxd-01.jpg\" \/>\n\t<meta property=\"og:image:width\" content=\"2000\" \/>\n\t<meta property=\"og:image:height\" content=\"2233\" \/>\n\t<meta property=\"og:image:type\" content=\"image\/jpeg\" \/>\n<meta name=\"twitter:card\" content=\"summary_large_image\" \/>\n<meta name=\"twitter:label1\" content=\"Tempo di lettura stimato\" \/>\n\t<meta name=\"twitter:data1\" content=\"2 minuti\" \/>\n<script type=\"application\/ld+json\" class=\"yoast-schema-graph\">{\"@context\":\"https:\\\/\\\/schema.org\",\"@graph\":[{\"@type\":\"WebPage\",\"@id\":\"https:\\\/\\\/www.ador-dental.de\\\/produkt\\\/smart-optics-vinyl-uxd\\\/\",\"url\":\"https:\\\/\\\/www.ador-dental.de\\\/produkt\\\/smart-optics-vinyl-uxd\\\/\",\"name\":\"Smart optics Vinyl UXD - Ador Dental GmbH\",\"isPartOf\":{\"@id\":\"https:\\\/\\\/www.ador-dental.de\\\/en\\\/#website\"},\"primaryImageOfPage\":{\"@id\":\"https:\\\/\\\/www.ador-dental.de\\\/produkt\\\/smart-optics-vinyl-uxd\\\/#primaryimage\"},\"image\":{\"@id\":\"https:\\\/\\\/www.ador-dental.de\\\/produkt\\\/smart-optics-vinyl-uxd\\\/#primaryimage\"},\"thumbnailUrl\":\"https:\\\/\\\/www.ador-dental.de\\\/wp-content\\\/uploads\\\/2023\\\/03\\\/vinyl-uxd-01.jpg\",\"datePublished\":\"2023-03-09T09:39:59+00:00\",\"dateModified\":\"2025-04-11T08:37:10+00:00\",\"description\":\"Smart optics Vinyl UXD: Zwei hochaufl\u00f6sende Kameras und ein weiterentwickelter 3D-Sensor tragen zur optimalen Datenerfassung bei.\",\"breadcrumb\":{\"@id\":\"https:\\\/\\\/www.ador-dental.de\\\/produkt\\\/smart-optics-vinyl-uxd\\\/#breadcrumb\"},\"inLanguage\":\"it-IT\",\"potentialAction\":[{\"@type\":\"ReadAction\",\"target\":[\"https:\\\/\\\/www.ador-dental.de\\\/produkt\\\/smart-optics-vinyl-uxd\\\/\"]}]},{\"@type\":\"ImageObject\",\"inLanguage\":\"it-IT\",\"@id\":\"https:\\\/\\\/www.ador-dental.de\\\/produkt\\\/smart-optics-vinyl-uxd\\\/#primaryimage\",\"url\":\"https:\\\/\\\/www.ador-dental.de\\\/wp-content\\\/uploads\\\/2023\\\/03\\\/vinyl-uxd-01.jpg\",\"contentUrl\":\"https:\\\/\\\/www.ador-dental.de\\\/wp-content\\\/uploads\\\/2023\\\/03\\\/vinyl-uxd-01.jpg\",\"width\":2000,\"height\":2233},{\"@type\":\"BreadcrumbList\",\"@id\":\"https:\\\/\\\/www.ador-dental.de\\\/produkt\\\/smart-optics-vinyl-uxd\\\/#breadcrumb\",\"itemListElement\":[{\"@type\":\"ListItem\",\"position\":1,\"name\":\"Startseite\",\"item\":\"https:\\\/\\\/www.ador-dental.de\\\/\"},{\"@type\":\"ListItem\",\"position\":2,\"name\":\"Shop\",\"item\":\"https:\\\/\\\/www.ador-dental.de\\\/en\\\/shop\\\/\"},{\"@type\":\"ListItem\",\"position\":3,\"name\":\"Smart optics Vinyl UXD\"}]},{\"@type\":\"WebSite\",\"@id\":\"https:\\\/\\\/www.ador-dental.de\\\/en\\\/#website\",\"url\":\"https:\\\/\\\/www.ador-dental.de\\\/en\\\/\",\"name\":\"Ador Dental GmbH\",\"description\":\"\",\"publisher\":{\"@id\":\"https:\\\/\\\/www.ador-dental.de\\\/en\\\/#organization\"},\"potentialAction\":[{\"@type\":\"SearchAction\",\"target\":{\"@type\":\"EntryPoint\",\"urlTemplate\":\"https:\\\/\\\/www.ador-dental.de\\\/en\\\/?s={search_term_string}\"},\"query-input\":{\"@type\":\"PropertyValueSpecification\",\"valueRequired\":true,\"valueName\":\"search_term_string\"}}],\"inLanguage\":\"it-IT\"},{\"@type\":\"Organization\",\"@id\":\"https:\\\/\\\/www.ador-dental.de\\\/en\\\/#organization\",\"name\":\"Ador Dental GmbH\",\"url\":\"https:\\\/\\\/www.ador-dental.de\\\/en\\\/\",\"logo\":{\"@type\":\"ImageObject\",\"inLanguage\":\"it-IT\",\"@id\":\"https:\\\/\\\/www.ador-dental.de\\\/en\\\/#\\\/schema\\\/logo\\\/image\\\/\",\"url\":\"https:\\\/\\\/www.ador-dental.de\\\/wp-content\\\/uploads\\\/2021\\\/10\\\/ADOR_Logo_DentalSolutions_2020_Black.svg\",\"contentUrl\":\"https:\\\/\\\/www.ador-dental.de\\\/wp-content\\\/uploads\\\/2021\\\/10\\\/ADOR_Logo_DentalSolutions_2020_Black.svg\",\"width\":678,\"height\":261,\"caption\":\"Ador Dental GmbH\"},\"image\":{\"@id\":\"https:\\\/\\\/www.ador-dental.de\\\/en\\\/#\\\/schema\\\/logo\\\/image\\\/\"}}]}<\/script>\n<!-- \/ Yoast SEO plugin. -->","yoast_head_json":{"title":"Smart optics Vinyl UXD - Ador Dental GmbH","description":"Smart optics Vinyl UXD: Zwei hochaufl\u00f6sende Kameras und ein weiterentwickelter 3D-Sensor tragen zur optimalen Datenerfassung bei.","robots":{"index":"index","follow":"follow","max-snippet":"max-snippet:-1","max-image-preview":"max-image-preview:large","max-video-preview":"max-video-preview:-1"},"canonical":"https:\/\/www.ador-dental.de\/it\/prodotto\/smart-optics-vinyl-uxd\/","og_locale":"it_IT","og_type":"article","og_title":"Smart optics Vinyl UXD - Ador Dental GmbH","og_description":"Smart optics Vinyl UXD: Zwei hochaufl\u00f6sende Kameras und ein weiterentwickelter 3D-Sensor tragen zur optimalen Datenerfassung bei.","og_url":"https:\/\/www.ador-dental.de\/it\/prodotto\/smart-optics-vinyl-uxd\/","og_site_name":"Ador Dental GmbH","article_modified_time":"2025-04-11T08:37:10+00:00","og_image":[{"width":2000,"height":2233,"url":"https:\/\/www.ador-dental.de\/wp-content\/uploads\/2023\/03\/vinyl-uxd-01.jpg","type":"image\/jpeg"}],"twitter_card":"summary_large_image","twitter_misc":{"Tempo di lettura stimato":"2 minuti"},"schema":{"@context":"https:\/\/schema.org","@graph":[{"@type":"WebPage","@id":"https:\/\/www.ador-dental.de\/produkt\/smart-optics-vinyl-uxd\/","url":"https:\/\/www.ador-dental.de\/produkt\/smart-optics-vinyl-uxd\/","name":"Smart optics Vinyl UXD - Ador Dental GmbH","isPartOf":{"@id":"https:\/\/www.ador-dental.de\/en\/#website"},"primaryImageOfPage":{"@id":"https:\/\/www.ador-dental.de\/produkt\/smart-optics-vinyl-uxd\/#primaryimage"},"image":{"@id":"https:\/\/www.ador-dental.de\/produkt\/smart-optics-vinyl-uxd\/#primaryimage"},"thumbnailUrl":"https:\/\/www.ador-dental.de\/wp-content\/uploads\/2023\/03\/vinyl-uxd-01.jpg","datePublished":"2023-03-09T09:39:59+00:00","dateModified":"2025-04-11T08:37:10+00:00","description":"Smart optics Vinyl UXD: Zwei hochaufl\u00f6sende Kameras und ein weiterentwickelter 3D-Sensor tragen zur optimalen Datenerfassung bei.","breadcrumb":{"@id":"https:\/\/www.ador-dental.de\/produkt\/smart-optics-vinyl-uxd\/#breadcrumb"},"inLanguage":"it-IT","potentialAction":[{"@type":"ReadAction","target":["https:\/\/www.ador-dental.de\/produkt\/smart-optics-vinyl-uxd\/"]}]},{"@type":"ImageObject","inLanguage":"it-IT","@id":"https:\/\/www.ador-dental.de\/produkt\/smart-optics-vinyl-uxd\/#primaryimage","url":"https:\/\/www.ador-dental.de\/wp-content\/uploads\/2023\/03\/vinyl-uxd-01.jpg","contentUrl":"https:\/\/www.ador-dental.de\/wp-content\/uploads\/2023\/03\/vinyl-uxd-01.jpg","width":2000,"height":2233},{"@type":"BreadcrumbList","@id":"https:\/\/www.ador-dental.de\/produkt\/smart-optics-vinyl-uxd\/#breadcrumb","itemListElement":[{"@type":"ListItem","position":1,"name":"Startseite","item":"https:\/\/www.ador-dental.de\/"},{"@type":"ListItem","position":2,"name":"Shop","item":"https:\/\/www.ador-dental.de\/en\/shop\/"},{"@type":"ListItem","position":3,"name":"Smart optics Vinyl UXD"}]},{"@type":"WebSite","@id":"https:\/\/www.ador-dental.de\/en\/#website","url":"https:\/\/www.ador-dental.de\/en\/","name":"Ador Dental GmbH","description":"","publisher":{"@id":"https:\/\/www.ador-dental.de\/en\/#organization"},"potentialAction":[{"@type":"SearchAction","target":{"@type":"EntryPoint","urlTemplate":"https:\/\/www.ador-dental.de\/en\/?s={search_term_string}"},"query-input":{"@type":"PropertyValueSpecification","valueRequired":true,"valueName":"search_term_string"}}],"inLanguage":"it-IT"},{"@type":"Organization","@id":"https:\/\/www.ador-dental.de\/en\/#organization","name":"Ador Dental GmbH","url":"https:\/\/www.ador-dental.de\/en\/","logo":{"@type":"ImageObject","inLanguage":"it-IT","@id":"https:\/\/www.ador-dental.de\/en\/#\/schema\/logo\/image\/","url":"https:\/\/www.ador-dental.de\/wp-content\/uploads\/2021\/10\/ADOR_Logo_DentalSolutions_2020_Black.svg","contentUrl":"https:\/\/www.ador-dental.de\/wp-content\/uploads\/2021\/10\/ADOR_Logo_DentalSolutions_2020_Black.svg","width":678,"height":261,"caption":"Ador Dental GmbH"},"image":{"@id":"https:\/\/www.ador-dental.de\/en\/#\/schema\/logo\/image\/"}}]}},"_links":{"self":[{"href":"https:\/\/www.ador-dental.de\/it\/wp-json\/wp\/v2\/product\/25428","targetHints":{"allow":["GET"]}}],"collection":[{"href":"https:\/\/www.ador-dental.de\/it\/wp-json\/wp\/v2\/product"}],"about":[{"href":"https:\/\/www.ador-dental.de\/it\/wp-json\/wp\/v2\/types\/product"}],"replies":[{"embeddable":true,"href":"https:\/\/www.ador-dental.de\/it\/wp-json\/wp\/v2\/comments?post=25428"}],"version-history":[{"count":5,"href":"https:\/\/www.ador-dental.de\/it\/wp-json\/wp\/v2\/product\/25428\/revisions"}],"predecessor-version":[{"id":27765,"href":"https:\/\/www.ador-dental.de\/it\/wp-json\/wp\/v2\/product\/25428\/revisions\/27765"}],"wp:featuredmedia":[{"embeddable":true,"href":"https:\/\/www.ador-dental.de\/it\/wp-json\/wp\/v2\/media\/25434"}],"wp:attachment":[{"href":"https:\/\/www.ador-dental.de\/it\/wp-json\/wp\/v2\/media?parent=25428"}],"wp:term":[{"taxonomy":"product_brand","embeddable":true,"href":"https:\/\/www.ador-dental.de\/it\/wp-json\/wp\/v2\/product_brand?post=25428"},{"taxonomy":"product_cat","embeddable":true,"href":"https:\/\/www.ador-dental.de\/it\/wp-json\/wp\/v2\/product_cat?post=25428"},{"taxonomy":"product_tag","embeddable":true,"href":"https:\/\/www.ador-dental.de\/it\/wp-json\/wp\/v2\/product_tag?post=25428"}],"curies":[{"name":"wp","href":"https:\/\/api.w.org\/{rel}","templated":true}]}}