{"id":15958,"date":"2021-04-14T11:27:54","date_gmt":"2021-04-14T09:27:54","guid":{"rendered":"https:\/\/new.ador-edelmetalle.de\/?post_type=product&#038;p=15958"},"modified":"2024-03-14T10:46:21","modified_gmt":"2024-03-14T09:46:21","slug":"dentalscanner-smart-optics-vinyl-open-air-premium-paket","status":"publish","type":"product","link":"https:\/\/www.ador-dental.de\/it\/prodotto\/dentalscanner-smart-optics-vinyl-open-air-premium-paket\/","title":{"rendered":"Scanner dentale Vinyl Open Air"},"content":{"rendered":"<p>La serie in vinile<\/p>\n<p>Gli scanner per vinili di smart optics sono caratterizzati da un design compatto e da una sorprendente forma a cubo. La serie deve il suo nome alla grande piastra di sistema nera, che ricorda in modo impressionante un giradischi. Dotati di un asse Z completamente automatico e di una comoda apertura a 180\u00b0, gli scanner dentali da tavolo offrono un comodo spazio per tutti gli oggetti dentali, dai singoli segmenti ai modelli di mascella, alle impronte complete e parziali (comprese le mascelle edentule) e agli articolatori di vari produttori.<\/p>\n<p>Massima qualit\u00e0 abbinata all'ingegneria tedesca, affidabilit\u00e0 in armonia con la durata: queste sono le esigenze che smart optics realizza con la serie Vinyl. La collaudata tecnologia dei sensori a LED e la motorizzazione intelligente consentono misure altamente precise e veloci. Le innovazioni tecniche derivanti dalla ricerca interna e dalla realizzazione delle richieste dei clienti fanno s\u00ec che la serie Vinyl sia in costante evoluzione per soddisfare le crescenti esigenze di oggi e del futuro.<\/p>\n<p>L'ampia gamma di accessori per modelli e impronte pu\u00f2 essere aggiunta o acquistata sia per i moduli base che per quelli aggiuntivi. Grazie alla piastra di base multi-split, standard su tutti gli scanner dentali di smart optics, i modelli e gli articolatori con lo stesso sistema non necessitano di alcun accessorio. Naturalmente, tutti gli scanner in vinile vengono forniti con il potente software di scansione dental Scan, che include interfacce con i pi\u00f9 noti software del settore, soprattutto exocad DentalCAD. In combinazione con il sistema aperto di dental Scan, gli scanner in vinile raggiungono un altro punto di forza, in quanto possono funzionare non solo come scanner dentali di prima classe, ma anche come intelligenti scanner universali per oggetti delle dimensioni di un campo di misura.<\/p>\n<table id=\"tablepress-101\" class=\"tablepress tablepress-id-101 tablepress-responsive tablepress-responsive-stack-tablet dataTable no-footer\">\n<tbody>\n<tr class=\"row-2 even\">\n<td class=\"column-1\">Numero di telecamere<\/td>\n<td class=\"column-2\">1<\/td>\n<\/tr>\n<tr class=\"row-3 odd\">\n<td class=\"column-1\">Pixel della fotocamera<\/td>\n<td class=\"column-2\">1,3 MP<\/td>\n<\/tr>\n<tr class=\"row-4 even\">\n<td class=\"column-1\">Numero di proiettori<\/td>\n<td class=\"column-2\">1<\/td>\n<\/tr>\n<tr class=\"row-5 odd\">\n<td class=\"column-1\">Precisione (secondo ISO 12836)<\/td>\n<td class=\"column-2\">6 \u00b5m<\/td>\n<\/tr>\n<tr class=\"row-6 even\">\n<td class=\"column-1\">Formato dei dati in uscita<\/td>\n<td class=\"column-2\">PLY, STL<\/td>\n<\/tr>\n<tr class=\"row-7 odd\">\n<td class=\"column-1\">Fonte di luce<\/td>\n<td class=\"column-2\">Luce bianca LED<\/td>\n<\/tr>\n<tr class=\"row-8 even\">\n<td class=\"column-1\">Tecnologia di misurazione<\/td>\n<td class=\"column-2\">Triangolazione luminosa a strisce<\/td>\n<\/tr>\n<tr class=\"row-9 odd\">\n<td class=\"column-1\">Campo di misura (X \u00d7 Y \u00d7 Z)<\/td>\n<td class=\"column-2\">80 \u00d7 60 \u00d7 85 mm<\/td>\n<\/tr>\n<tr class=\"row-10 even\">\n<td class=\"column-1\">Dimensioni (L \u00d7 H \u00d7 P)<\/td>\n<td class=\"column-2\">455 \u00d7 430 \u00d7 420 mm<\/td>\n<\/tr>\n<tr class=\"row-11 odd\">\n<td class=\"column-1\">Peso<\/td>\n<td class=\"column-2\">23 kg<\/td>\n<\/tr>\n<tr class=\"row-12 even\">\n<td class=\"column-1\">Connessioni<\/td>\n<td class=\"column-2\">1 \u00d7 USB<br \/>\n1 \u00d7 corrente<\/td>\n<\/tr>\n<tr class=\"row-13 odd\">\n<td class=\"column-1\">Tensione di rete<\/td>\n<td class=\"column-2\">100 - 240 VAC, 50\/60 Hz<\/td>\n<\/tr>\n<tr class=\"row-14 even\">\n<td class=\"column-1\">Garanzia<\/td>\n<td class=\"column-2\">36 mesi<\/td>\n<\/tr>\n<\/tbody>\n<\/table>\n<table id=\"tablepress-101-no-2\" class=\"tablepress tablepress-id-101 tablepress-responsive tablepress-responsive-stack-tablet dataTable no-footer\" style=\"height: 318px;\" width=\"418\">\n<tbody>\n<tr class=\"row-2 even\">\n<td class=\"column-1\">Tempo di scansione<br \/>\nMascella completa<\/td>\n<td class=\"column-2\">1 fotocamera, modalit\u00e0 LR<br \/>\nScansione: 16 sec.<br \/>\nCorrispondenza: 13 sec.<br \/>\nTotale: 29 secondi.<\/td>\n<\/tr>\n<tr class=\"row-3 odd\">\n<td class=\"column-1\">Tempo di scansione<br \/>\nCeppo singolo<\/td>\n<td class=\"column-2\">1 fotocamera, modalit\u00e0 LR<br \/>\nScansione: 33 sec.<br \/>\nCorrispondenza: 8 sec.<br \/>\nTotale: 41 secondi.<\/td>\n<\/tr>\n<tr class=\"row-4 even\">\n<td class=\"column-1\">Tempo di scansione<br \/>\nPonte a 3 unit\u00e0<\/td>\n<td class=\"column-2\">1 fotocamera, modalit\u00e0 LR<br \/>\nScansione: 45 sec.<br \/>\nAbbinamento: 22 sec.<br \/>\nTotale: 67 sec.<\/td>\n<\/tr>\n<\/tbody>\n<\/table>\n<table id=\"tablepress-101-no-3\" class=\"tablepress tablepress-id-101 tablepress-responsive tablepress-responsive-stack-tablet dataTable no-footer\" style=\"height: 308px;\" width=\"414\">\n<tbody>\n<tr class=\"row-2 even\">\n<td class=\"column-1\">Modulo UX (controllo dei gesti e proiezioni ausiliarie)<\/td>\n<td class=\"column-2\">-<\/td>\n<\/tr>\n<tr class=\"row-3 odd\">\n<td class=\"column-1\">Asse Z controllato da AI<\/td>\n<td class=\"column-2\">-<\/td>\n<\/tr>\n<tr class=\"row-4 even\">\n<td class=\"column-1\">Asse Z completamente automatico<\/td>\n<td class=\"column-2\">\u2714<\/td>\n<\/tr>\n<tr class=\"row-5 odd\">\n<td class=\"column-1\">Unit\u00e0 sensore 3D (proiettore e telecamera)<\/td>\n<td class=\"column-2\">\u2714<\/td>\n<\/tr>\n<tr class=\"row-6 even\">\n<td class=\"column-1\">Piastra del sistema di articolazione<\/td>\n<td class=\"column-2\"><b>L<\/b><\/td>\n<\/tr>\n<tr class=\"row-7 odd\">\n<td class=\"column-1\">Display di stato a LED<\/td>\n<td class=\"column-2\">-<\/td>\n<\/tr>\n<tr class=\"row-8 even\">\n<td class=\"column-1\">Touchscreen<\/td>\n<td class=\"column-2\">\u2714<\/td>\n<\/tr>\n<tr class=\"row-9 odd\">\n<td class=\"column-1\">Alloggiamento in materiale di alta qualit\u00e0<\/td>\n<td class=\"column-2\">\u2714<\/td>\n<\/tr>\n<tr class=\"row-10 even\">\n<td class=\"column-1\">Aletta<\/td>\n<\/tr>\n<\/tbody>\n<\/table>\n<table id=\"tablepress-101-no-4\" class=\"tablepress tablepress-id-101 tablepress-responsive tablepress-responsive-stack-tablet dataTable no-footer\" style=\"height: 633px;\" width=\"415\">\n<tbody>\n<tr class=\"row-2 even\">\n<td class=\"column-1\">Modalit\u00e0 LR<\/td>\n<td class=\"column-2\">\u2714<\/td>\n<\/tr>\n<tr class=\"row-3 odd\">\n<td class=\"column-1\">Modalit\u00e0 HR<\/td>\n<td class=\"column-2\">-<\/td>\n<\/tr>\n<tr class=\"row-4 even\">\n<td class=\"column-1\">Modalit\u00e0 telecamera selettiva<\/td>\n<td class=\"column-2\">-<\/td>\n<\/tr>\n<tr class=\"row-5 odd\">\n<td class=\"column-1\">Scansione dell'articolatore<\/td>\n<td class=\"column-2\">\u2714<\/td>\n<\/tr>\n<tr class=\"row-6 even\">\n<td class=\"column-1\">Autoarticolazione<\/td>\n<td class=\"column-2\">\u2714<\/td>\n<\/tr>\n<tr class=\"row-7 odd\">\n<td class=\"column-1\">Scansione del modello a due vassoi<\/td>\n<td class=\"column-2\"><\/td>\n<\/tr>\n<tr class=\"row-8 even\">\n<td class=\"column-1\">Scansione dell'impressione<\/td>\n<td class=\"column-2\">\u2714<\/td>\n<\/tr>\n<tr class=\"row-9 odd\">\n<td class=\"column-1\">Vassoio triplo<sup>\u00ae<\/sup>\u00a0Scansione dell'impressione<\/td>\n<td class=\"column-2\">\ud83d\udddd\ufe0f<\/td>\n<\/tr>\n<tr class=\"row-10 even\">\n<td class=\"column-1\">Sistema protesico baltico<sup>\u00ae<\/sup><\/td>\n<td class=\"column-2\">\ud83d\udddd\ufe0f<\/td>\n<\/tr>\n<tr class=\"row-11 odd\">\n<td class=\"column-1\">secondoIl<\/td>\n<td class=\"column-2\">\u2714<\/td>\n<\/tr>\n<tr class=\"row-12 even\">\n<td class=\"column-1\">multiDie\/multiDie+<\/td>\n<td class=\"column-2\">\ud83d\udddd\ufe0f<\/td>\n<\/tr>\n<tr class=\"row-13 odd\">\n<td class=\"column-1\">Controllo visivo dell'asse Z<\/td>\n<td class=\"column-2\">\u2714<\/td>\n<\/tr>\n<tr class=\"row-14 even\">\n<td class=\"column-1\">Piano di taglio automatico<\/td>\n<td class=\"column-2\">\u2714<\/td>\n<\/tr>\n<tr class=\"row-15 odd\">\n<td class=\"column-1\">Scansione aggiuntiva<\/td>\n<td class=\"column-2\">\u2714<\/td>\n<\/tr>\n<tr class=\"row-16 even\">\n<td class=\"column-1\">Scansione di correzione<\/td>\n<td class=\"column-2\">\u2714<\/td>\n<\/tr>\n<tr class=\"row-17 odd\">\n<td class=\"column-1\">Scansione monocromatica della texture<\/td>\n<td class=\"column-2\">\u2714<\/td>\n<\/tr>\n<tr class=\"row-18 even\">\n<td class=\"column-1\">Scansione della texture del colore<\/td>\n<td class=\"column-2\">\u2714<\/td>\n<\/tr>\n<tr class=\"row-19 odd\">\n<td class=\"column-1\">Progetto universale<\/td>\n<td class=\"column-2\">\u2714<\/td>\n<\/tr>\n<tr class=\"row-20 even\">\n<td class=\"column-1\">progetto multiCaso<\/td>\n<td class=\"column-2\">\ud83d\udddd\ufe0f<\/td>\n<\/tr>\n<tr class=\"row-21 odd\">\n<td class=\"column-1\">progetto ortodontico<\/td>\n<td class=\"column-2\">\u2714<\/td>\n<\/tr>\n<tr class=\"row-22 even\">\n<td class=\"column-1\">Modalit\u00e0 luminosa e scura<\/td>\n<td class=\"column-2\">\u2714<\/td>\n<\/tr>\n<\/tbody>\n<\/table>\n<table id=\"tablepress-101-no-5\" class=\"tablepress tablepress-id-101 tablepress-responsive tablepress-responsive-stack-tablet dataTable no-footer\">\n<tbody>\n<tr class=\"row-2 even\">\n<td class=\"column-1\">Software di scansione<\/td>\n<td class=\"column-2\">scansione dentale<\/td>\n<\/tr>\n<tr class=\"row-3 odd\">\n<td class=\"column-1\">Sistema (requisiti minimi)<\/td>\n<td class=\"column-2\">Windows 10 64 bit<br \/>\nCPU Quad Core, i3<br \/>\n16 GB DI RAM<br \/>\nPorta USB 2.0<br \/>\ncirca 40 - 100 GB HDD<br \/>\nScheda grafica con 1 GB di RAM<\/td>\n<\/tr>\n<tr class=\"row-4 even\">\n<td class=\"column-1\">Sistema (requisiti consigliati)<\/td>\n<td class=\"column-2\">Windows 11 64 bit<br \/>\nCPU a sei core, i7<br \/>\n32 GB DI RAM<br \/>\nPorta USB 3.0<br \/>\ncirca 100 - 250 GB di SSD<br \/>\nScheda grafica con 6 GB di RAM<\/td>\n<\/tr>\n<\/tbody>\n<\/table>\n<table id=\"tablepress-101-no-6\" class=\"tablepress tablepress-id-101 tablepress-responsive tablepress-responsive-stack-tablet dataTable no-footer\">\n<tbody>\n<tr class=\"row-2 even\">\n<td class=\"column-1\">Ambito di consegna<\/td>\n<td class=\"column-2\">Vinile all'aria aperta<br \/>\nModello di calibrazione 3D<br \/>\nPortaoggetti<br \/>\nCavo di rete<br \/>\nCavo USB<br \/>\nSupporto dati con scansione dentale, dati di calibrazione<\/td>\n<\/tr>\n<tr class=\"row-3 odd\">\n<td class=\"column-1\">Contenuto della fornitura Custodia per accessori<\/td>\n<td class=\"column-2\">\u00a0 \u00a0 \u00a0 \u00a0 \u00a0 \u00a0 \u00a0 \u00a0 \u00a0 \u00a0 \u00a0 \u00a0 \u00a0 \u00a0 \u00a0 \u00a0 \u00a0 \u00a0 \u00a0-<\/td>\n<\/tr>\n<\/tbody>\n<\/table>","protected":false},"excerpt":{"rendered":"<p>Scansione a cielo aperto: questo \u00e8 il motto del Vinyl Open Air, perch\u00e9 questo scanner per vinili ha un design completamente aperto. Tecnicamente, \u00e8 all'altezza degli occhi del vinile grazie alla solida fotocamera da 1,3 megapixel e alla triangolazione luminosa a strisce con LED a luce bianca.<br \/>\nEssendo il modello pi\u00f9 economico della serie Vinyl, Open Air viene fornito con una gamma di accessori di base. \u00c8 tutto ci\u00f2 che serve per lavorare su progetti con indicazioni dentali comuni o casi ortodontici, comprese le scansioni degli articolatori.<\/p>\n<p><strong>Prezzo su richiesta\u00a0<\/strong><\/p>\n<p>RRP 9.990,00\u20ac<\/p>","protected":false},"featured_media":15916,"comment_status":"open","ping_status":"closed","template":"","meta":{"neve_meta_sidebar":"","neve_meta_container":"","neve_meta_enable_content_width":"off","neve_meta_content_width":70,"neve_meta_title_alignment":"","neve_meta_author_avatar":"","neve_post_elements_order":"","neve_meta_disable_header":"","neve_meta_disable_footer":"","neve_meta_disable_title":"","_themeisle_gutenberg_block_has_review":false},"product_brand":[],"product_cat":[624,778],"product_tag":[628,626,627,625],"class_list":{"0":"post-15958","1":"product","2":"type-product","3":"status-publish","4":"has-post-thumbnail","6":"product_cat-equipment","7":"product_cat-smart-optics","8":"product_tag-exocad","9":"product_tag-openair","10":"product_tag-smartoptics","11":"product_tag-vinyl","13":"first","14":"instock","15":"taxable","16":"shipping-taxable","17":"product-type-simple"},"yoast_head":"<!-- This site is optimized with the Yoast SEO plugin v27.6 - https:\/\/yoast.com\/product\/yoast-seo-wordpress\/ -->\n<title>Dentalscanner Vinyl Open Air - Ador Dental GmbH<\/title>\n<meta name=\"description\" content=\"Der Dentalscanner Open Air ist das preisg\u00fcnstigste Modell der Vinyl-Serie, bei dem bereits viele Features im Lieferumfang enthalten sind.\" \/>\n<meta name=\"robots\" content=\"index, follow, max-snippet:-1, max-image-preview:large, max-video-preview:-1\" \/>\n<link rel=\"canonical\" href=\"https:\/\/www.ador-dental.de\/it\/prodotto\/dentalscanner-smart-optics-vinyl-open-air-premium-paket\/\" \/>\n<meta property=\"og:locale\" content=\"it_IT\" \/>\n<meta property=\"og:type\" content=\"article\" \/>\n<meta property=\"og:title\" content=\"Dentalscanner Vinyl Open Air - Ador Dental GmbH\" \/>\n<meta property=\"og:description\" content=\"Der Dentalscanner Open Air ist das preisg\u00fcnstigste Modell der Vinyl-Serie, bei dem bereits viele Features im Lieferumfang enthalten sind.\" \/>\n<meta property=\"og:url\" content=\"https:\/\/www.ador-dental.de\/it\/prodotto\/dentalscanner-smart-optics-vinyl-open-air-premium-paket\/\" \/>\n<meta property=\"og:site_name\" content=\"Ador Dental GmbH\" \/>\n<meta property=\"article:modified_time\" content=\"2024-03-14T09:46:21+00:00\" \/>\n<meta property=\"og:image\" content=\"https:\/\/www.ador-dental.de\/wp-content\/uploads\/2021\/04\/Vinyl-Open-Air-Einsteigerpaket.png\" \/>\n\t<meta property=\"og:image:width\" content=\"1024\" \/>\n\t<meta property=\"og:image:height\" content=\"1024\" \/>\n\t<meta property=\"og:image:type\" content=\"image\/png\" \/>\n<meta name=\"twitter:card\" content=\"summary_large_image\" \/>\n<meta name=\"twitter:label1\" content=\"Tempo di lettura stimato\" \/>\n\t<meta name=\"twitter:data1\" content=\"1 minuto\" \/>\n<script type=\"application\/ld+json\" class=\"yoast-schema-graph\">{\"@context\":\"https:\\\/\\\/schema.org\",\"@graph\":[{\"@type\":\"WebPage\",\"@id\":\"https:\\\/\\\/www.ador-dental.de\\\/produkt\\\/dentalscanner-smart-optics-vinyl-open-air-premium-paket\\\/\",\"url\":\"https:\\\/\\\/www.ador-dental.de\\\/produkt\\\/dentalscanner-smart-optics-vinyl-open-air-premium-paket\\\/\",\"name\":\"Dentalscanner Vinyl Open Air - Ador Dental GmbH\",\"isPartOf\":{\"@id\":\"https:\\\/\\\/www.ador-dental.de\\\/en\\\/#website\"},\"primaryImageOfPage\":{\"@id\":\"https:\\\/\\\/www.ador-dental.de\\\/produkt\\\/dentalscanner-smart-optics-vinyl-open-air-premium-paket\\\/#primaryimage\"},\"image\":{\"@id\":\"https:\\\/\\\/www.ador-dental.de\\\/produkt\\\/dentalscanner-smart-optics-vinyl-open-air-premium-paket\\\/#primaryimage\"},\"thumbnailUrl\":\"https:\\\/\\\/www.ador-dental.de\\\/wp-content\\\/uploads\\\/2021\\\/04\\\/Vinyl-Open-Air-Einsteigerpaket.png\",\"datePublished\":\"2021-04-14T09:27:54+00:00\",\"dateModified\":\"2024-03-14T09:46:21+00:00\",\"description\":\"Der Dentalscanner Open Air ist das preisg\u00fcnstigste Modell der Vinyl-Serie, bei dem bereits viele Features im Lieferumfang enthalten sind.\",\"breadcrumb\":{\"@id\":\"https:\\\/\\\/www.ador-dental.de\\\/produkt\\\/dentalscanner-smart-optics-vinyl-open-air-premium-paket\\\/#breadcrumb\"},\"inLanguage\":\"it-IT\",\"potentialAction\":[{\"@type\":\"ReadAction\",\"target\":[\"https:\\\/\\\/www.ador-dental.de\\\/produkt\\\/dentalscanner-smart-optics-vinyl-open-air-premium-paket\\\/\"]}]},{\"@type\":\"ImageObject\",\"inLanguage\":\"it-IT\",\"@id\":\"https:\\\/\\\/www.ador-dental.de\\\/produkt\\\/dentalscanner-smart-optics-vinyl-open-air-premium-paket\\\/#primaryimage\",\"url\":\"https:\\\/\\\/www.ador-dental.de\\\/wp-content\\\/uploads\\\/2021\\\/04\\\/Vinyl-Open-Air-Einsteigerpaket.png\",\"contentUrl\":\"https:\\\/\\\/www.ador-dental.de\\\/wp-content\\\/uploads\\\/2021\\\/04\\\/Vinyl-Open-Air-Einsteigerpaket.png\",\"width\":1024,\"height\":1024,\"caption\":\"Dentalscanner Vinyl Open Air\"},{\"@type\":\"BreadcrumbList\",\"@id\":\"https:\\\/\\\/www.ador-dental.de\\\/produkt\\\/dentalscanner-smart-optics-vinyl-open-air-premium-paket\\\/#breadcrumb\",\"itemListElement\":[{\"@type\":\"ListItem\",\"position\":1,\"name\":\"Startseite\",\"item\":\"https:\\\/\\\/www.ador-dental.de\\\/\"},{\"@type\":\"ListItem\",\"position\":2,\"name\":\"Shop\",\"item\":\"https:\\\/\\\/www.ador-dental.de\\\/en\\\/shop\\\/\"},{\"@type\":\"ListItem\",\"position\":3,\"name\":\"Dentalscanner Vinyl Open Air\"}]},{\"@type\":\"WebSite\",\"@id\":\"https:\\\/\\\/www.ador-dental.de\\\/en\\\/#website\",\"url\":\"https:\\\/\\\/www.ador-dental.de\\\/en\\\/\",\"name\":\"Ador Dental GmbH\",\"description\":\"\",\"publisher\":{\"@id\":\"https:\\\/\\\/www.ador-dental.de\\\/en\\\/#organization\"},\"potentialAction\":[{\"@type\":\"SearchAction\",\"target\":{\"@type\":\"EntryPoint\",\"urlTemplate\":\"https:\\\/\\\/www.ador-dental.de\\\/en\\\/?s={search_term_string}\"},\"query-input\":{\"@type\":\"PropertyValueSpecification\",\"valueRequired\":true,\"valueName\":\"search_term_string\"}}],\"inLanguage\":\"it-IT\"},{\"@type\":\"Organization\",\"@id\":\"https:\\\/\\\/www.ador-dental.de\\\/en\\\/#organization\",\"name\":\"Ador Dental GmbH\",\"url\":\"https:\\\/\\\/www.ador-dental.de\\\/en\\\/\",\"logo\":{\"@type\":\"ImageObject\",\"inLanguage\":\"it-IT\",\"@id\":\"https:\\\/\\\/www.ador-dental.de\\\/en\\\/#\\\/schema\\\/logo\\\/image\\\/\",\"url\":\"https:\\\/\\\/www.ador-dental.de\\\/wp-content\\\/uploads\\\/2021\\\/10\\\/ADOR_Logo_DentalSolutions_2020_Black.svg\",\"contentUrl\":\"https:\\\/\\\/www.ador-dental.de\\\/wp-content\\\/uploads\\\/2021\\\/10\\\/ADOR_Logo_DentalSolutions_2020_Black.svg\",\"width\":678,\"height\":261,\"caption\":\"Ador Dental GmbH\"},\"image\":{\"@id\":\"https:\\\/\\\/www.ador-dental.de\\\/en\\\/#\\\/schema\\\/logo\\\/image\\\/\"}}]}<\/script>\n<!-- \/ Yoast SEO plugin. -->","yoast_head_json":{"title":"Dentalscanner Vinyl Open Air - Ador Dental GmbH","description":"Der Dentalscanner Open Air ist das preisg\u00fcnstigste Modell der Vinyl-Serie, bei dem bereits viele Features im Lieferumfang enthalten sind.","robots":{"index":"index","follow":"follow","max-snippet":"max-snippet:-1","max-image-preview":"max-image-preview:large","max-video-preview":"max-video-preview:-1"},"canonical":"https:\/\/www.ador-dental.de\/it\/prodotto\/dentalscanner-smart-optics-vinyl-open-air-premium-paket\/","og_locale":"it_IT","og_type":"article","og_title":"Dentalscanner Vinyl Open Air - Ador Dental GmbH","og_description":"Der Dentalscanner Open Air ist das preisg\u00fcnstigste Modell der Vinyl-Serie, bei dem bereits viele Features im Lieferumfang enthalten sind.","og_url":"https:\/\/www.ador-dental.de\/it\/prodotto\/dentalscanner-smart-optics-vinyl-open-air-premium-paket\/","og_site_name":"Ador Dental GmbH","article_modified_time":"2024-03-14T09:46:21+00:00","og_image":[{"width":1024,"height":1024,"url":"https:\/\/www.ador-dental.de\/wp-content\/uploads\/2021\/04\/Vinyl-Open-Air-Einsteigerpaket.png","type":"image\/png"}],"twitter_card":"summary_large_image","twitter_misc":{"Tempo di lettura stimato":"1 minuto"},"schema":{"@context":"https:\/\/schema.org","@graph":[{"@type":"WebPage","@id":"https:\/\/www.ador-dental.de\/produkt\/dentalscanner-smart-optics-vinyl-open-air-premium-paket\/","url":"https:\/\/www.ador-dental.de\/produkt\/dentalscanner-smart-optics-vinyl-open-air-premium-paket\/","name":"Dentalscanner Vinyl Open Air - Ador Dental GmbH","isPartOf":{"@id":"https:\/\/www.ador-dental.de\/en\/#website"},"primaryImageOfPage":{"@id":"https:\/\/www.ador-dental.de\/produkt\/dentalscanner-smart-optics-vinyl-open-air-premium-paket\/#primaryimage"},"image":{"@id":"https:\/\/www.ador-dental.de\/produkt\/dentalscanner-smart-optics-vinyl-open-air-premium-paket\/#primaryimage"},"thumbnailUrl":"https:\/\/www.ador-dental.de\/wp-content\/uploads\/2021\/04\/Vinyl-Open-Air-Einsteigerpaket.png","datePublished":"2021-04-14T09:27:54+00:00","dateModified":"2024-03-14T09:46:21+00:00","description":"Der Dentalscanner Open Air ist das preisg\u00fcnstigste Modell der Vinyl-Serie, bei dem bereits viele Features im Lieferumfang enthalten sind.","breadcrumb":{"@id":"https:\/\/www.ador-dental.de\/produkt\/dentalscanner-smart-optics-vinyl-open-air-premium-paket\/#breadcrumb"},"inLanguage":"it-IT","potentialAction":[{"@type":"ReadAction","target":["https:\/\/www.ador-dental.de\/produkt\/dentalscanner-smart-optics-vinyl-open-air-premium-paket\/"]}]},{"@type":"ImageObject","inLanguage":"it-IT","@id":"https:\/\/www.ador-dental.de\/produkt\/dentalscanner-smart-optics-vinyl-open-air-premium-paket\/#primaryimage","url":"https:\/\/www.ador-dental.de\/wp-content\/uploads\/2021\/04\/Vinyl-Open-Air-Einsteigerpaket.png","contentUrl":"https:\/\/www.ador-dental.de\/wp-content\/uploads\/2021\/04\/Vinyl-Open-Air-Einsteigerpaket.png","width":1024,"height":1024,"caption":"Dentalscanner Vinyl Open Air"},{"@type":"BreadcrumbList","@id":"https:\/\/www.ador-dental.de\/produkt\/dentalscanner-smart-optics-vinyl-open-air-premium-paket\/#breadcrumb","itemListElement":[{"@type":"ListItem","position":1,"name":"Startseite","item":"https:\/\/www.ador-dental.de\/"},{"@type":"ListItem","position":2,"name":"Shop","item":"https:\/\/www.ador-dental.de\/en\/shop\/"},{"@type":"ListItem","position":3,"name":"Dentalscanner Vinyl Open Air"}]},{"@type":"WebSite","@id":"https:\/\/www.ador-dental.de\/en\/#website","url":"https:\/\/www.ador-dental.de\/en\/","name":"Ador Dental GmbH","description":"","publisher":{"@id":"https:\/\/www.ador-dental.de\/en\/#organization"},"potentialAction":[{"@type":"SearchAction","target":{"@type":"EntryPoint","urlTemplate":"https:\/\/www.ador-dental.de\/en\/?s={search_term_string}"},"query-input":{"@type":"PropertyValueSpecification","valueRequired":true,"valueName":"search_term_string"}}],"inLanguage":"it-IT"},{"@type":"Organization","@id":"https:\/\/www.ador-dental.de\/en\/#organization","name":"Ador Dental GmbH","url":"https:\/\/www.ador-dental.de\/en\/","logo":{"@type":"ImageObject","inLanguage":"it-IT","@id":"https:\/\/www.ador-dental.de\/en\/#\/schema\/logo\/image\/","url":"https:\/\/www.ador-dental.de\/wp-content\/uploads\/2021\/10\/ADOR_Logo_DentalSolutions_2020_Black.svg","contentUrl":"https:\/\/www.ador-dental.de\/wp-content\/uploads\/2021\/10\/ADOR_Logo_DentalSolutions_2020_Black.svg","width":678,"height":261,"caption":"Ador Dental GmbH"},"image":{"@id":"https:\/\/www.ador-dental.de\/en\/#\/schema\/logo\/image\/"}}]}},"_links":{"self":[{"href":"https:\/\/www.ador-dental.de\/it\/wp-json\/wp\/v2\/product\/15958","targetHints":{"allow":["GET"]}}],"collection":[{"href":"https:\/\/www.ador-dental.de\/it\/wp-json\/wp\/v2\/product"}],"about":[{"href":"https:\/\/www.ador-dental.de\/it\/wp-json\/wp\/v2\/types\/product"}],"replies":[{"embeddable":true,"href":"https:\/\/www.ador-dental.de\/it\/wp-json\/wp\/v2\/comments?post=15958"}],"version-history":[{"count":4,"href":"https:\/\/www.ador-dental.de\/it\/wp-json\/wp\/v2\/product\/15958\/revisions"}],"predecessor-version":[{"id":25437,"href":"https:\/\/www.ador-dental.de\/it\/wp-json\/wp\/v2\/product\/15958\/revisions\/25437"}],"wp:featuredmedia":[{"embeddable":true,"href":"https:\/\/www.ador-dental.de\/it\/wp-json\/wp\/v2\/media\/15916"}],"wp:attachment":[{"href":"https:\/\/www.ador-dental.de\/it\/wp-json\/wp\/v2\/media?parent=15958"}],"wp:term":[{"taxonomy":"product_brand","embeddable":true,"href":"https:\/\/www.ador-dental.de\/it\/wp-json\/wp\/v2\/product_brand?post=15958"},{"taxonomy":"product_cat","embeddable":true,"href":"https:\/\/www.ador-dental.de\/it\/wp-json\/wp\/v2\/product_cat?post=15958"},{"taxonomy":"product_tag","embeddable":true,"href":"https:\/\/www.ador-dental.de\/it\/wp-json\/wp\/v2\/product_tag?post=15958"}],"curies":[{"name":"wp","href":"https:\/\/api.w.org\/{rel}","templated":true}]}}