{"id":11618,"date":"2020-09-04T13:15:57","date_gmt":"2020-09-04T11:15:57","guid":{"rendered":"https:\/\/new.ador-edelmetalle.de\/?post_type=product&#038;p=11618"},"modified":"2026-04-02T15:28:05","modified_gmt":"2026-04-02T13:28:05","slug":"tabeo-2-m-zirkon-120-sinterofen-klassik","status":"publish","type":"product","link":"https:\/\/www.ador-dental.de\/it\/prodotto\/tabeo-2-m-zirkon-120-sinterofen-klassik\/","title":{"rendered":"TABEO-2\/M\/ZIRKON-120 - Forno di sinterizzazione"},"content":{"rendered":"<p><strong>&gt;&gt;&gt;<a  data-e-disable-page-transition=\"true\" class=\"download-link\" title=\"\" href=\"https:\/\/www.ador-dental.de\/it\/download\/11690\/?tmstv=1776317230\" rel=\"nofollow\" id=\"download-link-11690\" data-redirect=\"false\" >\n\tVolantino MIHM-Vogt, informazioni sul prodotto TABEO-2\/M\/ZIRKON-120<\/a>\n<\/strong><\/p>\n<p class=\"TextA\"><b><span style=\"font-size: 13.0pt;\">TABEO-2\/M\/ZIRKON-120 Forno di sinterizzazione KLASSIK<\/span><\/b><\/p>\n<p>Il Tabeo-2 \u00e8 il partner coerente per sinterizzare in modo affidabile grandi quantit\u00e0 di biossido di zirconio. Fino a 3 vassoi di sinterizzazione nel formato \u00d8 120\u00d730 mm forniscono una capacit\u00e0 fino a 90 corone individuali nei programmi classici a lungo termine. La collaudata tecnologia di riscaldamento grazie agli elementi riscaldanti in disiliciuro di molibdeno - MoSi- permette di raggiungere temperature elevate fino a 1650\u00b0C. La memorizzazione di 9 curve di sinterizzazione con max. 4 passi ciascuna fornisce flessibilit\u00e0 quando si utilizza una grande variet\u00e0 di materiali di ossido di zirconio. I risultati di sinterizzazione precisi sono sempre garantiti dall'alta precisione della temperatura di +\/- 3 \u00b0C a 1500\u00b0C.<\/p>\n<p><strong>Propriet\u00e0<br \/>\n<\/strong>Capacit\u00e0 di sinterizzazione: fino a 3 vassoi \u00d8 120\u00d730 mm<br \/>\nElementi riscaldanti in disiliciuro di molibdeno<br \/>\nTemperatura massima 1650\u00b0C<\/p>\n<p><strong>Programmi di servizio<\/strong>:<br \/>\n- Controllo della temperatura con kit di misurazione opzionale<br \/>\n- Pulizia della camera di riscaldamento<br \/>\n- Elementi riscaldanti di rigenerazione<\/p>\n<p><strong>Controllo del programma:<\/strong><br \/>\n- Display con LED a 7 segmenti<br \/>\n- 4 livelli<br \/>\n- 9 posizioni del programma<br \/>\n- Funzioni speciali<br \/>\nMax. Velocit\u00e0 di riscaldamento 25\u00b0C\/min<br \/>\nPrecisione della temperatura a 1500\u00b0C +\/- 3 \u00b0C<br \/>\nFunzione timer<br \/>\nAccesso alla camera di combustione attraverso la porta anteriore<\/p>\n<p><strong>Ambito di consegna:<br \/>\n<\/strong>1x Tabeo-2 forno di sinterizzazione zirconia<br \/>\n1x Perle sinterizzate YTZ, 2.0; 200g<br \/>\n1 vassoio di sinterizzazione, 120\/30<br \/>\n1 coperchio della ciotola di sinterizzazione, 120\/4<br \/>\n1x forcella di rimozione T-2<br \/>\n1x cavo di collegamento alla rete EU, C19; 16A<\/p>\n<p><strong>Dati tecnici:<br \/>\n<\/strong>Capacit\u00e0 della camera di cottura: 3 vassoi \u00d8 120\u00d730 mm<br \/>\nPotenza massima: 1800 W<br \/>\nTensione di rete: 220-240 V, 50\/60 Hz<br \/>\nPeso: 80 kg<br \/>\nDimensioni L\/D\/H: 480\/460\/680 mm<\/p>","protected":false},"excerpt":{"rendered":"<p><b>Ambito di consegna: vedi sotto<\/b><\/p>\n<p>Il Tabeo-2 \u00e8 il partner coerente per sinterizzare in modo affidabile grandi quantit\u00e0 di biossido di zirconio.<\/p>\n<p><strong>Prezzo su richiesta<\/strong><\/p>\n<p>RRP \u20ac 7.560,00<\/p>","protected":false},"featured_media":29834,"comment_status":"open","ping_status":"closed","template":"","meta":{"neve_meta_sidebar":"","neve_meta_container":"","neve_meta_enable_content_width":"off","neve_meta_content_width":70,"neve_meta_title_alignment":"","neve_meta_author_avatar":"","neve_post_elements_order":"","neve_meta_disable_header":"","neve_meta_disable_footer":"","neve_meta_disable_title":"","_themeisle_gutenberg_block_has_review":false},"product_brand":[],"product_cat":[440,1305,984],"product_tag":[434],"class_list":{"0":"post-11618","1":"product","2":"type-product","3":"status-publish","4":"has-post-thumbnail","6":"product_cat-sinteroefen","7":"product_cat-tabeo-2-m-ofen","8":"product_cat-tabeo-2-m-zirkon-120-sinterofen-klassik","9":"product_tag-dentalheld","11":"first","12":"instock","13":"taxable","14":"shipping-taxable","15":"product-type-simple"},"yoast_head":"<!-- This site is optimized with the Yoast SEO plugin v27.2 - https:\/\/yoast.com\/product\/yoast-seo-wordpress\/ -->\n<title>TABEO-2\/M\/ZIRKON-120 - Sinterofen - Ador Dental GmbH<\/title>\n<meta name=\"description\" content=\"Der Tabeo-2 ist der best\u00e4ndige Partner zum zuverl\u00e4ssigen Sintern gr\u00f6\u00dferer Mengen Zirkoniumdioxids.\" \/>\n<meta name=\"robots\" content=\"index, follow, max-snippet:-1, max-image-preview:large, max-video-preview:-1\" \/>\n<link rel=\"canonical\" href=\"https:\/\/www.ador-dental.de\/it\/prodotto\/tabeo-2-m-zirkon-120-sinterofen-klassik\/\" \/>\n<meta property=\"og:locale\" content=\"it_IT\" \/>\n<meta property=\"og:type\" content=\"article\" \/>\n<meta property=\"og:title\" content=\"TABEO-2\/M\/ZIRKON-120 - Sinterofen - Ador Dental GmbH\" \/>\n<meta property=\"og:description\" content=\"Der Tabeo-2 ist der best\u00e4ndige Partner zum zuverl\u00e4ssigen Sintern gr\u00f6\u00dferer Mengen Zirkoniumdioxids.\" \/>\n<meta property=\"og:url\" content=\"https:\/\/www.ador-dental.de\/it\/prodotto\/tabeo-2-m-zirkon-120-sinterofen-klassik\/\" \/>\n<meta property=\"og:site_name\" content=\"Ador Dental GmbH\" \/>\n<meta property=\"article:modified_time\" content=\"2026-04-02T13:28:05+00:00\" \/>\n<meta property=\"og:image\" content=\"https:\/\/www.ador-dental.de\/wp-content\/uploads\/2025\/06\/Tabeo2.png\" \/>\n\t<meta property=\"og:image:width\" content=\"1024\" \/>\n\t<meta property=\"og:image:height\" content=\"1024\" \/>\n\t<meta property=\"og:image:type\" content=\"image\/png\" \/>\n<meta name=\"twitter:card\" content=\"summary_large_image\" \/>\n<meta name=\"twitter:label1\" content=\"Tempo di lettura stimato\" \/>\n\t<meta name=\"twitter:data1\" content=\"1 minuto\" \/>\n<script type=\"application\/ld+json\" class=\"yoast-schema-graph\">{\"@context\":\"https:\/\/schema.org\",\"@graph\":[{\"@type\":\"WebPage\",\"@id\":\"https:\/\/www.ador-dental.de\/produkt\/tabeo-2-m-zirkon-120-sinterofen-klassik\/\",\"url\":\"https:\/\/www.ador-dental.de\/produkt\/tabeo-2-m-zirkon-120-sinterofen-klassik\/\",\"name\":\"TABEO-2\/M\/ZIRKON-120 - Sinterofen - Ador Dental GmbH\",\"isPartOf\":{\"@id\":\"https:\/\/www.ador-dental.de\/en\/#website\"},\"primaryImageOfPage\":{\"@id\":\"https:\/\/www.ador-dental.de\/produkt\/tabeo-2-m-zirkon-120-sinterofen-klassik\/#primaryimage\"},\"image\":{\"@id\":\"https:\/\/www.ador-dental.de\/produkt\/tabeo-2-m-zirkon-120-sinterofen-klassik\/#primaryimage\"},\"thumbnailUrl\":\"https:\/\/www.ador-dental.de\/wp-content\/uploads\/2025\/06\/Tabeo2.png\",\"datePublished\":\"2020-09-04T11:15:57+00:00\",\"dateModified\":\"2026-04-02T13:28:05+00:00\",\"description\":\"Der Tabeo-2 ist der best\u00e4ndige Partner zum zuverl\u00e4ssigen Sintern gr\u00f6\u00dferer Mengen Zirkoniumdioxids.\",\"breadcrumb\":{\"@id\":\"https:\/\/www.ador-dental.de\/produkt\/tabeo-2-m-zirkon-120-sinterofen-klassik\/#breadcrumb\"},\"inLanguage\":\"it-IT\",\"potentialAction\":[{\"@type\":\"ReadAction\",\"target\":[\"https:\/\/www.ador-dental.de\/produkt\/tabeo-2-m-zirkon-120-sinterofen-klassik\/\"]}]},{\"@type\":\"ImageObject\",\"inLanguage\":\"it-IT\",\"@id\":\"https:\/\/www.ador-dental.de\/produkt\/tabeo-2-m-zirkon-120-sinterofen-klassik\/#primaryimage\",\"url\":\"https:\/\/www.ador-dental.de\/wp-content\/uploads\/2025\/06\/Tabeo2.png\",\"contentUrl\":\"https:\/\/www.ador-dental.de\/wp-content\/uploads\/2025\/06\/Tabeo2.png\",\"width\":1024,\"height\":1024},{\"@type\":\"BreadcrumbList\",\"@id\":\"https:\/\/www.ador-dental.de\/produkt\/tabeo-2-m-zirkon-120-sinterofen-klassik\/#breadcrumb\",\"itemListElement\":[{\"@type\":\"ListItem\",\"position\":1,\"name\":\"Startseite\",\"item\":\"https:\/\/www.ador-dental.de\/\"},{\"@type\":\"ListItem\",\"position\":2,\"name\":\"Shop\",\"item\":\"https:\/\/www.ador-dental.de\/en\/shop\/\"},{\"@type\":\"ListItem\",\"position\":3,\"name\":\"TABEO-2\/M\/ZIRKON-120 &#8211; Sinterofen\"}]},{\"@type\":\"WebSite\",\"@id\":\"https:\/\/www.ador-dental.de\/en\/#website\",\"url\":\"https:\/\/www.ador-dental.de\/en\/\",\"name\":\"Ador Dental GmbH\",\"description\":\"\",\"publisher\":{\"@id\":\"https:\/\/www.ador-dental.de\/en\/#organization\"},\"potentialAction\":[{\"@type\":\"SearchAction\",\"target\":{\"@type\":\"EntryPoint\",\"urlTemplate\":\"https:\/\/www.ador-dental.de\/en\/?s={search_term_string}\"},\"query-input\":{\"@type\":\"PropertyValueSpecification\",\"valueRequired\":true,\"valueName\":\"search_term_string\"}}],\"inLanguage\":\"it-IT\"},{\"@type\":\"Organization\",\"@id\":\"https:\/\/www.ador-dental.de\/en\/#organization\",\"name\":\"Ador Dental GmbH\",\"url\":\"https:\/\/www.ador-dental.de\/en\/\",\"logo\":{\"@type\":\"ImageObject\",\"inLanguage\":\"it-IT\",\"@id\":\"https:\/\/www.ador-dental.de\/en\/#\/schema\/logo\/image\/\",\"url\":\"https:\/\/www.ador-dental.de\/wp-content\/uploads\/2021\/10\/ADOR_Logo_DentalSolutions_2020_Black.svg\",\"contentUrl\":\"https:\/\/www.ador-dental.de\/wp-content\/uploads\/2021\/10\/ADOR_Logo_DentalSolutions_2020_Black.svg\",\"width\":678,\"height\":261,\"caption\":\"Ador Dental GmbH\"},\"image\":{\"@id\":\"https:\/\/www.ador-dental.de\/en\/#\/schema\/logo\/image\/\"}}]}<\/script>\n<!-- \/ Yoast SEO plugin. -->","yoast_head_json":{"title":"TABEO-2\/M\/ZIRKON-120 - Sinterofen - Ador Dental GmbH","description":"Il Tabeo-2 \u00e8 il partner coerente per sinterizzare in modo affidabile grandi quantit\u00e0 di biossido di zirconio.","robots":{"index":"index","follow":"follow","max-snippet":"max-snippet:-1","max-image-preview":"max-image-preview:large","max-video-preview":"max-video-preview:-1"},"canonical":"https:\/\/www.ador-dental.de\/it\/prodotto\/tabeo-2-m-zirkon-120-sinterofen-klassik\/","og_locale":"it_IT","og_type":"article","og_title":"TABEO-2\/M\/ZIRKON-120 - Sinterofen - Ador Dental GmbH","og_description":"Der Tabeo-2 ist der best\u00e4ndige Partner zum zuverl\u00e4ssigen Sintern gr\u00f6\u00dferer Mengen Zirkoniumdioxids.","og_url":"https:\/\/www.ador-dental.de\/it\/prodotto\/tabeo-2-m-zirkon-120-sinterofen-klassik\/","og_site_name":"Ador Dental GmbH","article_modified_time":"2026-04-02T13:28:05+00:00","og_image":[{"width":1024,"height":1024,"url":"https:\/\/www.ador-dental.de\/wp-content\/uploads\/2025\/06\/Tabeo2.png","type":"image\/png"}],"twitter_card":"summary_large_image","twitter_misc":{"Tempo di lettura stimato":"1 minuto"},"schema":{"@context":"https:\/\/schema.org","@graph":[{"@type":"WebPage","@id":"https:\/\/www.ador-dental.de\/produkt\/tabeo-2-m-zirkon-120-sinterofen-klassik\/","url":"https:\/\/www.ador-dental.de\/produkt\/tabeo-2-m-zirkon-120-sinterofen-klassik\/","name":"TABEO-2\/M\/ZIRKON-120 - Sinterofen - Ador Dental GmbH","isPartOf":{"@id":"https:\/\/www.ador-dental.de\/en\/#website"},"primaryImageOfPage":{"@id":"https:\/\/www.ador-dental.de\/produkt\/tabeo-2-m-zirkon-120-sinterofen-klassik\/#primaryimage"},"image":{"@id":"https:\/\/www.ador-dental.de\/produkt\/tabeo-2-m-zirkon-120-sinterofen-klassik\/#primaryimage"},"thumbnailUrl":"https:\/\/www.ador-dental.de\/wp-content\/uploads\/2025\/06\/Tabeo2.png","datePublished":"2020-09-04T11:15:57+00:00","dateModified":"2026-04-02T13:28:05+00:00","description":"Il Tabeo-2 \u00e8 il partner coerente per sinterizzare in modo affidabile grandi quantit\u00e0 di biossido di zirconio.","breadcrumb":{"@id":"https:\/\/www.ador-dental.de\/produkt\/tabeo-2-m-zirkon-120-sinterofen-klassik\/#breadcrumb"},"inLanguage":"it-IT","potentialAction":[{"@type":"ReadAction","target":["https:\/\/www.ador-dental.de\/produkt\/tabeo-2-m-zirkon-120-sinterofen-klassik\/"]}]},{"@type":"ImageObject","inLanguage":"it-IT","@id":"https:\/\/www.ador-dental.de\/produkt\/tabeo-2-m-zirkon-120-sinterofen-klassik\/#primaryimage","url":"https:\/\/www.ador-dental.de\/wp-content\/uploads\/2025\/06\/Tabeo2.png","contentUrl":"https:\/\/www.ador-dental.de\/wp-content\/uploads\/2025\/06\/Tabeo2.png","width":1024,"height":1024},{"@type":"BreadcrumbList","@id":"https:\/\/www.ador-dental.de\/produkt\/tabeo-2-m-zirkon-120-sinterofen-klassik\/#breadcrumb","itemListElement":[{"@type":"ListItem","position":1,"name":"Startseite","item":"https:\/\/www.ador-dental.de\/"},{"@type":"ListItem","position":2,"name":"Shop","item":"https:\/\/www.ador-dental.de\/en\/shop\/"},{"@type":"ListItem","position":3,"name":"TABEO-2\/M\/ZIRKON-120 &#8211; Sinterofen"}]},{"@type":"WebSite","@id":"https:\/\/www.ador-dental.de\/en\/#website","url":"https:\/\/www.ador-dental.de\/en\/","name":"Ador Dental GmbH","description":"","publisher":{"@id":"https:\/\/www.ador-dental.de\/en\/#organization"},"potentialAction":[{"@type":"SearchAction","target":{"@type":"EntryPoint","urlTemplate":"https:\/\/www.ador-dental.de\/en\/?s={search_term_string}"},"query-input":{"@type":"PropertyValueSpecification","valueRequired":true,"valueName":"search_term_string"}}],"inLanguage":"it-IT"},{"@type":"Organization","@id":"https:\/\/www.ador-dental.de\/en\/#organization","name":"Ador Dental GmbH","url":"https:\/\/www.ador-dental.de\/en\/","logo":{"@type":"ImageObject","inLanguage":"it-IT","@id":"https:\/\/www.ador-dental.de\/en\/#\/schema\/logo\/image\/","url":"https:\/\/www.ador-dental.de\/wp-content\/uploads\/2021\/10\/ADOR_Logo_DentalSolutions_2020_Black.svg","contentUrl":"https:\/\/www.ador-dental.de\/wp-content\/uploads\/2021\/10\/ADOR_Logo_DentalSolutions_2020_Black.svg","width":678,"height":261,"caption":"Ador Dental GmbH"},"image":{"@id":"https:\/\/www.ador-dental.de\/en\/#\/schema\/logo\/image\/"}}]}},"_links":{"self":[{"href":"https:\/\/www.ador-dental.de\/it\/wp-json\/wp\/v2\/product\/11618","targetHints":{"allow":["GET"]}}],"collection":[{"href":"https:\/\/www.ador-dental.de\/it\/wp-json\/wp\/v2\/product"}],"about":[{"href":"https:\/\/www.ador-dental.de\/it\/wp-json\/wp\/v2\/types\/product"}],"replies":[{"embeddable":true,"href":"https:\/\/www.ador-dental.de\/it\/wp-json\/wp\/v2\/comments?post=11618"}],"version-history":[{"count":9,"href":"https:\/\/www.ador-dental.de\/it\/wp-json\/wp\/v2\/product\/11618\/revisions"}],"predecessor-version":[{"id":29761,"href":"https:\/\/www.ador-dental.de\/it\/wp-json\/wp\/v2\/product\/11618\/revisions\/29761"}],"wp:featuredmedia":[{"embeddable":true,"href":"https:\/\/www.ador-dental.de\/it\/wp-json\/wp\/v2\/media\/29834"}],"wp:attachment":[{"href":"https:\/\/www.ador-dental.de\/it\/wp-json\/wp\/v2\/media?parent=11618"}],"wp:term":[{"taxonomy":"product_brand","embeddable":true,"href":"https:\/\/www.ador-dental.de\/it\/wp-json\/wp\/v2\/product_brand?post=11618"},{"taxonomy":"product_cat","embeddable":true,"href":"https:\/\/www.ador-dental.de\/it\/wp-json\/wp\/v2\/product_cat?post=11618"},{"taxonomy":"product_tag","embeddable":true,"href":"https:\/\/www.ador-dental.de\/it\/wp-json\/wp\/v2\/product_tag?post=11618"}],"curies":[{"name":"wp","href":"https:\/\/api.w.org\/{rel}","templated":true}]}}