{"id":493,"date":"2019-12-10T08:56:03","date_gmt":"2019-12-10T07:56:03","guid":{"rendered":"https:\/\/new.ador-edelmetalle.de\/impressum\/"},"modified":"2024-11-29T14:53:47","modified_gmt":"2024-11-29T13:53:47","slug":"impressum","status":"publish","type":"page","link":"https:\/\/www.ador-dental.de\/it\/impressum\/","title":{"rendered":"Impronta"},"content":{"rendered":"<div data-elementor-type=\"wp-page\" data-elementor-id=\"493\" class=\"elementor elementor-493\" data-elementor-post-type=\"page\">\n\t\t\t\t\t\t<section class=\"elementor-section elementor-top-section elementor-element elementor-element-6b5944b elementor-section-boxed elementor-section-height-default elementor-section-height-default\" data-id=\"6b5944b\" data-element_type=\"section\" data-e-type=\"section\">\n\t\t\t\t\t\t<div class=\"elementor-container elementor-column-gap-default\">\n\t\t\t\t\t<div class=\"elementor-column elementor-col-100 elementor-top-column elementor-element elementor-element-3094430\" data-id=\"3094430\" data-element_type=\"column\" data-e-type=\"column\">\n\t\t\t<div class=\"elementor-widget-wrap elementor-element-populated\">\n\t\t\t\t\t\t<div class=\"elementor-element elementor-element-7e93d2f elementor-widget elementor-widget-heading\" data-id=\"7e93d2f\" data-element_type=\"widget\" data-e-type=\"widget\" data-widget_type=\"heading.default\">\n\t\t\t\t<div class=\"elementor-widget-container\">\n\t\t\t\t\t<h2 class=\"elementor-heading-title elementor-size-default\">IMPRONTA<\/h2>\t\t\t\t<\/div>\n\t\t\t\t<\/div>\n\t\t\t\t\t<\/div>\n\t\t<\/div>\n\t\t\t\t\t<\/div>\n\t\t<\/section>\n\t\t\t\t<section class=\"elementor-section elementor-top-section elementor-element elementor-element-8ff72d elementor-section-boxed elementor-section-height-default elementor-section-height-default\" data-id=\"8ff72d\" data-element_type=\"section\" data-e-type=\"section\">\n\t\t\t\t\t\t<div class=\"elementor-container elementor-column-gap-default\">\n\t\t\t\t\t<div class=\"elementor-column elementor-col-100 elementor-top-column elementor-element elementor-element-4d7be6f5\" data-id=\"4d7be6f5\" data-element_type=\"column\" data-e-type=\"column\">\n\t\t\t<div class=\"elementor-widget-wrap elementor-element-populated\">\n\t\t\t\t\t\t<div class=\"elementor-element elementor-element-18a1fd0f elementor-widget elementor-widget-text-editor\" data-id=\"18a1fd0f\" data-element_type=\"widget\" data-e-type=\"widget\" data-widget_type=\"text-editor.default\">\n\t\t\t\t<div class=\"elementor-widget-container\">\n\t\t\t\t\t\t\t\t\t<p><!-- \/wp:heading --><\/p>\n<h3>Informazioni ai sensi del \u00a7 5 DDG<\/h3>\n<p>Ador Dental GmbH<br \/>Al J\u00e4gerhof 2<br \/>40724 Hilden<\/p>\n<h3>Rappresentato da<\/h3>\n<p>Gestione<br \/>B. A. Christopher Morboga<br \/>Tobias Mehwitz<\/p>\n<h3>Contatta<\/h3>\n<p>Telefono: 02103 986630<br \/>Fax: 02103 986650<br \/>E-mail: kontakt@ador-dental.de<\/p>\n<h3>Iscrizione al registro<\/h3>\n<p>Iscrizione nel registro delle imprese.<br \/>Tribunale del registro: D\u00fcsseldorf<br \/>Numero di registrazione: HRB 45961<\/p>\n<h3>Imposta sul valore aggiunto<\/h3>\n<p>Numero di identificazione dell'imposta sulle vendite secondo il \u00a727 a Umsatzsteuergesetz:<br \/>DE 811664518<\/p>\n<h3>Risoluzione delle controversie<\/h3>\n<p>La Commissione europea fornisce una piattaforma per la risoluzione delle controversie online (ODR):\u00a0<a href=\"https:\/\/ec.europa.eu\/consumers\/odr\" target=\"_blank\" rel=\"noopener noreferrer\">https:\/\/ec.europa.eu\/consumers\/odr<\/a>.<br \/>Potete trovare il nostro indirizzo e-mail nell'impronta qui sopra.<\/p>\n<p>Non siamo disposti o obbligati a partecipare a un procedimento di risoluzione delle controversie davanti a una commissione di arbitrato dei consumatori.<\/p>\n<h3>Responsabilit\u00e0 per i contenuti<\/h3>\n<p>In qualit\u00e0 di fornitore di servizi, siamo responsabili dei nostri contenuti su queste pagine ai sensi dell'art. 7 (1) DDG e della legislazione generale. Tuttavia, ai sensi dei \u00a7\u00a7 8-10 DDG, in qualit\u00e0 di fornitore di servizi non siamo obbligati a controllare le informazioni trasmesse o memorizzate da terzi o a indagare su circostanze che indicano un'attivit\u00e0 illegale.<\/p>\n<p>Gli obblighi di rimuovere o bloccare l'uso di informazioni in conformit\u00e0 con le leggi generali rimangono inalterati da questo. Tuttavia, la responsabilit\u00e0 in questo senso \u00e8 possibile solo dal momento della conoscenza di una violazione concreta. Se veniamo a conoscenza di violazioni corrispondenti, rimuoveremo immediatamente questi contenuti.<\/p>\n<h3>Responsabilit\u00e0 per i link<\/h3>\n<p>La nostra offerta contiene link a siti web esterni di terzi, sui cui contenuti non abbiamo alcuna influenza. Pertanto, non possiamo assumere alcuna responsabilit\u00e0 per questi contenuti esterni. Il rispettivo fornitore o operatore delle pagine \u00e8 sempre responsabile del contenuto delle pagine collegate. Le pagine collegate sono state controllate per eventuali violazioni legali al momento del collegamento. I contenuti illegali non erano riconoscibili al momento del collegamento.<\/p>\n<p>Tuttavia, un controllo permanente dei contenuti delle pagine collegate non \u00e8 ragionevole senza prove concrete di una violazione della legge. Se veniamo a conoscenza di violazioni della legge, rimuoveremo immediatamente tali link.<\/p>\n<h3>Copyright<\/h3>\n<p>I contenuti e i lavori creati dagli operatori del sito su queste pagine sono soggetti al diritto d'autore tedesco. La duplicazione, l'elaborazione, la distribuzione e qualsiasi tipo di sfruttamento al di fuori dei limiti della legge sul copyright richiedono il consenso scritto del rispettivo autore o creatore. I download e le copie di questo sito sono consentiti solo per uso privato e non commerciale.<\/p>\n<p>Nella misura in cui il contenuto di questa pagina non \u00e8 stato creato dall'operatore, i diritti d'autore di terzi sono rispettati. In particolare, i contenuti di terzi sono identificati come tali. Se tuttavia dovesse venire a conoscenza di una violazione del copyright, la preghiamo di informarci. Se veniamo a conoscenza di violazioni, rimuoveremo immediatamente tali contenuti.<\/p>\t\t\t\t\t\t\t\t<\/div>\n\t\t\t\t<\/div>\n\t\t\t\t\t<\/div>\n\t\t<\/div>\n\t\t\t\t\t<\/div>\n\t\t<\/section>\n\t\t\t\t<\/div>","protected":false},"excerpt":{"rendered":"<p>IMPRESSUM Angaben gem\u00e4\u00df \u00a7 5 DDG Ador Dental GmbHZum J\u00e4gerhof 240724 Hilden Vertreten durch Gesch\u00e4ftsf\u00fchrungB. A. Christopher MorbogaTobias Mehwitz Kontakt Telefon: 02103 986630Telefax: 02103 986650E-Mail: kontakt@ador-dental.de Registereintrag Eintragung im Handelsregister.Registergericht: D\u00fcsseldorfRegisternummer: HRB 45961 Umsatzsteuer Umsatzsteuer-Identifikationsnummer gem\u00e4\u00df \u00a727 a Umsatzsteuergesetz:DE 811664518 Streitschlichtung Die Europ\u00e4ische Kommission stellt eine Plattform zur Online-Streitbeilegung (OS) bereit:\u00a0https:\/\/ec.europa.eu\/consumers\/odr.Unsere E-Mail-Adresse finden Sie oben&hellip;&nbsp;<a href=\"https:\/\/www.ador-dental.de\/it\/impressum\/\" rel=\"bookmark\">Leggi tutto \"<span class=\"screen-reader-text\">Impronta<\/span><\/a><\/p>","protected":false},"author":1,"featured_media":0,"parent":0,"menu_order":0,"comment_status":"closed","ping_status":"closed","template":"","meta":{"neve_meta_sidebar":"","neve_meta_container":"","neve_meta_enable_content_width":"off","neve_meta_content_width":0,"neve_meta_title_alignment":"","neve_meta_author_avatar":"","neve_post_elements_order":"","neve_meta_disable_header":"","neve_meta_disable_footer":"","neve_meta_disable_title":"on","_themeisle_gutenberg_block_has_review":false,"footnotes":""},"class_list":["post-493","page","type-page","status-publish","hentry"],"yoast_head":"<!-- This site is optimized with the Yoast SEO plugin v27.4 - https:\/\/yoast.com\/product\/yoast-seo-wordpress\/ -->\n<title>Impressum - Ador Dental GmbH<\/title>\n<meta name=\"robots\" content=\"index, follow, max-snippet:-1, max-image-preview:large, max-video-preview:-1\" \/>\n<link rel=\"canonical\" href=\"https:\/\/www.ador-dental.de\/it\/impressum\/\" \/>\n<meta property=\"og:locale\" content=\"it_IT\" \/>\n<meta property=\"og:type\" content=\"article\" \/>\n<meta property=\"og:title\" content=\"Impressum - Ador Dental GmbH\" \/>\n<meta property=\"og:description\" content=\"IMPRESSUM Angaben gem\u00e4\u00df \u00a7 5 DDG Ador Dental GmbHZum J\u00e4gerhof 240724 Hilden Vertreten durch Gesch\u00e4ftsf\u00fchrungB. A. Christopher MorbogaTobias Mehwitz Kontakt Telefon: 02103 986630Telefax: 02103 986650E-Mail: kontakt@ador-dental.de Registereintrag Eintragung im Handelsregister.Registergericht: D\u00fcsseldorfRegisternummer: HRB 45961 Umsatzsteuer Umsatzsteuer-Identifikationsnummer gem\u00e4\u00df \u00a727 a Umsatzsteuergesetz:DE 811664518 Streitschlichtung Die Europ\u00e4ische Kommission stellt eine Plattform zur Online-Streitbeilegung (OS) bereit:\u00a0https:\/\/ec.europa.eu\/consumers\/odr.Unsere E-Mail-Adresse finden Sie oben&hellip;&nbsp;Leggi tutto &raquo;Impressum\" \/>\n<meta property=\"og:url\" content=\"https:\/\/www.ador-dental.de\/it\/impressum\/\" \/>\n<meta property=\"og:site_name\" content=\"Ador Dental GmbH\" \/>\n<meta property=\"article:modified_time\" content=\"2024-11-29T13:53:47+00:00\" \/>\n<meta name=\"twitter:card\" content=\"summary_large_image\" \/>\n<meta name=\"twitter:label1\" content=\"Tempo di lettura stimato\" \/>\n\t<meta name=\"twitter:data1\" content=\"2 minuti\" \/>\n<script type=\"application\/ld+json\" class=\"yoast-schema-graph\">{\"@context\":\"https:\\\/\\\/schema.org\",\"@graph\":[{\"@type\":\"WebPage\",\"@id\":\"https:\\\/\\\/www.ador-dental.de\\\/impressum\\\/\",\"url\":\"https:\\\/\\\/www.ador-dental.de\\\/impressum\\\/\",\"name\":\"Impressum - Ador Dental GmbH\",\"isPartOf\":{\"@id\":\"https:\\\/\\\/www.ador-dental.de\\\/en\\\/#website\"},\"datePublished\":\"2019-12-10T07:56:03+00:00\",\"dateModified\":\"2024-11-29T13:53:47+00:00\",\"breadcrumb\":{\"@id\":\"https:\\\/\\\/www.ador-dental.de\\\/impressum\\\/#breadcrumb\"},\"inLanguage\":\"it-IT\",\"potentialAction\":[{\"@type\":\"ReadAction\",\"target\":[\"https:\\\/\\\/www.ador-dental.de\\\/impressum\\\/\"]}]},{\"@type\":\"BreadcrumbList\",\"@id\":\"https:\\\/\\\/www.ador-dental.de\\\/impressum\\\/#breadcrumb\",\"itemListElement\":[{\"@type\":\"ListItem\",\"position\":1,\"name\":\"Startseite\",\"item\":\"https:\\\/\\\/www.ador-dental.de\\\/\"},{\"@type\":\"ListItem\",\"position\":2,\"name\":\"Impressum\"}]},{\"@type\":\"WebSite\",\"@id\":\"https:\\\/\\\/www.ador-dental.de\\\/en\\\/#website\",\"url\":\"https:\\\/\\\/www.ador-dental.de\\\/en\\\/\",\"name\":\"Ador Dental GmbH\",\"description\":\"\",\"publisher\":{\"@id\":\"https:\\\/\\\/www.ador-dental.de\\\/en\\\/#organization\"},\"potentialAction\":[{\"@type\":\"SearchAction\",\"target\":{\"@type\":\"EntryPoint\",\"urlTemplate\":\"https:\\\/\\\/www.ador-dental.de\\\/en\\\/?s={search_term_string}\"},\"query-input\":{\"@type\":\"PropertyValueSpecification\",\"valueRequired\":true,\"valueName\":\"search_term_string\"}}],\"inLanguage\":\"it-IT\"},{\"@type\":\"Organization\",\"@id\":\"https:\\\/\\\/www.ador-dental.de\\\/en\\\/#organization\",\"name\":\"Ador Dental GmbH\",\"url\":\"https:\\\/\\\/www.ador-dental.de\\\/en\\\/\",\"logo\":{\"@type\":\"ImageObject\",\"inLanguage\":\"it-IT\",\"@id\":\"https:\\\/\\\/www.ador-dental.de\\\/en\\\/#\\\/schema\\\/logo\\\/image\\\/\",\"url\":\"https:\\\/\\\/www.ador-dental.de\\\/wp-content\\\/uploads\\\/2021\\\/10\\\/ADOR_Logo_DentalSolutions_2020_Black.svg\",\"contentUrl\":\"https:\\\/\\\/www.ador-dental.de\\\/wp-content\\\/uploads\\\/2021\\\/10\\\/ADOR_Logo_DentalSolutions_2020_Black.svg\",\"width\":678,\"height\":261,\"caption\":\"Ador Dental GmbH\"},\"image\":{\"@id\":\"https:\\\/\\\/www.ador-dental.de\\\/en\\\/#\\\/schema\\\/logo\\\/image\\\/\"}}]}<\/script>\n<!-- \/ Yoast SEO plugin. -->","yoast_head_json":{"title":"Impressum - Ador Dental GmbH","robots":{"index":"index","follow":"follow","max-snippet":"max-snippet:-1","max-image-preview":"max-image-preview:large","max-video-preview":"max-video-preview:-1"},"canonical":"https:\/\/www.ador-dental.de\/it\/impressum\/","og_locale":"it_IT","og_type":"article","og_title":"Impressum - Ador Dental GmbH","og_description":"IMPRESSUM Angaben gem\u00e4\u00df \u00a7 5 DDG Ador Dental GmbHZum J\u00e4gerhof 240724 Hilden Vertreten durch Gesch\u00e4ftsf\u00fchrungB. A. Christopher MorbogaTobias Mehwitz Kontakt Telefon: 02103 986630Telefax: 02103 986650E-Mail: kontakt@ador-dental.de Registereintrag Eintragung im Handelsregister.Registergericht: D\u00fcsseldorfRegisternummer: HRB 45961 Umsatzsteuer Umsatzsteuer-Identifikationsnummer gem\u00e4\u00df \u00a727 a Umsatzsteuergesetz:DE 811664518 Streitschlichtung Die Europ\u00e4ische Kommission stellt eine Plattform zur Online-Streitbeilegung (OS) bereit:\u00a0https:\/\/ec.europa.eu\/consumers\/odr.Unsere E-Mail-Adresse finden Sie oben&hellip;&nbsp;Leggi tutto &raquo;Impressum","og_url":"https:\/\/www.ador-dental.de\/it\/impressum\/","og_site_name":"Ador Dental GmbH","article_modified_time":"2024-11-29T13:53:47+00:00","twitter_card":"summary_large_image","twitter_misc":{"Tempo di lettura stimato":"2 minuti"},"schema":{"@context":"https:\/\/schema.org","@graph":[{"@type":"WebPage","@id":"https:\/\/www.ador-dental.de\/impressum\/","url":"https:\/\/www.ador-dental.de\/impressum\/","name":"Impressum - Ador Dental GmbH","isPartOf":{"@id":"https:\/\/www.ador-dental.de\/en\/#website"},"datePublished":"2019-12-10T07:56:03+00:00","dateModified":"2024-11-29T13:53:47+00:00","breadcrumb":{"@id":"https:\/\/www.ador-dental.de\/impressum\/#breadcrumb"},"inLanguage":"it-IT","potentialAction":[{"@type":"ReadAction","target":["https:\/\/www.ador-dental.de\/impressum\/"]}]},{"@type":"BreadcrumbList","@id":"https:\/\/www.ador-dental.de\/impressum\/#breadcrumb","itemListElement":[{"@type":"ListItem","position":1,"name":"Startseite","item":"https:\/\/www.ador-dental.de\/"},{"@type":"ListItem","position":2,"name":"Impressum"}]},{"@type":"WebSite","@id":"https:\/\/www.ador-dental.de\/en\/#website","url":"https:\/\/www.ador-dental.de\/en\/","name":"Ador Dental GmbH","description":"","publisher":{"@id":"https:\/\/www.ador-dental.de\/en\/#organization"},"potentialAction":[{"@type":"SearchAction","target":{"@type":"EntryPoint","urlTemplate":"https:\/\/www.ador-dental.de\/en\/?s={search_term_string}"},"query-input":{"@type":"PropertyValueSpecification","valueRequired":true,"valueName":"search_term_string"}}],"inLanguage":"it-IT"},{"@type":"Organization","@id":"https:\/\/www.ador-dental.de\/en\/#organization","name":"Ador Dental GmbH","url":"https:\/\/www.ador-dental.de\/en\/","logo":{"@type":"ImageObject","inLanguage":"it-IT","@id":"https:\/\/www.ador-dental.de\/en\/#\/schema\/logo\/image\/","url":"https:\/\/www.ador-dental.de\/wp-content\/uploads\/2021\/10\/ADOR_Logo_DentalSolutions_2020_Black.svg","contentUrl":"https:\/\/www.ador-dental.de\/wp-content\/uploads\/2021\/10\/ADOR_Logo_DentalSolutions_2020_Black.svg","width":678,"height":261,"caption":"Ador Dental GmbH"},"image":{"@id":"https:\/\/www.ador-dental.de\/en\/#\/schema\/logo\/image\/"}}]}},"_links":{"self":[{"href":"https:\/\/www.ador-dental.de\/it\/wp-json\/wp\/v2\/pages\/493","targetHints":{"allow":["GET"]}}],"collection":[{"href":"https:\/\/www.ador-dental.de\/it\/wp-json\/wp\/v2\/pages"}],"about":[{"href":"https:\/\/www.ador-dental.de\/it\/wp-json\/wp\/v2\/types\/page"}],"author":[{"embeddable":true,"href":"https:\/\/www.ador-dental.de\/it\/wp-json\/wp\/v2\/users\/1"}],"replies":[{"embeddable":true,"href":"https:\/\/www.ador-dental.de\/it\/wp-json\/wp\/v2\/comments?post=493"}],"version-history":[{"count":18,"href":"https:\/\/www.ador-dental.de\/it\/wp-json\/wp\/v2\/pages\/493\/revisions"}],"predecessor-version":[{"id":29109,"href":"https:\/\/www.ador-dental.de\/it\/wp-json\/wp\/v2\/pages\/493\/revisions\/29109"}],"wp:attachment":[{"href":"https:\/\/www.ador-dental.de\/it\/wp-json\/wp\/v2\/media?parent=493"}],"curies":[{"name":"wp","href":"https:\/\/api.w.org\/{rel}","templated":true}]}}