{"id":12616,"date":"2020-09-18T16:18:57","date_gmt":"2020-09-18T14:18:57","guid":{"rendered":"https:\/\/new.ador-edelmetalle.de\/?page_id=12616"},"modified":"2020-09-18T16:48:29","modified_gmt":"2020-09-18T14:48:29","slug":"edelmetalle","status":"publish","type":"page","link":"https:\/\/www.ador-dental.de\/it\/edelmetalle\/","title":{"rendered":"Metalli preziosi"},"content":{"rendered":"<div data-elementor-type=\"wp-page\" data-elementor-id=\"12616\" class=\"elementor elementor-12616\" data-elementor-post-type=\"page\">\n\t\t\t\t\t\t<section class=\"elementor-section elementor-top-section elementor-element elementor-element-abd4d0d elementor-section-height-min-height elementor-section-stretched elementor-section-boxed elementor-section-height-default elementor-section-items-middle\" data-id=\"abd4d0d\" data-element_type=\"section\" data-e-type=\"section\" data-settings=\"{&quot;background_background&quot;:&quot;classic&quot;,&quot;stretch_section&quot;:&quot;section-stretched&quot;}\">\n\t\t\t\t\t\t\t<div class=\"elementor-background-overlay\"><\/div>\n\t\t\t\t\t\t\t<div class=\"elementor-container elementor-column-gap-default\">\n\t\t\t\t\t<div class=\"elementor-column elementor-col-100 elementor-top-column elementor-element elementor-element-b7b6212\" data-id=\"b7b6212\" data-element_type=\"column\" data-e-type=\"column\">\n\t\t\t<div class=\"elementor-widget-wrap elementor-element-populated\">\n\t\t\t\t\t\t<section class=\"elementor-section elementor-inner-section elementor-element elementor-element-2fbfa13 elementor-section-boxed elementor-section-height-default elementor-section-height-default\" data-id=\"2fbfa13\" data-element_type=\"section\" data-e-type=\"section\">\n\t\t\t\t\t\t<div class=\"elementor-container elementor-column-gap-default\">\n\t\t\t\t\t<div class=\"elementor-column elementor-col-100 elementor-inner-column elementor-element elementor-element-037e52b\" data-id=\"037e52b\" data-element_type=\"column\" data-e-type=\"column\">\n\t\t\t<div class=\"elementor-widget-wrap elementor-element-populated\">\n\t\t\t\t\t\t<div class=\"elementor-element elementor-element-3f6108f elementor-widget elementor-widget-heading\" data-id=\"3f6108f\" data-element_type=\"widget\" data-e-type=\"widget\" data-widget_type=\"heading.default\">\n\t\t\t\t<div class=\"elementor-widget-container\">\n\t\t\t\t\t<h2 class=\"elementor-heading-title elementor-size-default\">I nostri metalli preziosi<\/h2>\t\t\t\t<\/div>\n\t\t\t\t<\/div>\n\t\t\t\t\t<\/div>\n\t\t<\/div>\n\t\t\t\t\t<\/div>\n\t\t<\/section>\n\t\t\t\t\t<\/div>\n\t\t<\/div>\n\t\t\t\t\t<\/div>\n\t\t<\/section>\n\t\t\t\t<section class=\"elementor-section elementor-top-section elementor-element elementor-element-b3d83b8 elementor-section-boxed elementor-section-height-default elementor-section-height-default\" data-id=\"b3d83b8\" data-element_type=\"section\" data-e-type=\"section\">\n\t\t\t\t\t\t<div class=\"elementor-container elementor-column-gap-default\">\n\t\t\t\t\t<div class=\"elementor-column elementor-col-100 elementor-top-column elementor-element elementor-element-f20f268\" data-id=\"f20f268\" data-element_type=\"column\" data-e-type=\"column\">\n\t\t\t<div class=\"elementor-widget-wrap elementor-element-populated\">\n\t\t\t\t\t\t<div class=\"elementor-element elementor-element-ffec732 elementor-widget elementor-widget-spacer\" data-id=\"ffec732\" data-element_type=\"widget\" data-e-type=\"widget\" data-widget_type=\"spacer.default\">\n\t\t\t\t<div class=\"elementor-widget-container\">\n\t\t\t\t\t\t\t<div class=\"elementor-spacer\">\n\t\t\t<div class=\"elementor-spacer-inner\"><\/div>\n\t\t<\/div>\n\t\t\t\t\t\t<\/div>\n\t\t\t\t<\/div>\n\t\t\t\t<div class=\"elementor-element elementor-element-e7da6c2 elementor-widget elementor-widget-heading\" data-id=\"e7da6c2\" data-element_type=\"widget\" data-e-type=\"widget\" data-widget_type=\"heading.default\">\n\t\t\t\t<div class=\"elementor-widget-container\">\n\t\t\t\t\t<h2 class=\"elementor-heading-title elementor-size-default\">I metalli preziosi come investimento<\/h2>\t\t\t\t<\/div>\n\t\t\t\t<\/div>\n\t\t\t\t<div class=\"elementor-element elementor-element-143e6ce elementor-widget elementor-widget-text-editor\" data-id=\"143e6ce\" data-element_type=\"widget\" data-e-type=\"widget\" data-widget_type=\"text-editor.default\">\n\t\t\t\t<div class=\"elementor-widget-container\">\n\t\t\t\t\t\t\t\t\t<p><strong>\"L'uccello mattiniero prende il verme\"<\/strong> - I mercati sono in fase di stagnazione, gli asset reali fluttuano e tutti cercano opportunit\u00e0 di protezione del capitale. Come dice il proverbio: \"Chi prima arriva meglio alloggia\", ma anche chi scava tardi ha gettato il seme. I metalli preziosi non svaniscono e, nonostante l'aumento dei prezzi, il loro valore aumenta.<\/p>\n<p>Siete alla ricerca di modi per proteggere i vostri beni? Abbiamo la soluzione al vostro problema. Avete mai pensato a un <strong>Protezione del valore attraverso l'acquisto di metalli preziosi<\/strong> ci ha pensato? Diventa subito un investitore rilassato e porta il tuo investimento in metalli preziosi a un piano di risparmio.<\/p>\n<p>Chi acquista un immobile oggi investe in una garanzia collaterale. La situazione \u00e8 simile a quella dei metalli preziosi. Se si osserva l'andamento del valore dei metalli preziosi negli ultimi anni, si nota un costante aumento del valore. Con gli investimenti in metalli preziosi, investite anche in voi stessi e nel vostro futuro. Il vostro grande vantaggio - con un valore crescente, <strong>profitto<\/strong> <strong>Tu con noi!<\/strong><\/p>\n<p>In particolare, con gli investimenti in metalli preziosi non esiste il concetto di \"troppo presto\" o \"troppo tardi\": anche se si perde l'aumento di valore, si evitano enormi perdite di valore grazie alla stabilit\u00e0 dei prezzi storicamente dimostrata dei metalli preziosi.<\/p>\n<p><strong>Assicuratevi subito il prezzo di mercato<\/strong><sup>*1)<\/sup><strong> Direttamente dal produttore con capacit\u00e0 di consegna garantita<\/strong>. Non \u00e8 tutto oro quello che luccica, fidatevi di quello vero.<\/p>\n<p><sup>*1)<\/sup> I prezzi di mercato sono costantemente aggiornati e si basano sulle quotazioni di borsa correnti. Prezzi solo su richiesta.<\/p>\t\t\t\t\t\t\t\t<\/div>\n\t\t\t\t<\/div>\n\t\t\t\t\t<\/div>\n\t\t<\/div>\n\t\t\t\t\t<\/div>\n\t\t<\/section>\n\t\t\t\t<section class=\"elementor-section elementor-top-section elementor-element elementor-element-f96e5ad elementor-section-boxed elementor-section-height-default elementor-section-height-default\" data-id=\"f96e5ad\" data-element_type=\"section\" data-e-type=\"section\">\n\t\t\t\t\t\t<div class=\"elementor-container elementor-column-gap-default\">\n\t\t\t\t\t<div class=\"elementor-column elementor-col-33 elementor-top-column elementor-element elementor-element-a7ccab8\" data-id=\"a7ccab8\" data-element_type=\"column\" data-e-type=\"column\">\n\t\t\t<div class=\"elementor-widget-wrap elementor-element-populated\">\n\t\t\t\t\t\t<div class=\"elementor-element elementor-element-63deeed elementor-align-center elementor-widget elementor-widget-button\" data-id=\"63deeed\" data-element_type=\"widget\" data-e-type=\"widget\" data-widget_type=\"button.default\">\n\t\t\t\t<div class=\"elementor-widget-container\">\n\t\t\t\t\t\t\t\t\t<div class=\"elementor-button-wrapper\">\n\t\t\t\t\t<a class=\"elementor-button elementor-button-link elementor-size-lg\" href=\"\/it\/categoria-prodotto\/ador-analog\/edelmetalle\/feingold\/\">\n\t\t\t\t\t\t<span class=\"elementor-button-content-wrapper\">\n\t\t\t\t\t\t\t\t\t<span class=\"elementor-button-text\">All'oro fino<\/span>\n\t\t\t\t\t<\/span>\n\t\t\t\t\t<\/a>\n\t\t\t\t<\/div>\n\t\t\t\t\t\t\t\t<\/div>\n\t\t\t\t<\/div>\n\t\t\t\t\t<\/div>\n\t\t<\/div>\n\t\t\t\t<div class=\"elementor-column elementor-col-33 elementor-top-column elementor-element elementor-element-617ae0d\" data-id=\"617ae0d\" data-element_type=\"column\" data-e-type=\"column\">\n\t\t\t<div class=\"elementor-widget-wrap elementor-element-populated\">\n\t\t\t\t\t\t<div class=\"elementor-element elementor-element-bd56dbe elementor-align-center elementor-widget elementor-widget-button\" data-id=\"bd56dbe\" data-element_type=\"widget\" data-e-type=\"widget\" data-widget_type=\"button.default\">\n\t\t\t\t<div class=\"elementor-widget-container\">\n\t\t\t\t\t\t\t\t\t<div class=\"elementor-button-wrapper\">\n\t\t\t\t\t<a class=\"elementor-button elementor-button-link elementor-size-lg\" href=\"\/it\/categoria-prodotto\/ador-analog\/edelmetalle\/feinsilber\/\">\n\t\t\t\t\t\t<span class=\"elementor-button-content-wrapper\">\n\t\t\t\t\t\t\t\t\t<span class=\"elementor-button-text\">All'argento fino<\/span>\n\t\t\t\t\t<\/span>\n\t\t\t\t\t<\/a>\n\t\t\t\t<\/div>\n\t\t\t\t\t\t\t\t<\/div>\n\t\t\t\t<\/div>\n\t\t\t\t\t<\/div>\n\t\t<\/div>\n\t\t\t\t<div class=\"elementor-column elementor-col-33 elementor-top-column elementor-element elementor-element-750493a\" data-id=\"750493a\" data-element_type=\"column\" data-e-type=\"column\">\n\t\t\t<div class=\"elementor-widget-wrap elementor-element-populated\">\n\t\t\t\t\t\t<div class=\"elementor-element elementor-element-1596e4e elementor-align-center elementor-widget elementor-widget-button\" data-id=\"1596e4e\" data-element_type=\"widget\" data-e-type=\"widget\" data-widget_type=\"button.default\">\n\t\t\t\t<div class=\"elementor-widget-container\">\n\t\t\t\t\t\t\t\t\t<div class=\"elementor-button-wrapper\">\n\t\t\t\t\t<a class=\"elementor-button elementor-button-link elementor-size-lg\" href=\"\/it\/categoria-prodotto\/ador-analog\/edelmetalle\/its-for-kids\/\">\n\t\t\t\t\t\t<span class=\"elementor-button-content-wrapper\">\n\t\t\t\t\t\t\t\t\t<span class=\"elementor-button-text\">\u00c8 per i bambini Metalli<\/span>\n\t\t\t\t\t<\/span>\n\t\t\t\t\t<\/a>\n\t\t\t\t<\/div>\n\t\t\t\t\t\t\t\t<\/div>\n\t\t\t\t<\/div>\n\t\t\t\t\t<\/div>\n\t\t<\/div>\n\t\t\t\t\t<\/div>\n\t\t<\/section>\n\t\t\t\t<\/div>","protected":false},"excerpt":{"rendered":"<p>Unsere Edelmetalle Edelmetalle als Wertanlage \u201eMorgenstund\u2018 hat Gold im Mund\u201c \u2013 Die M\u00e4rkte stagnieren, Sachwerte schwanken und jeder sucht nach Kapitalsicherungsm\u00f6glichkeiten. Im Volksmund sagt man: \u201eDer fr\u00fche Vogel f\u00e4ngt den Wurm\u201c, aber auch wer sp\u00e4t noch gr\u00e4bt hat die Saat ges\u00e4t. Edelmetalle vergehen nicht und auch trotz steigender Preise der Wert steigt mit. Sie suchen&hellip;&nbsp;<a href=\"https:\/\/www.ador-dental.de\/it\/edelmetalle\/\" rel=\"bookmark\">Leggi tutto \"<span class=\"screen-reader-text\">Metalli preziosi<\/span><\/a><\/p>","protected":false},"author":1,"featured_media":0,"parent":0,"menu_order":0,"comment_status":"closed","ping_status":"closed","template":"","meta":{"neve_meta_sidebar":"full-width","neve_meta_container":"","neve_meta_enable_content_width":"on","neve_meta_content_width":100,"neve_meta_title_alignment":"","neve_meta_author_avatar":"","neve_post_elements_order":"","neve_meta_disable_header":"","neve_meta_disable_footer":"","neve_meta_disable_title":"on","_themeisle_gutenberg_block_has_review":false,"footnotes":""},"class_list":["post-12616","page","type-page","status-publish","hentry"],"yoast_head":"<!-- This site is optimized with the Yoast SEO plugin v27.5 - https:\/\/yoast.com\/product\/yoast-seo-wordpress\/ -->\n<title>Edelmetalle - Ador Dental GmbH<\/title>\n<meta name=\"robots\" content=\"index, follow, max-snippet:-1, max-image-preview:large, max-video-preview:-1\" \/>\n<link rel=\"canonical\" href=\"https:\/\/www.ador-dental.de\/it\/edelmetalle\/\" \/>\n<meta property=\"og:locale\" content=\"it_IT\" \/>\n<meta property=\"og:type\" content=\"article\" \/>\n<meta property=\"og:title\" content=\"Edelmetalle - Ador Dental GmbH\" \/>\n<meta property=\"og:description\" content=\"Unsere Edelmetalle Edelmetalle als Wertanlage \u201eMorgenstund\u2018 hat Gold im Mund\u201c \u2013 Die M\u00e4rkte stagnieren, Sachwerte schwanken und jeder sucht nach Kapitalsicherungsm\u00f6glichkeiten. Im Volksmund sagt man: \u201eDer fr\u00fche Vogel f\u00e4ngt den Wurm\u201c, aber auch wer sp\u00e4t noch gr\u00e4bt hat die Saat ges\u00e4t. Edelmetalle vergehen nicht und auch trotz steigender Preise der Wert steigt mit. Sie suchen&hellip;&nbsp;Leggi tutto &raquo;Edelmetalle\" \/>\n<meta property=\"og:url\" content=\"https:\/\/www.ador-dental.de\/it\/edelmetalle\/\" \/>\n<meta property=\"og:site_name\" content=\"Ador Dental GmbH\" \/>\n<meta property=\"article:modified_time\" content=\"2020-09-18T14:48:29+00:00\" \/>\n<meta name=\"twitter:card\" content=\"summary_large_image\" \/>\n<meta name=\"twitter:label1\" content=\"Tempo di lettura stimato\" \/>\n\t<meta name=\"twitter:data1\" content=\"1 minuto\" \/>\n<script type=\"application\/ld+json\" class=\"yoast-schema-graph\">{\"@context\":\"https:\\\/\\\/schema.org\",\"@graph\":[{\"@type\":\"WebPage\",\"@id\":\"https:\\\/\\\/www.ador-dental.de\\\/fr\\\/edelmetalle\\\/\",\"url\":\"https:\\\/\\\/www.ador-dental.de\\\/fr\\\/edelmetalle\\\/\",\"name\":\"Edelmetalle - Ador Dental GmbH\",\"isPartOf\":{\"@id\":\"https:\\\/\\\/www.ador-dental.de\\\/en\\\/#website\"},\"datePublished\":\"2020-09-18T14:18:57+00:00\",\"dateModified\":\"2020-09-18T14:48:29+00:00\",\"breadcrumb\":{\"@id\":\"https:\\\/\\\/www.ador-dental.de\\\/fr\\\/edelmetalle\\\/#breadcrumb\"},\"inLanguage\":\"it-IT\",\"potentialAction\":[{\"@type\":\"ReadAction\",\"target\":[\"https:\\\/\\\/www.ador-dental.de\\\/fr\\\/edelmetalle\\\/\"]}]},{\"@type\":\"BreadcrumbList\",\"@id\":\"https:\\\/\\\/www.ador-dental.de\\\/fr\\\/edelmetalle\\\/#breadcrumb\",\"itemListElement\":[{\"@type\":\"ListItem\",\"position\":1,\"name\":\"Startseite\",\"item\":\"https:\\\/\\\/www.ador-dental.de\\\/\"},{\"@type\":\"ListItem\",\"position\":2,\"name\":\"Edelmetalle\"}]},{\"@type\":\"WebSite\",\"@id\":\"https:\\\/\\\/www.ador-dental.de\\\/en\\\/#website\",\"url\":\"https:\\\/\\\/www.ador-dental.de\\\/en\\\/\",\"name\":\"Ador Dental GmbH\",\"description\":\"\",\"publisher\":{\"@id\":\"https:\\\/\\\/www.ador-dental.de\\\/en\\\/#organization\"},\"potentialAction\":[{\"@type\":\"SearchAction\",\"target\":{\"@type\":\"EntryPoint\",\"urlTemplate\":\"https:\\\/\\\/www.ador-dental.de\\\/en\\\/?s={search_term_string}\"},\"query-input\":{\"@type\":\"PropertyValueSpecification\",\"valueRequired\":true,\"valueName\":\"search_term_string\"}}],\"inLanguage\":\"it-IT\"},{\"@type\":\"Organization\",\"@id\":\"https:\\\/\\\/www.ador-dental.de\\\/en\\\/#organization\",\"name\":\"Ador Dental GmbH\",\"url\":\"https:\\\/\\\/www.ador-dental.de\\\/en\\\/\",\"logo\":{\"@type\":\"ImageObject\",\"inLanguage\":\"it-IT\",\"@id\":\"https:\\\/\\\/www.ador-dental.de\\\/en\\\/#\\\/schema\\\/logo\\\/image\\\/\",\"url\":\"https:\\\/\\\/www.ador-dental.de\\\/wp-content\\\/uploads\\\/2021\\\/10\\\/ADOR_Logo_DentalSolutions_2020_Black.svg\",\"contentUrl\":\"https:\\\/\\\/www.ador-dental.de\\\/wp-content\\\/uploads\\\/2021\\\/10\\\/ADOR_Logo_DentalSolutions_2020_Black.svg\",\"width\":678,\"height\":261,\"caption\":\"Ador Dental GmbH\"},\"image\":{\"@id\":\"https:\\\/\\\/www.ador-dental.de\\\/en\\\/#\\\/schema\\\/logo\\\/image\\\/\"}}]}<\/script>\n<!-- \/ Yoast SEO plugin. -->","yoast_head_json":{"title":"Edelmetalle - Ador Dental GmbH","robots":{"index":"index","follow":"follow","max-snippet":"max-snippet:-1","max-image-preview":"max-image-preview:large","max-video-preview":"max-video-preview:-1"},"canonical":"https:\/\/www.ador-dental.de\/it\/edelmetalle\/","og_locale":"it_IT","og_type":"article","og_title":"Edelmetalle - Ador Dental GmbH","og_description":"Unsere Edelmetalle Edelmetalle als Wertanlage \u201eMorgenstund\u2018 hat Gold im Mund\u201c \u2013 Die M\u00e4rkte stagnieren, Sachwerte schwanken und jeder sucht nach Kapitalsicherungsm\u00f6glichkeiten. Im Volksmund sagt man: \u201eDer fr\u00fche Vogel f\u00e4ngt den Wurm\u201c, aber auch wer sp\u00e4t noch gr\u00e4bt hat die Saat ges\u00e4t. Edelmetalle vergehen nicht und auch trotz steigender Preise der Wert steigt mit. Sie suchen&hellip;&nbsp;Leggi tutto &raquo;Edelmetalle","og_url":"https:\/\/www.ador-dental.de\/it\/edelmetalle\/","og_site_name":"Ador Dental GmbH","article_modified_time":"2020-09-18T14:48:29+00:00","twitter_card":"summary_large_image","twitter_misc":{"Tempo di lettura stimato":"1 minuto"},"schema":{"@context":"https:\/\/schema.org","@graph":[{"@type":"WebPage","@id":"https:\/\/www.ador-dental.de\/fr\/edelmetalle\/","url":"https:\/\/www.ador-dental.de\/fr\/edelmetalle\/","name":"Edelmetalle - Ador Dental GmbH","isPartOf":{"@id":"https:\/\/www.ador-dental.de\/en\/#website"},"datePublished":"2020-09-18T14:18:57+00:00","dateModified":"2020-09-18T14:48:29+00:00","breadcrumb":{"@id":"https:\/\/www.ador-dental.de\/fr\/edelmetalle\/#breadcrumb"},"inLanguage":"it-IT","potentialAction":[{"@type":"ReadAction","target":["https:\/\/www.ador-dental.de\/fr\/edelmetalle\/"]}]},{"@type":"BreadcrumbList","@id":"https:\/\/www.ador-dental.de\/fr\/edelmetalle\/#breadcrumb","itemListElement":[{"@type":"ListItem","position":1,"name":"Startseite","item":"https:\/\/www.ador-dental.de\/"},{"@type":"ListItem","position":2,"name":"Edelmetalle"}]},{"@type":"WebSite","@id":"https:\/\/www.ador-dental.de\/en\/#website","url":"https:\/\/www.ador-dental.de\/en\/","name":"Ador Dental GmbH","description":"","publisher":{"@id":"https:\/\/www.ador-dental.de\/en\/#organization"},"potentialAction":[{"@type":"SearchAction","target":{"@type":"EntryPoint","urlTemplate":"https:\/\/www.ador-dental.de\/en\/?s={search_term_string}"},"query-input":{"@type":"PropertyValueSpecification","valueRequired":true,"valueName":"search_term_string"}}],"inLanguage":"it-IT"},{"@type":"Organization","@id":"https:\/\/www.ador-dental.de\/en\/#organization","name":"Ador Dental GmbH","url":"https:\/\/www.ador-dental.de\/en\/","logo":{"@type":"ImageObject","inLanguage":"it-IT","@id":"https:\/\/www.ador-dental.de\/en\/#\/schema\/logo\/image\/","url":"https:\/\/www.ador-dental.de\/wp-content\/uploads\/2021\/10\/ADOR_Logo_DentalSolutions_2020_Black.svg","contentUrl":"https:\/\/www.ador-dental.de\/wp-content\/uploads\/2021\/10\/ADOR_Logo_DentalSolutions_2020_Black.svg","width":678,"height":261,"caption":"Ador Dental GmbH"},"image":{"@id":"https:\/\/www.ador-dental.de\/en\/#\/schema\/logo\/image\/"}}]}},"_links":{"self":[{"href":"https:\/\/www.ador-dental.de\/it\/wp-json\/wp\/v2\/pages\/12616","targetHints":{"allow":["GET"]}}],"collection":[{"href":"https:\/\/www.ador-dental.de\/it\/wp-json\/wp\/v2\/pages"}],"about":[{"href":"https:\/\/www.ador-dental.de\/it\/wp-json\/wp\/v2\/types\/page"}],"author":[{"embeddable":true,"href":"https:\/\/www.ador-dental.de\/it\/wp-json\/wp\/v2\/users\/1"}],"replies":[{"embeddable":true,"href":"https:\/\/www.ador-dental.de\/it\/wp-json\/wp\/v2\/comments?post=12616"}],"version-history":[{"count":0,"href":"https:\/\/www.ador-dental.de\/it\/wp-json\/wp\/v2\/pages\/12616\/revisions"}],"wp:attachment":[{"href":"https:\/\/www.ador-dental.de\/it\/wp-json\/wp\/v2\/media?parent=12616"}],"curies":[{"name":"wp","href":"https:\/\/api.w.org\/{rel}","templated":true}]}}