{"id":9363,"date":"2020-07-20T15:17:38","date_gmt":"2020-07-20T13:17:38","guid":{"rendered":"https:\/\/new.ador-edelmetalle.de\/?post_type=product&#038;p=9363"},"modified":"2023-07-17T13:44:59","modified_gmt":"2023-07-17T11:44:59","slug":"adorprint-gt-sonic-3d-ultraschallreiniger-3l","status":"publish","type":"product","link":"https:\/\/www.ador-dental.de\/fr\/produit\/adorprint-gt-sonic-3d-ultraschallreiniger-3l\/","title":{"rendered":"ADOR SONIC-3D Appareil de nettoyage \u00e0 ultrasons"},"content":{"rendered":"<p>Un nettoyage minutieux des objets \u00e0 imprimer a une grande influence sur la surface et la pr\u00e9cision des objets imprim\u00e9s.<\/p>\n<p>Le site <strong>Appareil \u00e0 ultrasons<\/strong> avec possibilit\u00e9 de r\u00e9glage num\u00e9rique de la temp\u00e9rature et du temps, \u00e9limine le plastique en exc\u00e8s m\u00eame dans les zones difficiles d'acc\u00e8s, garantissant ainsi une surface lisse et riche en d\u00e9tails.<\/p>\n<p><strong>- Commande tactile et affichage num\u00e9rique<\/strong><br \/>\n<strong>- Contr\u00f4le de la temp\u00e9rature et de l'heure<\/strong><br \/>\n<strong>- Contr\u00f4le de l'intensit\u00e9 des ultrasons<\/strong><br \/>\n<strong>- PRIX DE VENTE CONSEILL\u00c9 : 299,00\u20ac.<\/strong><\/p>\n<p><strong>Donn\u00e9es techniques<\/strong><\/p>\n<p>Volume du r\u00e9servoir 3 litres<br \/>\nDimensions du r\u00e9servoir 240x140x100 (LxlxH en mm)<br \/>\nDimensions de l'appareil 275x170x240 (LxlxH en mm)<br \/>\nPuissance de nettoyage 120W<br \/>\nPuissance de chauffage 100W<\/p>","protected":false},"excerpt":{"rendered":"<p>Nettoyeur \u00e0 ultrasons avec fonction Degas, deux niveaux d'intensit\u00e9 et contr\u00f4le num\u00e9rique de la temp\u00e9rature et de la dur\u00e9e - L'outil universel pour les laboratoires et les cabinets m\u00e9dicaux.<\/p>","protected":false},"featured_media":11808,"comment_status":"open","ping_status":"closed","template":"","meta":{"neve_meta_sidebar":"","neve_meta_container":"","neve_meta_enable_content_width":"off","neve_meta_content_width":70,"neve_meta_title_alignment":"","neve_meta_author_avatar":"","neve_post_elements_order":"","neve_meta_disable_header":"","neve_meta_disable_footer":"","neve_meta_disable_title":"","_themeisle_gutenberg_block_has_review":false},"product_brand":[],"product_cat":[212,439,378],"product_tag":[434],"class_list":{"0":"post-9363","1":"product","2":"type-product","3":"status-publish","4":"has-post-thumbnail","6":"product_cat-adorprint","7":"product_cat-ultraschallreiniger","8":"product_cat-zusatzprodukte-3d-drucker-3d-druck","9":"product_tag-dentalheld","11":"first","12":"instock","13":"taxable","14":"shipping-taxable","15":"purchasable","16":"product-type-simple"},"yoast_head":"<!-- This site is optimized with the Yoast SEO plugin v27.4 - https:\/\/yoast.com\/product\/yoast-seo-wordpress\/ -->\n<title>ADOR SONIC-3D Ultraschallreinigungsger\u00e4t - Ador Dental GmbH<\/title>\n<meta name=\"description\" content=\"Das Ultraschall-Ger\u00e4t mit digitaler Einstellm\u00f6glichkeit der Temperatur und Zeit entfernt \u00fcbersch\u00fcssigen Kunststoff auch an schwer zug\u00e4nglichen Bereichen\" \/>\n<meta name=\"robots\" content=\"index, follow, max-snippet:-1, max-image-preview:large, max-video-preview:-1\" \/>\n<link rel=\"canonical\" href=\"https:\/\/www.ador-dental.de\/fr\/produit\/adorprint-gt-sonic-3d-ultraschallreiniger-3l\/\" \/>\n<meta property=\"og:locale\" content=\"fr_FR\" \/>\n<meta property=\"og:type\" content=\"article\" \/>\n<meta property=\"og:title\" content=\"ADOR SONIC-3D Ultraschallreinigungsger\u00e4t - Ador Dental GmbH\" \/>\n<meta property=\"og:description\" content=\"Das Ultraschall-Ger\u00e4t mit digitaler Einstellm\u00f6glichkeit der Temperatur und Zeit entfernt \u00fcbersch\u00fcssigen Kunststoff auch an schwer zug\u00e4nglichen Bereichen\" \/>\n<meta property=\"og:url\" content=\"https:\/\/www.ador-dental.de\/fr\/produit\/adorprint-gt-sonic-3d-ultraschallreiniger-3l\/\" \/>\n<meta property=\"og:site_name\" content=\"Ador Dental GmbH\" \/>\n<meta property=\"article:modified_time\" content=\"2023-07-17T11:44:59+00:00\" \/>\n<meta property=\"og:image\" content=\"https:\/\/www.ador-dental.de\/wp-content\/uploads\/2020\/07\/Bildschirmfoto-2020-09-08-um-08.54.49.png\" \/>\n\t<meta property=\"og:image:width\" content=\"800\" \/>\n\t<meta property=\"og:image:height\" content=\"800\" \/>\n\t<meta property=\"og:image:type\" content=\"image\/png\" \/>\n<meta name=\"twitter:card\" content=\"summary_large_image\" \/>\n<script type=\"application\/ld+json\" class=\"yoast-schema-graph\">{\"@context\":\"https:\\\/\\\/schema.org\",\"@graph\":[{\"@type\":\"WebPage\",\"@id\":\"https:\\\/\\\/www.ador-dental.de\\\/produkt\\\/adorprint-gt-sonic-3d-ultraschallreiniger-3l\\\/\",\"url\":\"https:\\\/\\\/www.ador-dental.de\\\/produkt\\\/adorprint-gt-sonic-3d-ultraschallreiniger-3l\\\/\",\"name\":\"ADOR SONIC-3D Ultraschallreinigungsger\u00e4t - Ador Dental GmbH\",\"isPartOf\":{\"@id\":\"https:\\\/\\\/www.ador-dental.de\\\/en\\\/#website\"},\"primaryImageOfPage\":{\"@id\":\"https:\\\/\\\/www.ador-dental.de\\\/produkt\\\/adorprint-gt-sonic-3d-ultraschallreiniger-3l\\\/#primaryimage\"},\"image\":{\"@id\":\"https:\\\/\\\/www.ador-dental.de\\\/produkt\\\/adorprint-gt-sonic-3d-ultraschallreiniger-3l\\\/#primaryimage\"},\"thumbnailUrl\":\"https:\\\/\\\/www.ador-dental.de\\\/wp-content\\\/uploads\\\/2020\\\/07\\\/Bildschirmfoto-2020-09-08-um-08.54.49.png\",\"datePublished\":\"2020-07-20T13:17:38+00:00\",\"dateModified\":\"2023-07-17T11:44:59+00:00\",\"description\":\"Das Ultraschall-Ger\u00e4t mit digitaler Einstellm\u00f6glichkeit der Temperatur und Zeit entfernt \u00fcbersch\u00fcssigen Kunststoff auch an schwer zug\u00e4nglichen Bereichen\",\"breadcrumb\":{\"@id\":\"https:\\\/\\\/www.ador-dental.de\\\/produkt\\\/adorprint-gt-sonic-3d-ultraschallreiniger-3l\\\/#breadcrumb\"},\"inLanguage\":\"fr-FR\",\"potentialAction\":[{\"@type\":\"ReadAction\",\"target\":[\"https:\\\/\\\/www.ador-dental.de\\\/produkt\\\/adorprint-gt-sonic-3d-ultraschallreiniger-3l\\\/\"]}]},{\"@type\":\"ImageObject\",\"inLanguage\":\"fr-FR\",\"@id\":\"https:\\\/\\\/www.ador-dental.de\\\/produkt\\\/adorprint-gt-sonic-3d-ultraschallreiniger-3l\\\/#primaryimage\",\"url\":\"https:\\\/\\\/www.ador-dental.de\\\/wp-content\\\/uploads\\\/2020\\\/07\\\/Bildschirmfoto-2020-09-08-um-08.54.49.png\",\"contentUrl\":\"https:\\\/\\\/www.ador-dental.de\\\/wp-content\\\/uploads\\\/2020\\\/07\\\/Bildschirmfoto-2020-09-08-um-08.54.49.png\",\"width\":800,\"height\":800,\"caption\":\"ADORPRINT3D ULTRASCHALL-REINIGER 3L\"},{\"@type\":\"BreadcrumbList\",\"@id\":\"https:\\\/\\\/www.ador-dental.de\\\/produkt\\\/adorprint-gt-sonic-3d-ultraschallreiniger-3l\\\/#breadcrumb\",\"itemListElement\":[{\"@type\":\"ListItem\",\"position\":1,\"name\":\"Startseite\",\"item\":\"https:\\\/\\\/www.ador-dental.de\\\/\"},{\"@type\":\"ListItem\",\"position\":2,\"name\":\"Shop\",\"item\":\"https:\\\/\\\/www.ador-dental.de\\\/en\\\/shop\\\/\"},{\"@type\":\"ListItem\",\"position\":3,\"name\":\"ADOR SONIC-3D Ultraschallreinigungsger\u00e4t\"}]},{\"@type\":\"WebSite\",\"@id\":\"https:\\\/\\\/www.ador-dental.de\\\/en\\\/#website\",\"url\":\"https:\\\/\\\/www.ador-dental.de\\\/en\\\/\",\"name\":\"Ador Dental GmbH\",\"description\":\"\",\"publisher\":{\"@id\":\"https:\\\/\\\/www.ador-dental.de\\\/en\\\/#organization\"},\"potentialAction\":[{\"@type\":\"SearchAction\",\"target\":{\"@type\":\"EntryPoint\",\"urlTemplate\":\"https:\\\/\\\/www.ador-dental.de\\\/en\\\/?s={search_term_string}\"},\"query-input\":{\"@type\":\"PropertyValueSpecification\",\"valueRequired\":true,\"valueName\":\"search_term_string\"}}],\"inLanguage\":\"fr-FR\"},{\"@type\":\"Organization\",\"@id\":\"https:\\\/\\\/www.ador-dental.de\\\/en\\\/#organization\",\"name\":\"Ador Dental GmbH\",\"url\":\"https:\\\/\\\/www.ador-dental.de\\\/en\\\/\",\"logo\":{\"@type\":\"ImageObject\",\"inLanguage\":\"fr-FR\",\"@id\":\"https:\\\/\\\/www.ador-dental.de\\\/en\\\/#\\\/schema\\\/logo\\\/image\\\/\",\"url\":\"https:\\\/\\\/www.ador-dental.de\\\/wp-content\\\/uploads\\\/2021\\\/10\\\/ADOR_Logo_DentalSolutions_2020_Black.svg\",\"contentUrl\":\"https:\\\/\\\/www.ador-dental.de\\\/wp-content\\\/uploads\\\/2021\\\/10\\\/ADOR_Logo_DentalSolutions_2020_Black.svg\",\"width\":678,\"height\":261,\"caption\":\"Ador Dental GmbH\"},\"image\":{\"@id\":\"https:\\\/\\\/www.ador-dental.de\\\/en\\\/#\\\/schema\\\/logo\\\/image\\\/\"}}]}<\/script>\n<!-- \/ Yoast SEO plugin. -->","yoast_head_json":{"title":"ADOR SONIC-3D Ultraschallreinigungsger\u00e4t - Ador Dental GmbH","description":"Das Ultraschall-Ger\u00e4t mit digitaler Einstellm\u00f6glichkeit der Temperatur und Zeit entfernt \u00fcbersch\u00fcssigen Kunststoff auch an schwer zug\u00e4nglichen Bereichen","robots":{"index":"index","follow":"follow","max-snippet":"max-snippet:-1","max-image-preview":"max-image-preview:large","max-video-preview":"max-video-preview:-1"},"canonical":"https:\/\/www.ador-dental.de\/fr\/produit\/adorprint-gt-sonic-3d-ultraschallreiniger-3l\/","og_locale":"fr_FR","og_type":"article","og_title":"ADOR SONIC-3D Ultraschallreinigungsger\u00e4t - Ador Dental GmbH","og_description":"Das Ultraschall-Ger\u00e4t mit digitaler Einstellm\u00f6glichkeit der Temperatur und Zeit entfernt \u00fcbersch\u00fcssigen Kunststoff auch an schwer zug\u00e4nglichen Bereichen","og_url":"https:\/\/www.ador-dental.de\/fr\/produit\/adorprint-gt-sonic-3d-ultraschallreiniger-3l\/","og_site_name":"Ador Dental GmbH","article_modified_time":"2023-07-17T11:44:59+00:00","og_image":[{"width":800,"height":800,"url":"https:\/\/www.ador-dental.de\/wp-content\/uploads\/2020\/07\/Bildschirmfoto-2020-09-08-um-08.54.49.png","type":"image\/png"}],"twitter_card":"summary_large_image","schema":{"@context":"https:\/\/schema.org","@graph":[{"@type":"WebPage","@id":"https:\/\/www.ador-dental.de\/produkt\/adorprint-gt-sonic-3d-ultraschallreiniger-3l\/","url":"https:\/\/www.ador-dental.de\/produkt\/adorprint-gt-sonic-3d-ultraschallreiniger-3l\/","name":"ADOR SONIC-3D Ultraschallreinigungsger\u00e4t - Ador Dental GmbH","isPartOf":{"@id":"https:\/\/www.ador-dental.de\/en\/#website"},"primaryImageOfPage":{"@id":"https:\/\/www.ador-dental.de\/produkt\/adorprint-gt-sonic-3d-ultraschallreiniger-3l\/#primaryimage"},"image":{"@id":"https:\/\/www.ador-dental.de\/produkt\/adorprint-gt-sonic-3d-ultraschallreiniger-3l\/#primaryimage"},"thumbnailUrl":"https:\/\/www.ador-dental.de\/wp-content\/uploads\/2020\/07\/Bildschirmfoto-2020-09-08-um-08.54.49.png","datePublished":"2020-07-20T13:17:38+00:00","dateModified":"2023-07-17T11:44:59+00:00","description":"Das Ultraschall-Ger\u00e4t mit digitaler Einstellm\u00f6glichkeit der Temperatur und Zeit entfernt \u00fcbersch\u00fcssigen Kunststoff auch an schwer zug\u00e4nglichen Bereichen","breadcrumb":{"@id":"https:\/\/www.ador-dental.de\/produkt\/adorprint-gt-sonic-3d-ultraschallreiniger-3l\/#breadcrumb"},"inLanguage":"fr-FR","potentialAction":[{"@type":"ReadAction","target":["https:\/\/www.ador-dental.de\/produkt\/adorprint-gt-sonic-3d-ultraschallreiniger-3l\/"]}]},{"@type":"ImageObject","inLanguage":"fr-FR","@id":"https:\/\/www.ador-dental.de\/produkt\/adorprint-gt-sonic-3d-ultraschallreiniger-3l\/#primaryimage","url":"https:\/\/www.ador-dental.de\/wp-content\/uploads\/2020\/07\/Bildschirmfoto-2020-09-08-um-08.54.49.png","contentUrl":"https:\/\/www.ador-dental.de\/wp-content\/uploads\/2020\/07\/Bildschirmfoto-2020-09-08-um-08.54.49.png","width":800,"height":800,"caption":"ADORPRINT3D ULTRASCHALL-REINIGER 3L"},{"@type":"BreadcrumbList","@id":"https:\/\/www.ador-dental.de\/produkt\/adorprint-gt-sonic-3d-ultraschallreiniger-3l\/#breadcrumb","itemListElement":[{"@type":"ListItem","position":1,"name":"Startseite","item":"https:\/\/www.ador-dental.de\/"},{"@type":"ListItem","position":2,"name":"Shop","item":"https:\/\/www.ador-dental.de\/en\/shop\/"},{"@type":"ListItem","position":3,"name":"ADOR SONIC-3D Ultraschallreinigungsger\u00e4t"}]},{"@type":"WebSite","@id":"https:\/\/www.ador-dental.de\/en\/#website","url":"https:\/\/www.ador-dental.de\/en\/","name":"Ador Dental GmbH","description":"","publisher":{"@id":"https:\/\/www.ador-dental.de\/en\/#organization"},"potentialAction":[{"@type":"SearchAction","target":{"@type":"EntryPoint","urlTemplate":"https:\/\/www.ador-dental.de\/en\/?s={search_term_string}"},"query-input":{"@type":"PropertyValueSpecification","valueRequired":true,"valueName":"search_term_string"}}],"inLanguage":"fr-FR"},{"@type":"Organization","@id":"https:\/\/www.ador-dental.de\/en\/#organization","name":"Ador Dental GmbH","url":"https:\/\/www.ador-dental.de\/en\/","logo":{"@type":"ImageObject","inLanguage":"fr-FR","@id":"https:\/\/www.ador-dental.de\/en\/#\/schema\/logo\/image\/","url":"https:\/\/www.ador-dental.de\/wp-content\/uploads\/2021\/10\/ADOR_Logo_DentalSolutions_2020_Black.svg","contentUrl":"https:\/\/www.ador-dental.de\/wp-content\/uploads\/2021\/10\/ADOR_Logo_DentalSolutions_2020_Black.svg","width":678,"height":261,"caption":"Ador Dental GmbH"},"image":{"@id":"https:\/\/www.ador-dental.de\/en\/#\/schema\/logo\/image\/"}}]}},"_links":{"self":[{"href":"https:\/\/www.ador-dental.de\/fr\/wp-json\/wp\/v2\/product\/9363","targetHints":{"allow":["GET"]}}],"collection":[{"href":"https:\/\/www.ador-dental.de\/fr\/wp-json\/wp\/v2\/product"}],"about":[{"href":"https:\/\/www.ador-dental.de\/fr\/wp-json\/wp\/v2\/types\/product"}],"replies":[{"embeddable":true,"href":"https:\/\/www.ador-dental.de\/fr\/wp-json\/wp\/v2\/comments?post=9363"}],"version-history":[{"count":6,"href":"https:\/\/www.ador-dental.de\/fr\/wp-json\/wp\/v2\/product\/9363\/revisions"}],"predecessor-version":[{"id":25175,"href":"https:\/\/www.ador-dental.de\/fr\/wp-json\/wp\/v2\/product\/9363\/revisions\/25175"}],"wp:featuredmedia":[{"embeddable":true,"href":"https:\/\/www.ador-dental.de\/fr\/wp-json\/wp\/v2\/media\/11808"}],"wp:attachment":[{"href":"https:\/\/www.ador-dental.de\/fr\/wp-json\/wp\/v2\/media?parent=9363"}],"wp:term":[{"taxonomy":"product_brand","embeddable":true,"href":"https:\/\/www.ador-dental.de\/fr\/wp-json\/wp\/v2\/product_brand?post=9363"},{"taxonomy":"product_cat","embeddable":true,"href":"https:\/\/www.ador-dental.de\/fr\/wp-json\/wp\/v2\/product_cat?post=9363"},{"taxonomy":"product_tag","embeddable":true,"href":"https:\/\/www.ador-dental.de\/fr\/wp-json\/wp\/v2\/product_tag?post=9363"}],"curies":[{"name":"wp","href":"https:\/\/api.w.org\/{rel}","templated":true}]}}