{"id":619,"date":"2019-12-10T11:55:35","date_gmt":"2019-12-10T10:55:35","guid":{"rendered":"https:\/\/new.ador-edelmetalle.de\/produkt\/import-placeholder-for-6873\/"},"modified":"2026-04-30T08:49:13","modified_gmt":"2026-04-30T06:49:13","slug":"dentallot-ador-lot-700-pf","status":"publish","type":"product","link":"https:\/\/www.ador-dental.de\/fr\/produit\/dentallot-ador-lot-700-pf\/","title":{"rendered":"AL 700 PF LOT"},"content":{"rendered":"<p><strong>&gt;&gt;&gt;<a  data-e-disable-page-transition=\"true\" class=\"download-link\" title=\"\" href=\"https:\/\/www.ador-dental.de\/fr\/download\/28049\/?tmstv=1777584410\" rel=\"nofollow\" id=\"download-link-28049\" data-redirect=\"false\" >\n\tGebrAnw-Dentallot-AL-700PF.pdf<\/a>\n&lt;&lt;&lt;<\/strong><\/p>\n<table width=\"484.8\" cellspacing=\"0\" cellpadding=\"0\">\n<tbody>\n<tr>\n<td valign=\"top\"><b>Type<\/b><\/td>\n<td valign=\"top\">Soudure dentaire selon DIN EN ISO 9333 Dentisterie - Soudure dure<\/td>\n<\/tr>\n<tr>\n<td valign=\"top\"><b>couleur :<\/b><\/td>\n<td valign=\"top\">jaune<\/td>\n<\/tr>\n<\/tbody>\n<\/table>\n<table width=\"484.8\" cellspacing=\"0\" cellpadding=\"0\">\n<tbody>\n<tr>\n<td valign=\"top\"><b>Indications :<\/b><\/td>\n<td valign=\"top\">Lot pr\u00e9-incendie<\/td>\n<td valign=\"top\"><\/td>\n<\/tr>\n<tr>\n<td valign=\"top\"><\/td>\n<td valign=\"top\">Alliages LFC apr\u00e8s cuisson<\/td>\n<td valign=\"top\"><\/td>\n<\/tr>\n<tr>\n<td valign=\"top\"><\/td>\n<td valign=\"top\">Soudure d'assemblage Alliages de fonderie<\/td>\n<td valign=\"top\"><\/td>\n<\/tr>\n<\/tbody>\n<\/table>\n<table width=\"484.8\" cellspacing=\"0\" cellpadding=\"0\">\n<tbody>\n<tr>\n<td valign=\"top\"><b>Composition :<\/b><\/td>\n<td valign=\"top\">Au<\/td>\n<td valign=\"top\">72,50<\/td>\n<\/tr>\n<tr>\n<td valign=\"top\">(pourcentages en masse dans %)<\/td>\n<td valign=\"top\">Pt<\/td>\n<td valign=\"top\">0,45<\/td>\n<\/tr>\n<tr>\n<td valign=\"top\"><\/td>\n<td valign=\"top\">Ir<\/td>\n<td valign=\"top\">0,05<\/td>\n<\/tr>\n<tr>\n<td valign=\"top\"><\/td>\n<td valign=\"top\">Ag<\/td>\n<td valign=\"top\">10,00<\/td>\n<\/tr>\n<tr>\n<td valign=\"top\"><\/td>\n<td valign=\"top\">Cu<\/td>\n<td valign=\"top\">3,00<\/td>\n<\/tr>\n<tr>\n<td valign=\"top\"><\/td>\n<td valign=\"top\">Zn<\/td>\n<td valign=\"top\">12,00<\/td>\n<\/tr>\n<tr>\n<td valign=\"top\"><\/td>\n<td valign=\"top\">Dans<\/td>\n<td valign=\"top\">2,00<\/td>\n<\/tr>\n<\/tbody>\n<\/table>\n<table width=\"484.8\" cellspacing=\"0\" cellpadding=\"0\">\n<tbody>\n<tr>\n<td valign=\"top\"><b>Donn\u00e9es techniques :<\/b><\/td>\n<td valign=\"top\">Temp\u00e9rature de travail en \u00b0C<\/td>\n<td valign=\"top\">700<\/td>\n<\/tr>\n<tr>\n<td valign=\"top\"><\/td>\n<td valign=\"top\">Intervalle de fusion en \u00b0C<\/td>\n<td valign=\"top\">650 - 710<\/td>\n<\/tr>\n<\/tbody>\n<\/table>\n<p>Pour utiliser le m\u00e9tal d'apport conform\u00e9ment aux indications, il faut tenir compte des intervalles de fusion des alliages \u00e0 souder, ainsi que de la compatibilit\u00e9 des temp\u00e9ratures avec la c\u00e9ramique utilis\u00e9e.<\/p>","protected":false},"excerpt":{"rendered":"<p><strong>Rouleau de 5 g<\/strong><\/p>\n<p>Au 72,50, Pt 0,45, Ir 0,05, Ag 10,00, Cu 3,00, Zn 12,00, In 2,00<\/p>\n<p><strong>En raison de l'\u00e9volution actuelle des prix des mati\u00e8res premi\u00e8res, tous les alliages sont pour l'instant publi\u00e9s sur la base du prix du jour. Les prix sont actualis\u00e9s chaque matin \u00e0 11 heures.<\/strong><\/p>","protected":false},"featured_media":30892,"comment_status":"open","ping_status":"closed","template":"","meta":{"neve_meta_sidebar":"","neve_meta_container":"","neve_meta_enable_content_width":"off","neve_meta_content_width":70,"neve_meta_title_alignment":"","neve_meta_author_avatar":"","neve_post_elements_order":"","neve_meta_disable_header":"","neve_meta_disable_footer":"","neve_meta_disable_title":"","_themeisle_gutenberg_block_has_review":false},"product_brand":[],"product_cat":[33,34,55],"product_tag":[],"class_list":{"0":"post-619","1":"product","2":"type-product","3":"status-publish","4":"has-post-thumbnail","6":"product_cat-legierungen","7":"product_cat-em-legierungen","8":"product_cat-lote","10":"first","11":"instock","12":"taxable","13":"shipping-taxable","14":"purchasable","15":"product-type-simple"},"yoast_head":"<!-- This site is optimized with the Yoast SEO plugin v27.4 - https:\/\/yoast.com\/product\/yoast-seo-wordpress\/ -->\n<title>AL 700 PF LOT - Ador Dental GmbH<\/title>\n<meta name=\"description\" content=\"AL 700 PF LOT ist ein Dentallot nach DIN EN ISO 9333 und als Hartlot in der Zahnheilkunde einsetzbar. Farbe: gelb.\" \/>\n<meta name=\"robots\" content=\"index, follow, max-snippet:-1, max-image-preview:large, max-video-preview:-1\" \/>\n<link rel=\"canonical\" href=\"https:\/\/www.ador-dental.de\/fr\/produit\/dentallot-ador-lot-700-pf\/\" \/>\n<meta property=\"og:locale\" content=\"fr_FR\" \/>\n<meta property=\"og:type\" content=\"article\" \/>\n<meta property=\"og:title\" content=\"AL 700 PF LOT - Ador Dental GmbH\" \/>\n<meta property=\"og:description\" content=\"AL 700 PF LOT ist ein Dentallot nach DIN EN ISO 9333 und als Hartlot in der Zahnheilkunde einsetzbar. Farbe: gelb.\" \/>\n<meta property=\"og:url\" content=\"https:\/\/www.ador-dental.de\/fr\/produit\/dentallot-ador-lot-700-pf\/\" \/>\n<meta property=\"og:site_name\" content=\"Ador Dental GmbH\" \/>\n<meta property=\"article:modified_time\" content=\"2026-04-30T06:49:13+00:00\" \/>\n<meta property=\"og:image\" content=\"https:\/\/www.ador-dental.de\/wp-content\/uploads\/2026\/01\/Lote-PB-Uebergang.png\" \/>\n\t<meta property=\"og:image:width\" content=\"1024\" \/>\n\t<meta property=\"og:image:height\" content=\"1024\" \/>\n\t<meta property=\"og:image:type\" content=\"image\/png\" \/>\n<meta name=\"twitter:card\" content=\"summary_large_image\" \/>\n<script type=\"application\/ld+json\" class=\"yoast-schema-graph\">{\"@context\":\"https:\\\/\\\/schema.org\",\"@graph\":[{\"@type\":\"WebPage\",\"@id\":\"https:\\\/\\\/www.ador-dental.de\\\/produkt\\\/dentallot-ador-lot-700-pf\\\/\",\"url\":\"https:\\\/\\\/www.ador-dental.de\\\/produkt\\\/dentallot-ador-lot-700-pf\\\/\",\"name\":\"AL 700 PF LOT - Ador Dental GmbH\",\"isPartOf\":{\"@id\":\"https:\\\/\\\/www.ador-dental.de\\\/en\\\/#website\"},\"primaryImageOfPage\":{\"@id\":\"https:\\\/\\\/www.ador-dental.de\\\/produkt\\\/dentallot-ador-lot-700-pf\\\/#primaryimage\"},\"image\":{\"@id\":\"https:\\\/\\\/www.ador-dental.de\\\/produkt\\\/dentallot-ador-lot-700-pf\\\/#primaryimage\"},\"thumbnailUrl\":\"https:\\\/\\\/www.ador-dental.de\\\/wp-content\\\/uploads\\\/2026\\\/01\\\/Lote-PB-Uebergang.png\",\"datePublished\":\"2019-12-10T10:55:35+00:00\",\"dateModified\":\"2026-04-30T06:49:13+00:00\",\"description\":\"AL 700 PF LOT ist ein Dentallot nach DIN EN ISO 9333 und als Hartlot in der Zahnheilkunde einsetzbar. Farbe: gelb.\",\"breadcrumb\":{\"@id\":\"https:\\\/\\\/www.ador-dental.de\\\/produkt\\\/dentallot-ador-lot-700-pf\\\/#breadcrumb\"},\"inLanguage\":\"fr-FR\",\"potentialAction\":[{\"@type\":\"ReadAction\",\"target\":[\"https:\\\/\\\/www.ador-dental.de\\\/produkt\\\/dentallot-ador-lot-700-pf\\\/\"]}]},{\"@type\":\"ImageObject\",\"inLanguage\":\"fr-FR\",\"@id\":\"https:\\\/\\\/www.ador-dental.de\\\/produkt\\\/dentallot-ador-lot-700-pf\\\/#primaryimage\",\"url\":\"https:\\\/\\\/www.ador-dental.de\\\/wp-content\\\/uploads\\\/2026\\\/01\\\/Lote-PB-Uebergang.png\",\"contentUrl\":\"https:\\\/\\\/www.ador-dental.de\\\/wp-content\\\/uploads\\\/2026\\\/01\\\/Lote-PB-Uebergang.png\",\"width\":1024,\"height\":1024},{\"@type\":\"BreadcrumbList\",\"@id\":\"https:\\\/\\\/www.ador-dental.de\\\/produkt\\\/dentallot-ador-lot-700-pf\\\/#breadcrumb\",\"itemListElement\":[{\"@type\":\"ListItem\",\"position\":1,\"name\":\"Startseite\",\"item\":\"https:\\\/\\\/www.ador-dental.de\\\/\"},{\"@type\":\"ListItem\",\"position\":2,\"name\":\"Shop\",\"item\":\"https:\\\/\\\/www.ador-dental.de\\\/en\\\/shop\\\/\"},{\"@type\":\"ListItem\",\"position\":3,\"name\":\"AL 700 PF LOT\"}]},{\"@type\":\"WebSite\",\"@id\":\"https:\\\/\\\/www.ador-dental.de\\\/en\\\/#website\",\"url\":\"https:\\\/\\\/www.ador-dental.de\\\/en\\\/\",\"name\":\"Ador Dental GmbH\",\"description\":\"\",\"publisher\":{\"@id\":\"https:\\\/\\\/www.ador-dental.de\\\/en\\\/#organization\"},\"potentialAction\":[{\"@type\":\"SearchAction\",\"target\":{\"@type\":\"EntryPoint\",\"urlTemplate\":\"https:\\\/\\\/www.ador-dental.de\\\/en\\\/?s={search_term_string}\"},\"query-input\":{\"@type\":\"PropertyValueSpecification\",\"valueRequired\":true,\"valueName\":\"search_term_string\"}}],\"inLanguage\":\"fr-FR\"},{\"@type\":\"Organization\",\"@id\":\"https:\\\/\\\/www.ador-dental.de\\\/en\\\/#organization\",\"name\":\"Ador Dental GmbH\",\"url\":\"https:\\\/\\\/www.ador-dental.de\\\/en\\\/\",\"logo\":{\"@type\":\"ImageObject\",\"inLanguage\":\"fr-FR\",\"@id\":\"https:\\\/\\\/www.ador-dental.de\\\/en\\\/#\\\/schema\\\/logo\\\/image\\\/\",\"url\":\"https:\\\/\\\/www.ador-dental.de\\\/wp-content\\\/uploads\\\/2021\\\/10\\\/ADOR_Logo_DentalSolutions_2020_Black.svg\",\"contentUrl\":\"https:\\\/\\\/www.ador-dental.de\\\/wp-content\\\/uploads\\\/2021\\\/10\\\/ADOR_Logo_DentalSolutions_2020_Black.svg\",\"width\":678,\"height\":261,\"caption\":\"Ador Dental GmbH\"},\"image\":{\"@id\":\"https:\\\/\\\/www.ador-dental.de\\\/en\\\/#\\\/schema\\\/logo\\\/image\\\/\"}}]}<\/script>\n<!-- \/ Yoast SEO plugin. -->","yoast_head_json":{"title":"AL 700 PF LOT - Ador Dental GmbH","description":"AL 700 PF LOT ist ein Dentallot nach DIN EN ISO 9333 und als Hartlot in der Zahnheilkunde einsetzbar. Farbe: gelb.","robots":{"index":"index","follow":"follow","max-snippet":"max-snippet:-1","max-image-preview":"max-image-preview:large","max-video-preview":"max-video-preview:-1"},"canonical":"https:\/\/www.ador-dental.de\/fr\/produit\/dentallot-ador-lot-700-pf\/","og_locale":"fr_FR","og_type":"article","og_title":"AL 700 PF LOT - Ador Dental GmbH","og_description":"AL 700 PF LOT ist ein Dentallot nach DIN EN ISO 9333 und als Hartlot in der Zahnheilkunde einsetzbar. Farbe: gelb.","og_url":"https:\/\/www.ador-dental.de\/fr\/produit\/dentallot-ador-lot-700-pf\/","og_site_name":"Ador Dental GmbH","article_modified_time":"2026-04-30T06:49:13+00:00","og_image":[{"width":1024,"height":1024,"url":"https:\/\/www.ador-dental.de\/wp-content\/uploads\/2026\/01\/Lote-PB-Uebergang.png","type":"image\/png"}],"twitter_card":"summary_large_image","schema":{"@context":"https:\/\/schema.org","@graph":[{"@type":"WebPage","@id":"https:\/\/www.ador-dental.de\/produkt\/dentallot-ador-lot-700-pf\/","url":"https:\/\/www.ador-dental.de\/produkt\/dentallot-ador-lot-700-pf\/","name":"AL 700 PF LOT - Ador Dental GmbH","isPartOf":{"@id":"https:\/\/www.ador-dental.de\/en\/#website"},"primaryImageOfPage":{"@id":"https:\/\/www.ador-dental.de\/produkt\/dentallot-ador-lot-700-pf\/#primaryimage"},"image":{"@id":"https:\/\/www.ador-dental.de\/produkt\/dentallot-ador-lot-700-pf\/#primaryimage"},"thumbnailUrl":"https:\/\/www.ador-dental.de\/wp-content\/uploads\/2026\/01\/Lote-PB-Uebergang.png","datePublished":"2019-12-10T10:55:35+00:00","dateModified":"2026-04-30T06:49:13+00:00","description":"AL 700 PF LOT ist ein Dentallot nach DIN EN ISO 9333 und als Hartlot in der Zahnheilkunde einsetzbar. Farbe: gelb.","breadcrumb":{"@id":"https:\/\/www.ador-dental.de\/produkt\/dentallot-ador-lot-700-pf\/#breadcrumb"},"inLanguage":"fr-FR","potentialAction":[{"@type":"ReadAction","target":["https:\/\/www.ador-dental.de\/produkt\/dentallot-ador-lot-700-pf\/"]}]},{"@type":"ImageObject","inLanguage":"fr-FR","@id":"https:\/\/www.ador-dental.de\/produkt\/dentallot-ador-lot-700-pf\/#primaryimage","url":"https:\/\/www.ador-dental.de\/wp-content\/uploads\/2026\/01\/Lote-PB-Uebergang.png","contentUrl":"https:\/\/www.ador-dental.de\/wp-content\/uploads\/2026\/01\/Lote-PB-Uebergang.png","width":1024,"height":1024},{"@type":"BreadcrumbList","@id":"https:\/\/www.ador-dental.de\/produkt\/dentallot-ador-lot-700-pf\/#breadcrumb","itemListElement":[{"@type":"ListItem","position":1,"name":"Startseite","item":"https:\/\/www.ador-dental.de\/"},{"@type":"ListItem","position":2,"name":"Shop","item":"https:\/\/www.ador-dental.de\/en\/shop\/"},{"@type":"ListItem","position":3,"name":"AL 700 PF LOT"}]},{"@type":"WebSite","@id":"https:\/\/www.ador-dental.de\/en\/#website","url":"https:\/\/www.ador-dental.de\/en\/","name":"Ador Dental GmbH","description":"","publisher":{"@id":"https:\/\/www.ador-dental.de\/en\/#organization"},"potentialAction":[{"@type":"SearchAction","target":{"@type":"EntryPoint","urlTemplate":"https:\/\/www.ador-dental.de\/en\/?s={search_term_string}"},"query-input":{"@type":"PropertyValueSpecification","valueRequired":true,"valueName":"search_term_string"}}],"inLanguage":"fr-FR"},{"@type":"Organization","@id":"https:\/\/www.ador-dental.de\/en\/#organization","name":"Ador Dental GmbH","url":"https:\/\/www.ador-dental.de\/en\/","logo":{"@type":"ImageObject","inLanguage":"fr-FR","@id":"https:\/\/www.ador-dental.de\/en\/#\/schema\/logo\/image\/","url":"https:\/\/www.ador-dental.de\/wp-content\/uploads\/2021\/10\/ADOR_Logo_DentalSolutions_2020_Black.svg","contentUrl":"https:\/\/www.ador-dental.de\/wp-content\/uploads\/2021\/10\/ADOR_Logo_DentalSolutions_2020_Black.svg","width":678,"height":261,"caption":"Ador Dental GmbH"},"image":{"@id":"https:\/\/www.ador-dental.de\/en\/#\/schema\/logo\/image\/"}}]}},"_links":{"self":[{"href":"https:\/\/www.ador-dental.de\/fr\/wp-json\/wp\/v2\/product\/619","targetHints":{"allow":["GET"]}}],"collection":[{"href":"https:\/\/www.ador-dental.de\/fr\/wp-json\/wp\/v2\/product"}],"about":[{"href":"https:\/\/www.ador-dental.de\/fr\/wp-json\/wp\/v2\/types\/product"}],"replies":[{"embeddable":true,"href":"https:\/\/www.ador-dental.de\/fr\/wp-json\/wp\/v2\/comments?post=619"}],"version-history":[{"count":10,"href":"https:\/\/www.ador-dental.de\/fr\/wp-json\/wp\/v2\/product\/619\/revisions"}],"predecessor-version":[{"id":30406,"href":"https:\/\/www.ador-dental.de\/fr\/wp-json\/wp\/v2\/product\/619\/revisions\/30406"}],"wp:featuredmedia":[{"embeddable":true,"href":"https:\/\/www.ador-dental.de\/fr\/wp-json\/wp\/v2\/media\/30892"}],"wp:attachment":[{"href":"https:\/\/www.ador-dental.de\/fr\/wp-json\/wp\/v2\/media?parent=619"}],"wp:term":[{"taxonomy":"product_brand","embeddable":true,"href":"https:\/\/www.ador-dental.de\/fr\/wp-json\/wp\/v2\/product_brand?post=619"},{"taxonomy":"product_cat","embeddable":true,"href":"https:\/\/www.ador-dental.de\/fr\/wp-json\/wp\/v2\/product_cat?post=619"},{"taxonomy":"product_tag","embeddable":true,"href":"https:\/\/www.ador-dental.de\/fr\/wp-json\/wp\/v2\/product_tag?post=619"}],"curies":[{"name":"wp","href":"https:\/\/api.w.org\/{rel}","templated":true}]}}