{"id":611,"date":"2019-12-10T11:55:34","date_gmt":"2019-12-10T10:55:34","guid":{"rendered":"https:\/\/new.ador-edelmetalle.de\/produkt\/import-placeholder-for-6852\/"},"modified":"2026-04-30T08:43:08","modified_gmt":"2026-04-30T06:43:08","slug":"metallkeramik-legierung-adorbond-40","status":"publish","type":"product","link":"https:\/\/www.ador-dental.de\/fr\/produit\/metallkeramik-legierung-adorbond-40\/","title":{"rendered":"ADORBOND 40"},"content":{"rendered":"<p>&gt;&gt;&gt;<a  data-e-disable-page-transition=\"true\" class=\"download-link\" title=\"\" href=\"https:\/\/www.ador-dental.de\/fr\/download\/28072\/?tmstv=1777573916\" rel=\"nofollow\" id=\"download-link-28072\" data-redirect=\"false\" >\n\tGebrAnw-Alliage de base dentaire-Adorbond-40.pdf<\/a>\n&lt;&lt;&lt;<\/p>\n<table width=\"646\">\n<tbody>\n<tr>\n<td width=\"155\"><strong>Type<\/strong><\/td>\n<td width=\"491\">Alliage c\u00e9ramo-m\u00e9tallique \u00e0 base d'or r\u00e9duit, type 4 (extra dur),<\/p>\n<p>selon la norme DIN EN ISO 22674<\/td>\n<\/tr>\n<tr>\n<td width=\"155\"><strong>couleur :<\/strong><\/td>\n<td width=\"491\">blanc<\/td>\n<\/tr>\n<\/tbody>\n<\/table>\n<p>&nbsp;<\/p>\n<table width=\"646\">\n<tbody>\n<tr>\n<td width=\"155\"><strong>Indications :<\/strong><\/td>\n<td width=\"310\">Inlays, onlays<\/td>\n<td width=\"181\">\u25cf<\/td>\n<\/tr>\n<tr>\n<td width=\"155\"><\/td>\n<td width=\"310\">Couronnes<\/td>\n<td width=\"181\">\u25cf<\/td>\n<\/tr>\n<tr>\n<td width=\"155\"><\/td>\n<td width=\"310\">petits ponts<\/td>\n<td width=\"181\">\u25cf<\/td>\n<\/tr>\n<tr>\n<td width=\"155\"><\/td>\n<td width=\"310\">Ponts de grande port\u00e9e<\/td>\n<td width=\"181\">\u25cf<\/td>\n<\/tr>\n<tr>\n<td width=\"155\"><\/td>\n<td width=\"310\">Fraisage, usinage de c\u00f4nes et de coulisses<\/td>\n<td width=\"181\">\u25cf<\/td>\n<\/tr>\n<tr>\n<td width=\"155\"><\/td>\n<td width=\"310\">Fonte sur mod\u00e8le<\/td>\n<td width=\"181\">\u25cf<\/td>\n<\/tr>\n<\/tbody>\n<\/table>\n<p>&nbsp;<\/p>\n<table width=\"646\">\n<tbody>\n<tr>\n<td width=\"155\"><strong>Composition :<\/strong><\/td>\n<td width=\"310\">Au<\/td>\n<td width=\"181\">40,00<\/td>\n<\/tr>\n<tr>\n<td width=\"155\">(pourcentages en masse dans %)<\/td>\n<td width=\"310\">Pd<\/td>\n<td width=\"181\">39,40<\/td>\n<\/tr>\n<tr>\n<td width=\"155\"><\/td>\n<td width=\"310\">Ag<\/td>\n<td width=\"181\">10,00<\/td>\n<\/tr>\n<tr>\n<td width=\"155\"><\/td>\n<td width=\"310\">Dans<\/td>\n<td width=\"181\">\u00a0 8,80<\/td>\n<\/tr>\n<tr>\n<td width=\"155\"><\/td>\n<td width=\"310\">Ga<\/td>\n<td width=\"181\">\u00a0 1,40<\/td>\n<\/tr>\n<tr>\n<td width=\"155\"><\/td>\n<td width=\"310\">Ru<\/td>\n<td width=\"181\">\u00a0 0,10<\/td>\n<\/tr>\n<tr>\n<td width=\"155\"><\/td>\n<td width=\"310\">Sn<\/td>\n<td width=\"181\">\u00a0 0,30<\/td>\n<\/tr>\n<\/tbody>\n<\/table>\n<p>&nbsp;<\/p>\n<table width=\"648\">\n<tbody>\n<tr>\n<td width=\"155\"><strong>Donn\u00e9es techniques :<\/strong><\/td>\n<td width=\"310\">Densit\u00e9 en g\/cm\u00b3<\/td>\n<td width=\"183\">12,2<\/td>\n<\/tr>\n<tr>\n<td width=\"155\"><\/td>\n<td width=\"310\">Duret\u00e9 Vickers HV 5\/30<\/td>\n<td width=\"183\">(s) 260 (n) 260 (a-n) 270<\/td>\n<\/tr>\n<tr>\n<td width=\"155\"><\/td>\n<td width=\"310\">Limite d'\u00e9lasticit\u00e9 R<sub>p0,2<\/sub> en MPa<\/td>\n<td width=\"183\">(s) 520 (n) 520 (a-n) 630<\/td>\n<\/tr>\n<tr>\n<td width=\"155\"><\/td>\n<td width=\"310\">Allongement \u00e0 la rupture en %<\/td>\n<td width=\"183\">(s) 13 (n) 13 (a-n) 11<\/td>\n<\/tr>\n<tr>\n<td width=\"155\"><\/td>\n<td width=\"310\">Module d'\u00e9lasticit\u00e9 en GPa<\/td>\n<td width=\"183\">120<\/td>\n<\/tr>\n<tr>\n<td width=\"155\"><\/td>\n<td width=\"310\">CDT lin\u00e9aire moyen 25 - 500 \u00b0C dans 10<sup>-6 <\/sup>K<sup>-1<\/sup><\/td>\n<td width=\"183\">14,1<\/td>\n<\/tr>\n<tr>\n<td width=\"155\"><\/td>\n<td width=\"310\">CDT lin\u00e9aire moyen 25 - 600 \u00b0C dans 10<sup>-6 <\/sup>K<sup>-1<\/sup><\/td>\n<td width=\"183\">14,4<\/td>\n<\/tr>\n<tr>\n<td width=\"155\"><\/td>\n<td width=\"310\">Intervalle de fusion en \u00b0C<\/td>\n<td width=\"183\">1150 - 1270<\/td>\n<\/tr>\n<\/tbody>\n<\/table>\n<p>&nbsp;<\/p>\n<table width=\"646\">\n<tbody>\n<tr>\n<td width=\"155\"><strong>traitement :<\/strong><\/td>\n<td width=\"310\">Temp\u00e9rature de pr\u00e9chauffage des moules en \u00b0C<\/td>\n<td width=\"181\">900<\/td>\n<\/tr>\n<tr>\n<td width=\"155\"><\/td>\n<td width=\"310\">Temp\u00e9rature de coul\u00e9e en \u00b0C<\/td>\n<td width=\"181\">1420<\/td>\n<\/tr>\n<tr>\n<td width=\"155\"><\/td>\n<td width=\"310\">Creuset<\/td>\n<td width=\"181\">C\u00e9ramique<\/td>\n<\/tr>\n<tr>\n<td width=\"155\"><\/td>\n<td width=\"310\">Durcissement<\/td>\n<td width=\"181\">600\u00b0C\/15min<\/td>\n<\/tr>\n<\/tbody>\n<\/table>\n<p>&nbsp;<\/p>\n<table>\n<tbody>\n<tr>\n<td width=\"155\"><strong>M\u00e9taux d'apport appropri\u00e9s :<\/strong><\/td>\n<td width=\"310\">Connexions avant la cuisson de la c\u00e9ramique<\/td>\n<td width=\"181\">AL 1060 W<\/td>\n<\/tr>\n<tr>\n<td width=\"155\"><\/td>\n<td width=\"310\">Connexions apr\u00e8s la cuisson de la c\u00e9ramique<\/td>\n<td width=\"181\">AL 750<\/td>\n<\/tr>\n<\/tbody>\n<\/table>\n<p>&nbsp;<\/p>\n<p>1) Abr\u00e9viations :<\/p>\n<p>s - autopolym\u00e9risation, n - apr\u00e8s la cuisson de la c\u00e9ramique, a-s - durci \u00e0 partir de l'\u00e9tat s<\/p>\n<p>a-n - durci \u00e0 partir de l'\u00e9tat n<\/p>\n<p>&nbsp;<\/p>\n<p>2) toutes les indications sur l'\u00e9tat durci ont \u00e9t\u00e9 faites en fonction de l'alliage :<\/p>\n<p>- Cuisson d'oxydation 10min\/ 960\u00b0C + 4x4min\/ 960\u00b0C pour les alliages cuits conventionnels jaunes<\/p>\n<p>- Cuisson d'oxydation 10min\/ 980\u00b0C + 4x4min\/ 980\u00b0C pour les alliages c\u00e9ramisables blancs conventionnels<\/p>\n<p>- Cuisson d'oxydation 10min\/ 800\u00b0C + 4x4min\/ 800\u00b0C pour les syst\u00e8mes LFC<\/p>\n<p>Les indications de valeur correspondantes ne sont valables que dans ces conditions.<\/p>\n<p>&nbsp;<\/p>\n<p>3) La cuisson de la c\u00e9ramique doit \u00eatre effectu\u00e9e selon les indications du fabricant de c\u00e9ramique.<\/p>","protected":false},"excerpt":{"rendered":"<p><strong>Paquet de 25 g<\/strong><\/p>\n<p>Alliage de cuisson \u00e0 teneur r\u00e9duite en or<\/p>\n<p><strong>En raison de l'\u00e9volution actuelle des prix des mati\u00e8res premi\u00e8res, tous les alliages sont pour l'instant publi\u00e9s sur la base du prix du jour. Les prix sont actualis\u00e9s chaque matin \u00e0 11 heures.<\/strong><\/p>","protected":false},"featured_media":29972,"comment_status":"open","ping_status":"closed","template":"","meta":{"neve_meta_sidebar":"","neve_meta_container":"","neve_meta_enable_content_width":"off","neve_meta_content_width":70,"neve_meta_title_alignment":"","neve_meta_author_avatar":"","neve_post_elements_order":"","neve_meta_disable_header":"","neve_meta_disable_footer":"","neve_meta_disable_title":"","_themeisle_gutenberg_block_has_review":false},"product_brand":[],"product_cat":[38,33,34,40],"product_tag":[],"class_list":{"0":"post-611","1":"product","2":"type-product","3":"status-publish","4":"has-post-thumbnail","6":"product_cat-aufbrennkeramiklegierungen","7":"product_cat-legierungen","8":"product_cat-em-legierungen","9":"product_cat-goldreduziert","11":"first","12":"instock","13":"taxable","14":"shipping-taxable","15":"purchasable","16":"product-type-simple"},"yoast_head":"<!-- This site is optimized with the Yoast SEO plugin v27.4 - https:\/\/yoast.com\/product\/yoast-seo-wordpress\/ -->\n<title>ADORBOND 40 - Ador Dental GmbH<\/title>\n<meta name=\"description\" content=\"Adorbond 40 ist eine Goldreduzierte Metallkeramik-Legierung auf Goldbasis, Typ 4 (extrahart),gem. DIN EN ISO 22674\" \/>\n<meta name=\"robots\" content=\"index, follow, max-snippet:-1, max-image-preview:large, max-video-preview:-1\" \/>\n<link rel=\"canonical\" href=\"https:\/\/www.ador-dental.de\/fr\/produit\/metallkeramik-legierung-adorbond-40\/\" \/>\n<meta property=\"og:locale\" content=\"fr_FR\" \/>\n<meta property=\"og:type\" content=\"article\" \/>\n<meta property=\"og:title\" content=\"ADORBOND 40 - Ador Dental GmbH\" \/>\n<meta property=\"og:description\" content=\"Adorbond 40 ist eine Goldreduzierte Metallkeramik-Legierung auf Goldbasis, Typ 4 (extrahart),gem. DIN EN ISO 22674\" \/>\n<meta property=\"og:url\" content=\"https:\/\/www.ador-dental.de\/fr\/produit\/metallkeramik-legierung-adorbond-40\/\" \/>\n<meta property=\"og:site_name\" content=\"Ador Dental GmbH\" \/>\n<meta property=\"article:modified_time\" content=\"2026-04-30T06:43:08+00:00\" \/>\n<meta property=\"og:image\" content=\"https:\/\/www.ador-dental.de\/wp-content\/uploads\/2025\/07\/Adorbond-40-PB.png\" \/>\n\t<meta property=\"og:image:width\" content=\"1024\" \/>\n\t<meta property=\"og:image:height\" content=\"1024\" \/>\n\t<meta property=\"og:image:type\" content=\"image\/png\" \/>\n<meta name=\"twitter:card\" content=\"summary_large_image\" \/>\n<meta name=\"twitter:label1\" content=\"Dur\u00e9e de lecture estim\u00e9e\" \/>\n\t<meta name=\"twitter:data1\" content=\"2 minutes\" \/>\n<script type=\"application\/ld+json\" class=\"yoast-schema-graph\">{\"@context\":\"https:\\\/\\\/schema.org\",\"@graph\":[{\"@type\":\"WebPage\",\"@id\":\"https:\\\/\\\/www.ador-dental.de\\\/produkt\\\/metallkeramik-legierung-adorbond-40\\\/\",\"url\":\"https:\\\/\\\/www.ador-dental.de\\\/produkt\\\/metallkeramik-legierung-adorbond-40\\\/\",\"name\":\"ADORBOND 40 - Ador Dental GmbH\",\"isPartOf\":{\"@id\":\"https:\\\/\\\/www.ador-dental.de\\\/en\\\/#website\"},\"primaryImageOfPage\":{\"@id\":\"https:\\\/\\\/www.ador-dental.de\\\/produkt\\\/metallkeramik-legierung-adorbond-40\\\/#primaryimage\"},\"image\":{\"@id\":\"https:\\\/\\\/www.ador-dental.de\\\/produkt\\\/metallkeramik-legierung-adorbond-40\\\/#primaryimage\"},\"thumbnailUrl\":\"https:\\\/\\\/www.ador-dental.de\\\/wp-content\\\/uploads\\\/2025\\\/07\\\/Adorbond-40-PB.png\",\"datePublished\":\"2019-12-10T10:55:34+00:00\",\"dateModified\":\"2026-04-30T06:43:08+00:00\",\"description\":\"Adorbond 40 ist eine Goldreduzierte Metallkeramik-Legierung auf Goldbasis, Typ 4 (extrahart),gem. DIN EN ISO 22674\",\"breadcrumb\":{\"@id\":\"https:\\\/\\\/www.ador-dental.de\\\/produkt\\\/metallkeramik-legierung-adorbond-40\\\/#breadcrumb\"},\"inLanguage\":\"fr-FR\",\"potentialAction\":[{\"@type\":\"ReadAction\",\"target\":[\"https:\\\/\\\/www.ador-dental.de\\\/produkt\\\/metallkeramik-legierung-adorbond-40\\\/\"]}]},{\"@type\":\"ImageObject\",\"inLanguage\":\"fr-FR\",\"@id\":\"https:\\\/\\\/www.ador-dental.de\\\/produkt\\\/metallkeramik-legierung-adorbond-40\\\/#primaryimage\",\"url\":\"https:\\\/\\\/www.ador-dental.de\\\/wp-content\\\/uploads\\\/2025\\\/07\\\/Adorbond-40-PB.png\",\"contentUrl\":\"https:\\\/\\\/www.ador-dental.de\\\/wp-content\\\/uploads\\\/2025\\\/07\\\/Adorbond-40-PB.png\",\"width\":1024,\"height\":1024},{\"@type\":\"BreadcrumbList\",\"@id\":\"https:\\\/\\\/www.ador-dental.de\\\/produkt\\\/metallkeramik-legierung-adorbond-40\\\/#breadcrumb\",\"itemListElement\":[{\"@type\":\"ListItem\",\"position\":1,\"name\":\"Startseite\",\"item\":\"https:\\\/\\\/www.ador-dental.de\\\/\"},{\"@type\":\"ListItem\",\"position\":2,\"name\":\"Shop\",\"item\":\"https:\\\/\\\/www.ador-dental.de\\\/en\\\/shop\\\/\"},{\"@type\":\"ListItem\",\"position\":3,\"name\":\"ADORBOND 40\"}]},{\"@type\":\"WebSite\",\"@id\":\"https:\\\/\\\/www.ador-dental.de\\\/en\\\/#website\",\"url\":\"https:\\\/\\\/www.ador-dental.de\\\/en\\\/\",\"name\":\"Ador Dental GmbH\",\"description\":\"\",\"publisher\":{\"@id\":\"https:\\\/\\\/www.ador-dental.de\\\/en\\\/#organization\"},\"potentialAction\":[{\"@type\":\"SearchAction\",\"target\":{\"@type\":\"EntryPoint\",\"urlTemplate\":\"https:\\\/\\\/www.ador-dental.de\\\/en\\\/?s={search_term_string}\"},\"query-input\":{\"@type\":\"PropertyValueSpecification\",\"valueRequired\":true,\"valueName\":\"search_term_string\"}}],\"inLanguage\":\"fr-FR\"},{\"@type\":\"Organization\",\"@id\":\"https:\\\/\\\/www.ador-dental.de\\\/en\\\/#organization\",\"name\":\"Ador Dental GmbH\",\"url\":\"https:\\\/\\\/www.ador-dental.de\\\/en\\\/\",\"logo\":{\"@type\":\"ImageObject\",\"inLanguage\":\"fr-FR\",\"@id\":\"https:\\\/\\\/www.ador-dental.de\\\/en\\\/#\\\/schema\\\/logo\\\/image\\\/\",\"url\":\"https:\\\/\\\/www.ador-dental.de\\\/wp-content\\\/uploads\\\/2021\\\/10\\\/ADOR_Logo_DentalSolutions_2020_Black.svg\",\"contentUrl\":\"https:\\\/\\\/www.ador-dental.de\\\/wp-content\\\/uploads\\\/2021\\\/10\\\/ADOR_Logo_DentalSolutions_2020_Black.svg\",\"width\":678,\"height\":261,\"caption\":\"Ador Dental GmbH\"},\"image\":{\"@id\":\"https:\\\/\\\/www.ador-dental.de\\\/en\\\/#\\\/schema\\\/logo\\\/image\\\/\"}}]}<\/script>\n<!-- \/ Yoast SEO plugin. -->","yoast_head_json":{"title":"ADORBOND 40 - Ador Dental GmbH","description":"Adorbond 40 ist eine Goldreduzierte Metallkeramik-Legierung auf Goldbasis, Typ 4 (extrahart),gem. DIN EN ISO 22674","robots":{"index":"index","follow":"follow","max-snippet":"max-snippet:-1","max-image-preview":"max-image-preview:large","max-video-preview":"max-video-preview:-1"},"canonical":"https:\/\/www.ador-dental.de\/fr\/produit\/metallkeramik-legierung-adorbond-40\/","og_locale":"fr_FR","og_type":"article","og_title":"ADORBOND 40 - Ador Dental GmbH","og_description":"Adorbond 40 ist eine Goldreduzierte Metallkeramik-Legierung auf Goldbasis, Typ 4 (extrahart),gem. DIN EN ISO 22674","og_url":"https:\/\/www.ador-dental.de\/fr\/produit\/metallkeramik-legierung-adorbond-40\/","og_site_name":"Ador Dental GmbH","article_modified_time":"2026-04-30T06:43:08+00:00","og_image":[{"width":1024,"height":1024,"url":"https:\/\/www.ador-dental.de\/wp-content\/uploads\/2025\/07\/Adorbond-40-PB.png","type":"image\/png"}],"twitter_card":"summary_large_image","twitter_misc":{"Dur\u00e9e de lecture estim\u00e9e":"2 minutes"},"schema":{"@context":"https:\/\/schema.org","@graph":[{"@type":"WebPage","@id":"https:\/\/www.ador-dental.de\/produkt\/metallkeramik-legierung-adorbond-40\/","url":"https:\/\/www.ador-dental.de\/produkt\/metallkeramik-legierung-adorbond-40\/","name":"ADORBOND 40 - Ador Dental GmbH","isPartOf":{"@id":"https:\/\/www.ador-dental.de\/en\/#website"},"primaryImageOfPage":{"@id":"https:\/\/www.ador-dental.de\/produkt\/metallkeramik-legierung-adorbond-40\/#primaryimage"},"image":{"@id":"https:\/\/www.ador-dental.de\/produkt\/metallkeramik-legierung-adorbond-40\/#primaryimage"},"thumbnailUrl":"https:\/\/www.ador-dental.de\/wp-content\/uploads\/2025\/07\/Adorbond-40-PB.png","datePublished":"2019-12-10T10:55:34+00:00","dateModified":"2026-04-30T06:43:08+00:00","description":"Adorbond 40 ist eine Goldreduzierte Metallkeramik-Legierung auf Goldbasis, Typ 4 (extrahart),gem. DIN EN ISO 22674","breadcrumb":{"@id":"https:\/\/www.ador-dental.de\/produkt\/metallkeramik-legierung-adorbond-40\/#breadcrumb"},"inLanguage":"fr-FR","potentialAction":[{"@type":"ReadAction","target":["https:\/\/www.ador-dental.de\/produkt\/metallkeramik-legierung-adorbond-40\/"]}]},{"@type":"ImageObject","inLanguage":"fr-FR","@id":"https:\/\/www.ador-dental.de\/produkt\/metallkeramik-legierung-adorbond-40\/#primaryimage","url":"https:\/\/www.ador-dental.de\/wp-content\/uploads\/2025\/07\/Adorbond-40-PB.png","contentUrl":"https:\/\/www.ador-dental.de\/wp-content\/uploads\/2025\/07\/Adorbond-40-PB.png","width":1024,"height":1024},{"@type":"BreadcrumbList","@id":"https:\/\/www.ador-dental.de\/produkt\/metallkeramik-legierung-adorbond-40\/#breadcrumb","itemListElement":[{"@type":"ListItem","position":1,"name":"Startseite","item":"https:\/\/www.ador-dental.de\/"},{"@type":"ListItem","position":2,"name":"Shop","item":"https:\/\/www.ador-dental.de\/en\/shop\/"},{"@type":"ListItem","position":3,"name":"ADORBOND 40"}]},{"@type":"WebSite","@id":"https:\/\/www.ador-dental.de\/en\/#website","url":"https:\/\/www.ador-dental.de\/en\/","name":"Ador Dental GmbH","description":"","publisher":{"@id":"https:\/\/www.ador-dental.de\/en\/#organization"},"potentialAction":[{"@type":"SearchAction","target":{"@type":"EntryPoint","urlTemplate":"https:\/\/www.ador-dental.de\/en\/?s={search_term_string}"},"query-input":{"@type":"PropertyValueSpecification","valueRequired":true,"valueName":"search_term_string"}}],"inLanguage":"fr-FR"},{"@type":"Organization","@id":"https:\/\/www.ador-dental.de\/en\/#organization","name":"Ador Dental GmbH","url":"https:\/\/www.ador-dental.de\/en\/","logo":{"@type":"ImageObject","inLanguage":"fr-FR","@id":"https:\/\/www.ador-dental.de\/en\/#\/schema\/logo\/image\/","url":"https:\/\/www.ador-dental.de\/wp-content\/uploads\/2021\/10\/ADOR_Logo_DentalSolutions_2020_Black.svg","contentUrl":"https:\/\/www.ador-dental.de\/wp-content\/uploads\/2021\/10\/ADOR_Logo_DentalSolutions_2020_Black.svg","width":678,"height":261,"caption":"Ador Dental GmbH"},"image":{"@id":"https:\/\/www.ador-dental.de\/en\/#\/schema\/logo\/image\/"}}]}},"_links":{"self":[{"href":"https:\/\/www.ador-dental.de\/fr\/wp-json\/wp\/v2\/product\/611","targetHints":{"allow":["GET"]}}],"collection":[{"href":"https:\/\/www.ador-dental.de\/fr\/wp-json\/wp\/v2\/product"}],"about":[{"href":"https:\/\/www.ador-dental.de\/fr\/wp-json\/wp\/v2\/types\/product"}],"replies":[{"embeddable":true,"href":"https:\/\/www.ador-dental.de\/fr\/wp-json\/wp\/v2\/comments?post=611"}],"version-history":[{"count":10,"href":"https:\/\/www.ador-dental.de\/fr\/wp-json\/wp\/v2\/product\/611\/revisions"}],"predecessor-version":[{"id":30341,"href":"https:\/\/www.ador-dental.de\/fr\/wp-json\/wp\/v2\/product\/611\/revisions\/30341"}],"wp:featuredmedia":[{"embeddable":true,"href":"https:\/\/www.ador-dental.de\/fr\/wp-json\/wp\/v2\/media\/29972"}],"wp:attachment":[{"href":"https:\/\/www.ador-dental.de\/fr\/wp-json\/wp\/v2\/media?parent=611"}],"wp:term":[{"taxonomy":"product_brand","embeddable":true,"href":"https:\/\/www.ador-dental.de\/fr\/wp-json\/wp\/v2\/product_brand?post=611"},{"taxonomy":"product_cat","embeddable":true,"href":"https:\/\/www.ador-dental.de\/fr\/wp-json\/wp\/v2\/product_cat?post=611"},{"taxonomy":"product_tag","embeddable":true,"href":"https:\/\/www.ador-dental.de\/fr\/wp-json\/wp\/v2\/product_tag?post=611"}],"curies":[{"name":"wp","href":"https:\/\/api.w.org\/{rel}","templated":true}]}}