{"id":609,"date":"2019-12-10T11:55:34","date_gmt":"2019-12-10T10:55:34","guid":{"rendered":"https:\/\/new.ador-edelmetalle.de\/produkt\/import-placeholder-for-6850\/"},"modified":"2026-04-02T09:18:24","modified_gmt":"2026-04-02T07:18:24","slug":"adornova-pdf","status":"publish","type":"product","link":"https:\/\/www.ador-dental.de\/fr\/produit\/adornova-pdf\/","title":{"rendered":"ADORNOVA PdF"},"content":{"rendered":"<p><strong>&gt;&gt;&gt;<a  data-e-disable-page-transition=\"true\" class=\"download-link\" title=\"\" href=\"https:\/\/www.ador-dental.de\/fr\/download\/28080\/?tmstv=1775325842\" rel=\"nofollow\" id=\"download-link-28080\" data-redirect=\"false\" >\n\tGebrAnw-Alliage de base dentaire-Adornova-Pdf.pdf<\/a>\n&lt;&lt;&lt;<\/strong><\/p>\n<table width=\"484.8\" cellspacing=\"0\" cellpadding=\"0\">\n<tbody>\n<tr>\n<td valign=\"top\"><b>Type<\/b><\/td>\n<td valign=\"top\">Alliage de m\u00e9taux pr\u00e9cieux \u00e0 haute teneur en or, \u00e0 base d'or, pr\u00e9vu pour les proth\u00e8ses c\u00e9ramo-m\u00e9talliques ou comme alliage de coul\u00e9e dentaire, type 3 (dur), type 4 (extra dur) pour n\/a-n<\/p>\n<p>selon la norme DIN EN ISO 22674<span class=\"Apple-converted-space\">\u00a0<\/span><\/td>\n<\/tr>\n<tr>\n<td valign=\"top\"><b>couleur :<\/b><\/td>\n<td valign=\"top\">jaune<\/td>\n<\/tr>\n<\/tbody>\n<\/table>\n<table width=\"484.8\" cellspacing=\"0\" cellpadding=\"0\">\n<tbody>\n<tr>\n<td valign=\"top\"><b>Indications :<\/b><\/td>\n<td valign=\"top\">Inlays, onlays<\/td>\n<td valign=\"top\">\u25cf<\/td>\n<\/tr>\n<tr>\n<td valign=\"top\"><\/td>\n<td valign=\"top\">Couronnes<\/td>\n<td valign=\"top\">\u25cf<\/td>\n<\/tr>\n<tr>\n<td valign=\"top\"><\/td>\n<td valign=\"top\">petits ponts<\/td>\n<td valign=\"top\">\u25cf<\/td>\n<\/tr>\n<tr>\n<td valign=\"top\"><\/td>\n<td valign=\"top\">ponts de taille moyenne<\/td>\n<td valign=\"top\">\u25cf<\/td>\n<\/tr>\n<tr>\n<td valign=\"top\"><\/td>\n<td valign=\"top\">Fraisage, usinage de c\u00f4nes et de coulisses<span class=\"Apple-converted-space\">\u00a0<\/span><\/td>\n<td valign=\"top\">\u25cf<\/td>\n<\/tr>\n<tr>\n<td valign=\"top\"><\/td>\n<td valign=\"top\">Fonte sur mod\u00e8le<\/td>\n<td valign=\"top\">\u25cf<\/td>\n<\/tr>\n<tr>\n<td valign=\"top\"><\/td>\n<td valign=\"top\">peut \u00eatre recouvert de LFC (type Carrara)<\/td>\n<td valign=\"top\">\u25cf<\/td>\n<\/tr>\n<\/tbody>\n<\/table>\n<table width=\"484.8\" cellspacing=\"0\" cellpadding=\"0\">\n<tbody>\n<tr>\n<td valign=\"top\"><b>Composition :<\/b><\/td>\n<td valign=\"top\">Au<\/td>\n<td valign=\"top\">75,00<\/td>\n<\/tr>\n<tr>\n<td valign=\"top\">(pourcentages en masse dans %)<\/td>\n<td valign=\"top\">Pt<\/td>\n<td valign=\"top\">9,10<\/td>\n<\/tr>\n<tr>\n<td valign=\"top\"><\/td>\n<td valign=\"top\">Rh<\/td>\n<td valign=\"top\">0,60<\/td>\n<\/tr>\n<tr>\n<td valign=\"top\"><\/td>\n<td valign=\"top\">Ir<\/td>\n<td valign=\"top\">0,10<\/td>\n<\/tr>\n<tr>\n<td valign=\"top\"><\/td>\n<td valign=\"top\">Ag<\/td>\n<td valign=\"top\">13,10<\/td>\n<\/tr>\n<tr>\n<td valign=\"top\"><\/td>\n<td valign=\"top\">Zn<\/td>\n<td valign=\"top\">2,00<\/td>\n<\/tr>\n<tr>\n<td valign=\"top\"><\/td>\n<td valign=\"top\">Ta<\/td>\n<td valign=\"top\">0,10<\/td>\n<\/tr>\n<\/tbody>\n<\/table>\n<table width=\"484.8\" cellspacing=\"0\" cellpadding=\"0\">\n<tbody>\n<tr>\n<td valign=\"top\"><b>Donn\u00e9es techniques :<\/b><\/td>\n<td valign=\"top\">Densit\u00e9 en g\/cm\u00b3<\/td>\n<td valign=\"top\">16,7<\/td>\n<\/tr>\n<tr>\n<td rowspan=\"2\" valign=\"top\"><\/td>\n<td valign=\"top\">Duret\u00e9 Vickers HV 5\/30<span class=\"Apple-converted-space\">\u00a0<\/span><\/td>\n<td valign=\"middle\">comme alliage de fonderie<\/td>\n<td valign=\"top\">(s) 140<\/td>\n<td valign=\"top\"><\/td>\n<td valign=\"top\">(a-s) 150<\/td>\n<\/tr>\n<tr>\n<td valign=\"top\"><\/td>\n<td valign=\"middle\">comme alliage de cuisson<\/td>\n<td valign=\"top\">(s) 140<\/td>\n<td valign=\"top\">(n) 190<\/td>\n<td valign=\"top\">(a-n) 200<\/td>\n<\/tr>\n<tr>\n<td rowspan=\"2\" valign=\"top\"><\/td>\n<td valign=\"top\">Limite d'\u00e9lasticit\u00e9 R<sub>p0,2<\/sub> en MPa<span class=\"Apple-converted-space\">\u00a0<\/span><\/td>\n<td valign=\"middle\">comme alliage de fonderie<\/td>\n<td valign=\"top\">(s) 320<\/td>\n<td valign=\"top\"><\/td>\n<td valign=\"top\">(a-s) 330<\/td>\n<\/tr>\n<tr>\n<td valign=\"top\"><\/td>\n<td valign=\"middle\">comme alliage de cuisson<\/td>\n<td valign=\"top\">(s) 320<\/td>\n<td valign=\"top\">(n) 420<\/td>\n<td valign=\"top\">(a-n) 450<\/td>\n<\/tr>\n<tr>\n<td rowspan=\"2\" valign=\"top\"><\/td>\n<td valign=\"top\">Allongement \u00e0 la rupture en %<span class=\"Apple-converted-space\">\u00a0<\/span><\/td>\n<td valign=\"middle\">comme alliage de fonderie<\/td>\n<td valign=\"top\">(s) 15<\/td>\n<td valign=\"top\"><\/td>\n<td valign=\"top\">(a-s) 15<\/td>\n<\/tr>\n<tr>\n<td valign=\"top\"><\/td>\n<td valign=\"middle\">comme alliage de cuisson<\/td>\n<td valign=\"top\">(s) 15<\/td>\n<td valign=\"top\">(n) 5<\/td>\n<td valign=\"top\">(a-n) 5<\/td>\n<\/tr>\n<tr>\n<td valign=\"top\"><\/td>\n<td valign=\"top\">CDT lin\u00e9aire moyen 25 - 500 \u00b0C dans 10<sup>-6 <\/sup>K<sup>-1<\/sup><\/td>\n<td valign=\"top\">15,8<\/td>\n<\/tr>\n<tr>\n<td valign=\"top\"><\/td>\n<td valign=\"top\">CDT lin\u00e9aire moyen 25 - 600 \u00b0C dans 10<sup>-6 <\/sup>K<sup>-1<\/sup><\/td>\n<td valign=\"top\">16,2<\/td>\n<\/tr>\n<tr>\n<td valign=\"top\"><\/td>\n<td valign=\"top\">Module d'\u00e9lasticit\u00e9 en GPa<\/td>\n<td valign=\"top\">100<\/td>\n<\/tr>\n<tr>\n<td valign=\"top\"><\/td>\n<td valign=\"top\">Intervalle de fusion en \u00b0C<\/td>\n<td valign=\"top\">1020 - 1090<\/td>\n<\/tr>\n<\/tbody>\n<\/table>\n<table width=\"484.8\" cellspacing=\"0\" cellpadding=\"0\">\n<tbody>\n<tr>\n<td valign=\"top\"><b>traitement :<\/b><\/td>\n<td valign=\"top\">Temp\u00e9rature de pr\u00e9chauffage des moules en \u00b0C<\/td>\n<td valign=\"top\">750<\/td>\n<\/tr>\n<tr>\n<td valign=\"top\"><\/td>\n<td valign=\"top\">Temp\u00e9rature de coul\u00e9e en \u00b0C<\/td>\n<td valign=\"top\">1240<\/td>\n<\/tr>\n<tr>\n<td valign=\"top\"><\/td>\n<td valign=\"top\">Creuset<\/td>\n<td valign=\"top\">Graphite\/c\u00e9ramique<\/td>\n<\/tr>\n<tr>\n<td valign=\"top\"><\/td>\n<td valign=\"top\">Cuisson d'oxydation<\/td>\n<td valign=\"top\">800\u00b0C<\/td>\n<\/tr>\n<tr>\n<td rowspan=\"2\" valign=\"top\"><\/td>\n<td rowspan=\"2\" valign=\"top\">Durcissement<\/td>\n<td valign=\"top\">(a-s)<\/td>\n<td valign=\"top\">450\u00b0C\/15min.<\/td>\n<\/tr>\n<tr>\n<td valign=\"top\">(a-n)<\/td>\n<td valign=\"top\">550\u00b0C\/15min.<\/td>\n<\/tr>\n<\/tbody>\n<\/table>\n<table width=\"484.8\" cellspacing=\"0\" cellpadding=\"0\">\n<tbody>\n<tr>\n<td valign=\"top\"><b>M\u00e9taux d'apport appropri\u00e9s :<\/b><\/td>\n<td valign=\"top\">Connexions avant la cuisson de la c\u00e9ramique<\/td>\n<td valign=\"top\">AL 920<\/td>\n<\/tr>\n<tr>\n<td valign=\"top\"><\/td>\n<td valign=\"top\">Connexions apr\u00e8s la cuisson de la c\u00e9ramique<\/td>\n<td valign=\"top\">AL 700 PF<\/td>\n<\/tr>\n<tr>\n<td valign=\"top\"><\/td>\n<td valign=\"top\">Compos\u00e9s en tant qu'alliage de coul\u00e9e<\/td>\n<td valign=\"top\">AL 750<\/td>\n<\/tr>\n<\/tbody>\n<\/table>\n<p>1) Abr\u00e9viations :<span class=\"Apple-converted-space\">\u00a0<\/span><\/p>\n<p><span class=\"Apple-converted-space\">\u00a0\u00a0 \u00a0 <\/span>s - autopolym\u00e9risation, n - apr\u00e8s la cuisson de la c\u00e9ramique, a-s - durci \u00e0 partir de l'\u00e9tat s<\/p>\n<p><span class=\"Apple-converted-space\">\u00a0\u00a0 \u00a0 <\/span>a-n - durci \u00e0 partir de l'\u00e9tat n<\/p>\n<p>2) toutes les indications sur l'\u00e9tat durci ont \u00e9t\u00e9 faites en fonction de l'alliage :<\/p>\n<p><span class=\"Apple-converted-space\">\u00a0\u00a0 \u00a0 <\/span>- Cuisson d'oxydation 10min\/ 960\u00b0C + 4x4min\/ 960\u00b0C pour les alliages cuits conventionnels jaunes<\/p>\n<p><span class=\"Apple-converted-space\">\u00a0\u00a0 \u00a0 <\/span>- Cuisson d'oxydation 10min\/ 980\u00b0C + 4x4min\/ 980\u00b0C pour les alliages c\u00e9ramisables blancs conventionnels<\/p>\n<p><span class=\"Apple-converted-space\">\u00a0\u00a0 \u00a0 <\/span>- Cuisson d'oxydation 10min\/ 800\u00b0C + 4x4min\/ 800\u00b0C pour les syst\u00e8mes LFC<\/p>\n<p><span class=\"Apple-converted-space\">\u00a0\u00a0 <\/span>Les indications de valeur correspondantes ne sont valables que dans ces conditions.<\/p>\n<p>3) La cuisson de la c\u00e9ramique doit \u00eatre effectu\u00e9e selon les indications du fabricant de c\u00e9ramique.<\/p>","protected":false},"excerpt":{"rendered":"<p><strong>Paquet de 25 g<\/strong><\/p>\n<p>Alliage universel \u00e0 haute teneur en or<\/p>\n<p><strong>En raison de l'\u00e9volution actuelle des prix des mati\u00e8res premi\u00e8res, tous les alliages sont pour l'instant publi\u00e9s sur la base du prix du jour. Les prix sont actualis\u00e9s chaque matin \u00e0 11 heures.<\/strong><\/p>","protected":false},"featured_media":29993,"comment_status":"open","ping_status":"closed","template":"","meta":{"neve_meta_sidebar":"","neve_meta_container":"","neve_meta_enable_content_width":"off","neve_meta_content_width":70,"neve_meta_title_alignment":"","neve_meta_author_avatar":"","neve_post_elements_order":"","neve_meta_disable_header":"","neve_meta_disable_footer":"","neve_meta_disable_title":"","_themeisle_gutenberg_block_has_review":false},"product_brand":[],"product_cat":[33,34,43,37],"product_tag":[],"class_list":{"0":"post-609","1":"product","2":"type-product","3":"status-publish","4":"has-post-thumbnail","6":"product_cat-legierungen","7":"product_cat-em-legierungen","8":"product_cat-hochgoldhaltig-universallegierungen","9":"product_cat-universallegierungen","11":"first","12":"instock","13":"taxable","14":"shipping-taxable","15":"purchasable","16":"product-type-simple"},"yoast_head":"<!-- This site is optimized with the Yoast SEO plugin v27.2 - https:\/\/yoast.com\/product\/yoast-seo-wordpress\/ -->\n<title>ADORNOVA PdF - Ador Dental GmbH<\/title>\n<meta name=\"description\" content=\"Adornova PdF ist eine hochgoldhaltige Edelmetall-Legierung auf Goldbasis f\u00fcr metallkeramischen Zahnersatz oder als Dentalgusslegierung\" \/>\n<meta name=\"robots\" content=\"index, follow, max-snippet:-1, max-image-preview:large, max-video-preview:-1\" \/>\n<link rel=\"canonical\" href=\"https:\/\/www.ador-dental.de\/fr\/produit\/adornova-pdf\/\" \/>\n<meta property=\"og:locale\" content=\"fr_FR\" \/>\n<meta property=\"og:type\" content=\"article\" \/>\n<meta property=\"og:title\" content=\"ADORNOVA PdF - Ador Dental GmbH\" \/>\n<meta property=\"og:description\" content=\"Adornova PdF ist eine hochgoldhaltige Edelmetall-Legierung auf Goldbasis f\u00fcr metallkeramischen Zahnersatz oder als Dentalgusslegierung\" \/>\n<meta property=\"og:url\" content=\"https:\/\/www.ador-dental.de\/fr\/produit\/adornova-pdf\/\" \/>\n<meta property=\"og:site_name\" content=\"Ador Dental GmbH\" \/>\n<meta property=\"article:modified_time\" content=\"2026-04-02T07:18:24+00:00\" \/>\n<meta property=\"og:image\" content=\"https:\/\/www.ador-dental.de\/wp-content\/uploads\/2025\/07\/Adornova-PDF-PB.png\" \/>\n\t<meta property=\"og:image:width\" content=\"1024\" \/>\n\t<meta property=\"og:image:height\" content=\"1024\" \/>\n\t<meta property=\"og:image:type\" content=\"image\/png\" \/>\n<meta name=\"twitter:card\" content=\"summary_large_image\" \/>\n<meta name=\"twitter:label1\" content=\"Dur\u00e9e de lecture estim\u00e9e\" \/>\n\t<meta name=\"twitter:data1\" content=\"1 minute\" \/>\n<script type=\"application\/ld+json\" class=\"yoast-schema-graph\">{\"@context\":\"https:\/\/schema.org\",\"@graph\":[{\"@type\":\"WebPage\",\"@id\":\"https:\/\/www.ador-dental.de\/produkt\/adornova-pdf\/\",\"url\":\"https:\/\/www.ador-dental.de\/produkt\/adornova-pdf\/\",\"name\":\"ADORNOVA PdF - Ador Dental GmbH\",\"isPartOf\":{\"@id\":\"https:\/\/www.ador-dental.de\/en\/#website\"},\"primaryImageOfPage\":{\"@id\":\"https:\/\/www.ador-dental.de\/produkt\/adornova-pdf\/#primaryimage\"},\"image\":{\"@id\":\"https:\/\/www.ador-dental.de\/produkt\/adornova-pdf\/#primaryimage\"},\"thumbnailUrl\":\"https:\/\/www.ador-dental.de\/wp-content\/uploads\/2025\/07\/Adornova-PDF-PB.png\",\"datePublished\":\"2019-12-10T10:55:34+00:00\",\"dateModified\":\"2026-04-02T07:18:24+00:00\",\"description\":\"Adornova PdF ist eine hochgoldhaltige Edelmetall-Legierung auf Goldbasis f\u00fcr metallkeramischen Zahnersatz oder als Dentalgusslegierung\",\"breadcrumb\":{\"@id\":\"https:\/\/www.ador-dental.de\/produkt\/adornova-pdf\/#breadcrumb\"},\"inLanguage\":\"fr-FR\",\"potentialAction\":[{\"@type\":\"ReadAction\",\"target\":[\"https:\/\/www.ador-dental.de\/produkt\/adornova-pdf\/\"]}]},{\"@type\":\"ImageObject\",\"inLanguage\":\"fr-FR\",\"@id\":\"https:\/\/www.ador-dental.de\/produkt\/adornova-pdf\/#primaryimage\",\"url\":\"https:\/\/www.ador-dental.de\/wp-content\/uploads\/2025\/07\/Adornova-PDF-PB.png\",\"contentUrl\":\"https:\/\/www.ador-dental.de\/wp-content\/uploads\/2025\/07\/Adornova-PDF-PB.png\",\"width\":1024,\"height\":1024},{\"@type\":\"BreadcrumbList\",\"@id\":\"https:\/\/www.ador-dental.de\/produkt\/adornova-pdf\/#breadcrumb\",\"itemListElement\":[{\"@type\":\"ListItem\",\"position\":1,\"name\":\"Startseite\",\"item\":\"https:\/\/www.ador-dental.de\/\"},{\"@type\":\"ListItem\",\"position\":2,\"name\":\"Shop\",\"item\":\"https:\/\/www.ador-dental.de\/en\/shop\/\"},{\"@type\":\"ListItem\",\"position\":3,\"name\":\"ADORNOVA PdF\"}]},{\"@type\":\"WebSite\",\"@id\":\"https:\/\/www.ador-dental.de\/en\/#website\",\"url\":\"https:\/\/www.ador-dental.de\/en\/\",\"name\":\"Ador Dental GmbH\",\"description\":\"\",\"publisher\":{\"@id\":\"https:\/\/www.ador-dental.de\/en\/#organization\"},\"potentialAction\":[{\"@type\":\"SearchAction\",\"target\":{\"@type\":\"EntryPoint\",\"urlTemplate\":\"https:\/\/www.ador-dental.de\/en\/?s={search_term_string}\"},\"query-input\":{\"@type\":\"PropertyValueSpecification\",\"valueRequired\":true,\"valueName\":\"search_term_string\"}}],\"inLanguage\":\"fr-FR\"},{\"@type\":\"Organization\",\"@id\":\"https:\/\/www.ador-dental.de\/en\/#organization\",\"name\":\"Ador Dental GmbH\",\"url\":\"https:\/\/www.ador-dental.de\/en\/\",\"logo\":{\"@type\":\"ImageObject\",\"inLanguage\":\"fr-FR\",\"@id\":\"https:\/\/www.ador-dental.de\/en\/#\/schema\/logo\/image\/\",\"url\":\"https:\/\/www.ador-dental.de\/wp-content\/uploads\/2021\/10\/ADOR_Logo_DentalSolutions_2020_Black.svg\",\"contentUrl\":\"https:\/\/www.ador-dental.de\/wp-content\/uploads\/2021\/10\/ADOR_Logo_DentalSolutions_2020_Black.svg\",\"width\":678,\"height\":261,\"caption\":\"Ador Dental GmbH\"},\"image\":{\"@id\":\"https:\/\/www.ador-dental.de\/en\/#\/schema\/logo\/image\/\"}}]}<\/script>\n<!-- \/ Yoast SEO plugin. -->","yoast_head_json":{"title":"ADORNOVA PdF - Ador Dental GmbH","description":"Adornova PdF ist eine hochgoldhaltige Edelmetall-Legierung auf Goldbasis f\u00fcr metallkeramischen Zahnersatz oder als Dentalgusslegierung","robots":{"index":"index","follow":"follow","max-snippet":"max-snippet:-1","max-image-preview":"max-image-preview:large","max-video-preview":"max-video-preview:-1"},"canonical":"https:\/\/www.ador-dental.de\/fr\/produit\/adornova-pdf\/","og_locale":"fr_FR","og_type":"article","og_title":"ADORNOVA PdF - Ador Dental GmbH","og_description":"Adornova PdF ist eine hochgoldhaltige Edelmetall-Legierung auf Goldbasis f\u00fcr metallkeramischen Zahnersatz oder als Dentalgusslegierung","og_url":"https:\/\/www.ador-dental.de\/fr\/produit\/adornova-pdf\/","og_site_name":"Ador Dental GmbH","article_modified_time":"2026-04-02T07:18:24+00:00","og_image":[{"width":1024,"height":1024,"url":"https:\/\/www.ador-dental.de\/wp-content\/uploads\/2025\/07\/Adornova-PDF-PB.png","type":"image\/png"}],"twitter_card":"summary_large_image","twitter_misc":{"Dur\u00e9e de lecture estim\u00e9e":"1 minute"},"schema":{"@context":"https:\/\/schema.org","@graph":[{"@type":"WebPage","@id":"https:\/\/www.ador-dental.de\/produkt\/adornova-pdf\/","url":"https:\/\/www.ador-dental.de\/produkt\/adornova-pdf\/","name":"ADORNOVA PdF - Ador Dental GmbH","isPartOf":{"@id":"https:\/\/www.ador-dental.de\/en\/#website"},"primaryImageOfPage":{"@id":"https:\/\/www.ador-dental.de\/produkt\/adornova-pdf\/#primaryimage"},"image":{"@id":"https:\/\/www.ador-dental.de\/produkt\/adornova-pdf\/#primaryimage"},"thumbnailUrl":"https:\/\/www.ador-dental.de\/wp-content\/uploads\/2025\/07\/Adornova-PDF-PB.png","datePublished":"2019-12-10T10:55:34+00:00","dateModified":"2026-04-02T07:18:24+00:00","description":"Adornova PdF ist eine hochgoldhaltige Edelmetall-Legierung auf Goldbasis f\u00fcr metallkeramischen Zahnersatz oder als Dentalgusslegierung","breadcrumb":{"@id":"https:\/\/www.ador-dental.de\/produkt\/adornova-pdf\/#breadcrumb"},"inLanguage":"fr-FR","potentialAction":[{"@type":"ReadAction","target":["https:\/\/www.ador-dental.de\/produkt\/adornova-pdf\/"]}]},{"@type":"ImageObject","inLanguage":"fr-FR","@id":"https:\/\/www.ador-dental.de\/produkt\/adornova-pdf\/#primaryimage","url":"https:\/\/www.ador-dental.de\/wp-content\/uploads\/2025\/07\/Adornova-PDF-PB.png","contentUrl":"https:\/\/www.ador-dental.de\/wp-content\/uploads\/2025\/07\/Adornova-PDF-PB.png","width":1024,"height":1024},{"@type":"BreadcrumbList","@id":"https:\/\/www.ador-dental.de\/produkt\/adornova-pdf\/#breadcrumb","itemListElement":[{"@type":"ListItem","position":1,"name":"Startseite","item":"https:\/\/www.ador-dental.de\/"},{"@type":"ListItem","position":2,"name":"Shop","item":"https:\/\/www.ador-dental.de\/en\/shop\/"},{"@type":"ListItem","position":3,"name":"ADORNOVA PdF"}]},{"@type":"WebSite","@id":"https:\/\/www.ador-dental.de\/en\/#website","url":"https:\/\/www.ador-dental.de\/en\/","name":"Ador Dental GmbH","description":"","publisher":{"@id":"https:\/\/www.ador-dental.de\/en\/#organization"},"potentialAction":[{"@type":"SearchAction","target":{"@type":"EntryPoint","urlTemplate":"https:\/\/www.ador-dental.de\/en\/?s={search_term_string}"},"query-input":{"@type":"PropertyValueSpecification","valueRequired":true,"valueName":"search_term_string"}}],"inLanguage":"fr-FR"},{"@type":"Organization","@id":"https:\/\/www.ador-dental.de\/en\/#organization","name":"Ador Dental GmbH","url":"https:\/\/www.ador-dental.de\/en\/","logo":{"@type":"ImageObject","inLanguage":"fr-FR","@id":"https:\/\/www.ador-dental.de\/en\/#\/schema\/logo\/image\/","url":"https:\/\/www.ador-dental.de\/wp-content\/uploads\/2021\/10\/ADOR_Logo_DentalSolutions_2020_Black.svg","contentUrl":"https:\/\/www.ador-dental.de\/wp-content\/uploads\/2021\/10\/ADOR_Logo_DentalSolutions_2020_Black.svg","width":678,"height":261,"caption":"Ador Dental GmbH"},"image":{"@id":"https:\/\/www.ador-dental.de\/en\/#\/schema\/logo\/image\/"}}]}},"_links":{"self":[{"href":"https:\/\/www.ador-dental.de\/fr\/wp-json\/wp\/v2\/product\/609","targetHints":{"allow":["GET"]}}],"collection":[{"href":"https:\/\/www.ador-dental.de\/fr\/wp-json\/wp\/v2\/product"}],"about":[{"href":"https:\/\/www.ador-dental.de\/fr\/wp-json\/wp\/v2\/types\/product"}],"replies":[{"embeddable":true,"href":"https:\/\/www.ador-dental.de\/fr\/wp-json\/wp\/v2\/comments?post=609"}],"version-history":[{"count":7,"href":"https:\/\/www.ador-dental.de\/fr\/wp-json\/wp\/v2\/product\/609\/revisions"}],"predecessor-version":[{"id":30343,"href":"https:\/\/www.ador-dental.de\/fr\/wp-json\/wp\/v2\/product\/609\/revisions\/30343"}],"wp:featuredmedia":[{"embeddable":true,"href":"https:\/\/www.ador-dental.de\/fr\/wp-json\/wp\/v2\/media\/29993"}],"wp:attachment":[{"href":"https:\/\/www.ador-dental.de\/fr\/wp-json\/wp\/v2\/media?parent=609"}],"wp:term":[{"taxonomy":"product_brand","embeddable":true,"href":"https:\/\/www.ador-dental.de\/fr\/wp-json\/wp\/v2\/product_brand?post=609"},{"taxonomy":"product_cat","embeddable":true,"href":"https:\/\/www.ador-dental.de\/fr\/wp-json\/wp\/v2\/product_cat?post=609"},{"taxonomy":"product_tag","embeddable":true,"href":"https:\/\/www.ador-dental.de\/fr\/wp-json\/wp\/v2\/product_tag?post=609"}],"curies":[{"name":"wp","href":"https:\/\/api.w.org\/{rel}","templated":true}]}}