{"id":580,"date":"2019-12-10T11:55:29","date_gmt":"2019-12-10T10:55:29","guid":{"rendered":"https:\/\/new.ador-edelmetalle.de\/produkt\/import-placeholder-for-6301\/"},"modified":"2026-04-30T08:42:54","modified_gmt":"2026-04-30T06:42:54","slug":"edelmetalllegierung-ador-tk-85","status":"publish","type":"product","link":"https:\/\/www.ador-dental.de\/fr\/produit\/edelmetalllegierung-ador-tk-85\/","title":{"rendered":"Ador TK 85"},"content":{"rendered":"<p><strong>&gt;&gt;&gt;<a  data-e-disable-page-transition=\"true\" class=\"download-link\" title=\"\" href=\"https:\/\/www.ador-dental.de\/fr\/download\/28198\/?tmstv=1777582409\" rel=\"nofollow\" id=\"download-link-28198\" data-redirect=\"false\" >\n\tGebrAnw-Alliage de base dentaire-TK-85.pdf<\/a>\n&lt;&lt;&lt;<\/strong><\/p>\n<table width=\"484.8\" cellspacing=\"0\" cellpadding=\"0\">\n<tbody>\n<tr>\n<td valign=\"top\"><b>Type<\/b><\/td>\n<td valign=\"top\">Alliage de coul\u00e9e dentaire \u00e0 base d'or \u00e0 haute teneur en or, type 4 (extra dur),<span class=\"Apple-converted-space\">\u00a0<\/span><\/p>\n<p>selon la norme DIN EN ISO 22674<\/td>\n<\/tr>\n<tr>\n<td valign=\"top\"><b>couleur :<\/b><\/td>\n<td valign=\"top\">jaune<\/td>\n<\/tr>\n<\/tbody>\n<\/table>\n<table width=\"484.8\" cellspacing=\"0\" cellpadding=\"0\">\n<tbody>\n<tr>\n<td valign=\"top\"><b>Indications :<\/b><\/td>\n<td valign=\"top\">Inlays, onlays<\/td>\n<td valign=\"top\">\u25cf<\/td>\n<\/tr>\n<tr>\n<td valign=\"top\"><\/td>\n<td valign=\"top\">Couronnes<\/td>\n<td valign=\"top\">\u25cf<\/td>\n<\/tr>\n<tr>\n<td valign=\"top\"><\/td>\n<td valign=\"top\">petits ponts<\/td>\n<td valign=\"top\">\u25cf<\/td>\n<\/tr>\n<tr>\n<td valign=\"top\"><\/td>\n<td valign=\"top\">Ponts de toute envergure physiologique<\/td>\n<td valign=\"top\">\u25cf<\/td>\n<\/tr>\n<tr>\n<td valign=\"top\"><\/td>\n<td valign=\"top\">Fraisage, usinage de c\u00f4nes et de coulisses<span class=\"Apple-converted-space\">\u00a0<\/span><\/td>\n<td valign=\"top\">\u25cf<\/td>\n<\/tr>\n<tr>\n<td valign=\"top\"><\/td>\n<td valign=\"top\">Fonte sur mod\u00e8le<\/td>\n<td valign=\"top\"><\/td>\n<\/tr>\n<\/tbody>\n<\/table>\n<table width=\"486.0\" cellspacing=\"0\" cellpadding=\"0\">\n<tbody>\n<tr>\n<td valign=\"top\"><b>Composition :<\/b><\/td>\n<td valign=\"top\">Au<\/td>\n<td valign=\"top\">85,30<\/td>\n<\/tr>\n<tr>\n<td valign=\"top\">(pourcentages en masse dans %)<\/td>\n<td valign=\"top\">Pt<\/td>\n<td valign=\"top\"><span class=\"Apple-converted-space\">\u00a0 <\/span>9,90<\/td>\n<\/tr>\n<tr>\n<td valign=\"top\"><\/td>\n<td valign=\"top\">Ir<\/td>\n<td valign=\"top\"><span class=\"Apple-converted-space\">\u00a0 <\/span>0,10<\/td>\n<\/tr>\n<tr>\n<td valign=\"top\"><\/td>\n<td valign=\"top\">Rh<\/td>\n<td valign=\"top\"><span class=\"Apple-converted-space\">\u00a0 <\/span>0,70<\/td>\n<\/tr>\n<tr>\n<td valign=\"top\"><\/td>\n<td valign=\"top\">Zn<\/td>\n<td valign=\"top\"><span class=\"Apple-converted-space\">\u00a0 <\/span>3,00<\/td>\n<\/tr>\n<tr>\n<td valign=\"top\"><\/td>\n<td valign=\"top\">Dans<\/td>\n<td valign=\"top\"><span class=\"Apple-converted-space\">\u00a0 <\/span>1,00<\/td>\n<\/tr>\n<\/tbody>\n<\/table>\n<table width=\"484.8\" cellspacing=\"0\" cellpadding=\"0\">\n<tbody>\n<tr>\n<td valign=\"top\"><b>Donn\u00e9es techniques :<\/b><\/td>\n<td valign=\"top\">Densit\u00e9 en g\/cm\u00b3<\/td>\n<td valign=\"top\">18,2<\/td>\n<\/tr>\n<tr>\n<td valign=\"top\"><\/td>\n<td valign=\"top\">Duret\u00e9 Vickers HV 5\/30<span class=\"Apple-converted-space\">\u00a0<\/span><\/td>\n<td valign=\"top\">(s) 180<span class=\"Apple-converted-space\">\u00a0 \u00a0 \u00a0 \u00a0 <\/span>(a-s) 200 <span class=\"Apple-converted-space\">\u00a0 \u00a0 \u00a0 \u00a0 \u00a0 \u00a0 \u00a0<\/span><\/td>\n<\/tr>\n<tr>\n<td valign=\"top\"><\/td>\n<td valign=\"top\">Limite d'\u00e9lasticit\u00e9 R<sub>p0,2<\/sub> en MPa<\/td>\n<td valign=\"top\">(s) 410<span class=\"Apple-converted-space\">\u00a0 \u00a0 \u00a0 \u00a0 <\/span>(a-s) 500<\/td>\n<\/tr>\n<tr>\n<td valign=\"top\"><\/td>\n<td valign=\"top\">Allongement \u00e0 la rupture en %<span class=\"Apple-converted-space\">\u00a0<\/span><\/td>\n<td valign=\"top\">(s) 4<span class=\"Apple-converted-space\">\u00a0 \u00a0 \u00a0 \u00a0 \u00a0 \u00a0 <\/span>(a-s) 4<\/td>\n<\/tr>\n<tr>\n<td valign=\"top\"><\/td>\n<td valign=\"top\">Module d'\u00e9lasticit\u00e9 en GPa<\/td>\n<td valign=\"top\">100<\/td>\n<\/tr>\n<tr>\n<td valign=\"top\"><\/td>\n<td valign=\"top\">Intervalle de fusion en \u00b0C<\/td>\n<td valign=\"top\">950 \u2013 1070<\/td>\n<\/tr>\n<\/tbody>\n<\/table>\n<table width=\"484.8\" cellspacing=\"0\" cellpadding=\"0\">\n<tbody>\n<tr>\n<td valign=\"top\"><b>traitement :<\/b><\/td>\n<td valign=\"top\">Temp\u00e9rature de pr\u00e9chauffage des moules en \u00b0C<\/td>\n<td valign=\"top\">800<\/td>\n<\/tr>\n<tr>\n<td valign=\"top\"><\/td>\n<td valign=\"top\">Temp\u00e9rature de coul\u00e9e en \u00b0C<\/td>\n<td valign=\"top\">1220<\/td>\n<\/tr>\n<tr>\n<td valign=\"top\"><\/td>\n<td valign=\"top\">Creuset<\/td>\n<td valign=\"top\">Graphite\/c\u00e9ramique<\/td>\n<\/tr>\n<tr>\n<td valign=\"top\"><\/td>\n<td valign=\"top\">Durcissement<\/td>\n<td valign=\"top\">450\u00b0C\/15min<span class=\"Apple-converted-space\">\u00a0<\/span><\/td>\n<\/tr>\n<\/tbody>\n<\/table>\n<table width=\"484.8\" cellspacing=\"0\" cellpadding=\"0\">\n<tbody>\n<tr>\n<td valign=\"top\"><b>M\u00e9taux d'apport appropri\u00e9s :<\/b><\/td>\n<td valign=\"top\">Compos\u00e9s en tant qu'alliage de coul\u00e9e<\/td>\n<td valign=\"top\">AL 800 Lot<\/td>\n<\/tr>\n<tr>\n<td valign=\"top\"><\/td>\n<td valign=\"top\">Compos\u00e9s en tant qu'alliage de coul\u00e9e<\/td>\n<td valign=\"top\">AL 750 Lot<\/td>\n<\/tr>\n<\/tbody>\n<\/table>\n<p>1) Abr\u00e9viations :<span class=\"Apple-converted-space\">\u00a0<\/span><\/p>\n<p><span class=\"Apple-converted-space\">\u00a0\u00a0 \u00a0 <\/span>s - autopolym\u00e9risation, n - apr\u00e8s la cuisson de la c\u00e9ramique, a-s - durci \u00e0 partir de l'\u00e9tat s<\/p>\n<p><span class=\"Apple-converted-space\">\u00a0\u00a0 \u00a0 <\/span>a-n - durci \u00e0 partir de l'\u00e9tat n<\/p>\n<p>2) toutes les indications sur l'\u00e9tat durci ont \u00e9t\u00e9 faites en fonction de l'alliage :<\/p>\n<p><span class=\"Apple-converted-space\">\u00a0\u00a0 \u00a0 <\/span>- Cuisson d'oxydation 10min\/ 960\u00b0C + 4x4min\/ 960\u00b0C pour les alliages cuits conventionnels jaunes<\/p>\n<p><span class=\"Apple-converted-space\">\u00a0\u00a0 \u00a0 <\/span>- Cuisson d'oxydation 10min\/ 980\u00b0C + 4x4min\/ 980\u00b0C pour les alliages c\u00e9ramisables blancs conventionnels<\/p>\n<p><span class=\"Apple-converted-space\">\u00a0\u00a0 \u00a0 <\/span>- Cuisson d'oxydation 10min\/ 800\u00b0C + 4x4min\/ 800\u00b0C pour les syst\u00e8mes LFC<\/p>\n<p><span class=\"Apple-converted-space\">\u00a0\u00a0 <\/span>Les indications de valeur correspondantes ne sont valables que dans ces conditions.<\/p>\n<p>3) La cuisson de la c\u00e9ramique doit \u00eatre effectu\u00e9e selon les indications du fabricant de c\u00e9ramique.<\/p>","protected":false},"excerpt":{"rendered":"<p><strong>Paquet de 25 g<\/strong><\/p>\n<p>Alliage de coul\u00e9e \u00e0 haute teneur en or<\/p>\n<p><strong>En raison de l'\u00e9volution actuelle des prix des mati\u00e8res premi\u00e8res, tous les alliages sont pour l'instant publi\u00e9s sur la base du prix du jour. Les prix sont actualis\u00e9s chaque matin \u00e0 11 heures.<\/strong><\/p>","protected":false},"featured_media":29970,"comment_status":"open","ping_status":"closed","template":"","meta":{"neve_meta_sidebar":"","neve_meta_container":"","neve_meta_enable_content_width":"off","neve_meta_content_width":70,"neve_meta_title_alignment":"","neve_meta_author_avatar":"","neve_post_elements_order":"","neve_meta_disable_header":"","neve_meta_disable_footer":"","neve_meta_disable_title":"","_themeisle_gutenberg_block_has_review":false},"product_brand":[],"product_cat":[33,34,36,41],"product_tag":[],"class_list":{"0":"post-580","1":"product","2":"type-product","3":"status-publish","4":"has-post-thumbnail","6":"product_cat-legierungen","7":"product_cat-em-legierungen","8":"product_cat-gusslegierungen","9":"product_cat-hochgoldhaltig-gusslegierungen","11":"first","12":"instock","13":"taxable","14":"shipping-taxable","15":"purchasable","16":"product-type-simple"},"yoast_head":"<!-- This site is optimized with the Yoast SEO plugin v27.4 - https:\/\/yoast.com\/product\/yoast-seo-wordpress\/ -->\n<title>Ador TK 85 - Ador Dental GmbH<\/title>\n<meta name=\"description\" content=\"Die Ador TK 85 Legierung ist eine hochgoldhaltige Dentalgusslegierung auf Goldbasis, Typ 4 (extrahart) gem\u00e4\u00df DIN EN ISO 22674\" \/>\n<meta name=\"robots\" content=\"index, follow, max-snippet:-1, max-image-preview:large, max-video-preview:-1\" \/>\n<link rel=\"canonical\" href=\"https:\/\/www.ador-dental.de\/fr\/produit\/edelmetalllegierung-ador-tk-85\/\" \/>\n<meta property=\"og:locale\" content=\"fr_FR\" \/>\n<meta property=\"og:type\" content=\"article\" \/>\n<meta property=\"og:title\" content=\"Ador TK 85 - Ador Dental GmbH\" \/>\n<meta property=\"og:description\" content=\"Die Ador TK 85 Legierung ist eine hochgoldhaltige Dentalgusslegierung auf Goldbasis, Typ 4 (extrahart) gem\u00e4\u00df DIN EN ISO 22674\" \/>\n<meta property=\"og:url\" content=\"https:\/\/www.ador-dental.de\/fr\/produit\/edelmetalllegierung-ador-tk-85\/\" \/>\n<meta property=\"og:site_name\" content=\"Ador Dental GmbH\" \/>\n<meta property=\"article:modified_time\" content=\"2026-04-30T06:42:54+00:00\" \/>\n<meta property=\"og:image\" content=\"https:\/\/www.ador-dental.de\/wp-content\/uploads\/2025\/07\/Ador-TK-85-PB.png\" \/>\n\t<meta property=\"og:image:width\" content=\"1024\" \/>\n\t<meta property=\"og:image:height\" content=\"1024\" \/>\n\t<meta property=\"og:image:type\" content=\"image\/png\" \/>\n<meta name=\"twitter:card\" content=\"summary_large_image\" \/>\n<meta name=\"twitter:label1\" content=\"Dur\u00e9e de lecture estim\u00e9e\" \/>\n\t<meta name=\"twitter:data1\" content=\"1 minute\" \/>\n<script type=\"application\/ld+json\" class=\"yoast-schema-graph\">{\"@context\":\"https:\\\/\\\/schema.org\",\"@graph\":[{\"@type\":\"WebPage\",\"@id\":\"https:\\\/\\\/www.ador-dental.de\\\/produkt\\\/edelmetalllegierung-ador-tk-85\\\/\",\"url\":\"https:\\\/\\\/www.ador-dental.de\\\/produkt\\\/edelmetalllegierung-ador-tk-85\\\/\",\"name\":\"Ador TK 85 - Ador Dental GmbH\",\"isPartOf\":{\"@id\":\"https:\\\/\\\/www.ador-dental.de\\\/en\\\/#website\"},\"primaryImageOfPage\":{\"@id\":\"https:\\\/\\\/www.ador-dental.de\\\/produkt\\\/edelmetalllegierung-ador-tk-85\\\/#primaryimage\"},\"image\":{\"@id\":\"https:\\\/\\\/www.ador-dental.de\\\/produkt\\\/edelmetalllegierung-ador-tk-85\\\/#primaryimage\"},\"thumbnailUrl\":\"https:\\\/\\\/www.ador-dental.de\\\/wp-content\\\/uploads\\\/2025\\\/07\\\/Ador-TK-85-PB.png\",\"datePublished\":\"2019-12-10T10:55:29+00:00\",\"dateModified\":\"2026-04-30T06:42:54+00:00\",\"description\":\"Die Ador TK 85 Legierung ist eine hochgoldhaltige Dentalgusslegierung auf Goldbasis, Typ 4 (extrahart) gem\u00e4\u00df DIN EN ISO 22674\",\"breadcrumb\":{\"@id\":\"https:\\\/\\\/www.ador-dental.de\\\/produkt\\\/edelmetalllegierung-ador-tk-85\\\/#breadcrumb\"},\"inLanguage\":\"fr-FR\",\"potentialAction\":[{\"@type\":\"ReadAction\",\"target\":[\"https:\\\/\\\/www.ador-dental.de\\\/produkt\\\/edelmetalllegierung-ador-tk-85\\\/\"]}]},{\"@type\":\"ImageObject\",\"inLanguage\":\"fr-FR\",\"@id\":\"https:\\\/\\\/www.ador-dental.de\\\/produkt\\\/edelmetalllegierung-ador-tk-85\\\/#primaryimage\",\"url\":\"https:\\\/\\\/www.ador-dental.de\\\/wp-content\\\/uploads\\\/2025\\\/07\\\/Ador-TK-85-PB.png\",\"contentUrl\":\"https:\\\/\\\/www.ador-dental.de\\\/wp-content\\\/uploads\\\/2025\\\/07\\\/Ador-TK-85-PB.png\",\"width\":1024,\"height\":1024},{\"@type\":\"BreadcrumbList\",\"@id\":\"https:\\\/\\\/www.ador-dental.de\\\/produkt\\\/edelmetalllegierung-ador-tk-85\\\/#breadcrumb\",\"itemListElement\":[{\"@type\":\"ListItem\",\"position\":1,\"name\":\"Startseite\",\"item\":\"https:\\\/\\\/www.ador-dental.de\\\/\"},{\"@type\":\"ListItem\",\"position\":2,\"name\":\"Shop\",\"item\":\"https:\\\/\\\/www.ador-dental.de\\\/en\\\/shop\\\/\"},{\"@type\":\"ListItem\",\"position\":3,\"name\":\"Ador TK 85\"}]},{\"@type\":\"WebSite\",\"@id\":\"https:\\\/\\\/www.ador-dental.de\\\/en\\\/#website\",\"url\":\"https:\\\/\\\/www.ador-dental.de\\\/en\\\/\",\"name\":\"Ador Dental GmbH\",\"description\":\"\",\"publisher\":{\"@id\":\"https:\\\/\\\/www.ador-dental.de\\\/en\\\/#organization\"},\"potentialAction\":[{\"@type\":\"SearchAction\",\"target\":{\"@type\":\"EntryPoint\",\"urlTemplate\":\"https:\\\/\\\/www.ador-dental.de\\\/en\\\/?s={search_term_string}\"},\"query-input\":{\"@type\":\"PropertyValueSpecification\",\"valueRequired\":true,\"valueName\":\"search_term_string\"}}],\"inLanguage\":\"fr-FR\"},{\"@type\":\"Organization\",\"@id\":\"https:\\\/\\\/www.ador-dental.de\\\/en\\\/#organization\",\"name\":\"Ador Dental GmbH\",\"url\":\"https:\\\/\\\/www.ador-dental.de\\\/en\\\/\",\"logo\":{\"@type\":\"ImageObject\",\"inLanguage\":\"fr-FR\",\"@id\":\"https:\\\/\\\/www.ador-dental.de\\\/en\\\/#\\\/schema\\\/logo\\\/image\\\/\",\"url\":\"https:\\\/\\\/www.ador-dental.de\\\/wp-content\\\/uploads\\\/2021\\\/10\\\/ADOR_Logo_DentalSolutions_2020_Black.svg\",\"contentUrl\":\"https:\\\/\\\/www.ador-dental.de\\\/wp-content\\\/uploads\\\/2021\\\/10\\\/ADOR_Logo_DentalSolutions_2020_Black.svg\",\"width\":678,\"height\":261,\"caption\":\"Ador Dental GmbH\"},\"image\":{\"@id\":\"https:\\\/\\\/www.ador-dental.de\\\/en\\\/#\\\/schema\\\/logo\\\/image\\\/\"}}]}<\/script>\n<!-- \/ Yoast SEO plugin. -->","yoast_head_json":{"title":"Ador TK 85 - Ador Dental GmbH","description":"Die Ador TK 85 Legierung ist eine hochgoldhaltige Dentalgusslegierung auf Goldbasis, Typ 4 (extrahart) gem\u00e4\u00df DIN EN ISO 22674","robots":{"index":"index","follow":"follow","max-snippet":"max-snippet:-1","max-image-preview":"max-image-preview:large","max-video-preview":"max-video-preview:-1"},"canonical":"https:\/\/www.ador-dental.de\/fr\/produit\/edelmetalllegierung-ador-tk-85\/","og_locale":"fr_FR","og_type":"article","og_title":"Ador TK 85 - Ador Dental GmbH","og_description":"Die Ador TK 85 Legierung ist eine hochgoldhaltige Dentalgusslegierung auf Goldbasis, Typ 4 (extrahart) gem\u00e4\u00df DIN EN ISO 22674","og_url":"https:\/\/www.ador-dental.de\/fr\/produit\/edelmetalllegierung-ador-tk-85\/","og_site_name":"Ador Dental GmbH","article_modified_time":"2026-04-30T06:42:54+00:00","og_image":[{"width":1024,"height":1024,"url":"https:\/\/www.ador-dental.de\/wp-content\/uploads\/2025\/07\/Ador-TK-85-PB.png","type":"image\/png"}],"twitter_card":"summary_large_image","twitter_misc":{"Dur\u00e9e de lecture estim\u00e9e":"1 minute"},"schema":{"@context":"https:\/\/schema.org","@graph":[{"@type":"WebPage","@id":"https:\/\/www.ador-dental.de\/produkt\/edelmetalllegierung-ador-tk-85\/","url":"https:\/\/www.ador-dental.de\/produkt\/edelmetalllegierung-ador-tk-85\/","name":"Ador TK 85 - Ador Dental GmbH","isPartOf":{"@id":"https:\/\/www.ador-dental.de\/en\/#website"},"primaryImageOfPage":{"@id":"https:\/\/www.ador-dental.de\/produkt\/edelmetalllegierung-ador-tk-85\/#primaryimage"},"image":{"@id":"https:\/\/www.ador-dental.de\/produkt\/edelmetalllegierung-ador-tk-85\/#primaryimage"},"thumbnailUrl":"https:\/\/www.ador-dental.de\/wp-content\/uploads\/2025\/07\/Ador-TK-85-PB.png","datePublished":"2019-12-10T10:55:29+00:00","dateModified":"2026-04-30T06:42:54+00:00","description":"Die Ador TK 85 Legierung ist eine hochgoldhaltige Dentalgusslegierung auf Goldbasis, Typ 4 (extrahart) gem\u00e4\u00df DIN EN ISO 22674","breadcrumb":{"@id":"https:\/\/www.ador-dental.de\/produkt\/edelmetalllegierung-ador-tk-85\/#breadcrumb"},"inLanguage":"fr-FR","potentialAction":[{"@type":"ReadAction","target":["https:\/\/www.ador-dental.de\/produkt\/edelmetalllegierung-ador-tk-85\/"]}]},{"@type":"ImageObject","inLanguage":"fr-FR","@id":"https:\/\/www.ador-dental.de\/produkt\/edelmetalllegierung-ador-tk-85\/#primaryimage","url":"https:\/\/www.ador-dental.de\/wp-content\/uploads\/2025\/07\/Ador-TK-85-PB.png","contentUrl":"https:\/\/www.ador-dental.de\/wp-content\/uploads\/2025\/07\/Ador-TK-85-PB.png","width":1024,"height":1024},{"@type":"BreadcrumbList","@id":"https:\/\/www.ador-dental.de\/produkt\/edelmetalllegierung-ador-tk-85\/#breadcrumb","itemListElement":[{"@type":"ListItem","position":1,"name":"Startseite","item":"https:\/\/www.ador-dental.de\/"},{"@type":"ListItem","position":2,"name":"Shop","item":"https:\/\/www.ador-dental.de\/en\/shop\/"},{"@type":"ListItem","position":3,"name":"Ador TK 85"}]},{"@type":"WebSite","@id":"https:\/\/www.ador-dental.de\/en\/#website","url":"https:\/\/www.ador-dental.de\/en\/","name":"Ador Dental GmbH","description":"","publisher":{"@id":"https:\/\/www.ador-dental.de\/en\/#organization"},"potentialAction":[{"@type":"SearchAction","target":{"@type":"EntryPoint","urlTemplate":"https:\/\/www.ador-dental.de\/en\/?s={search_term_string}"},"query-input":{"@type":"PropertyValueSpecification","valueRequired":true,"valueName":"search_term_string"}}],"inLanguage":"fr-FR"},{"@type":"Organization","@id":"https:\/\/www.ador-dental.de\/en\/#organization","name":"Ador Dental GmbH","url":"https:\/\/www.ador-dental.de\/en\/","logo":{"@type":"ImageObject","inLanguage":"fr-FR","@id":"https:\/\/www.ador-dental.de\/en\/#\/schema\/logo\/image\/","url":"https:\/\/www.ador-dental.de\/wp-content\/uploads\/2021\/10\/ADOR_Logo_DentalSolutions_2020_Black.svg","contentUrl":"https:\/\/www.ador-dental.de\/wp-content\/uploads\/2021\/10\/ADOR_Logo_DentalSolutions_2020_Black.svg","width":678,"height":261,"caption":"Ador Dental GmbH"},"image":{"@id":"https:\/\/www.ador-dental.de\/en\/#\/schema\/logo\/image\/"}}]}},"_links":{"self":[{"href":"https:\/\/www.ador-dental.de\/fr\/wp-json\/wp\/v2\/product\/580","targetHints":{"allow":["GET"]}}],"collection":[{"href":"https:\/\/www.ador-dental.de\/fr\/wp-json\/wp\/v2\/product"}],"about":[{"href":"https:\/\/www.ador-dental.de\/fr\/wp-json\/wp\/v2\/types\/product"}],"replies":[{"embeddable":true,"href":"https:\/\/www.ador-dental.de\/fr\/wp-json\/wp\/v2\/comments?post=580"}],"version-history":[{"count":6,"href":"https:\/\/www.ador-dental.de\/fr\/wp-json\/wp\/v2\/product\/580\/revisions"}],"predecessor-version":[{"id":30367,"href":"https:\/\/www.ador-dental.de\/fr\/wp-json\/wp\/v2\/product\/580\/revisions\/30367"}],"wp:featuredmedia":[{"embeddable":true,"href":"https:\/\/www.ador-dental.de\/fr\/wp-json\/wp\/v2\/media\/29970"}],"wp:attachment":[{"href":"https:\/\/www.ador-dental.de\/fr\/wp-json\/wp\/v2\/media?parent=580"}],"wp:term":[{"taxonomy":"product_brand","embeddable":true,"href":"https:\/\/www.ador-dental.de\/fr\/wp-json\/wp\/v2\/product_brand?post=580"},{"taxonomy":"product_cat","embeddable":true,"href":"https:\/\/www.ador-dental.de\/fr\/wp-json\/wp\/v2\/product_cat?post=580"},{"taxonomy":"product_tag","embeddable":true,"href":"https:\/\/www.ador-dental.de\/fr\/wp-json\/wp\/v2\/product_tag?post=580"}],"curies":[{"name":"wp","href":"https:\/\/api.w.org\/{rel}","templated":true}]}}