{"id":3516,"date":"2020-03-31T15:02:19","date_gmt":"2020-03-31T13:02:19","guid":{"rendered":"https:\/\/new.ador-edelmetalle.de\/?post_type=product&#038;p=3516"},"modified":"2026-04-30T08:50:34","modified_gmt":"2026-04-30T06:50:34","slug":"laserdraht-lw-no-1","status":"publish","type":"product","link":"https:\/\/www.ador-dental.de\/fr\/produit\/laserdraht-lw-no-1\/","title":{"rendered":"LW No 1"},"content":{"rendered":"<p><strong>Donn\u00e9es techniques :<\/strong><br \/>\nAu : 84,5%<br \/>\nPt : 13,30%<br \/>\nZn : 1,9%<br \/>\nIr : 0,10%<br \/>\nRh : 0,10%<br \/>\nFe : 0,10%<\/p>\n<p>Densit\u00e9 : 18,9 g\/cm\u00b3<\/p>\n<p>Intervalle de fusion : 1045-1205\u00b0C<\/p>\n<p>longueur : 200 mm<\/p>\n<p>\u00d8 0,40 mm<\/p>","protected":false},"excerpt":{"rendered":"<p><strong>Par gramme<\/strong><\/p>\n<p>Fil laser pour nos alliages :<br \/>\n- Adornova BPF<br \/>\n- Adornova P 500<br \/>\n- Adorbond G<\/p>\n<p><strong>En raison de l'\u00e9volution actuelle des prix des mati\u00e8res premi\u00e8res, tous les alliages sont pour l'instant publi\u00e9s sur la base du prix du jour. Les prix sont actualis\u00e9s chaque matin \u00e0 11 heures.<\/strong><\/p>","protected":false},"featured_media":4740,"comment_status":"open","ping_status":"closed","template":"","meta":{"neve_meta_sidebar":"","neve_meta_container":"","neve_meta_enable_content_width":"off","neve_meta_content_width":70,"neve_meta_title_alignment":"","neve_meta_author_avatar":"","neve_post_elements_order":"","neve_meta_disable_header":"","neve_meta_disable_footer":"","neve_meta_disable_title":"","_themeisle_gutenberg_block_has_review":false},"product_brand":[],"product_cat":[33,34,54],"product_tag":[],"class_list":{"0":"post-3516","1":"product","2":"type-product","3":"status-publish","4":"has-post-thumbnail","6":"product_cat-legierungen","7":"product_cat-em-legierungen","8":"product_cat-laserdraehte","10":"first","11":"instock","12":"taxable","13":"shipping-taxable","14":"purchasable","15":"product-type-simple"},"yoast_head":"<!-- This site is optimized with the Yoast SEO plugin v27.4 - https:\/\/yoast.com\/product\/yoast-seo-wordpress\/ -->\n<title>LW No 1 - Ador Dental GmbH<\/title>\n<meta name=\"description\" content=\"Der Laserdraht LW No. 1 ist zusammengesetzt aus folgenden Bestandteilen: Au: 84,5%Pt: 13,30%Zn: 1,9%Ir: 0,10%Rh: 0,10: 0,10%\" \/>\n<meta name=\"robots\" content=\"index, follow, max-snippet:-1, max-image-preview:large, max-video-preview:-1\" \/>\n<link rel=\"canonical\" href=\"https:\/\/www.ador-dental.de\/fr\/produit\/laserdraht-lw-no-1\/\" \/>\n<meta property=\"og:locale\" content=\"fr_FR\" \/>\n<meta property=\"og:type\" content=\"article\" \/>\n<meta property=\"og:title\" content=\"LW No 1 - Ador Dental GmbH\" \/>\n<meta property=\"og:description\" content=\"Der Laserdraht LW No. 1 ist zusammengesetzt aus folgenden Bestandteilen: Au: 84,5%Pt: 13,30%Zn: 1,9%Ir: 0,10%Rh: 0,10: 0,10%\" \/>\n<meta property=\"og:url\" content=\"https:\/\/www.ador-dental.de\/fr\/produit\/laserdraht-lw-no-1\/\" \/>\n<meta property=\"og:site_name\" content=\"Ador Dental GmbH\" \/>\n<meta property=\"article:modified_time\" content=\"2026-04-30T06:50:34+00:00\" \/>\n<meta property=\"og:image\" content=\"https:\/\/www.ador-dental.de\/wp-content\/uploads\/2020\/03\/Unbenannt-1-6-scaled.jpg\" \/>\n\t<meta property=\"og:image:width\" content=\"2560\" \/>\n\t<meta property=\"og:image:height\" content=\"2560\" \/>\n\t<meta property=\"og:image:type\" content=\"image\/jpeg\" \/>\n<meta name=\"twitter:card\" content=\"summary_large_image\" \/>\n<script type=\"application\/ld+json\" class=\"yoast-schema-graph\">{\"@context\":\"https:\\\/\\\/schema.org\",\"@graph\":[{\"@type\":\"WebPage\",\"@id\":\"https:\\\/\\\/www.ador-dental.de\\\/produkt\\\/laserdraht-lw-no-1\\\/\",\"url\":\"https:\\\/\\\/www.ador-dental.de\\\/produkt\\\/laserdraht-lw-no-1\\\/\",\"name\":\"LW No 1 - Ador Dental GmbH\",\"isPartOf\":{\"@id\":\"https:\\\/\\\/www.ador-dental.de\\\/en\\\/#website\"},\"primaryImageOfPage\":{\"@id\":\"https:\\\/\\\/www.ador-dental.de\\\/produkt\\\/laserdraht-lw-no-1\\\/#primaryimage\"},\"image\":{\"@id\":\"https:\\\/\\\/www.ador-dental.de\\\/produkt\\\/laserdraht-lw-no-1\\\/#primaryimage\"},\"thumbnailUrl\":\"https:\\\/\\\/www.ador-dental.de\\\/wp-content\\\/uploads\\\/2020\\\/03\\\/Unbenannt-1-6-scaled.jpg\",\"datePublished\":\"2020-03-31T13:02:19+00:00\",\"dateModified\":\"2026-04-30T06:50:34+00:00\",\"description\":\"Der Laserdraht LW No. 1 ist zusammengesetzt aus folgenden Bestandteilen: Au: 84,5%Pt: 13,30%Zn: 1,9%Ir: 0,10%Rh: 0,10: 0,10%\",\"breadcrumb\":{\"@id\":\"https:\\\/\\\/www.ador-dental.de\\\/produkt\\\/laserdraht-lw-no-1\\\/#breadcrumb\"},\"inLanguage\":\"fr-FR\",\"potentialAction\":[{\"@type\":\"ReadAction\",\"target\":[\"https:\\\/\\\/www.ador-dental.de\\\/produkt\\\/laserdraht-lw-no-1\\\/\"]}]},{\"@type\":\"ImageObject\",\"inLanguage\":\"fr-FR\",\"@id\":\"https:\\\/\\\/www.ador-dental.de\\\/produkt\\\/laserdraht-lw-no-1\\\/#primaryimage\",\"url\":\"https:\\\/\\\/www.ador-dental.de\\\/wp-content\\\/uploads\\\/2020\\\/03\\\/Unbenannt-1-6-scaled.jpg\",\"contentUrl\":\"https:\\\/\\\/www.ador-dental.de\\\/wp-content\\\/uploads\\\/2020\\\/03\\\/Unbenannt-1-6-scaled.jpg\",\"width\":2560,\"height\":2560},{\"@type\":\"BreadcrumbList\",\"@id\":\"https:\\\/\\\/www.ador-dental.de\\\/produkt\\\/laserdraht-lw-no-1\\\/#breadcrumb\",\"itemListElement\":[{\"@type\":\"ListItem\",\"position\":1,\"name\":\"Startseite\",\"item\":\"https:\\\/\\\/www.ador-dental.de\\\/\"},{\"@type\":\"ListItem\",\"position\":2,\"name\":\"Shop\",\"item\":\"https:\\\/\\\/www.ador-dental.de\\\/en\\\/shop\\\/\"},{\"@type\":\"ListItem\",\"position\":3,\"name\":\"LW No 1\"}]},{\"@type\":\"WebSite\",\"@id\":\"https:\\\/\\\/www.ador-dental.de\\\/en\\\/#website\",\"url\":\"https:\\\/\\\/www.ador-dental.de\\\/en\\\/\",\"name\":\"Ador Dental GmbH\",\"description\":\"\",\"publisher\":{\"@id\":\"https:\\\/\\\/www.ador-dental.de\\\/en\\\/#organization\"},\"potentialAction\":[{\"@type\":\"SearchAction\",\"target\":{\"@type\":\"EntryPoint\",\"urlTemplate\":\"https:\\\/\\\/www.ador-dental.de\\\/en\\\/?s={search_term_string}\"},\"query-input\":{\"@type\":\"PropertyValueSpecification\",\"valueRequired\":true,\"valueName\":\"search_term_string\"}}],\"inLanguage\":\"fr-FR\"},{\"@type\":\"Organization\",\"@id\":\"https:\\\/\\\/www.ador-dental.de\\\/en\\\/#organization\",\"name\":\"Ador Dental GmbH\",\"url\":\"https:\\\/\\\/www.ador-dental.de\\\/en\\\/\",\"logo\":{\"@type\":\"ImageObject\",\"inLanguage\":\"fr-FR\",\"@id\":\"https:\\\/\\\/www.ador-dental.de\\\/en\\\/#\\\/schema\\\/logo\\\/image\\\/\",\"url\":\"https:\\\/\\\/www.ador-dental.de\\\/wp-content\\\/uploads\\\/2021\\\/10\\\/ADOR_Logo_DentalSolutions_2020_Black.svg\",\"contentUrl\":\"https:\\\/\\\/www.ador-dental.de\\\/wp-content\\\/uploads\\\/2021\\\/10\\\/ADOR_Logo_DentalSolutions_2020_Black.svg\",\"width\":678,\"height\":261,\"caption\":\"Ador Dental GmbH\"},\"image\":{\"@id\":\"https:\\\/\\\/www.ador-dental.de\\\/en\\\/#\\\/schema\\\/logo\\\/image\\\/\"}}]}<\/script>\n<!-- \/ Yoast SEO plugin. -->","yoast_head_json":{"title":"LW No 1 - Ador Dental GmbH","description":"Der Laserdraht LW No. 1 ist zusammengesetzt aus folgenden Bestandteilen: Au: 84,5%Pt: 13,30%Zn: 1,9%Ir: 0,10%Rh: 0,10: 0,10%","robots":{"index":"index","follow":"follow","max-snippet":"max-snippet:-1","max-image-preview":"max-image-preview:large","max-video-preview":"max-video-preview:-1"},"canonical":"https:\/\/www.ador-dental.de\/fr\/produit\/laserdraht-lw-no-1\/","og_locale":"fr_FR","og_type":"article","og_title":"LW No 1 - Ador Dental GmbH","og_description":"Der Laserdraht LW No. 1 ist zusammengesetzt aus folgenden Bestandteilen: Au: 84,5%Pt: 13,30%Zn: 1,9%Ir: 0,10%Rh: 0,10: 0,10%","og_url":"https:\/\/www.ador-dental.de\/fr\/produit\/laserdraht-lw-no-1\/","og_site_name":"Ador Dental GmbH","article_modified_time":"2026-04-30T06:50:34+00:00","og_image":[{"width":2560,"height":2560,"url":"https:\/\/www.ador-dental.de\/wp-content\/uploads\/2020\/03\/Unbenannt-1-6-scaled.jpg","type":"image\/jpeg"}],"twitter_card":"summary_large_image","schema":{"@context":"https:\/\/schema.org","@graph":[{"@type":"WebPage","@id":"https:\/\/www.ador-dental.de\/produkt\/laserdraht-lw-no-1\/","url":"https:\/\/www.ador-dental.de\/produkt\/laserdraht-lw-no-1\/","name":"LW No 1 - Ador Dental GmbH","isPartOf":{"@id":"https:\/\/www.ador-dental.de\/en\/#website"},"primaryImageOfPage":{"@id":"https:\/\/www.ador-dental.de\/produkt\/laserdraht-lw-no-1\/#primaryimage"},"image":{"@id":"https:\/\/www.ador-dental.de\/produkt\/laserdraht-lw-no-1\/#primaryimage"},"thumbnailUrl":"https:\/\/www.ador-dental.de\/wp-content\/uploads\/2020\/03\/Unbenannt-1-6-scaled.jpg","datePublished":"2020-03-31T13:02:19+00:00","dateModified":"2026-04-30T06:50:34+00:00","description":"Der Laserdraht LW No. 1 ist zusammengesetzt aus folgenden Bestandteilen: Au: 84,5%Pt: 13,30%Zn: 1,9%Ir: 0,10%Rh: 0,10: 0,10%","breadcrumb":{"@id":"https:\/\/www.ador-dental.de\/produkt\/laserdraht-lw-no-1\/#breadcrumb"},"inLanguage":"fr-FR","potentialAction":[{"@type":"ReadAction","target":["https:\/\/www.ador-dental.de\/produkt\/laserdraht-lw-no-1\/"]}]},{"@type":"ImageObject","inLanguage":"fr-FR","@id":"https:\/\/www.ador-dental.de\/produkt\/laserdraht-lw-no-1\/#primaryimage","url":"https:\/\/www.ador-dental.de\/wp-content\/uploads\/2020\/03\/Unbenannt-1-6-scaled.jpg","contentUrl":"https:\/\/www.ador-dental.de\/wp-content\/uploads\/2020\/03\/Unbenannt-1-6-scaled.jpg","width":2560,"height":2560},{"@type":"BreadcrumbList","@id":"https:\/\/www.ador-dental.de\/produkt\/laserdraht-lw-no-1\/#breadcrumb","itemListElement":[{"@type":"ListItem","position":1,"name":"Startseite","item":"https:\/\/www.ador-dental.de\/"},{"@type":"ListItem","position":2,"name":"Shop","item":"https:\/\/www.ador-dental.de\/en\/shop\/"},{"@type":"ListItem","position":3,"name":"LW No 1"}]},{"@type":"WebSite","@id":"https:\/\/www.ador-dental.de\/en\/#website","url":"https:\/\/www.ador-dental.de\/en\/","name":"Ador Dental GmbH","description":"","publisher":{"@id":"https:\/\/www.ador-dental.de\/en\/#organization"},"potentialAction":[{"@type":"SearchAction","target":{"@type":"EntryPoint","urlTemplate":"https:\/\/www.ador-dental.de\/en\/?s={search_term_string}"},"query-input":{"@type":"PropertyValueSpecification","valueRequired":true,"valueName":"search_term_string"}}],"inLanguage":"fr-FR"},{"@type":"Organization","@id":"https:\/\/www.ador-dental.de\/en\/#organization","name":"Ador Dental GmbH","url":"https:\/\/www.ador-dental.de\/en\/","logo":{"@type":"ImageObject","inLanguage":"fr-FR","@id":"https:\/\/www.ador-dental.de\/en\/#\/schema\/logo\/image\/","url":"https:\/\/www.ador-dental.de\/wp-content\/uploads\/2021\/10\/ADOR_Logo_DentalSolutions_2020_Black.svg","contentUrl":"https:\/\/www.ador-dental.de\/wp-content\/uploads\/2021\/10\/ADOR_Logo_DentalSolutions_2020_Black.svg","width":678,"height":261,"caption":"Ador Dental GmbH"},"image":{"@id":"https:\/\/www.ador-dental.de\/en\/#\/schema\/logo\/image\/"}}]}},"_links":{"self":[{"href":"https:\/\/www.ador-dental.de\/fr\/wp-json\/wp\/v2\/product\/3516","targetHints":{"allow":["GET"]}}],"collection":[{"href":"https:\/\/www.ador-dental.de\/fr\/wp-json\/wp\/v2\/product"}],"about":[{"href":"https:\/\/www.ador-dental.de\/fr\/wp-json\/wp\/v2\/types\/product"}],"replies":[{"embeddable":true,"href":"https:\/\/www.ador-dental.de\/fr\/wp-json\/wp\/v2\/comments?post=3516"}],"version-history":[{"count":4,"href":"https:\/\/www.ador-dental.de\/fr\/wp-json\/wp\/v2\/product\/3516\/revisions"}],"predecessor-version":[{"id":30379,"href":"https:\/\/www.ador-dental.de\/fr\/wp-json\/wp\/v2\/product\/3516\/revisions\/30379"}],"wp:featuredmedia":[{"embeddable":true,"href":"https:\/\/www.ador-dental.de\/fr\/wp-json\/wp\/v2\/media\/4740"}],"wp:attachment":[{"href":"https:\/\/www.ador-dental.de\/fr\/wp-json\/wp\/v2\/media?parent=3516"}],"wp:term":[{"taxonomy":"product_brand","embeddable":true,"href":"https:\/\/www.ador-dental.de\/fr\/wp-json\/wp\/v2\/product_brand?post=3516"},{"taxonomy":"product_cat","embeddable":true,"href":"https:\/\/www.ador-dental.de\/fr\/wp-json\/wp\/v2\/product_cat?post=3516"},{"taxonomy":"product_tag","embeddable":true,"href":"https:\/\/www.ador-dental.de\/fr\/wp-json\/wp\/v2\/product_tag?post=3516"}],"curies":[{"name":"wp","href":"https:\/\/api.w.org\/{rel}","templated":true}]}}