{"id":31383,"date":"2026-03-31T12:08:27","date_gmt":"2026-03-31T10:08:27","guid":{"rendered":"https:\/\/www.ador-dental.de\/?post_type=product&#038;p=31383"},"modified":"2026-04-07T15:04:22","modified_gmt":"2026-04-07T13:04:22","slug":"nextdent-modell-2-0-pfirsich-weiss-grau-oder-sand-1-kg","status":"publish","type":"product","link":"https:\/\/www.ador-dental.de\/fr\/produit\/nextdent-modell-2-0-pfirsich-weiss-grau-oder-sand-1-kg\/","title":{"rendered":"NextDent Model p\u00eache, blanc gris ou sable 1 kg"},"content":{"rendered":"<div class=\"elementor-element elementor-element-a6e479b elementor-widget elementor-widget-heading\" data-id=\"a6e479b\" data-element_type=\"widget\" data-widget_type=\"heading.default\">\n<div class=\"elementor-widget-container\">\n<div class=\"elementor-element elementor-element-a6e479b elementor-widget elementor-widget-heading\" data-id=\"a6e479b\" data-element_type=\"widget\" data-widget_type=\"heading.default\">\n<div class=\"elementor-widget-container\">\n<div class=\"elementor-element elementor-element-a6e479b elementor-widget elementor-widget-heading\" data-id=\"a6e479b\" data-element_type=\"widget\" data-widget_type=\"heading.default\">\n<div class=\"elementor-widget-container\">\n<h3 class=\"elementor-heading-title elementor-size-default\">Mod\u00e8le NextDent<\/h3>\n<\/div>\n<\/div>\n<div class=\"elementor-element elementor-element-7c38b31 elementor-widget elementor-widget-heading\" data-id=\"7c38b31\" data-element_type=\"widget\" data-widget_type=\"heading.default\">\n<div class=\"elementor-widget-container\">Remis au go\u00fbt du jour : Le nouveau NextDentModel. Gr\u00e2ce \u00e0 ses propri\u00e9t\u00e9s de mat\u00e9riau am\u00e9lior\u00e9es, NextDent Model est le mat\u00e9riau parfait pour l'impression 3D de mod\u00e8les proth\u00e9tiques et orthodontiques pr\u00e9cis et exacts.<\/div>\n<div><\/div>\n<h4 class=\"elementor-widget-container\">Pas besoin de pr\u00e9-m\u00e9langer la r\u00e9sine !<\/h4>\n<p>Disponible en quatre teintes : p\u00eache, blanc, gris et sable.<\/p>\n<\/div>\n<\/div>\n<\/div>\n<\/div>\n<\/div>","protected":false},"excerpt":{"rendered":"<p class=\"elementor-heading-title elementor-size-default\">Disponible en quatre teintes : p\u00eache, blanc, gris et sable<\/p>\n<p>1kg<\/p>","protected":false},"featured_media":31447,"comment_status":"open","ping_status":"closed","template":"","meta":{"neve_meta_sidebar":"","neve_meta_container":"","neve_meta_enable_content_width":"off","neve_meta_content_width":70,"neve_meta_title_alignment":"","neve_meta_author_avatar":"","neve_post_elements_order":"","neve_meta_disable_header":"","neve_meta_disable_footer":"","neve_meta_disable_title":"","_themeisle_gutenberg_block_has_review":false},"product_brand":[],"product_cat":[212,840,432],"product_tag":[1056,1055,1299],"class_list":{"0":"post-31383","1":"product","2":"type-product","3":"status-publish","4":"has-post-thumbnail","6":"product_cat-adorprint","7":"product_cat-modellmaterial","8":"product_cat-resine","9":"product_tag-3d","10":"product_tag-model","11":"product_tag-nextdent","13":"first","14":"instock","15":"taxable","16":"shipping-taxable","17":"purchasable","18":"product-type-variable"},"yoast_head":"<!-- This site is optimized with the Yoast SEO plugin v27.6 - https:\/\/yoast.com\/product\/yoast-seo-wordpress\/ -->\n<title>NextDent Model Pfirsich, Wei\u00df Grau oder Sand 1 kg - Ador Dental GmbH<\/title>\n<meta name=\"description\" content=\"Das Neue NextDentModel. Das perfekte Material fu\u0308r den 3D-Druck pra\u0308ziser und genauer prothetischer und kieferorthopa\u0308discher Modelle.\" \/>\n<meta name=\"robots\" content=\"index, follow, max-snippet:-1, max-image-preview:large, max-video-preview:-1\" \/>\n<link rel=\"canonical\" href=\"https:\/\/www.ador-dental.de\/fr\/produit\/nextdent-modell-2-0-pfirsich-weiss-grau-oder-sand-1-kg\/\" \/>\n<meta property=\"og:locale\" content=\"fr_FR\" \/>\n<meta property=\"og:type\" content=\"article\" \/>\n<meta property=\"og:title\" content=\"NextDent Model Pfirsich, Wei\u00df Grau oder Sand 1 kg - Ador Dental GmbH\" \/>\n<meta property=\"og:description\" content=\"Das Neue NextDentModel. Das perfekte Material fu\u0308r den 3D-Druck pra\u0308ziser und genauer prothetischer und kieferorthopa\u0308discher Modelle.\" \/>\n<meta property=\"og:url\" content=\"https:\/\/www.ador-dental.de\/fr\/produit\/nextdent-modell-2-0-pfirsich-weiss-grau-oder-sand-1-kg\/\" \/>\n<meta property=\"og:site_name\" content=\"Ador Dental GmbH\" \/>\n<meta property=\"article:modified_time\" content=\"2026-04-07T13:04:22+00:00\" \/>\n<meta property=\"og:image\" content=\"https:\/\/www.ador-dental.de\/wp-content\/uploads\/2026\/04\/Next-Dent-Model-Resin-PB.png\" \/>\n\t<meta property=\"og:image:width\" content=\"1024\" \/>\n\t<meta property=\"og:image:height\" content=\"1024\" \/>\n\t<meta property=\"og:image:type\" content=\"image\/png\" \/>\n<meta name=\"twitter:card\" content=\"summary_large_image\" \/>\n<meta name=\"twitter:label1\" content=\"Dur\u00e9e de lecture estim\u00e9e\" \/>\n\t<meta name=\"twitter:data1\" content=\"1 minute\" \/>\n<script type=\"application\/ld+json\" class=\"yoast-schema-graph\">{\"@context\":\"https:\\\/\\\/schema.org\",\"@graph\":[{\"@type\":\"WebPage\",\"@id\":\"https:\\\/\\\/www.ador-dental.de\\\/produkt\\\/nextdent-modell-2-0-pfirsich-weiss-grau-oder-sand-1-kg\\\/\",\"url\":\"https:\\\/\\\/www.ador-dental.de\\\/produkt\\\/nextdent-modell-2-0-pfirsich-weiss-grau-oder-sand-1-kg\\\/\",\"name\":\"NextDent Model Pfirsich, Wei\u00df Grau oder Sand 1 kg - Ador Dental GmbH\",\"isPartOf\":{\"@id\":\"https:\\\/\\\/www.ador-dental.de\\\/en\\\/#website\"},\"primaryImageOfPage\":{\"@id\":\"https:\\\/\\\/www.ador-dental.de\\\/produkt\\\/nextdent-modell-2-0-pfirsich-weiss-grau-oder-sand-1-kg\\\/#primaryimage\"},\"image\":{\"@id\":\"https:\\\/\\\/www.ador-dental.de\\\/produkt\\\/nextdent-modell-2-0-pfirsich-weiss-grau-oder-sand-1-kg\\\/#primaryimage\"},\"thumbnailUrl\":\"https:\\\/\\\/www.ador-dental.de\\\/wp-content\\\/uploads\\\/2026\\\/04\\\/Next-Dent-Model-Resin-PB.png\",\"datePublished\":\"2026-03-31T10:08:27+00:00\",\"dateModified\":\"2026-04-07T13:04:22+00:00\",\"description\":\"Das Neue NextDentModel. Das perfekte Material fu\u0308r den 3D-Druck pra\u0308ziser und genauer prothetischer und kieferorthopa\u0308discher Modelle.\",\"breadcrumb\":{\"@id\":\"https:\\\/\\\/www.ador-dental.de\\\/produkt\\\/nextdent-modell-2-0-pfirsich-weiss-grau-oder-sand-1-kg\\\/#breadcrumb\"},\"inLanguage\":\"fr-FR\",\"potentialAction\":[{\"@type\":\"ReadAction\",\"target\":[\"https:\\\/\\\/www.ador-dental.de\\\/produkt\\\/nextdent-modell-2-0-pfirsich-weiss-grau-oder-sand-1-kg\\\/\"]}]},{\"@type\":\"ImageObject\",\"inLanguage\":\"fr-FR\",\"@id\":\"https:\\\/\\\/www.ador-dental.de\\\/produkt\\\/nextdent-modell-2-0-pfirsich-weiss-grau-oder-sand-1-kg\\\/#primaryimage\",\"url\":\"https:\\\/\\\/www.ador-dental.de\\\/wp-content\\\/uploads\\\/2026\\\/04\\\/Next-Dent-Model-Resin-PB.png\",\"contentUrl\":\"https:\\\/\\\/www.ador-dental.de\\\/wp-content\\\/uploads\\\/2026\\\/04\\\/Next-Dent-Model-Resin-PB.png\",\"width\":1024,\"height\":1024},{\"@type\":\"BreadcrumbList\",\"@id\":\"https:\\\/\\\/www.ador-dental.de\\\/produkt\\\/nextdent-modell-2-0-pfirsich-weiss-grau-oder-sand-1-kg\\\/#breadcrumb\",\"itemListElement\":[{\"@type\":\"ListItem\",\"position\":1,\"name\":\"Startseite\",\"item\":\"https:\\\/\\\/www.ador-dental.de\\\/\"},{\"@type\":\"ListItem\",\"position\":2,\"name\":\"Shop\",\"item\":\"https:\\\/\\\/www.ador-dental.de\\\/en\\\/shop\\\/\"},{\"@type\":\"ListItem\",\"position\":3,\"name\":\"NextDent Model Pfirsich, Wei\u00df Grau oder Sand 1 kg\"}]},{\"@type\":\"WebSite\",\"@id\":\"https:\\\/\\\/www.ador-dental.de\\\/en\\\/#website\",\"url\":\"https:\\\/\\\/www.ador-dental.de\\\/en\\\/\",\"name\":\"Ador Dental GmbH\",\"description\":\"\",\"publisher\":{\"@id\":\"https:\\\/\\\/www.ador-dental.de\\\/en\\\/#organization\"},\"potentialAction\":[{\"@type\":\"SearchAction\",\"target\":{\"@type\":\"EntryPoint\",\"urlTemplate\":\"https:\\\/\\\/www.ador-dental.de\\\/en\\\/?s={search_term_string}\"},\"query-input\":{\"@type\":\"PropertyValueSpecification\",\"valueRequired\":true,\"valueName\":\"search_term_string\"}}],\"inLanguage\":\"fr-FR\"},{\"@type\":\"Organization\",\"@id\":\"https:\\\/\\\/www.ador-dental.de\\\/en\\\/#organization\",\"name\":\"Ador Dental GmbH\",\"url\":\"https:\\\/\\\/www.ador-dental.de\\\/en\\\/\",\"logo\":{\"@type\":\"ImageObject\",\"inLanguage\":\"fr-FR\",\"@id\":\"https:\\\/\\\/www.ador-dental.de\\\/en\\\/#\\\/schema\\\/logo\\\/image\\\/\",\"url\":\"https:\\\/\\\/www.ador-dental.de\\\/wp-content\\\/uploads\\\/2021\\\/10\\\/ADOR_Logo_DentalSolutions_2020_Black.svg\",\"contentUrl\":\"https:\\\/\\\/www.ador-dental.de\\\/wp-content\\\/uploads\\\/2021\\\/10\\\/ADOR_Logo_DentalSolutions_2020_Black.svg\",\"width\":678,\"height\":261,\"caption\":\"Ador Dental GmbH\"},\"image\":{\"@id\":\"https:\\\/\\\/www.ador-dental.de\\\/en\\\/#\\\/schema\\\/logo\\\/image\\\/\"}}]}<\/script>\n<!-- \/ Yoast SEO plugin. -->","yoast_head_json":{"title":"NextDent Model Pfirsich, Wei\u00df Grau oder Sand 1 kg - Ador Dental GmbH","description":"Das Neue NextDentModel. Das perfekte Material fu\u0308r den 3D-Druck pra\u0308ziser und genauer prothetischer und kieferorthopa\u0308discher Modelle.","robots":{"index":"index","follow":"follow","max-snippet":"max-snippet:-1","max-image-preview":"max-image-preview:large","max-video-preview":"max-video-preview:-1"},"canonical":"https:\/\/www.ador-dental.de\/fr\/produit\/nextdent-modell-2-0-pfirsich-weiss-grau-oder-sand-1-kg\/","og_locale":"fr_FR","og_type":"article","og_title":"NextDent Model Pfirsich, Wei\u00df Grau oder Sand 1 kg - Ador Dental GmbH","og_description":"Das Neue NextDentModel. Das perfekte Material fu\u0308r den 3D-Druck pra\u0308ziser und genauer prothetischer und kieferorthopa\u0308discher Modelle.","og_url":"https:\/\/www.ador-dental.de\/fr\/produit\/nextdent-modell-2-0-pfirsich-weiss-grau-oder-sand-1-kg\/","og_site_name":"Ador Dental GmbH","article_modified_time":"2026-04-07T13:04:22+00:00","og_image":[{"width":1024,"height":1024,"url":"https:\/\/www.ador-dental.de\/wp-content\/uploads\/2026\/04\/Next-Dent-Model-Resin-PB.png","type":"image\/png"}],"twitter_card":"summary_large_image","twitter_misc":{"Dur\u00e9e de lecture estim\u00e9e":"1 minute"},"schema":{"@context":"https:\/\/schema.org","@graph":[{"@type":"WebPage","@id":"https:\/\/www.ador-dental.de\/produkt\/nextdent-modell-2-0-pfirsich-weiss-grau-oder-sand-1-kg\/","url":"https:\/\/www.ador-dental.de\/produkt\/nextdent-modell-2-0-pfirsich-weiss-grau-oder-sand-1-kg\/","name":"NextDent Model Pfirsich, Wei\u00df Grau oder Sand 1 kg - Ador Dental GmbH","isPartOf":{"@id":"https:\/\/www.ador-dental.de\/en\/#website"},"primaryImageOfPage":{"@id":"https:\/\/www.ador-dental.de\/produkt\/nextdent-modell-2-0-pfirsich-weiss-grau-oder-sand-1-kg\/#primaryimage"},"image":{"@id":"https:\/\/www.ador-dental.de\/produkt\/nextdent-modell-2-0-pfirsich-weiss-grau-oder-sand-1-kg\/#primaryimage"},"thumbnailUrl":"https:\/\/www.ador-dental.de\/wp-content\/uploads\/2026\/04\/Next-Dent-Model-Resin-PB.png","datePublished":"2026-03-31T10:08:27+00:00","dateModified":"2026-04-07T13:04:22+00:00","description":"Das Neue NextDentModel. Das perfekte Material fu\u0308r den 3D-Druck pra\u0308ziser und genauer prothetischer und kieferorthopa\u0308discher Modelle.","breadcrumb":{"@id":"https:\/\/www.ador-dental.de\/produkt\/nextdent-modell-2-0-pfirsich-weiss-grau-oder-sand-1-kg\/#breadcrumb"},"inLanguage":"fr-FR","potentialAction":[{"@type":"ReadAction","target":["https:\/\/www.ador-dental.de\/produkt\/nextdent-modell-2-0-pfirsich-weiss-grau-oder-sand-1-kg\/"]}]},{"@type":"ImageObject","inLanguage":"fr-FR","@id":"https:\/\/www.ador-dental.de\/produkt\/nextdent-modell-2-0-pfirsich-weiss-grau-oder-sand-1-kg\/#primaryimage","url":"https:\/\/www.ador-dental.de\/wp-content\/uploads\/2026\/04\/Next-Dent-Model-Resin-PB.png","contentUrl":"https:\/\/www.ador-dental.de\/wp-content\/uploads\/2026\/04\/Next-Dent-Model-Resin-PB.png","width":1024,"height":1024},{"@type":"BreadcrumbList","@id":"https:\/\/www.ador-dental.de\/produkt\/nextdent-modell-2-0-pfirsich-weiss-grau-oder-sand-1-kg\/#breadcrumb","itemListElement":[{"@type":"ListItem","position":1,"name":"Startseite","item":"https:\/\/www.ador-dental.de\/"},{"@type":"ListItem","position":2,"name":"Shop","item":"https:\/\/www.ador-dental.de\/en\/shop\/"},{"@type":"ListItem","position":3,"name":"NextDent Model Pfirsich, Wei\u00df Grau oder Sand 1 kg"}]},{"@type":"WebSite","@id":"https:\/\/www.ador-dental.de\/en\/#website","url":"https:\/\/www.ador-dental.de\/en\/","name":"Ador Dental GmbH","description":"","publisher":{"@id":"https:\/\/www.ador-dental.de\/en\/#organization"},"potentialAction":[{"@type":"SearchAction","target":{"@type":"EntryPoint","urlTemplate":"https:\/\/www.ador-dental.de\/en\/?s={search_term_string}"},"query-input":{"@type":"PropertyValueSpecification","valueRequired":true,"valueName":"search_term_string"}}],"inLanguage":"fr-FR"},{"@type":"Organization","@id":"https:\/\/www.ador-dental.de\/en\/#organization","name":"Ador Dental GmbH","url":"https:\/\/www.ador-dental.de\/en\/","logo":{"@type":"ImageObject","inLanguage":"fr-FR","@id":"https:\/\/www.ador-dental.de\/en\/#\/schema\/logo\/image\/","url":"https:\/\/www.ador-dental.de\/wp-content\/uploads\/2021\/10\/ADOR_Logo_DentalSolutions_2020_Black.svg","contentUrl":"https:\/\/www.ador-dental.de\/wp-content\/uploads\/2021\/10\/ADOR_Logo_DentalSolutions_2020_Black.svg","width":678,"height":261,"caption":"Ador Dental GmbH"},"image":{"@id":"https:\/\/www.ador-dental.de\/en\/#\/schema\/logo\/image\/"}}]}},"_links":{"self":[{"href":"https:\/\/www.ador-dental.de\/fr\/wp-json\/wp\/v2\/product\/31383","targetHints":{"allow":["GET"]}}],"collection":[{"href":"https:\/\/www.ador-dental.de\/fr\/wp-json\/wp\/v2\/product"}],"about":[{"href":"https:\/\/www.ador-dental.de\/fr\/wp-json\/wp\/v2\/types\/product"}],"replies":[{"embeddable":true,"href":"https:\/\/www.ador-dental.de\/fr\/wp-json\/wp\/v2\/comments?post=31383"}],"version-history":[{"count":2,"href":"https:\/\/www.ador-dental.de\/fr\/wp-json\/wp\/v2\/product\/31383\/revisions"}],"predecessor-version":[{"id":31391,"href":"https:\/\/www.ador-dental.de\/fr\/wp-json\/wp\/v2\/product\/31383\/revisions\/31391"}],"wp:featuredmedia":[{"embeddable":true,"href":"https:\/\/www.ador-dental.de\/fr\/wp-json\/wp\/v2\/media\/31447"}],"wp:attachment":[{"href":"https:\/\/www.ador-dental.de\/fr\/wp-json\/wp\/v2\/media?parent=31383"}],"wp:term":[{"taxonomy":"product_brand","embeddable":true,"href":"https:\/\/www.ador-dental.de\/fr\/wp-json\/wp\/v2\/product_brand?post=31383"},{"taxonomy":"product_cat","embeddable":true,"href":"https:\/\/www.ador-dental.de\/fr\/wp-json\/wp\/v2\/product_cat?post=31383"},{"taxonomy":"product_tag","embeddable":true,"href":"https:\/\/www.ador-dental.de\/fr\/wp-json\/wp\/v2\/product_tag?post=31383"}],"curies":[{"name":"wp","href":"https:\/\/api.w.org\/{rel}","templated":true}]}}