{"id":31067,"date":"2026-02-24T15:52:17","date_gmt":"2026-02-24T14:52:17","guid":{"rendered":"https:\/\/www.ador-dental.de\/?post_type=product&#038;p=31067"},"modified":"2026-03-02T14:31:11","modified_gmt":"2026-03-02T13:31:11","slug":"adorbond-cv-pulver-15-45%c2%b5m","status":"publish","type":"product","link":"https:\/\/www.ador-dental.de\/fr\/produit\/adorbond-cv-pulver-15-45%c2%b5m\/","title":{"rendered":"Adorbond CV poudre 15-45\u00b5m"},"content":{"rendered":"<p><a href=\"https:\/\/www.ador-dental.de\/wp-content\/uploads\/2026\/02\/REV-0226-Adorbond-CV-Pulver-15-\u00b5m-45-\u00b5m-Aufbrenn-Modellgussleg.-DE-EN.pdf\">Mode d'emploi DE\/EN<\/a><\/p>\n<p>Adorbond CV Pulver 15-45 \u00b5m ist eine dentale Metallkeramik-Legierung auf Kobalt-Basis. Adorbond CV Pulver 15-45 \u00b5m ist frei von Nickel, Cadmium, Beryllium und Blei und entspricht gem\u00e4\u00df EN ISO 22674 dem Typ 5 f\u00fcr Applikationen, bei denen Teile der Vorrichtung eine Kombination aus hoher Steifigkeit und Dehnungsgrenze erfordern, z.B. d\u00fcnne herausnehmbare Teilprothesen, Teile mit d\u00fcnnen Querschnitten, Klammern. Adorbond CV Pulver 15-45 \u00b5m ist sowohl als Modellguss-Legierung als auch als Metallkeramik-Legierung verwendbar.<br \/>\n<!-- Tabelle 1: Zusammensetzung --><\/p>\n<table style=\"width: 100%; border-collapse: collapse;\">\n<thead>\n<tr>\n<th style=\"text-align: left;\" colspan=\"3\">Composition w<sub>i<\/sub><\/th>\n<\/tr>\n<\/thead>\n<tbody>\n<tr>\n<td>Co<\/td>\n<td>%<\/td>\n<td>63,0<\/td>\n<\/tr>\n<tr>\n<td>Cr<\/td>\n<td>%<\/td>\n<td>29,0<\/td>\n<\/tr>\n<tr>\n<td>Mo<\/td>\n<td>%<\/td>\n<td>5,8<\/td>\n<\/tr>\n<tr>\n<td>Si<\/td>\n<td>%<\/td>\n<td>1,2<\/td>\n<\/tr>\n<tr>\n<td>Fe, Mn, Nb<\/td>\n<td>%<\/td>\n<td>&lt; 1<\/td>\n<\/tr>\n<\/tbody>\n<\/table>\n<p>&nbsp;<\/p>\n<p><!-- Tabelle 2: Technische Daten --><\/p>\n<table style=\"width: 100%; border-collapse: collapse;\">\n<thead>\n<tr>\n<th style=\"text-align: left;\" colspan=\"3\">Donn\u00e9es techniques (valeurs indicatives, \u00e9tat fabriqu\u00e9\/cuisson)<\/th>\n<\/tr>\n<\/thead>\n<tbody>\n<tr>\n<td>Granulom\u00e9trie d<sub>i<\/sub><\/td>\n<td>\u00b5m<\/td>\n<td>15\u201345<\/td>\n<\/tr>\n<tr>\n<td>Densit\u00e9 \u03f1<\/td>\n<td>g - cm<sup>-3<\/sup><\/td>\n<td>8,2<\/td>\n<\/tr>\n<tr>\n<td>Duret\u00e9 Vickers<\/td>\n<td>HV 10<\/td>\n<td>370<\/td>\n<\/tr>\n<tr>\n<td>Coefficient de dilatation thermique lin\u00e9aire \u03b1 (25-500 \u00b0C)<\/td>\n<td>10<sup>-6<\/sup> - K<sup>-1<\/sup><\/td>\n<td>14,2<\/td>\n<\/tr>\n<tr>\n<td>Coefficient de dilatation thermique lin\u00e9aire \u03b1 (20-600 \u00b0C)<\/td>\n<td>10<sup>-6<\/sup> - K<sup>-1<\/sup><\/td>\n<td>14,4<\/td>\n<\/tr>\n<tr>\n<td>Temp\u00e9rature de cuisson maximale recommand\u00e9e T<sub>Br,max<\/sub><\/td>\n<td>\u00b0C<\/td>\n<td>980<\/td>\n<\/tr>\n<tr>\n<td>0,2-% Limite d'\u00e9lasticit\u00e9 R<sub>p 0,2<\/sub><\/td>\n<td>MPa<\/td>\n<td>780<\/td>\n<\/tr>\n<tr>\n<td>Module d'\u00e9lasticit\u00e9 E<\/td>\n<td>GPa<\/td>\n<td>200<\/td>\n<\/tr>\n<tr>\n<td>Allongement \u00e0 la rupture A<sub>5<\/sub><\/td>\n<td>%<\/td>\n<td>12<\/td>\n<\/tr>\n<tr>\n<td>R\u00e9sistance \u00e0 la traction (R<sub>m<\/sub>)<\/td>\n<td>MPa<\/td>\n<td>1290<\/td>\n<\/tr>\n<\/tbody>\n<\/table>\n<p>Le design est r\u00e9alis\u00e9 \u00e0 l'aide d'un logiciel CAO appropri\u00e9 en tenant compte des r\u00e8gles de la technique dentaire. \u00c9paisseur de paroi apr\u00e8s le fa\u00e7onnage : au moins 0,3 mm. Concevoir des connecteurs aussi \u00e9pais et hauts que possible (hauteur : au moins 3,5 mm, largeur : au moins 2,5 mm).<\/p>\n<p><strong>Proc\u00e9d\u00e9 SLM<\/strong><br \/>\nStaubbildung beim \u00d6ffnen der Verpackung, beim Transport und beim Einf\u00fcllen des Pulvers in das SLM-System vermeiden! Ein auf die Korngr\u00f6\u00dfe von Adorbond CV Pulver 15-45 \u03bcm abgestimmtes SLM-System verwenden und Ger\u00fcstfertigung entsprechend der Gebrauchsanweisung des SLM-Systems durchf\u00fchren. Nicht geschmolzenes Pulver kann wiederverwendet werden, sollte jedoch vorher mithilfe eines Pulversiebes (80 \u03bcm) gesiebt werden. Geschmolzenes Pulver darf nicht, durch z.B. Gie\u00dfen, wiederverwendet werden.<\/p>\n<p><strong>Grenaillage de pr\u00e9contrainte<\/strong><br \/>\nSablage de la plateforme de production avec des mat\u00e9riaux c\u00e9ramiques sph\u00e9riques avec \uf0c6 0,125-0,250 mm \u00e0 2,5-3,5 bars jusqu'\u00e0 ce qu'une saturation uniforme de la surface soit visible.<\/p>\n<p><strong>Recuit de d\u00e9tente<\/strong><br \/>\nLe traitement thermique doit \u00eatre effectu\u00e9 dans un four sp\u00e9cial sous atmosph\u00e8re d'argon. Placer la bo\u00eete de gaz protecteur dans laquelle la plateforme de production est positionn\u00e9e dans le four froid avec un flux d'argon de 1-2 L\/min. Ensuite :<br \/>\n1.chauffer \u00e0 850 \u00b0C en 60 min et maintenir la temp\u00e9rature pendant 60 min.<br \/>\n2. laisser refroidir. Ouvrir la porte du four au plus t\u00f4t \u00e0 600 \u00b0C ou \u00e0 une temp\u00e9rature inf\u00e9rieure et, \u00e0 300 \u00b0C maximum, retirer le caisson de gaz protecteur et fermer l'arriv\u00e9e d'argon.<\/p>\n<p><strong>Cuisson de la c\u00e9ramique<\/strong><br \/>\nIl est possible d'utiliser les c\u00e9ramiques de cuisson \u00e0 fusion normale disponibles dans le commerce pour les alliages de cuisson au cobalt avec un coefficient de dilatation thermique adapt\u00e9. Veuillez respecter les instructions de travail correspondantes et les indications du fabricant de c\u00e9ramique concernant la vitesse de refroidissement apr\u00e8s la cuisson. Apr\u00e8s le recuit de d\u00e9tente et le refroidissement de la plate-forme de production :<br \/>\n1. retirer les restaurations de la plaque \u00e0 l'aide d'une scie \u00e0 ruban, d'instruments rotatifs ou d'une pince. Retirer les restes des supports \u00e9galement avec une pince. D\u00e9grossir l'armature. Pour cela, il est recommand\u00e9 d'utiliser des fraises au carbure de tungst\u00e8ne.<br \/>\n2. sabler la surface de l'armature avec de l'oxyde d'aluminium \u00e0 100 m ou 250 m dans un sablage au stylet.<br \/>\n3. nettoyer l'armature dans de l'eau distill\u00e9e avec des ultrasons ou avec un d\u00e9graissant \u00e0 base d'ac\u00e9tate d'\u00e9thyle<br \/>\n4. cuisson des oxydes (en option pour le contr\u00f4le de la surface) 5 min \u00e0 environ 960 C sous vide. Apr\u00e8s la cuisson, sabler \u00e0 nouveau la couche d'oxyde et d\u00e9graisser \u00e0 nouveau.<br \/>\nRemarque : la propret\u00e9 de la surface est la meilleure protection contre les bulles dans la c\u00e9ramique.<br \/>\n5. appliquer une fine couche de cuisson de lavage, ne cuire que la deuxi\u00e8me cuisson de masse de base de mani\u00e8re \u00e0 obtenir une couverture uniforme.<br \/>\nToujours laisser s\u00e9cher l'opaque \u00e0 fond pendant 5-10 min \u00e0 600 \u00b0C avant la cuisson.<br \/>\n6. cuire et refroidir selon les indications du fabricant de la masse c\u00e9ramique utilis\u00e9e.<br \/>\n7. en cas de refroidissement prolong\u00e9, effectuer une phase de refroidissement jusqu'\u00e0 environ 750 C apr\u00e8s chaque cuisson de dentine, de correction et de gla\u00e7age.<\/p>\n<p><strong>Travaux de finition<\/strong><br \/>\nApr\u00e8s la cuisson de la c\u00e9ramique, gommer les parties de l'armature non recouvertes et les polir avec une p\u00e2te de polissage pour alliages dentaires ou avec des outils de polissage rotatifs pour obtenir un brillant parfait.<\/p>\n<p><strong>Soudage et brasage<\/strong><br \/>\nSouder avant la cuisson avec une soudure du commerce et le flux haute temp\u00e9rature correspondant. La largeur de l'intervalle de brasage doit \u00eatre comprise entre 0,05 et 0,2 mm. Soudage au laser avec un fil de soudage laser disponible dans le commerce<\/p>","protected":false},"excerpt":{"rendered":"<p><strong>Bouteille de 5 kg<\/strong><\/p>\n<p>Adorbond CV Pulver 15-45 \u03bcm ist sowohl als Modellguss-Legierung als auch als Metallkeramik-Legierung verwendbar.<\/p>\n<p>Taille des grains : <strong>15<\/strong><strong>\/45<\/strong>\u00a0<strong>\u00b5m<\/strong><\/p>\n<p>&nbsp;<\/p>","protected":false},"featured_media":31098,"comment_status":"open","ping_status":"closed","template":"","meta":{"neve_meta_sidebar":"","neve_meta_container":"","neve_meta_enable_content_width":"off","neve_meta_content_width":70,"neve_meta_title_alignment":"","neve_meta_author_avatar":"","neve_post_elements_order":"","neve_meta_disable_header":"","neve_meta_disable_footer":"","neve_meta_disable_title":"","_themeisle_gutenberg_block_has_review":false},"product_brand":[],"product_cat":[718,719],"product_tag":[],"class_list":{"0":"post-31067","1":"product","2":"type-product","3":"status-publish","4":"has-post-thumbnail","6":"product_cat-ador-melting","7":"product_cat-slm-pulver","9":"first","10":"instock","11":"taxable","12":"shipping-taxable","13":"purchasable","14":"product-type-simple"},"yoast_head":"<!-- This site is optimized with the Yoast SEO plugin v27.4 - https:\/\/yoast.com\/product\/yoast-seo-wordpress\/ -->\n<title>Adorbond CV Pulver 15-45\u00b5m - Ador Dental GmbH<\/title>\n<meta name=\"description\" content=\"Unser Adorbond CV Pulver in Korngr\u00f6\u00dfe 15-45 \u03bcm ist als Modellguss-Legierung sowie auch als Metallkeramik-Legierung verwendbar.\" \/>\n<meta name=\"robots\" content=\"index, follow, max-snippet:-1, max-image-preview:large, max-video-preview:-1\" \/>\n<link rel=\"canonical\" href=\"https:\/\/www.ador-dental.de\/fr\/produit\/adorbond-cv-pulver-15-45\u00b5m\/\" \/>\n<meta property=\"og:locale\" content=\"fr_FR\" \/>\n<meta property=\"og:type\" content=\"article\" \/>\n<meta property=\"og:title\" content=\"Adorbond CV Pulver 15-45\u00b5m - Ador Dental GmbH\" \/>\n<meta property=\"og:description\" content=\"Unser Adorbond CV Pulver in Korngr\u00f6\u00dfe 15-45 \u03bcm ist als Modellguss-Legierung sowie auch als Metallkeramik-Legierung verwendbar.\" \/>\n<meta property=\"og:url\" content=\"https:\/\/www.ador-dental.de\/fr\/produit\/adorbond-cv-pulver-15-45\u00b5m\/\" \/>\n<meta property=\"og:site_name\" content=\"Ador Dental GmbH\" \/>\n<meta property=\"article:modified_time\" content=\"2026-03-02T13:31:11+00:00\" \/>\n<meta property=\"og:image\" content=\"https:\/\/www.ador-dental.de\/wp-content\/uploads\/2026\/02\/CV-Powder-15-45-Produktbild.png\" \/>\n\t<meta property=\"og:image:width\" content=\"1024\" \/>\n\t<meta property=\"og:image:height\" content=\"1024\" \/>\n\t<meta property=\"og:image:type\" content=\"image\/png\" \/>\n<meta name=\"twitter:card\" content=\"summary_large_image\" \/>\n<meta name=\"twitter:label1\" content=\"Dur\u00e9e de lecture estim\u00e9e\" \/>\n\t<meta name=\"twitter:data1\" content=\"2 minutes\" \/>\n<script type=\"application\/ld+json\" class=\"yoast-schema-graph\">{\"@context\":\"https:\\\/\\\/schema.org\",\"@graph\":[{\"@type\":\"WebPage\",\"@id\":\"https:\\\/\\\/www.ador-dental.de\\\/produkt\\\/adorbond-cv-pulver-15-45%c2%b5m\\\/\",\"url\":\"https:\\\/\\\/www.ador-dental.de\\\/produkt\\\/adorbond-cv-pulver-15-45%c2%b5m\\\/\",\"name\":\"Adorbond CV Pulver 15-45\u00b5m - Ador Dental GmbH\",\"isPartOf\":{\"@id\":\"https:\\\/\\\/www.ador-dental.de\\\/en\\\/#website\"},\"primaryImageOfPage\":{\"@id\":\"https:\\\/\\\/www.ador-dental.de\\\/produkt\\\/adorbond-cv-pulver-15-45%c2%b5m\\\/#primaryimage\"},\"image\":{\"@id\":\"https:\\\/\\\/www.ador-dental.de\\\/produkt\\\/adorbond-cv-pulver-15-45%c2%b5m\\\/#primaryimage\"},\"thumbnailUrl\":\"https:\\\/\\\/www.ador-dental.de\\\/wp-content\\\/uploads\\\/2026\\\/02\\\/CV-Powder-15-45-Produktbild.png\",\"datePublished\":\"2026-02-24T14:52:17+00:00\",\"dateModified\":\"2026-03-02T13:31:11+00:00\",\"description\":\"Unser Adorbond CV Pulver in Korngr\u00f6\u00dfe 15-45 \u03bcm ist als Modellguss-Legierung sowie auch als Metallkeramik-Legierung verwendbar.\",\"breadcrumb\":{\"@id\":\"https:\\\/\\\/www.ador-dental.de\\\/produkt\\\/adorbond-cv-pulver-15-45%c2%b5m\\\/#breadcrumb\"},\"inLanguage\":\"fr-FR\",\"potentialAction\":[{\"@type\":\"ReadAction\",\"target\":[\"https:\\\/\\\/www.ador-dental.de\\\/produkt\\\/adorbond-cv-pulver-15-45%c2%b5m\\\/\"]}]},{\"@type\":\"ImageObject\",\"inLanguage\":\"fr-FR\",\"@id\":\"https:\\\/\\\/www.ador-dental.de\\\/produkt\\\/adorbond-cv-pulver-15-45%c2%b5m\\\/#primaryimage\",\"url\":\"https:\\\/\\\/www.ador-dental.de\\\/wp-content\\\/uploads\\\/2026\\\/02\\\/CV-Powder-15-45-Produktbild.png\",\"contentUrl\":\"https:\\\/\\\/www.ador-dental.de\\\/wp-content\\\/uploads\\\/2026\\\/02\\\/CV-Powder-15-45-Produktbild.png\",\"width\":1024,\"height\":1024},{\"@type\":\"BreadcrumbList\",\"@id\":\"https:\\\/\\\/www.ador-dental.de\\\/produkt\\\/adorbond-cv-pulver-15-45%c2%b5m\\\/#breadcrumb\",\"itemListElement\":[{\"@type\":\"ListItem\",\"position\":1,\"name\":\"Startseite\",\"item\":\"https:\\\/\\\/www.ador-dental.de\\\/\"},{\"@type\":\"ListItem\",\"position\":2,\"name\":\"Shop\",\"item\":\"https:\\\/\\\/www.ador-dental.de\\\/en\\\/shop\\\/\"},{\"@type\":\"ListItem\",\"position\":3,\"name\":\"Adorbond CV Pulver 15-45\u00b5m\"}]},{\"@type\":\"WebSite\",\"@id\":\"https:\\\/\\\/www.ador-dental.de\\\/en\\\/#website\",\"url\":\"https:\\\/\\\/www.ador-dental.de\\\/en\\\/\",\"name\":\"Ador Dental GmbH\",\"description\":\"\",\"publisher\":{\"@id\":\"https:\\\/\\\/www.ador-dental.de\\\/en\\\/#organization\"},\"potentialAction\":[{\"@type\":\"SearchAction\",\"target\":{\"@type\":\"EntryPoint\",\"urlTemplate\":\"https:\\\/\\\/www.ador-dental.de\\\/en\\\/?s={search_term_string}\"},\"query-input\":{\"@type\":\"PropertyValueSpecification\",\"valueRequired\":true,\"valueName\":\"search_term_string\"}}],\"inLanguage\":\"fr-FR\"},{\"@type\":\"Organization\",\"@id\":\"https:\\\/\\\/www.ador-dental.de\\\/en\\\/#organization\",\"name\":\"Ador Dental GmbH\",\"url\":\"https:\\\/\\\/www.ador-dental.de\\\/en\\\/\",\"logo\":{\"@type\":\"ImageObject\",\"inLanguage\":\"fr-FR\",\"@id\":\"https:\\\/\\\/www.ador-dental.de\\\/en\\\/#\\\/schema\\\/logo\\\/image\\\/\",\"url\":\"https:\\\/\\\/www.ador-dental.de\\\/wp-content\\\/uploads\\\/2021\\\/10\\\/ADOR_Logo_DentalSolutions_2020_Black.svg\",\"contentUrl\":\"https:\\\/\\\/www.ador-dental.de\\\/wp-content\\\/uploads\\\/2021\\\/10\\\/ADOR_Logo_DentalSolutions_2020_Black.svg\",\"width\":678,\"height\":261,\"caption\":\"Ador Dental GmbH\"},\"image\":{\"@id\":\"https:\\\/\\\/www.ador-dental.de\\\/en\\\/#\\\/schema\\\/logo\\\/image\\\/\"}}]}<\/script>\n<!-- \/ Yoast SEO plugin. -->","yoast_head_json":{"title":"Adorbond CV Pulver 15-45\u00b5m - Ador Dental GmbH","description":"Unser Adorbond CV Pulver in Korngr\u00f6\u00dfe 15-45 \u03bcm ist als Modellguss-Legierung sowie auch als Metallkeramik-Legierung verwendbar.","robots":{"index":"index","follow":"follow","max-snippet":"max-snippet:-1","max-image-preview":"max-image-preview:large","max-video-preview":"max-video-preview:-1"},"canonical":"https:\/\/www.ador-dental.de\/fr\/produit\/adorbond-cv-pulver-15-45\u00b5m\/","og_locale":"fr_FR","og_type":"article","og_title":"Adorbond CV Pulver 15-45\u00b5m - Ador Dental GmbH","og_description":"Unser Adorbond CV Pulver in Korngr\u00f6\u00dfe 15-45 \u03bcm ist als Modellguss-Legierung sowie auch als Metallkeramik-Legierung verwendbar.","og_url":"https:\/\/www.ador-dental.de\/fr\/produit\/adorbond-cv-pulver-15-45\u00b5m\/","og_site_name":"Ador Dental GmbH","article_modified_time":"2026-03-02T13:31:11+00:00","og_image":[{"width":1024,"height":1024,"url":"https:\/\/www.ador-dental.de\/wp-content\/uploads\/2026\/02\/CV-Powder-15-45-Produktbild.png","type":"image\/png"}],"twitter_card":"summary_large_image","twitter_misc":{"Dur\u00e9e de lecture estim\u00e9e":"2 minutes"},"schema":{"@context":"https:\/\/schema.org","@graph":[{"@type":"WebPage","@id":"https:\/\/www.ador-dental.de\/produkt\/adorbond-cv-pulver-15-45%c2%b5m\/","url":"https:\/\/www.ador-dental.de\/produkt\/adorbond-cv-pulver-15-45%c2%b5m\/","name":"Adorbond CV Pulver 15-45\u00b5m - Ador Dental GmbH","isPartOf":{"@id":"https:\/\/www.ador-dental.de\/en\/#website"},"primaryImageOfPage":{"@id":"https:\/\/www.ador-dental.de\/produkt\/adorbond-cv-pulver-15-45%c2%b5m\/#primaryimage"},"image":{"@id":"https:\/\/www.ador-dental.de\/produkt\/adorbond-cv-pulver-15-45%c2%b5m\/#primaryimage"},"thumbnailUrl":"https:\/\/www.ador-dental.de\/wp-content\/uploads\/2026\/02\/CV-Powder-15-45-Produktbild.png","datePublished":"2026-02-24T14:52:17+00:00","dateModified":"2026-03-02T13:31:11+00:00","description":"Unser Adorbond CV Pulver in Korngr\u00f6\u00dfe 15-45 \u03bcm ist als Modellguss-Legierung sowie auch als Metallkeramik-Legierung verwendbar.","breadcrumb":{"@id":"https:\/\/www.ador-dental.de\/produkt\/adorbond-cv-pulver-15-45%c2%b5m\/#breadcrumb"},"inLanguage":"fr-FR","potentialAction":[{"@type":"ReadAction","target":["https:\/\/www.ador-dental.de\/produkt\/adorbond-cv-pulver-15-45%c2%b5m\/"]}]},{"@type":"ImageObject","inLanguage":"fr-FR","@id":"https:\/\/www.ador-dental.de\/produkt\/adorbond-cv-pulver-15-45%c2%b5m\/#primaryimage","url":"https:\/\/www.ador-dental.de\/wp-content\/uploads\/2026\/02\/CV-Powder-15-45-Produktbild.png","contentUrl":"https:\/\/www.ador-dental.de\/wp-content\/uploads\/2026\/02\/CV-Powder-15-45-Produktbild.png","width":1024,"height":1024},{"@type":"BreadcrumbList","@id":"https:\/\/www.ador-dental.de\/produkt\/adorbond-cv-pulver-15-45%c2%b5m\/#breadcrumb","itemListElement":[{"@type":"ListItem","position":1,"name":"Startseite","item":"https:\/\/www.ador-dental.de\/"},{"@type":"ListItem","position":2,"name":"Shop","item":"https:\/\/www.ador-dental.de\/en\/shop\/"},{"@type":"ListItem","position":3,"name":"Adorbond CV Pulver 15-45\u00b5m"}]},{"@type":"WebSite","@id":"https:\/\/www.ador-dental.de\/en\/#website","url":"https:\/\/www.ador-dental.de\/en\/","name":"Ador Dental GmbH","description":"","publisher":{"@id":"https:\/\/www.ador-dental.de\/en\/#organization"},"potentialAction":[{"@type":"SearchAction","target":{"@type":"EntryPoint","urlTemplate":"https:\/\/www.ador-dental.de\/en\/?s={search_term_string}"},"query-input":{"@type":"PropertyValueSpecification","valueRequired":true,"valueName":"search_term_string"}}],"inLanguage":"fr-FR"},{"@type":"Organization","@id":"https:\/\/www.ador-dental.de\/en\/#organization","name":"Ador Dental GmbH","url":"https:\/\/www.ador-dental.de\/en\/","logo":{"@type":"ImageObject","inLanguage":"fr-FR","@id":"https:\/\/www.ador-dental.de\/en\/#\/schema\/logo\/image\/","url":"https:\/\/www.ador-dental.de\/wp-content\/uploads\/2021\/10\/ADOR_Logo_DentalSolutions_2020_Black.svg","contentUrl":"https:\/\/www.ador-dental.de\/wp-content\/uploads\/2021\/10\/ADOR_Logo_DentalSolutions_2020_Black.svg","width":678,"height":261,"caption":"Ador Dental GmbH"},"image":{"@id":"https:\/\/www.ador-dental.de\/en\/#\/schema\/logo\/image\/"}}]}},"_links":{"self":[{"href":"https:\/\/www.ador-dental.de\/fr\/wp-json\/wp\/v2\/product\/31067","targetHints":{"allow":["GET"]}}],"collection":[{"href":"https:\/\/www.ador-dental.de\/fr\/wp-json\/wp\/v2\/product"}],"about":[{"href":"https:\/\/www.ador-dental.de\/fr\/wp-json\/wp\/v2\/types\/product"}],"replies":[{"embeddable":true,"href":"https:\/\/www.ador-dental.de\/fr\/wp-json\/wp\/v2\/comments?post=31067"}],"version-history":[{"count":7,"href":"https:\/\/www.ador-dental.de\/fr\/wp-json\/wp\/v2\/product\/31067\/revisions"}],"predecessor-version":[{"id":31228,"href":"https:\/\/www.ador-dental.de\/fr\/wp-json\/wp\/v2\/product\/31067\/revisions\/31228"}],"wp:featuredmedia":[{"embeddable":true,"href":"https:\/\/www.ador-dental.de\/fr\/wp-json\/wp\/v2\/media\/31098"}],"wp:attachment":[{"href":"https:\/\/www.ador-dental.de\/fr\/wp-json\/wp\/v2\/media?parent=31067"}],"wp:term":[{"taxonomy":"product_brand","embeddable":true,"href":"https:\/\/www.ador-dental.de\/fr\/wp-json\/wp\/v2\/product_brand?post=31067"},{"taxonomy":"product_cat","embeddable":true,"href":"https:\/\/www.ador-dental.de\/fr\/wp-json\/wp\/v2\/product_cat?post=31067"},{"taxonomy":"product_tag","embeddable":true,"href":"https:\/\/www.ador-dental.de\/fr\/wp-json\/wp\/v2\/product_tag?post=31067"}],"curies":[{"name":"wp","href":"https:\/\/api.w.org\/{rel}","templated":true}]}}