{"id":30721,"date":"2026-01-06T10:09:09","date_gmt":"2026-01-06T09:09:09","guid":{"rendered":"https:\/\/www.ador-dental.de\/?post_type=product&#038;p=30721"},"modified":"2026-04-23T08:43:07","modified_gmt":"2026-04-23T06:43:07","slug":"dentalgusslegierung-adornova-ps40-silberbasis","status":"publish","type":"product","link":"https:\/\/www.ador-dental.de\/fr\/produit\/dentalgusslegierung-adornova-ps40-silberbasis\/","title":{"rendered":"Adornova PS 40"},"content":{"rendered":"<p><b>&gt;&gt;&gt; <a  data-e-disable-page-transition=\"true\" class=\"download-link\" title=\"\" href=\"https:\/\/www.ador-dental.de\/fr\/download\/30718\/?tmstv=1776989731\" rel=\"nofollow\" id=\"download-link-30718\" data-redirect=\"false\" >\n\tGebrAnw-Dentalgrundlegierung-Adornova_PS40.pdf<\/a>\n &lt;&lt;&lt;<\/b><\/p>\n<table width=\"646\">\n<tbody>\n<tr>\n<td width=\"155\"><strong>Type<\/strong><\/td>\n<td width=\"491\">Alliage de coul\u00e9e dentaire \u00e0 base d'argent, type 4 (extra dur),<\/p>\n<p>selon la norme DIN EN ISO 22674<\/td>\n<\/tr>\n<tr>\n<td width=\"155\"><strong>couleur :<\/strong><\/td>\n<td width=\"491\">blanc<\/td>\n<\/tr>\n<\/tbody>\n<\/table>\n<p>&nbsp;<\/p>\n<table width=\"646\">\n<tbody>\n<tr>\n<td width=\"155\"><strong>Indications :<\/strong><\/td>\n<td width=\"310\">Inlays, onlays<\/td>\n<td width=\"181\">\u25cf<\/td>\n<\/tr>\n<tr>\n<td width=\"155\"><\/td>\n<td width=\"310\">Couronnes<\/td>\n<td width=\"181\">\u25cf<\/td>\n<\/tr>\n<tr>\n<td width=\"155\"><\/td>\n<td width=\"310\">petits ponts<\/td>\n<td width=\"181\">\u25cf<\/td>\n<\/tr>\n<tr>\n<td width=\"155\"><\/td>\n<td width=\"310\">Br\u00fccken jeder physiologischen\u00a0 Spannweite<\/td>\n<td width=\"181\">\u25cf<\/td>\n<\/tr>\n<tr>\n<td width=\"155\"><\/td>\n<td width=\"310\">Fraisage, usinage de c\u00f4nes et de coulisses<\/td>\n<td width=\"181\">\u25cf<\/td>\n<\/tr>\n<tr>\n<td width=\"155\"><\/td>\n<td width=\"310\">Fonte sur mod\u00e8le<\/td>\n<td width=\"181\">\u25cf<\/td>\n<\/tr>\n<\/tbody>\n<\/table>\n<p>&nbsp;<\/p>\n<table width=\"648\">\n<tbody>\n<tr>\n<td width=\"155\"><strong>Composition :<\/strong><\/td>\n<td width=\"123\">Pd<\/td>\n<td width=\"123\">39,9<\/td>\n<td width=\"123\">Ru<\/td>\n<td width=\"123\">0,20<\/td>\n<\/tr>\n<tr>\n<td width=\"155\">(pourcentages en masse dans %)<\/td>\n<td width=\"123\">Ag<\/td>\n<td width=\"123\">51,9<\/td>\n<td width=\"123\">Sn<\/td>\n<td width=\"123\">2,00<\/td>\n<\/tr>\n<tr>\n<td width=\"155\"><\/td>\n<td width=\"123\">Dans<\/td>\n<td width=\"123\">2,00<\/td>\n<td width=\"123\">Zn<\/td>\n<td width=\"123\">4,00<\/td>\n<\/tr>\n<tr>\n<td width=\"155\"><\/td>\n<td width=\"123\"><\/td>\n<td width=\"123\"><\/td>\n<td width=\"123\"><\/td>\n<td width=\"123\"><\/td>\n<\/tr>\n<\/tbody>\n<\/table>\n<p>&nbsp;<\/p>\n<table width=\"646\">\n<tbody>\n<tr>\n<td width=\"155\"><strong>Donn\u00e9es techniques :<\/strong><\/td>\n<td width=\"310\">Densit\u00e9 en g\/cm\u00b3<\/td>\n<td width=\"181\">10,6<\/td>\n<\/tr>\n<tr>\n<td width=\"155\"><\/td>\n<td width=\"310\">Duret\u00e9 Vickers HV 5\/30<\/td>\n<td width=\"181\">(s)180\u00a0\u00a0\u00a0\u00a0\u00a0 (a-s)200<\/td>\n<\/tr>\n<tr>\n<td width=\"155\"><\/td>\n<td width=\"310\">Limite d'\u00e9lasticit\u00e9 R<sub>p0,2<\/sub> en MPa<\/td>\n<td width=\"181\">(s)370\u00a0 \u00a0 \u00a0 (a-s)4390<\/td>\n<\/tr>\n<tr>\n<td width=\"155\"><\/td>\n<td width=\"310\">Allongement \u00e0 la rupture en %<\/td>\n<td width=\"181\">(s)12\u00a0 \u00a0 \u00a0 \u00a0 (a-s)10<\/td>\n<\/tr>\n<tr>\n<td width=\"155\"><\/td>\n<td width=\"310\">Module d'\u00e9lasticit\u00e9 en GPa<\/td>\n<td width=\"181\">110<\/td>\n<\/tr>\n<tr>\n<td width=\"155\"><\/td>\n<td width=\"310\">Intervalle de fusion en \u00b0C<\/td>\n<td width=\"181\">1090-1160<\/td>\n<\/tr>\n<\/tbody>\n<\/table>\n<p>&nbsp;<\/p>\n<table width=\"646\">\n<tbody>\n<tr>\n<td width=\"155\"><strong>traitement :<\/strong><\/td>\n<td width=\"310\">Temp\u00e9rature de pr\u00e9chauffage des moules en \u00b0C<\/td>\n<td width=\"181\">800<\/td>\n<\/tr>\n<tr>\n<td width=\"155\"><\/td>\n<td width=\"310\">Temp\u00e9rature de coul\u00e9e en \u00b0C<\/td>\n<td width=\"181\">1310<\/td>\n<\/tr>\n<tr>\n<td width=\"155\"><\/td>\n<td width=\"310\">Creuset<\/td>\n<td width=\"181\">C\u00e9ramique<\/td>\n<\/tr>\n<tr>\n<td width=\"155\"><\/td>\n<td width=\"310\">Durcissement<\/td>\n<td width=\"181\">550\u00b0C\/ 15min<\/td>\n<\/tr>\n<\/tbody>\n<\/table>\n<p>&nbsp;<\/p>\n<table width=\"646\">\n<tbody>\n<tr>\n<td width=\"155\"><strong>M\u00e9taux d'apport appropri\u00e9s :<\/strong><\/td>\n<td width=\"310\">Compos\u00e9s en tant qu'alliage de coul\u00e9e<\/td>\n<td width=\"181\">AL 800<\/td>\n<\/tr>\n<tr>\n<td width=\"155\"><strong>\u00a0<\/strong><\/td>\n<td width=\"310\">Compos\u00e9s en tant qu'alliage de coul\u00e9e<\/td>\n<td width=\"181\">AL750<\/td>\n<\/tr>\n<\/tbody>\n<\/table>\n<p>&nbsp;<\/p>\n<p>1) Abr\u00e9viations :<\/p>\n<p>s - autopolym\u00e9risation, n - apr\u00e8s la cuisson de la c\u00e9ramique, a-s - durci \u00e0 partir de l'\u00e9tat s<\/p>\n<p>a-n - durci \u00e0 partir de l'\u00e9tat n<\/p>\n<p>&nbsp;<\/p>\n<p>2) toutes les indications sur l'\u00e9tat durci ont \u00e9t\u00e9 faites en fonction de l'alliage :<\/p>\n<p>- Cuisson d'oxydation 10min\/ 960\u00b0C + 4x4min\/ 960\u00b0C pour les alliages cuits conventionnels jaunes<\/p>\n<p>- Cuisson d'oxydation 10min\/ 980\u00b0C + 4x4min\/ 980\u00b0C pour les alliages c\u00e9ramisables blancs conventionnels<\/p>\n<p>- Cuisson d'oxydation 10min\/ 800\u00b0C + 4x4min\/ 800\u00b0C pour les syst\u00e8mes LFC<\/p>\n<p>Les indications de valeur correspondantes ne sont valables que dans ces conditions.<\/p>\n<p>&nbsp;<\/p>\n<p>3) La cuisson de la c\u00e9ramique doit \u00eatre effectu\u00e9e selon les indications du fabricant de c\u00e9ramique.<\/p>","protected":false},"excerpt":{"rendered":"<p><strong>Paquet de 25 g<\/strong><\/p>\n<p>Gusslegierung auf Silberbasis<\/p>\n<p><strong>En raison de l'\u00e9volution actuelle des prix des mati\u00e8res premi\u00e8res, tous les alliages sont pour l'instant publi\u00e9s sur la base du prix du jour. Les prix sont actualis\u00e9s chaque matin \u00e0 11 heures.<\/strong><\/p>","protected":false},"featured_media":30739,"comment_status":"open","ping_status":"closed","template":"","meta":{"neve_meta_sidebar":"","neve_meta_container":"","neve_meta_enable_content_width":"off","neve_meta_content_width":70,"neve_meta_title_alignment":"","neve_meta_author_avatar":"","neve_post_elements_order":"","neve_meta_disable_header":"","neve_meta_disable_footer":"","neve_meta_disable_title":"","_themeisle_gutenberg_block_has_review":false},"product_brand":[],"product_cat":[33,34,42,36],"product_tag":[1262,1261],"class_list":{"0":"post-30721","1":"product","2":"type-product","3":"status-publish","4":"has-post-thumbnail","6":"product_cat-legierungen","7":"product_cat-em-legierungen","8":"product_cat-goldreduziert-gusslegierungen","9":"product_cat-gusslegierungen","10":"product_tag-ps40","11":"product_tag-silberbasis","13":"first","14":"instock","15":"taxable","16":"shipping-taxable","17":"purchasable","18":"product-type-simple"},"yoast_head":"<!-- This site is optimized with the Yoast SEO plugin v27.4 - https:\/\/yoast.com\/product\/yoast-seo-wordpress\/ -->\n<title>Adornova PS 40 - Ador Dental GmbH<\/title>\n<meta name=\"description\" content=\"ADOR Edelmetalle - Adornova PS40 ist eine Dentalgusslegierung auf Silberbasis, Typ 4 (extrahart), gem. DIN EN ISO 22674.\" \/>\n<meta name=\"robots\" content=\"index, follow, max-snippet:-1, max-image-preview:large, max-video-preview:-1\" \/>\n<link rel=\"canonical\" href=\"https:\/\/www.ador-dental.de\/fr\/produit\/dentalgusslegierung-adornova-ps40-silberbasis\/\" \/>\n<meta property=\"og:locale\" content=\"fr_FR\" \/>\n<meta property=\"og:type\" content=\"article\" \/>\n<meta property=\"og:title\" content=\"Adornova PS 40 - Ador Dental GmbH\" \/>\n<meta property=\"og:description\" content=\"ADOR Edelmetalle - Adornova PS40 ist eine Dentalgusslegierung auf Silberbasis, Typ 4 (extrahart), gem. DIN EN ISO 22674.\" \/>\n<meta property=\"og:url\" content=\"https:\/\/www.ador-dental.de\/fr\/produit\/dentalgusslegierung-adornova-ps40-silberbasis\/\" \/>\n<meta property=\"og:site_name\" content=\"Ador Dental GmbH\" \/>\n<meta property=\"article:modified_time\" content=\"2026-04-23T06:43:07+00:00\" \/>\n<meta property=\"og:image\" content=\"https:\/\/www.ador-dental.de\/wp-content\/uploads\/2026\/01\/Adornova-PS40-PB.png\" \/>\n\t<meta property=\"og:image:width\" content=\"1024\" \/>\n\t<meta property=\"og:image:height\" content=\"1024\" \/>\n\t<meta property=\"og:image:type\" content=\"image\/png\" \/>\n<meta name=\"twitter:card\" content=\"summary_large_image\" \/>\n<meta name=\"twitter:label1\" content=\"Dur\u00e9e de lecture estim\u00e9e\" \/>\n\t<meta name=\"twitter:data1\" content=\"2 minutes\" \/>\n<script type=\"application\/ld+json\" class=\"yoast-schema-graph\">{\"@context\":\"https:\\\/\\\/schema.org\",\"@graph\":[{\"@type\":\"WebPage\",\"@id\":\"https:\\\/\\\/www.ador-dental.de\\\/produkt\\\/dentalgusslegierung-adornova-ps40-silberbasis\\\/\",\"url\":\"https:\\\/\\\/www.ador-dental.de\\\/produkt\\\/dentalgusslegierung-adornova-ps40-silberbasis\\\/\",\"name\":\"Adornova PS 40 - Ador Dental GmbH\",\"isPartOf\":{\"@id\":\"https:\\\/\\\/www.ador-dental.de\\\/en\\\/#website\"},\"primaryImageOfPage\":{\"@id\":\"https:\\\/\\\/www.ador-dental.de\\\/produkt\\\/dentalgusslegierung-adornova-ps40-silberbasis\\\/#primaryimage\"},\"image\":{\"@id\":\"https:\\\/\\\/www.ador-dental.de\\\/produkt\\\/dentalgusslegierung-adornova-ps40-silberbasis\\\/#primaryimage\"},\"thumbnailUrl\":\"https:\\\/\\\/www.ador-dental.de\\\/wp-content\\\/uploads\\\/2026\\\/01\\\/Adornova-PS40-PB.png\",\"datePublished\":\"2026-01-06T09:09:09+00:00\",\"dateModified\":\"2026-04-23T06:43:07+00:00\",\"description\":\"ADOR Edelmetalle - Adornova PS40 ist eine Dentalgusslegierung auf Silberbasis, Typ 4 (extrahart), gem. DIN EN ISO 22674.\",\"breadcrumb\":{\"@id\":\"https:\\\/\\\/www.ador-dental.de\\\/produkt\\\/dentalgusslegierung-adornova-ps40-silberbasis\\\/#breadcrumb\"},\"inLanguage\":\"fr-FR\",\"potentialAction\":[{\"@type\":\"ReadAction\",\"target\":[\"https:\\\/\\\/www.ador-dental.de\\\/produkt\\\/dentalgusslegierung-adornova-ps40-silberbasis\\\/\"]}]},{\"@type\":\"ImageObject\",\"inLanguage\":\"fr-FR\",\"@id\":\"https:\\\/\\\/www.ador-dental.de\\\/produkt\\\/dentalgusslegierung-adornova-ps40-silberbasis\\\/#primaryimage\",\"url\":\"https:\\\/\\\/www.ador-dental.de\\\/wp-content\\\/uploads\\\/2026\\\/01\\\/Adornova-PS40-PB.png\",\"contentUrl\":\"https:\\\/\\\/www.ador-dental.de\\\/wp-content\\\/uploads\\\/2026\\\/01\\\/Adornova-PS40-PB.png\",\"width\":1024,\"height\":1024},{\"@type\":\"BreadcrumbList\",\"@id\":\"https:\\\/\\\/www.ador-dental.de\\\/produkt\\\/dentalgusslegierung-adornova-ps40-silberbasis\\\/#breadcrumb\",\"itemListElement\":[{\"@type\":\"ListItem\",\"position\":1,\"name\":\"Startseite\",\"item\":\"https:\\\/\\\/www.ador-dental.de\\\/\"},{\"@type\":\"ListItem\",\"position\":2,\"name\":\"Shop\",\"item\":\"https:\\\/\\\/www.ador-dental.de\\\/en\\\/shop\\\/\"},{\"@type\":\"ListItem\",\"position\":3,\"name\":\"Adornova PS 40\"}]},{\"@type\":\"WebSite\",\"@id\":\"https:\\\/\\\/www.ador-dental.de\\\/en\\\/#website\",\"url\":\"https:\\\/\\\/www.ador-dental.de\\\/en\\\/\",\"name\":\"Ador Dental GmbH\",\"description\":\"\",\"publisher\":{\"@id\":\"https:\\\/\\\/www.ador-dental.de\\\/en\\\/#organization\"},\"potentialAction\":[{\"@type\":\"SearchAction\",\"target\":{\"@type\":\"EntryPoint\",\"urlTemplate\":\"https:\\\/\\\/www.ador-dental.de\\\/en\\\/?s={search_term_string}\"},\"query-input\":{\"@type\":\"PropertyValueSpecification\",\"valueRequired\":true,\"valueName\":\"search_term_string\"}}],\"inLanguage\":\"fr-FR\"},{\"@type\":\"Organization\",\"@id\":\"https:\\\/\\\/www.ador-dental.de\\\/en\\\/#organization\",\"name\":\"Ador Dental GmbH\",\"url\":\"https:\\\/\\\/www.ador-dental.de\\\/en\\\/\",\"logo\":{\"@type\":\"ImageObject\",\"inLanguage\":\"fr-FR\",\"@id\":\"https:\\\/\\\/www.ador-dental.de\\\/en\\\/#\\\/schema\\\/logo\\\/image\\\/\",\"url\":\"https:\\\/\\\/www.ador-dental.de\\\/wp-content\\\/uploads\\\/2021\\\/10\\\/ADOR_Logo_DentalSolutions_2020_Black.svg\",\"contentUrl\":\"https:\\\/\\\/www.ador-dental.de\\\/wp-content\\\/uploads\\\/2021\\\/10\\\/ADOR_Logo_DentalSolutions_2020_Black.svg\",\"width\":678,\"height\":261,\"caption\":\"Ador Dental GmbH\"},\"image\":{\"@id\":\"https:\\\/\\\/www.ador-dental.de\\\/en\\\/#\\\/schema\\\/logo\\\/image\\\/\"}}]}<\/script>\n<!-- \/ Yoast SEO plugin. -->","yoast_head_json":{"title":"Adornova PS 40 - Ador Dental GmbH","description":"ADOR Edelmetalle - Adornova PS40 ist eine Dentalgusslegierung auf Silberbasis, Typ 4 (extrahart), gem. DIN EN ISO 22674.","robots":{"index":"index","follow":"follow","max-snippet":"max-snippet:-1","max-image-preview":"max-image-preview:large","max-video-preview":"max-video-preview:-1"},"canonical":"https:\/\/www.ador-dental.de\/fr\/produit\/dentalgusslegierung-adornova-ps40-silberbasis\/","og_locale":"fr_FR","og_type":"article","og_title":"Adornova PS 40 - Ador Dental GmbH","og_description":"ADOR Edelmetalle - Adornova PS40 ist eine Dentalgusslegierung auf Silberbasis, Typ 4 (extrahart), gem. DIN EN ISO 22674.","og_url":"https:\/\/www.ador-dental.de\/fr\/produit\/dentalgusslegierung-adornova-ps40-silberbasis\/","og_site_name":"Ador Dental GmbH","article_modified_time":"2026-04-23T06:43:07+00:00","og_image":[{"width":1024,"height":1024,"url":"https:\/\/www.ador-dental.de\/wp-content\/uploads\/2026\/01\/Adornova-PS40-PB.png","type":"image\/png"}],"twitter_card":"summary_large_image","twitter_misc":{"Dur\u00e9e de lecture estim\u00e9e":"2 minutes"},"schema":{"@context":"https:\/\/schema.org","@graph":[{"@type":"WebPage","@id":"https:\/\/www.ador-dental.de\/produkt\/dentalgusslegierung-adornova-ps40-silberbasis\/","url":"https:\/\/www.ador-dental.de\/produkt\/dentalgusslegierung-adornova-ps40-silberbasis\/","name":"Adornova PS 40 - Ador Dental GmbH","isPartOf":{"@id":"https:\/\/www.ador-dental.de\/en\/#website"},"primaryImageOfPage":{"@id":"https:\/\/www.ador-dental.de\/produkt\/dentalgusslegierung-adornova-ps40-silberbasis\/#primaryimage"},"image":{"@id":"https:\/\/www.ador-dental.de\/produkt\/dentalgusslegierung-adornova-ps40-silberbasis\/#primaryimage"},"thumbnailUrl":"https:\/\/www.ador-dental.de\/wp-content\/uploads\/2026\/01\/Adornova-PS40-PB.png","datePublished":"2026-01-06T09:09:09+00:00","dateModified":"2026-04-23T06:43:07+00:00","description":"ADOR Edelmetalle - Adornova PS40 ist eine Dentalgusslegierung auf Silberbasis, Typ 4 (extrahart), gem. DIN EN ISO 22674.","breadcrumb":{"@id":"https:\/\/www.ador-dental.de\/produkt\/dentalgusslegierung-adornova-ps40-silberbasis\/#breadcrumb"},"inLanguage":"fr-FR","potentialAction":[{"@type":"ReadAction","target":["https:\/\/www.ador-dental.de\/produkt\/dentalgusslegierung-adornova-ps40-silberbasis\/"]}]},{"@type":"ImageObject","inLanguage":"fr-FR","@id":"https:\/\/www.ador-dental.de\/produkt\/dentalgusslegierung-adornova-ps40-silberbasis\/#primaryimage","url":"https:\/\/www.ador-dental.de\/wp-content\/uploads\/2026\/01\/Adornova-PS40-PB.png","contentUrl":"https:\/\/www.ador-dental.de\/wp-content\/uploads\/2026\/01\/Adornova-PS40-PB.png","width":1024,"height":1024},{"@type":"BreadcrumbList","@id":"https:\/\/www.ador-dental.de\/produkt\/dentalgusslegierung-adornova-ps40-silberbasis\/#breadcrumb","itemListElement":[{"@type":"ListItem","position":1,"name":"Startseite","item":"https:\/\/www.ador-dental.de\/"},{"@type":"ListItem","position":2,"name":"Shop","item":"https:\/\/www.ador-dental.de\/en\/shop\/"},{"@type":"ListItem","position":3,"name":"Adornova PS 40"}]},{"@type":"WebSite","@id":"https:\/\/www.ador-dental.de\/en\/#website","url":"https:\/\/www.ador-dental.de\/en\/","name":"Ador Dental GmbH","description":"","publisher":{"@id":"https:\/\/www.ador-dental.de\/en\/#organization"},"potentialAction":[{"@type":"SearchAction","target":{"@type":"EntryPoint","urlTemplate":"https:\/\/www.ador-dental.de\/en\/?s={search_term_string}"},"query-input":{"@type":"PropertyValueSpecification","valueRequired":true,"valueName":"search_term_string"}}],"inLanguage":"fr-FR"},{"@type":"Organization","@id":"https:\/\/www.ador-dental.de\/en\/#organization","name":"Ador Dental GmbH","url":"https:\/\/www.ador-dental.de\/en\/","logo":{"@type":"ImageObject","inLanguage":"fr-FR","@id":"https:\/\/www.ador-dental.de\/en\/#\/schema\/logo\/image\/","url":"https:\/\/www.ador-dental.de\/wp-content\/uploads\/2021\/10\/ADOR_Logo_DentalSolutions_2020_Black.svg","contentUrl":"https:\/\/www.ador-dental.de\/wp-content\/uploads\/2021\/10\/ADOR_Logo_DentalSolutions_2020_Black.svg","width":678,"height":261,"caption":"Ador Dental GmbH"},"image":{"@id":"https:\/\/www.ador-dental.de\/en\/#\/schema\/logo\/image\/"}}]}},"_links":{"self":[{"href":"https:\/\/www.ador-dental.de\/fr\/wp-json\/wp\/v2\/product\/30721","targetHints":{"allow":["GET"]}}],"collection":[{"href":"https:\/\/www.ador-dental.de\/fr\/wp-json\/wp\/v2\/product"}],"about":[{"href":"https:\/\/www.ador-dental.de\/fr\/wp-json\/wp\/v2\/types\/product"}],"replies":[{"embeddable":true,"href":"https:\/\/www.ador-dental.de\/fr\/wp-json\/wp\/v2\/comments?post=30721"}],"version-history":[{"count":2,"href":"https:\/\/www.ador-dental.de\/fr\/wp-json\/wp\/v2\/product\/30721\/revisions"}],"predecessor-version":[{"id":30761,"href":"https:\/\/www.ador-dental.de\/fr\/wp-json\/wp\/v2\/product\/30721\/revisions\/30761"}],"wp:featuredmedia":[{"embeddable":true,"href":"https:\/\/www.ador-dental.de\/fr\/wp-json\/wp\/v2\/media\/30739"}],"wp:attachment":[{"href":"https:\/\/www.ador-dental.de\/fr\/wp-json\/wp\/v2\/media?parent=30721"}],"wp:term":[{"taxonomy":"product_brand","embeddable":true,"href":"https:\/\/www.ador-dental.de\/fr\/wp-json\/wp\/v2\/product_brand?post=30721"},{"taxonomy":"product_cat","embeddable":true,"href":"https:\/\/www.ador-dental.de\/fr\/wp-json\/wp\/v2\/product_cat?post=30721"},{"taxonomy":"product_tag","embeddable":true,"href":"https:\/\/www.ador-dental.de\/fr\/wp-json\/wp\/v2\/product_tag?post=30721"}],"curies":[{"name":"wp","href":"https:\/\/api.w.org\/{rel}","templated":true}]}}