{"id":30424,"date":"2025-12-16T16:13:49","date_gmt":"2025-12-16T15:13:49","guid":{"rendered":"https:\/\/www.ador-dental.de\/?post_type=product&#038;p=30424"},"modified":"2026-01-20T14:31:30","modified_gmt":"2026-01-20T13:31:30","slug":"glazic-glass-ceramics-ht-18-5x14-9x12-5","status":"publish","type":"product","link":"https:\/\/www.ador-dental.de\/fr\/produit\/glazic-glass-ceramics-ht-18-5x14-9x12-5\/","title":{"rendered":"Vitroc\u00e9ramique Glazic HT 18,5 \u00d7 14,9 \u00d7 12,5"},"content":{"rendered":"<p><a href=\"https:\/\/www.ador-dental.de\/wp-content\/uploads\/2026\/01\/BSM_GC_Glazic-Glass-Ceramic_Instruction-Manual_EN-20251111-v1.1.1-1.pdf\">Gebrauchsanweisung (ENGL)<\/a><\/p>\n<p><a href=\"https:\/\/www.ador-dental.de\/wp-content\/uploads\/2026\/01\/BSM_GC_Glazic-Glass-Ceramic_Flyer_EN-20251112-v2.1.1.pdf\">Flyer (ENGL)<\/a><\/p>\n<p>Glazic ist eine mit Zirkonoxid verst\u00e4rkte Lithiumdisilikat-Glaskeramik, hergestellt aus hochwertigen Rohstoffen in Nanoqualit\u00e4t. Die feink\u00f6rnige Mikrostruktur erm\u00f6glicht eine hervorragende Bearbeitbarkeit und sorgt f\u00fcr gleichbleibend stabile \u00e4sthetische Ergebnisse. Dank seiner exzellenten mechanischen Festigkeit, der nat\u00fcrlichen Farbanpassung sowie der lebensechten Fluoreszenz und Opaleszenz vereint Glazic Langlebigkeit und Sch\u00f6nheit. Die einfache Verarbeitung und die minimalinvasiven Eigenschaften machen es zum idealen Vollkeramikmaterial f\u00fcr effiziente \u00e4sthetische Restaurationen direkt am Behandlungsstuhl, wie z. B. Kronen, Veneers, Inlays und Onlays<\/p>\n<h3><strong>Superst\u00e4rke<\/strong><\/h3>\n<p>Ultrafeink\u00f6rnige Mikrostruktur mit vollst\u00e4ndig in Glas gel\u00f6stem Zirkoniumdioxid.<\/p>\n<p>Biegefestigkeit (3-Punkt) \u2265 400 MPa (bis zu 3-gliedrige Frontzahnbr\u00fccke)<\/p>\n<h3><strong>Lebensechte \u00c4sthetik<\/strong><\/h3>\n<p>Hervorragende Lichtdurchl\u00e4ssigkeit durch optimale Lichtstreuung<\/p>\n<p>Lebensechte Opaleszenz mit nat\u00fcrlicher Fluoreszenz<\/p>\n<p>Personalisierte \u00c4sthetik mit verschiedenen Farbt\u00f6nen erh\u00e4ltlich<\/p>\n<h3><strong>Einfache Verarbeitung<\/strong><\/h3>\n<p>Ideales Material f\u00fcr die CAD\/CAM-Bearbeitung mit extremer Festigkeit<\/p>\n<p>Geringere Ausbruchneigung bei hoher Kantenstabilit\u00e4t<\/p>\n<p>Die richtige H\u00e4rte und Biegefestigkeit (unkristallisiert) gew\u00e4hrleisten eine lange Lebensdauer der Fr\u00e4ser.<\/p>\n<h3><strong>Super minimalinvasiv<\/strong><\/h3>\n<p>Ultrad\u00fcnnes Furnier bis zu 0,3 mm<\/p>\n<p>Maximale Erhaltung der nat\u00fcrlichen Zahnstruktur<\/p>\n<p>Langfristiges Management zur Erhaltung der endodontischen Gesundheit<\/p>\n<h3 class=\"font36 blue title center wow lhzoomIn animated\"><span dir=\"auto\">Materialeigenschaften<\/span><\/h3>\n<div class=\"lh-parameters\">\n<div class=\"lh-parameters\">\n<ul class=\"lh-parameters-item font16 regularfont clearfix\">\n<li class=\"wow fadeInUp1 animated\">\n<div class=\"left attribute\"><span dir=\"auto\">Zusammensetzung<\/span><\/div>\n<div class=\"left values\"><span dir=\"auto\">SiO2, Al2O3, Li2O, Na2O, ZrO2, andere Oxide usw.<\/span><\/div>\n<\/li>\n<li class=\"wow fadeInUp1 animated\">\n<div class=\"left attribute\"><span dir=\"auto\">Dichte [g\/cm3]<\/span><\/div>\n<div class=\"left values\"><span dir=\"auto\">\u22652,2<\/span><\/div>\n<\/li>\n<li class=\"wow fadeInUp1 animated\">\n<div class=\"left attribute\"><span dir=\"auto\">Vickers-H\u00e4rte [HV10]<\/span><\/div>\n<div class=\"left values\"><span dir=\"auto\">480-520 (kristallisiert)<\/span><\/div>\n<\/li>\n<li class=\"wow fadeInUp1 animated\">\n<div class=\"left attribute\"><span dir=\"auto\">Biaxiale Biegefestigkeit [MPa]<\/span><\/div>\n<div class=\"left values\"><span dir=\"auto\">\u2265400<\/span><\/div>\n<\/li>\n<li class=\"wow fadeInUp1 animated\">\n<div class=\"left attribute\"><span dir=\"auto\">Bruchz\u00e4higkeit [ MPa m1\/2]<\/span><\/div>\n<div class=\"left values\"><span dir=\"auto\">&gt;2,5<\/span><\/div>\n<\/li>\n<li class=\"wow fadeInUp1 animated\">\n<div class=\"left attribute\"><span dir=\"auto\">Chemische L\u00f6slichkeit [ \u00b5g\/cm 2 ]<\/span><\/div>\n<div class=\"left values\"><span dir=\"auto\">&lt;100<\/span><\/div>\n<\/li>\n<li class=\"wow fadeInUp1 animated\">\n<div class=\"left attribute\"><span dir=\"auto\">CTE (500 \u00b0C) [ 10\u207b\u2076 K ]<\/span><\/div>\n<div class=\"left values\"><span dir=\"auto\">9,7 \u00b1 0,5<\/span><\/div>\n<\/li>\n<li class=\"wow fadeInUp1 animated\">\n<div class=\"left attribute\"><span dir=\"auto\">Kristallisationstemperatur [\u2103]<\/span><\/div>\n<div class=\"left values\"><span dir=\"auto\">840<\/span><\/div>\n<\/li>\n<\/ul>\n<\/div>\n<div class=\"left attribute\"><strong>Packung 5 St\u00fcck<\/strong><\/div>\n<\/div>\n","protected":false},"excerpt":{"rendered":"<p>Glazic est une vitroc\u00e9ramique au disilicate de lithium renforc\u00e9e \u00e0 l'oxyde de zirconium, fabriqu\u00e9e \u00e0 partir de mati\u00e8res premi\u00e8res de haute qualit\u00e9 en qualit\u00e9 nano.<\/p>\n<p><strong>5 pi\u00e8ces<\/strong><\/p>","protected":false},"featured_media":30617,"comment_status":"open","ping_status":"closed","template":"","meta":{"neve_meta_sidebar":"","neve_meta_container":"","neve_meta_enable_content_width":"off","neve_meta_content_width":100,"neve_meta_title_alignment":"","neve_meta_author_avatar":"","neve_post_elements_order":"","neve_meta_disable_header":"","neve_meta_disable_footer":"","neve_meta_disable_title":"","_themeisle_gutenberg_block_has_review":false},"product_brand":[],"product_cat":[431,108],"product_tag":[],"class_list":{"0":"post-30424","1":"product","2":"type-product","3":"status-publish","4":"has-post-thumbnail","6":"product_cat-adormilling","7":"product_cat-glaskeramik","9":"first","10":"instock","11":"taxable","12":"shipping-taxable","13":"purchasable","14":"product-type-variable"},"yoast_head":"<!-- This site is optimized with the Yoast SEO plugin v27.5 - https:\/\/yoast.com\/product\/yoast-seo-wordpress\/ -->\n<title>Glazic glass-ceramics HT 18.5\u00d714.9\u00d712.5 - Ador Dental GmbH<\/title>\n<meta name=\"description\" content=\"Glazic ist eine mit Zirkonoxid verst\u00e4rkte Lithiumdisilikat-Glaskeramik, hergestellt aus hochwertigen Rohstoffen in Nanoqualit\u00e4t.\" \/>\n<meta name=\"robots\" content=\"index, follow, max-snippet:-1, max-image-preview:large, max-video-preview:-1\" \/>\n<link rel=\"canonical\" href=\"https:\/\/www.ador-dental.de\/fr\/produit\/glazic-glass-ceramics-ht-18-5x14-9x12-5\/\" \/>\n<meta property=\"og:locale\" content=\"fr_FR\" \/>\n<meta property=\"og:type\" content=\"article\" \/>\n<meta property=\"og:title\" content=\"Glazic glass-ceramics HT 18.5\u00d714.9\u00d712.5 - Ador Dental GmbH\" \/>\n<meta property=\"og:description\" content=\"Glazic ist eine mit Zirkonoxid verst\u00e4rkte Lithiumdisilikat-Glaskeramik, hergestellt aus hochwertigen Rohstoffen in Nanoqualit\u00e4t.\" \/>\n<meta property=\"og:url\" content=\"https:\/\/www.ador-dental.de\/fr\/produit\/glazic-glass-ceramics-ht-18-5x14-9x12-5\/\" \/>\n<meta property=\"og:site_name\" content=\"Ador Dental GmbH\" \/>\n<meta property=\"article:modified_time\" content=\"2026-01-20T13:31:30+00:00\" \/>\n<meta property=\"og:image\" content=\"https:\/\/www.ador-dental.de\/wp-content\/uploads\/2025\/11\/BSM-Glazic-Produktbild-2.png\" \/>\n\t<meta property=\"og:image:width\" content=\"1024\" \/>\n\t<meta property=\"og:image:height\" content=\"1024\" \/>\n\t<meta property=\"og:image:type\" content=\"image\/png\" \/>\n<meta name=\"twitter:card\" content=\"summary_large_image\" \/>\n<meta name=\"twitter:label1\" content=\"Dur\u00e9e de lecture estim\u00e9e\" \/>\n\t<meta name=\"twitter:data1\" content=\"1 minute\" \/>\n<script type=\"application\/ld+json\" class=\"yoast-schema-graph\">{\"@context\":\"https:\\\/\\\/schema.org\",\"@graph\":[{\"@type\":\"WebPage\",\"@id\":\"https:\\\/\\\/www.ador-dental.de\\\/produkt\\\/glazic-glass-ceramics-ht-18-5x14-9x12-5\\\/\",\"url\":\"https:\\\/\\\/www.ador-dental.de\\\/produkt\\\/glazic-glass-ceramics-ht-18-5x14-9x12-5\\\/\",\"name\":\"Glazic glass-ceramics HT 18.5\u00d714.9\u00d712.5 - Ador Dental GmbH\",\"isPartOf\":{\"@id\":\"https:\\\/\\\/www.ador-dental.de\\\/en\\\/#website\"},\"primaryImageOfPage\":{\"@id\":\"https:\\\/\\\/www.ador-dental.de\\\/produkt\\\/glazic-glass-ceramics-ht-18-5x14-9x12-5\\\/#primaryimage\"},\"image\":{\"@id\":\"https:\\\/\\\/www.ador-dental.de\\\/produkt\\\/glazic-glass-ceramics-ht-18-5x14-9x12-5\\\/#primaryimage\"},\"thumbnailUrl\":\"https:\\\/\\\/www.ador-dental.de\\\/wp-content\\\/uploads\\\/2025\\\/11\\\/BSM-Glazic-Produktbild-2.png\",\"datePublished\":\"2025-12-16T15:13:49+00:00\",\"dateModified\":\"2026-01-20T13:31:30+00:00\",\"description\":\"Glazic ist eine mit Zirkonoxid verst\u00e4rkte Lithiumdisilikat-Glaskeramik, hergestellt aus hochwertigen Rohstoffen in Nanoqualit\u00e4t.\",\"breadcrumb\":{\"@id\":\"https:\\\/\\\/www.ador-dental.de\\\/produkt\\\/glazic-glass-ceramics-ht-18-5x14-9x12-5\\\/#breadcrumb\"},\"inLanguage\":\"fr-FR\",\"potentialAction\":[{\"@type\":\"ReadAction\",\"target\":[\"https:\\\/\\\/www.ador-dental.de\\\/produkt\\\/glazic-glass-ceramics-ht-18-5x14-9x12-5\\\/\"]}]},{\"@type\":\"ImageObject\",\"inLanguage\":\"fr-FR\",\"@id\":\"https:\\\/\\\/www.ador-dental.de\\\/produkt\\\/glazic-glass-ceramics-ht-18-5x14-9x12-5\\\/#primaryimage\",\"url\":\"https:\\\/\\\/www.ador-dental.de\\\/wp-content\\\/uploads\\\/2025\\\/11\\\/BSM-Glazic-Produktbild-2.png\",\"contentUrl\":\"https:\\\/\\\/www.ador-dental.de\\\/wp-content\\\/uploads\\\/2025\\\/11\\\/BSM-Glazic-Produktbild-2.png\",\"width\":1024,\"height\":1024},{\"@type\":\"BreadcrumbList\",\"@id\":\"https:\\\/\\\/www.ador-dental.de\\\/produkt\\\/glazic-glass-ceramics-ht-18-5x14-9x12-5\\\/#breadcrumb\",\"itemListElement\":[{\"@type\":\"ListItem\",\"position\":1,\"name\":\"Startseite\",\"item\":\"https:\\\/\\\/www.ador-dental.de\\\/\"},{\"@type\":\"ListItem\",\"position\":2,\"name\":\"Shop\",\"item\":\"https:\\\/\\\/www.ador-dental.de\\\/en\\\/shop\\\/\"},{\"@type\":\"ListItem\",\"position\":3,\"name\":\"Glazic glass-ceramics HT 18.5\u00d714.9\u00d712.5\"}]},{\"@type\":\"WebSite\",\"@id\":\"https:\\\/\\\/www.ador-dental.de\\\/en\\\/#website\",\"url\":\"https:\\\/\\\/www.ador-dental.de\\\/en\\\/\",\"name\":\"Ador Dental GmbH\",\"description\":\"\",\"publisher\":{\"@id\":\"https:\\\/\\\/www.ador-dental.de\\\/en\\\/#organization\"},\"potentialAction\":[{\"@type\":\"SearchAction\",\"target\":{\"@type\":\"EntryPoint\",\"urlTemplate\":\"https:\\\/\\\/www.ador-dental.de\\\/en\\\/?s={search_term_string}\"},\"query-input\":{\"@type\":\"PropertyValueSpecification\",\"valueRequired\":true,\"valueName\":\"search_term_string\"}}],\"inLanguage\":\"fr-FR\"},{\"@type\":\"Organization\",\"@id\":\"https:\\\/\\\/www.ador-dental.de\\\/en\\\/#organization\",\"name\":\"Ador Dental GmbH\",\"url\":\"https:\\\/\\\/www.ador-dental.de\\\/en\\\/\",\"logo\":{\"@type\":\"ImageObject\",\"inLanguage\":\"fr-FR\",\"@id\":\"https:\\\/\\\/www.ador-dental.de\\\/en\\\/#\\\/schema\\\/logo\\\/image\\\/\",\"url\":\"https:\\\/\\\/www.ador-dental.de\\\/wp-content\\\/uploads\\\/2021\\\/10\\\/ADOR_Logo_DentalSolutions_2020_Black.svg\",\"contentUrl\":\"https:\\\/\\\/www.ador-dental.de\\\/wp-content\\\/uploads\\\/2021\\\/10\\\/ADOR_Logo_DentalSolutions_2020_Black.svg\",\"width\":678,\"height\":261,\"caption\":\"Ador Dental GmbH\"},\"image\":{\"@id\":\"https:\\\/\\\/www.ador-dental.de\\\/en\\\/#\\\/schema\\\/logo\\\/image\\\/\"}}]}<\/script>\n<!-- \/ Yoast SEO plugin. -->","yoast_head_json":{"title":"Glazic glass-ceramics HT 18.5\u00d714.9\u00d712.5 - Ador Dental GmbH","description":"Glazic ist eine mit Zirkonoxid verst\u00e4rkte Lithiumdisilikat-Glaskeramik, hergestellt aus hochwertigen Rohstoffen in Nanoqualit\u00e4t.","robots":{"index":"index","follow":"follow","max-snippet":"max-snippet:-1","max-image-preview":"max-image-preview:large","max-video-preview":"max-video-preview:-1"},"canonical":"https:\/\/www.ador-dental.de\/fr\/produit\/glazic-glass-ceramics-ht-18-5x14-9x12-5\/","og_locale":"fr_FR","og_type":"article","og_title":"Glazic glass-ceramics HT 18.5\u00d714.9\u00d712.5 - Ador Dental GmbH","og_description":"Glazic ist eine mit Zirkonoxid verst\u00e4rkte Lithiumdisilikat-Glaskeramik, hergestellt aus hochwertigen Rohstoffen in Nanoqualit\u00e4t.","og_url":"https:\/\/www.ador-dental.de\/fr\/produit\/glazic-glass-ceramics-ht-18-5x14-9x12-5\/","og_site_name":"Ador Dental GmbH","article_modified_time":"2026-01-20T13:31:30+00:00","og_image":[{"width":1024,"height":1024,"url":"https:\/\/www.ador-dental.de\/wp-content\/uploads\/2025\/11\/BSM-Glazic-Produktbild-2.png","type":"image\/png"}],"twitter_card":"summary_large_image","twitter_misc":{"Dur\u00e9e de lecture estim\u00e9e":"1 minute"},"schema":{"@context":"https:\/\/schema.org","@graph":[{"@type":"WebPage","@id":"https:\/\/www.ador-dental.de\/produkt\/glazic-glass-ceramics-ht-18-5x14-9x12-5\/","url":"https:\/\/www.ador-dental.de\/produkt\/glazic-glass-ceramics-ht-18-5x14-9x12-5\/","name":"Glazic glass-ceramics HT 18.5\u00d714.9\u00d712.5 - Ador Dental GmbH","isPartOf":{"@id":"https:\/\/www.ador-dental.de\/en\/#website"},"primaryImageOfPage":{"@id":"https:\/\/www.ador-dental.de\/produkt\/glazic-glass-ceramics-ht-18-5x14-9x12-5\/#primaryimage"},"image":{"@id":"https:\/\/www.ador-dental.de\/produkt\/glazic-glass-ceramics-ht-18-5x14-9x12-5\/#primaryimage"},"thumbnailUrl":"https:\/\/www.ador-dental.de\/wp-content\/uploads\/2025\/11\/BSM-Glazic-Produktbild-2.png","datePublished":"2025-12-16T15:13:49+00:00","dateModified":"2026-01-20T13:31:30+00:00","description":"Glazic ist eine mit Zirkonoxid verst\u00e4rkte Lithiumdisilikat-Glaskeramik, hergestellt aus hochwertigen Rohstoffen in Nanoqualit\u00e4t.","breadcrumb":{"@id":"https:\/\/www.ador-dental.de\/produkt\/glazic-glass-ceramics-ht-18-5x14-9x12-5\/#breadcrumb"},"inLanguage":"fr-FR","potentialAction":[{"@type":"ReadAction","target":["https:\/\/www.ador-dental.de\/produkt\/glazic-glass-ceramics-ht-18-5x14-9x12-5\/"]}]},{"@type":"ImageObject","inLanguage":"fr-FR","@id":"https:\/\/www.ador-dental.de\/produkt\/glazic-glass-ceramics-ht-18-5x14-9x12-5\/#primaryimage","url":"https:\/\/www.ador-dental.de\/wp-content\/uploads\/2025\/11\/BSM-Glazic-Produktbild-2.png","contentUrl":"https:\/\/www.ador-dental.de\/wp-content\/uploads\/2025\/11\/BSM-Glazic-Produktbild-2.png","width":1024,"height":1024},{"@type":"BreadcrumbList","@id":"https:\/\/www.ador-dental.de\/produkt\/glazic-glass-ceramics-ht-18-5x14-9x12-5\/#breadcrumb","itemListElement":[{"@type":"ListItem","position":1,"name":"Startseite","item":"https:\/\/www.ador-dental.de\/"},{"@type":"ListItem","position":2,"name":"Shop","item":"https:\/\/www.ador-dental.de\/en\/shop\/"},{"@type":"ListItem","position":3,"name":"Glazic glass-ceramics HT 18.5\u00d714.9\u00d712.5"}]},{"@type":"WebSite","@id":"https:\/\/www.ador-dental.de\/en\/#website","url":"https:\/\/www.ador-dental.de\/en\/","name":"Ador Dental GmbH","description":"","publisher":{"@id":"https:\/\/www.ador-dental.de\/en\/#organization"},"potentialAction":[{"@type":"SearchAction","target":{"@type":"EntryPoint","urlTemplate":"https:\/\/www.ador-dental.de\/en\/?s={search_term_string}"},"query-input":{"@type":"PropertyValueSpecification","valueRequired":true,"valueName":"search_term_string"}}],"inLanguage":"fr-FR"},{"@type":"Organization","@id":"https:\/\/www.ador-dental.de\/en\/#organization","name":"Ador Dental GmbH","url":"https:\/\/www.ador-dental.de\/en\/","logo":{"@type":"ImageObject","inLanguage":"fr-FR","@id":"https:\/\/www.ador-dental.de\/en\/#\/schema\/logo\/image\/","url":"https:\/\/www.ador-dental.de\/wp-content\/uploads\/2021\/10\/ADOR_Logo_DentalSolutions_2020_Black.svg","contentUrl":"https:\/\/www.ador-dental.de\/wp-content\/uploads\/2021\/10\/ADOR_Logo_DentalSolutions_2020_Black.svg","width":678,"height":261,"caption":"Ador Dental GmbH"},"image":{"@id":"https:\/\/www.ador-dental.de\/en\/#\/schema\/logo\/image\/"}}]}},"_links":{"self":[{"href":"https:\/\/www.ador-dental.de\/fr\/wp-json\/wp\/v2\/product\/30424","targetHints":{"allow":["GET"]}}],"collection":[{"href":"https:\/\/www.ador-dental.de\/fr\/wp-json\/wp\/v2\/product"}],"about":[{"href":"https:\/\/www.ador-dental.de\/fr\/wp-json\/wp\/v2\/types\/product"}],"replies":[{"embeddable":true,"href":"https:\/\/www.ador-dental.de\/fr\/wp-json\/wp\/v2\/comments?post=30424"}],"version-history":[{"count":8,"href":"https:\/\/www.ador-dental.de\/fr\/wp-json\/wp\/v2\/product\/30424\/revisions"}],"predecessor-version":[{"id":30895,"href":"https:\/\/www.ador-dental.de\/fr\/wp-json\/wp\/v2\/product\/30424\/revisions\/30895"}],"wp:featuredmedia":[{"embeddable":true,"href":"https:\/\/www.ador-dental.de\/fr\/wp-json\/wp\/v2\/media\/30617"}],"wp:attachment":[{"href":"https:\/\/www.ador-dental.de\/fr\/wp-json\/wp\/v2\/media?parent=30424"}],"wp:term":[{"taxonomy":"product_brand","embeddable":true,"href":"https:\/\/www.ador-dental.de\/fr\/wp-json\/wp\/v2\/product_brand?post=30424"},{"taxonomy":"product_cat","embeddable":true,"href":"https:\/\/www.ador-dental.de\/fr\/wp-json\/wp\/v2\/product_cat?post=30424"},{"taxonomy":"product_tag","embeddable":true,"href":"https:\/\/www.ador-dental.de\/fr\/wp-json\/wp\/v2\/product_tag?post=30424"}],"curies":[{"name":"wp","href":"https:\/\/api.w.org\/{rel}","templated":true}]}}