{"id":29657,"date":"2025-05-19T14:01:09","date_gmt":"2025-05-19T12:01:09","guid":{"rendered":"https:\/\/www.ador-dental.de\/?post_type=product&#038;p=29657"},"modified":"2026-02-18T14:53:18","modified_gmt":"2026-02-18T13:53:18","slug":"dwx-52di-plus","status":"publish","type":"product","link":"https:\/\/www.ador-dental.de\/fr\/produit\/dwx-52di-plus\/","title":{"rendered":"DWX-52DI Plus"},"content":{"rendered":"<div class=\"elementor-element elementor-element-3aca3d4 elementor-widget elementor-widget-heading\" data-id=\"3aca3d4\" data-element_type=\"widget\" data-widget_type=\"heading.default\">\n<div class=\"elementor-widget-container\">\n<p style=\"font-weight: 400;\"><a href=\"https:\/\/www.ador-dental.de\/wp-content\/uploads\/2025\/05\/DWX_52DiPlus_cataloge_DE_13-02-25_WEB.pdf\">Catalogue de produits<\/a><\/p>\n<p>Die 5-Achsen-Fr\u00e4stechnologie der DWX-52Di Plus ist kosteng\u00fcnstig ohne Kompromisse bei der Qualit\u00e4t einzugehen. Sie bietet eine pr\u00e4zise und effiziente L\u00f6sung f\u00fcr die Herstellung von Zahnersatz, mit der Anwender eine breite Palette an Restaurationen wie Kronen, Kappen, Br\u00fccken, Inlays, Onlays, Veneers, Abutments, Implantat-Stege und verschraubte Kronen fertigen k\u00f6nnen.<\/p>\n<p style=\"font-weight: 400;\">Die verbesserte, vom Benutzer austauschbare Spindel und die C-Klemme sind auch mit Scheiben- und Stiftmaterialien kompatibel, was die Effizienz und Vielseitigkeit der Maschine erh\u00f6ht.<\/p>\n<\/div>\n<table style=\"font-weight: 400;\" width=\"669\">\n<tbody>\n<tr>\n<td width=\"165\">Fr\u00e4sbares Material*1<\/td>\n<td colspan=\"2\" width=\"504\">Zirkon, Wachs, PMMA, Verbundharz, PEEK, PEKK, Gips, glasfaserverst\u00e4rktes Harz, CoCr-Sintermetall, Polycarbonat<\/td>\n<\/tr>\n<tr>\n<td rowspan=\"4\" width=\"165\">Form des ladbaren Werkst\u00fccks<\/td>\n<td rowspan=\"2\" width=\"116\">Scheibentyp<\/td>\n<td width=\"388\">Auftritt: 98,5\u00a0mm (3,88 in.) (Durchmesser), H\u00f6he 10\u00a0mm (0,39\u00a0Zoll)<\/td>\n<\/tr>\n<tr>\n<td width=\"388\">K\u00f6rperteil: 95\u00a0mm (3,47 in.) (Durchmesser), H\u00f6he max. 60\u00a0mm (2,36 in.)<\/td>\n<\/tr>\n<tr>\n<td rowspan=\"2\" width=\"116\">Stift-Typ<\/td>\n<td width=\"388\">Stiftdurchmesser: 6\u00a0mm (0,24 in.)<\/td>\n<\/tr>\n<tr>\n<td width=\"388\">*Der optionale Stiftmaterialadapter ZV-52D ist erforderlich.<\/td>\n<\/tr>\n<tr>\n<td width=\"165\">Vitesse de fonctionnement<\/td>\n<td colspan=\"2\" width=\"504\">XYZ: 6 bis 1800\u00a0mm\/min (0,24 bis 70,9 in.\/min.)<\/td>\n<\/tr>\n<tr>\n<td width=\"165\">Moteur de broche<\/td>\n<td colspan=\"2\" width=\"504\">Moteur \u00e0 courant continu sans balais<\/td>\n<\/tr>\n<tr>\n<td width=\"165\">Vitesse de rotation de la broche<\/td>\n<td colspan=\"2\" width=\"504\">6.000 bis 30.000 1\/min<\/td>\n<\/tr>\n<tr>\n<td width=\"165\">Angle de mouvement de l'axe de rotation<\/td>\n<td colspan=\"2\" width=\"504\">A: \u00b1360\u00b0, B: \u00b130\u00b0<\/td>\n<\/tr>\n<tr>\n<td width=\"165\">Anzahl der integrierten Fr\u00e4ser<\/td>\n<td colspan=\"2\" width=\"504\">15<\/td>\n<\/tr>\n<tr>\n<td width=\"165\">Anbringbarer Fr\u00e4ser<\/td>\n<td colspan=\"2\" width=\"504\">Schaftdurchmesser: 4\u00a0mm (0,16 in.), L\u00e4nge: 40 bis 55\u00a0mm (1,57 bis 2,17 in.)<\/td>\n<\/tr>\n<tr>\n<td width=\"165\">Air comprim\u00e9 compatible<\/td>\n<td colspan=\"2\" width=\"504\">0,0,2 bis 0,2\u00a0MPa<\/td>\n<\/tr>\n<tr>\n<td width=\"165\">Interface<\/td>\n<td colspan=\"2\" width=\"504\">USB<\/td>\n<\/tr>\n<tr>\n<td width=\"165\">Steuerbefehlss\u00e4tze<\/td>\n<td colspan=\"2\" width=\"504\">RML-1, code NC<\/td>\n<\/tr>\n<tr>\n<td width=\"165\">Approvisionnement en \u00e9nergie<\/td>\n<td colspan=\"2\" width=\"504\">100 bis 240\u00a0VAC \u00b1 10\u00a0%, 50\/60\u00a0Hz (\u00dcberspannungskategorie II, IEC 60664\u20131), 2,0\u00a0A<\/td>\n<\/tr>\n<tr>\n<td width=\"165\">Puissance absorb\u00e9e<\/td>\n<td colspan=\"2\" width=\"504\">Ca. 200\u00a0W<\/td>\n<\/tr>\n<tr>\n<td rowspan=\"2\" width=\"165\">Bruit de fonctionnement<\/td>\n<td colspan=\"2\" width=\"504\">W\u00e4hrend des Betriebs: 70 dB (A) oder weniger (wenn nicht geschnitten)<\/td>\n<\/tr>\n<tr>\n<td colspan=\"2\" width=\"504\">Im Standby-Modus: 45 dB (A) oder weniger<\/td>\n<\/tr>\n<tr>\n<td width=\"165\">Dimensions ext\u00e9rieures<\/td>\n<td colspan=\"2\" width=\"504\">Breite \u00d7 Tiefe \u00d7 H\u00f6he: 495 \u00d7 660 \u00d7 600\u00a0mm (19,5 \u00d7 26,0 \u00d7 23,6\u00a0Zoll)<\/td>\n<\/tr>\n<tr>\n<td width=\"165\">Poids<\/td>\n<td colspan=\"2\" width=\"504\">67\u00a0kg (148 lb.)<\/td>\n<\/tr>\n<tr>\n<td rowspan=\"4\" width=\"165\">Environnement d'installation<\/td>\n<td colspan=\"2\" width=\"504\">Verwendung in Innenr\u00e4umen in H\u00f6hen bis zu 2000\u00a0m (6561,68 ft)<\/td>\n<\/tr>\n<tr>\n<td colspan=\"2\" width=\"504\">Temperatur: 5 bis 40\u00a0\u00b0C, Luftfeuchtigkeit: 35 bis 80\u00a0% (nicht kondensierend)<\/td>\n<\/tr>\n<tr>\n<td colspan=\"2\" width=\"504\">Umweltverschmutzungsgrad: 2 (gem\u00e4\u00df IEC 60664\u20131)<\/td>\n<\/tr>\n<tr>\n<td colspan=\"2\" width=\"504\">Kurzzeitige tempor\u00e4re \u00dcberspannung: 1.440\u00a0V, langfristige tempor\u00e4re \u00dcberspannung: 490\u00a0V<\/td>\n<\/tr>\n<tr>\n<td width=\"165\">Contenu de la livraison<\/td>\n<td colspan=\"2\" width=\"504\">Netzkabel, USB-Kabel, Handbuch, CD mit DGSHAPE-Softwarepaket, Erkennungsstift, automatische Korrekturlehre, Sechskantschraubendreher, Schraubenschl\u00fcssel (f\u00fcr Klemme), Schraubenschl\u00fcssel (f\u00fcr Spindel), Fr\u00e4serhalter, Fr\u00e4serpositionierer, Staubsammelschl\u00e4uche, Staubsammelschlauchadapter, Regler, Luftschlauch, Spannzangen-Montagevorrichtung, B\u00fcrste usw.<\/td>\n<\/tr>\n<tr>\n<td colspan=\"3\" width=\"669\">*Selbst wenn sie aus den beschriebenen Materialien hergestellt werden, k\u00f6nnen einige Werkst\u00fccke aufgrund von Spezifikationen oder physikalischen Eigenschaften nicht gefr\u00e4st werden. F\u00fcr weitere Informationen wenden Sie sich bitte an Ihren autorisierten Roland DG Corporation H\u00e4ndler.<\/td>\n<\/tr>\n<tr>\n<td colspan=\"3\" width=\"669\"><\/td>\n<\/tr>\n<tr>\n<td colspan=\"3\" width=\"669\"><b><strong>Systemanforderungen<\/strong><\/b><\/td>\n<\/tr>\n<tr>\n<td width=\"165\">Betriebssystem (OS):<\/td>\n<td colspan=\"2\" width=\"504\">Windows 11 (64-Bit-Version), Windows 10 (32-Bit- und 64-Bit-Version)<\/td>\n<\/tr>\n<tr>\n<td width=\"165\">CPU<\/td>\n<td colspan=\"2\" width=\"504\">Minimal ben\u00f6tigte CPU f\u00fcr das Betriebssystem<\/td>\n<\/tr>\n<tr>\n<td width=\"165\">Speicher<\/td>\n<td colspan=\"2\" width=\"504\">Mindestens erforderlicher Arbeitsspeicher f\u00fcr das Betriebssystem<\/td>\n<\/tr>\n<tr>\n<td width=\"165\">Optisches Laufwerk<\/td>\n<td colspan=\"2\" width=\"504\">CD-ROM Laufwerk<\/td>\n<\/tr>\n<tr>\n<td width=\"165\">Grafikkarte und Monitor<\/td>\n<td colspan=\"2\" width=\"504\">Es wird ein Monitor mit mindestens 256\u00a0Farben und einer Aufl\u00f6sung von 1024 \u00d7 768 oder mehr empfohlen.<\/td>\n<\/tr>\n<\/tbody>\n<\/table>\n<\/div>","protected":false},"excerpt":{"rendered":"<p style=\"text-align: center;\">Die 5-Achsen-Fr\u00e4stechnologie der DWX-52Di Plus ist kosteng\u00fcnstig ohne Kompromisse bei der Qualit\u00e4t einzugehen. Sie bietet eine pr\u00e4zise und effiziente L\u00f6sung f\u00fcr die Herstellung von Zahnersatz, mit der Anwender eine breite Palette an Restaurationen wie Kronen, Kappen, Br\u00fccken, Inlays, Onlays, Veneers, Abutments, Implantat-Stege und verschraubte Kronen fertigen k\u00f6nnen.<\/p>\n<p style=\"text-align: center;\">UVP: 18.950,00 \u20ac<\/p>\n<p style=\"text-align: left;\">","protected":false},"featured_media":29747,"comment_status":"open","ping_status":"closed","template":"","meta":{"neve_meta_sidebar":"","neve_meta_container":"","neve_meta_enable_content_width":"off","neve_meta_content_width":70,"neve_meta_title_alignment":"","neve_meta_author_avatar":"","neve_post_elements_order":"","neve_meta_disable_header":"","neve_meta_disable_footer":"","neve_meta_disable_title":"","_themeisle_gutenberg_block_has_review":false},"product_brand":[],"product_cat":[836,1239,1244,624],"product_tag":[835],"class_list":{"0":"post-29657","1":"product","2":"type-product","3":"status-publish","4":"has-post-thumbnail","6":"product_cat-dgshape","7":"product_cat-dwx-52di-plus","8":"product_cat-dwx-52di-plus-fraesmaschine","9":"product_cat-equipment","10":"product_tag-fraesmaschine","12":"first","13":"instock","14":"taxable","15":"shipping-taxable","16":"product-type-simple"},"yoast_head":"<!-- This site is optimized with the Yoast SEO plugin v27.4 - https:\/\/yoast.com\/product\/yoast-seo-wordpress\/ -->\n<title>DWX-52DI Plus - Ador Dental GmbH<\/title>\n<meta name=\"description\" content=\"Die 5-Achsen-Fr\u00e4stechnologie der DWX-52Di Plus ist kosteng\u00fcnstig alternative, ohne Kompromisse bei der Qualit\u00e4t einzugehen.\" \/>\n<meta name=\"robots\" content=\"index, follow, max-snippet:-1, max-image-preview:large, max-video-preview:-1\" \/>\n<link rel=\"canonical\" href=\"https:\/\/www.ador-dental.de\/fr\/produit\/dwx-52di-plus\/\" \/>\n<meta property=\"og:locale\" content=\"fr_FR\" \/>\n<meta property=\"og:type\" content=\"article\" \/>\n<meta property=\"og:title\" content=\"DWX-52DI Plus - Ador Dental GmbH\" \/>\n<meta property=\"og:description\" content=\"Die 5-Achsen-Fr\u00e4stechnologie der DWX-52Di Plus ist kosteng\u00fcnstig alternative, ohne Kompromisse bei der Qualit\u00e4t einzugehen.\" \/>\n<meta property=\"og:url\" content=\"https:\/\/www.ador-dental.de\/fr\/produit\/dwx-52di-plus\/\" \/>\n<meta property=\"og:site_name\" content=\"Ador Dental GmbH\" \/>\n<meta property=\"article:modified_time\" content=\"2026-02-18T13:53:18+00:00\" \/>\n<meta property=\"og:image\" content=\"https:\/\/www.ador-dental.de\/wp-content\/uploads\/2025\/05\/DWX52diplus.png\" \/>\n\t<meta property=\"og:image:width\" content=\"1024\" \/>\n\t<meta property=\"og:image:height\" content=\"1024\" \/>\n\t<meta property=\"og:image:type\" content=\"image\/png\" \/>\n<meta name=\"twitter:card\" content=\"summary_large_image\" \/>\n<meta name=\"twitter:label1\" content=\"Dur\u00e9e de lecture estim\u00e9e\" \/>\n\t<meta name=\"twitter:data1\" content=\"3 minutes\" \/>\n<script type=\"application\/ld+json\" class=\"yoast-schema-graph\">{\"@context\":\"https:\\\/\\\/schema.org\",\"@graph\":[{\"@type\":\"WebPage\",\"@id\":\"https:\\\/\\\/www.ador-dental.de\\\/produkt\\\/dwx-52di-plus\\\/\",\"url\":\"https:\\\/\\\/www.ador-dental.de\\\/produkt\\\/dwx-52di-plus\\\/\",\"name\":\"DWX-52DI Plus - Ador Dental GmbH\",\"isPartOf\":{\"@id\":\"https:\\\/\\\/www.ador-dental.de\\\/en\\\/#website\"},\"primaryImageOfPage\":{\"@id\":\"https:\\\/\\\/www.ador-dental.de\\\/produkt\\\/dwx-52di-plus\\\/#primaryimage\"},\"image\":{\"@id\":\"https:\\\/\\\/www.ador-dental.de\\\/produkt\\\/dwx-52di-plus\\\/#primaryimage\"},\"thumbnailUrl\":\"https:\\\/\\\/www.ador-dental.de\\\/wp-content\\\/uploads\\\/2025\\\/05\\\/DWX52diplus.png\",\"datePublished\":\"2025-05-19T12:01:09+00:00\",\"dateModified\":\"2026-02-18T13:53:18+00:00\",\"description\":\"Die 5-Achsen-Fr\u00e4stechnologie der DWX-52Di Plus ist kosteng\u00fcnstig alternative, ohne Kompromisse bei der Qualit\u00e4t einzugehen.\",\"breadcrumb\":{\"@id\":\"https:\\\/\\\/www.ador-dental.de\\\/produkt\\\/dwx-52di-plus\\\/#breadcrumb\"},\"inLanguage\":\"fr-FR\",\"potentialAction\":[{\"@type\":\"ReadAction\",\"target\":[\"https:\\\/\\\/www.ador-dental.de\\\/produkt\\\/dwx-52di-plus\\\/\"]}]},{\"@type\":\"ImageObject\",\"inLanguage\":\"fr-FR\",\"@id\":\"https:\\\/\\\/www.ador-dental.de\\\/produkt\\\/dwx-52di-plus\\\/#primaryimage\",\"url\":\"https:\\\/\\\/www.ador-dental.de\\\/wp-content\\\/uploads\\\/2025\\\/05\\\/DWX52diplus.png\",\"contentUrl\":\"https:\\\/\\\/www.ador-dental.de\\\/wp-content\\\/uploads\\\/2025\\\/05\\\/DWX52diplus.png\",\"width\":1024,\"height\":1024},{\"@type\":\"BreadcrumbList\",\"@id\":\"https:\\\/\\\/www.ador-dental.de\\\/produkt\\\/dwx-52di-plus\\\/#breadcrumb\",\"itemListElement\":[{\"@type\":\"ListItem\",\"position\":1,\"name\":\"Startseite\",\"item\":\"https:\\\/\\\/www.ador-dental.de\\\/\"},{\"@type\":\"ListItem\",\"position\":2,\"name\":\"Shop\",\"item\":\"https:\\\/\\\/www.ador-dental.de\\\/en\\\/shop\\\/\"},{\"@type\":\"ListItem\",\"position\":3,\"name\":\"DWX-52DI Plus\"}]},{\"@type\":\"WebSite\",\"@id\":\"https:\\\/\\\/www.ador-dental.de\\\/en\\\/#website\",\"url\":\"https:\\\/\\\/www.ador-dental.de\\\/en\\\/\",\"name\":\"Ador Dental GmbH\",\"description\":\"\",\"publisher\":{\"@id\":\"https:\\\/\\\/www.ador-dental.de\\\/en\\\/#organization\"},\"potentialAction\":[{\"@type\":\"SearchAction\",\"target\":{\"@type\":\"EntryPoint\",\"urlTemplate\":\"https:\\\/\\\/www.ador-dental.de\\\/en\\\/?s={search_term_string}\"},\"query-input\":{\"@type\":\"PropertyValueSpecification\",\"valueRequired\":true,\"valueName\":\"search_term_string\"}}],\"inLanguage\":\"fr-FR\"},{\"@type\":\"Organization\",\"@id\":\"https:\\\/\\\/www.ador-dental.de\\\/en\\\/#organization\",\"name\":\"Ador Dental GmbH\",\"url\":\"https:\\\/\\\/www.ador-dental.de\\\/en\\\/\",\"logo\":{\"@type\":\"ImageObject\",\"inLanguage\":\"fr-FR\",\"@id\":\"https:\\\/\\\/www.ador-dental.de\\\/en\\\/#\\\/schema\\\/logo\\\/image\\\/\",\"url\":\"https:\\\/\\\/www.ador-dental.de\\\/wp-content\\\/uploads\\\/2021\\\/10\\\/ADOR_Logo_DentalSolutions_2020_Black.svg\",\"contentUrl\":\"https:\\\/\\\/www.ador-dental.de\\\/wp-content\\\/uploads\\\/2021\\\/10\\\/ADOR_Logo_DentalSolutions_2020_Black.svg\",\"width\":678,\"height\":261,\"caption\":\"Ador Dental GmbH\"},\"image\":{\"@id\":\"https:\\\/\\\/www.ador-dental.de\\\/en\\\/#\\\/schema\\\/logo\\\/image\\\/\"}}]}<\/script>\n<!-- \/ Yoast SEO plugin. -->","yoast_head_json":{"title":"DWX-52DI Plus - Ador Dental GmbH","description":"Die 5-Achsen-Fr\u00e4stechnologie der DWX-52Di Plus ist kosteng\u00fcnstig alternative, ohne Kompromisse bei der Qualit\u00e4t einzugehen.","robots":{"index":"index","follow":"follow","max-snippet":"max-snippet:-1","max-image-preview":"max-image-preview:large","max-video-preview":"max-video-preview:-1"},"canonical":"https:\/\/www.ador-dental.de\/fr\/produit\/dwx-52di-plus\/","og_locale":"fr_FR","og_type":"article","og_title":"DWX-52DI Plus - Ador Dental GmbH","og_description":"Die 5-Achsen-Fr\u00e4stechnologie der DWX-52Di Plus ist kosteng\u00fcnstig alternative, ohne Kompromisse bei der Qualit\u00e4t einzugehen.","og_url":"https:\/\/www.ador-dental.de\/fr\/produit\/dwx-52di-plus\/","og_site_name":"Ador Dental GmbH","article_modified_time":"2026-02-18T13:53:18+00:00","og_image":[{"width":1024,"height":1024,"url":"https:\/\/www.ador-dental.de\/wp-content\/uploads\/2025\/05\/DWX52diplus.png","type":"image\/png"}],"twitter_card":"summary_large_image","twitter_misc":{"Dur\u00e9e de lecture estim\u00e9e":"3 minutes"},"schema":{"@context":"https:\/\/schema.org","@graph":[{"@type":"WebPage","@id":"https:\/\/www.ador-dental.de\/produkt\/dwx-52di-plus\/","url":"https:\/\/www.ador-dental.de\/produkt\/dwx-52di-plus\/","name":"DWX-52DI Plus - Ador Dental GmbH","isPartOf":{"@id":"https:\/\/www.ador-dental.de\/en\/#website"},"primaryImageOfPage":{"@id":"https:\/\/www.ador-dental.de\/produkt\/dwx-52di-plus\/#primaryimage"},"image":{"@id":"https:\/\/www.ador-dental.de\/produkt\/dwx-52di-plus\/#primaryimage"},"thumbnailUrl":"https:\/\/www.ador-dental.de\/wp-content\/uploads\/2025\/05\/DWX52diplus.png","datePublished":"2025-05-19T12:01:09+00:00","dateModified":"2026-02-18T13:53:18+00:00","description":"Die 5-Achsen-Fr\u00e4stechnologie der DWX-52Di Plus ist kosteng\u00fcnstig alternative, ohne Kompromisse bei der Qualit\u00e4t einzugehen.","breadcrumb":{"@id":"https:\/\/www.ador-dental.de\/produkt\/dwx-52di-plus\/#breadcrumb"},"inLanguage":"fr-FR","potentialAction":[{"@type":"ReadAction","target":["https:\/\/www.ador-dental.de\/produkt\/dwx-52di-plus\/"]}]},{"@type":"ImageObject","inLanguage":"fr-FR","@id":"https:\/\/www.ador-dental.de\/produkt\/dwx-52di-plus\/#primaryimage","url":"https:\/\/www.ador-dental.de\/wp-content\/uploads\/2025\/05\/DWX52diplus.png","contentUrl":"https:\/\/www.ador-dental.de\/wp-content\/uploads\/2025\/05\/DWX52diplus.png","width":1024,"height":1024},{"@type":"BreadcrumbList","@id":"https:\/\/www.ador-dental.de\/produkt\/dwx-52di-plus\/#breadcrumb","itemListElement":[{"@type":"ListItem","position":1,"name":"Startseite","item":"https:\/\/www.ador-dental.de\/"},{"@type":"ListItem","position":2,"name":"Shop","item":"https:\/\/www.ador-dental.de\/en\/shop\/"},{"@type":"ListItem","position":3,"name":"DWX-52DI Plus"}]},{"@type":"WebSite","@id":"https:\/\/www.ador-dental.de\/en\/#website","url":"https:\/\/www.ador-dental.de\/en\/","name":"Ador Dental GmbH","description":"","publisher":{"@id":"https:\/\/www.ador-dental.de\/en\/#organization"},"potentialAction":[{"@type":"SearchAction","target":{"@type":"EntryPoint","urlTemplate":"https:\/\/www.ador-dental.de\/en\/?s={search_term_string}"},"query-input":{"@type":"PropertyValueSpecification","valueRequired":true,"valueName":"search_term_string"}}],"inLanguage":"fr-FR"},{"@type":"Organization","@id":"https:\/\/www.ador-dental.de\/en\/#organization","name":"Ador Dental GmbH","url":"https:\/\/www.ador-dental.de\/en\/","logo":{"@type":"ImageObject","inLanguage":"fr-FR","@id":"https:\/\/www.ador-dental.de\/en\/#\/schema\/logo\/image\/","url":"https:\/\/www.ador-dental.de\/wp-content\/uploads\/2021\/10\/ADOR_Logo_DentalSolutions_2020_Black.svg","contentUrl":"https:\/\/www.ador-dental.de\/wp-content\/uploads\/2021\/10\/ADOR_Logo_DentalSolutions_2020_Black.svg","width":678,"height":261,"caption":"Ador Dental GmbH"},"image":{"@id":"https:\/\/www.ador-dental.de\/en\/#\/schema\/logo\/image\/"}}]}},"_links":{"self":[{"href":"https:\/\/www.ador-dental.de\/fr\/wp-json\/wp\/v2\/product\/29657","targetHints":{"allow":["GET"]}}],"collection":[{"href":"https:\/\/www.ador-dental.de\/fr\/wp-json\/wp\/v2\/product"}],"about":[{"href":"https:\/\/www.ador-dental.de\/fr\/wp-json\/wp\/v2\/types\/product"}],"replies":[{"embeddable":true,"href":"https:\/\/www.ador-dental.de\/fr\/wp-json\/wp\/v2\/comments?post=29657"}],"version-history":[{"count":12,"href":"https:\/\/www.ador-dental.de\/fr\/wp-json\/wp\/v2\/product\/29657\/revisions"}],"predecessor-version":[{"id":31030,"href":"https:\/\/www.ador-dental.de\/fr\/wp-json\/wp\/v2\/product\/29657\/revisions\/31030"}],"wp:featuredmedia":[{"embeddable":true,"href":"https:\/\/www.ador-dental.de\/fr\/wp-json\/wp\/v2\/media\/29747"}],"wp:attachment":[{"href":"https:\/\/www.ador-dental.de\/fr\/wp-json\/wp\/v2\/media?parent=29657"}],"wp:term":[{"taxonomy":"product_brand","embeddable":true,"href":"https:\/\/www.ador-dental.de\/fr\/wp-json\/wp\/v2\/product_brand?post=29657"},{"taxonomy":"product_cat","embeddable":true,"href":"https:\/\/www.ador-dental.de\/fr\/wp-json\/wp\/v2\/product_cat?post=29657"},{"taxonomy":"product_tag","embeddable":true,"href":"https:\/\/www.ador-dental.de\/fr\/wp-json\/wp\/v2\/product_tag?post=29657"}],"curies":[{"name":"wp","href":"https:\/\/api.w.org\/{rel}","templated":true}]}}