{"id":29517,"date":"2025-05-05T14:27:13","date_gmt":"2025-05-05T12:27:13","guid":{"rendered":"https:\/\/www.ador-dental.de\/?post_type=product&#038;p=29517"},"modified":"2026-04-01T10:17:12","modified_gmt":"2026-04-01T08:17:12","slug":"adorbond-cv-blank-durchmesser-985mm-kopie","status":"publish","type":"product","link":"https:\/\/www.ador-dental.de\/fr\/produit\/adorbond-cv-blank-durchmesser-985mm-kopie\/","title":{"rendered":"ADORBOND CV Blank, diam\u00e8tre 98,5mm"},"content":{"rendered":"<p><strong>&gt;&gt; <a href=\"https:\/\/www.ador-dental.de\/wp-content\/uploads\/2025\/02\/Adorbond-CV-Blank-DE-EN-REV0724.pdf\">Adorbond CV Blank GBA T\u00e9l\u00e9charger DE\/EN<\/a><\/strong><\/p>\n<p><strong>ADORBOND\u00ae CV Alliage m\u00e9tal-c\u00e9ramique \u00e0 base de cobalt, sous forme de rondelles, diam\u00e8tre 98,5 mm, \u00e0 partir de 12 mm avec gradin<\/strong><\/p>\n<p><strong>ADORBOND\u00ae CV Blank<\/strong> est un alliage c\u00e9ramo-m\u00e9tallique dentaire \u00e0 base de cobalt. <strong>ADORBOND\u00ae CV Blank<\/strong> est exempt de nickel,<br \/>\ncadmium, b\u00e9ryllium et plomb et correspond au type 4 selon la norme EN ISO 22674 pour les applications avec des sections minces qui sont tr\u00e8s<br \/>\nsont soumises \u00e0 des forces \u00e9lev\u00e9es, par exemple les proth\u00e8ses partielles amovibles, les crochets, les couronnes unitaires minces recouvertes, les proth\u00e8ses fixes, etc.<br \/>\nProth\u00e8ses en arc complet ou bridges de petite section, barres, attachements et supraconstructions implanto-port\u00e9es<\/p>\n<table width=\"687\">\n<tbody>\n<tr>\n<td colspan=\"4\" width=\"309\"><strong>Composition w<sub>i<\/sub><\/strong><\/td>\n<td colspan=\"3\" width=\"377\"><strong>Donn\u00e9es techniques (valeurs indicatives, \u00e9tat frais\u00e9\/cuisson)<\/strong><\/td>\n<\/tr>\n<tr>\n<td width=\"64\">Co<\/td>\n<td width=\"57\">%<\/td>\n<td width=\"123\">63<\/td>\n<td width=\"66\"><strong>\u00a0<\/strong><\/td>\n<td width=\"246\">Densit\u00e9 \u03f1<\/td>\n<td width=\"57\">g - cm<sup>-3<\/sup><\/td>\n<td width=\"75\">8,2<\/td>\n<\/tr>\n<tr>\n<td width=\"64\">Cr<\/td>\n<td width=\"57\">%<\/td>\n<td width=\"123\">29<\/td>\n<td width=\"66\"><strong>\u00a0<\/strong><\/td>\n<td width=\"246\">Duret\u00e9 Vickers<\/td>\n<td width=\"57\">HV 10<\/td>\n<td width=\"75\">330<\/td>\n<\/tr>\n<tr>\n<td width=\"64\"><\/td>\n<td width=\"57\"><\/td>\n<td width=\"123\"><\/td>\n<td width=\"66\"><strong>\u00a0<\/strong><\/td>\n<td rowspan=\"2\" width=\"246\">Coefficient de dilatation thermique lin\u00e9aire \u03b1 25 - 500 \u00b0C<\/td>\n<td rowspan=\"2\" width=\"57\">10<sup>-6<\/sup>-K<sup>-1<\/sup><\/td>\n<td rowspan=\"2\" width=\"75\">14,2<\/td>\n<\/tr>\n<tr>\n<td width=\"64\">Mo<\/td>\n<td width=\"57\">%<\/td>\n<td width=\"123\">5,8<\/td>\n<td width=\"66\"><\/td>\n<\/tr>\n<tr>\n<td width=\"64\">Si<\/td>\n<td width=\"57\">%<\/td>\n<td width=\"123\">1,2<\/td>\n<td width=\"66\"><strong>\u00a0<\/strong><\/td>\n<td rowspan=\"2\" width=\"246\">Coefficient de dilatation thermique lin\u00e9aire \u03b1 20 - 600 \u00b0C<\/td>\n<td rowspan=\"2\" width=\"57\">10<sup>-6<\/sup>-K<sup>-1<\/sup><\/td>\n<td rowspan=\"2\" width=\"75\">14,4<\/td>\n<\/tr>\n<tr>\n<td width=\"64\">Nb, Mn, Fe, N<\/td>\n<td width=\"57\">%<\/td>\n<td width=\"123\">\u00a0&lt; 1<\/td>\n<td width=\"66\"><\/td>\n<\/tr>\n<tr>\n<td width=\"64\"><\/td>\n<td width=\"57\"><\/td>\n<td width=\"123\"><\/td>\n<td width=\"66\"><strong>\u00a0<\/strong><\/td>\n<td width=\"246\">Intervalle de fusion T<sub>S<\/sub> - T<sub>L<\/sub><\/td>\n<td width=\"57\">\u00b0C<\/td>\n<td width=\"75\">1290-1370<\/td>\n<\/tr>\n<tr>\n<td width=\"64\"><\/td>\n<td width=\"57\"><\/td>\n<td width=\"123\"><\/td>\n<td width=\"66\"><strong>\u00a0<\/strong><\/td>\n<td width=\"246\">Temp\u00e9rature de cuisson maximale recommand\u00e9e T<sub>Br,max<\/sub><\/td>\n<td width=\"57\">\u00b0C<\/td>\n<td width=\"75\">980<\/td>\n<\/tr>\n<tr>\n<td colspan=\"4\" width=\"309\"><strong>\u00a0<\/strong><\/td>\n<td width=\"246\">0,2-% Limite d'\u00e9lasticit\u00e9 R<sub>p 0,2<\/sub><\/td>\n<td width=\"57\">MPa<\/td>\n<td width=\"75\">610<\/td>\n<\/tr>\n<tr>\n<td colspan=\"4\" width=\"309\"><strong>\u00a0<\/strong><\/td>\n<td width=\"246\">Module d'\u00e9lasticit\u00e9 E<\/td>\n<td width=\"57\">GPa<\/td>\n<td width=\"75\">200<\/td>\n<\/tr>\n<tr>\n<td colspan=\"4\" width=\"309\"><strong>\u00a0<\/strong><\/td>\n<td width=\"246\">Allongement \u00e0 la rupture A<sub>5<\/sub><\/td>\n<td width=\"57\">%<\/td>\n<td width=\"75\">6,5<\/td>\n<\/tr>\n<\/tbody>\n<\/table>\n<p><strong>Recommandation de traitement<\/strong><\/p>\n<p><strong>Design<\/strong><\/p>\n<p>Le design est r\u00e9alis\u00e9 \u00e0 l'aide d'un logiciel CAO appropri\u00e9 en tenant compte des r\u00e8gles de la technique dentaire. Pour le mod\u00e8le CAO, \u00e9viter les \u00e9paisseurs de paroi inf\u00e9rieures \u00e0 0,35 mm. Augmenter l'\u00e9paisseur de la paroi aux endroits critiques. Concevoir des connecteurs aussi \u00e9pais et hauts que possible (hauteur : au moins 3,5 mm, largeur : au moins 2,5 mm).<\/p>\n<p><strong>Fraisage<\/strong><\/p>\n<p>Veuillez utiliser des outils et des donn\u00e9es de coupe appropri\u00e9s, conform\u00e9ment aux indications du fabricant de la fraiseuse dentaire.<\/p>\n<p><strong>Cuisson de la c\u00e9ramique apr\u00e8s la fabrication de l'armature<\/strong><\/p>\n<p>Il est possible d'utiliser les c\u00e9ramiques de cuisson \u00e0 fusion normale disponibles dans le commerce pour les alliages de cuisson au cobalt avec un coefficient de dilatation thermique adapt\u00e9. Veuillez respecter les instructions de travail correspondantes et les indications du fabricant de c\u00e9ramique concernant la vitesse de refroidissement apr\u00e8s la cuisson. Apr\u00e8s la fabrication de l'armature :<\/p>\n<p>1. sectionner les connecteurs et les usiner. Pour cela, il est recommand\u00e9 d'utiliser des fraises au carbure de tungst\u00e8ne.<\/p>\n<p>2. sabler la surface de l'armature avec de l'oxyde d'aluminium 100 \u00b5m ou 250 \u00b5m dans un sablage au stylet.<\/p>\n<p>3. nettoyer l'armature dans de l'eau distill\u00e9e avec des ultrasons ou avec un d\u00e9graissant \u00e0 base d'ac\u00e9tate d'\u00e9thyle<\/p>\n<p>4. cuisson des oxydes (en option pour le contr\u00f4le de la surface) 5 min \u00e0 environ 960 \u00b0C sous vide. Apr\u00e8s la cuisson, sabler \u00e0 nouveau la couche d'oxyde et d\u00e9graisser \u00e0 nouveau.<\/p>\n<p>Remarque : la propret\u00e9 de la surface est la meilleure protection contre les bulles dans la c\u00e9ramique.<\/p>\n<p>5. appliquer une fine couche de cuisson de lavage, ne cuire que la deuxi\u00e8me cuisson de masse de base de mani\u00e8re \u00e0 obtenir une couverture uniforme.<\/p>\n<p>Toujours laisser s\u00e9cher l'opaque \u00e0 fond pendant 5-10 min \u00e0 600 \u00b0C avant la cuisson.<\/p>\n<p>6. cuire et refroidir selon les indications du fabricant de la masse c\u00e9ramique utilis\u00e9e.<\/p>\n<p>7. en cas de refroidissement prolong\u00e9, effectuer une phase de refroidissement jusqu'\u00e0 environ 750 \u00b0C apr\u00e8s chaque cuisson de dentine, de correction et de gla\u00e7age.<\/p>\n<p><strong>Travaux de finition<\/strong><\/p>\n<p>Apr\u00e8s la cuisson de la c\u00e9ramique, gommer les parties de l'armature non recouvertes et les polir avec une p\u00e2te de polissage pour alliages dentaires ou avec des outils de polissage rotatifs pour obtenir un brillant parfait.<\/p>\n<p><strong>Soudage et brasage<\/strong><\/p>\n<p>Soudage avant cuisson avec <strong>ADORBOND<sup>\u00ae<\/sup> Lot CC<\/strong> et du flux haute temp\u00e9rature correspondant. La largeur de l'espace de soudure doit \u00eatre comprise entre 0,05 et 0,2 mm. Soudage au laser avec <strong>ADORBOND<sup>\u00ae<\/sup> Fil laser CC<\/strong>.<\/p>\n<p><strong>Consignes de s\u00e9curit\u00e9<\/strong><\/p>\n<p>La poussi\u00e8re de m\u00e9tal est nocive pour la sant\u00e9. Utiliser une aspiration lors des travaux de finition et de sablage. Les hypersensibilit\u00e9s aux composants de l'alliage doivent \u00eatre prises en compte. En cas de suspicion d'intol\u00e9rance \u00e0 certains \u00e9l\u00e9ments de cet alliage, celui-ci ne doit pas \u00eatre utilis\u00e9.<\/p>\n<p><strong>Garantie<\/strong><\/p>\n<p>Ces recommandations techniques d'utilisation reposent sur nos propres essais et exp\u00e9riences et ne peuvent donc \u00eatre consid\u00e9r\u00e9es que comme des valeurs indicatives. Le dentiste ou le proth\u00e9siste dentaire est lui-m\u00eame responsable de la mise en \u0153uvre correcte de l'alliage.<\/p>","protected":false},"excerpt":{"rendered":"<p><strong>1 pi\u00e8ce<\/strong><\/p>\n<p><strong>ADORBOND\u00ae CV Blank<\/strong> est un alliage c\u00e9ramo-m\u00e9tallique \u00e0 base de cobalt sous forme de rond, diam\u00e8tre 98,5mm, \u00e0 partir de 12mm avec \u00e9paulement<\/p>","protected":false},"featured_media":29950,"comment_status":"open","ping_status":"closed","template":"","meta":{"neve_meta_sidebar":"","neve_meta_container":"","neve_meta_enable_content_width":"off","neve_meta_content_width":70,"neve_meta_title_alignment":"","neve_meta_author_avatar":"","neve_post_elements_order":"","neve_meta_disable_header":"","neve_meta_disable_footer":"","neve_meta_disable_title":"","_themeisle_gutenberg_block_has_review":false},"product_brand":[],"product_cat":[431,1019],"product_tag":[],"class_list":{"0":"post-29517","1":"product","2":"type-product","3":"status-publish","4":"has-post-thumbnail","6":"product_cat-adormilling","7":"product_cat-cocr","9":"first","10":"instock","11":"taxable","12":"shipping-taxable","13":"purchasable","14":"product-type-variable"},"yoast_head":"<!-- This site is optimized with the Yoast SEO plugin v27.5 - https:\/\/yoast.com\/product\/yoast-seo-wordpress\/ -->\n<title>ADORBOND CV Blank, Durchmesser 98,5mm - Ador Dental GmbH<\/title>\n<meta name=\"description\" content=\"Unser ADORBOND\u00ae CV Blank ist eine Metallkeramiklegierung auf Kobalt-Basis als Ronde, Durchmesser 98,5mm, ab 12mm mit Stufe\" \/>\n<meta name=\"robots\" content=\"index, follow, max-snippet:-1, max-image-preview:large, max-video-preview:-1\" \/>\n<link rel=\"canonical\" href=\"https:\/\/www.ador-dental.de\/fr\/produit\/adorbond-cv-blank-durchmesser-985mm-kopie\/\" \/>\n<meta property=\"og:locale\" content=\"fr_FR\" \/>\n<meta property=\"og:type\" content=\"article\" \/>\n<meta property=\"og:title\" content=\"ADORBOND CV Blank, Durchmesser 98,5mm - Ador Dental GmbH\" \/>\n<meta property=\"og:description\" content=\"Unser ADORBOND\u00ae CV Blank ist eine Metallkeramiklegierung auf Kobalt-Basis als Ronde, Durchmesser 98,5mm, ab 12mm mit Stufe\" \/>\n<meta property=\"og:url\" content=\"https:\/\/www.ador-dental.de\/fr\/produit\/adorbond-cv-blank-durchmesser-985mm-kopie\/\" \/>\n<meta property=\"og:site_name\" content=\"Ador Dental GmbH\" \/>\n<meta property=\"article:modified_time\" content=\"2026-04-01T08:17:12+00:00\" \/>\n<meta property=\"og:image\" content=\"https:\/\/www.ador-dental.de\/wp-content\/uploads\/2025\/07\/Adorbond-CV-Blank-PB-N.png\" \/>\n\t<meta property=\"og:image:width\" content=\"1024\" \/>\n\t<meta property=\"og:image:height\" content=\"1024\" \/>\n\t<meta property=\"og:image:type\" content=\"image\/png\" \/>\n<meta name=\"twitter:card\" content=\"summary_large_image\" \/>\n<meta name=\"twitter:label1\" content=\"Dur\u00e9e de lecture estim\u00e9e\" \/>\n\t<meta name=\"twitter:data1\" content=\"3 minutes\" \/>\n<script type=\"application\/ld+json\" class=\"yoast-schema-graph\">{\"@context\":\"https:\\\/\\\/schema.org\",\"@graph\":[{\"@type\":\"WebPage\",\"@id\":\"https:\\\/\\\/www.ador-dental.de\\\/produkt\\\/adorbond-cv-blank-durchmesser-985mm-kopie\\\/\",\"url\":\"https:\\\/\\\/www.ador-dental.de\\\/produkt\\\/adorbond-cv-blank-durchmesser-985mm-kopie\\\/\",\"name\":\"ADORBOND CV Blank, Durchmesser 98,5mm - Ador Dental GmbH\",\"isPartOf\":{\"@id\":\"https:\\\/\\\/www.ador-dental.de\\\/en\\\/#website\"},\"primaryImageOfPage\":{\"@id\":\"https:\\\/\\\/www.ador-dental.de\\\/produkt\\\/adorbond-cv-blank-durchmesser-985mm-kopie\\\/#primaryimage\"},\"image\":{\"@id\":\"https:\\\/\\\/www.ador-dental.de\\\/produkt\\\/adorbond-cv-blank-durchmesser-985mm-kopie\\\/#primaryimage\"},\"thumbnailUrl\":\"https:\\\/\\\/www.ador-dental.de\\\/wp-content\\\/uploads\\\/2025\\\/07\\\/Adorbond-CV-Blank-PB-N.png\",\"datePublished\":\"2025-05-05T12:27:13+00:00\",\"dateModified\":\"2026-04-01T08:17:12+00:00\",\"description\":\"Unser ADORBOND\u00ae CV Blank ist eine Metallkeramiklegierung auf Kobalt-Basis als Ronde, Durchmesser 98,5mm, ab 12mm mit Stufe\",\"breadcrumb\":{\"@id\":\"https:\\\/\\\/www.ador-dental.de\\\/produkt\\\/adorbond-cv-blank-durchmesser-985mm-kopie\\\/#breadcrumb\"},\"inLanguage\":\"fr-FR\",\"potentialAction\":[{\"@type\":\"ReadAction\",\"target\":[\"https:\\\/\\\/www.ador-dental.de\\\/produkt\\\/adorbond-cv-blank-durchmesser-985mm-kopie\\\/\"]}]},{\"@type\":\"ImageObject\",\"inLanguage\":\"fr-FR\",\"@id\":\"https:\\\/\\\/www.ador-dental.de\\\/produkt\\\/adorbond-cv-blank-durchmesser-985mm-kopie\\\/#primaryimage\",\"url\":\"https:\\\/\\\/www.ador-dental.de\\\/wp-content\\\/uploads\\\/2025\\\/07\\\/Adorbond-CV-Blank-PB-N.png\",\"contentUrl\":\"https:\\\/\\\/www.ador-dental.de\\\/wp-content\\\/uploads\\\/2025\\\/07\\\/Adorbond-CV-Blank-PB-N.png\",\"width\":1024,\"height\":1024},{\"@type\":\"BreadcrumbList\",\"@id\":\"https:\\\/\\\/www.ador-dental.de\\\/produkt\\\/adorbond-cv-blank-durchmesser-985mm-kopie\\\/#breadcrumb\",\"itemListElement\":[{\"@type\":\"ListItem\",\"position\":1,\"name\":\"Startseite\",\"item\":\"https:\\\/\\\/www.ador-dental.de\\\/\"},{\"@type\":\"ListItem\",\"position\":2,\"name\":\"Shop\",\"item\":\"https:\\\/\\\/www.ador-dental.de\\\/en\\\/shop\\\/\"},{\"@type\":\"ListItem\",\"position\":3,\"name\":\"ADORBOND CV Blank, Durchmesser 98,5mm\"}]},{\"@type\":\"WebSite\",\"@id\":\"https:\\\/\\\/www.ador-dental.de\\\/en\\\/#website\",\"url\":\"https:\\\/\\\/www.ador-dental.de\\\/en\\\/\",\"name\":\"Ador Dental GmbH\",\"description\":\"\",\"publisher\":{\"@id\":\"https:\\\/\\\/www.ador-dental.de\\\/en\\\/#organization\"},\"potentialAction\":[{\"@type\":\"SearchAction\",\"target\":{\"@type\":\"EntryPoint\",\"urlTemplate\":\"https:\\\/\\\/www.ador-dental.de\\\/en\\\/?s={search_term_string}\"},\"query-input\":{\"@type\":\"PropertyValueSpecification\",\"valueRequired\":true,\"valueName\":\"search_term_string\"}}],\"inLanguage\":\"fr-FR\"},{\"@type\":\"Organization\",\"@id\":\"https:\\\/\\\/www.ador-dental.de\\\/en\\\/#organization\",\"name\":\"Ador Dental GmbH\",\"url\":\"https:\\\/\\\/www.ador-dental.de\\\/en\\\/\",\"logo\":{\"@type\":\"ImageObject\",\"inLanguage\":\"fr-FR\",\"@id\":\"https:\\\/\\\/www.ador-dental.de\\\/en\\\/#\\\/schema\\\/logo\\\/image\\\/\",\"url\":\"https:\\\/\\\/www.ador-dental.de\\\/wp-content\\\/uploads\\\/2021\\\/10\\\/ADOR_Logo_DentalSolutions_2020_Black.svg\",\"contentUrl\":\"https:\\\/\\\/www.ador-dental.de\\\/wp-content\\\/uploads\\\/2021\\\/10\\\/ADOR_Logo_DentalSolutions_2020_Black.svg\",\"width\":678,\"height\":261,\"caption\":\"Ador Dental GmbH\"},\"image\":{\"@id\":\"https:\\\/\\\/www.ador-dental.de\\\/en\\\/#\\\/schema\\\/logo\\\/image\\\/\"}}]}<\/script>\n<!-- \/ Yoast SEO plugin. -->","yoast_head_json":{"title":"ADORBOND CV Blank, Durchmesser 98,5mm - Ador Dental GmbH","description":"Unser ADORBOND\u00ae CV Blank ist eine Metallkeramiklegierung auf Kobalt-Basis als Ronde, Durchmesser 98,5mm, ab 12mm mit Stufe","robots":{"index":"index","follow":"follow","max-snippet":"max-snippet:-1","max-image-preview":"max-image-preview:large","max-video-preview":"max-video-preview:-1"},"canonical":"https:\/\/www.ador-dental.de\/fr\/produit\/adorbond-cv-blank-durchmesser-985mm-kopie\/","og_locale":"fr_FR","og_type":"article","og_title":"ADORBOND CV Blank, Durchmesser 98,5mm - Ador Dental GmbH","og_description":"Unser ADORBOND\u00ae CV Blank ist eine Metallkeramiklegierung auf Kobalt-Basis als Ronde, Durchmesser 98,5mm, ab 12mm mit Stufe","og_url":"https:\/\/www.ador-dental.de\/fr\/produit\/adorbond-cv-blank-durchmesser-985mm-kopie\/","og_site_name":"Ador Dental GmbH","article_modified_time":"2026-04-01T08:17:12+00:00","og_image":[{"width":1024,"height":1024,"url":"https:\/\/www.ador-dental.de\/wp-content\/uploads\/2025\/07\/Adorbond-CV-Blank-PB-N.png","type":"image\/png"}],"twitter_card":"summary_large_image","twitter_misc":{"Dur\u00e9e de lecture estim\u00e9e":"3 minutes"},"schema":{"@context":"https:\/\/schema.org","@graph":[{"@type":"WebPage","@id":"https:\/\/www.ador-dental.de\/produkt\/adorbond-cv-blank-durchmesser-985mm-kopie\/","url":"https:\/\/www.ador-dental.de\/produkt\/adorbond-cv-blank-durchmesser-985mm-kopie\/","name":"ADORBOND CV Blank, Durchmesser 98,5mm - Ador Dental GmbH","isPartOf":{"@id":"https:\/\/www.ador-dental.de\/en\/#website"},"primaryImageOfPage":{"@id":"https:\/\/www.ador-dental.de\/produkt\/adorbond-cv-blank-durchmesser-985mm-kopie\/#primaryimage"},"image":{"@id":"https:\/\/www.ador-dental.de\/produkt\/adorbond-cv-blank-durchmesser-985mm-kopie\/#primaryimage"},"thumbnailUrl":"https:\/\/www.ador-dental.de\/wp-content\/uploads\/2025\/07\/Adorbond-CV-Blank-PB-N.png","datePublished":"2025-05-05T12:27:13+00:00","dateModified":"2026-04-01T08:17:12+00:00","description":"Unser ADORBOND\u00ae CV Blank ist eine Metallkeramiklegierung auf Kobalt-Basis als Ronde, Durchmesser 98,5mm, ab 12mm mit Stufe","breadcrumb":{"@id":"https:\/\/www.ador-dental.de\/produkt\/adorbond-cv-blank-durchmesser-985mm-kopie\/#breadcrumb"},"inLanguage":"fr-FR","potentialAction":[{"@type":"ReadAction","target":["https:\/\/www.ador-dental.de\/produkt\/adorbond-cv-blank-durchmesser-985mm-kopie\/"]}]},{"@type":"ImageObject","inLanguage":"fr-FR","@id":"https:\/\/www.ador-dental.de\/produkt\/adorbond-cv-blank-durchmesser-985mm-kopie\/#primaryimage","url":"https:\/\/www.ador-dental.de\/wp-content\/uploads\/2025\/07\/Adorbond-CV-Blank-PB-N.png","contentUrl":"https:\/\/www.ador-dental.de\/wp-content\/uploads\/2025\/07\/Adorbond-CV-Blank-PB-N.png","width":1024,"height":1024},{"@type":"BreadcrumbList","@id":"https:\/\/www.ador-dental.de\/produkt\/adorbond-cv-blank-durchmesser-985mm-kopie\/#breadcrumb","itemListElement":[{"@type":"ListItem","position":1,"name":"Startseite","item":"https:\/\/www.ador-dental.de\/"},{"@type":"ListItem","position":2,"name":"Shop","item":"https:\/\/www.ador-dental.de\/en\/shop\/"},{"@type":"ListItem","position":3,"name":"ADORBOND CV Blank, Durchmesser 98,5mm"}]},{"@type":"WebSite","@id":"https:\/\/www.ador-dental.de\/en\/#website","url":"https:\/\/www.ador-dental.de\/en\/","name":"Ador Dental GmbH","description":"","publisher":{"@id":"https:\/\/www.ador-dental.de\/en\/#organization"},"potentialAction":[{"@type":"SearchAction","target":{"@type":"EntryPoint","urlTemplate":"https:\/\/www.ador-dental.de\/en\/?s={search_term_string}"},"query-input":{"@type":"PropertyValueSpecification","valueRequired":true,"valueName":"search_term_string"}}],"inLanguage":"fr-FR"},{"@type":"Organization","@id":"https:\/\/www.ador-dental.de\/en\/#organization","name":"Ador Dental GmbH","url":"https:\/\/www.ador-dental.de\/en\/","logo":{"@type":"ImageObject","inLanguage":"fr-FR","@id":"https:\/\/www.ador-dental.de\/en\/#\/schema\/logo\/image\/","url":"https:\/\/www.ador-dental.de\/wp-content\/uploads\/2021\/10\/ADOR_Logo_DentalSolutions_2020_Black.svg","contentUrl":"https:\/\/www.ador-dental.de\/wp-content\/uploads\/2021\/10\/ADOR_Logo_DentalSolutions_2020_Black.svg","width":678,"height":261,"caption":"Ador Dental GmbH"},"image":{"@id":"https:\/\/www.ador-dental.de\/en\/#\/schema\/logo\/image\/"}}]}},"_links":{"self":[{"href":"https:\/\/www.ador-dental.de\/fr\/wp-json\/wp\/v2\/product\/29517","targetHints":{"allow":["GET"]}}],"collection":[{"href":"https:\/\/www.ador-dental.de\/fr\/wp-json\/wp\/v2\/product"}],"about":[{"href":"https:\/\/www.ador-dental.de\/fr\/wp-json\/wp\/v2\/types\/product"}],"replies":[{"embeddable":true,"href":"https:\/\/www.ador-dental.de\/fr\/wp-json\/wp\/v2\/comments?post=29517"}],"version-history":[{"count":4,"href":"https:\/\/www.ador-dental.de\/fr\/wp-json\/wp\/v2\/product\/29517\/revisions"}],"predecessor-version":[{"id":31217,"href":"https:\/\/www.ador-dental.de\/fr\/wp-json\/wp\/v2\/product\/29517\/revisions\/31217"}],"wp:featuredmedia":[{"embeddable":true,"href":"https:\/\/www.ador-dental.de\/fr\/wp-json\/wp\/v2\/media\/29950"}],"wp:attachment":[{"href":"https:\/\/www.ador-dental.de\/fr\/wp-json\/wp\/v2\/media?parent=29517"}],"wp:term":[{"taxonomy":"product_brand","embeddable":true,"href":"https:\/\/www.ador-dental.de\/fr\/wp-json\/wp\/v2\/product_brand?post=29517"},{"taxonomy":"product_cat","embeddable":true,"href":"https:\/\/www.ador-dental.de\/fr\/wp-json\/wp\/v2\/product_cat?post=29517"},{"taxonomy":"product_tag","embeddable":true,"href":"https:\/\/www.ador-dental.de\/fr\/wp-json\/wp\/v2\/product_tag?post=29517"}],"curies":[{"name":"wp","href":"https:\/\/api.w.org\/{rel}","templated":true}]}}