{"id":29392,"date":"2025-04-07T15:47:55","date_gmt":"2025-04-07T13:47:55","guid":{"rendered":"https:\/\/www.ador-dental.de\/?post_type=product&#038;p=29392"},"modified":"2026-01-13T11:06:27","modified_gmt":"2026-01-13T10:06:27","slug":"scantist3d-permanent-200ml","status":"publish","type":"product","link":"https:\/\/www.ador-dental.de\/fr\/produit\/scantist3d-permanent-200ml\/","title":{"rendered":"Scantist 3D Permanent 200ml"},"content":{"rendered":"<p>Eine Beschichtung mit SCANTIST 3D \u2013 permanent f\u00fchrt zur Verbesserung der optischen Eigenschaften von Zahn-Modellen, Gips-Abdr\u00fccken, Pr\u00e4parationen, Wax-Ups, einzelnen St\u00fcmpfen und Abformungen.<\/p>\n<p>Nach dem Auftrag bildet SCANTIST 3D \u2013 permanent eine homogene und sehr feine Mattierungsschicht auf dem Objekt. Diese verhindert Reflexionen und Spiegelungen und das Objekt kann optisch exakt erfasst werden. Feinheiten in Geometrie und Oberfl\u00e4che werden nicht beeintr\u00e4chtigt und k\u00f6nnen originalgetreu visualisiert werden.<\/p>\n<p>Durch eine Spezialventil mit Feind\u00fcse l\u00e4sst sich SCANTIST 3D \u2013 permanent punktgenau und effizient auch auf kleinste Teile auftragen.<\/p>\n<p>SCANTIST 3D \u2013 permanent enth\u00e4lt Pigmente, jedoch kein gesundheitsgef\u00e4hrdendes Titandioxid (TiO2). Die Beschichtung verbleibt nach dem Scanvorgang auf der Oberfl\u00e4che und kann mit einer weichen B\u00fcrste in Kombination mit einem mit Wasser befeuchteten Tuch gereinigt werden.<\/p>","protected":false},"excerpt":{"rendered":"<p><strong>SCANTIST 3D \u2013 permanent<\/strong> ist ein wei\u00dfes pigmenthaltiges Scan-Spray, welches speziell f\u00fcr die extraorale Anwendung im laborseitigem Dentalbereich entwickelt wurde.<\/p>","protected":false},"featured_media":29411,"comment_status":"open","ping_status":"closed","template":"","meta":{"neve_meta_sidebar":"","neve_meta_container":"","neve_meta_enable_content_width":"off","neve_meta_content_width":70,"neve_meta_title_alignment":"","neve_meta_author_avatar":"","neve_post_elements_order":"","neve_meta_disable_header":"","neve_meta_disable_footer":"","neve_meta_disable_title":"","_themeisle_gutenberg_block_has_review":false},"product_brand":[],"product_cat":[47],"product_tag":[434],"class_list":{"0":"post-29392","1":"product","2":"type-product","3":"status-publish","4":"has-post-thumbnail","6":"product_cat-dentalsprays","7":"product_tag-dentalheld","9":"first","10":"instock","11":"sale","12":"taxable","13":"shipping-taxable","14":"purchasable","15":"product-type-simple"},"yoast_head":"<!-- This site is optimized with the Yoast SEO plugin v27.6 - https:\/\/yoast.com\/product\/yoast-seo-wordpress\/ -->\n<title>Scantist 3D Permanent 200ml - Ador Dental GmbH<\/title>\n<meta name=\"description\" content=\"SCANTIST 3D \u2013 permanent ist ein wei\u00dfes pigmenthaltiges Scan-Spray, welches f\u00fcr die extraorale Anwendung im laborseitigem Dentalbereich entwickelt wurde.\" \/>\n<meta name=\"robots\" content=\"index, follow, max-snippet:-1, max-image-preview:large, max-video-preview:-1\" \/>\n<link rel=\"canonical\" href=\"https:\/\/www.ador-dental.de\/fr\/produit\/scantist3d-permanent-200ml\/\" \/>\n<meta property=\"og:locale\" content=\"fr_FR\" \/>\n<meta property=\"og:type\" content=\"article\" \/>\n<meta property=\"og:title\" content=\"Scantist 3D Permanent 200ml - Ador Dental GmbH\" \/>\n<meta property=\"og:description\" content=\"SCANTIST 3D \u2013 permanent ist ein wei\u00dfes pigmenthaltiges Scan-Spray, welches f\u00fcr die extraorale Anwendung im laborseitigem Dentalbereich entwickelt wurde.\" \/>\n<meta property=\"og:url\" content=\"https:\/\/www.ador-dental.de\/fr\/produit\/scantist3d-permanent-200ml\/\" \/>\n<meta property=\"og:site_name\" content=\"Ador Dental GmbH\" \/>\n<meta property=\"article:modified_time\" content=\"2026-01-13T10:06:27+00:00\" \/>\n<meta property=\"og:image\" content=\"https:\/\/www.ador-dental.de\/wp-content\/uploads\/2025\/04\/SCantist-Permanent1.png\" \/>\n\t<meta property=\"og:image:width\" content=\"1024\" \/>\n\t<meta property=\"og:image:height\" content=\"1024\" \/>\n\t<meta property=\"og:image:type\" content=\"image\/png\" \/>\n<meta name=\"twitter:card\" content=\"summary_large_image\" \/>\n<meta name=\"twitter:label1\" content=\"Dur\u00e9e de lecture estim\u00e9e\" \/>\n\t<meta name=\"twitter:data1\" content=\"1 minute\" \/>\n<script type=\"application\/ld+json\" class=\"yoast-schema-graph\">{\"@context\":\"https:\\\/\\\/schema.org\",\"@graph\":[{\"@type\":\"WebPage\",\"@id\":\"https:\\\/\\\/www.ador-dental.de\\\/produkt\\\/scantist3d-permanent-200ml\\\/\",\"url\":\"https:\\\/\\\/www.ador-dental.de\\\/produkt\\\/scantist3d-permanent-200ml\\\/\",\"name\":\"Scantist 3D Permanent 200ml - Ador Dental GmbH\",\"isPartOf\":{\"@id\":\"https:\\\/\\\/www.ador-dental.de\\\/en\\\/#website\"},\"primaryImageOfPage\":{\"@id\":\"https:\\\/\\\/www.ador-dental.de\\\/produkt\\\/scantist3d-permanent-200ml\\\/#primaryimage\"},\"image\":{\"@id\":\"https:\\\/\\\/www.ador-dental.de\\\/produkt\\\/scantist3d-permanent-200ml\\\/#primaryimage\"},\"thumbnailUrl\":\"https:\\\/\\\/www.ador-dental.de\\\/wp-content\\\/uploads\\\/2025\\\/04\\\/SCantist-Permanent1.png\",\"datePublished\":\"2025-04-07T13:47:55+00:00\",\"dateModified\":\"2026-01-13T10:06:27+00:00\",\"description\":\"SCANTIST 3D \u2013 permanent ist ein wei\u00dfes pigmenthaltiges Scan-Spray, welches f\u00fcr die extraorale Anwendung im laborseitigem Dentalbereich entwickelt wurde.\",\"breadcrumb\":{\"@id\":\"https:\\\/\\\/www.ador-dental.de\\\/produkt\\\/scantist3d-permanent-200ml\\\/#breadcrumb\"},\"inLanguage\":\"fr-FR\",\"potentialAction\":[{\"@type\":\"ReadAction\",\"target\":[\"https:\\\/\\\/www.ador-dental.de\\\/produkt\\\/scantist3d-permanent-200ml\\\/\"]}]},{\"@type\":\"ImageObject\",\"inLanguage\":\"fr-FR\",\"@id\":\"https:\\\/\\\/www.ador-dental.de\\\/produkt\\\/scantist3d-permanent-200ml\\\/#primaryimage\",\"url\":\"https:\\\/\\\/www.ador-dental.de\\\/wp-content\\\/uploads\\\/2025\\\/04\\\/SCantist-Permanent1.png\",\"contentUrl\":\"https:\\\/\\\/www.ador-dental.de\\\/wp-content\\\/uploads\\\/2025\\\/04\\\/SCantist-Permanent1.png\",\"width\":1024,\"height\":1024},{\"@type\":\"BreadcrumbList\",\"@id\":\"https:\\\/\\\/www.ador-dental.de\\\/produkt\\\/scantist3d-permanent-200ml\\\/#breadcrumb\",\"itemListElement\":[{\"@type\":\"ListItem\",\"position\":1,\"name\":\"Startseite\",\"item\":\"https:\\\/\\\/www.ador-dental.de\\\/\"},{\"@type\":\"ListItem\",\"position\":2,\"name\":\"Shop\",\"item\":\"https:\\\/\\\/www.ador-dental.de\\\/en\\\/shop\\\/\"},{\"@type\":\"ListItem\",\"position\":3,\"name\":\"Scantist 3D Permanent 200ml\"}]},{\"@type\":\"WebSite\",\"@id\":\"https:\\\/\\\/www.ador-dental.de\\\/en\\\/#website\",\"url\":\"https:\\\/\\\/www.ador-dental.de\\\/en\\\/\",\"name\":\"Ador Dental GmbH\",\"description\":\"\",\"publisher\":{\"@id\":\"https:\\\/\\\/www.ador-dental.de\\\/en\\\/#organization\"},\"potentialAction\":[{\"@type\":\"SearchAction\",\"target\":{\"@type\":\"EntryPoint\",\"urlTemplate\":\"https:\\\/\\\/www.ador-dental.de\\\/en\\\/?s={search_term_string}\"},\"query-input\":{\"@type\":\"PropertyValueSpecification\",\"valueRequired\":true,\"valueName\":\"search_term_string\"}}],\"inLanguage\":\"fr-FR\"},{\"@type\":\"Organization\",\"@id\":\"https:\\\/\\\/www.ador-dental.de\\\/en\\\/#organization\",\"name\":\"Ador Dental GmbH\",\"url\":\"https:\\\/\\\/www.ador-dental.de\\\/en\\\/\",\"logo\":{\"@type\":\"ImageObject\",\"inLanguage\":\"fr-FR\",\"@id\":\"https:\\\/\\\/www.ador-dental.de\\\/en\\\/#\\\/schema\\\/logo\\\/image\\\/\",\"url\":\"https:\\\/\\\/www.ador-dental.de\\\/wp-content\\\/uploads\\\/2021\\\/10\\\/ADOR_Logo_DentalSolutions_2020_Black.svg\",\"contentUrl\":\"https:\\\/\\\/www.ador-dental.de\\\/wp-content\\\/uploads\\\/2021\\\/10\\\/ADOR_Logo_DentalSolutions_2020_Black.svg\",\"width\":678,\"height\":261,\"caption\":\"Ador Dental GmbH\"},\"image\":{\"@id\":\"https:\\\/\\\/www.ador-dental.de\\\/en\\\/#\\\/schema\\\/logo\\\/image\\\/\"}}]}<\/script>\n<!-- \/ Yoast SEO plugin. -->","yoast_head_json":{"title":"Scantist 3D Permanent 200ml - Ador Dental GmbH","description":"SCANTIST 3D \u2013 permanent ist ein wei\u00dfes pigmenthaltiges Scan-Spray, welches f\u00fcr die extraorale Anwendung im laborseitigem Dentalbereich entwickelt wurde.","robots":{"index":"index","follow":"follow","max-snippet":"max-snippet:-1","max-image-preview":"max-image-preview:large","max-video-preview":"max-video-preview:-1"},"canonical":"https:\/\/www.ador-dental.de\/fr\/produit\/scantist3d-permanent-200ml\/","og_locale":"fr_FR","og_type":"article","og_title":"Scantist 3D Permanent 200ml - Ador Dental GmbH","og_description":"SCANTIST 3D \u2013 permanent ist ein wei\u00dfes pigmenthaltiges Scan-Spray, welches f\u00fcr die extraorale Anwendung im laborseitigem Dentalbereich entwickelt wurde.","og_url":"https:\/\/www.ador-dental.de\/fr\/produit\/scantist3d-permanent-200ml\/","og_site_name":"Ador Dental GmbH","article_modified_time":"2026-01-13T10:06:27+00:00","og_image":[{"width":1024,"height":1024,"url":"https:\/\/www.ador-dental.de\/wp-content\/uploads\/2025\/04\/SCantist-Permanent1.png","type":"image\/png"}],"twitter_card":"summary_large_image","twitter_misc":{"Dur\u00e9e de lecture estim\u00e9e":"1 minute"},"schema":{"@context":"https:\/\/schema.org","@graph":[{"@type":"WebPage","@id":"https:\/\/www.ador-dental.de\/produkt\/scantist3d-permanent-200ml\/","url":"https:\/\/www.ador-dental.de\/produkt\/scantist3d-permanent-200ml\/","name":"Scantist 3D Permanent 200ml - Ador Dental GmbH","isPartOf":{"@id":"https:\/\/www.ador-dental.de\/en\/#website"},"primaryImageOfPage":{"@id":"https:\/\/www.ador-dental.de\/produkt\/scantist3d-permanent-200ml\/#primaryimage"},"image":{"@id":"https:\/\/www.ador-dental.de\/produkt\/scantist3d-permanent-200ml\/#primaryimage"},"thumbnailUrl":"https:\/\/www.ador-dental.de\/wp-content\/uploads\/2025\/04\/SCantist-Permanent1.png","datePublished":"2025-04-07T13:47:55+00:00","dateModified":"2026-01-13T10:06:27+00:00","description":"SCANTIST 3D \u2013 permanent ist ein wei\u00dfes pigmenthaltiges Scan-Spray, welches f\u00fcr die extraorale Anwendung im laborseitigem Dentalbereich entwickelt wurde.","breadcrumb":{"@id":"https:\/\/www.ador-dental.de\/produkt\/scantist3d-permanent-200ml\/#breadcrumb"},"inLanguage":"fr-FR","potentialAction":[{"@type":"ReadAction","target":["https:\/\/www.ador-dental.de\/produkt\/scantist3d-permanent-200ml\/"]}]},{"@type":"ImageObject","inLanguage":"fr-FR","@id":"https:\/\/www.ador-dental.de\/produkt\/scantist3d-permanent-200ml\/#primaryimage","url":"https:\/\/www.ador-dental.de\/wp-content\/uploads\/2025\/04\/SCantist-Permanent1.png","contentUrl":"https:\/\/www.ador-dental.de\/wp-content\/uploads\/2025\/04\/SCantist-Permanent1.png","width":1024,"height":1024},{"@type":"BreadcrumbList","@id":"https:\/\/www.ador-dental.de\/produkt\/scantist3d-permanent-200ml\/#breadcrumb","itemListElement":[{"@type":"ListItem","position":1,"name":"Startseite","item":"https:\/\/www.ador-dental.de\/"},{"@type":"ListItem","position":2,"name":"Shop","item":"https:\/\/www.ador-dental.de\/en\/shop\/"},{"@type":"ListItem","position":3,"name":"Scantist 3D Permanent 200ml"}]},{"@type":"WebSite","@id":"https:\/\/www.ador-dental.de\/en\/#website","url":"https:\/\/www.ador-dental.de\/en\/","name":"Ador Dental GmbH","description":"","publisher":{"@id":"https:\/\/www.ador-dental.de\/en\/#organization"},"potentialAction":[{"@type":"SearchAction","target":{"@type":"EntryPoint","urlTemplate":"https:\/\/www.ador-dental.de\/en\/?s={search_term_string}"},"query-input":{"@type":"PropertyValueSpecification","valueRequired":true,"valueName":"search_term_string"}}],"inLanguage":"fr-FR"},{"@type":"Organization","@id":"https:\/\/www.ador-dental.de\/en\/#organization","name":"Ador Dental GmbH","url":"https:\/\/www.ador-dental.de\/en\/","logo":{"@type":"ImageObject","inLanguage":"fr-FR","@id":"https:\/\/www.ador-dental.de\/en\/#\/schema\/logo\/image\/","url":"https:\/\/www.ador-dental.de\/wp-content\/uploads\/2021\/10\/ADOR_Logo_DentalSolutions_2020_Black.svg","contentUrl":"https:\/\/www.ador-dental.de\/wp-content\/uploads\/2021\/10\/ADOR_Logo_DentalSolutions_2020_Black.svg","width":678,"height":261,"caption":"Ador Dental GmbH"},"image":{"@id":"https:\/\/www.ador-dental.de\/en\/#\/schema\/logo\/image\/"}}]}},"_links":{"self":[{"href":"https:\/\/www.ador-dental.de\/fr\/wp-json\/wp\/v2\/product\/29392","targetHints":{"allow":["GET"]}}],"collection":[{"href":"https:\/\/www.ador-dental.de\/fr\/wp-json\/wp\/v2\/product"}],"about":[{"href":"https:\/\/www.ador-dental.de\/fr\/wp-json\/wp\/v2\/types\/product"}],"replies":[{"embeddable":true,"href":"https:\/\/www.ador-dental.de\/fr\/wp-json\/wp\/v2\/comments?post=29392"}],"version-history":[{"count":5,"href":"https:\/\/www.ador-dental.de\/fr\/wp-json\/wp\/v2\/product\/29392\/revisions"}],"predecessor-version":[{"id":30774,"href":"https:\/\/www.ador-dental.de\/fr\/wp-json\/wp\/v2\/product\/29392\/revisions\/30774"}],"wp:featuredmedia":[{"embeddable":true,"href":"https:\/\/www.ador-dental.de\/fr\/wp-json\/wp\/v2\/media\/29411"}],"wp:attachment":[{"href":"https:\/\/www.ador-dental.de\/fr\/wp-json\/wp\/v2\/media?parent=29392"}],"wp:term":[{"taxonomy":"product_brand","embeddable":true,"href":"https:\/\/www.ador-dental.de\/fr\/wp-json\/wp\/v2\/product_brand?post=29392"},{"taxonomy":"product_cat","embeddable":true,"href":"https:\/\/www.ador-dental.de\/fr\/wp-json\/wp\/v2\/product_cat?post=29392"},{"taxonomy":"product_tag","embeddable":true,"href":"https:\/\/www.ador-dental.de\/fr\/wp-json\/wp\/v2\/product_tag?post=29392"}],"curies":[{"name":"wp","href":"https:\/\/api.w.org\/{rel}","templated":true}]}}