{"id":29360,"date":"2025-04-04T10:03:53","date_gmt":"2025-04-04T08:03:53","guid":{"rendered":"https:\/\/www.ador-dental.de\/?post_type=product&#038;p=29360"},"modified":"2026-03-16T15:06:28","modified_gmt":"2026-03-16T14:06:28","slug":"adorbond-cn-powder-15-45%c2%b5m","status":"publish","type":"product","link":"https:\/\/www.ador-dental.de\/fr\/produit\/adorbond-cn-powder-15-45%c2%b5m\/","title":{"rendered":"Adorbond CN-Powder 15-45\u00b5m"},"content":{"rendered":"<p><a href=\"https:\/\/www.ador-dental.de\/wp-content\/uploads\/2026\/03\/Adorbond-CN_-15-\u00b5m-45-\u00b5m-Aufbrennleg.-DE-EN_Rev-0326.pdf\">Mode d'emploi\/ Instructions for use DE\/EN Adorbond CN Powder<\/a><\/p>\n<p>Adorbond CN Pulver 15-45 \u03bcm ist eine dentale Metallkeramik-Legierung auf Nickel-Basis. Adorbond CN Pulver 15-45 \u03bcm ist frei von Cadmium, Beryllium und Blei und entspricht gem\u00e4\u00df EN ISO 22674 dem Typ 5 f\u00fcr Applikationen, bei denen Teile der Vorrichtung eine Kombination aus hoher Steifigkeit und Dehnungsgrenze erfordern, z.B. d\u00fcnne herausnehmbare Teilprothesen, Teile mit d\u00fcnnen Querschnitten, Klammern. Adorbond CN Pulver 15-45 \u03bcm ist als Metallkeramik-Legierung verwendbar<\/p>\n<table style=\"height: 460px;\" width=\"388\">\n<tbody>\n<tr>\n<td colspan=\"2\" width=\"133\"><strong>Composition<\/strong><\/td>\n<td colspan=\"3\" width=\"248\"><strong>Donn\u00e9es techniques (alliage de cuisson)<\/strong><\/td>\n<\/tr>\n<tr>\n<td colspan=\"2\" width=\"133\"><strong>(en masse-%)<\/strong><\/td>\n<td width=\"133\">Densit\u00e9 (g\/cm<sup>3<\/sup>)<\/td>\n<td width=\"61\">8,2<\/td>\n<td width=\"54\"><\/td>\n<\/tr>\n<tr>\n<td width=\"86\">Ni<\/td>\n<td width=\"47\">62,4<\/td>\n<td width=\"133\">Duret\u00e9 Vickers (HV 10)<\/td>\n<td width=\"61\">200<\/td>\n<td width=\"54\"><\/td>\n<\/tr>\n<tr>\n<td width=\"86\">Cr<\/td>\n<td width=\"47\">25,0<\/td>\n<td width=\"133\">Coefficient de dilatation<\/td>\n<td width=\"61\"><\/td>\n<td width=\"54\"><\/td>\n<\/tr>\n<tr>\n<td width=\"86\">Mo<\/td>\n<td width=\"47\">11,0<\/td>\n<td width=\"133\">25 - 500 \u00b0C (10<sup>-6 <\/sup>K<sup>-1<\/sup>)<\/td>\n<td width=\"61\">13,9<\/td>\n<td width=\"54\"><\/td>\n<\/tr>\n<tr>\n<td width=\"86\">Si<\/td>\n<td width=\"47\">1,6<\/td>\n<td width=\"133\">20 - 600 \u00b0C (10<sup>-6 <\/sup>K<sup>-1<\/sup>)<\/td>\n<td width=\"61\">14,1<\/td>\n<td width=\"54\"><\/td>\n<\/tr>\n<tr>\n<td width=\"86\">\u00c9l\u00e9ments &lt;1%<\/td>\n<td width=\"47\">Nb, Mn, Fe, N<\/td>\n<td width=\"133\">Temp\u00e9rature de cuisson maximale recommand\u00e9e (\u00b0C)<\/td>\n<td width=\"61\">980<\/td>\n<td width=\"54\"><\/td>\n<\/tr>\n<tr>\n<td width=\"86\"><\/td>\n<td width=\"47\"><\/td>\n<td width=\"133\">0,2-% Limite d'\u00e9lasticit\u00e9 R (MPA)<\/td>\n<td width=\"61\">623<\/td>\n<td width=\"54\"><\/td>\n<\/tr>\n<tr>\n<td width=\"86\"><strong>\u00a0<\/strong><\/td>\n<td width=\"47\"><strong>\u00a0<\/strong><\/td>\n<td width=\"133\">\u00a0Module d'\u00e9lasticit\u00e9 (N\/mm<sup>2<\/sup>)<\/td>\n<td width=\"61\">183<\/td>\n<td width=\"54\"><\/td>\n<\/tr>\n<tr>\n<td width=\"86\"><strong>\u00a0<\/strong><\/td>\n<td width=\"47\"><strong>\u00a0<\/strong><\/td>\n<td width=\"133\">\u00a0Bruchdehnung A10 (%)<\/td>\n<td width=\"61\">16,3<\/td>\n<td width=\"54\"><\/td>\n<\/tr>\n<tr>\n<td width=\"86\"><strong>\u00a0<\/strong><\/td>\n<td width=\"47\"><strong>\u00a0<\/strong><\/td>\n<td width=\"133\">R\u00e9sistance \u00e0 la traction (MPA)<\/td>\n<td width=\"61\">1013<\/td>\n<td width=\"54\"><\/td>\n<\/tr>\n<\/tbody>\n<\/table>\n<p>&nbsp;<\/p>\n<table style=\"height: 483px;\" width=\"396\">\n<tbody>\n<tr>\n<td colspan=\"2\" width=\"133\"><strong>Composition<\/strong><\/td>\n<td colspan=\"3\" width=\"248\"><strong>Donn\u00e9es techniques (alliage de coul\u00e9e sur mod\u00e8le)<\/strong><\/td>\n<\/tr>\n<tr>\n<td colspan=\"2\" width=\"133\"><strong>(en masse-%)<\/strong><\/td>\n<td width=\"133\">Densit\u00e9 (g\/cm<sup>3<\/sup>)<\/td>\n<td width=\"61\">8,2<\/td>\n<td width=\"54\"><\/td>\n<\/tr>\n<tr>\n<td width=\"86\">Ni<\/td>\n<td width=\"47\">62,4<\/td>\n<td width=\"133\">Duret\u00e9 Vickers (HV 10)<\/td>\n<td width=\"61\">200<\/td>\n<td width=\"54\"><\/td>\n<\/tr>\n<tr>\n<td width=\"86\">Cr<\/td>\n<td width=\"47\">25,0<\/td>\n<td width=\"133\">0,2-% Limite d'\u00e9lasticit\u00e9 R<\/td>\n<td width=\"61\">623<\/td>\n<td width=\"54\"><\/td>\n<\/tr>\n<tr>\n<td width=\"86\">Mo<\/td>\n<td width=\"47\">11,0<\/td>\n<td width=\"133\">Module d'\u00e9lasticit\u00e9 (N\/mm<sup>2<\/sup>)<\/td>\n<td width=\"61\">183<\/td>\n<td width=\"54\"><\/td>\n<\/tr>\n<tr>\n<td width=\"86\">Si<\/td>\n<td width=\"47\">1,6<\/td>\n<td width=\"133\">Allongement \u00e0 la rupture A<sub>5<\/sub> (%)<\/td>\n<td width=\"61\">16,3<\/td>\n<td width=\"54\"><\/td>\n<\/tr>\n<tr>\n<td width=\"86\">\u00c9l\u00e9ments &lt;1%<\/td>\n<td width=\"47\">Nb, Mn, Fe, N<\/td>\n<td width=\"133\">R\u00e9sistance \u00e0 la traction (MPA)<\/td>\n<td width=\"61\">1013<\/td>\n<td width=\"54\"><\/td>\n<\/tr>\n<\/tbody>\n<\/table>\n<p>La poussi\u00e8re de m\u00e9tal est nocive pour la sant\u00e9. Utiliser une aspiration lors de la manipulation de la poudre, de la finition et du sablage. Les hypersensibilit\u00e9s aux composants de l'alliage doivent \u00eatre prises en compte. En cas de suspicion d'intol\u00e9rance \u00e0 certains \u00e9l\u00e9ments de cet alliage, celui-ci ne doit pas \u00eatre utilis\u00e9.<\/p>\n<p><strong>Garantie<\/strong><\/p>\n<p>Ces recommandations techniques d'utilisation reposent sur nos propres essais et exp\u00e9riences et ne peuvent donc \u00eatre consid\u00e9r\u00e9es que comme des valeurs indicatives. Le dentiste ou le proth\u00e9siste dentaire est lui-m\u00eame responsable de la mise en \u0153uvre correcte de l'alliage.<\/p>\n<p>&nbsp;<\/p>\n<p>&nbsp;<\/p>\n<p>&nbsp;<\/p>\n<p>&nbsp;<\/p>\n<p>&nbsp;<\/p>","protected":false},"excerpt":{"rendered":"<p><strong>Bouteille de 5 kg<\/strong><\/p>\n<p>Alliage c\u00e9ramo-m\u00e9tallique dentaire \u00e0 base de nickel<\/p>\n<p>Taille des grains :\u00a0<strong>15-45<\/strong>\u00a0<strong>\u00b5m<\/strong><\/p>\n<p><strong>convient \u00e9galement comme alliage de recuit<\/strong><\/p>","protected":false},"featured_media":29390,"comment_status":"open","ping_status":"closed","template":"","meta":{"neve_meta_sidebar":"","neve_meta_container":"","neve_meta_enable_content_width":"off","neve_meta_content_width":70,"neve_meta_title_alignment":"","neve_meta_author_avatar":"","neve_post_elements_order":"","neve_meta_disable_header":"","neve_meta_disable_footer":"","neve_meta_disable_title":"","_themeisle_gutenberg_block_has_review":false},"product_brand":[],"product_cat":[718,719],"product_tag":[1135,1133],"class_list":{"0":"post-29360","1":"product","2":"type-product","3":"status-publish","4":"has-post-thumbnail","6":"product_cat-ador-melting","7":"product_cat-slm-pulver","8":"product_tag-15-45m","9":"product_tag-pulver","11":"first","12":"instock","13":"taxable","14":"shipping-taxable","15":"purchasable","16":"product-type-simple"},"yoast_head":"<!-- This site is optimized with the Yoast SEO plugin v27.6 - https:\/\/yoast.com\/product\/yoast-seo-wordpress\/ -->\n<title>Adorbond CN-Powder 15-45\u00b5m - Ador Dental GmbH<\/title>\n<meta name=\"description\" content=\"ADORBOND CN Pulver ist eine dentale Metallkeramik-Legierung auf Nickel-Basis\" \/>\n<meta name=\"robots\" content=\"index, follow, max-snippet:-1, max-image-preview:large, max-video-preview:-1\" \/>\n<link rel=\"canonical\" href=\"https:\/\/www.ador-dental.de\/fr\/produit\/adorbond-cn-powder-15-45\u00b5m\/\" \/>\n<meta property=\"og:locale\" content=\"fr_FR\" \/>\n<meta property=\"og:type\" content=\"article\" \/>\n<meta property=\"og:title\" content=\"Adorbond CN-Powder 15-45\u00b5m - Ador Dental GmbH\" \/>\n<meta property=\"og:description\" content=\"ADORBOND CN Pulver ist eine dentale Metallkeramik-Legierung auf Nickel-Basis\" \/>\n<meta property=\"og:url\" content=\"https:\/\/www.ador-dental.de\/fr\/produit\/adorbond-cn-powder-15-45\u00b5m\/\" \/>\n<meta property=\"og:site_name\" content=\"Ador Dental GmbH\" \/>\n<meta property=\"article:modified_time\" content=\"2026-03-16T14:06:28+00:00\" \/>\n<meta property=\"og:image\" content=\"https:\/\/www.ador-dental.de\/wp-content\/uploads\/2025\/04\/cn-15-45-1024x1024-1.png\" \/>\n\t<meta property=\"og:image:width\" content=\"1024\" \/>\n\t<meta property=\"og:image:height\" content=\"1024\" \/>\n\t<meta property=\"og:image:type\" content=\"image\/png\" \/>\n<meta name=\"twitter:card\" content=\"summary_large_image\" \/>\n<meta name=\"twitter:label1\" content=\"Dur\u00e9e de lecture estim\u00e9e\" \/>\n\t<meta name=\"twitter:data1\" content=\"2 minutes\" \/>\n<script type=\"application\/ld+json\" class=\"yoast-schema-graph\">{\"@context\":\"https:\\\/\\\/schema.org\",\"@graph\":[{\"@type\":\"WebPage\",\"@id\":\"https:\\\/\\\/www.ador-dental.de\\\/produkt\\\/adorbond-cn-powder-15-45%c2%b5m\\\/\",\"url\":\"https:\\\/\\\/www.ador-dental.de\\\/produkt\\\/adorbond-cn-powder-15-45%c2%b5m\\\/\",\"name\":\"Adorbond CN-Powder 15-45\u00b5m - Ador Dental GmbH\",\"isPartOf\":{\"@id\":\"https:\\\/\\\/www.ador-dental.de\\\/en\\\/#website\"},\"primaryImageOfPage\":{\"@id\":\"https:\\\/\\\/www.ador-dental.de\\\/produkt\\\/adorbond-cn-powder-15-45%c2%b5m\\\/#primaryimage\"},\"image\":{\"@id\":\"https:\\\/\\\/www.ador-dental.de\\\/produkt\\\/adorbond-cn-powder-15-45%c2%b5m\\\/#primaryimage\"},\"thumbnailUrl\":\"https:\\\/\\\/www.ador-dental.de\\\/wp-content\\\/uploads\\\/2025\\\/04\\\/cn-15-45-1024x1024-1.png\",\"datePublished\":\"2025-04-04T08:03:53+00:00\",\"dateModified\":\"2026-03-16T14:06:28+00:00\",\"description\":\"ADORBOND CN Pulver ist eine dentale Metallkeramik-Legierung auf Nickel-Basis\",\"breadcrumb\":{\"@id\":\"https:\\\/\\\/www.ador-dental.de\\\/produkt\\\/adorbond-cn-powder-15-45%c2%b5m\\\/#breadcrumb\"},\"inLanguage\":\"fr-FR\",\"potentialAction\":[{\"@type\":\"ReadAction\",\"target\":[\"https:\\\/\\\/www.ador-dental.de\\\/produkt\\\/adorbond-cn-powder-15-45%c2%b5m\\\/\"]}]},{\"@type\":\"ImageObject\",\"inLanguage\":\"fr-FR\",\"@id\":\"https:\\\/\\\/www.ador-dental.de\\\/produkt\\\/adorbond-cn-powder-15-45%c2%b5m\\\/#primaryimage\",\"url\":\"https:\\\/\\\/www.ador-dental.de\\\/wp-content\\\/uploads\\\/2025\\\/04\\\/cn-15-45-1024x1024-1.png\",\"contentUrl\":\"https:\\\/\\\/www.ador-dental.de\\\/wp-content\\\/uploads\\\/2025\\\/04\\\/cn-15-45-1024x1024-1.png\",\"width\":1024,\"height\":1024},{\"@type\":\"BreadcrumbList\",\"@id\":\"https:\\\/\\\/www.ador-dental.de\\\/produkt\\\/adorbond-cn-powder-15-45%c2%b5m\\\/#breadcrumb\",\"itemListElement\":[{\"@type\":\"ListItem\",\"position\":1,\"name\":\"Startseite\",\"item\":\"https:\\\/\\\/www.ador-dental.de\\\/\"},{\"@type\":\"ListItem\",\"position\":2,\"name\":\"Shop\",\"item\":\"https:\\\/\\\/www.ador-dental.de\\\/en\\\/shop\\\/\"},{\"@type\":\"ListItem\",\"position\":3,\"name\":\"Adorbond CN-Powder 15-45\u00b5m\"}]},{\"@type\":\"WebSite\",\"@id\":\"https:\\\/\\\/www.ador-dental.de\\\/en\\\/#website\",\"url\":\"https:\\\/\\\/www.ador-dental.de\\\/en\\\/\",\"name\":\"Ador Dental GmbH\",\"description\":\"\",\"publisher\":{\"@id\":\"https:\\\/\\\/www.ador-dental.de\\\/en\\\/#organization\"},\"potentialAction\":[{\"@type\":\"SearchAction\",\"target\":{\"@type\":\"EntryPoint\",\"urlTemplate\":\"https:\\\/\\\/www.ador-dental.de\\\/en\\\/?s={search_term_string}\"},\"query-input\":{\"@type\":\"PropertyValueSpecification\",\"valueRequired\":true,\"valueName\":\"search_term_string\"}}],\"inLanguage\":\"fr-FR\"},{\"@type\":\"Organization\",\"@id\":\"https:\\\/\\\/www.ador-dental.de\\\/en\\\/#organization\",\"name\":\"Ador Dental GmbH\",\"url\":\"https:\\\/\\\/www.ador-dental.de\\\/en\\\/\",\"logo\":{\"@type\":\"ImageObject\",\"inLanguage\":\"fr-FR\",\"@id\":\"https:\\\/\\\/www.ador-dental.de\\\/en\\\/#\\\/schema\\\/logo\\\/image\\\/\",\"url\":\"https:\\\/\\\/www.ador-dental.de\\\/wp-content\\\/uploads\\\/2021\\\/10\\\/ADOR_Logo_DentalSolutions_2020_Black.svg\",\"contentUrl\":\"https:\\\/\\\/www.ador-dental.de\\\/wp-content\\\/uploads\\\/2021\\\/10\\\/ADOR_Logo_DentalSolutions_2020_Black.svg\",\"width\":678,\"height\":261,\"caption\":\"Ador Dental GmbH\"},\"image\":{\"@id\":\"https:\\\/\\\/www.ador-dental.de\\\/en\\\/#\\\/schema\\\/logo\\\/image\\\/\"}}]}<\/script>\n<!-- \/ Yoast SEO plugin. -->","yoast_head_json":{"title":"Adorbond CN-Powder 15-45\u00b5m - Ador Dental GmbH","description":"ADORBOND CN Pulver ist eine dentale Metallkeramik-Legierung auf Nickel-Basis","robots":{"index":"index","follow":"follow","max-snippet":"max-snippet:-1","max-image-preview":"max-image-preview:large","max-video-preview":"max-video-preview:-1"},"canonical":"https:\/\/www.ador-dental.de\/fr\/produit\/adorbond-cn-powder-15-45\u00b5m\/","og_locale":"fr_FR","og_type":"article","og_title":"Adorbond CN-Powder 15-45\u00b5m - Ador Dental GmbH","og_description":"ADORBOND CN Pulver ist eine dentale Metallkeramik-Legierung auf Nickel-Basis","og_url":"https:\/\/www.ador-dental.de\/fr\/produit\/adorbond-cn-powder-15-45\u00b5m\/","og_site_name":"Ador Dental GmbH","article_modified_time":"2026-03-16T14:06:28+00:00","og_image":[{"width":1024,"height":1024,"url":"https:\/\/www.ador-dental.de\/wp-content\/uploads\/2025\/04\/cn-15-45-1024x1024-1.png","type":"image\/png"}],"twitter_card":"summary_large_image","twitter_misc":{"Dur\u00e9e de lecture estim\u00e9e":"2 minutes"},"schema":{"@context":"https:\/\/schema.org","@graph":[{"@type":"WebPage","@id":"https:\/\/www.ador-dental.de\/produkt\/adorbond-cn-powder-15-45%c2%b5m\/","url":"https:\/\/www.ador-dental.de\/produkt\/adorbond-cn-powder-15-45%c2%b5m\/","name":"Adorbond CN-Powder 15-45\u00b5m - Ador Dental GmbH","isPartOf":{"@id":"https:\/\/www.ador-dental.de\/en\/#website"},"primaryImageOfPage":{"@id":"https:\/\/www.ador-dental.de\/produkt\/adorbond-cn-powder-15-45%c2%b5m\/#primaryimage"},"image":{"@id":"https:\/\/www.ador-dental.de\/produkt\/adorbond-cn-powder-15-45%c2%b5m\/#primaryimage"},"thumbnailUrl":"https:\/\/www.ador-dental.de\/wp-content\/uploads\/2025\/04\/cn-15-45-1024x1024-1.png","datePublished":"2025-04-04T08:03:53+00:00","dateModified":"2026-03-16T14:06:28+00:00","description":"ADORBOND CN Pulver ist eine dentale Metallkeramik-Legierung auf Nickel-Basis","breadcrumb":{"@id":"https:\/\/www.ador-dental.de\/produkt\/adorbond-cn-powder-15-45%c2%b5m\/#breadcrumb"},"inLanguage":"fr-FR","potentialAction":[{"@type":"ReadAction","target":["https:\/\/www.ador-dental.de\/produkt\/adorbond-cn-powder-15-45%c2%b5m\/"]}]},{"@type":"ImageObject","inLanguage":"fr-FR","@id":"https:\/\/www.ador-dental.de\/produkt\/adorbond-cn-powder-15-45%c2%b5m\/#primaryimage","url":"https:\/\/www.ador-dental.de\/wp-content\/uploads\/2025\/04\/cn-15-45-1024x1024-1.png","contentUrl":"https:\/\/www.ador-dental.de\/wp-content\/uploads\/2025\/04\/cn-15-45-1024x1024-1.png","width":1024,"height":1024},{"@type":"BreadcrumbList","@id":"https:\/\/www.ador-dental.de\/produkt\/adorbond-cn-powder-15-45%c2%b5m\/#breadcrumb","itemListElement":[{"@type":"ListItem","position":1,"name":"Startseite","item":"https:\/\/www.ador-dental.de\/"},{"@type":"ListItem","position":2,"name":"Shop","item":"https:\/\/www.ador-dental.de\/en\/shop\/"},{"@type":"ListItem","position":3,"name":"Adorbond CN-Powder 15-45\u00b5m"}]},{"@type":"WebSite","@id":"https:\/\/www.ador-dental.de\/en\/#website","url":"https:\/\/www.ador-dental.de\/en\/","name":"Ador Dental GmbH","description":"","publisher":{"@id":"https:\/\/www.ador-dental.de\/en\/#organization"},"potentialAction":[{"@type":"SearchAction","target":{"@type":"EntryPoint","urlTemplate":"https:\/\/www.ador-dental.de\/en\/?s={search_term_string}"},"query-input":{"@type":"PropertyValueSpecification","valueRequired":true,"valueName":"search_term_string"}}],"inLanguage":"fr-FR"},{"@type":"Organization","@id":"https:\/\/www.ador-dental.de\/en\/#organization","name":"Ador Dental GmbH","url":"https:\/\/www.ador-dental.de\/en\/","logo":{"@type":"ImageObject","inLanguage":"fr-FR","@id":"https:\/\/www.ador-dental.de\/en\/#\/schema\/logo\/image\/","url":"https:\/\/www.ador-dental.de\/wp-content\/uploads\/2021\/10\/ADOR_Logo_DentalSolutions_2020_Black.svg","contentUrl":"https:\/\/www.ador-dental.de\/wp-content\/uploads\/2021\/10\/ADOR_Logo_DentalSolutions_2020_Black.svg","width":678,"height":261,"caption":"Ador Dental GmbH"},"image":{"@id":"https:\/\/www.ador-dental.de\/en\/#\/schema\/logo\/image\/"}}]}},"_links":{"self":[{"href":"https:\/\/www.ador-dental.de\/fr\/wp-json\/wp\/v2\/product\/29360","targetHints":{"allow":["GET"]}}],"collection":[{"href":"https:\/\/www.ador-dental.de\/fr\/wp-json\/wp\/v2\/product"}],"about":[{"href":"https:\/\/www.ador-dental.de\/fr\/wp-json\/wp\/v2\/types\/product"}],"replies":[{"embeddable":true,"href":"https:\/\/www.ador-dental.de\/fr\/wp-json\/wp\/v2\/comments?post=29360"}],"version-history":[{"count":12,"href":"https:\/\/www.ador-dental.de\/fr\/wp-json\/wp\/v2\/product\/29360\/revisions"}],"predecessor-version":[{"id":31260,"href":"https:\/\/www.ador-dental.de\/fr\/wp-json\/wp\/v2\/product\/29360\/revisions\/31260"}],"wp:featuredmedia":[{"embeddable":true,"href":"https:\/\/www.ador-dental.de\/fr\/wp-json\/wp\/v2\/media\/29390"}],"wp:attachment":[{"href":"https:\/\/www.ador-dental.de\/fr\/wp-json\/wp\/v2\/media?parent=29360"}],"wp:term":[{"taxonomy":"product_brand","embeddable":true,"href":"https:\/\/www.ador-dental.de\/fr\/wp-json\/wp\/v2\/product_brand?post=29360"},{"taxonomy":"product_cat","embeddable":true,"href":"https:\/\/www.ador-dental.de\/fr\/wp-json\/wp\/v2\/product_cat?post=29360"},{"taxonomy":"product_tag","embeddable":true,"href":"https:\/\/www.ador-dental.de\/fr\/wp-json\/wp\/v2\/product_tag?post=29360"}],"curies":[{"name":"wp","href":"https:\/\/api.w.org\/{rel}","templated":true}]}}