{"id":2922,"date":"2020-03-25T12:05:22","date_gmt":"2020-03-25T11:05:22","guid":{"rendered":"https:\/\/new.ador-edelmetalle.de\/?post_type=product&#038;p=2922"},"modified":"2024-08-06T14:07:46","modified_gmt":"2024-08-06T12:07:46","slug":"adoro-art-spray","status":"publish","type":"product","link":"https:\/\/www.ador-dental.de\/fr\/produit\/adoro-art-spray\/","title":{"rendered":"ADORO Art Spray vert"},"content":{"rendered":"<p><strong>Spray de marquage ADORO Art-Spray<\/strong><\/p>\n<p>ADORO Art-Spray est un spray de marquage micro-pulv\u00e9ris\u00e9 nouvellement d\u00e9velopp\u00e9 pour rendre visibles les points et surfaces de contact dans le domaine dentaire. Le spray en poudre \u00e0 base de pigments color\u00e9s est vaporis\u00e9 sur les points d'occlusion et les zones \u00e0 examiner. Lors de la r\u00e9alisation du contact, les points d'occlusion sont visibles sur l'antagoniste.<\/p>\n<p>ADORO Art-Spray est totalement inoffensif gr\u00e2ce \u00e0 ses ingr\u00e9dients de qualit\u00e9 alimentaire.<\/p>\n<ul>\n<li>Film de pulv\u00e9risation homog\u00e8ne et fin gr\u00e2ce \u00e0 une valve a\u00e9rosol sp\u00e9ciale<\/li>\n<li>Haut pouvoir de s\u00e9paration et facilit\u00e9 d'\u00e9limination<\/li>\n<li>comportement d'adh\u00e9sion optimis\u00e9 (formule sans cire)<\/li>\n<li>Structure du film pulv\u00e9ris\u00e9 par couches (\u00e9paisseur de pigment r\u00e9glable)<\/li>\n<\/ul>","protected":false},"excerpt":{"rendered":"<p><strong>75 ml par vaporisateur<\/strong><\/p>\n<p>ADORO Art-Spray est un spray de marquage micro-pulv\u00e9ris\u00e9 nouvellement d\u00e9velopp\u00e9 pour rendre visibles les points et surfaces de contact dans le domaine dentaire.<\/p>","protected":false},"featured_media":20448,"comment_status":"open","ping_status":"closed","template":"","meta":{"neve_meta_sidebar":"","neve_meta_container":"","neve_meta_enable_content_width":"off","neve_meta_content_width":70,"neve_meta_title_alignment":"","neve_meta_author_avatar":"","neve_post_elements_order":"","neve_meta_disable_header":"","neve_meta_disable_footer":"","neve_meta_disable_title":"","_themeisle_gutenberg_block_has_review":false},"product_brand":[],"product_cat":[47],"product_tag":[434],"class_list":{"0":"post-2922","1":"product","2":"type-product","3":"status-publish","4":"has-post-thumbnail","6":"product_cat-dentalsprays","7":"product_tag-dentalheld","9":"first","10":"instock","11":"taxable","12":"shipping-taxable","13":"purchasable","14":"product-type-simple"},"yoast_head":"<!-- This site is optimized with the Yoast SEO plugin v27.6 - https:\/\/yoast.com\/product\/yoast-seo-wordpress\/ -->\n<title>ADORO Art Spray gr\u00fcn - Ador Dental GmbH<\/title>\n<meta name=\"description\" content=\"ADORO Art-Spray ist ein neuentwickeltes mikropulverisiertes Markierungsspray zur Sichtbarmachung von Kontaktpunkten\/fl\u00e4chen im Dentalbereich.\" \/>\n<meta name=\"robots\" content=\"index, follow, max-snippet:-1, max-image-preview:large, max-video-preview:-1\" \/>\n<link rel=\"canonical\" href=\"https:\/\/www.ador-dental.de\/fr\/produit\/adoro-art-spray\/\" \/>\n<meta property=\"og:locale\" content=\"fr_FR\" \/>\n<meta property=\"og:type\" content=\"article\" \/>\n<meta property=\"og:title\" content=\"ADORO Art Spray gr\u00fcn - Ador Dental GmbH\" \/>\n<meta property=\"og:description\" content=\"ADORO Art-Spray ist ein neuentwickeltes mikropulverisiertes Markierungsspray zur Sichtbarmachung von Kontaktpunkten\/fl\u00e4chen im Dentalbereich.\" \/>\n<meta property=\"og:url\" content=\"https:\/\/www.ador-dental.de\/fr\/produit\/adoro-art-spray\/\" \/>\n<meta property=\"og:site_name\" content=\"Ador Dental GmbH\" \/>\n<meta property=\"article:modified_time\" content=\"2024-08-06T12:07:46+00:00\" \/>\n<meta property=\"og:image\" content=\"https:\/\/www.ador-dental.de\/wp-content\/uploads\/2020\/03\/Adoro-Art-Spay.jpg\" \/>\n\t<meta property=\"og:image:width\" content=\"768\" \/>\n\t<meta property=\"og:image:height\" content=\"768\" \/>\n\t<meta property=\"og:image:type\" content=\"image\/jpeg\" \/>\n<meta name=\"twitter:card\" content=\"summary_large_image\" \/>\n<meta name=\"twitter:label1\" content=\"Dur\u00e9e de lecture estim\u00e9e\" \/>\n\t<meta name=\"twitter:data1\" content=\"1 minute\" \/>\n<script type=\"application\/ld+json\" class=\"yoast-schema-graph\">{\"@context\":\"https:\\\/\\\/schema.org\",\"@graph\":[{\"@type\":\"WebPage\",\"@id\":\"https:\\\/\\\/www.ador-dental.de\\\/produkt\\\/adoro-art-spray\\\/\",\"url\":\"https:\\\/\\\/www.ador-dental.de\\\/produkt\\\/adoro-art-spray\\\/\",\"name\":\"ADORO Art Spray gr\u00fcn - Ador Dental GmbH\",\"isPartOf\":{\"@id\":\"https:\\\/\\\/www.ador-dental.de\\\/en\\\/#website\"},\"primaryImageOfPage\":{\"@id\":\"https:\\\/\\\/www.ador-dental.de\\\/produkt\\\/adoro-art-spray\\\/#primaryimage\"},\"image\":{\"@id\":\"https:\\\/\\\/www.ador-dental.de\\\/produkt\\\/adoro-art-spray\\\/#primaryimage\"},\"thumbnailUrl\":\"https:\\\/\\\/www.ador-dental.de\\\/wp-content\\\/uploads\\\/2020\\\/03\\\/Adoro-Art-Spay.jpg\",\"datePublished\":\"2020-03-25T11:05:22+00:00\",\"dateModified\":\"2024-08-06T12:07:46+00:00\",\"description\":\"ADORO Art-Spray ist ein neuentwickeltes mikropulverisiertes Markierungsspray zur Sichtbarmachung von Kontaktpunkten\\\/fl\u00e4chen im Dentalbereich.\",\"breadcrumb\":{\"@id\":\"https:\\\/\\\/www.ador-dental.de\\\/produkt\\\/adoro-art-spray\\\/#breadcrumb\"},\"inLanguage\":\"fr-FR\",\"potentialAction\":[{\"@type\":\"ReadAction\",\"target\":[\"https:\\\/\\\/www.ador-dental.de\\\/produkt\\\/adoro-art-spray\\\/\"]}]},{\"@type\":\"ImageObject\",\"inLanguage\":\"fr-FR\",\"@id\":\"https:\\\/\\\/www.ador-dental.de\\\/produkt\\\/adoro-art-spray\\\/#primaryimage\",\"url\":\"https:\\\/\\\/www.ador-dental.de\\\/wp-content\\\/uploads\\\/2020\\\/03\\\/Adoro-Art-Spay.jpg\",\"contentUrl\":\"https:\\\/\\\/www.ador-dental.de\\\/wp-content\\\/uploads\\\/2020\\\/03\\\/Adoro-Art-Spay.jpg\",\"width\":768,\"height\":768},{\"@type\":\"BreadcrumbList\",\"@id\":\"https:\\\/\\\/www.ador-dental.de\\\/produkt\\\/adoro-art-spray\\\/#breadcrumb\",\"itemListElement\":[{\"@type\":\"ListItem\",\"position\":1,\"name\":\"Startseite\",\"item\":\"https:\\\/\\\/www.ador-dental.de\\\/\"},{\"@type\":\"ListItem\",\"position\":2,\"name\":\"Shop\",\"item\":\"https:\\\/\\\/www.ador-dental.de\\\/en\\\/shop\\\/\"},{\"@type\":\"ListItem\",\"position\":3,\"name\":\"ADORO Art Spray gr\u00fcn\"}]},{\"@type\":\"WebSite\",\"@id\":\"https:\\\/\\\/www.ador-dental.de\\\/en\\\/#website\",\"url\":\"https:\\\/\\\/www.ador-dental.de\\\/en\\\/\",\"name\":\"Ador Dental GmbH\",\"description\":\"\",\"publisher\":{\"@id\":\"https:\\\/\\\/www.ador-dental.de\\\/en\\\/#organization\"},\"potentialAction\":[{\"@type\":\"SearchAction\",\"target\":{\"@type\":\"EntryPoint\",\"urlTemplate\":\"https:\\\/\\\/www.ador-dental.de\\\/en\\\/?s={search_term_string}\"},\"query-input\":{\"@type\":\"PropertyValueSpecification\",\"valueRequired\":true,\"valueName\":\"search_term_string\"}}],\"inLanguage\":\"fr-FR\"},{\"@type\":\"Organization\",\"@id\":\"https:\\\/\\\/www.ador-dental.de\\\/en\\\/#organization\",\"name\":\"Ador Dental GmbH\",\"url\":\"https:\\\/\\\/www.ador-dental.de\\\/en\\\/\",\"logo\":{\"@type\":\"ImageObject\",\"inLanguage\":\"fr-FR\",\"@id\":\"https:\\\/\\\/www.ador-dental.de\\\/en\\\/#\\\/schema\\\/logo\\\/image\\\/\",\"url\":\"https:\\\/\\\/www.ador-dental.de\\\/wp-content\\\/uploads\\\/2021\\\/10\\\/ADOR_Logo_DentalSolutions_2020_Black.svg\",\"contentUrl\":\"https:\\\/\\\/www.ador-dental.de\\\/wp-content\\\/uploads\\\/2021\\\/10\\\/ADOR_Logo_DentalSolutions_2020_Black.svg\",\"width\":678,\"height\":261,\"caption\":\"Ador Dental GmbH\"},\"image\":{\"@id\":\"https:\\\/\\\/www.ador-dental.de\\\/en\\\/#\\\/schema\\\/logo\\\/image\\\/\"}}]}<\/script>\n<!-- \/ Yoast SEO plugin. -->","yoast_head_json":{"title":"ADORO Art Spray gr\u00fcn - Ador Dental GmbH","description":"ADORO Art-Spray ist ein neuentwickeltes mikropulverisiertes Markierungsspray zur Sichtbarmachung von Kontaktpunkten\/fl\u00e4chen im Dentalbereich.","robots":{"index":"index","follow":"follow","max-snippet":"max-snippet:-1","max-image-preview":"max-image-preview:large","max-video-preview":"max-video-preview:-1"},"canonical":"https:\/\/www.ador-dental.de\/fr\/produit\/adoro-art-spray\/","og_locale":"fr_FR","og_type":"article","og_title":"ADORO Art Spray gr\u00fcn - Ador Dental GmbH","og_description":"ADORO Art-Spray ist ein neuentwickeltes mikropulverisiertes Markierungsspray zur Sichtbarmachung von Kontaktpunkten\/fl\u00e4chen im Dentalbereich.","og_url":"https:\/\/www.ador-dental.de\/fr\/produit\/adoro-art-spray\/","og_site_name":"Ador Dental GmbH","article_modified_time":"2024-08-06T12:07:46+00:00","og_image":[{"width":768,"height":768,"url":"https:\/\/www.ador-dental.de\/wp-content\/uploads\/2020\/03\/Adoro-Art-Spay.jpg","type":"image\/jpeg"}],"twitter_card":"summary_large_image","twitter_misc":{"Dur\u00e9e de lecture estim\u00e9e":"1 minute"},"schema":{"@context":"https:\/\/schema.org","@graph":[{"@type":"WebPage","@id":"https:\/\/www.ador-dental.de\/produkt\/adoro-art-spray\/","url":"https:\/\/www.ador-dental.de\/produkt\/adoro-art-spray\/","name":"ADORO Art Spray gr\u00fcn - Ador Dental GmbH","isPartOf":{"@id":"https:\/\/www.ador-dental.de\/en\/#website"},"primaryImageOfPage":{"@id":"https:\/\/www.ador-dental.de\/produkt\/adoro-art-spray\/#primaryimage"},"image":{"@id":"https:\/\/www.ador-dental.de\/produkt\/adoro-art-spray\/#primaryimage"},"thumbnailUrl":"https:\/\/www.ador-dental.de\/wp-content\/uploads\/2020\/03\/Adoro-Art-Spay.jpg","datePublished":"2020-03-25T11:05:22+00:00","dateModified":"2024-08-06T12:07:46+00:00","description":"ADORO Art-Spray ist ein neuentwickeltes mikropulverisiertes Markierungsspray zur Sichtbarmachung von Kontaktpunkten\/fl\u00e4chen im Dentalbereich.","breadcrumb":{"@id":"https:\/\/www.ador-dental.de\/produkt\/adoro-art-spray\/#breadcrumb"},"inLanguage":"fr-FR","potentialAction":[{"@type":"ReadAction","target":["https:\/\/www.ador-dental.de\/produkt\/adoro-art-spray\/"]}]},{"@type":"ImageObject","inLanguage":"fr-FR","@id":"https:\/\/www.ador-dental.de\/produkt\/adoro-art-spray\/#primaryimage","url":"https:\/\/www.ador-dental.de\/wp-content\/uploads\/2020\/03\/Adoro-Art-Spay.jpg","contentUrl":"https:\/\/www.ador-dental.de\/wp-content\/uploads\/2020\/03\/Adoro-Art-Spay.jpg","width":768,"height":768},{"@type":"BreadcrumbList","@id":"https:\/\/www.ador-dental.de\/produkt\/adoro-art-spray\/#breadcrumb","itemListElement":[{"@type":"ListItem","position":1,"name":"Startseite","item":"https:\/\/www.ador-dental.de\/"},{"@type":"ListItem","position":2,"name":"Shop","item":"https:\/\/www.ador-dental.de\/en\/shop\/"},{"@type":"ListItem","position":3,"name":"ADORO Art Spray gr\u00fcn"}]},{"@type":"WebSite","@id":"https:\/\/www.ador-dental.de\/en\/#website","url":"https:\/\/www.ador-dental.de\/en\/","name":"Ador Dental GmbH","description":"","publisher":{"@id":"https:\/\/www.ador-dental.de\/en\/#organization"},"potentialAction":[{"@type":"SearchAction","target":{"@type":"EntryPoint","urlTemplate":"https:\/\/www.ador-dental.de\/en\/?s={search_term_string}"},"query-input":{"@type":"PropertyValueSpecification","valueRequired":true,"valueName":"search_term_string"}}],"inLanguage":"fr-FR"},{"@type":"Organization","@id":"https:\/\/www.ador-dental.de\/en\/#organization","name":"Ador Dental GmbH","url":"https:\/\/www.ador-dental.de\/en\/","logo":{"@type":"ImageObject","inLanguage":"fr-FR","@id":"https:\/\/www.ador-dental.de\/en\/#\/schema\/logo\/image\/","url":"https:\/\/www.ador-dental.de\/wp-content\/uploads\/2021\/10\/ADOR_Logo_DentalSolutions_2020_Black.svg","contentUrl":"https:\/\/www.ador-dental.de\/wp-content\/uploads\/2021\/10\/ADOR_Logo_DentalSolutions_2020_Black.svg","width":678,"height":261,"caption":"Ador Dental GmbH"},"image":{"@id":"https:\/\/www.ador-dental.de\/en\/#\/schema\/logo\/image\/"}}]}},"_links":{"self":[{"href":"https:\/\/www.ador-dental.de\/fr\/wp-json\/wp\/v2\/product\/2922","targetHints":{"allow":["GET"]}}],"collection":[{"href":"https:\/\/www.ador-dental.de\/fr\/wp-json\/wp\/v2\/product"}],"about":[{"href":"https:\/\/www.ador-dental.de\/fr\/wp-json\/wp\/v2\/types\/product"}],"replies":[{"embeddable":true,"href":"https:\/\/www.ador-dental.de\/fr\/wp-json\/wp\/v2\/comments?post=2922"}],"version-history":[{"count":4,"href":"https:\/\/www.ador-dental.de\/fr\/wp-json\/wp\/v2\/product\/2922\/revisions"}],"predecessor-version":[{"id":22113,"href":"https:\/\/www.ador-dental.de\/fr\/wp-json\/wp\/v2\/product\/2922\/revisions\/22113"}],"wp:featuredmedia":[{"embeddable":true,"href":"https:\/\/www.ador-dental.de\/fr\/wp-json\/wp\/v2\/media\/20448"}],"wp:attachment":[{"href":"https:\/\/www.ador-dental.de\/fr\/wp-json\/wp\/v2\/media?parent=2922"}],"wp:term":[{"taxonomy":"product_brand","embeddable":true,"href":"https:\/\/www.ador-dental.de\/fr\/wp-json\/wp\/v2\/product_brand?post=2922"},{"taxonomy":"product_cat","embeddable":true,"href":"https:\/\/www.ador-dental.de\/fr\/wp-json\/wp\/v2\/product_cat?post=2922"},{"taxonomy":"product_tag","embeddable":true,"href":"https:\/\/www.ador-dental.de\/fr\/wp-json\/wp\/v2\/product_tag?post=2922"}],"curies":[{"name":"wp","href":"https:\/\/api.w.org\/{rel}","templated":true}]}}