{"id":29140,"date":"2025-01-09T09:44:51","date_gmt":"2025-01-09T08:44:51","guid":{"rendered":"https:\/\/www.ador-dental.de\/?post_type=product&#038;p=29140"},"modified":"2025-01-09T11:46:24","modified_gmt":"2025-01-09T10:46:24","slug":"starter-kit-fraeser-my-evolution","status":"publish","type":"product","link":"https:\/\/www.ador-dental.de\/fr\/produit\/starter-kit-fraeser-my-evolution\/","title":{"rendered":"Kit de d\u00e9marrage fraise DGSHAPE-DWX"},"content":{"rendered":"<h4 class=\"content--title\">Contenu du kit :<\/h4>\n<p>Fraise \u00e0 grande avance T1 en carbure monobloc \u00d83 mm, optimis\u00e9e pour l'usinage du CoCr et du titane, 4 tranchants, pr\u00e9cision maximale gr\u00e2ce \u00e0 des tol\u00e9rances serr\u00e9es et une qualit\u00e9 de surface optimale, avec d\u00e9gagement l3=15,5 mm, et REV\u00caTEMENT TI, recommand\u00e9e pour les machines imes-icore 350i-750i avec queue d2=6 mm<\/p>\n<div class=\"product--description\">\n<p>Fraise \u00e0 rayon T2\/T3 VHM \u00d82 mm, optimis\u00e9e pour l'usinage du CoCr et du titane, 2 tranchants, pr\u00e9cision maximale gr\u00e2ce \u00e0 des tol\u00e9rances serr\u00e9es et une qualit\u00e9 de surface optimale, avec d\u00e9gagement l3=14 mm et REV\u00caTEMENT AL, recommand\u00e9e pour les machines My Evolution avec tige d2=6 mm<\/p>\n<\/div>\n<p>Fraise torique T9 VHM \u00d8 1,5 mm, optimis\u00e9e pour l'usinage du titane et du CoCr, 3 tranchants, pr\u00e9cision maximale gr\u00e2ce \u00e0 des tol\u00e9rances serr\u00e9es et une qualit\u00e9 de surface optimale, avec d\u00e9gagement l3 = 12 mm et REV\u00caTEMENT AL, recommand\u00e9e pour les machines My Evolution avec tige d2 = 6 mm.<\/p>\n<p>T14 Fraise \u00e0 rayon en carbure monobloc \u00d82mm, optimis\u00e9e pour l'usinage du PMMA, du PEEK, de la cire, \u00e0 1 ar\u00eate de coupe, pr\u00e9cision maximale gr\u00e2ce \u00e0 des tol\u00e9rances \u00e9troites et \u00e0 des \u00e9tats de surface tr\u00e8s \u00e9lev\u00e9s, avec d\u00e9pouille l3=20mm, et REV\u00caTEMENT ZR, recommand\u00e9e pour les machines Roland avec queue d2=4mm<\/p>","protected":false},"excerpt":{"rendered":"<p>T1 fraise carbure \u00e0 avance \u00e9lev\u00e9e \u00d83mm, T2\/T3 fraise carbure \u00e0 rayon \u00d82mm, fraise \u00e0 queue \u00d81,5mm, T9 fraise carbure torique \u00d81,5mm, T14 fraise carbure \u00e0 rayon \u00d82mm<\/p>\n<p><strong>pour MyEvoltion Roland<\/strong><\/p>","protected":false},"featured_media":28854,"comment_status":"open","ping_status":"closed","template":"","meta":{"neve_meta_sidebar":"","neve_meta_container":"","neve_meta_enable_content_width":"off","neve_meta_content_width":100,"neve_meta_title_alignment":"","neve_meta_author_avatar":"","neve_post_elements_order":"","neve_meta_disable_header":"","neve_meta_disable_footer":"","neve_meta_disable_title":"","_themeisle_gutenberg_block_has_review":false},"product_brand":[],"product_cat":[431,470,1138],"product_tag":[1140,1139,1141,1165,1130],"class_list":{"0":"post-29140","1":"product","2":"type-product","3":"status-publish","4":"has-post-thumbnail","6":"product_cat-adormilling","7":"product_cat-fraeser","8":"product_cat-myevolution","9":"product_tag-cocr","10":"product_tag-fraeser","11":"product_tag-ibb","12":"product_tag-starter-kit","13":"product_tag-titan","15":"first","16":"instock","17":"taxable","18":"shipping-taxable","19":"purchasable","20":"product-type-simple"},"yoast_head":"<!-- This site is optimized with the Yoast SEO plugin v27.4 - https:\/\/yoast.com\/product\/yoast-seo-wordpress\/ -->\n<title>Starter-Kit Fr\u00e4ser DGSHAPE-DWX - Ador Dental GmbH<\/title>\n<meta name=\"description\" content=\"VHM-Hochvorschubfr\u00e4ser optimiert f\u00fcr die CoCr, Titan-Bearbeitung, 4-schneidig, h\u00f6chste Pr\u00e4zision durch enge Toleranzen und h\u00f6chste Oberfl\u00e4cheng\u00fcten, mit Freischliff l3=15,5mm, und TI-BESCHICHTUNG, empfohlen f\u00fcr imes-icore 350i-750i Maschinen mit Schaft d2=6mm\" \/>\n<meta name=\"robots\" content=\"index, follow, max-snippet:-1, max-image-preview:large, max-video-preview:-1\" \/>\n<link rel=\"canonical\" href=\"https:\/\/www.ador-dental.de\/fr\/produit\/starter-kit-fraeser-my-evolution\/\" \/>\n<meta property=\"og:locale\" content=\"fr_FR\" \/>\n<meta property=\"og:type\" content=\"article\" \/>\n<meta property=\"og:title\" content=\"Starter-Kit Fr\u00e4ser DGSHAPE-DWX - Ador Dental GmbH\" \/>\n<meta property=\"og:description\" content=\"VHM-Hochvorschubfr\u00e4ser optimiert f\u00fcr die CoCr, Titan-Bearbeitung, 4-schneidig, h\u00f6chste Pr\u00e4zision durch enge Toleranzen und h\u00f6chste Oberfl\u00e4cheng\u00fcten, mit Freischliff l3=15,5mm, und TI-BESCHICHTUNG, empfohlen f\u00fcr imes-icore 350i-750i Maschinen mit Schaft d2=6mm\" \/>\n<meta property=\"og:url\" content=\"https:\/\/www.ador-dental.de\/fr\/produit\/starter-kit-fraeser-my-evolution\/\" \/>\n<meta property=\"og:site_name\" content=\"Ador Dental GmbH\" \/>\n<meta property=\"article:modified_time\" content=\"2025-01-09T10:46:24+00:00\" \/>\n<meta property=\"og:image\" content=\"https:\/\/www.ador-dental.de\/wp-content\/uploads\/2024\/04\/825.150.A.HD_.jpg\" \/>\n\t<meta property=\"og:image:width\" content=\"1280\" \/>\n\t<meta property=\"og:image:height\" content=\"718\" \/>\n\t<meta property=\"og:image:type\" content=\"image\/jpeg\" \/>\n<meta name=\"twitter:card\" content=\"summary_large_image\" \/>\n<meta name=\"twitter:label1\" content=\"Dur\u00e9e de lecture estim\u00e9e\" \/>\n\t<meta name=\"twitter:data1\" content=\"1 minute\" \/>\n<script type=\"application\/ld+json\" class=\"yoast-schema-graph\">{\"@context\":\"https:\\\/\\\/schema.org\",\"@graph\":[{\"@type\":\"WebPage\",\"@id\":\"https:\\\/\\\/www.ador-dental.de\\\/produkt\\\/starter-kit-fraeser-my-evolution\\\/\",\"url\":\"https:\\\/\\\/www.ador-dental.de\\\/produkt\\\/starter-kit-fraeser-my-evolution\\\/\",\"name\":\"Starter-Kit Fr\u00e4ser DGSHAPE-DWX - Ador Dental GmbH\",\"isPartOf\":{\"@id\":\"https:\\\/\\\/www.ador-dental.de\\\/en\\\/#website\"},\"primaryImageOfPage\":{\"@id\":\"https:\\\/\\\/www.ador-dental.de\\\/produkt\\\/starter-kit-fraeser-my-evolution\\\/#primaryimage\"},\"image\":{\"@id\":\"https:\\\/\\\/www.ador-dental.de\\\/produkt\\\/starter-kit-fraeser-my-evolution\\\/#primaryimage\"},\"thumbnailUrl\":\"https:\\\/\\\/www.ador-dental.de\\\/wp-content\\\/uploads\\\/2024\\\/04\\\/825.150.A.HD_.jpg\",\"datePublished\":\"2025-01-09T08:44:51+00:00\",\"dateModified\":\"2025-01-09T10:46:24+00:00\",\"description\":\"VHM-Hochvorschubfr\u00e4ser optimiert f\u00fcr die CoCr, Titan-Bearbeitung, 4-schneidig, h\u00f6chste Pr\u00e4zision durch enge Toleranzen und h\u00f6chste Oberfl\u00e4cheng\u00fcten, mit Freischliff l3=15,5mm, und TI-BESCHICHTUNG, empfohlen f\u00fcr imes-icore 350i-750i Maschinen mit Schaft d2=6mm\",\"breadcrumb\":{\"@id\":\"https:\\\/\\\/www.ador-dental.de\\\/produkt\\\/starter-kit-fraeser-my-evolution\\\/#breadcrumb\"},\"inLanguage\":\"fr-FR\",\"potentialAction\":[{\"@type\":\"ReadAction\",\"target\":[\"https:\\\/\\\/www.ador-dental.de\\\/produkt\\\/starter-kit-fraeser-my-evolution\\\/\"]}]},{\"@type\":\"ImageObject\",\"inLanguage\":\"fr-FR\",\"@id\":\"https:\\\/\\\/www.ador-dental.de\\\/produkt\\\/starter-kit-fraeser-my-evolution\\\/#primaryimage\",\"url\":\"https:\\\/\\\/www.ador-dental.de\\\/wp-content\\\/uploads\\\/2024\\\/04\\\/825.150.A.HD_.jpg\",\"contentUrl\":\"https:\\\/\\\/www.ador-dental.de\\\/wp-content\\\/uploads\\\/2024\\\/04\\\/825.150.A.HD_.jpg\",\"width\":1280,\"height\":718},{\"@type\":\"BreadcrumbList\",\"@id\":\"https:\\\/\\\/www.ador-dental.de\\\/produkt\\\/starter-kit-fraeser-my-evolution\\\/#breadcrumb\",\"itemListElement\":[{\"@type\":\"ListItem\",\"position\":1,\"name\":\"Startseite\",\"item\":\"https:\\\/\\\/www.ador-dental.de\\\/\"},{\"@type\":\"ListItem\",\"position\":2,\"name\":\"Shop\",\"item\":\"https:\\\/\\\/www.ador-dental.de\\\/en\\\/shop\\\/\"},{\"@type\":\"ListItem\",\"position\":3,\"name\":\"Starter-Kit Fr\u00e4ser DGSHAPE-DWX\"}]},{\"@type\":\"WebSite\",\"@id\":\"https:\\\/\\\/www.ador-dental.de\\\/en\\\/#website\",\"url\":\"https:\\\/\\\/www.ador-dental.de\\\/en\\\/\",\"name\":\"Ador Dental GmbH\",\"description\":\"\",\"publisher\":{\"@id\":\"https:\\\/\\\/www.ador-dental.de\\\/en\\\/#organization\"},\"potentialAction\":[{\"@type\":\"SearchAction\",\"target\":{\"@type\":\"EntryPoint\",\"urlTemplate\":\"https:\\\/\\\/www.ador-dental.de\\\/en\\\/?s={search_term_string}\"},\"query-input\":{\"@type\":\"PropertyValueSpecification\",\"valueRequired\":true,\"valueName\":\"search_term_string\"}}],\"inLanguage\":\"fr-FR\"},{\"@type\":\"Organization\",\"@id\":\"https:\\\/\\\/www.ador-dental.de\\\/en\\\/#organization\",\"name\":\"Ador Dental GmbH\",\"url\":\"https:\\\/\\\/www.ador-dental.de\\\/en\\\/\",\"logo\":{\"@type\":\"ImageObject\",\"inLanguage\":\"fr-FR\",\"@id\":\"https:\\\/\\\/www.ador-dental.de\\\/en\\\/#\\\/schema\\\/logo\\\/image\\\/\",\"url\":\"https:\\\/\\\/www.ador-dental.de\\\/wp-content\\\/uploads\\\/2021\\\/10\\\/ADOR_Logo_DentalSolutions_2020_Black.svg\",\"contentUrl\":\"https:\\\/\\\/www.ador-dental.de\\\/wp-content\\\/uploads\\\/2021\\\/10\\\/ADOR_Logo_DentalSolutions_2020_Black.svg\",\"width\":678,\"height\":261,\"caption\":\"Ador Dental GmbH\"},\"image\":{\"@id\":\"https:\\\/\\\/www.ador-dental.de\\\/en\\\/#\\\/schema\\\/logo\\\/image\\\/\"}}]}<\/script>\n<!-- \/ Yoast SEO plugin. -->","yoast_head_json":{"title":"Starter-Kit Fr\u00e4ser DGSHAPE-DWX - Ador Dental GmbH","description":"VHM-Hochvorschubfr\u00e4ser optimiert f\u00fcr die CoCr, Titan-Bearbeitung, 4-schneidig, h\u00f6chste Pr\u00e4zision durch enge Toleranzen und h\u00f6chste Oberfl\u00e4cheng\u00fcten, mit Freischliff l3=15,5mm, und TI-BESCHICHTUNG, empfohlen f\u00fcr imes-icore 350i-750i Maschinen mit Schaft d2=6mm","robots":{"index":"index","follow":"follow","max-snippet":"max-snippet:-1","max-image-preview":"max-image-preview:large","max-video-preview":"max-video-preview:-1"},"canonical":"https:\/\/www.ador-dental.de\/fr\/produit\/starter-kit-fraeser-my-evolution\/","og_locale":"fr_FR","og_type":"article","og_title":"Starter-Kit Fr\u00e4ser DGSHAPE-DWX - Ador Dental GmbH","og_description":"VHM-Hochvorschubfr\u00e4ser optimiert f\u00fcr die CoCr, Titan-Bearbeitung, 4-schneidig, h\u00f6chste Pr\u00e4zision durch enge Toleranzen und h\u00f6chste Oberfl\u00e4cheng\u00fcten, mit Freischliff l3=15,5mm, und TI-BESCHICHTUNG, empfohlen f\u00fcr imes-icore 350i-750i Maschinen mit Schaft d2=6mm","og_url":"https:\/\/www.ador-dental.de\/fr\/produit\/starter-kit-fraeser-my-evolution\/","og_site_name":"Ador Dental GmbH","article_modified_time":"2025-01-09T10:46:24+00:00","og_image":[{"width":1280,"height":718,"url":"https:\/\/www.ador-dental.de\/wp-content\/uploads\/2024\/04\/825.150.A.HD_.jpg","type":"image\/jpeg"}],"twitter_card":"summary_large_image","twitter_misc":{"Dur\u00e9e de lecture estim\u00e9e":"1 minute"},"schema":{"@context":"https:\/\/schema.org","@graph":[{"@type":"WebPage","@id":"https:\/\/www.ador-dental.de\/produkt\/starter-kit-fraeser-my-evolution\/","url":"https:\/\/www.ador-dental.de\/produkt\/starter-kit-fraeser-my-evolution\/","name":"Starter-Kit Fr\u00e4ser DGSHAPE-DWX - Ador Dental GmbH","isPartOf":{"@id":"https:\/\/www.ador-dental.de\/en\/#website"},"primaryImageOfPage":{"@id":"https:\/\/www.ador-dental.de\/produkt\/starter-kit-fraeser-my-evolution\/#primaryimage"},"image":{"@id":"https:\/\/www.ador-dental.de\/produkt\/starter-kit-fraeser-my-evolution\/#primaryimage"},"thumbnailUrl":"https:\/\/www.ador-dental.de\/wp-content\/uploads\/2024\/04\/825.150.A.HD_.jpg","datePublished":"2025-01-09T08:44:51+00:00","dateModified":"2025-01-09T10:46:24+00:00","description":"VHM-Hochvorschubfr\u00e4ser optimiert f\u00fcr die CoCr, Titan-Bearbeitung, 4-schneidig, h\u00f6chste Pr\u00e4zision durch enge Toleranzen und h\u00f6chste Oberfl\u00e4cheng\u00fcten, mit Freischliff l3=15,5mm, und TI-BESCHICHTUNG, empfohlen f\u00fcr imes-icore 350i-750i Maschinen mit Schaft d2=6mm","breadcrumb":{"@id":"https:\/\/www.ador-dental.de\/produkt\/starter-kit-fraeser-my-evolution\/#breadcrumb"},"inLanguage":"fr-FR","potentialAction":[{"@type":"ReadAction","target":["https:\/\/www.ador-dental.de\/produkt\/starter-kit-fraeser-my-evolution\/"]}]},{"@type":"ImageObject","inLanguage":"fr-FR","@id":"https:\/\/www.ador-dental.de\/produkt\/starter-kit-fraeser-my-evolution\/#primaryimage","url":"https:\/\/www.ador-dental.de\/wp-content\/uploads\/2024\/04\/825.150.A.HD_.jpg","contentUrl":"https:\/\/www.ador-dental.de\/wp-content\/uploads\/2024\/04\/825.150.A.HD_.jpg","width":1280,"height":718},{"@type":"BreadcrumbList","@id":"https:\/\/www.ador-dental.de\/produkt\/starter-kit-fraeser-my-evolution\/#breadcrumb","itemListElement":[{"@type":"ListItem","position":1,"name":"Startseite","item":"https:\/\/www.ador-dental.de\/"},{"@type":"ListItem","position":2,"name":"Shop","item":"https:\/\/www.ador-dental.de\/en\/shop\/"},{"@type":"ListItem","position":3,"name":"Starter-Kit Fr\u00e4ser DGSHAPE-DWX"}]},{"@type":"WebSite","@id":"https:\/\/www.ador-dental.de\/en\/#website","url":"https:\/\/www.ador-dental.de\/en\/","name":"Ador Dental GmbH","description":"","publisher":{"@id":"https:\/\/www.ador-dental.de\/en\/#organization"},"potentialAction":[{"@type":"SearchAction","target":{"@type":"EntryPoint","urlTemplate":"https:\/\/www.ador-dental.de\/en\/?s={search_term_string}"},"query-input":{"@type":"PropertyValueSpecification","valueRequired":true,"valueName":"search_term_string"}}],"inLanguage":"fr-FR"},{"@type":"Organization","@id":"https:\/\/www.ador-dental.de\/en\/#organization","name":"Ador Dental GmbH","url":"https:\/\/www.ador-dental.de\/en\/","logo":{"@type":"ImageObject","inLanguage":"fr-FR","@id":"https:\/\/www.ador-dental.de\/en\/#\/schema\/logo\/image\/","url":"https:\/\/www.ador-dental.de\/wp-content\/uploads\/2021\/10\/ADOR_Logo_DentalSolutions_2020_Black.svg","contentUrl":"https:\/\/www.ador-dental.de\/wp-content\/uploads\/2021\/10\/ADOR_Logo_DentalSolutions_2020_Black.svg","width":678,"height":261,"caption":"Ador Dental GmbH"},"image":{"@id":"https:\/\/www.ador-dental.de\/en\/#\/schema\/logo\/image\/"}}]}},"_links":{"self":[{"href":"https:\/\/www.ador-dental.de\/fr\/wp-json\/wp\/v2\/product\/29140","targetHints":{"allow":["GET"]}}],"collection":[{"href":"https:\/\/www.ador-dental.de\/fr\/wp-json\/wp\/v2\/product"}],"about":[{"href":"https:\/\/www.ador-dental.de\/fr\/wp-json\/wp\/v2\/types\/product"}],"replies":[{"embeddable":true,"href":"https:\/\/www.ador-dental.de\/fr\/wp-json\/wp\/v2\/comments?post=29140"}],"version-history":[{"count":9,"href":"https:\/\/www.ador-dental.de\/fr\/wp-json\/wp\/v2\/product\/29140\/revisions"}],"predecessor-version":[{"id":29152,"href":"https:\/\/www.ador-dental.de\/fr\/wp-json\/wp\/v2\/product\/29140\/revisions\/29152"}],"wp:featuredmedia":[{"embeddable":true,"href":"https:\/\/www.ador-dental.de\/fr\/wp-json\/wp\/v2\/media\/28854"}],"wp:attachment":[{"href":"https:\/\/www.ador-dental.de\/fr\/wp-json\/wp\/v2\/media?parent=29140"}],"wp:term":[{"taxonomy":"product_brand","embeddable":true,"href":"https:\/\/www.ador-dental.de\/fr\/wp-json\/wp\/v2\/product_brand?post=29140"},{"taxonomy":"product_cat","embeddable":true,"href":"https:\/\/www.ador-dental.de\/fr\/wp-json\/wp\/v2\/product_cat?post=29140"},{"taxonomy":"product_tag","embeddable":true,"href":"https:\/\/www.ador-dental.de\/fr\/wp-json\/wp\/v2\/product_tag?post=29140"}],"curies":[{"name":"wp","href":"https:\/\/api.w.org\/{rel}","templated":true}]}}