{"id":2909,"date":"2020-03-25T11:08:08","date_gmt":"2020-03-25T10:08:08","guid":{"rendered":"https:\/\/new.ador-edelmetalle.de\/?post_type=product&#038;p=2909"},"modified":"2026-02-16T11:49:33","modified_gmt":"2026-02-16T10:49:33","slug":"adoron-lx","status":"publish","type":"product","link":"https:\/\/www.ador-dental.de\/fr\/produit\/adoron-lx\/","title":{"rendered":"ADORON LX"},"content":{"rendered":"<p><a href=\"https:\/\/www.ador-dental.de\/wp-content\/uploads\/2024\/07\/Adoron-LX-1030-LA-DE-EN.pdf\"><strong>\u00a0&gt;&gt; T\u00e9l\u00e9charger le mode d'emploi DE\/EN<\/strong><\/a><\/p>\n<p><strong><a href=\"https:\/\/www.ador-dental.de\/wp-content\/uploads\/2024\/07\/Adoron-LX-1030-LA-FR.pdf\">&gt;&gt; Instructions d'utilisation T\u00e9l\u00e9charger FR\/EN<\/a><\/strong><\/p>\n<p><strong>Alliage de coul\u00e9e sur mod\u00e8le de haute qualit\u00e9, utilisable au laser<\/strong><\/p>\n<table width=\"100%\">\n<tbody>\n<tr>\n<td colspan=\"6\" width=\"72%\"><strong>\u00a0<\/strong><\/td>\n<td colspan=\"2\" width=\"188\"><\/td>\n<\/tr>\n<tr>\n<td colspan=\"8\" width=\"100%\"><strong>ADORON<sup>\u00ae<\/sup> LX <\/strong>est un alliage dentaire de coul\u00e9e sur mod\u00e8le \u00e0 base de cobalt. <strong>ADORON<sup>\u00ae<\/sup> LX <\/strong>est exempt de nickel, de cadmium, de b\u00e9ryllium et de plomb et est conforme \u00e0 la norme EN ISO 22674 de type 5 pour les applications o\u00f9 certaines parties du dispositif n\u00e9cessitent une combinaison de rigidit\u00e9 \u00e9lev\u00e9e et de limite d'\u00e9lasticit\u00e9, par exemple les proth\u00e8ses partielles minces amovibles, les pi\u00e8ces \u00e0 section mince et les agrafes.<\/td>\n<\/tr>\n<tr>\n<td colspan=\"8\" width=\"100%\"><strong>\u00a0<\/strong><\/td>\n<\/tr>\n<tr>\n<td colspan=\"4\" width=\"45%\"><strong>Composition w<sub>i<\/sub><\/strong><\/td>\n<td colspan=\"3\" width=\"54%\"><strong>Donn\u00e9es techniques (valeurs indicatives, \u00e9tat de la fonte)<\/strong><\/td>\n<\/tr>\n<tr>\n<td width=\"9%\">Co<\/td>\n<td width=\"8%\">%<\/td>\n<td colspan=\"2\" width=\"17%\">62,5<\/td>\n<td colspan=\"2\" width=\"50%\">Densit\u00e9 \u03f1<\/td>\n<td width=\"131\">8,2 g.cm\u00b3<\/td>\n<\/tr>\n<tr>\n<td width=\"9%\">Cr<\/td>\n<td width=\"8%\">%<\/td>\n<td colspan=\"2\" width=\"17%\">29,5<\/td>\n<td colspan=\"2\" width=\"50%\">Duret\u00e9 Vickers HV 10<\/td>\n<td width=\"131\">365<\/td>\n<\/tr>\n<tr>\n<td width=\"9%\">Mo<\/td>\n<td width=\"8%\">%<\/td>\n<td colspan=\"2\" width=\"17%\">5,5<\/td>\n<td colspan=\"2\" width=\"50%\">Intervalle de fusion T<sub>S<\/sub> - T<sub>L<\/sub><\/td>\n<td width=\"131\">1.295-1.345 \u00b0C<\/td>\n<\/tr>\n<tr>\n<td width=\"9%\">Si<\/td>\n<td width=\"8%\">%<\/td>\n<td colspan=\"2\" width=\"17%\">1,3<\/td>\n<td colspan=\"2\" width=\"50%\">Temp\u00e9rature de coul\u00e9e T<sub>Couler<\/sub><\/td>\n<td width=\"131\">1.450 \u00b0C<\/td>\n<\/tr>\n<tr>\n<td width=\"9%\">Mn,C,N,Nb,Fe<\/td>\n<td colspan=\"2\" width=\"8%\">%<\/td>\n<td width=\"17%\">&lt; 1<\/td>\n<td colspan=\"2\" width=\"50%\">0,2-% Limite d'\u00e9lasticit\u00e9 R<sub>p 0,2<\/sub><\/td>\n<td width=\"131\">640 MPa<\/td>\n<\/tr>\n<tr>\n<td width=\"9%\"><\/td>\n<td colspan=\"2\" width=\"8%\"><\/td>\n<td width=\"17%\"><\/td>\n<td colspan=\"2\" width=\"50%\">Module d'\u00e9lasticit\u00e9 E<\/td>\n<td width=\"131\">220 GPa<\/td>\n<\/tr>\n<tr>\n<td width=\"9%\"><\/td>\n<td width=\"8%\"><\/td>\n<td colspan=\"2\" width=\"17%\"><\/td>\n<td colspan=\"2\" width=\"50%\">Allongement \u00e0 la rupture A<sub>5<\/sub><\/td>\n<td width=\"131\">7,5 %<\/td>\n<\/tr>\n<tr>\n<td colspan=\"8\" width=\"100%\"><strong>Recommandation de traitement<\/strong><\/td>\n<\/tr>\n<tr>\n<td colspan=\"8\" width=\"100%\"><strong>Mod\u00e9lisation<\/strong><\/td>\n<\/tr>\n<tr>\n<td colspan=\"8\" width=\"100%\">Guider les profil\u00e9s de cire ronds de \u00d8 3,5-4mm dans le sens de l'\u00e9coulement de la masse fondue, \u00e9viter les d\u00e9viations vives.<\/td>\n<\/tr>\n<tr>\n<td colspan=\"8\" width=\"100%\"><strong>\u00a0<\/strong><\/td>\n<\/tr>\n<tr>\n<td colspan=\"8\" width=\"100%\"><strong>Enrobage et coul\u00e9e<\/strong><\/td>\n<\/tr>\n<tr>\n<td colspan=\"8\" width=\"100%\">Convient aux rev\u00eatements de coul\u00e9e sur mod\u00e8le \u00e0 liant phosphate. Temp\u00e9rature de pr\u00e9chauffage 950-1000 \u00b0C. Selon le modelage et l'installation de coul\u00e9e et pour les plaques totales, atteindre la temp\u00e9rature finale de 1050 \u00b0C. Temps de maintien \u00e0 la temp\u00e9rature finale 45-60 minutes selon la taille du moufle et le degr\u00e9 de remplissage. Respecter le mode d'emploi de la machine de coul\u00e9e. Pour <strong>ADORON<sup>\u00ae<\/sup> LX <\/strong>toujours utiliser un creuset en c\u00e9ramique s\u00e9par\u00e9 afin d'\u00e9viter toute contamination par d'autres alliages. Nettoyer le creuset apr\u00e8s chaque coul\u00e9e. Ne pas surchauffer l'alliage. D\u00e9clencher la coul\u00e9e lorsque tous les cubes ont fusionn\u00e9 et que la masse fondue devient uniform\u00e9ment claire. Faire fondre avec la flamme toujours dans la zone de r\u00e9duction avec des mouvements circulaires du br\u00fbleur. D\u00e9clencher la coul\u00e9e lorsque la masse fondue se d\u00e9place sous la pression de la flamme. Laisser refroidir le cylindre \u00e0 la chaleur de la main et le d\u00e9mouler. D\u00e9mouler sans frapper le c\u00f4ne.<\/td>\n<\/tr>\n<tr>\n<td colspan=\"8\" width=\"100%\"><strong>\u00a0<\/strong><\/td>\n<\/tr>\n<tr>\n<td colspan=\"8\" width=\"100%\"><strong>Traitement de l'objet moul\u00e9<\/strong><\/td>\n<\/tr>\n<tr>\n<td colspan=\"8\" width=\"100%\">Apr\u00e8s le d\u00e9moulage :<\/p>\n<p>1. sabler la surface de l'armature avec de l'oxyde d'aluminium de 100 \u00b5m ou 250 \u00b5m dans un sablage au stylet<\/p>\n<p>2. couper les canaux et les \u00e9laborer<\/p>\n<p>3. effectuer un gla\u00e7age \u00e9lectrolytique avec des \u00e9lectrolytes disponibles dans le commerce dans des appareils de gla\u00e7age pour proth\u00e8ses dentaires. Lors du gla\u00e7age, prot\u00e9ger les crochets et les pi\u00e8ces d'ajustage avec un vernis de recouvrement pour \u00e9viter une abrasion incontr\u00f4l\u00e9e.<\/td>\n<\/tr>\n<tr>\n<td colspan=\"8\" width=\"100%\"><\/td>\n<\/tr>\n<tr>\n<td colspan=\"8\" width=\"100%\"><strong>Travaux de finition<\/strong><\/p>\n<p>Apr\u00e8s la finition et l'ajustement, lisser l'armature avec un polissoir en caoutchouc.<\/td>\n<\/tr>\n<tr>\n<td colspan=\"8\" width=\"100%\"><\/td>\n<\/tr>\n<tr>\n<td colspan=\"8\" width=\"100%\"><strong>Soudage et brasage<\/strong><\/p>\n<p>Soudage avant cuisson avec <strong>ADORBOND<sup>\u00ae<\/sup> Lot CC<\/strong> et du flux haute temp\u00e9rature correspondant. La largeur de l'espace de soudure doit \u00eatre comprise entre 0,05 et 0,2 mm. Soudage au laser avec <strong>ADORBOND<sup>\u00ae<\/sup> Fil laser CC<\/strong>.<\/td>\n<\/tr>\n<tr>\n<td colspan=\"8\" width=\"100%\"><\/td>\n<\/tr>\n<tr>\n<td colspan=\"8\" width=\"100%\"><strong>Consignes de s\u00e9curit\u00e9<\/strong><\/p>\n<p>La poussi\u00e8re de m\u00e9tal est nocive pour la sant\u00e9. Utiliser une aspiration lors des travaux de finition et de sablage. Les hypersensibilit\u00e9s aux composants de l'alliage doivent \u00eatre prises en compte. En cas de suspicion d'intol\u00e9rance \u00e0 certains \u00e9l\u00e9ments de cet alliage, celui-ci ne doit pas \u00eatre utilis\u00e9.<\/td>\n<\/tr>\n<tr>\n<td colspan=\"8\" width=\"100%\"><strong>\u00a0<\/strong><\/td>\n<\/tr>\n<tr>\n<td colspan=\"8\" width=\"100%\"><strong>Garantie<\/strong><\/p>\n<p>Ces recommandations techniques d'utilisation reposent sur nos propres essais et exp\u00e9riences et ne peuvent donc \u00eatre consid\u00e9r\u00e9es que comme des valeurs indicatives. Le dentiste ou le proth\u00e9siste dentaire est lui-m\u00eame responsable de la mise en \u0153uvre correcte de l'alliage.<\/td>\n<\/tr>\n<\/tbody>\n<\/table>","protected":false},"excerpt":{"rendered":"<p><strong>1000g<\/strong><\/p>\n<p>Alliage de coul\u00e9e sur mod\u00e8le de haute qualit\u00e9, utilisable au laser<\/p>","protected":false},"featured_media":29953,"comment_status":"open","ping_status":"closed","template":"","meta":{"neve_meta_sidebar":"","neve_meta_container":"","neve_meta_enable_content_width":"off","neve_meta_content_width":70,"neve_meta_title_alignment":"","neve_meta_author_avatar":"","neve_post_elements_order":"","neve_meta_disable_header":"","neve_meta_disable_footer":"","neve_meta_disable_title":"","_themeisle_gutenberg_block_has_review":false},"product_brand":[],"product_cat":[33,35,52],"product_tag":[434],"class_list":{"0":"post-2909","1":"product","2":"type-product","3":"status-publish","4":"has-post-thumbnail","6":"product_cat-legierungen","7":"product_cat-nem-legierungen","8":"product_cat-modellgusslegierungen","9":"product_tag-dentalheld","11":"first","12":"instock","13":"taxable","14":"shipping-taxable","15":"purchasable","16":"product-type-simple"},"yoast_head":"<!-- This site is optimized with the Yoast SEO plugin v27.4 - https:\/\/yoast.com\/product\/yoast-seo-wordpress\/ -->\n<title>ADORON LX - Ador Dental GmbH<\/title>\n<meta name=\"description\" content=\"ADORON LX ist eine dentale Modellgusslegierung auf Kobalt-Basis. ADORON\u00ae LX ist frei von Nickel, Cadmium, Beryllium und Blei.\" \/>\n<meta name=\"robots\" content=\"index, follow, max-snippet:-1, max-image-preview:large, max-video-preview:-1\" \/>\n<link rel=\"canonical\" href=\"https:\/\/www.ador-dental.de\/fr\/produit\/adoron-lx\/\" \/>\n<meta property=\"og:locale\" content=\"fr_FR\" \/>\n<meta property=\"og:type\" content=\"article\" \/>\n<meta property=\"og:title\" content=\"ADORON LX - Ador Dental GmbH\" \/>\n<meta property=\"og:description\" content=\"ADORON LX ist eine dentale Modellgusslegierung auf Kobalt-Basis. ADORON\u00ae LX ist frei von Nickel, Cadmium, Beryllium und Blei.\" \/>\n<meta property=\"og:url\" content=\"https:\/\/www.ador-dental.de\/fr\/produit\/adoron-lx\/\" \/>\n<meta property=\"og:site_name\" content=\"Ador Dental GmbH\" \/>\n<meta property=\"article:modified_time\" content=\"2026-02-16T10:49:33+00:00\" \/>\n<meta property=\"og:image\" content=\"https:\/\/www.ador-dental.de\/wp-content\/uploads\/2025\/07\/Adoron-LX-1-PB-N.png\" \/>\n\t<meta property=\"og:image:width\" content=\"1024\" \/>\n\t<meta property=\"og:image:height\" content=\"1024\" \/>\n\t<meta property=\"og:image:type\" content=\"image\/png\" \/>\n<meta name=\"twitter:card\" content=\"summary_large_image\" \/>\n<meta name=\"twitter:label1\" content=\"Dur\u00e9e de lecture estim\u00e9e\" \/>\n\t<meta name=\"twitter:data1\" content=\"3 minutes\" \/>\n<script type=\"application\/ld+json\" class=\"yoast-schema-graph\">{\"@context\":\"https:\\\/\\\/schema.org\",\"@graph\":[{\"@type\":\"WebPage\",\"@id\":\"https:\\\/\\\/www.ador-dental.de\\\/produkt\\\/adoron-lx\\\/\",\"url\":\"https:\\\/\\\/www.ador-dental.de\\\/produkt\\\/adoron-lx\\\/\",\"name\":\"ADORON LX - Ador Dental GmbH\",\"isPartOf\":{\"@id\":\"https:\\\/\\\/www.ador-dental.de\\\/en\\\/#website\"},\"primaryImageOfPage\":{\"@id\":\"https:\\\/\\\/www.ador-dental.de\\\/produkt\\\/adoron-lx\\\/#primaryimage\"},\"image\":{\"@id\":\"https:\\\/\\\/www.ador-dental.de\\\/produkt\\\/adoron-lx\\\/#primaryimage\"},\"thumbnailUrl\":\"https:\\\/\\\/www.ador-dental.de\\\/wp-content\\\/uploads\\\/2025\\\/07\\\/Adoron-LX-1-PB-N.png\",\"datePublished\":\"2020-03-25T10:08:08+00:00\",\"dateModified\":\"2026-02-16T10:49:33+00:00\",\"description\":\"ADORON LX ist eine dentale Modellgusslegierung auf Kobalt-Basis. ADORON\u00ae LX ist frei von Nickel, Cadmium, Beryllium und Blei.\",\"breadcrumb\":{\"@id\":\"https:\\\/\\\/www.ador-dental.de\\\/produkt\\\/adoron-lx\\\/#breadcrumb\"},\"inLanguage\":\"fr-FR\",\"potentialAction\":[{\"@type\":\"ReadAction\",\"target\":[\"https:\\\/\\\/www.ador-dental.de\\\/produkt\\\/adoron-lx\\\/\"]}]},{\"@type\":\"ImageObject\",\"inLanguage\":\"fr-FR\",\"@id\":\"https:\\\/\\\/www.ador-dental.de\\\/produkt\\\/adoron-lx\\\/#primaryimage\",\"url\":\"https:\\\/\\\/www.ador-dental.de\\\/wp-content\\\/uploads\\\/2025\\\/07\\\/Adoron-LX-1-PB-N.png\",\"contentUrl\":\"https:\\\/\\\/www.ador-dental.de\\\/wp-content\\\/uploads\\\/2025\\\/07\\\/Adoron-LX-1-PB-N.png\",\"width\":1024,\"height\":1024},{\"@type\":\"BreadcrumbList\",\"@id\":\"https:\\\/\\\/www.ador-dental.de\\\/produkt\\\/adoron-lx\\\/#breadcrumb\",\"itemListElement\":[{\"@type\":\"ListItem\",\"position\":1,\"name\":\"Startseite\",\"item\":\"https:\\\/\\\/www.ador-dental.de\\\/\"},{\"@type\":\"ListItem\",\"position\":2,\"name\":\"Shop\",\"item\":\"https:\\\/\\\/www.ador-dental.de\\\/en\\\/shop\\\/\"},{\"@type\":\"ListItem\",\"position\":3,\"name\":\"ADORON LX\"}]},{\"@type\":\"WebSite\",\"@id\":\"https:\\\/\\\/www.ador-dental.de\\\/en\\\/#website\",\"url\":\"https:\\\/\\\/www.ador-dental.de\\\/en\\\/\",\"name\":\"Ador Dental GmbH\",\"description\":\"\",\"publisher\":{\"@id\":\"https:\\\/\\\/www.ador-dental.de\\\/en\\\/#organization\"},\"potentialAction\":[{\"@type\":\"SearchAction\",\"target\":{\"@type\":\"EntryPoint\",\"urlTemplate\":\"https:\\\/\\\/www.ador-dental.de\\\/en\\\/?s={search_term_string}\"},\"query-input\":{\"@type\":\"PropertyValueSpecification\",\"valueRequired\":true,\"valueName\":\"search_term_string\"}}],\"inLanguage\":\"fr-FR\"},{\"@type\":\"Organization\",\"@id\":\"https:\\\/\\\/www.ador-dental.de\\\/en\\\/#organization\",\"name\":\"Ador Dental GmbH\",\"url\":\"https:\\\/\\\/www.ador-dental.de\\\/en\\\/\",\"logo\":{\"@type\":\"ImageObject\",\"inLanguage\":\"fr-FR\",\"@id\":\"https:\\\/\\\/www.ador-dental.de\\\/en\\\/#\\\/schema\\\/logo\\\/image\\\/\",\"url\":\"https:\\\/\\\/www.ador-dental.de\\\/wp-content\\\/uploads\\\/2021\\\/10\\\/ADOR_Logo_DentalSolutions_2020_Black.svg\",\"contentUrl\":\"https:\\\/\\\/www.ador-dental.de\\\/wp-content\\\/uploads\\\/2021\\\/10\\\/ADOR_Logo_DentalSolutions_2020_Black.svg\",\"width\":678,\"height\":261,\"caption\":\"Ador Dental GmbH\"},\"image\":{\"@id\":\"https:\\\/\\\/www.ador-dental.de\\\/en\\\/#\\\/schema\\\/logo\\\/image\\\/\"}}]}<\/script>\n<!-- \/ Yoast SEO plugin. -->","yoast_head_json":{"title":"ADORON LX - Ador Dental GmbH","description":"ADORON LX ist eine dentale Modellgusslegierung auf Kobalt-Basis. ADORON\u00ae LX ist frei von Nickel, Cadmium, Beryllium und Blei.","robots":{"index":"index","follow":"follow","max-snippet":"max-snippet:-1","max-image-preview":"max-image-preview:large","max-video-preview":"max-video-preview:-1"},"canonical":"https:\/\/www.ador-dental.de\/fr\/produit\/adoron-lx\/","og_locale":"fr_FR","og_type":"article","og_title":"ADORON LX - Ador Dental GmbH","og_description":"ADORON LX ist eine dentale Modellgusslegierung auf Kobalt-Basis. ADORON\u00ae LX ist frei von Nickel, Cadmium, Beryllium und Blei.","og_url":"https:\/\/www.ador-dental.de\/fr\/produit\/adoron-lx\/","og_site_name":"Ador Dental GmbH","article_modified_time":"2026-02-16T10:49:33+00:00","og_image":[{"width":1024,"height":1024,"url":"https:\/\/www.ador-dental.de\/wp-content\/uploads\/2025\/07\/Adoron-LX-1-PB-N.png","type":"image\/png"}],"twitter_card":"summary_large_image","twitter_misc":{"Dur\u00e9e de lecture estim\u00e9e":"3 minutes"},"schema":{"@context":"https:\/\/schema.org","@graph":[{"@type":"WebPage","@id":"https:\/\/www.ador-dental.de\/produkt\/adoron-lx\/","url":"https:\/\/www.ador-dental.de\/produkt\/adoron-lx\/","name":"ADORON LX - Ador Dental GmbH","isPartOf":{"@id":"https:\/\/www.ador-dental.de\/en\/#website"},"primaryImageOfPage":{"@id":"https:\/\/www.ador-dental.de\/produkt\/adoron-lx\/#primaryimage"},"image":{"@id":"https:\/\/www.ador-dental.de\/produkt\/adoron-lx\/#primaryimage"},"thumbnailUrl":"https:\/\/www.ador-dental.de\/wp-content\/uploads\/2025\/07\/Adoron-LX-1-PB-N.png","datePublished":"2020-03-25T10:08:08+00:00","dateModified":"2026-02-16T10:49:33+00:00","description":"ADORON LX ist eine dentale Modellgusslegierung auf Kobalt-Basis. ADORON\u00ae LX ist frei von Nickel, Cadmium, Beryllium und Blei.","breadcrumb":{"@id":"https:\/\/www.ador-dental.de\/produkt\/adoron-lx\/#breadcrumb"},"inLanguage":"fr-FR","potentialAction":[{"@type":"ReadAction","target":["https:\/\/www.ador-dental.de\/produkt\/adoron-lx\/"]}]},{"@type":"ImageObject","inLanguage":"fr-FR","@id":"https:\/\/www.ador-dental.de\/produkt\/adoron-lx\/#primaryimage","url":"https:\/\/www.ador-dental.de\/wp-content\/uploads\/2025\/07\/Adoron-LX-1-PB-N.png","contentUrl":"https:\/\/www.ador-dental.de\/wp-content\/uploads\/2025\/07\/Adoron-LX-1-PB-N.png","width":1024,"height":1024},{"@type":"BreadcrumbList","@id":"https:\/\/www.ador-dental.de\/produkt\/adoron-lx\/#breadcrumb","itemListElement":[{"@type":"ListItem","position":1,"name":"Startseite","item":"https:\/\/www.ador-dental.de\/"},{"@type":"ListItem","position":2,"name":"Shop","item":"https:\/\/www.ador-dental.de\/en\/shop\/"},{"@type":"ListItem","position":3,"name":"ADORON LX"}]},{"@type":"WebSite","@id":"https:\/\/www.ador-dental.de\/en\/#website","url":"https:\/\/www.ador-dental.de\/en\/","name":"Ador Dental GmbH","description":"","publisher":{"@id":"https:\/\/www.ador-dental.de\/en\/#organization"},"potentialAction":[{"@type":"SearchAction","target":{"@type":"EntryPoint","urlTemplate":"https:\/\/www.ador-dental.de\/en\/?s={search_term_string}"},"query-input":{"@type":"PropertyValueSpecification","valueRequired":true,"valueName":"search_term_string"}}],"inLanguage":"fr-FR"},{"@type":"Organization","@id":"https:\/\/www.ador-dental.de\/en\/#organization","name":"Ador Dental GmbH","url":"https:\/\/www.ador-dental.de\/en\/","logo":{"@type":"ImageObject","inLanguage":"fr-FR","@id":"https:\/\/www.ador-dental.de\/en\/#\/schema\/logo\/image\/","url":"https:\/\/www.ador-dental.de\/wp-content\/uploads\/2021\/10\/ADOR_Logo_DentalSolutions_2020_Black.svg","contentUrl":"https:\/\/www.ador-dental.de\/wp-content\/uploads\/2021\/10\/ADOR_Logo_DentalSolutions_2020_Black.svg","width":678,"height":261,"caption":"Ador Dental GmbH"},"image":{"@id":"https:\/\/www.ador-dental.de\/en\/#\/schema\/logo\/image\/"}}]}},"_links":{"self":[{"href":"https:\/\/www.ador-dental.de\/fr\/wp-json\/wp\/v2\/product\/2909","targetHints":{"allow":["GET"]}}],"collection":[{"href":"https:\/\/www.ador-dental.de\/fr\/wp-json\/wp\/v2\/product"}],"about":[{"href":"https:\/\/www.ador-dental.de\/fr\/wp-json\/wp\/v2\/types\/product"}],"replies":[{"embeddable":true,"href":"https:\/\/www.ador-dental.de\/fr\/wp-json\/wp\/v2\/comments?post=2909"}],"version-history":[{"count":12,"href":"https:\/\/www.ador-dental.de\/fr\/wp-json\/wp\/v2\/product\/2909\/revisions"}],"predecessor-version":[{"id":29192,"href":"https:\/\/www.ador-dental.de\/fr\/wp-json\/wp\/v2\/product\/2909\/revisions\/29192"}],"wp:featuredmedia":[{"embeddable":true,"href":"https:\/\/www.ador-dental.de\/fr\/wp-json\/wp\/v2\/media\/29953"}],"wp:attachment":[{"href":"https:\/\/www.ador-dental.de\/fr\/wp-json\/wp\/v2\/media?parent=2909"}],"wp:term":[{"taxonomy":"product_brand","embeddable":true,"href":"https:\/\/www.ador-dental.de\/fr\/wp-json\/wp\/v2\/product_brand?post=2909"},{"taxonomy":"product_cat","embeddable":true,"href":"https:\/\/www.ador-dental.de\/fr\/wp-json\/wp\/v2\/product_cat?post=2909"},{"taxonomy":"product_tag","embeddable":true,"href":"https:\/\/www.ador-dental.de\/fr\/wp-json\/wp\/v2\/product_tag?post=2909"}],"curies":[{"name":"wp","href":"https:\/\/api.w.org\/{rel}","templated":true}]}}