{"id":29008,"date":"2024-11-07T09:39:58","date_gmt":"2024-11-07T08:39:58","guid":{"rendered":"https:\/\/www.ador-dental.de\/?post_type=product&#038;p=29008"},"modified":"2024-11-07T09:50:42","modified_gmt":"2024-11-07T08:50:42","slug":"uv-lichthaertegeraet-traydex-18","status":"publish","type":"product","link":"https:\/\/www.ador-dental.de\/fr\/produit\/uv-lichthaertegeraet-traydex-18\/","title":{"rendered":"Appareil de photopolym\u00e9risation UV Traydex 18"},"content":{"rendered":"<p><strong>Appareil de photopolym\u00e9risation UV TRAYDEX 18 - Appareil de photopolym\u00e9risation LED<\/strong><\/p>\n<p>TRAYDEX 18 est un appareil de photopolym\u00e9risation UV \u00e0 LED \u00e0 large bande sp\u00e9cialement con\u00e7u pour les applications dentaires.<\/p>\n<p>Les porte-empreintes individuels ou les bases d'enregistrement fabriqu\u00e9s \u00e0 partir de plaques ou imprim\u00e9s en 3D peuvent ainsi \u00eatre durcis compl\u00e8tement et de mani\u00e8re contr\u00f4l\u00e9e. La technologie LED ne n\u00e9cessite aucun entretien. Un compagnon robuste et professionnel pour le cabinet et le laboratoire.<\/p>\n<ul>\n<li><strong>Gain de temps<br \/>\n<\/strong>Le spectre lumineux large et les 10 LED haute performance assurent un temps de durcissement et une profondeur de p\u00e9n\u00e9tration courts<\/li>\n<li><strong>Sans entretien<br \/>\n<\/strong>La technique LED \u00e0 longue dur\u00e9e de vie rend le remplacement des ampoules UV superflu<\/li>\n<li><strong>Simplement<br \/>\n<\/strong>R\u00e9glage du temps de polym\u00e9risation et d\u00e9marrage\/arr\u00eat par commande softtouch et retrait facile des porte-empreintes et des mod\u00e8les gr\u00e2ce \u00e0 un tiroir<\/li>\n<li><strong>Polyvalent<br \/>\n<\/strong>Temps de polym\u00e9risation r\u00e9glable par pas de 5 secondes de 5 \u00e0 995 secondes. Spectre UV de 375 \u00e0 470 nm<\/li>\n<\/ul>\n<p><strong>Donn\u00e9es techniques<\/strong><\/p>\n<p>Tension &gt;&gt; 100-240 Volt \/ 50-60 Hz<\/p>\n<p>Puissance &gt;&gt; 30 watts<\/p>\n<p>Nombre de LED haute puissance &gt;&gt; 10<\/p>\n<p>Longueur d'onde &gt;&gt; 375 \u2013 470 nm<\/p>\n<p>Temps de durcissement &gt;&gt; 5-995 secondes<\/p>\n<p>Densit\u00e9 d'\u00e9clairage 385nm &gt;&gt; 21,6 W\/cm2<\/p>\n<p>Densit\u00e9 d'\u00e9clairage 405nm &gt;&gt; 17,3 W\/cm2<\/p>\n<p>Densit\u00e9 d'\u00e9clairage 460nm &gt;&gt; 6,5 W\/cm2<\/p>\n<p>Taille (LxlxH) &gt;&gt; 195 x 210 x 140 mm<\/p>\n<p>Poids &gt;&gt; 2,2 kg<\/p>\n<p>Couleur &gt;&gt; Blanc<\/p>","protected":false},"excerpt":{"rendered":"<p>TRAYDEX 18 est un appareil de photopolym\u00e9risation LED-UV \u00e0 large bande sp\u00e9cialement con\u00e7u pour les applications dentaires.<\/p>","protected":false},"featured_media":16274,"comment_status":"open","ping_status":"closed","template":"","meta":{"neve_meta_sidebar":"","neve_meta_container":"","neve_meta_enable_content_width":"off","neve_meta_content_width":70,"neve_meta_title_alignment":"","neve_meta_author_avatar":"","neve_post_elements_order":"","neve_meta_disable_header":"","neve_meta_disable_footer":"","neve_meta_disable_title":"","_themeisle_gutenberg_block_has_review":false},"product_brand":[],"product_cat":[212,378],"product_tag":[1163,1159,1158,1161,1164],"class_list":{"0":"post-29008","1":"product","2":"type-product","3":"status-publish","4":"has-post-thumbnail","6":"product_cat-adorprint","7":"product_cat-zusatzprodukte-3d-drucker-3d-druck","8":"product_tag-1163","9":"product_tag-led","10":"product_tag-lichthaertegeraet","11":"product_tag-traydex","12":"product_tag-uv","14":"first","15":"instock","16":"taxable","17":"shipping-taxable","18":"purchasable","19":"product-type-simple"},"yoast_head":"<!-- This site is optimized with the Yoast SEO plugin v27.4 - https:\/\/yoast.com\/product\/yoast-seo-wordpress\/ -->\n<title>UV-Lichth\u00e4rteger\u00e4t Traydex 18 - Ador Dental GmbH<\/title>\n<meta name=\"description\" content=\"TRAYDEX 18 ist ein breitbandiges LED-UV-Lichh\u00e4rteger\u00e4t speziell f\u00fcr dentale Anwendungen. LED Technik ist v\u00f6llig Wartungsfrei.\" \/>\n<meta name=\"robots\" content=\"index, follow, max-snippet:-1, max-image-preview:large, max-video-preview:-1\" \/>\n<link rel=\"canonical\" href=\"https:\/\/www.ador-dental.de\/fr\/produit\/uv-lichthaertegeraet-traydex-18\/\" \/>\n<meta property=\"og:locale\" content=\"fr_FR\" \/>\n<meta property=\"og:type\" content=\"article\" \/>\n<meta property=\"og:title\" content=\"UV-Lichth\u00e4rteger\u00e4t Traydex 18 - Ador Dental GmbH\" \/>\n<meta property=\"og:description\" content=\"TRAYDEX 18 ist ein breitbandiges LED-UV-Lichh\u00e4rteger\u00e4t speziell f\u00fcr dentale Anwendungen. LED Technik ist v\u00f6llig Wartungsfrei.\" \/>\n<meta property=\"og:url\" content=\"https:\/\/www.ador-dental.de\/fr\/produit\/uv-lichthaertegeraet-traydex-18\/\" \/>\n<meta property=\"og:site_name\" content=\"Ador Dental GmbH\" \/>\n<meta property=\"article:modified_time\" content=\"2024-11-07T08:50:42+00:00\" \/>\n<meta property=\"og:image\" content=\"https:\/\/www.ador-dental.de\/wp-content\/uploads\/2021\/05\/Produktbild-Traydex-18.png\" \/>\n\t<meta property=\"og:image:width\" content=\"1024\" \/>\n\t<meta property=\"og:image:height\" content=\"1024\" \/>\n\t<meta property=\"og:image:type\" content=\"image\/png\" \/>\n<meta name=\"twitter:card\" content=\"summary_large_image\" \/>\n<meta name=\"twitter:label1\" content=\"Dur\u00e9e de lecture estim\u00e9e\" \/>\n\t<meta name=\"twitter:data1\" content=\"2 minutes\" \/>\n<script type=\"application\/ld+json\" class=\"yoast-schema-graph\">{\"@context\":\"https:\\\/\\\/schema.org\",\"@graph\":[{\"@type\":\"WebPage\",\"@id\":\"https:\\\/\\\/www.ador-dental.de\\\/produkt\\\/uv-lichthaertegeraet-traydex-18\\\/\",\"url\":\"https:\\\/\\\/www.ador-dental.de\\\/produkt\\\/uv-lichthaertegeraet-traydex-18\\\/\",\"name\":\"UV-Lichth\u00e4rteger\u00e4t Traydex 18 - Ador Dental GmbH\",\"isPartOf\":{\"@id\":\"https:\\\/\\\/www.ador-dental.de\\\/en\\\/#website\"},\"primaryImageOfPage\":{\"@id\":\"https:\\\/\\\/www.ador-dental.de\\\/produkt\\\/uv-lichthaertegeraet-traydex-18\\\/#primaryimage\"},\"image\":{\"@id\":\"https:\\\/\\\/www.ador-dental.de\\\/produkt\\\/uv-lichthaertegeraet-traydex-18\\\/#primaryimage\"},\"thumbnailUrl\":\"https:\\\/\\\/www.ador-dental.de\\\/wp-content\\\/uploads\\\/2021\\\/05\\\/Produktbild-Traydex-18.png\",\"datePublished\":\"2024-11-07T08:39:58+00:00\",\"dateModified\":\"2024-11-07T08:50:42+00:00\",\"description\":\"TRAYDEX 18 ist ein breitbandiges LED-UV-Lichh\u00e4rteger\u00e4t speziell f\u00fcr dentale Anwendungen. LED Technik ist v\u00f6llig Wartungsfrei.\",\"breadcrumb\":{\"@id\":\"https:\\\/\\\/www.ador-dental.de\\\/produkt\\\/uv-lichthaertegeraet-traydex-18\\\/#breadcrumb\"},\"inLanguage\":\"fr-FR\",\"potentialAction\":[{\"@type\":\"ReadAction\",\"target\":[\"https:\\\/\\\/www.ador-dental.de\\\/produkt\\\/uv-lichthaertegeraet-traydex-18\\\/\"]}]},{\"@type\":\"ImageObject\",\"inLanguage\":\"fr-FR\",\"@id\":\"https:\\\/\\\/www.ador-dental.de\\\/produkt\\\/uv-lichthaertegeraet-traydex-18\\\/#primaryimage\",\"url\":\"https:\\\/\\\/www.ador-dental.de\\\/wp-content\\\/uploads\\\/2021\\\/05\\\/Produktbild-Traydex-18.png\",\"contentUrl\":\"https:\\\/\\\/www.ador-dental.de\\\/wp-content\\\/uploads\\\/2021\\\/05\\\/Produktbild-Traydex-18.png\",\"width\":1024,\"height\":1024,\"caption\":\"UV-Lichth\u00e4rteger\u00e4t\"},{\"@type\":\"BreadcrumbList\",\"@id\":\"https:\\\/\\\/www.ador-dental.de\\\/produkt\\\/uv-lichthaertegeraet-traydex-18\\\/#breadcrumb\",\"itemListElement\":[{\"@type\":\"ListItem\",\"position\":1,\"name\":\"Startseite\",\"item\":\"https:\\\/\\\/www.ador-dental.de\\\/\"},{\"@type\":\"ListItem\",\"position\":2,\"name\":\"Shop\",\"item\":\"https:\\\/\\\/www.ador-dental.de\\\/en\\\/shop\\\/\"},{\"@type\":\"ListItem\",\"position\":3,\"name\":\"UV-Lichth\u00e4rteger\u00e4t Traydex 18\"}]},{\"@type\":\"WebSite\",\"@id\":\"https:\\\/\\\/www.ador-dental.de\\\/en\\\/#website\",\"url\":\"https:\\\/\\\/www.ador-dental.de\\\/en\\\/\",\"name\":\"Ador Dental GmbH\",\"description\":\"\",\"publisher\":{\"@id\":\"https:\\\/\\\/www.ador-dental.de\\\/en\\\/#organization\"},\"potentialAction\":[{\"@type\":\"SearchAction\",\"target\":{\"@type\":\"EntryPoint\",\"urlTemplate\":\"https:\\\/\\\/www.ador-dental.de\\\/en\\\/?s={search_term_string}\"},\"query-input\":{\"@type\":\"PropertyValueSpecification\",\"valueRequired\":true,\"valueName\":\"search_term_string\"}}],\"inLanguage\":\"fr-FR\"},{\"@type\":\"Organization\",\"@id\":\"https:\\\/\\\/www.ador-dental.de\\\/en\\\/#organization\",\"name\":\"Ador Dental GmbH\",\"url\":\"https:\\\/\\\/www.ador-dental.de\\\/en\\\/\",\"logo\":{\"@type\":\"ImageObject\",\"inLanguage\":\"fr-FR\",\"@id\":\"https:\\\/\\\/www.ador-dental.de\\\/en\\\/#\\\/schema\\\/logo\\\/image\\\/\",\"url\":\"https:\\\/\\\/www.ador-dental.de\\\/wp-content\\\/uploads\\\/2021\\\/10\\\/ADOR_Logo_DentalSolutions_2020_Black.svg\",\"contentUrl\":\"https:\\\/\\\/www.ador-dental.de\\\/wp-content\\\/uploads\\\/2021\\\/10\\\/ADOR_Logo_DentalSolutions_2020_Black.svg\",\"width\":678,\"height\":261,\"caption\":\"Ador Dental GmbH\"},\"image\":{\"@id\":\"https:\\\/\\\/www.ador-dental.de\\\/en\\\/#\\\/schema\\\/logo\\\/image\\\/\"}}]}<\/script>\n<!-- \/ Yoast SEO plugin. -->","yoast_head_json":{"title":"UV-Lichth\u00e4rteger\u00e4t Traydex 18 - Ador Dental GmbH","description":"TRAYDEX 18 ist ein breitbandiges LED-UV-Lichh\u00e4rteger\u00e4t speziell f\u00fcr dentale Anwendungen. LED Technik ist v\u00f6llig Wartungsfrei.","robots":{"index":"index","follow":"follow","max-snippet":"max-snippet:-1","max-image-preview":"max-image-preview:large","max-video-preview":"max-video-preview:-1"},"canonical":"https:\/\/www.ador-dental.de\/fr\/produit\/uv-lichthaertegeraet-traydex-18\/","og_locale":"fr_FR","og_type":"article","og_title":"UV-Lichth\u00e4rteger\u00e4t Traydex 18 - Ador Dental GmbH","og_description":"TRAYDEX 18 ist ein breitbandiges LED-UV-Lichh\u00e4rteger\u00e4t speziell f\u00fcr dentale Anwendungen. LED Technik ist v\u00f6llig Wartungsfrei.","og_url":"https:\/\/www.ador-dental.de\/fr\/produit\/uv-lichthaertegeraet-traydex-18\/","og_site_name":"Ador Dental GmbH","article_modified_time":"2024-11-07T08:50:42+00:00","og_image":[{"width":1024,"height":1024,"url":"https:\/\/www.ador-dental.de\/wp-content\/uploads\/2021\/05\/Produktbild-Traydex-18.png","type":"image\/png"}],"twitter_card":"summary_large_image","twitter_misc":{"Dur\u00e9e de lecture estim\u00e9e":"2 minutes"},"schema":{"@context":"https:\/\/schema.org","@graph":[{"@type":"WebPage","@id":"https:\/\/www.ador-dental.de\/produkt\/uv-lichthaertegeraet-traydex-18\/","url":"https:\/\/www.ador-dental.de\/produkt\/uv-lichthaertegeraet-traydex-18\/","name":"UV-Lichth\u00e4rteger\u00e4t Traydex 18 - Ador Dental GmbH","isPartOf":{"@id":"https:\/\/www.ador-dental.de\/en\/#website"},"primaryImageOfPage":{"@id":"https:\/\/www.ador-dental.de\/produkt\/uv-lichthaertegeraet-traydex-18\/#primaryimage"},"image":{"@id":"https:\/\/www.ador-dental.de\/produkt\/uv-lichthaertegeraet-traydex-18\/#primaryimage"},"thumbnailUrl":"https:\/\/www.ador-dental.de\/wp-content\/uploads\/2021\/05\/Produktbild-Traydex-18.png","datePublished":"2024-11-07T08:39:58+00:00","dateModified":"2024-11-07T08:50:42+00:00","description":"TRAYDEX 18 ist ein breitbandiges LED-UV-Lichh\u00e4rteger\u00e4t speziell f\u00fcr dentale Anwendungen. LED Technik ist v\u00f6llig Wartungsfrei.","breadcrumb":{"@id":"https:\/\/www.ador-dental.de\/produkt\/uv-lichthaertegeraet-traydex-18\/#breadcrumb"},"inLanguage":"fr-FR","potentialAction":[{"@type":"ReadAction","target":["https:\/\/www.ador-dental.de\/produkt\/uv-lichthaertegeraet-traydex-18\/"]}]},{"@type":"ImageObject","inLanguage":"fr-FR","@id":"https:\/\/www.ador-dental.de\/produkt\/uv-lichthaertegeraet-traydex-18\/#primaryimage","url":"https:\/\/www.ador-dental.de\/wp-content\/uploads\/2021\/05\/Produktbild-Traydex-18.png","contentUrl":"https:\/\/www.ador-dental.de\/wp-content\/uploads\/2021\/05\/Produktbild-Traydex-18.png","width":1024,"height":1024,"caption":"UV-Lichth\u00e4rteger\u00e4t"},{"@type":"BreadcrumbList","@id":"https:\/\/www.ador-dental.de\/produkt\/uv-lichthaertegeraet-traydex-18\/#breadcrumb","itemListElement":[{"@type":"ListItem","position":1,"name":"Startseite","item":"https:\/\/www.ador-dental.de\/"},{"@type":"ListItem","position":2,"name":"Shop","item":"https:\/\/www.ador-dental.de\/en\/shop\/"},{"@type":"ListItem","position":3,"name":"UV-Lichth\u00e4rteger\u00e4t Traydex 18"}]},{"@type":"WebSite","@id":"https:\/\/www.ador-dental.de\/en\/#website","url":"https:\/\/www.ador-dental.de\/en\/","name":"Ador Dental GmbH","description":"","publisher":{"@id":"https:\/\/www.ador-dental.de\/en\/#organization"},"potentialAction":[{"@type":"SearchAction","target":{"@type":"EntryPoint","urlTemplate":"https:\/\/www.ador-dental.de\/en\/?s={search_term_string}"},"query-input":{"@type":"PropertyValueSpecification","valueRequired":true,"valueName":"search_term_string"}}],"inLanguage":"fr-FR"},{"@type":"Organization","@id":"https:\/\/www.ador-dental.de\/en\/#organization","name":"Ador Dental GmbH","url":"https:\/\/www.ador-dental.de\/en\/","logo":{"@type":"ImageObject","inLanguage":"fr-FR","@id":"https:\/\/www.ador-dental.de\/en\/#\/schema\/logo\/image\/","url":"https:\/\/www.ador-dental.de\/wp-content\/uploads\/2021\/10\/ADOR_Logo_DentalSolutions_2020_Black.svg","contentUrl":"https:\/\/www.ador-dental.de\/wp-content\/uploads\/2021\/10\/ADOR_Logo_DentalSolutions_2020_Black.svg","width":678,"height":261,"caption":"Ador Dental GmbH"},"image":{"@id":"https:\/\/www.ador-dental.de\/en\/#\/schema\/logo\/image\/"}}]}},"_links":{"self":[{"href":"https:\/\/www.ador-dental.de\/fr\/wp-json\/wp\/v2\/product\/29008","targetHints":{"allow":["GET"]}}],"collection":[{"href":"https:\/\/www.ador-dental.de\/fr\/wp-json\/wp\/v2\/product"}],"about":[{"href":"https:\/\/www.ador-dental.de\/fr\/wp-json\/wp\/v2\/types\/product"}],"replies":[{"embeddable":true,"href":"https:\/\/www.ador-dental.de\/fr\/wp-json\/wp\/v2\/comments?post=29008"}],"version-history":[{"count":1,"href":"https:\/\/www.ador-dental.de\/fr\/wp-json\/wp\/v2\/product\/29008\/revisions"}],"predecessor-version":[{"id":29009,"href":"https:\/\/www.ador-dental.de\/fr\/wp-json\/wp\/v2\/product\/29008\/revisions\/29009"}],"wp:featuredmedia":[{"embeddable":true,"href":"https:\/\/www.ador-dental.de\/fr\/wp-json\/wp\/v2\/media\/16274"}],"wp:attachment":[{"href":"https:\/\/www.ador-dental.de\/fr\/wp-json\/wp\/v2\/media?parent=29008"}],"wp:term":[{"taxonomy":"product_brand","embeddable":true,"href":"https:\/\/www.ador-dental.de\/fr\/wp-json\/wp\/v2\/product_brand?post=29008"},{"taxonomy":"product_cat","embeddable":true,"href":"https:\/\/www.ador-dental.de\/fr\/wp-json\/wp\/v2\/product_cat?post=29008"},{"taxonomy":"product_tag","embeddable":true,"href":"https:\/\/www.ador-dental.de\/fr\/wp-json\/wp\/v2\/product_tag?post=29008"}],"curies":[{"name":"wp","href":"https:\/\/api.w.org\/{rel}","templated":true}]}}