{"id":29003,"date":"2024-11-05T16:31:21","date_gmt":"2024-11-05T15:31:21","guid":{"rendered":"https:\/\/www.ador-dental.de\/?post_type=product&#038;p=29003"},"modified":"2025-12-09T13:33:50","modified_gmt":"2025-12-09T12:33:50","slug":"led-lichthaertegeraet-prodex-n2","status":"publish","type":"product","link":"https:\/\/www.ador-dental.de\/fr\/produit\/led-lichthaertegeraet-prodex-n2\/","title":{"rendered":"Appareil de photo-durcissement \u00e0 LED PRODEX N2"},"content":{"rendered":"<p><strong>Appareil de photo-durcissement \u00e0 LED PRODEX N2<\/strong><\/p>\n<p>Avec le PRODEX N2, la chambre d'exposition peut \u00eatre inond\u00e9e d'azote N2. Le raccordement se fait simplement par un raccord rapide. L'atmosph\u00e8re protectrice permet d'obtenir une meilleure qualit\u00e9 de surface. Le PRODEX N2 compact aux multiples talents offre des possibilit\u00e9s de r\u00e9glage flexibles pour une adaptation optimale aux mat\u00e9riaux et aux objets imprim\u00e9s les plus divers.<\/p>\n<p>Les porte-empreintes individuels ou les bases d'enregistrement fabriqu\u00e9s \u00e0 partir de plaques ou imprim\u00e9s en 3D peuvent ainsi \u00eatre durcis compl\u00e8tement et de mani\u00e8re contr\u00f4l\u00e9e. La technologie LED ne n\u00e9cessite aucun entretien. Un compagnon robuste et professionnel pour le cabinet et le laboratoire.<\/p>\n<p>&nbsp;<\/p>\n<ul>\n<li><strong>Une surface parfaite<\/strong><br \/>\nL'ajout d'azote N2 pendant la polym\u00e9risation permet d'obtenir une surface plus dure, plus lisse et presque brillante.<\/li>\n<li><strong>Gain de temps<br \/>\n<\/strong>Un spectre lumineux large et des LED haute performance garantissent un temps de durcissement extr\u00eamement court<\/li>\n<li><strong>Sans entretien<br \/>\n<\/strong>La technique LED \u00e0 longue dur\u00e9e de vie rend le remplacement des ampoules UV superflu<\/li>\n<li><strong>Flexible<br \/>\n<\/strong>Applicable \u00e0 une grande vari\u00e9t\u00e9 de mat\u00e9riaux UV, tels que les composites et les photopolym\u00e8res 3D, gr\u00e2ce \u00e0 l'ajustement de l'intensit\u00e9, de l'intervalle et du temps d'exposition.<\/li>\n<\/ul>\n<p>&nbsp;<\/p>\n<p><strong>Donn\u00e9es techniques :<\/strong><\/p>\n<ul>\n<li>Tension &gt;&gt; 100-240 Volt \/ 50-60 Hz<\/li>\n<li>Puissance &gt;&gt; 70 watts<\/li>\n<li>Nombre de LED haute puissance &gt;&gt; 25<\/li>\n<li>Longueur d'onde &gt;&gt; 375 \u2013 470 nm<\/li>\n<li>Temps de durcissement &gt;&gt; 5-995 secondes<\/li>\n<li>Densit\u00e9 d'\u00e9clairage 385nm &gt;&gt; 52,4 W\/cm2<\/li>\n<li>Densit\u00e9 d'\u00e9clairage 405nm &gt;&gt; 43,4 W\/cm2<\/li>\n<li>Densit\u00e9 d'\u00e9clairage 460nm &gt;&gt; 16,4 W\/cm2<\/li>\n<li>Enregistrement des valeurs de r\u00e9glage &gt;&gt; Oui<\/li>\n<li>Taille (LxlxH) &gt;&gt; 200 x 220 x 160 mm<\/li>\n<li>Chambre lumineuse (LxlxH) &gt;&gt; 140 x 140 x 83 mm<\/li>\n<li>Raccord N2 &gt;&gt; Raccord rapide<\/li>\n<li>Poids &gt;&gt; 3kg<\/li>\n<li>Couleur &gt;&gt; Noir<\/li>\n<\/ul>\n<p><strong>attitude :<\/strong><\/p>\n<ul>\n<li><strong>Intensit\u00e9 lumineuse<\/strong><\/li>\n<li>R\u00e9glable sur 16 niveaux pour une adaptation optimale de l'intensit\u00e9 \u00e0 l'\u00e9paisseur du mat\u00e9riau, de 7018mW\/ cm2 \u00e0 112295mW\/ cm2<\/li>\n<li><strong>Modes d'intervalle<\/strong><\/li>\n<li>Mode flash r\u00e9glable en 8 \u00e9tapes pour une adaptation de la profondeur de p\u00e9n\u00e9tration \u00e0 l'\u00e9paisseur du mat\u00e9riau, assurant une polym\u00e9risation optimale et un faible retrait<\/li>\n<li><strong>Atmosph\u00e8re protectrice<\/strong><\/li>\n<li>Lors de la mise en marche, la chambre d'exposition est inond\u00e9e d'azote pendant la polym\u00e9risation.<\/li>\n<li><strong>Temps de polym\u00e9risation<\/strong><\/li>\n<li>R\u00e9glable par pas de 5 secondes de 5 \u00e0 995 secondes<\/li>\n<\/ul>","protected":false},"excerpt":{"rendered":"<p>Avec le PRODEX N2, la chambre d'exposition peut \u00eatre inond\u00e9e d'azote N2.<\/p>","protected":false},"featured_media":16283,"comment_status":"open","ping_status":"closed","template":"","meta":{"neve_meta_sidebar":"","neve_meta_container":"","neve_meta_enable_content_width":"off","neve_meta_content_width":70,"neve_meta_title_alignment":"","neve_meta_author_avatar":"","neve_post_elements_order":"","neve_meta_disable_header":"","neve_meta_disable_footer":"","neve_meta_disable_title":"","_themeisle_gutenberg_block_has_review":false},"product_brand":[],"product_cat":[212,378],"product_tag":[1159,1158,1160,1156],"class_list":{"0":"post-29003","1":"product","2":"type-product","3":"status-publish","4":"has-post-thumbnail","6":"product_cat-adorprint","7":"product_cat-zusatzprodukte-3d-drucker-3d-druck","8":"product_tag-led","9":"product_tag-lichthaertegeraet","10":"product_tag-n2","11":"product_tag-prodex","13":"first","14":"instock","15":"taxable","16":"shipping-taxable","17":"purchasable","18":"product-type-simple"},"yoast_head":"<!-- This site is optimized with the Yoast SEO plugin v27.4 - https:\/\/yoast.com\/product\/yoast-seo-wordpress\/ -->\n<title>LED-Lichth\u00e4rteger\u00e4t PRODEX N2 - Ador Dental GmbH<\/title>\n<meta name=\"description\" content=\"Beim PRODEX N2 kann die Belichtungskammer mit Stickstoff N2 geflutet werden. Durch die Schutzgasatmosphere wird eine bessere Oberfl\u00e4cheng\u00fcte erreicht\" \/>\n<meta name=\"robots\" content=\"index, follow, max-snippet:-1, max-image-preview:large, max-video-preview:-1\" \/>\n<link rel=\"canonical\" href=\"https:\/\/www.ador-dental.de\/fr\/produit\/led-lichthaertegeraet-prodex-n2\/\" \/>\n<meta property=\"og:locale\" content=\"fr_FR\" \/>\n<meta property=\"og:type\" content=\"article\" \/>\n<meta property=\"og:title\" content=\"LED-Lichth\u00e4rteger\u00e4t PRODEX N2 - Ador Dental GmbH\" \/>\n<meta property=\"og:description\" content=\"Beim PRODEX N2 kann die Belichtungskammer mit Stickstoff N2 geflutet werden. Durch die Schutzgasatmosphere wird eine bessere Oberfl\u00e4cheng\u00fcte erreicht\" \/>\n<meta property=\"og:url\" content=\"https:\/\/www.ador-dental.de\/fr\/produit\/led-lichthaertegeraet-prodex-n2\/\" \/>\n<meta property=\"og:site_name\" content=\"Ador Dental GmbH\" \/>\n<meta property=\"article:modified_time\" content=\"2025-12-09T12:33:50+00:00\" \/>\n<meta property=\"og:image\" content=\"https:\/\/www.ador-dental.de\/wp-content\/uploads\/2021\/05\/Produktbild-Traydex-NT.png\" \/>\n\t<meta property=\"og:image:width\" content=\"1024\" \/>\n\t<meta property=\"og:image:height\" content=\"1024\" \/>\n\t<meta property=\"og:image:type\" content=\"image\/png\" \/>\n<meta name=\"twitter:card\" content=\"summary_large_image\" \/>\n<meta name=\"twitter:label1\" content=\"Dur\u00e9e de lecture estim\u00e9e\" \/>\n\t<meta name=\"twitter:data1\" content=\"2 minutes\" \/>\n<script type=\"application\/ld+json\" class=\"yoast-schema-graph\">{\"@context\":\"https:\\\/\\\/schema.org\",\"@graph\":[{\"@type\":\"WebPage\",\"@id\":\"https:\\\/\\\/www.ador-dental.de\\\/produkt\\\/led-lichthaertegeraet-prodex-n2\\\/\",\"url\":\"https:\\\/\\\/www.ador-dental.de\\\/produkt\\\/led-lichthaertegeraet-prodex-n2\\\/\",\"name\":\"LED-Lichth\u00e4rteger\u00e4t PRODEX N2 - Ador Dental GmbH\",\"isPartOf\":{\"@id\":\"https:\\\/\\\/www.ador-dental.de\\\/en\\\/#website\"},\"primaryImageOfPage\":{\"@id\":\"https:\\\/\\\/www.ador-dental.de\\\/produkt\\\/led-lichthaertegeraet-prodex-n2\\\/#primaryimage\"},\"image\":{\"@id\":\"https:\\\/\\\/www.ador-dental.de\\\/produkt\\\/led-lichthaertegeraet-prodex-n2\\\/#primaryimage\"},\"thumbnailUrl\":\"https:\\\/\\\/www.ador-dental.de\\\/wp-content\\\/uploads\\\/2021\\\/05\\\/Produktbild-Traydex-NT.png\",\"datePublished\":\"2024-11-05T15:31:21+00:00\",\"dateModified\":\"2025-12-09T12:33:50+00:00\",\"description\":\"Beim PRODEX N2 kann die Belichtungskammer mit Stickstoff N2 geflutet werden. Durch die Schutzgasatmosphere wird eine bessere Oberfl\u00e4cheng\u00fcte erreicht\",\"breadcrumb\":{\"@id\":\"https:\\\/\\\/www.ador-dental.de\\\/produkt\\\/led-lichthaertegeraet-prodex-n2\\\/#breadcrumb\"},\"inLanguage\":\"fr-FR\",\"potentialAction\":[{\"@type\":\"ReadAction\",\"target\":[\"https:\\\/\\\/www.ador-dental.de\\\/produkt\\\/led-lichthaertegeraet-prodex-n2\\\/\"]}]},{\"@type\":\"ImageObject\",\"inLanguage\":\"fr-FR\",\"@id\":\"https:\\\/\\\/www.ador-dental.de\\\/produkt\\\/led-lichthaertegeraet-prodex-n2\\\/#primaryimage\",\"url\":\"https:\\\/\\\/www.ador-dental.de\\\/wp-content\\\/uploads\\\/2021\\\/05\\\/Produktbild-Traydex-NT.png\",\"contentUrl\":\"https:\\\/\\\/www.ador-dental.de\\\/wp-content\\\/uploads\\\/2021\\\/05\\\/Produktbild-Traydex-NT.png\",\"width\":1024,\"height\":1024,\"caption\":\"LED-Lichth\u00e4rteger\u00e4t PRODEX NT\"},{\"@type\":\"BreadcrumbList\",\"@id\":\"https:\\\/\\\/www.ador-dental.de\\\/produkt\\\/led-lichthaertegeraet-prodex-n2\\\/#breadcrumb\",\"itemListElement\":[{\"@type\":\"ListItem\",\"position\":1,\"name\":\"Startseite\",\"item\":\"https:\\\/\\\/www.ador-dental.de\\\/\"},{\"@type\":\"ListItem\",\"position\":2,\"name\":\"Shop\",\"item\":\"https:\\\/\\\/www.ador-dental.de\\\/en\\\/shop\\\/\"},{\"@type\":\"ListItem\",\"position\":3,\"name\":\"LED-Lichth\u00e4rteger\u00e4t PRODEX N2\"}]},{\"@type\":\"WebSite\",\"@id\":\"https:\\\/\\\/www.ador-dental.de\\\/en\\\/#website\",\"url\":\"https:\\\/\\\/www.ador-dental.de\\\/en\\\/\",\"name\":\"Ador Dental GmbH\",\"description\":\"\",\"publisher\":{\"@id\":\"https:\\\/\\\/www.ador-dental.de\\\/en\\\/#organization\"},\"potentialAction\":[{\"@type\":\"SearchAction\",\"target\":{\"@type\":\"EntryPoint\",\"urlTemplate\":\"https:\\\/\\\/www.ador-dental.de\\\/en\\\/?s={search_term_string}\"},\"query-input\":{\"@type\":\"PropertyValueSpecification\",\"valueRequired\":true,\"valueName\":\"search_term_string\"}}],\"inLanguage\":\"fr-FR\"},{\"@type\":\"Organization\",\"@id\":\"https:\\\/\\\/www.ador-dental.de\\\/en\\\/#organization\",\"name\":\"Ador Dental GmbH\",\"url\":\"https:\\\/\\\/www.ador-dental.de\\\/en\\\/\",\"logo\":{\"@type\":\"ImageObject\",\"inLanguage\":\"fr-FR\",\"@id\":\"https:\\\/\\\/www.ador-dental.de\\\/en\\\/#\\\/schema\\\/logo\\\/image\\\/\",\"url\":\"https:\\\/\\\/www.ador-dental.de\\\/wp-content\\\/uploads\\\/2021\\\/10\\\/ADOR_Logo_DentalSolutions_2020_Black.svg\",\"contentUrl\":\"https:\\\/\\\/www.ador-dental.de\\\/wp-content\\\/uploads\\\/2021\\\/10\\\/ADOR_Logo_DentalSolutions_2020_Black.svg\",\"width\":678,\"height\":261,\"caption\":\"Ador Dental GmbH\"},\"image\":{\"@id\":\"https:\\\/\\\/www.ador-dental.de\\\/en\\\/#\\\/schema\\\/logo\\\/image\\\/\"}}]}<\/script>\n<!-- \/ Yoast SEO plugin. -->","yoast_head_json":{"title":"LED-Lichth\u00e4rteger\u00e4t PRODEX N2 - Ador Dental GmbH","description":"Beim PRODEX N2 kann die Belichtungskammer mit Stickstoff N2 geflutet werden. Durch die Schutzgasatmosphere wird eine bessere Oberfl\u00e4cheng\u00fcte erreicht","robots":{"index":"index","follow":"follow","max-snippet":"max-snippet:-1","max-image-preview":"max-image-preview:large","max-video-preview":"max-video-preview:-1"},"canonical":"https:\/\/www.ador-dental.de\/fr\/produit\/led-lichthaertegeraet-prodex-n2\/","og_locale":"fr_FR","og_type":"article","og_title":"LED-Lichth\u00e4rteger\u00e4t PRODEX N2 - Ador Dental GmbH","og_description":"Beim PRODEX N2 kann die Belichtungskammer mit Stickstoff N2 geflutet werden. Durch die Schutzgasatmosphere wird eine bessere Oberfl\u00e4cheng\u00fcte erreicht","og_url":"https:\/\/www.ador-dental.de\/fr\/produit\/led-lichthaertegeraet-prodex-n2\/","og_site_name":"Ador Dental GmbH","article_modified_time":"2025-12-09T12:33:50+00:00","og_image":[{"width":1024,"height":1024,"url":"https:\/\/www.ador-dental.de\/wp-content\/uploads\/2021\/05\/Produktbild-Traydex-NT.png","type":"image\/png"}],"twitter_card":"summary_large_image","twitter_misc":{"Dur\u00e9e de lecture estim\u00e9e":"2 minutes"},"schema":{"@context":"https:\/\/schema.org","@graph":[{"@type":"WebPage","@id":"https:\/\/www.ador-dental.de\/produkt\/led-lichthaertegeraet-prodex-n2\/","url":"https:\/\/www.ador-dental.de\/produkt\/led-lichthaertegeraet-prodex-n2\/","name":"LED-Lichth\u00e4rteger\u00e4t PRODEX N2 - Ador Dental GmbH","isPartOf":{"@id":"https:\/\/www.ador-dental.de\/en\/#website"},"primaryImageOfPage":{"@id":"https:\/\/www.ador-dental.de\/produkt\/led-lichthaertegeraet-prodex-n2\/#primaryimage"},"image":{"@id":"https:\/\/www.ador-dental.de\/produkt\/led-lichthaertegeraet-prodex-n2\/#primaryimage"},"thumbnailUrl":"https:\/\/www.ador-dental.de\/wp-content\/uploads\/2021\/05\/Produktbild-Traydex-NT.png","datePublished":"2024-11-05T15:31:21+00:00","dateModified":"2025-12-09T12:33:50+00:00","description":"Beim PRODEX N2 kann die Belichtungskammer mit Stickstoff N2 geflutet werden. Durch die Schutzgasatmosphere wird eine bessere Oberfl\u00e4cheng\u00fcte erreicht","breadcrumb":{"@id":"https:\/\/www.ador-dental.de\/produkt\/led-lichthaertegeraet-prodex-n2\/#breadcrumb"},"inLanguage":"fr-FR","potentialAction":[{"@type":"ReadAction","target":["https:\/\/www.ador-dental.de\/produkt\/led-lichthaertegeraet-prodex-n2\/"]}]},{"@type":"ImageObject","inLanguage":"fr-FR","@id":"https:\/\/www.ador-dental.de\/produkt\/led-lichthaertegeraet-prodex-n2\/#primaryimage","url":"https:\/\/www.ador-dental.de\/wp-content\/uploads\/2021\/05\/Produktbild-Traydex-NT.png","contentUrl":"https:\/\/www.ador-dental.de\/wp-content\/uploads\/2021\/05\/Produktbild-Traydex-NT.png","width":1024,"height":1024,"caption":"LED-Lichth\u00e4rteger\u00e4t PRODEX NT"},{"@type":"BreadcrumbList","@id":"https:\/\/www.ador-dental.de\/produkt\/led-lichthaertegeraet-prodex-n2\/#breadcrumb","itemListElement":[{"@type":"ListItem","position":1,"name":"Startseite","item":"https:\/\/www.ador-dental.de\/"},{"@type":"ListItem","position":2,"name":"Shop","item":"https:\/\/www.ador-dental.de\/en\/shop\/"},{"@type":"ListItem","position":3,"name":"LED-Lichth\u00e4rteger\u00e4t PRODEX N2"}]},{"@type":"WebSite","@id":"https:\/\/www.ador-dental.de\/en\/#website","url":"https:\/\/www.ador-dental.de\/en\/","name":"Ador Dental GmbH","description":"","publisher":{"@id":"https:\/\/www.ador-dental.de\/en\/#organization"},"potentialAction":[{"@type":"SearchAction","target":{"@type":"EntryPoint","urlTemplate":"https:\/\/www.ador-dental.de\/en\/?s={search_term_string}"},"query-input":{"@type":"PropertyValueSpecification","valueRequired":true,"valueName":"search_term_string"}}],"inLanguage":"fr-FR"},{"@type":"Organization","@id":"https:\/\/www.ador-dental.de\/en\/#organization","name":"Ador Dental GmbH","url":"https:\/\/www.ador-dental.de\/en\/","logo":{"@type":"ImageObject","inLanguage":"fr-FR","@id":"https:\/\/www.ador-dental.de\/en\/#\/schema\/logo\/image\/","url":"https:\/\/www.ador-dental.de\/wp-content\/uploads\/2021\/10\/ADOR_Logo_DentalSolutions_2020_Black.svg","contentUrl":"https:\/\/www.ador-dental.de\/wp-content\/uploads\/2021\/10\/ADOR_Logo_DentalSolutions_2020_Black.svg","width":678,"height":261,"caption":"Ador Dental GmbH"},"image":{"@id":"https:\/\/www.ador-dental.de\/en\/#\/schema\/logo\/image\/"}}]}},"_links":{"self":[{"href":"https:\/\/www.ador-dental.de\/fr\/wp-json\/wp\/v2\/product\/29003","targetHints":{"allow":["GET"]}}],"collection":[{"href":"https:\/\/www.ador-dental.de\/fr\/wp-json\/wp\/v2\/product"}],"about":[{"href":"https:\/\/www.ador-dental.de\/fr\/wp-json\/wp\/v2\/types\/product"}],"replies":[{"embeddable":true,"href":"https:\/\/www.ador-dental.de\/fr\/wp-json\/wp\/v2\/comments?post=29003"}],"version-history":[{"count":1,"href":"https:\/\/www.ador-dental.de\/fr\/wp-json\/wp\/v2\/product\/29003\/revisions"}],"predecessor-version":[{"id":29004,"href":"https:\/\/www.ador-dental.de\/fr\/wp-json\/wp\/v2\/product\/29003\/revisions\/29004"}],"wp:featuredmedia":[{"embeddable":true,"href":"https:\/\/www.ador-dental.de\/fr\/wp-json\/wp\/v2\/media\/16283"}],"wp:attachment":[{"href":"https:\/\/www.ador-dental.de\/fr\/wp-json\/wp\/v2\/media?parent=29003"}],"wp:term":[{"taxonomy":"product_brand","embeddable":true,"href":"https:\/\/www.ador-dental.de\/fr\/wp-json\/wp\/v2\/product_brand?post=29003"},{"taxonomy":"product_cat","embeddable":true,"href":"https:\/\/www.ador-dental.de\/fr\/wp-json\/wp\/v2\/product_cat?post=29003"},{"taxonomy":"product_tag","embeddable":true,"href":"https:\/\/www.ador-dental.de\/fr\/wp-json\/wp\/v2\/product_tag?post=29003"}],"curies":[{"name":"wp","href":"https:\/\/api.w.org\/{rel}","templated":true}]}}