{"id":28955,"date":"2024-10-28T14:26:44","date_gmt":"2024-10-28T13:26:44","guid":{"rendered":"https:\/\/www.ador-dental.de\/?post_type=product&#038;p=28955"},"modified":"2026-02-18T14:54:28","modified_gmt":"2026-02-18T13:54:28","slug":"dwx-53d","status":"publish","type":"product","link":"https:\/\/www.ador-dental.de\/fr\/produit\/dwx-53d\/","title":{"rendered":"DWX-53D"},"content":{"rendered":"<h3>excellente qualit\u00e9 de fraisage<\/h3>\n<p>La sous-coupe des proth\u00e8ses et des dents ant\u00e9rieures est r\u00e9duite en augmentant l'inclinaison de l'axe B de 30 degr\u00e9s sur la DWX-52D \u00e0 35 degr\u00e9s sur la DWX-53D. Cela permet d'obtenir plus de d\u00e9tails lors de la fabrication d'une construction de m\u00e2choire compl\u00e8te. Le site <span style=\"color: var( --e-global-color-text ); font-family: var( --e-global-typography-text-font-family ), Sans-serif; font-weight: var( --e-global-typography-text-font-weight ); background-color: var(--nv-site-bg); font-size: var(--bodyfontsize); letter-spacing: var(--bodyletterspacing); text-transform: var(--bodytexttransform);\">La broche a \u00e9galement une force de pr\u00e9hension nettement sup\u00e9rieure.<\/span><\/p>\n<h3>Productivit\u00e9 accrue Gr\u00e2ce \u00e0 une structure de cadre renforc\u00e9e<\/h3>\n<p class=\"p1\">Les moteurs plus rapides et la structure plus rigide de la machine permettent d'\u00e9conomiser 30 \u00e0 48 % de temps. Cela permet \u00e9galement d'obtenir des surfaces de produits finis plus homog\u00e8nes. Il est \u00e9galement possible de proc\u00e9der \u00e0 des ajustements manuels ou d'am\u00e9liorer le calibrage de la machine en fraisant certaines formes g\u00e9om\u00e9triques.<\/p>\n<h3>Nettoyage automatique<\/h3>\n<p>Le syst\u00e8me de nettoyage souffle la poussi\u00e8re avec un flux d'air \u00e0 haute pression, et \u00e9limine <span class=\"s2\">95%. <\/span>\u00a0Cette nouvelle fonction r\u00e9duit le temps habituellement n\u00e9cessaire pour \u00e9liminer manuellement la poussi\u00e8re de zircon.<\/p>\n<h3>Cam\u00e9ra int\u00e9gr\u00e9e<\/h3>\n<p>La cam\u00e9ra int\u00e9gr\u00e9e, reli\u00e9e \u00e0 DGSHAPE Insights, fournit des images en direct et des mises \u00e0 jour, permettant aux utilisateurs de surveiller l'\u00e9tat de leur machine et l'avancement de la production, o\u00f9 qu'ils soient et \u00e0 tout moment, \u00e0 l'aide d'un smartphone, d'une tablette ou d'un PC. Ces mises \u00e0 jour aident \u00e9galement \u00e0 effectuer la maintenance et l'entretien en temps voulu.<\/p>\n<h3>Porte coulissante UP And Down<\/h3>\n<p>La porte est munie d'une poign\u00e9e en bas et s'ouvre en la poussant vers le haut. Cette m\u00e9thode r\u00e9duit la quantit\u00e9 de poussi\u00e8re qui s'\u00e9chappe de la machine.<\/p>\n<h3>Adaptateur D\u00e9monter et verrouiller<\/h3>\n<p>Les pi\u00e8ces d'adaptation amovibles et verrouillables ont \u00e9t\u00e9 am\u00e9lior\u00e9es \u00e0 partir du DWX-52D. Le bouton de fixation est grand et facile \u00e0 saisir pour permettre de fixer\/retirer et de verrouiller d'une seule main.<\/p>\n<h3>Compensation et contr\u00f4le de la temp\u00e9rature<\/h3>\n<p>Une fraiseuse est un assemblage de nombreuses pi\u00e8ces m\u00e9talliques, les pi\u00e8ces elles-m\u00eames se dilatent et se contractent en fonction de la temp\u00e9rature. Le capteur de temp\u00e9rature int\u00e9gr\u00e9 avertit l'utilisateur lorsque les variations de la temp\u00e9rature ambiante risquent d'affecter la pr\u00e9cision du fraisage.<\/p>\n<h3>Aper\u00e7u<\/h3>\n<div>-Rapide et propre<\/div>\n<div>-des r\u00e9sultats de haute qualit\u00e9 et homog\u00e8nes<\/div>\n<div>-haute rigidit\u00e9<\/div>\n<div>-Calibrage automatique, Calibrage manuel<\/div>\n<div>-compensation automatique de la temp\u00e9rature<\/div>\n<div>-simple \u00e0 utiliser<\/div>\n<div>-Syst\u00e8me de nettoyage automatique<\/div>\n<div>-Facile \u00e0 saisir pour travailler d'une seule main<\/div>\n<div>-porte coulissante haut et bas<\/div>\n<div><\/div>\n<h3><\/h3>\n<h3>Mat\u00e9riau fraisable<\/h3>\n<div>D\u00e9couvrez la diversit\u00e9 des mat\u00e9riaux que vous pouvez fraiser avec votre nouvelle DWX-53D :<\/div>\n<div>-zirconium<\/div>\n<div>-cire<\/div>\n<div>-en PMMA<\/div>\n<div>-r\u00e9sine composite<\/div>\n<div>-POUR LES ENFANTS<\/div>\n<div>-PEKK<\/div>\n<div>-pl\u00e2tre<\/div>\n<div>-polycarbonate<\/div>\n<div>-r\u00e9sine renforc\u00e9e de fibres de verre<\/div>\n<div>-CoCr-m\u00e9tal fritt\u00e9<\/div>\n<div><\/div>\n<h3><\/h3>\n<h3>Applications fraisables<\/h3>\n<div>D\u00e9couvrez les nombreuses applications que vous pouvez cr\u00e9er avec votre DWX-53D : Que vous r\u00e9alisiez des couronnes dentaires, des bridges ou des implants personnalis\u00e9s, cette technologie de pointe garantit une qualit\u00e9 et une coh\u00e9rence exceptionnelles pour chaque pi\u00e8ce. Avec la DWX-53D, vous pouvez explorer un large \u00e9ventail d'applications dentaires, toutes r\u00e9alis\u00e9es avec les normes de pr\u00e9cision et de d\u00e9tail les plus \u00e9lev\u00e9es : Inlays, onlays, overlays, couronnes, bridges, bridges de Toronto, implants, facettes, guides chirurgicaux, goutti\u00e8res occlusales, proth\u00e8ses dentaires amovibles, coiffes.<\/div>\n<div><\/div>\n<h3><\/h3>\n<h3>Poids et dimensions<\/h3>\n<div>Poids : 105 kg (231,49 lb.) Largeur 598<\/div>\n<div>largeur \u00d7 profondeur \u00d7 hauteur : 555 \u00d7 725 \u00d7 705 mm (21,85 \u00d7 28,54 \u00d7 27,76 pouces)<\/div>\n<div><\/div>\n<h3><\/h3>\n<h3>Forme de la pi\u00e8ce \u00e0 usiner r\u00e9sistante<\/h3>\n<div>Pi\u00e8ce en forme de disque (avec marche)<\/div>\n<div>Section \u00e9tag\u00e9e : 98,5 mm (3,88 pouces) (diam\u00e8tre), 10 \u00b1 0,3 mm (0,39 \u00b1 0,01 pouce) (hauteur) Section corps : 95 mm (3,74 pouces) (diam\u00e8tre), 60 mm (2,36 pouces) max (hauteur)<\/div>\n<div>capacit\u00e9 de charge des formes de pi\u00e8ces : 850g ou moins<\/div>\n<div><\/div>\n<h3><\/h3>\n<h3>Vitesse et angle de mouvement de l'axe<\/h3>\n<div><strong>Vitesse de fonctionnement<\/strong><\/div>\n<div>X, Y : 3 000 mm\/min (118,11 pouces\/min) maxi, Z : 2 700 mm\/min (106,29 pouces\/min) vitesse de rotation maxi de la broche : 6 000 \u00e0 30 000 tr\/min angle de d\u00e9placement de l'axe rotatif : A : \u00b1 360\u00b0, B : \u00b1 35<\/div>\n<div><strong>Angle de d\u00e9placement de l'axe de rotation<\/strong><\/div>\n<div>A : \u00b1360\u00b0 , B : \u00b135\u00b0 .<\/div>\n<div><\/div>\n<h3><\/h3>\n<h3>Fraises embo\u00eetables<\/h3>\n<div>Nombre de fraises log\u00e9es 15<\/div>\n<div>Diam\u00e8tre de la tige : 4 mm (0,16 pouce), longueur : 40 \u00e0 55 mm (1,57 \u00e0 2,17 pouces)<\/div>\n<div><\/div>\n<h3><\/h3>\n<h3>Informations sur la prestation<\/h3>\n<div>Interface : USB<\/div>\n<div>Besoin en courant 100 \u00e0 240 VAC \u00b1 10 %, 50\/60 Hz (cat\u00e9gorie de surtension : II, IEC 60664-1), 1,8 A<br \/>\nPuissance absorb\u00e9e : env. 170 W<\/div>\n<p>&nbsp;<\/p>\n<h3>Autres donn\u00e9es techniques :<\/h3>\n<p>Jeu d'instructions de commande : RML-1, code NC<br \/>\nAir comprim\u00e9 compatible : 0,4 MPa<br \/>\nMoteur de broche : moteur DC sans balais<br \/>\nVitesse du moteur de la broche : 6.000 \u00e0 30.000 rpm<\/p>\n<p>&nbsp;<\/p>\n<h3><\/h3>\n<div id=\"zoom_large_container\" class=\"elementor-element elementor-element-8907abe e-con-full e-flex e-con e-child\" data-id=\"8907abe\" data-element_type=\"container\">\n<div class=\"elementor-element elementor-element-cf6187c elementor-widget elementor-widget-heading\" data-id=\"cf6187c\" data-element_type=\"widget\" data-widget_type=\"heading.default\">\n<div class=\"elementor-widget-container\"><\/div>\n<\/div>\n<\/div>\n<div class=\"elementor-element elementor-element-4eb98be e-con-full four_thumbs_container elementor-hidden-tablet e-flex e-con e-child\" data-id=\"4eb98be\" data-element_type=\"container\">\n<div class=\"elementor-element elementor-element-4440247 elementor-widget__width-initial elementor-position-top elementor-vertical-align-top elementor-widget elementor-widget-zoom-image-box\" data-id=\"4440247\" data-element_type=\"widget\" data-widget_type=\"zoom-image-box.default\">\n<div class=\"elementor-widget-container\">\n<div class=\"elementor-image-box-wrapper\">\n<div class=\"elementor-image-box-content\">\n<h3 class=\"elementor-image-box-title\"><\/h3>\n<\/div>\n<\/div>\n<div class=\"elementor-element elementor-element-513c37f elementor-widget__width-initial elementor-position-top elementor-vertical-align-top elementor-widget elementor-widget-zoom-image-box\" data-id=\"513c37f\" data-element_type=\"widget\" data-widget_type=\"zoom-image-box.default\">\n<div class=\"elementor-widget-container\">\n<div class=\"elementor-image-box-wrapper\">\n<figure class=\"elementor-image-box-img\"><\/figure>\n<div class=\"elementor-image-box-content\"><\/div>\n<\/div>\n<\/div>\n<div class=\"elementor-element elementor-element-4e94a52 elementor-widget__width-initial elementor-position-top elementor-vertical-align-top elementor-widget elementor-widget-zoom-image-box\" data-id=\"4e94a52\" data-element_type=\"widget\" data-widget_type=\"zoom-image-box.default\">\n<div class=\"elementor-widget-container\">\n<div class=\"elementor-image-box-wrapper\">\n<div class=\"elementor-image-box-content\"><\/div>\n<\/div>\n<\/div>\n<p>&nbsp;<\/p>\n<\/div>\n<\/div>\n<\/div>\n<\/div>\n<\/div>","protected":false},"excerpt":{"rendered":"<p>Die DWX-53D bietet eine h\u00f6here Steifigkeit f\u00fcr eine schnellere Produktion und hochwertigere Ergebnisse, insbesondere bei Polymeren. Sie eignet sich hervorragend f\u00fcr alle Anwender, die digitale Zahnersatzteile oder h\u00f6here Produktivit\u00e4tsstufen in PMMA und PEEK fr\u00e4sen m\u00f6chten.<\/p>\n<p>UVP: 27.950,00 \u20ac<\/p>\n<p>&nbsp;<\/p>","protected":false},"featured_media":28959,"comment_status":"open","ping_status":"closed","template":"","meta":{"neve_meta_sidebar":"","neve_meta_container":"","neve_meta_enable_content_width":"off","neve_meta_content_width":70,"neve_meta_title_alignment":"","neve_meta_author_avatar":"","neve_post_elements_order":"","neve_meta_disable_header":"","neve_meta_disable_footer":"","neve_meta_disable_title":"","_themeisle_gutenberg_block_has_review":false},"product_brand":[],"product_cat":[836,1247,1154,624],"product_tag":[434,1155,835],"class_list":{"0":"post-28955","1":"product","2":"type-product","3":"status-publish","4":"has-post-thumbnail","6":"product_cat-dgshape","7":"product_cat-dwx-53d","8":"product_cat-dwx-53d-fraesmaschine","9":"product_cat-equipment","10":"product_tag-dentalheld","11":"product_tag-dwx-53d","12":"product_tag-fraesmaschine","14":"first","15":"instock","16":"taxable","17":"shipping-taxable","18":"product-type-simple"},"yoast_head":"<!-- This site is optimized with the Yoast SEO plugin v27.4 - https:\/\/yoast.com\/product\/yoast-seo-wordpress\/ -->\n<title>DWX-53D - Ador Dental GmbH<\/title>\n<meta name=\"description\" content=\"Die DWX-53D bietet eine h\u00f6here Steifigkeit fu\u0308r eine schnellere Produktion und hochwertigere Ergebnisse, insbesondere bei Polymeren.\" \/>\n<meta name=\"robots\" content=\"index, follow, max-snippet:-1, max-image-preview:large, max-video-preview:-1\" \/>\n<link rel=\"canonical\" href=\"https:\/\/www.ador-dental.de\/fr\/produit\/dwx-53d\/\" \/>\n<meta property=\"og:locale\" content=\"fr_FR\" \/>\n<meta property=\"og:type\" content=\"article\" \/>\n<meta property=\"og:title\" content=\"DWX-53D - Ador Dental GmbH\" \/>\n<meta property=\"og:description\" content=\"Die DWX-53D bietet eine h\u00f6here Steifigkeit fu\u0308r eine schnellere Produktion und hochwertigere Ergebnisse, insbesondere bei Polymeren.\" \/>\n<meta property=\"og:url\" content=\"https:\/\/www.ador-dental.de\/fr\/produit\/dwx-53d\/\" \/>\n<meta property=\"og:site_name\" content=\"Ador Dental GmbH\" \/>\n<meta property=\"article:modified_time\" content=\"2026-02-18T13:54:28+00:00\" \/>\n<meta property=\"og:image\" content=\"https:\/\/www.ador-dental.de\/wp-content\/uploads\/2024\/10\/DWX53D-Produktfoto.png\" \/>\n\t<meta property=\"og:image:width\" content=\"1024\" \/>\n\t<meta property=\"og:image:height\" content=\"1024\" \/>\n\t<meta property=\"og:image:type\" content=\"image\/png\" \/>\n<meta name=\"twitter:card\" content=\"summary_large_image\" \/>\n<meta name=\"twitter:label1\" content=\"Dur\u00e9e de lecture estim\u00e9e\" \/>\n\t<meta name=\"twitter:data1\" content=\"3 minutes\" \/>\n<script type=\"application\/ld+json\" class=\"yoast-schema-graph\">{\"@context\":\"https:\\\/\\\/schema.org\",\"@graph\":[{\"@type\":\"WebPage\",\"@id\":\"https:\\\/\\\/www.ador-dental.de\\\/produkt\\\/dwx-53d\\\/\",\"url\":\"https:\\\/\\\/www.ador-dental.de\\\/produkt\\\/dwx-53d\\\/\",\"name\":\"DWX-53D - Ador Dental GmbH\",\"isPartOf\":{\"@id\":\"https:\\\/\\\/www.ador-dental.de\\\/en\\\/#website\"},\"primaryImageOfPage\":{\"@id\":\"https:\\\/\\\/www.ador-dental.de\\\/produkt\\\/dwx-53d\\\/#primaryimage\"},\"image\":{\"@id\":\"https:\\\/\\\/www.ador-dental.de\\\/produkt\\\/dwx-53d\\\/#primaryimage\"},\"thumbnailUrl\":\"https:\\\/\\\/www.ador-dental.de\\\/wp-content\\\/uploads\\\/2024\\\/10\\\/DWX53D-Produktfoto.png\",\"datePublished\":\"2024-10-28T13:26:44+00:00\",\"dateModified\":\"2026-02-18T13:54:28+00:00\",\"description\":\"Die DWX-53D bietet eine h\u00f6here Steifigkeit fu\u0308r eine schnellere Produktion und hochwertigere Ergebnisse, insbesondere bei Polymeren.\",\"breadcrumb\":{\"@id\":\"https:\\\/\\\/www.ador-dental.de\\\/produkt\\\/dwx-53d\\\/#breadcrumb\"},\"inLanguage\":\"fr-FR\",\"potentialAction\":[{\"@type\":\"ReadAction\",\"target\":[\"https:\\\/\\\/www.ador-dental.de\\\/produkt\\\/dwx-53d\\\/\"]}]},{\"@type\":\"ImageObject\",\"inLanguage\":\"fr-FR\",\"@id\":\"https:\\\/\\\/www.ador-dental.de\\\/produkt\\\/dwx-53d\\\/#primaryimage\",\"url\":\"https:\\\/\\\/www.ador-dental.de\\\/wp-content\\\/uploads\\\/2024\\\/10\\\/DWX53D-Produktfoto.png\",\"contentUrl\":\"https:\\\/\\\/www.ador-dental.de\\\/wp-content\\\/uploads\\\/2024\\\/10\\\/DWX53D-Produktfoto.png\",\"width\":1024,\"height\":1024},{\"@type\":\"BreadcrumbList\",\"@id\":\"https:\\\/\\\/www.ador-dental.de\\\/produkt\\\/dwx-53d\\\/#breadcrumb\",\"itemListElement\":[{\"@type\":\"ListItem\",\"position\":1,\"name\":\"Startseite\",\"item\":\"https:\\\/\\\/www.ador-dental.de\\\/\"},{\"@type\":\"ListItem\",\"position\":2,\"name\":\"Shop\",\"item\":\"https:\\\/\\\/www.ador-dental.de\\\/en\\\/shop\\\/\"},{\"@type\":\"ListItem\",\"position\":3,\"name\":\"DWX-53D\"}]},{\"@type\":\"WebSite\",\"@id\":\"https:\\\/\\\/www.ador-dental.de\\\/en\\\/#website\",\"url\":\"https:\\\/\\\/www.ador-dental.de\\\/en\\\/\",\"name\":\"Ador Dental GmbH\",\"description\":\"\",\"publisher\":{\"@id\":\"https:\\\/\\\/www.ador-dental.de\\\/en\\\/#organization\"},\"potentialAction\":[{\"@type\":\"SearchAction\",\"target\":{\"@type\":\"EntryPoint\",\"urlTemplate\":\"https:\\\/\\\/www.ador-dental.de\\\/en\\\/?s={search_term_string}\"},\"query-input\":{\"@type\":\"PropertyValueSpecification\",\"valueRequired\":true,\"valueName\":\"search_term_string\"}}],\"inLanguage\":\"fr-FR\"},{\"@type\":\"Organization\",\"@id\":\"https:\\\/\\\/www.ador-dental.de\\\/en\\\/#organization\",\"name\":\"Ador Dental GmbH\",\"url\":\"https:\\\/\\\/www.ador-dental.de\\\/en\\\/\",\"logo\":{\"@type\":\"ImageObject\",\"inLanguage\":\"fr-FR\",\"@id\":\"https:\\\/\\\/www.ador-dental.de\\\/en\\\/#\\\/schema\\\/logo\\\/image\\\/\",\"url\":\"https:\\\/\\\/www.ador-dental.de\\\/wp-content\\\/uploads\\\/2021\\\/10\\\/ADOR_Logo_DentalSolutions_2020_Black.svg\",\"contentUrl\":\"https:\\\/\\\/www.ador-dental.de\\\/wp-content\\\/uploads\\\/2021\\\/10\\\/ADOR_Logo_DentalSolutions_2020_Black.svg\",\"width\":678,\"height\":261,\"caption\":\"Ador Dental GmbH\"},\"image\":{\"@id\":\"https:\\\/\\\/www.ador-dental.de\\\/en\\\/#\\\/schema\\\/logo\\\/image\\\/\"}}]}<\/script>\n<!-- \/ Yoast SEO plugin. -->","yoast_head_json":{"title":"DWX-53D - Ador Dental GmbH","description":"Die DWX-53D bietet eine h\u00f6here Steifigkeit fu\u0308r eine schnellere Produktion und hochwertigere Ergebnisse, insbesondere bei Polymeren.","robots":{"index":"index","follow":"follow","max-snippet":"max-snippet:-1","max-image-preview":"max-image-preview:large","max-video-preview":"max-video-preview:-1"},"canonical":"https:\/\/www.ador-dental.de\/fr\/produit\/dwx-53d\/","og_locale":"fr_FR","og_type":"article","og_title":"DWX-53D - Ador Dental GmbH","og_description":"Die DWX-53D bietet eine h\u00f6here Steifigkeit fu\u0308r eine schnellere Produktion und hochwertigere Ergebnisse, insbesondere bei Polymeren.","og_url":"https:\/\/www.ador-dental.de\/fr\/produit\/dwx-53d\/","og_site_name":"Ador Dental GmbH","article_modified_time":"2026-02-18T13:54:28+00:00","og_image":[{"width":1024,"height":1024,"url":"https:\/\/www.ador-dental.de\/wp-content\/uploads\/2024\/10\/DWX53D-Produktfoto.png","type":"image\/png"}],"twitter_card":"summary_large_image","twitter_misc":{"Dur\u00e9e de lecture estim\u00e9e":"3 minutes"},"schema":{"@context":"https:\/\/schema.org","@graph":[{"@type":"WebPage","@id":"https:\/\/www.ador-dental.de\/produkt\/dwx-53d\/","url":"https:\/\/www.ador-dental.de\/produkt\/dwx-53d\/","name":"DWX-53D - Ador Dental GmbH","isPartOf":{"@id":"https:\/\/www.ador-dental.de\/en\/#website"},"primaryImageOfPage":{"@id":"https:\/\/www.ador-dental.de\/produkt\/dwx-53d\/#primaryimage"},"image":{"@id":"https:\/\/www.ador-dental.de\/produkt\/dwx-53d\/#primaryimage"},"thumbnailUrl":"https:\/\/www.ador-dental.de\/wp-content\/uploads\/2024\/10\/DWX53D-Produktfoto.png","datePublished":"2024-10-28T13:26:44+00:00","dateModified":"2026-02-18T13:54:28+00:00","description":"Die DWX-53D bietet eine h\u00f6here Steifigkeit fu\u0308r eine schnellere Produktion und hochwertigere Ergebnisse, insbesondere bei Polymeren.","breadcrumb":{"@id":"https:\/\/www.ador-dental.de\/produkt\/dwx-53d\/#breadcrumb"},"inLanguage":"fr-FR","potentialAction":[{"@type":"ReadAction","target":["https:\/\/www.ador-dental.de\/produkt\/dwx-53d\/"]}]},{"@type":"ImageObject","inLanguage":"fr-FR","@id":"https:\/\/www.ador-dental.de\/produkt\/dwx-53d\/#primaryimage","url":"https:\/\/www.ador-dental.de\/wp-content\/uploads\/2024\/10\/DWX53D-Produktfoto.png","contentUrl":"https:\/\/www.ador-dental.de\/wp-content\/uploads\/2024\/10\/DWX53D-Produktfoto.png","width":1024,"height":1024},{"@type":"BreadcrumbList","@id":"https:\/\/www.ador-dental.de\/produkt\/dwx-53d\/#breadcrumb","itemListElement":[{"@type":"ListItem","position":1,"name":"Startseite","item":"https:\/\/www.ador-dental.de\/"},{"@type":"ListItem","position":2,"name":"Shop","item":"https:\/\/www.ador-dental.de\/en\/shop\/"},{"@type":"ListItem","position":3,"name":"DWX-53D"}]},{"@type":"WebSite","@id":"https:\/\/www.ador-dental.de\/en\/#website","url":"https:\/\/www.ador-dental.de\/en\/","name":"Ador Dental GmbH","description":"","publisher":{"@id":"https:\/\/www.ador-dental.de\/en\/#organization"},"potentialAction":[{"@type":"SearchAction","target":{"@type":"EntryPoint","urlTemplate":"https:\/\/www.ador-dental.de\/en\/?s={search_term_string}"},"query-input":{"@type":"PropertyValueSpecification","valueRequired":true,"valueName":"search_term_string"}}],"inLanguage":"fr-FR"},{"@type":"Organization","@id":"https:\/\/www.ador-dental.de\/en\/#organization","name":"Ador Dental GmbH","url":"https:\/\/www.ador-dental.de\/en\/","logo":{"@type":"ImageObject","inLanguage":"fr-FR","@id":"https:\/\/www.ador-dental.de\/en\/#\/schema\/logo\/image\/","url":"https:\/\/www.ador-dental.de\/wp-content\/uploads\/2021\/10\/ADOR_Logo_DentalSolutions_2020_Black.svg","contentUrl":"https:\/\/www.ador-dental.de\/wp-content\/uploads\/2021\/10\/ADOR_Logo_DentalSolutions_2020_Black.svg","width":678,"height":261,"caption":"Ador Dental GmbH"},"image":{"@id":"https:\/\/www.ador-dental.de\/en\/#\/schema\/logo\/image\/"}}]}},"_links":{"self":[{"href":"https:\/\/www.ador-dental.de\/fr\/wp-json\/wp\/v2\/product\/28955","targetHints":{"allow":["GET"]}}],"collection":[{"href":"https:\/\/www.ador-dental.de\/fr\/wp-json\/wp\/v2\/product"}],"about":[{"href":"https:\/\/www.ador-dental.de\/fr\/wp-json\/wp\/v2\/types\/product"}],"replies":[{"embeddable":true,"href":"https:\/\/www.ador-dental.de\/fr\/wp-json\/wp\/v2\/comments?post=28955"}],"version-history":[{"count":30,"href":"https:\/\/www.ador-dental.de\/fr\/wp-json\/wp\/v2\/product\/28955\/revisions"}],"predecessor-version":[{"id":31027,"href":"https:\/\/www.ador-dental.de\/fr\/wp-json\/wp\/v2\/product\/28955\/revisions\/31027"}],"wp:featuredmedia":[{"embeddable":true,"href":"https:\/\/www.ador-dental.de\/fr\/wp-json\/wp\/v2\/media\/28959"}],"wp:attachment":[{"href":"https:\/\/www.ador-dental.de\/fr\/wp-json\/wp\/v2\/media?parent=28955"}],"wp:term":[{"taxonomy":"product_brand","embeddable":true,"href":"https:\/\/www.ador-dental.de\/fr\/wp-json\/wp\/v2\/product_brand?post=28955"},{"taxonomy":"product_cat","embeddable":true,"href":"https:\/\/www.ador-dental.de\/fr\/wp-json\/wp\/v2\/product_cat?post=28955"},{"taxonomy":"product_tag","embeddable":true,"href":"https:\/\/www.ador-dental.de\/fr\/wp-json\/wp\/v2\/product_tag?post=28955"}],"curies":[{"name":"wp","href":"https:\/\/api.w.org\/{rel}","templated":true}]}}