{"id":2895,"date":"2020-03-20T15:53:24","date_gmt":"2020-03-20T14:53:24","guid":{"rendered":"https:\/\/new.ador-edelmetalle.de\/?post_type=product&#038;p=2895"},"modified":"2026-02-16T11:46:05","modified_gmt":"2026-02-16T10:46:05","slug":"aufbrennlegierung-adorbond-cc","status":"publish","type":"product","link":"https:\/\/www.ador-dental.de\/fr\/produit\/aufbrennlegierung-adorbond-cc\/","title":{"rendered":"ADORBOND CC"},"content":{"rendered":"<p><a href=\"https:\/\/www.ador-dental.de\/wp-content\/uploads\/2024\/07\/Adorbond-CC-1010-CB-DE-EN.pdf\"><strong>&gt;&gt; T\u00e9l\u00e9charger le mode d'emploi DE\/EN<\/strong><\/a><\/p>\n<p><a href=\"https:\/\/www.ador-dental.de\/wp-content\/uploads\/2024\/07\/Adorbond-CC-1010-CB-FR.pdf\"><strong>&gt;&gt; Instructions d'utilisation \u00e0 t\u00e9l\u00e9charger EN\/FR<\/strong><\/a><\/p>\n<p><strong>Alliage de cuisson cobalt-chrome pour masses c\u00e9ramiques \u00e0 haut point de fusion<\/strong><\/p>\n<table width=\"735\">\n<tbody>\n<tr>\n<td colspan=\"5\" width=\"498\"><strong>Mode d'emploi de l'alliage de cuisson<\/strong><\/td>\n<\/tr>\n<tr>\n<td colspan=\"7\" width=\"735\"><strong>ADORBOND<sup>\u00ae<\/sup> CC <\/strong>est un alliage c\u00e9ramo-m\u00e9tallique dentaire \u00e0 base de cobalt. <strong>ADORBOND<sup>\u00ae<\/sup> CC <\/strong>est exempt de nickel, de cadmium, de b\u00e9ryllium et de plomb et correspond au type 4 selon la norme EN ISO 22674 pour les applications \u00e0 sections minces soumises \u00e0 des forces tr\u00e8s \u00e9lev\u00e9es, par exemple les proth\u00e8ses partielles amovibles, les crochets, les couronnes unitaires minces recouvertes, les proth\u00e8ses fixes \u00e0 arc complet ou les bridges \u00e0 sections minces, les barres, les fixations et les suprastructures implanto-port\u00e9es.<\/td>\n<\/tr>\n<tr>\n<td colspan=\"7\" width=\"735\"><strong>\u00a0<\/strong><\/td>\n<\/tr>\n<tr>\n<td colspan=\"4\" width=\"310\"><strong>Composition w<sub>i<\/sub><\/strong><\/td>\n<td colspan=\"3\" width=\"425\"><strong>Donn\u00e9es techniques (valeurs indicatives, \u00e9tat de la fonte\/du feu)<\/strong><\/td>\n<\/tr>\n<tr>\n<td width=\"64\">Co<\/td>\n<td width=\"57\">%<\/td>\n<td width=\"123\">62,5<\/td>\n<td width=\"66\"><strong>\u00a0<\/strong><\/td>\n<td colspan=\"\" width=\"246\">Densit\u00e9 \u03f1<\/td>\n<td colspan=\"\" width=\"246\">8,3 g.cm\u00b3<\/td>\n<\/tr>\n<tr>\n<td width=\"64\">Cr<\/td>\n<td width=\"57\">%<\/td>\n<td width=\"123\">24,6<\/td>\n<td width=\"66\"><strong>\u00a0<\/strong><\/td>\n<td colspan=\"\" width=\"246\">Duret\u00e9 Vickers<\/td>\n<td colspan=\"\" width=\"246\">285<\/td>\n<\/tr>\n<tr>\n<td width=\"64\">W<\/td>\n<td width=\"57\">%<\/td>\n<td width=\"123\">8,5<\/td>\n<td width=\"66\"><strong>\u00a0<\/strong><\/td>\n<td colspan=\"\" rowspan=\"2\" width=\"246\">Coefficient de dilatation thermique lin\u00e9aire \u03b1 25 - 500 \u00b0C<\/td>\n<td colspan=\"\" rowspan=\"2\" width=\"246\">13,9<\/td>\n<\/tr>\n<tr>\n<td width=\"64\">Mo<\/td>\n<td width=\"57\">%<\/td>\n<td width=\"123\">2,9<\/td>\n<td width=\"66\"><\/td>\n<\/tr>\n<tr>\n<td width=\"64\">Si<\/td>\n<td width=\"57\">%<\/td>\n<td width=\"123\">1,3<\/td>\n<td width=\"66\"><strong>\u00a0<\/strong><\/td>\n<td colspan=\"\" rowspan=\"2\" width=\"246\">Coefficient de dilatation thermique lin\u00e9aire \u03b1 20 - 600 \u00b0C<\/td>\n<td colspan=\"\" rowspan=\"2\" width=\"246\">14,0<\/td>\n<\/tr>\n<tr>\n<td width=\"64\">Nb<\/td>\n<td width=\"57\">%<\/td>\n<td width=\"123\">&lt; 1<\/td>\n<td width=\"66\"><\/td>\n<\/tr>\n<tr>\n<td width=\"64\"><\/td>\n<td width=\"57\"><\/td>\n<td width=\"123\"><\/td>\n<td width=\"66\"><strong>\u00a0<\/strong><\/td>\n<td colspan=\"\" width=\"246\">Intervalle de fusion T<sub>S<\/sub> - T<sub>L<\/sub><\/td>\n<td colspan=\"\" width=\"246\">1.300-1.369 \u00b0C<\/td>\n<\/tr>\n<tr>\n<td width=\"64\"><\/td>\n<td width=\"57\"><\/td>\n<td width=\"123\"><\/td>\n<td width=\"66\"><strong>\u00a0<\/strong><\/td>\n<td colspan=\"\" width=\"246\">Temp\u00e9rature de coul\u00e9e T<sub>Couler<\/sub><\/td>\n<td colspan=\"\" width=\"246\">1.470 \u00b0C<\/td>\n<\/tr>\n<tr>\n<td colspan=\"4\" width=\"310\"><strong>\u00a0<\/strong><\/td>\n<td colspan=\"\" width=\"246\">Temp\u00e9rature de cuisson maximale recommand\u00e9e T<sub>Br,max<\/sub><\/td>\n<td colspan=\"\" width=\"246\">980 \u00b0C<\/td>\n<\/tr>\n<tr>\n<td colspan=\"4\" width=\"310\"><\/td>\n<td colspan=\"\" width=\"246\">0,2-% Limite d'\u00e9lasticit\u00e9 R<sub>p 0,2<\/sub><\/td>\n<td colspan=\"\" width=\"246\">490 MPa<\/td>\n<\/tr>\n<tr>\n<td colspan=\"4\" width=\"310\"><strong>\u00a0<\/strong><\/td>\n<td colspan=\"\" width=\"246\">Module d'\u00e9lasticit\u00e9 E<\/td>\n<td colspan=\"\" width=\"246\">210 GPa<\/td>\n<\/tr>\n<tr>\n<td colspan=\"4\" width=\"310\"><strong>\u00a0<\/strong><\/td>\n<td colspan=\"\" width=\"246\">Allongement \u00e0 la rupture A<sub>5<\/sub><\/td>\n<td colspan=\"\" width=\"246\">10<\/td>\n<\/tr>\n<tr>\n<td colspan=\"7\" width=\"735\"><strong>Recommandation de traitement<\/strong><\/td>\n<\/tr>\n<tr>\n<td colspan=\"7\" width=\"735\"><strong>Mod\u00e9lisation<\/strong><\/td>\n<\/tr>\n<tr>\n<td colspan=\"7\" width=\"735\">R\u00e9aliser le modelage en cire comme d'habitude, mais \u00e9viter les \u00e9paisseurs de paroi inf\u00e9rieures \u00e0 0,35 mm. Guider les canaux de coul\u00e9e de mani\u00e8re indirecte. Pour les canaux de coul\u00e9e, utiliser des fils de cire ronds de \u00d8 2-2,5 mm pour les couronnes unitaires et de \u00d8 2,5-3 mm pour les bridges. Pour les travaux importants \u00e0 partir de 4 \u00e9l\u00e9ments, utiliser un canal de distribution (barre de coul\u00e9e) de \u00d8 3,5-4 mm, jusqu'\u00e0 \u00d8 5 mm pour les \u00e9l\u00e9ments interm\u00e9diaires massifs.<\/td>\n<\/tr>\n<tr>\n<td colspan=\"7\" width=\"735\"><strong>\u00a0<\/strong><\/td>\n<\/tr>\n<tr>\n<td colspan=\"7\" width=\"735\"><strong>Enrobage et coul\u00e9e<\/strong><\/td>\n<\/tr>\n<tr>\n<td colspan=\"7\" width=\"735\">Convient aux rev\u00eatements de couronnes et de bridges \u00e0 liant phosphate. Temp\u00e9rature de pr\u00e9chauffage 850-900 \u00b0C, temps de maintien \u00e0 la temp\u00e9rature finale au moins 30 minutes. Respecter le mode d'emploi de la machine de coul\u00e9e. Pour <strong>ADORBOND<sup>\u00ae <\/sup>CC <\/strong>toujours utiliser un creuset en c\u00e9ramique s\u00e9par\u00e9 afin d'\u00e9viter toute contamination par d'autres alliages. Nettoyer le creuset apr\u00e8s chaque coul\u00e9e. Ne pas surchauffer l'alliage. D\u00e9clencher la coul\u00e9e lorsque tous les cubes ont fusionn\u00e9 et que la masse fondue devient uniform\u00e9ment claire. Faire fondre \u00e0 la flamme toujours dans la zone de r\u00e9duction avec des mouvements circulaires du br\u00fbleur. D\u00e9clencher la coul\u00e9e lorsque la masse fondue se d\u00e9place sous la pression de la flamme. Laisser refroidir le moufle \u00e0 la chaleur de la main et d\u00e9mouler sans frapper le c\u00f4ne.<\/td>\n<\/tr>\n<tr>\n<td colspan=\"7\" width=\"735\"><strong>\u00a0<\/strong><\/td>\n<\/tr>\n<tr>\n<td colspan=\"7\" width=\"735\"><strong>Cuisson de la c\u00e9ramique<\/strong><\/td>\n<\/tr>\n<tr>\n<td colspan=\"7\" width=\"735\">Il est possible d'utiliser les c\u00e9ramiques de cuisson \u00e0 fusion normale disponibles dans le commerce pour les alliages de cuisson au cobalt avec un coefficient de dilatation thermique adapt\u00e9. Veuillez respecter les instructions de travail correspondantes et les indications du fabricant de c\u00e9ramique concernant la vitesse de refroidissement apr\u00e8s la cuisson. <strong>Apr\u00e8s le d\u00e9moulage :<\/strong><\/p>\n<p>1. sectionner les canaux et les usiner. Pour cela, il est recommand\u00e9 d'utiliser des fraises au carbure de tungst\u00e8ne.<\/p>\n<p>2. sabler la surface de l'armature avec de l'oxyde d'aluminium 100 \u00b5m ou 250 \u00b5m dans un sablage au stylet.<\/p>\n<p>3. nettoyer l'armature dans de l'eau distill\u00e9e avec des ultrasons ou avec un d\u00e9graissant \u00e0 base d'ac\u00e9tate d'\u00e9thyle<\/p>\n<p>4. cuisson des oxydes (en option pour le contr\u00f4le de la surface) 5 min \u00e0 environ 960 \u00b0C sous vide. Apr\u00e8s la cuisson, sabler \u00e0 nouveau la couche d'oxyde et d\u00e9graisser \u00e0 nouveau.<\/p>\n<p>Remarque : la propret\u00e9 de la surface est la meilleure protection contre les bulles dans la c\u00e9ramique.<\/p>\n<p>5. appliquer une fine couche de cuisson de lavage, ne cuire que la deuxi\u00e8me cuisson de masse de base de mani\u00e8re \u00e0 obtenir une couverture uniforme.<\/p>\n<p>Toujours laisser s\u00e9cher l'opaque \u00e0 fond pendant 5-10 min \u00e0 600 \u00b0C avant la cuisson.<\/p>\n<p>6. cuire et refroidir selon les indications du fabricant de la masse c\u00e9ramique utilis\u00e9e.<\/p>\n<p>7. en cas de refroidissement prolong\u00e9, effectuer une phase de refroidissement jusqu'\u00e0 environ 750 \u00b0C apr\u00e8s chaque cuisson de dentine, de correction et de gla\u00e7age.<\/td>\n<\/tr>\n<tr>\n<td colspan=\"7\" width=\"735\"><\/td>\n<\/tr>\n<tr>\n<td colspan=\"7\" width=\"735\"><strong>Travaux de finition<\/strong><\/p>\n<p>Apr\u00e8s la cuisson de la c\u00e9ramique, gommer les parties de l'armature non recouvertes et les polir avec une p\u00e2te de polissage pour alliages dentaires ou avec des outils de polissage rotatifs pour obtenir un brillant parfait.<\/td>\n<\/tr>\n<tr>\n<td colspan=\"7\" width=\"735\"><\/td>\n<\/tr>\n<tr>\n<td colspan=\"7\" width=\"735\"><strong>Soudage et brasage<\/strong><\/p>\n<p>Soudage avant cuisson avec <strong>ADORBOND<sup>\u00ae<\/sup> Lot CC<\/strong> et du flux haute temp\u00e9rature correspondant. La largeur de l'espace de soudure doit \u00eatre comprise entre 0,05 et 0,2 mm. Soudage au laser avec <strong>ADORBOND<sup>\u00ae<\/sup> Fil laser CC<\/strong>.<\/td>\n<\/tr>\n<tr>\n<td colspan=\"7\" width=\"735\"><\/td>\n<\/tr>\n<tr>\n<td colspan=\"7\" width=\"735\"><strong>Consignes de s\u00e9curit\u00e9<\/strong><\/p>\n<p>La poussi\u00e8re de m\u00e9tal est nocive pour la sant\u00e9. Utiliser une aspiration lors des travaux de finition et de sablage. Les hypersensibilit\u00e9s aux composants de l'alliage doivent \u00eatre prises en compte. En cas de suspicion d'intol\u00e9rance \u00e0 certains \u00e9l\u00e9ments de cet alliage, celui-ci ne doit pas \u00eatre utilis\u00e9.<\/td>\n<\/tr>\n<tr>\n<td colspan=\"7\" width=\"735\"><strong>\u00a0<\/strong><\/td>\n<\/tr>\n<tr>\n<td colspan=\"7\" width=\"735\"><strong>Garantie<\/strong><\/p>\n<p>Ces recommandations techniques d'utilisation reposent sur nos propres essais et exp\u00e9riences et ne peuvent donc \u00eatre consid\u00e9r\u00e9es que comme des valeurs indicatives. Le dentiste ou le proth\u00e9siste dentaire est lui-m\u00eame responsable de la mise en \u0153uvre correcte de l'alliage.<\/td>\n<\/tr>\n<\/tbody>\n<\/table>","protected":false},"excerpt":{"rendered":"<p><strong>1000g<\/strong><\/p>\n<p>Alliage de cuisson cobalt-chrome pour masses c\u00e9ramiques \u00e0 haut point de fusion<\/p>","protected":false},"featured_media":29944,"comment_status":"open","ping_status":"closed","template":"","meta":{"neve_meta_sidebar":"","neve_meta_container":"","neve_meta_enable_content_width":"off","neve_meta_content_width":70,"neve_meta_title_alignment":"","neve_meta_author_avatar":"","neve_post_elements_order":"","neve_meta_disable_header":"","neve_meta_disable_footer":"","neve_meta_disable_title":"","_themeisle_gutenberg_block_has_review":false},"product_brand":[],"product_cat":[53,33,35],"product_tag":[434],"class_list":{"0":"post-2895","1":"product","2":"type-product","3":"status-publish","4":"has-post-thumbnail","6":"product_cat-aufbrennlegierungen","7":"product_cat-legierungen","8":"product_cat-nem-legierungen","9":"product_tag-dentalheld","11":"first","12":"instock","13":"taxable","14":"shipping-taxable","15":"purchasable","16":"product-type-simple"},"yoast_head":"<!-- This site is optimized with the Yoast SEO plugin v27.4 - https:\/\/yoast.com\/product\/yoast-seo-wordpress\/ -->\n<title>ADORBOND CC - Ador Dental GmbH<\/title>\n<meta name=\"description\" content=\"Unser Adorbond CC ist eine dentale Metallkeramik-Legierung auf Kobalt-Basis. Frei von Nickel, Cadmium, Beryllium und Blei.\" \/>\n<meta name=\"robots\" content=\"index, follow, max-snippet:-1, max-image-preview:large, max-video-preview:-1\" \/>\n<link rel=\"canonical\" href=\"https:\/\/www.ador-dental.de\/fr\/produit\/aufbrennlegierung-adorbond-cc\/\" \/>\n<meta property=\"og:locale\" content=\"fr_FR\" \/>\n<meta property=\"og:type\" content=\"article\" \/>\n<meta property=\"og:title\" content=\"ADORBOND CC - Ador Dental GmbH\" \/>\n<meta property=\"og:description\" content=\"Unser Adorbond CC ist eine dentale Metallkeramik-Legierung auf Kobalt-Basis. Frei von Nickel, Cadmium, Beryllium und Blei.\" \/>\n<meta property=\"og:url\" content=\"https:\/\/www.ador-dental.de\/fr\/produit\/aufbrennlegierung-adorbond-cc\/\" \/>\n<meta property=\"og:site_name\" content=\"Ador Dental GmbH\" \/>\n<meta property=\"article:modified_time\" content=\"2026-02-16T10:46:05+00:00\" \/>\n<meta property=\"og:image\" content=\"https:\/\/www.ador-dental.de\/wp-content\/uploads\/2025\/07\/Adorbond-CC-1-PB-N.png\" \/>\n\t<meta property=\"og:image:width\" content=\"1024\" \/>\n\t<meta property=\"og:image:height\" content=\"1024\" \/>\n\t<meta property=\"og:image:type\" content=\"image\/png\" \/>\n<meta name=\"twitter:card\" content=\"summary_large_image\" \/>\n<meta name=\"twitter:label1\" content=\"Dur\u00e9e de lecture estim\u00e9e\" \/>\n\t<meta name=\"twitter:data1\" content=\"4 minutes\" \/>\n<script type=\"application\/ld+json\" class=\"yoast-schema-graph\">{\"@context\":\"https:\\\/\\\/schema.org\",\"@graph\":[{\"@type\":\"WebPage\",\"@id\":\"https:\\\/\\\/www.ador-dental.de\\\/produkt\\\/aufbrennlegierung-adorbond-cc\\\/\",\"url\":\"https:\\\/\\\/www.ador-dental.de\\\/produkt\\\/aufbrennlegierung-adorbond-cc\\\/\",\"name\":\"ADORBOND CC - Ador Dental GmbH\",\"isPartOf\":{\"@id\":\"https:\\\/\\\/www.ador-dental.de\\\/en\\\/#website\"},\"primaryImageOfPage\":{\"@id\":\"https:\\\/\\\/www.ador-dental.de\\\/produkt\\\/aufbrennlegierung-adorbond-cc\\\/#primaryimage\"},\"image\":{\"@id\":\"https:\\\/\\\/www.ador-dental.de\\\/produkt\\\/aufbrennlegierung-adorbond-cc\\\/#primaryimage\"},\"thumbnailUrl\":\"https:\\\/\\\/www.ador-dental.de\\\/wp-content\\\/uploads\\\/2025\\\/07\\\/Adorbond-CC-1-PB-N.png\",\"datePublished\":\"2020-03-20T14:53:24+00:00\",\"dateModified\":\"2026-02-16T10:46:05+00:00\",\"description\":\"Unser Adorbond CC ist eine dentale Metallkeramik-Legierung auf Kobalt-Basis. Frei von Nickel, Cadmium, Beryllium und Blei.\",\"breadcrumb\":{\"@id\":\"https:\\\/\\\/www.ador-dental.de\\\/produkt\\\/aufbrennlegierung-adorbond-cc\\\/#breadcrumb\"},\"inLanguage\":\"fr-FR\",\"potentialAction\":[{\"@type\":\"ReadAction\",\"target\":[\"https:\\\/\\\/www.ador-dental.de\\\/produkt\\\/aufbrennlegierung-adorbond-cc\\\/\"]}]},{\"@type\":\"ImageObject\",\"inLanguage\":\"fr-FR\",\"@id\":\"https:\\\/\\\/www.ador-dental.de\\\/produkt\\\/aufbrennlegierung-adorbond-cc\\\/#primaryimage\",\"url\":\"https:\\\/\\\/www.ador-dental.de\\\/wp-content\\\/uploads\\\/2025\\\/07\\\/Adorbond-CC-1-PB-N.png\",\"contentUrl\":\"https:\\\/\\\/www.ador-dental.de\\\/wp-content\\\/uploads\\\/2025\\\/07\\\/Adorbond-CC-1-PB-N.png\",\"width\":1024,\"height\":1024},{\"@type\":\"BreadcrumbList\",\"@id\":\"https:\\\/\\\/www.ador-dental.de\\\/produkt\\\/aufbrennlegierung-adorbond-cc\\\/#breadcrumb\",\"itemListElement\":[{\"@type\":\"ListItem\",\"position\":1,\"name\":\"Startseite\",\"item\":\"https:\\\/\\\/www.ador-dental.de\\\/\"},{\"@type\":\"ListItem\",\"position\":2,\"name\":\"Shop\",\"item\":\"https:\\\/\\\/www.ador-dental.de\\\/en\\\/shop\\\/\"},{\"@type\":\"ListItem\",\"position\":3,\"name\":\"ADORBOND CC\"}]},{\"@type\":\"WebSite\",\"@id\":\"https:\\\/\\\/www.ador-dental.de\\\/en\\\/#website\",\"url\":\"https:\\\/\\\/www.ador-dental.de\\\/en\\\/\",\"name\":\"Ador Dental GmbH\",\"description\":\"\",\"publisher\":{\"@id\":\"https:\\\/\\\/www.ador-dental.de\\\/en\\\/#organization\"},\"potentialAction\":[{\"@type\":\"SearchAction\",\"target\":{\"@type\":\"EntryPoint\",\"urlTemplate\":\"https:\\\/\\\/www.ador-dental.de\\\/en\\\/?s={search_term_string}\"},\"query-input\":{\"@type\":\"PropertyValueSpecification\",\"valueRequired\":true,\"valueName\":\"search_term_string\"}}],\"inLanguage\":\"fr-FR\"},{\"@type\":\"Organization\",\"@id\":\"https:\\\/\\\/www.ador-dental.de\\\/en\\\/#organization\",\"name\":\"Ador Dental GmbH\",\"url\":\"https:\\\/\\\/www.ador-dental.de\\\/en\\\/\",\"logo\":{\"@type\":\"ImageObject\",\"inLanguage\":\"fr-FR\",\"@id\":\"https:\\\/\\\/www.ador-dental.de\\\/en\\\/#\\\/schema\\\/logo\\\/image\\\/\",\"url\":\"https:\\\/\\\/www.ador-dental.de\\\/wp-content\\\/uploads\\\/2021\\\/10\\\/ADOR_Logo_DentalSolutions_2020_Black.svg\",\"contentUrl\":\"https:\\\/\\\/www.ador-dental.de\\\/wp-content\\\/uploads\\\/2021\\\/10\\\/ADOR_Logo_DentalSolutions_2020_Black.svg\",\"width\":678,\"height\":261,\"caption\":\"Ador Dental GmbH\"},\"image\":{\"@id\":\"https:\\\/\\\/www.ador-dental.de\\\/en\\\/#\\\/schema\\\/logo\\\/image\\\/\"}}]}<\/script>\n<!-- \/ Yoast SEO plugin. -->","yoast_head_json":{"title":"ADORBOND CC - Ador Dental GmbH","description":"Unser Adorbond CC ist eine dentale Metallkeramik-Legierung auf Kobalt-Basis. Frei von Nickel, Cadmium, Beryllium und Blei.","robots":{"index":"index","follow":"follow","max-snippet":"max-snippet:-1","max-image-preview":"max-image-preview:large","max-video-preview":"max-video-preview:-1"},"canonical":"https:\/\/www.ador-dental.de\/fr\/produit\/aufbrennlegierung-adorbond-cc\/","og_locale":"fr_FR","og_type":"article","og_title":"ADORBOND CC - Ador Dental GmbH","og_description":"Unser Adorbond CC ist eine dentale Metallkeramik-Legierung auf Kobalt-Basis. Frei von Nickel, Cadmium, Beryllium und Blei.","og_url":"https:\/\/www.ador-dental.de\/fr\/produit\/aufbrennlegierung-adorbond-cc\/","og_site_name":"Ador Dental GmbH","article_modified_time":"2026-02-16T10:46:05+00:00","og_image":[{"width":1024,"height":1024,"url":"https:\/\/www.ador-dental.de\/wp-content\/uploads\/2025\/07\/Adorbond-CC-1-PB-N.png","type":"image\/png"}],"twitter_card":"summary_large_image","twitter_misc":{"Dur\u00e9e de lecture estim\u00e9e":"4 minutes"},"schema":{"@context":"https:\/\/schema.org","@graph":[{"@type":"WebPage","@id":"https:\/\/www.ador-dental.de\/produkt\/aufbrennlegierung-adorbond-cc\/","url":"https:\/\/www.ador-dental.de\/produkt\/aufbrennlegierung-adorbond-cc\/","name":"ADORBOND CC - Ador Dental GmbH","isPartOf":{"@id":"https:\/\/www.ador-dental.de\/en\/#website"},"primaryImageOfPage":{"@id":"https:\/\/www.ador-dental.de\/produkt\/aufbrennlegierung-adorbond-cc\/#primaryimage"},"image":{"@id":"https:\/\/www.ador-dental.de\/produkt\/aufbrennlegierung-adorbond-cc\/#primaryimage"},"thumbnailUrl":"https:\/\/www.ador-dental.de\/wp-content\/uploads\/2025\/07\/Adorbond-CC-1-PB-N.png","datePublished":"2020-03-20T14:53:24+00:00","dateModified":"2026-02-16T10:46:05+00:00","description":"Unser Adorbond CC ist eine dentale Metallkeramik-Legierung auf Kobalt-Basis. Frei von Nickel, Cadmium, Beryllium und Blei.","breadcrumb":{"@id":"https:\/\/www.ador-dental.de\/produkt\/aufbrennlegierung-adorbond-cc\/#breadcrumb"},"inLanguage":"fr-FR","potentialAction":[{"@type":"ReadAction","target":["https:\/\/www.ador-dental.de\/produkt\/aufbrennlegierung-adorbond-cc\/"]}]},{"@type":"ImageObject","inLanguage":"fr-FR","@id":"https:\/\/www.ador-dental.de\/produkt\/aufbrennlegierung-adorbond-cc\/#primaryimage","url":"https:\/\/www.ador-dental.de\/wp-content\/uploads\/2025\/07\/Adorbond-CC-1-PB-N.png","contentUrl":"https:\/\/www.ador-dental.de\/wp-content\/uploads\/2025\/07\/Adorbond-CC-1-PB-N.png","width":1024,"height":1024},{"@type":"BreadcrumbList","@id":"https:\/\/www.ador-dental.de\/produkt\/aufbrennlegierung-adorbond-cc\/#breadcrumb","itemListElement":[{"@type":"ListItem","position":1,"name":"Startseite","item":"https:\/\/www.ador-dental.de\/"},{"@type":"ListItem","position":2,"name":"Shop","item":"https:\/\/www.ador-dental.de\/en\/shop\/"},{"@type":"ListItem","position":3,"name":"ADORBOND CC"}]},{"@type":"WebSite","@id":"https:\/\/www.ador-dental.de\/en\/#website","url":"https:\/\/www.ador-dental.de\/en\/","name":"Ador Dental GmbH","description":"","publisher":{"@id":"https:\/\/www.ador-dental.de\/en\/#organization"},"potentialAction":[{"@type":"SearchAction","target":{"@type":"EntryPoint","urlTemplate":"https:\/\/www.ador-dental.de\/en\/?s={search_term_string}"},"query-input":{"@type":"PropertyValueSpecification","valueRequired":true,"valueName":"search_term_string"}}],"inLanguage":"fr-FR"},{"@type":"Organization","@id":"https:\/\/www.ador-dental.de\/en\/#organization","name":"Ador Dental GmbH","url":"https:\/\/www.ador-dental.de\/en\/","logo":{"@type":"ImageObject","inLanguage":"fr-FR","@id":"https:\/\/www.ador-dental.de\/en\/#\/schema\/logo\/image\/","url":"https:\/\/www.ador-dental.de\/wp-content\/uploads\/2021\/10\/ADOR_Logo_DentalSolutions_2020_Black.svg","contentUrl":"https:\/\/www.ador-dental.de\/wp-content\/uploads\/2021\/10\/ADOR_Logo_DentalSolutions_2020_Black.svg","width":678,"height":261,"caption":"Ador Dental GmbH"},"image":{"@id":"https:\/\/www.ador-dental.de\/en\/#\/schema\/logo\/image\/"}}]}},"_links":{"self":[{"href":"https:\/\/www.ador-dental.de\/fr\/wp-json\/wp\/v2\/product\/2895","targetHints":{"allow":["GET"]}}],"collection":[{"href":"https:\/\/www.ador-dental.de\/fr\/wp-json\/wp\/v2\/product"}],"about":[{"href":"https:\/\/www.ador-dental.de\/fr\/wp-json\/wp\/v2\/types\/product"}],"replies":[{"embeddable":true,"href":"https:\/\/www.ador-dental.de\/fr\/wp-json\/wp\/v2\/comments?post=2895"}],"version-history":[{"count":7,"href":"https:\/\/www.ador-dental.de\/fr\/wp-json\/wp\/v2\/product\/2895\/revisions"}],"predecessor-version":[{"id":29191,"href":"https:\/\/www.ador-dental.de\/fr\/wp-json\/wp\/v2\/product\/2895\/revisions\/29191"}],"wp:featuredmedia":[{"embeddable":true,"href":"https:\/\/www.ador-dental.de\/fr\/wp-json\/wp\/v2\/media\/29944"}],"wp:attachment":[{"href":"https:\/\/www.ador-dental.de\/fr\/wp-json\/wp\/v2\/media?parent=2895"}],"wp:term":[{"taxonomy":"product_brand","embeddable":true,"href":"https:\/\/www.ador-dental.de\/fr\/wp-json\/wp\/v2\/product_brand?post=2895"},{"taxonomy":"product_cat","embeddable":true,"href":"https:\/\/www.ador-dental.de\/fr\/wp-json\/wp\/v2\/product_cat?post=2895"},{"taxonomy":"product_tag","embeddable":true,"href":"https:\/\/www.ador-dental.de\/fr\/wp-json\/wp\/v2\/product_tag?post=2895"}],"curies":[{"name":"wp","href":"https:\/\/api.w.org\/{rel}","templated":true}]}}