{"id":28743,"date":"2024-09-10T13:46:25","date_gmt":"2024-09-10T11:46:25","guid":{"rendered":"https:\/\/www.ador-dental.de\/?post_type=product&#038;p=28743"},"modified":"2025-07-16T09:48:05","modified_gmt":"2025-07-16T07:48:05","slug":"vhm-radiusfraeser-o1mm-optimiert-fuer-die-pmma-peek-wachs-t12","status":"publish","type":"product","link":"https:\/\/www.ador-dental.de\/fr\/produit\/vhm-radiusfraeser-o1mm-optimiert-fuer-die-pmma-peek-wachs-t12\/","title":{"rendered":"Fraise \u00e0 rayon VHM \u00d81 mm, optimis\u00e9e pour l'usinage du PMMA, du PEEK et de la cire T12"},"content":{"rendered":"<h4>Fraise \u00e0 rayon \u00d81mm, PMMA, Peek, Wax T12<\/h4>\n<p>Fraise \u00e0 rayon VHM \u00d81mm, optimis\u00e9e pour l'usinage du PMMA, PEEK, cire, \u00e0 2 tranchants, pr\u00e9cision maximale gr\u00e2ce \u00e0 des tol\u00e9rances \u00e9troites et des qualit\u00e9s de surface maximales, avec d\u00e9pouille l3=16mm, version non rev\u00eatue, recommand\u00e9e pour les machines Roland avec queue d2=4mm<\/p>\n<h2 class=\"content--title\">Caract\u00e9ristiques du produit<\/h2>\n<table class=\"product--properties-table\">\n<tbody>\n<tr class=\"product--properties-row\">\n<td class=\"product--properties-label is--bold\">Type d'outils :<\/td>\n<td class=\"product--properties-value\">Fraise \u00e0 rayon<\/td>\n<\/tr>\n<tr class=\"product--properties-row\">\n<td class=\"product--properties-label is--bold\">Rayon ( r) :<\/td>\n<td class=\"product--properties-value\">0,5<\/td>\n<\/tr>\n<tr class=\"product--properties-row\">\n<td class=\"product--properties-label is--bold\">Mat\u00e9riaux pouvant \u00eatre trait\u00e9s :<\/td>\n<td class=\"product--properties-value\">PMMA, PEEK, cire<\/td>\n<\/tr>\n<tr class=\"product--properties-row\">\n<td class=\"product--properties-label is--bold\">compatible avec le syst\u00e8me de la machine :<\/td>\n<td class=\"product--properties-value\">Roland<\/td>\n<\/tr>\n<tr class=\"product--properties-row\">\n<td class=\"product--properties-label is--bold\">Diam\u00e8tre de coupe en mm (d1) :<\/td>\n<td class=\"product--properties-value\">1<\/td>\n<\/tr>\n<tr class=\"product--properties-row\">\n<td class=\"product--properties-label is--bold\">Diam\u00e8tre de la tige en mm (d2) :<\/td>\n<td class=\"product--properties-value\">4<\/td>\n<\/tr>\n<tr class=\"product--properties-row\">\n<td class=\"product--properties-label is--bold\">\u00e9quipe :<\/td>\n<td class=\"product--properties-value\">BLANK<\/td>\n<\/tr>\n<tr class=\"product--properties-row\">\n<td class=\"product--properties-label is--bold\">Longueur de la coupe libre en mm (l3) :<\/td>\n<td class=\"product--properties-value\">16<\/td>\n<\/tr>\n<tr class=\"product--properties-row\">\n<td class=\"product--properties-label is--bold\">Longueur totale en mm (l1) :<\/td>\n<td class=\"product--properties-value\">50<\/td>\n<\/tr>\n<tr class=\"product--properties-row\">\n<td class=\"product--properties-label is--bold\">Rayon (r) :<\/td>\n<td class=\"product--properties-value\">0,5<\/td>\n<\/tr>\n<tr class=\"product--properties-row\">\n<td class=\"product--properties-label is--bold\">Longueur de l'ar\u00eate de coupe en mm (l2) :<\/td>\n<td class=\"product--properties-value\">2<\/td>\n<\/tr>\n<tr class=\"product--properties-row\">\n<td class=\"product--properties-label is--bold\">Nombre de dents (z) :<\/td>\n<td class=\"product--properties-value\">2<\/td>\n<\/tr>\n<\/tbody>\n<\/table>","protected":false},"excerpt":{"rendered":"<div class=\"product--description\">\n<div class=\"product--description\">\n<div class=\"product--description\">\n<p>Fraise \u00e0 rayon VHM \u00d81mm, optimis\u00e9e pour l'usinage du PMMA, PEEK, cire, \u00e0 2 tranchants, pr\u00e9cision maximale gr\u00e2ce \u00e0 des tol\u00e9rances \u00e9troites et des qualit\u00e9s de surface maximales, avec d\u00e9pouille l3=16mm, version non rev\u00eatue, recommand\u00e9e pour les machines Roland avec queue d2=4mm<\/p>\n<\/div>\n<\/div>\n<\/div>","protected":false},"featured_media":28810,"comment_status":"open","ping_status":"closed","template":"","meta":{"neve_meta_sidebar":"","neve_meta_container":"","neve_meta_enable_content_width":"off","neve_meta_content_width":100,"neve_meta_title_alignment":"","neve_meta_author_avatar":"","neve_post_elements_order":"","neve_meta_disable_header":"","neve_meta_disable_footer":"","neve_meta_disable_title":"","_themeisle_gutenberg_block_has_review":false},"product_brand":[],"product_cat":[431,1152,470],"product_tag":[1146,1139,1147,995,1148],"class_list":{"0":"post-28743","1":"product","2":"type-product","3":"status-publish","4":"has-post-thumbnail","6":"product_cat-adormilling","7":"product_cat-dgshape-dwx","8":"product_cat-fraeser","9":"product_tag-dgshape","10":"product_tag-fraeser","11":"product_tag-peek","12":"product_tag-pmma","13":"product_tag-wax","15":"first","16":"instock","17":"taxable","18":"shipping-taxable","19":"purchasable","20":"product-type-simple"},"yoast_head":"<!-- This site is optimized with the Yoast SEO plugin v27.4 - https:\/\/yoast.com\/product\/yoast-seo-wordpress\/ -->\n<title>VHM-Radiusfr\u00e4ser \u00d81mm, optimiert f\u00fcr die PMMA, PEEK, Wachs-Bearbeitung T12 - Ador Dental GmbH<\/title>\n<meta name=\"description\" content=\"VHM-Radiusfr\u00e4ser \u00d81mm, optimiert f\u00fcr die PMMA, PEEK, Wachs-Bearbeitung T12\" \/>\n<meta name=\"robots\" content=\"index, follow, max-snippet:-1, max-image-preview:large, max-video-preview:-1\" \/>\n<link rel=\"canonical\" href=\"https:\/\/www.ador-dental.de\/fr\/produit\/vhm-radiusfraeser-o1mm-optimiert-fuer-die-pmma-peek-wachs-t12\/\" \/>\n<meta property=\"og:locale\" content=\"fr_FR\" \/>\n<meta property=\"og:type\" content=\"article\" \/>\n<meta property=\"og:title\" content=\"VHM-Radiusfr\u00e4ser \u00d81mm, optimiert f\u00fcr die PMMA, PEEK, Wachs-Bearbeitung T12 - Ador Dental GmbH\" \/>\n<meta property=\"og:description\" content=\"VHM-Radiusfr\u00e4ser \u00d81mm, optimiert f\u00fcr die PMMA, PEEK, Wachs-Bearbeitung T12\" \/>\n<meta property=\"og:url\" content=\"https:\/\/www.ador-dental.de\/fr\/produit\/vhm-radiusfraeser-o1mm-optimiert-fuer-die-pmma-peek-wachs-t12\/\" \/>\n<meta property=\"og:site_name\" content=\"Ador Dental GmbH\" \/>\n<meta property=\"article:modified_time\" content=\"2025-07-16T07:48:05+00:00\" \/>\n<meta property=\"og:image\" content=\"https:\/\/www.ador-dental.de\/wp-content\/uploads\/2024\/09\/804.270.A.HD_.jpg\" \/>\n\t<meta property=\"og:image:width\" content=\"1280\" \/>\n\t<meta property=\"og:image:height\" content=\"710\" \/>\n\t<meta property=\"og:image:type\" content=\"image\/jpeg\" \/>\n<meta name=\"twitter:card\" content=\"summary_large_image\" \/>\n<script type=\"application\/ld+json\" class=\"yoast-schema-graph\">{\"@context\":\"https:\\\/\\\/schema.org\",\"@graph\":[{\"@type\":\"WebPage\",\"@id\":\"https:\\\/\\\/www.ador-dental.de\\\/produkt\\\/vhm-radiusfraeser-o1mm-optimiert-fuer-die-pmma-peek-wachs-t12\\\/\",\"url\":\"https:\\\/\\\/www.ador-dental.de\\\/produkt\\\/vhm-radiusfraeser-o1mm-optimiert-fuer-die-pmma-peek-wachs-t12\\\/\",\"name\":\"VHM-Radiusfr\u00e4ser \u00d81mm, optimiert f\u00fcr die PMMA, PEEK, Wachs-Bearbeitung T12 - Ador Dental GmbH\",\"isPartOf\":{\"@id\":\"https:\\\/\\\/www.ador-dental.de\\\/en\\\/#website\"},\"primaryImageOfPage\":{\"@id\":\"https:\\\/\\\/www.ador-dental.de\\\/produkt\\\/vhm-radiusfraeser-o1mm-optimiert-fuer-die-pmma-peek-wachs-t12\\\/#primaryimage\"},\"image\":{\"@id\":\"https:\\\/\\\/www.ador-dental.de\\\/produkt\\\/vhm-radiusfraeser-o1mm-optimiert-fuer-die-pmma-peek-wachs-t12\\\/#primaryimage\"},\"thumbnailUrl\":\"https:\\\/\\\/www.ador-dental.de\\\/wp-content\\\/uploads\\\/2024\\\/09\\\/804.270.A.HD_.jpg\",\"datePublished\":\"2024-09-10T11:46:25+00:00\",\"dateModified\":\"2025-07-16T07:48:05+00:00\",\"description\":\"VHM-Radiusfr\u00e4ser \u00d81mm, optimiert f\u00fcr die PMMA, PEEK, Wachs-Bearbeitung T12\",\"breadcrumb\":{\"@id\":\"https:\\\/\\\/www.ador-dental.de\\\/produkt\\\/vhm-radiusfraeser-o1mm-optimiert-fuer-die-pmma-peek-wachs-t12\\\/#breadcrumb\"},\"inLanguage\":\"fr-FR\",\"potentialAction\":[{\"@type\":\"ReadAction\",\"target\":[\"https:\\\/\\\/www.ador-dental.de\\\/produkt\\\/vhm-radiusfraeser-o1mm-optimiert-fuer-die-pmma-peek-wachs-t12\\\/\"]}]},{\"@type\":\"ImageObject\",\"inLanguage\":\"fr-FR\",\"@id\":\"https:\\\/\\\/www.ador-dental.de\\\/produkt\\\/vhm-radiusfraeser-o1mm-optimiert-fuer-die-pmma-peek-wachs-t12\\\/#primaryimage\",\"url\":\"https:\\\/\\\/www.ador-dental.de\\\/wp-content\\\/uploads\\\/2024\\\/09\\\/804.270.A.HD_.jpg\",\"contentUrl\":\"https:\\\/\\\/www.ador-dental.de\\\/wp-content\\\/uploads\\\/2024\\\/09\\\/804.270.A.HD_.jpg\",\"width\":1280,\"height\":710},{\"@type\":\"BreadcrumbList\",\"@id\":\"https:\\\/\\\/www.ador-dental.de\\\/produkt\\\/vhm-radiusfraeser-o1mm-optimiert-fuer-die-pmma-peek-wachs-t12\\\/#breadcrumb\",\"itemListElement\":[{\"@type\":\"ListItem\",\"position\":1,\"name\":\"Startseite\",\"item\":\"https:\\\/\\\/www.ador-dental.de\\\/\"},{\"@type\":\"ListItem\",\"position\":2,\"name\":\"Shop\",\"item\":\"https:\\\/\\\/www.ador-dental.de\\\/en\\\/shop\\\/\"},{\"@type\":\"ListItem\",\"position\":3,\"name\":\"VHM-Radiusfr\u00e4ser \u00d81mm, optimiert f\u00fcr die PMMA, PEEK, Wachs-Bearbeitung T12\"}]},{\"@type\":\"WebSite\",\"@id\":\"https:\\\/\\\/www.ador-dental.de\\\/en\\\/#website\",\"url\":\"https:\\\/\\\/www.ador-dental.de\\\/en\\\/\",\"name\":\"Ador Dental GmbH\",\"description\":\"\",\"publisher\":{\"@id\":\"https:\\\/\\\/www.ador-dental.de\\\/en\\\/#organization\"},\"potentialAction\":[{\"@type\":\"SearchAction\",\"target\":{\"@type\":\"EntryPoint\",\"urlTemplate\":\"https:\\\/\\\/www.ador-dental.de\\\/en\\\/?s={search_term_string}\"},\"query-input\":{\"@type\":\"PropertyValueSpecification\",\"valueRequired\":true,\"valueName\":\"search_term_string\"}}],\"inLanguage\":\"fr-FR\"},{\"@type\":\"Organization\",\"@id\":\"https:\\\/\\\/www.ador-dental.de\\\/en\\\/#organization\",\"name\":\"Ador Dental GmbH\",\"url\":\"https:\\\/\\\/www.ador-dental.de\\\/en\\\/\",\"logo\":{\"@type\":\"ImageObject\",\"inLanguage\":\"fr-FR\",\"@id\":\"https:\\\/\\\/www.ador-dental.de\\\/en\\\/#\\\/schema\\\/logo\\\/image\\\/\",\"url\":\"https:\\\/\\\/www.ador-dental.de\\\/wp-content\\\/uploads\\\/2021\\\/10\\\/ADOR_Logo_DentalSolutions_2020_Black.svg\",\"contentUrl\":\"https:\\\/\\\/www.ador-dental.de\\\/wp-content\\\/uploads\\\/2021\\\/10\\\/ADOR_Logo_DentalSolutions_2020_Black.svg\",\"width\":678,\"height\":261,\"caption\":\"Ador Dental GmbH\"},\"image\":{\"@id\":\"https:\\\/\\\/www.ador-dental.de\\\/en\\\/#\\\/schema\\\/logo\\\/image\\\/\"}}]}<\/script>\n<!-- \/ Yoast SEO plugin. -->","yoast_head_json":{"title":"VHM-Radiusfr\u00e4ser \u00d81mm, optimiert f\u00fcr die PMMA, PEEK, Wachs-Bearbeitung T12 - Ador Dental GmbH","description":"Fraise \u00e0 rayon VHM \u00d81 mm, optimis\u00e9e pour l'usinage du PMMA, du PEEK et de la cire T12","robots":{"index":"index","follow":"follow","max-snippet":"max-snippet:-1","max-image-preview":"max-image-preview:large","max-video-preview":"max-video-preview:-1"},"canonical":"https:\/\/www.ador-dental.de\/fr\/produit\/vhm-radiusfraeser-o1mm-optimiert-fuer-die-pmma-peek-wachs-t12\/","og_locale":"fr_FR","og_type":"article","og_title":"VHM-Radiusfr\u00e4ser \u00d81mm, optimiert f\u00fcr die PMMA, PEEK, Wachs-Bearbeitung T12 - Ador Dental GmbH","og_description":"VHM-Radiusfr\u00e4ser \u00d81mm, optimiert f\u00fcr die PMMA, PEEK, Wachs-Bearbeitung T12","og_url":"https:\/\/www.ador-dental.de\/fr\/produit\/vhm-radiusfraeser-o1mm-optimiert-fuer-die-pmma-peek-wachs-t12\/","og_site_name":"Ador Dental GmbH","article_modified_time":"2025-07-16T07:48:05+00:00","og_image":[{"width":1280,"height":710,"url":"https:\/\/www.ador-dental.de\/wp-content\/uploads\/2024\/09\/804.270.A.HD_.jpg","type":"image\/jpeg"}],"twitter_card":"summary_large_image","schema":{"@context":"https:\/\/schema.org","@graph":[{"@type":"WebPage","@id":"https:\/\/www.ador-dental.de\/produkt\/vhm-radiusfraeser-o1mm-optimiert-fuer-die-pmma-peek-wachs-t12\/","url":"https:\/\/www.ador-dental.de\/produkt\/vhm-radiusfraeser-o1mm-optimiert-fuer-die-pmma-peek-wachs-t12\/","name":"VHM-Radiusfr\u00e4ser \u00d81mm, optimiert f\u00fcr die PMMA, PEEK, Wachs-Bearbeitung T12 - Ador Dental GmbH","isPartOf":{"@id":"https:\/\/www.ador-dental.de\/en\/#website"},"primaryImageOfPage":{"@id":"https:\/\/www.ador-dental.de\/produkt\/vhm-radiusfraeser-o1mm-optimiert-fuer-die-pmma-peek-wachs-t12\/#primaryimage"},"image":{"@id":"https:\/\/www.ador-dental.de\/produkt\/vhm-radiusfraeser-o1mm-optimiert-fuer-die-pmma-peek-wachs-t12\/#primaryimage"},"thumbnailUrl":"https:\/\/www.ador-dental.de\/wp-content\/uploads\/2024\/09\/804.270.A.HD_.jpg","datePublished":"2024-09-10T11:46:25+00:00","dateModified":"2025-07-16T07:48:05+00:00","description":"Fraise \u00e0 rayon VHM \u00d81 mm, optimis\u00e9e pour l'usinage du PMMA, du PEEK et de la cire T12","breadcrumb":{"@id":"https:\/\/www.ador-dental.de\/produkt\/vhm-radiusfraeser-o1mm-optimiert-fuer-die-pmma-peek-wachs-t12\/#breadcrumb"},"inLanguage":"fr-FR","potentialAction":[{"@type":"ReadAction","target":["https:\/\/www.ador-dental.de\/produkt\/vhm-radiusfraeser-o1mm-optimiert-fuer-die-pmma-peek-wachs-t12\/"]}]},{"@type":"ImageObject","inLanguage":"fr-FR","@id":"https:\/\/www.ador-dental.de\/produkt\/vhm-radiusfraeser-o1mm-optimiert-fuer-die-pmma-peek-wachs-t12\/#primaryimage","url":"https:\/\/www.ador-dental.de\/wp-content\/uploads\/2024\/09\/804.270.A.HD_.jpg","contentUrl":"https:\/\/www.ador-dental.de\/wp-content\/uploads\/2024\/09\/804.270.A.HD_.jpg","width":1280,"height":710},{"@type":"BreadcrumbList","@id":"https:\/\/www.ador-dental.de\/produkt\/vhm-radiusfraeser-o1mm-optimiert-fuer-die-pmma-peek-wachs-t12\/#breadcrumb","itemListElement":[{"@type":"ListItem","position":1,"name":"Startseite","item":"https:\/\/www.ador-dental.de\/"},{"@type":"ListItem","position":2,"name":"Shop","item":"https:\/\/www.ador-dental.de\/en\/shop\/"},{"@type":"ListItem","position":3,"name":"VHM-Radiusfr\u00e4ser \u00d81mm, optimiert f\u00fcr die PMMA, PEEK, Wachs-Bearbeitung T12"}]},{"@type":"WebSite","@id":"https:\/\/www.ador-dental.de\/en\/#website","url":"https:\/\/www.ador-dental.de\/en\/","name":"Ador Dental GmbH","description":"","publisher":{"@id":"https:\/\/www.ador-dental.de\/en\/#organization"},"potentialAction":[{"@type":"SearchAction","target":{"@type":"EntryPoint","urlTemplate":"https:\/\/www.ador-dental.de\/en\/?s={search_term_string}"},"query-input":{"@type":"PropertyValueSpecification","valueRequired":true,"valueName":"search_term_string"}}],"inLanguage":"fr-FR"},{"@type":"Organization","@id":"https:\/\/www.ador-dental.de\/en\/#organization","name":"Ador Dental GmbH","url":"https:\/\/www.ador-dental.de\/en\/","logo":{"@type":"ImageObject","inLanguage":"fr-FR","@id":"https:\/\/www.ador-dental.de\/en\/#\/schema\/logo\/image\/","url":"https:\/\/www.ador-dental.de\/wp-content\/uploads\/2021\/10\/ADOR_Logo_DentalSolutions_2020_Black.svg","contentUrl":"https:\/\/www.ador-dental.de\/wp-content\/uploads\/2021\/10\/ADOR_Logo_DentalSolutions_2020_Black.svg","width":678,"height":261,"caption":"Ador Dental GmbH"},"image":{"@id":"https:\/\/www.ador-dental.de\/en\/#\/schema\/logo\/image\/"}}]}},"_links":{"self":[{"href":"https:\/\/www.ador-dental.de\/fr\/wp-json\/wp\/v2\/product\/28743","targetHints":{"allow":["GET"]}}],"collection":[{"href":"https:\/\/www.ador-dental.de\/fr\/wp-json\/wp\/v2\/product"}],"about":[{"href":"https:\/\/www.ador-dental.de\/fr\/wp-json\/wp\/v2\/types\/product"}],"replies":[{"embeddable":true,"href":"https:\/\/www.ador-dental.de\/fr\/wp-json\/wp\/v2\/comments?post=28743"}],"version-history":[{"count":4,"href":"https:\/\/www.ador-dental.de\/fr\/wp-json\/wp\/v2\/product\/28743\/revisions"}],"predecessor-version":[{"id":29917,"href":"https:\/\/www.ador-dental.de\/fr\/wp-json\/wp\/v2\/product\/28743\/revisions\/29917"}],"wp:featuredmedia":[{"embeddable":true,"href":"https:\/\/www.ador-dental.de\/fr\/wp-json\/wp\/v2\/media\/28810"}],"wp:attachment":[{"href":"https:\/\/www.ador-dental.de\/fr\/wp-json\/wp\/v2\/media?parent=28743"}],"wp:term":[{"taxonomy":"product_brand","embeddable":true,"href":"https:\/\/www.ador-dental.de\/fr\/wp-json\/wp\/v2\/product_brand?post=28743"},{"taxonomy":"product_cat","embeddable":true,"href":"https:\/\/www.ador-dental.de\/fr\/wp-json\/wp\/v2\/product_cat?post=28743"},{"taxonomy":"product_tag","embeddable":true,"href":"https:\/\/www.ador-dental.de\/fr\/wp-json\/wp\/v2\/product_tag?post=28743"}],"curies":[{"name":"wp","href":"https:\/\/api.w.org\/{rel}","templated":true}]}}