{"id":28737,"date":"2024-09-10T13:41:12","date_gmt":"2024-09-10T11:41:12","guid":{"rendered":"https:\/\/www.ador-dental.de\/?post_type=product&#038;p=28737"},"modified":"2025-07-15T16:31:35","modified_gmt":"2025-07-15T14:31:35","slug":"radiusfraeser-3mm-pmma-peek-wax-t4","status":"publish","type":"product","link":"https:\/\/www.ador-dental.de\/fr\/produit\/radiusfraeser-3mm-pmma-peek-wax-t4\/","title":{"rendered":"Fraise \u00e0 rayon VHM \u00d80,3 mm, optimis\u00e9e pour l'usinage du PMMA, du PEEK et de la cire T4"},"content":{"rendered":"<h4 class=\"product_title entry-title elementor-heading-title elementor-size-default\">Radiusfr\u00e4ser \u00d80,3mm, PMMA, Peek, Wax T4<\/h4>\n<p>VHM-Radiusfr\u00e4ser \u00d80,3mm, optimiert f\u00fcr die PMMA, PEEK, Wachs-Bearbeitung, 2-schneidig, h\u00f6chste Pr\u00e4zision durch enge Toleranzen und h\u00f6chste Oberfl\u00e4cheng\u00fcten, mit Freischliff l3=kon.mm, unbeschichtete Ausf\u00fchrung, empfohlen f\u00fcr Roland Maschinen mit Schaft d2=4mm<\/p>\n<p>&nbsp;<\/p>\n<h2 class=\"content--title\">Caract\u00e9ristiques du produit<\/h2>\n<table class=\"product--properties-table\">\n<tbody>\n<tr class=\"product--properties-row\">\n<td class=\"product--properties-label is--bold\">Type d'outils :<\/td>\n<td class=\"product--properties-value\">Fraise \u00e0 rayon<\/td>\n<\/tr>\n<tr class=\"product--properties-row\">\n<td class=\"product--properties-label is--bold\">Rayon ( r) :<\/td>\n<td class=\"product--properties-value\">0,15<\/td>\n<\/tr>\n<tr class=\"product--properties-row\">\n<td class=\"product--properties-label is--bold\">Mat\u00e9riaux pouvant \u00eatre trait\u00e9s :<\/td>\n<td class=\"product--properties-value\">PMMA, PEEK, cire<\/td>\n<\/tr>\n<tr class=\"product--properties-row\">\n<td class=\"product--properties-label is--bold\">compatible avec le syst\u00e8me de la machine :<\/td>\n<td class=\"product--properties-value\">Roland<\/td>\n<\/tr>\n<tr class=\"product--properties-row\">\n<td class=\"product--properties-label is--bold\">Diam\u00e8tre de coupe en mm (d1) :<\/td>\n<td class=\"product--properties-value\">0,3<\/td>\n<\/tr>\n<tr class=\"product--properties-row\">\n<td class=\"product--properties-label is--bold\">Diam\u00e8tre de la tige en mm (d2) :<\/td>\n<td class=\"product--properties-value\">4<\/td>\n<\/tr>\n<tr class=\"product--properties-row\">\n<td class=\"product--properties-label is--bold\">\u00e9quipe :<\/td>\n<td class=\"product--properties-value\">BLANK<\/td>\n<\/tr>\n<tr class=\"product--properties-row\">\n<td class=\"product--properties-label is--bold\">Longueur de la coupe libre en mm (l3) :<\/td>\n<td class=\"product--properties-value\">kon.<\/td>\n<\/tr>\n<tr class=\"product--properties-row\">\n<td class=\"product--properties-label is--bold\">Longueur totale en mm (l1) :<\/td>\n<td class=\"product--properties-value\">50<\/td>\n<\/tr>\n<tr class=\"product--properties-row\">\n<td class=\"product--properties-label is--bold\">Rayon (r) :<\/td>\n<td class=\"product--properties-value\">0,15<\/td>\n<\/tr>\n<tr class=\"product--properties-row\">\n<td class=\"product--properties-label is--bold\">Longueur de l'ar\u00eate de coupe en mm (l2) :<\/td>\n<td class=\"product--properties-value\">1,5<\/td>\n<\/tr>\n<tr class=\"product--properties-row\">\n<td class=\"product--properties-label is--bold\">Nombre de dents (z) :<\/td>\n<td class=\"product--properties-value\">2<\/td>\n<\/tr>\n<\/tbody>\n<\/table>","protected":false},"excerpt":{"rendered":"<div class=\"product--description\">\n<div class=\"product--description\">\n<div class=\"product--description\">\n<p>VHM-Radiusfr\u00e4ser \u00d80,3mm, optimiert f\u00fcr die PMMA, PEEK, Wachs-Bearbeitung, 2-schneidig, h\u00f6chste Pr\u00e4zision durch enge Toleranzen und h\u00f6chste Oberfl\u00e4cheng\u00fcten, mit Freischliff l3=kon.mm, unbeschichtete Ausf\u00fchrung, empfohlen f\u00fcr Roland Maschinen mit Schaft d2=4mm<\/p>\n<p>&nbsp;<\/p>\n<\/div>\n<div class=\"product--properties panel\"><\/div>\n<\/div>\n<div class=\"product--properties panel\"><\/div>\n<\/div>","protected":false},"featured_media":28802,"comment_status":"open","ping_status":"closed","template":"","meta":{"neve_meta_sidebar":"","neve_meta_container":"","neve_meta_enable_content_width":"off","neve_meta_content_width":100,"neve_meta_title_alignment":"","neve_meta_author_avatar":"","neve_post_elements_order":"","neve_meta_disable_header":"","neve_meta_disable_footer":"","neve_meta_disable_title":"","_themeisle_gutenberg_block_has_review":false},"product_brand":[],"product_cat":[431,1152,470],"product_tag":[1146,1150,1139,1147,995,1148],"class_list":{"0":"post-28737","1":"product","2":"type-product","3":"status-publish","4":"has-post-thumbnail","6":"product_cat-adormilling","7":"product_cat-dgshape-dwx","8":"product_cat-fraeser","9":"product_tag-dgshape","10":"product_tag-dwx","11":"product_tag-fraeser","12":"product_tag-peek","13":"product_tag-pmma","14":"product_tag-wax","16":"first","17":"instock","18":"taxable","19":"shipping-taxable","20":"purchasable","21":"product-type-simple"},"yoast_head":"<!-- This site is optimized with the Yoast SEO plugin v27.4 - https:\/\/yoast.com\/product\/yoast-seo-wordpress\/ -->\n<title>VHM-Radiusfr\u00e4ser \u00d80,3mm, optimiert f\u00fcr die PMMA, PEEK, Wachs-Bearbeitung T4 - Ador Dental GmbH<\/title>\n<meta name=\"description\" content=\"Dieser Radiusfr\u00e4ser besitzt einen Durchmesser von 0,3mm und ist f\u00fcr die folgenden Materialien: PMMA, Peek, Wax T4, geeignet.\" \/>\n<meta name=\"robots\" content=\"index, follow, max-snippet:-1, max-image-preview:large, max-video-preview:-1\" \/>\n<link rel=\"canonical\" href=\"https:\/\/www.ador-dental.de\/fr\/produit\/radiusfraeser-3mm-pmma-peek-wax-t4\/\" \/>\n<meta property=\"og:locale\" content=\"fr_FR\" \/>\n<meta property=\"og:type\" content=\"article\" \/>\n<meta property=\"og:title\" content=\"VHM-Radiusfr\u00e4ser \u00d80,3mm, optimiert f\u00fcr die PMMA, PEEK, Wachs-Bearbeitung T4 - Ador Dental GmbH\" \/>\n<meta property=\"og:description\" content=\"Dieser Radiusfr\u00e4ser besitzt einen Durchmesser von 0,3mm und ist f\u00fcr die folgenden Materialien: PMMA, Peek, Wax T4, geeignet.\" \/>\n<meta property=\"og:url\" content=\"https:\/\/www.ador-dental.de\/fr\/produit\/radiusfraeser-3mm-pmma-peek-wax-t4\/\" \/>\n<meta property=\"og:site_name\" content=\"Ador Dental GmbH\" \/>\n<meta property=\"article:modified_time\" content=\"2025-07-15T14:31:35+00:00\" \/>\n<meta property=\"og:image\" content=\"https:\/\/www.ador-dental.de\/wp-content\/uploads\/2024\/09\/804.250.A.HD_.jpg\" \/>\n\t<meta property=\"og:image:width\" content=\"1280\" \/>\n\t<meta property=\"og:image:height\" content=\"716\" \/>\n\t<meta property=\"og:image:type\" content=\"image\/jpeg\" \/>\n<meta name=\"twitter:card\" content=\"summary_large_image\" \/>\n<script type=\"application\/ld+json\" class=\"yoast-schema-graph\">{\"@context\":\"https:\\\/\\\/schema.org\",\"@graph\":[{\"@type\":\"WebPage\",\"@id\":\"https:\\\/\\\/www.ador-dental.de\\\/produkt\\\/radiusfraeser-3mm-pmma-peek-wax-t4\\\/\",\"url\":\"https:\\\/\\\/www.ador-dental.de\\\/produkt\\\/radiusfraeser-3mm-pmma-peek-wax-t4\\\/\",\"name\":\"VHM-Radiusfr\u00e4ser \u00d80,3mm, optimiert f\u00fcr die PMMA, PEEK, Wachs-Bearbeitung T4 - Ador Dental GmbH\",\"isPartOf\":{\"@id\":\"https:\\\/\\\/www.ador-dental.de\\\/en\\\/#website\"},\"primaryImageOfPage\":{\"@id\":\"https:\\\/\\\/www.ador-dental.de\\\/produkt\\\/radiusfraeser-3mm-pmma-peek-wax-t4\\\/#primaryimage\"},\"image\":{\"@id\":\"https:\\\/\\\/www.ador-dental.de\\\/produkt\\\/radiusfraeser-3mm-pmma-peek-wax-t4\\\/#primaryimage\"},\"thumbnailUrl\":\"https:\\\/\\\/www.ador-dental.de\\\/wp-content\\\/uploads\\\/2024\\\/09\\\/804.250.A.HD_.jpg\",\"datePublished\":\"2024-09-10T11:41:12+00:00\",\"dateModified\":\"2025-07-15T14:31:35+00:00\",\"description\":\"Dieser Radiusfr\u00e4ser besitzt einen Durchmesser von 0,3mm und ist f\u00fcr die folgenden Materialien: PMMA, Peek, Wax T4, geeignet.\",\"breadcrumb\":{\"@id\":\"https:\\\/\\\/www.ador-dental.de\\\/produkt\\\/radiusfraeser-3mm-pmma-peek-wax-t4\\\/#breadcrumb\"},\"inLanguage\":\"fr-FR\",\"potentialAction\":[{\"@type\":\"ReadAction\",\"target\":[\"https:\\\/\\\/www.ador-dental.de\\\/produkt\\\/radiusfraeser-3mm-pmma-peek-wax-t4\\\/\"]}]},{\"@type\":\"ImageObject\",\"inLanguage\":\"fr-FR\",\"@id\":\"https:\\\/\\\/www.ador-dental.de\\\/produkt\\\/radiusfraeser-3mm-pmma-peek-wax-t4\\\/#primaryimage\",\"url\":\"https:\\\/\\\/www.ador-dental.de\\\/wp-content\\\/uploads\\\/2024\\\/09\\\/804.250.A.HD_.jpg\",\"contentUrl\":\"https:\\\/\\\/www.ador-dental.de\\\/wp-content\\\/uploads\\\/2024\\\/09\\\/804.250.A.HD_.jpg\",\"width\":1280,\"height\":716},{\"@type\":\"BreadcrumbList\",\"@id\":\"https:\\\/\\\/www.ador-dental.de\\\/produkt\\\/radiusfraeser-3mm-pmma-peek-wax-t4\\\/#breadcrumb\",\"itemListElement\":[{\"@type\":\"ListItem\",\"position\":1,\"name\":\"Startseite\",\"item\":\"https:\\\/\\\/www.ador-dental.de\\\/\"},{\"@type\":\"ListItem\",\"position\":2,\"name\":\"Shop\",\"item\":\"https:\\\/\\\/www.ador-dental.de\\\/en\\\/shop\\\/\"},{\"@type\":\"ListItem\",\"position\":3,\"name\":\"VHM-Radiusfr\u00e4ser \u00d80,3mm, optimiert f\u00fcr die PMMA, PEEK, Wachs-Bearbeitung T4\"}]},{\"@type\":\"WebSite\",\"@id\":\"https:\\\/\\\/www.ador-dental.de\\\/en\\\/#website\",\"url\":\"https:\\\/\\\/www.ador-dental.de\\\/en\\\/\",\"name\":\"Ador Dental GmbH\",\"description\":\"\",\"publisher\":{\"@id\":\"https:\\\/\\\/www.ador-dental.de\\\/en\\\/#organization\"},\"potentialAction\":[{\"@type\":\"SearchAction\",\"target\":{\"@type\":\"EntryPoint\",\"urlTemplate\":\"https:\\\/\\\/www.ador-dental.de\\\/en\\\/?s={search_term_string}\"},\"query-input\":{\"@type\":\"PropertyValueSpecification\",\"valueRequired\":true,\"valueName\":\"search_term_string\"}}],\"inLanguage\":\"fr-FR\"},{\"@type\":\"Organization\",\"@id\":\"https:\\\/\\\/www.ador-dental.de\\\/en\\\/#organization\",\"name\":\"Ador Dental GmbH\",\"url\":\"https:\\\/\\\/www.ador-dental.de\\\/en\\\/\",\"logo\":{\"@type\":\"ImageObject\",\"inLanguage\":\"fr-FR\",\"@id\":\"https:\\\/\\\/www.ador-dental.de\\\/en\\\/#\\\/schema\\\/logo\\\/image\\\/\",\"url\":\"https:\\\/\\\/www.ador-dental.de\\\/wp-content\\\/uploads\\\/2021\\\/10\\\/ADOR_Logo_DentalSolutions_2020_Black.svg\",\"contentUrl\":\"https:\\\/\\\/www.ador-dental.de\\\/wp-content\\\/uploads\\\/2021\\\/10\\\/ADOR_Logo_DentalSolutions_2020_Black.svg\",\"width\":678,\"height\":261,\"caption\":\"Ador Dental GmbH\"},\"image\":{\"@id\":\"https:\\\/\\\/www.ador-dental.de\\\/en\\\/#\\\/schema\\\/logo\\\/image\\\/\"}}]}<\/script>\n<!-- \/ Yoast SEO plugin. -->","yoast_head_json":{"title":"VHM-Radiusfr\u00e4ser \u00d80,3mm, optimiert f\u00fcr die PMMA, PEEK, Wachs-Bearbeitung T4 - Ador Dental GmbH","description":"Dieser Radiusfr\u00e4ser besitzt einen Durchmesser von 0,3mm und ist f\u00fcr die folgenden Materialien: PMMA, Peek, Wax T4, geeignet.","robots":{"index":"index","follow":"follow","max-snippet":"max-snippet:-1","max-image-preview":"max-image-preview:large","max-video-preview":"max-video-preview:-1"},"canonical":"https:\/\/www.ador-dental.de\/fr\/produit\/radiusfraeser-3mm-pmma-peek-wax-t4\/","og_locale":"fr_FR","og_type":"article","og_title":"VHM-Radiusfr\u00e4ser \u00d80,3mm, optimiert f\u00fcr die PMMA, PEEK, Wachs-Bearbeitung T4 - Ador Dental GmbH","og_description":"Dieser Radiusfr\u00e4ser besitzt einen Durchmesser von 0,3mm und ist f\u00fcr die folgenden Materialien: PMMA, Peek, Wax T4, geeignet.","og_url":"https:\/\/www.ador-dental.de\/fr\/produit\/radiusfraeser-3mm-pmma-peek-wax-t4\/","og_site_name":"Ador Dental GmbH","article_modified_time":"2025-07-15T14:31:35+00:00","og_image":[{"width":1280,"height":716,"url":"https:\/\/www.ador-dental.de\/wp-content\/uploads\/2024\/09\/804.250.A.HD_.jpg","type":"image\/jpeg"}],"twitter_card":"summary_large_image","schema":{"@context":"https:\/\/schema.org","@graph":[{"@type":"WebPage","@id":"https:\/\/www.ador-dental.de\/produkt\/radiusfraeser-3mm-pmma-peek-wax-t4\/","url":"https:\/\/www.ador-dental.de\/produkt\/radiusfraeser-3mm-pmma-peek-wax-t4\/","name":"VHM-Radiusfr\u00e4ser \u00d80,3mm, optimiert f\u00fcr die PMMA, PEEK, Wachs-Bearbeitung T4 - Ador Dental GmbH","isPartOf":{"@id":"https:\/\/www.ador-dental.de\/en\/#website"},"primaryImageOfPage":{"@id":"https:\/\/www.ador-dental.de\/produkt\/radiusfraeser-3mm-pmma-peek-wax-t4\/#primaryimage"},"image":{"@id":"https:\/\/www.ador-dental.de\/produkt\/radiusfraeser-3mm-pmma-peek-wax-t4\/#primaryimage"},"thumbnailUrl":"https:\/\/www.ador-dental.de\/wp-content\/uploads\/2024\/09\/804.250.A.HD_.jpg","datePublished":"2024-09-10T11:41:12+00:00","dateModified":"2025-07-15T14:31:35+00:00","description":"Dieser Radiusfr\u00e4ser besitzt einen Durchmesser von 0,3mm und ist f\u00fcr die folgenden Materialien: PMMA, Peek, Wax T4, geeignet.","breadcrumb":{"@id":"https:\/\/www.ador-dental.de\/produkt\/radiusfraeser-3mm-pmma-peek-wax-t4\/#breadcrumb"},"inLanguage":"fr-FR","potentialAction":[{"@type":"ReadAction","target":["https:\/\/www.ador-dental.de\/produkt\/radiusfraeser-3mm-pmma-peek-wax-t4\/"]}]},{"@type":"ImageObject","inLanguage":"fr-FR","@id":"https:\/\/www.ador-dental.de\/produkt\/radiusfraeser-3mm-pmma-peek-wax-t4\/#primaryimage","url":"https:\/\/www.ador-dental.de\/wp-content\/uploads\/2024\/09\/804.250.A.HD_.jpg","contentUrl":"https:\/\/www.ador-dental.de\/wp-content\/uploads\/2024\/09\/804.250.A.HD_.jpg","width":1280,"height":716},{"@type":"BreadcrumbList","@id":"https:\/\/www.ador-dental.de\/produkt\/radiusfraeser-3mm-pmma-peek-wax-t4\/#breadcrumb","itemListElement":[{"@type":"ListItem","position":1,"name":"Startseite","item":"https:\/\/www.ador-dental.de\/"},{"@type":"ListItem","position":2,"name":"Shop","item":"https:\/\/www.ador-dental.de\/en\/shop\/"},{"@type":"ListItem","position":3,"name":"VHM-Radiusfr\u00e4ser \u00d80,3mm, optimiert f\u00fcr die PMMA, PEEK, Wachs-Bearbeitung T4"}]},{"@type":"WebSite","@id":"https:\/\/www.ador-dental.de\/en\/#website","url":"https:\/\/www.ador-dental.de\/en\/","name":"Ador Dental GmbH","description":"","publisher":{"@id":"https:\/\/www.ador-dental.de\/en\/#organization"},"potentialAction":[{"@type":"SearchAction","target":{"@type":"EntryPoint","urlTemplate":"https:\/\/www.ador-dental.de\/en\/?s={search_term_string}"},"query-input":{"@type":"PropertyValueSpecification","valueRequired":true,"valueName":"search_term_string"}}],"inLanguage":"fr-FR"},{"@type":"Organization","@id":"https:\/\/www.ador-dental.de\/en\/#organization","name":"Ador Dental GmbH","url":"https:\/\/www.ador-dental.de\/en\/","logo":{"@type":"ImageObject","inLanguage":"fr-FR","@id":"https:\/\/www.ador-dental.de\/en\/#\/schema\/logo\/image\/","url":"https:\/\/www.ador-dental.de\/wp-content\/uploads\/2021\/10\/ADOR_Logo_DentalSolutions_2020_Black.svg","contentUrl":"https:\/\/www.ador-dental.de\/wp-content\/uploads\/2021\/10\/ADOR_Logo_DentalSolutions_2020_Black.svg","width":678,"height":261,"caption":"Ador Dental GmbH"},"image":{"@id":"https:\/\/www.ador-dental.de\/en\/#\/schema\/logo\/image\/"}}]}},"_links":{"self":[{"href":"https:\/\/www.ador-dental.de\/fr\/wp-json\/wp\/v2\/product\/28737","targetHints":{"allow":["GET"]}}],"collection":[{"href":"https:\/\/www.ador-dental.de\/fr\/wp-json\/wp\/v2\/product"}],"about":[{"href":"https:\/\/www.ador-dental.de\/fr\/wp-json\/wp\/v2\/types\/product"}],"replies":[{"embeddable":true,"href":"https:\/\/www.ador-dental.de\/fr\/wp-json\/wp\/v2\/comments?post=28737"}],"version-history":[{"count":4,"href":"https:\/\/www.ador-dental.de\/fr\/wp-json\/wp\/v2\/product\/28737\/revisions"}],"predecessor-version":[{"id":29909,"href":"https:\/\/www.ador-dental.de\/fr\/wp-json\/wp\/v2\/product\/28737\/revisions\/29909"}],"wp:featuredmedia":[{"embeddable":true,"href":"https:\/\/www.ador-dental.de\/fr\/wp-json\/wp\/v2\/media\/28802"}],"wp:attachment":[{"href":"https:\/\/www.ador-dental.de\/fr\/wp-json\/wp\/v2\/media?parent=28737"}],"wp:term":[{"taxonomy":"product_brand","embeddable":true,"href":"https:\/\/www.ador-dental.de\/fr\/wp-json\/wp\/v2\/product_brand?post=28737"},{"taxonomy":"product_cat","embeddable":true,"href":"https:\/\/www.ador-dental.de\/fr\/wp-json\/wp\/v2\/product_cat?post=28737"},{"taxonomy":"product_tag","embeddable":true,"href":"https:\/\/www.ador-dental.de\/fr\/wp-json\/wp\/v2\/product_tag?post=28737"}],"curies":[{"name":"wp","href":"https:\/\/api.w.org\/{rel}","templated":true}]}}