{"id":28702,"date":"2024-09-10T10:22:05","date_gmt":"2024-09-10T08:22:05","guid":{"rendered":"https:\/\/www.ador-dental.de\/?post_type=product&#038;p=28702"},"modified":"2025-07-16T13:27:42","modified_gmt":"2025-07-16T11:27:42","slug":"r-radiusfraeser-zirkonoxid-ds-cam-o-06mm-t3-t8","status":"publish","type":"product","link":"https:\/\/www.ador-dental.de\/fr\/produit\/r-radiusfraeser-zirkonoxid-ds-cam-o-06mm-t3-t8\/","title":{"rendered":"Fraise \u00e0 rayon VHM \u00d8 0,6 mm, optimis\u00e9e pour l'usinage de l'oxyde de zirconium T3\/T8"},"content":{"rendered":"<div class=\"product--description\">Fraise \u00e0 rayon VHM \u00d80,6mm, optimis\u00e9e pour l'usinage de l'oxyde de zirconium, \u00e0 2 tranchants, pr\u00e9cision maximale gr\u00e2ce \u00e0 des tol\u00e9rances serr\u00e9es et \u00e0 des qualit\u00e9s de surface maximales, avec d\u00e9pouille l3=10mm, et REV\u00caTEMENT DIA PREMIUM, recommand\u00e9e pour les machines Roland avec queue d2=4mm<\/div>\n<div class=\"product--properties panel\">\n<h2 class=\"content--title\">Caract\u00e9ristiques du produit<\/h2>\n<table class=\"product--properties-table\">\n<tbody>\n<tr class=\"product--properties-row\">\n<td class=\"product--properties-label is--bold\">Type d'outils :<\/td>\n<td class=\"product--properties-value\">Fraise \u00e0 rayon<\/td>\n<\/tr>\n<tr class=\"product--properties-row\">\n<td class=\"product--properties-label is--bold\">Rayon ( r) :<\/td>\n<td class=\"product--properties-value\">0,3<\/td>\n<\/tr>\n<tr class=\"product--properties-row\">\n<td class=\"product--properties-label is--bold\">Mat\u00e9riaux pouvant \u00eatre trait\u00e9s :<\/td>\n<td class=\"product--properties-value\">Oxyde de zirconium<\/td>\n<\/tr>\n<tr class=\"product--properties-row\">\n<td class=\"product--properties-label is--bold\">compatible avec le syst\u00e8me de la machine :<\/td>\n<td class=\"product--properties-value\">Roland<\/td>\n<\/tr>\n<tr class=\"product--properties-row\">\n<td class=\"product--properties-label is--bold\">Diam\u00e8tre de coupe en mm (d1) :<\/td>\n<td class=\"product--properties-value\">0,6<\/td>\n<\/tr>\n<tr class=\"product--properties-row\">\n<td class=\"product--properties-label is--bold\">Diam\u00e8tre de la tige en mm (d2) :<\/td>\n<td class=\"product--properties-value\">4<\/td>\n<\/tr>\n<tr class=\"product--properties-row\">\n<td class=\"product--properties-label is--bold\">\u00e9quipe :<\/td>\n<td class=\"product--properties-value\">REV\u00caTEMENT DIA PREMIUM<\/td>\n<\/tr>\n<tr class=\"product--properties-row\">\n<td class=\"product--properties-label is--bold\">Longueur de la coupe libre en mm (l3) :<\/td>\n<td class=\"product--properties-value\">10<\/td>\n<\/tr>\n<tr class=\"product--properties-row\">\n<td class=\"product--properties-label is--bold\">Longueur totale en mm (l1) :<\/td>\n<td class=\"product--properties-value\">50<\/td>\n<\/tr>\n<tr class=\"product--properties-row\">\n<td class=\"product--properties-label is--bold\">Rayon (r) :<\/td>\n<td class=\"product--properties-value\">0,3<\/td>\n<\/tr>\n<tr class=\"product--properties-row\">\n<td class=\"product--properties-label is--bold\">Longueur de l'ar\u00eate de coupe en mm (l2) :<\/td>\n<td class=\"product--properties-value\">0,6<\/td>\n<\/tr>\n<tr class=\"product--properties-row\">\n<td class=\"product--properties-label is--bold\">Nombre de dents (z) :<\/td>\n<td class=\"product--properties-value\">2<\/td>\n<\/tr>\n<\/tbody>\n<\/table>\n<\/div>","protected":false},"excerpt":{"rendered":"<p>Fraise \u00e0 rayon VHM \u00d80,6mm, optimis\u00e9e pour l'usinage de l'oxyde de zirconium, \u00e0 2 tranchants, pr\u00e9cision maximale gr\u00e2ce \u00e0 des tol\u00e9rances serr\u00e9es et \u00e0 des qualit\u00e9s de surface maximales, avec d\u00e9pouille l3=10mm, et REV\u00caTEMENT DIA PREMIUM, recommand\u00e9e pour les machines Roland avec queue d2=4mm<\/p>","protected":false},"featured_media":28789,"comment_status":"open","ping_status":"closed","template":"","meta":{"neve_meta_sidebar":"","neve_meta_container":"","neve_meta_enable_content_width":"off","neve_meta_content_width":100,"neve_meta_title_alignment":"","neve_meta_author_avatar":"","neve_post_elements_order":"","neve_meta_disable_header":"","neve_meta_disable_footer":"","neve_meta_disable_title":"","_themeisle_gutenberg_block_has_review":false},"product_brand":[],"product_cat":[431,1143,470],"product_tag":[1146,1145,1139,1144],"class_list":{"0":"post-28702","1":"product","2":"type-product","3":"status-publish","4":"has-post-thumbnail","6":"product_cat-adormilling","7":"product_cat-roland-ds-cam","8":"product_cat-fraeser","9":"product_tag-dgshape","10":"product_tag-ds-cam","11":"product_tag-fraeser","12":"product_tag-zirkonoxid","14":"first","15":"instock","16":"taxable","17":"shipping-taxable","18":"purchasable","19":"product-type-simple"},"yoast_head":"<!-- This site is optimized with the Yoast SEO plugin v27.4 - https:\/\/yoast.com\/product\/yoast-seo-wordpress\/ -->\n<title>VHM-Radiusfr\u00e4ser \u00d80,6mm, optimiert f\u00fcr die Zirkonoxid-Bearbeitung T3\/T8 - Ador Dental GmbH<\/title>\n<meta name=\"description\" content=\"VHM-R-Radiusfr\u00e4ser \u00d80,6mm, optimiert f\u00fcr die Zirkonoxid-Bearbeitung, 2-schneidig, h\u00f6chste Pr\u00e4zision durch enge Toleranzen und h\u00f6chste Oberfl\u00e4cheng\u00fcten.\" \/>\n<meta name=\"robots\" content=\"index, follow, max-snippet:-1, max-image-preview:large, max-video-preview:-1\" \/>\n<link rel=\"canonical\" href=\"https:\/\/www.ador-dental.de\/fr\/produit\/r-radiusfraeser-zirkonoxid-ds-cam-o-06mm-t3-t8\/\" \/>\n<meta property=\"og:locale\" content=\"fr_FR\" \/>\n<meta property=\"og:type\" content=\"article\" \/>\n<meta property=\"og:title\" content=\"VHM-Radiusfr\u00e4ser \u00d80,6mm, optimiert f\u00fcr die Zirkonoxid-Bearbeitung T3\/T8 - Ador Dental GmbH\" \/>\n<meta property=\"og:description\" content=\"VHM-R-Radiusfr\u00e4ser \u00d80,6mm, optimiert f\u00fcr die Zirkonoxid-Bearbeitung, 2-schneidig, h\u00f6chste Pr\u00e4zision durch enge Toleranzen und h\u00f6chste Oberfl\u00e4cheng\u00fcten.\" \/>\n<meta property=\"og:url\" content=\"https:\/\/www.ador-dental.de\/fr\/produit\/r-radiusfraeser-zirkonoxid-ds-cam-o-06mm-t3-t8\/\" \/>\n<meta property=\"og:site_name\" content=\"Ador Dental GmbH\" \/>\n<meta property=\"article:modified_time\" content=\"2025-07-16T11:27:42+00:00\" \/>\n<meta property=\"og:image\" content=\"https:\/\/www.ador-dental.de\/wp-content\/uploads\/2024\/09\/804.050.A.HD_.jpg\" \/>\n\t<meta property=\"og:image:width\" content=\"1280\" \/>\n\t<meta property=\"og:image:height\" content=\"713\" \/>\n\t<meta property=\"og:image:type\" content=\"image\/jpeg\" \/>\n<meta name=\"twitter:card\" content=\"summary_large_image\" \/>\n<script type=\"application\/ld+json\" class=\"yoast-schema-graph\">{\"@context\":\"https:\\\/\\\/schema.org\",\"@graph\":[{\"@type\":\"WebPage\",\"@id\":\"https:\\\/\\\/www.ador-dental.de\\\/produkt\\\/r-radiusfraeser-zirkonoxid-ds-cam-o-06mm-t3-t8\\\/\",\"url\":\"https:\\\/\\\/www.ador-dental.de\\\/produkt\\\/r-radiusfraeser-zirkonoxid-ds-cam-o-06mm-t3-t8\\\/\",\"name\":\"VHM-Radiusfr\u00e4ser \u00d80,6mm, optimiert f\u00fcr die Zirkonoxid-Bearbeitung T3\\\/T8 - Ador Dental GmbH\",\"isPartOf\":{\"@id\":\"https:\\\/\\\/www.ador-dental.de\\\/en\\\/#website\"},\"primaryImageOfPage\":{\"@id\":\"https:\\\/\\\/www.ador-dental.de\\\/produkt\\\/r-radiusfraeser-zirkonoxid-ds-cam-o-06mm-t3-t8\\\/#primaryimage\"},\"image\":{\"@id\":\"https:\\\/\\\/www.ador-dental.de\\\/produkt\\\/r-radiusfraeser-zirkonoxid-ds-cam-o-06mm-t3-t8\\\/#primaryimage\"},\"thumbnailUrl\":\"https:\\\/\\\/www.ador-dental.de\\\/wp-content\\\/uploads\\\/2024\\\/09\\\/804.050.A.HD_.jpg\",\"datePublished\":\"2024-09-10T08:22:05+00:00\",\"dateModified\":\"2025-07-16T11:27:42+00:00\",\"description\":\"VHM-R-Radiusfr\u00e4ser \u00d80,6mm, optimiert f\u00fcr die Zirkonoxid-Bearbeitung, 2-schneidig, h\u00f6chste Pr\u00e4zision durch enge Toleranzen und h\u00f6chste Oberfl\u00e4cheng\u00fcten.\",\"breadcrumb\":{\"@id\":\"https:\\\/\\\/www.ador-dental.de\\\/produkt\\\/r-radiusfraeser-zirkonoxid-ds-cam-o-06mm-t3-t8\\\/#breadcrumb\"},\"inLanguage\":\"fr-FR\",\"potentialAction\":[{\"@type\":\"ReadAction\",\"target\":[\"https:\\\/\\\/www.ador-dental.de\\\/produkt\\\/r-radiusfraeser-zirkonoxid-ds-cam-o-06mm-t3-t8\\\/\"]}]},{\"@type\":\"ImageObject\",\"inLanguage\":\"fr-FR\",\"@id\":\"https:\\\/\\\/www.ador-dental.de\\\/produkt\\\/r-radiusfraeser-zirkonoxid-ds-cam-o-06mm-t3-t8\\\/#primaryimage\",\"url\":\"https:\\\/\\\/www.ador-dental.de\\\/wp-content\\\/uploads\\\/2024\\\/09\\\/804.050.A.HD_.jpg\",\"contentUrl\":\"https:\\\/\\\/www.ador-dental.de\\\/wp-content\\\/uploads\\\/2024\\\/09\\\/804.050.A.HD_.jpg\",\"width\":1280,\"height\":713},{\"@type\":\"BreadcrumbList\",\"@id\":\"https:\\\/\\\/www.ador-dental.de\\\/produkt\\\/r-radiusfraeser-zirkonoxid-ds-cam-o-06mm-t3-t8\\\/#breadcrumb\",\"itemListElement\":[{\"@type\":\"ListItem\",\"position\":1,\"name\":\"Startseite\",\"item\":\"https:\\\/\\\/www.ador-dental.de\\\/\"},{\"@type\":\"ListItem\",\"position\":2,\"name\":\"Shop\",\"item\":\"https:\\\/\\\/www.ador-dental.de\\\/en\\\/shop\\\/\"},{\"@type\":\"ListItem\",\"position\":3,\"name\":\"VHM-Radiusfr\u00e4ser \u00d80,6mm, optimiert f\u00fcr die Zirkonoxid-Bearbeitung T3\\\/T8\"}]},{\"@type\":\"WebSite\",\"@id\":\"https:\\\/\\\/www.ador-dental.de\\\/en\\\/#website\",\"url\":\"https:\\\/\\\/www.ador-dental.de\\\/en\\\/\",\"name\":\"Ador Dental GmbH\",\"description\":\"\",\"publisher\":{\"@id\":\"https:\\\/\\\/www.ador-dental.de\\\/en\\\/#organization\"},\"potentialAction\":[{\"@type\":\"SearchAction\",\"target\":{\"@type\":\"EntryPoint\",\"urlTemplate\":\"https:\\\/\\\/www.ador-dental.de\\\/en\\\/?s={search_term_string}\"},\"query-input\":{\"@type\":\"PropertyValueSpecification\",\"valueRequired\":true,\"valueName\":\"search_term_string\"}}],\"inLanguage\":\"fr-FR\"},{\"@type\":\"Organization\",\"@id\":\"https:\\\/\\\/www.ador-dental.de\\\/en\\\/#organization\",\"name\":\"Ador Dental GmbH\",\"url\":\"https:\\\/\\\/www.ador-dental.de\\\/en\\\/\",\"logo\":{\"@type\":\"ImageObject\",\"inLanguage\":\"fr-FR\",\"@id\":\"https:\\\/\\\/www.ador-dental.de\\\/en\\\/#\\\/schema\\\/logo\\\/image\\\/\",\"url\":\"https:\\\/\\\/www.ador-dental.de\\\/wp-content\\\/uploads\\\/2021\\\/10\\\/ADOR_Logo_DentalSolutions_2020_Black.svg\",\"contentUrl\":\"https:\\\/\\\/www.ador-dental.de\\\/wp-content\\\/uploads\\\/2021\\\/10\\\/ADOR_Logo_DentalSolutions_2020_Black.svg\",\"width\":678,\"height\":261,\"caption\":\"Ador Dental GmbH\"},\"image\":{\"@id\":\"https:\\\/\\\/www.ador-dental.de\\\/en\\\/#\\\/schema\\\/logo\\\/image\\\/\"}}]}<\/script>\n<!-- \/ Yoast SEO plugin. -->","yoast_head_json":{"title":"VHM-Radiusfr\u00e4ser \u00d80,6mm, optimiert f\u00fcr die Zirkonoxid-Bearbeitung T3\/T8 - Ador Dental GmbH","description":"VHM-R-Radiusfr\u00e4ser \u00d80,6mm, optimiert f\u00fcr die Zirkonoxid-Bearbeitung, 2-schneidig, h\u00f6chste Pr\u00e4zision durch enge Toleranzen und h\u00f6chste Oberfl\u00e4cheng\u00fcten.","robots":{"index":"index","follow":"follow","max-snippet":"max-snippet:-1","max-image-preview":"max-image-preview:large","max-video-preview":"max-video-preview:-1"},"canonical":"https:\/\/www.ador-dental.de\/fr\/produit\/r-radiusfraeser-zirkonoxid-ds-cam-o-06mm-t3-t8\/","og_locale":"fr_FR","og_type":"article","og_title":"VHM-Radiusfr\u00e4ser \u00d80,6mm, optimiert f\u00fcr die Zirkonoxid-Bearbeitung T3\/T8 - Ador Dental GmbH","og_description":"VHM-R-Radiusfr\u00e4ser \u00d80,6mm, optimiert f\u00fcr die Zirkonoxid-Bearbeitung, 2-schneidig, h\u00f6chste Pr\u00e4zision durch enge Toleranzen und h\u00f6chste Oberfl\u00e4cheng\u00fcten.","og_url":"https:\/\/www.ador-dental.de\/fr\/produit\/r-radiusfraeser-zirkonoxid-ds-cam-o-06mm-t3-t8\/","og_site_name":"Ador Dental GmbH","article_modified_time":"2025-07-16T11:27:42+00:00","og_image":[{"width":1280,"height":713,"url":"https:\/\/www.ador-dental.de\/wp-content\/uploads\/2024\/09\/804.050.A.HD_.jpg","type":"image\/jpeg"}],"twitter_card":"summary_large_image","schema":{"@context":"https:\/\/schema.org","@graph":[{"@type":"WebPage","@id":"https:\/\/www.ador-dental.de\/produkt\/r-radiusfraeser-zirkonoxid-ds-cam-o-06mm-t3-t8\/","url":"https:\/\/www.ador-dental.de\/produkt\/r-radiusfraeser-zirkonoxid-ds-cam-o-06mm-t3-t8\/","name":"VHM-Radiusfr\u00e4ser \u00d80,6mm, optimiert f\u00fcr die Zirkonoxid-Bearbeitung T3\/T8 - Ador Dental GmbH","isPartOf":{"@id":"https:\/\/www.ador-dental.de\/en\/#website"},"primaryImageOfPage":{"@id":"https:\/\/www.ador-dental.de\/produkt\/r-radiusfraeser-zirkonoxid-ds-cam-o-06mm-t3-t8\/#primaryimage"},"image":{"@id":"https:\/\/www.ador-dental.de\/produkt\/r-radiusfraeser-zirkonoxid-ds-cam-o-06mm-t3-t8\/#primaryimage"},"thumbnailUrl":"https:\/\/www.ador-dental.de\/wp-content\/uploads\/2024\/09\/804.050.A.HD_.jpg","datePublished":"2024-09-10T08:22:05+00:00","dateModified":"2025-07-16T11:27:42+00:00","description":"VHM-R-Radiusfr\u00e4ser \u00d80,6mm, optimiert f\u00fcr die Zirkonoxid-Bearbeitung, 2-schneidig, h\u00f6chste Pr\u00e4zision durch enge Toleranzen und h\u00f6chste Oberfl\u00e4cheng\u00fcten.","breadcrumb":{"@id":"https:\/\/www.ador-dental.de\/produkt\/r-radiusfraeser-zirkonoxid-ds-cam-o-06mm-t3-t8\/#breadcrumb"},"inLanguage":"fr-FR","potentialAction":[{"@type":"ReadAction","target":["https:\/\/www.ador-dental.de\/produkt\/r-radiusfraeser-zirkonoxid-ds-cam-o-06mm-t3-t8\/"]}]},{"@type":"ImageObject","inLanguage":"fr-FR","@id":"https:\/\/www.ador-dental.de\/produkt\/r-radiusfraeser-zirkonoxid-ds-cam-o-06mm-t3-t8\/#primaryimage","url":"https:\/\/www.ador-dental.de\/wp-content\/uploads\/2024\/09\/804.050.A.HD_.jpg","contentUrl":"https:\/\/www.ador-dental.de\/wp-content\/uploads\/2024\/09\/804.050.A.HD_.jpg","width":1280,"height":713},{"@type":"BreadcrumbList","@id":"https:\/\/www.ador-dental.de\/produkt\/r-radiusfraeser-zirkonoxid-ds-cam-o-06mm-t3-t8\/#breadcrumb","itemListElement":[{"@type":"ListItem","position":1,"name":"Startseite","item":"https:\/\/www.ador-dental.de\/"},{"@type":"ListItem","position":2,"name":"Shop","item":"https:\/\/www.ador-dental.de\/en\/shop\/"},{"@type":"ListItem","position":3,"name":"VHM-Radiusfr\u00e4ser \u00d80,6mm, optimiert f\u00fcr die Zirkonoxid-Bearbeitung T3\/T8"}]},{"@type":"WebSite","@id":"https:\/\/www.ador-dental.de\/en\/#website","url":"https:\/\/www.ador-dental.de\/en\/","name":"Ador Dental GmbH","description":"","publisher":{"@id":"https:\/\/www.ador-dental.de\/en\/#organization"},"potentialAction":[{"@type":"SearchAction","target":{"@type":"EntryPoint","urlTemplate":"https:\/\/www.ador-dental.de\/en\/?s={search_term_string}"},"query-input":{"@type":"PropertyValueSpecification","valueRequired":true,"valueName":"search_term_string"}}],"inLanguage":"fr-FR"},{"@type":"Organization","@id":"https:\/\/www.ador-dental.de\/en\/#organization","name":"Ador Dental GmbH","url":"https:\/\/www.ador-dental.de\/en\/","logo":{"@type":"ImageObject","inLanguage":"fr-FR","@id":"https:\/\/www.ador-dental.de\/en\/#\/schema\/logo\/image\/","url":"https:\/\/www.ador-dental.de\/wp-content\/uploads\/2021\/10\/ADOR_Logo_DentalSolutions_2020_Black.svg","contentUrl":"https:\/\/www.ador-dental.de\/wp-content\/uploads\/2021\/10\/ADOR_Logo_DentalSolutions_2020_Black.svg","width":678,"height":261,"caption":"Ador Dental GmbH"},"image":{"@id":"https:\/\/www.ador-dental.de\/en\/#\/schema\/logo\/image\/"}}]}},"_links":{"self":[{"href":"https:\/\/www.ador-dental.de\/fr\/wp-json\/wp\/v2\/product\/28702","targetHints":{"allow":["GET"]}}],"collection":[{"href":"https:\/\/www.ador-dental.de\/fr\/wp-json\/wp\/v2\/product"}],"about":[{"href":"https:\/\/www.ador-dental.de\/fr\/wp-json\/wp\/v2\/types\/product"}],"replies":[{"embeddable":true,"href":"https:\/\/www.ador-dental.de\/fr\/wp-json\/wp\/v2\/comments?post=28702"}],"version-history":[{"count":2,"href":"https:\/\/www.ador-dental.de\/fr\/wp-json\/wp\/v2\/product\/28702\/revisions"}],"predecessor-version":[{"id":29934,"href":"https:\/\/www.ador-dental.de\/fr\/wp-json\/wp\/v2\/product\/28702\/revisions\/29934"}],"wp:featuredmedia":[{"embeddable":true,"href":"https:\/\/www.ador-dental.de\/fr\/wp-json\/wp\/v2\/media\/28789"}],"wp:attachment":[{"href":"https:\/\/www.ador-dental.de\/fr\/wp-json\/wp\/v2\/media?parent=28702"}],"wp:term":[{"taxonomy":"product_brand","embeddable":true,"href":"https:\/\/www.ador-dental.de\/fr\/wp-json\/wp\/v2\/product_brand?post=28702"},{"taxonomy":"product_cat","embeddable":true,"href":"https:\/\/www.ador-dental.de\/fr\/wp-json\/wp\/v2\/product_cat?post=28702"},{"taxonomy":"product_tag","embeddable":true,"href":"https:\/\/www.ador-dental.de\/fr\/wp-json\/wp\/v2\/product_tag?post=28702"}],"curies":[{"name":"wp","href":"https:\/\/api.w.org\/{rel}","templated":true}]}}