{"id":26915,"date":"2023-09-18T12:00:42","date_gmt":"2023-09-18T10:00:42","guid":{"rendered":"https:\/\/www.ador-dental.de\/?post_type=product&#038;p=26915"},"modified":"2025-04-11T10:37:04","modified_gmt":"2025-04-11T08:37:04","slug":"smart-optics-mini","status":"publish","type":"product","link":"https:\/\/www.ador-dental.de\/fr\/produit\/smart-optics-mini\/","title":{"rendered":"smart optics mini"},"content":{"rendered":"<div class=\"fusion-title title fusion-title-1 fusion-sep-none fusion-title-text fusion-title-size-one\">\n<h4 class=\"fusion-title-heading title-heading-left\"><strong>smart optics mini<\/strong><\/h4>\n<\/div>\n<div class=\"fusion-text fusion-text-1\">\n<p>Avec le smart optics mini, nous proposons une extension \u00e9conomique mais de haute qualit\u00e9 de notre portefeuille, en plus de nos scanners haute performance tr\u00e8s appr\u00e9ci\u00e9s. Le scanner au design moderne renonce compl\u00e8tement \u00e0 une plaque de fond, un avantage pour l'installation et le nettoyage. Le nouveau scanner 3D de bureau enti\u00e8rement automatique made in Germany est le scanner 3D le plus silencieux du march\u00e9 et peut r\u00e9aliser avec pr\u00e9cision les indications dentaires courantes. Il est id\u00e9al pour tous les d\u00e9butants et les professionnels qui souhaitent produire en interne de mani\u00e8re simple, rapide et pr\u00e9cise \u00e0 des conditions avantageuses.<\/p>\n<\/div>\n<h4><strong>Le parfait E<\/strong><strong>\u00e0 l'entr\u00e9e.<\/strong><\/h4>\n<p>Le design ouvert permet aux utilisateurs d'agir rapidement dans la zone de scannage. En retirant l'unit\u00e9 pivotante, le smart optics mini fait de la place pour les articulateurs. M\u00eame les grands articulateurs y trouvent facilement leur place. Les fonctions contenues dans l'\u00e9tat de livraison sont choisies de mani\u00e8re \u00e0 ce que les cas courants de technique dentaire et d'orthodontie puissent \u00eatre scann\u00e9s. L'\u00e9tendue des fonctions du smart optics mini peut \u00eatre \u00e9largie jusqu'\u00e0 trois modules si n\u00e9cessaire. Quelle que soit votre d\u00e9cision, la garantie de 2 ans et sa pr\u00e9cision de &lt; 6\u03bcm restent les m\u00eames. Bien entendu, le smart optics mini poss\u00e8de une interface aussi bien avec exocad DentalCAD<sup>\u00ae<\/sup>\u00a0que sur le logiciel OnyxCeph\u00b3\u2122.<\/p>\n<div class=\"fusion-text fusion-text-2\">\n<p>Le mode smart optics Comfort payant \u00e9largit \u00e9norm\u00e9ment la gamme de fonctions du smart optics mini. Il comprend une mise \u00e0 jour de la vitesse, qui rend le scanner plus rapide d'environ 25%, ainsi que les fonctionnalit\u00e9s suivantes :<\/p>\n<\/div>\n<ul class=\"fusion-checklist fusion-checklist-1 fusion-checklist-default type-icons\">\n<li class=\"fusion-li-item\"><i class=\"fusion-li-icon awb-icon-check\" aria-hidden=\"true\"><\/i>\n<div class=\"fusion-li-item-content\">Auto-articulation<\/div>\n<\/li>\n<li class=\"fusion-li-item\"><i class=\"fusion-li-icon awb-icon-check\" aria-hidden=\"true\"><\/i>\n<div class=\"fusion-li-item-content\">Balayage de texture en couleur\/monochrome<\/div>\n<\/li>\n<li class=\"fusion-li-item\"><i class=\"fusion-li-icon awb-icon-check\" aria-hidden=\"true\"><\/i>\n<div class=\"fusion-li-item-content\">\n<p>Ajouter un scan<\/p>\n<\/div>\n<\/li>\n<li class=\"fusion-li-item\"><i class=\"fusion-li-icon awb-icon-check\" aria-hidden=\"true\"><\/i>\n<div class=\"fusion-li-item-content\">Scan de correction<\/div>\n<\/li>\n<li class=\"fusion-li-item\"><i class=\"fusion-li-icon awb-icon-check\" aria-hidden=\"true\"><\/i>\n<div class=\"fusion-li-item-content\">Plan de coupe automatique<\/div>\n<\/li>\n<li class=\"fusion-li-item\"><i class=\"fusion-li-icon awb-icon-check\" aria-hidden=\"true\"><\/i>\n<div class=\"fusion-li-item-content\">Workflow libre \"indepenDent Mode\" (mode indepenDent)<\/div>\n<\/li>\n<li class=\"fusion-li-item\"><i class=\"fusion-li-icon awb-icon-check\" aria-hidden=\"true\"><\/i>\n<div class=\"fusion-li-item-content\">Param\u00e8tre \"Afficher une \u00e9tape de v\u00e9rification apr\u00e8s chaque analyse\".<\/div>\n<\/li>\n<li class=\"fusion-li-item\"><i class=\"fusion-li-icon awb-icon-check\" aria-hidden=\"true\"><\/i>\n<div class=\"fusion-li-item-content\">R\u00e9glage \"Bright &amp; Dark Mode<\/div>\n<\/li>\n<li class=\"fusion-li-item\"><i class=\"fusion-li-icon awb-icon-check\" aria-hidden=\"true\"><\/i>\n<div class=\"fusion-li-item-content\">Param\u00e8tre \"R\u00e9pertoire du cache<\/div>\n<\/li>\n<li class=\"fusion-li-item\"><i class=\"fusion-li-icon awb-icon-check\" aria-hidden=\"true\"><\/i>\n<div class=\"fusion-li-item-content\">Projet universel<\/div>\n<\/li>\n<\/ul>\n<h4>Faits concrets<\/h4>\n<div class=\"hardfacts__row\">\n<div class=\"hardfacts__row--caption\">\n<p>Vitesse de scannage m\u00e2choire compl\u00e8te : 14 sec. moignon unique : 25 sec. bridge \u00e0 3 \u00e9l\u00e9ments : 40 sec.<\/p>\n<\/div>\n<\/div>\n<div class=\"hardfacts__row\">\n<div class=\"hardfacts__row--caption\">\n<p>Pr\u00e9cision 6\u00b5m (ISO 12836)<\/p>\n<\/div>\n<\/div>\n<div class=\"hardfacts__row\">\n<div class=\"hardfacts__row--caption\">\n<p>R\u00e9solution de la cam\u00e9ra 1 x 1,6 MP<\/p>\n<\/div>\n<\/div>\n<div class=\"hardfacts__row\">\n<div class=\"hardfacts__row--caption\">\n<p>Technologie du capteur Triangulation de la lumi\u00e8re blanche en bande<\/p>\n<\/div>\n<\/div>\n<div class=\"hardfacts__row\">\n<div class=\"hardfacts__row--caption\">\n<p>Garantie 4 ans<\/p>\n<\/div>\n<\/div>","protected":false},"excerpt":{"rendered":"<div class=\"machine__entry--intro\">\n<p class=\"machine--teaser\"><strong>L'entr\u00e9e en mati\u00e8re parfaite<\/strong><\/p>\n<\/div>\n<div class=\"machine__entry--desc\">\n<p>R\u00e9duit \u00e0 l'essentiel, nous proposons avec le \"smart optics mini\" une alternative \u00e9conomique aux scanners haute performance.<\/p>\n<\/div>\n<p><strong>Prix sur demande<\/strong><\/p>\n<p>PRIX DE VENTE CONSEILL\u00c9 5 990,00<\/p>","protected":false},"featured_media":26999,"comment_status":"open","ping_status":"closed","template":"","meta":{"neve_meta_sidebar":"","neve_meta_container":"","neve_meta_enable_content_width":"off","neve_meta_content_width":70,"neve_meta_title_alignment":"","neve_meta_author_avatar":"","neve_post_elements_order":"","neve_meta_disable_header":"","neve_meta_disable_footer":"","neve_meta_disable_title":"","_themeisle_gutenberg_block_has_review":false},"product_brand":[],"product_cat":[624,778],"product_tag":[],"class_list":{"0":"post-26915","1":"product","2":"type-product","3":"status-publish","4":"has-post-thumbnail","6":"product_cat-equipment","7":"product_cat-smart-optics","9":"first","10":"instock","11":"taxable","12":"shipping-taxable","13":"product-type-simple"},"yoast_head":"<!-- This site is optimized with the Yoast SEO plugin v27.6 - https:\/\/yoast.com\/product\/yoast-seo-wordpress\/ -->\n<title>smart optics mini - Ador Dental GmbH<\/title>\n<meta name=\"description\" content=\"Der Smart Optics Mini ist eine kosteng\u00fcnstige, aber qualitativ hochwertige Erweiterung unseres Smart Optics - Portfolios.\" \/>\n<meta name=\"robots\" content=\"index, follow, max-snippet:-1, max-image-preview:large, max-video-preview:-1\" \/>\n<link rel=\"canonical\" href=\"https:\/\/www.ador-dental.de\/fr\/produit\/smart-optics-mini\/\" \/>\n<meta property=\"og:locale\" content=\"fr_FR\" \/>\n<meta property=\"og:type\" content=\"article\" \/>\n<meta property=\"og:title\" content=\"smart optics mini - Ador Dental GmbH\" \/>\n<meta property=\"og:description\" content=\"Der Smart Optics Mini ist eine kosteng\u00fcnstige, aber qualitativ hochwertige Erweiterung unseres Smart Optics - Portfolios.\" \/>\n<meta property=\"og:url\" content=\"https:\/\/www.ador-dental.de\/fr\/produit\/smart-optics-mini\/\" \/>\n<meta property=\"og:site_name\" content=\"Ador Dental GmbH\" \/>\n<meta property=\"article:modified_time\" content=\"2025-04-11T08:37:04+00:00\" \/>\n<meta property=\"og:image\" content=\"https:\/\/www.ador-dental.de\/wp-content\/uploads\/2023\/09\/Mini1.png\" \/>\n\t<meta property=\"og:image:width\" content=\"1024\" \/>\n\t<meta property=\"og:image:height\" content=\"1024\" \/>\n\t<meta property=\"og:image:type\" content=\"image\/png\" \/>\n<meta name=\"twitter:card\" content=\"summary_large_image\" \/>\n<meta name=\"twitter:label1\" content=\"Dur\u00e9e de lecture estim\u00e9e\" \/>\n\t<meta name=\"twitter:data1\" content=\"1 minute\" \/>\n<script type=\"application\/ld+json\" class=\"yoast-schema-graph\">{\"@context\":\"https:\\\/\\\/schema.org\",\"@graph\":[{\"@type\":\"WebPage\",\"@id\":\"https:\\\/\\\/www.ador-dental.de\\\/produkt\\\/smart-optics-mini\\\/\",\"url\":\"https:\\\/\\\/www.ador-dental.de\\\/produkt\\\/smart-optics-mini\\\/\",\"name\":\"smart optics mini - Ador Dental GmbH\",\"isPartOf\":{\"@id\":\"https:\\\/\\\/www.ador-dental.de\\\/en\\\/#website\"},\"primaryImageOfPage\":{\"@id\":\"https:\\\/\\\/www.ador-dental.de\\\/produkt\\\/smart-optics-mini\\\/#primaryimage\"},\"image\":{\"@id\":\"https:\\\/\\\/www.ador-dental.de\\\/produkt\\\/smart-optics-mini\\\/#primaryimage\"},\"thumbnailUrl\":\"https:\\\/\\\/www.ador-dental.de\\\/wp-content\\\/uploads\\\/2023\\\/09\\\/Mini1.png\",\"datePublished\":\"2023-09-18T10:00:42+00:00\",\"dateModified\":\"2025-04-11T08:37:04+00:00\",\"description\":\"Der Smart Optics Mini ist eine kosteng\u00fcnstige, aber qualitativ hochwertige Erweiterung unseres Smart Optics - Portfolios.\",\"breadcrumb\":{\"@id\":\"https:\\\/\\\/www.ador-dental.de\\\/produkt\\\/smart-optics-mini\\\/#breadcrumb\"},\"inLanguage\":\"fr-FR\",\"potentialAction\":[{\"@type\":\"ReadAction\",\"target\":[\"https:\\\/\\\/www.ador-dental.de\\\/produkt\\\/smart-optics-mini\\\/\"]}]},{\"@type\":\"ImageObject\",\"inLanguage\":\"fr-FR\",\"@id\":\"https:\\\/\\\/www.ador-dental.de\\\/produkt\\\/smart-optics-mini\\\/#primaryimage\",\"url\":\"https:\\\/\\\/www.ador-dental.de\\\/wp-content\\\/uploads\\\/2023\\\/09\\\/Mini1.png\",\"contentUrl\":\"https:\\\/\\\/www.ador-dental.de\\\/wp-content\\\/uploads\\\/2023\\\/09\\\/Mini1.png\",\"width\":1024,\"height\":1024},{\"@type\":\"BreadcrumbList\",\"@id\":\"https:\\\/\\\/www.ador-dental.de\\\/produkt\\\/smart-optics-mini\\\/#breadcrumb\",\"itemListElement\":[{\"@type\":\"ListItem\",\"position\":1,\"name\":\"Startseite\",\"item\":\"https:\\\/\\\/www.ador-dental.de\\\/\"},{\"@type\":\"ListItem\",\"position\":2,\"name\":\"Shop\",\"item\":\"https:\\\/\\\/www.ador-dental.de\\\/en\\\/shop\\\/\"},{\"@type\":\"ListItem\",\"position\":3,\"name\":\"smart optics mini\"}]},{\"@type\":\"WebSite\",\"@id\":\"https:\\\/\\\/www.ador-dental.de\\\/en\\\/#website\",\"url\":\"https:\\\/\\\/www.ador-dental.de\\\/en\\\/\",\"name\":\"Ador Dental GmbH\",\"description\":\"\",\"publisher\":{\"@id\":\"https:\\\/\\\/www.ador-dental.de\\\/en\\\/#organization\"},\"potentialAction\":[{\"@type\":\"SearchAction\",\"target\":{\"@type\":\"EntryPoint\",\"urlTemplate\":\"https:\\\/\\\/www.ador-dental.de\\\/en\\\/?s={search_term_string}\"},\"query-input\":{\"@type\":\"PropertyValueSpecification\",\"valueRequired\":true,\"valueName\":\"search_term_string\"}}],\"inLanguage\":\"fr-FR\"},{\"@type\":\"Organization\",\"@id\":\"https:\\\/\\\/www.ador-dental.de\\\/en\\\/#organization\",\"name\":\"Ador Dental GmbH\",\"url\":\"https:\\\/\\\/www.ador-dental.de\\\/en\\\/\",\"logo\":{\"@type\":\"ImageObject\",\"inLanguage\":\"fr-FR\",\"@id\":\"https:\\\/\\\/www.ador-dental.de\\\/en\\\/#\\\/schema\\\/logo\\\/image\\\/\",\"url\":\"https:\\\/\\\/www.ador-dental.de\\\/wp-content\\\/uploads\\\/2021\\\/10\\\/ADOR_Logo_DentalSolutions_2020_Black.svg\",\"contentUrl\":\"https:\\\/\\\/www.ador-dental.de\\\/wp-content\\\/uploads\\\/2021\\\/10\\\/ADOR_Logo_DentalSolutions_2020_Black.svg\",\"width\":678,\"height\":261,\"caption\":\"Ador Dental GmbH\"},\"image\":{\"@id\":\"https:\\\/\\\/www.ador-dental.de\\\/en\\\/#\\\/schema\\\/logo\\\/image\\\/\"}}]}<\/script>\n<!-- \/ Yoast SEO plugin. -->","yoast_head_json":{"title":"smart optics mini - Ador Dental GmbH","description":"Der Smart Optics Mini ist eine kosteng\u00fcnstige, aber qualitativ hochwertige Erweiterung unseres Smart Optics - Portfolios.","robots":{"index":"index","follow":"follow","max-snippet":"max-snippet:-1","max-image-preview":"max-image-preview:large","max-video-preview":"max-video-preview:-1"},"canonical":"https:\/\/www.ador-dental.de\/fr\/produit\/smart-optics-mini\/","og_locale":"fr_FR","og_type":"article","og_title":"smart optics mini - Ador Dental GmbH","og_description":"Der Smart Optics Mini ist eine kosteng\u00fcnstige, aber qualitativ hochwertige Erweiterung unseres Smart Optics - Portfolios.","og_url":"https:\/\/www.ador-dental.de\/fr\/produit\/smart-optics-mini\/","og_site_name":"Ador Dental GmbH","article_modified_time":"2025-04-11T08:37:04+00:00","og_image":[{"width":1024,"height":1024,"url":"https:\/\/www.ador-dental.de\/wp-content\/uploads\/2023\/09\/Mini1.png","type":"image\/png"}],"twitter_card":"summary_large_image","twitter_misc":{"Dur\u00e9e de lecture estim\u00e9e":"1 minute"},"schema":{"@context":"https:\/\/schema.org","@graph":[{"@type":"WebPage","@id":"https:\/\/www.ador-dental.de\/produkt\/smart-optics-mini\/","url":"https:\/\/www.ador-dental.de\/produkt\/smart-optics-mini\/","name":"smart optics mini - Ador Dental GmbH","isPartOf":{"@id":"https:\/\/www.ador-dental.de\/en\/#website"},"primaryImageOfPage":{"@id":"https:\/\/www.ador-dental.de\/produkt\/smart-optics-mini\/#primaryimage"},"image":{"@id":"https:\/\/www.ador-dental.de\/produkt\/smart-optics-mini\/#primaryimage"},"thumbnailUrl":"https:\/\/www.ador-dental.de\/wp-content\/uploads\/2023\/09\/Mini1.png","datePublished":"2023-09-18T10:00:42+00:00","dateModified":"2025-04-11T08:37:04+00:00","description":"Der Smart Optics Mini ist eine kosteng\u00fcnstige, aber qualitativ hochwertige Erweiterung unseres Smart Optics - Portfolios.","breadcrumb":{"@id":"https:\/\/www.ador-dental.de\/produkt\/smart-optics-mini\/#breadcrumb"},"inLanguage":"fr-FR","potentialAction":[{"@type":"ReadAction","target":["https:\/\/www.ador-dental.de\/produkt\/smart-optics-mini\/"]}]},{"@type":"ImageObject","inLanguage":"fr-FR","@id":"https:\/\/www.ador-dental.de\/produkt\/smart-optics-mini\/#primaryimage","url":"https:\/\/www.ador-dental.de\/wp-content\/uploads\/2023\/09\/Mini1.png","contentUrl":"https:\/\/www.ador-dental.de\/wp-content\/uploads\/2023\/09\/Mini1.png","width":1024,"height":1024},{"@type":"BreadcrumbList","@id":"https:\/\/www.ador-dental.de\/produkt\/smart-optics-mini\/#breadcrumb","itemListElement":[{"@type":"ListItem","position":1,"name":"Startseite","item":"https:\/\/www.ador-dental.de\/"},{"@type":"ListItem","position":2,"name":"Shop","item":"https:\/\/www.ador-dental.de\/en\/shop\/"},{"@type":"ListItem","position":3,"name":"smart optics mini"}]},{"@type":"WebSite","@id":"https:\/\/www.ador-dental.de\/en\/#website","url":"https:\/\/www.ador-dental.de\/en\/","name":"Ador Dental GmbH","description":"","publisher":{"@id":"https:\/\/www.ador-dental.de\/en\/#organization"},"potentialAction":[{"@type":"SearchAction","target":{"@type":"EntryPoint","urlTemplate":"https:\/\/www.ador-dental.de\/en\/?s={search_term_string}"},"query-input":{"@type":"PropertyValueSpecification","valueRequired":true,"valueName":"search_term_string"}}],"inLanguage":"fr-FR"},{"@type":"Organization","@id":"https:\/\/www.ador-dental.de\/en\/#organization","name":"Ador Dental GmbH","url":"https:\/\/www.ador-dental.de\/en\/","logo":{"@type":"ImageObject","inLanguage":"fr-FR","@id":"https:\/\/www.ador-dental.de\/en\/#\/schema\/logo\/image\/","url":"https:\/\/www.ador-dental.de\/wp-content\/uploads\/2021\/10\/ADOR_Logo_DentalSolutions_2020_Black.svg","contentUrl":"https:\/\/www.ador-dental.de\/wp-content\/uploads\/2021\/10\/ADOR_Logo_DentalSolutions_2020_Black.svg","width":678,"height":261,"caption":"Ador Dental GmbH"},"image":{"@id":"https:\/\/www.ador-dental.de\/en\/#\/schema\/logo\/image\/"}}]}},"_links":{"self":[{"href":"https:\/\/www.ador-dental.de\/fr\/wp-json\/wp\/v2\/product\/26915","targetHints":{"allow":["GET"]}}],"collection":[{"href":"https:\/\/www.ador-dental.de\/fr\/wp-json\/wp\/v2\/product"}],"about":[{"href":"https:\/\/www.ador-dental.de\/fr\/wp-json\/wp\/v2\/types\/product"}],"replies":[{"embeddable":true,"href":"https:\/\/www.ador-dental.de\/fr\/wp-json\/wp\/v2\/comments?post=26915"}],"version-history":[{"count":7,"href":"https:\/\/www.ador-dental.de\/fr\/wp-json\/wp\/v2\/product\/26915\/revisions"}],"predecessor-version":[{"id":27766,"href":"https:\/\/www.ador-dental.de\/fr\/wp-json\/wp\/v2\/product\/26915\/revisions\/27766"}],"wp:featuredmedia":[{"embeddable":true,"href":"https:\/\/www.ador-dental.de\/fr\/wp-json\/wp\/v2\/media\/26999"}],"wp:attachment":[{"href":"https:\/\/www.ador-dental.de\/fr\/wp-json\/wp\/v2\/media?parent=26915"}],"wp:term":[{"taxonomy":"product_brand","embeddable":true,"href":"https:\/\/www.ador-dental.de\/fr\/wp-json\/wp\/v2\/product_brand?post=26915"},{"taxonomy":"product_cat","embeddable":true,"href":"https:\/\/www.ador-dental.de\/fr\/wp-json\/wp\/v2\/product_cat?post=26915"},{"taxonomy":"product_tag","embeddable":true,"href":"https:\/\/www.ador-dental.de\/fr\/wp-json\/wp\/v2\/product_tag?post=26915"}],"curies":[{"name":"wp","href":"https:\/\/api.w.org\/{rel}","templated":true}]}}