{"id":26234,"date":"2023-05-23T15:02:54","date_gmt":"2023-05-23T13:02:54","guid":{"rendered":"https:\/\/www.ador-dental.de\/?post_type=product&#038;p=26234"},"modified":"2026-03-05T09:43:36","modified_gmt":"2026-03-05T08:43:36","slug":"keyprint-keymodel-ultra-beige-grau-sand-1kg","status":"publish","type":"product","link":"https:\/\/www.ador-dental.de\/fr\/produit\/keyprint-keymodel-ultra-beige-grau-sand-1kg\/","title":{"rendered":"KeyPrint KeyModel Ultra beige\/ gris\/ sable 1kg"},"content":{"rendered":"<div class=\"product--detail-main-lower-header-block\">\n<h3>Details KeyModel Ultra beige, grau und Sand 1kg<\/h3>\n<\/div>\n<div class=\"product--detail-main-lower-left-block-short\">\n<p>En se basant sur le d\u00e9veloppement brevet\u00e9 du mat\u00e9riau de rail KeySplint Soft, qui conna\u00eet un grand succ\u00e8s, Keystone Industries a \u00e9galement d\u00e9velopp\u00e9 un tout nouveau mod\u00e8le de r\u00e9sine : le KeyPrint KeyModel Ultra. En collaboration avec Loctite, une filiale du groupe Henkel, Keystone a r\u00e9ussi \u00e0 optimiser un grand nombre de propri\u00e9t\u00e9s importantes de la r\u00e9sine pour mod\u00e8les :<\/p>\n<ul>\n<li>Le model-resin pr\u00e9sente une r\u00e9activit\u00e9 \u00e9lev\u00e9e qui permet une impression rapide sur les imprimantes DLP\/LED ainsi qu'une utilisation sur des imprimantes LCD monochromes plus faibles, comme les imprimantes Anycubic\u00ae ou Phrozen\u00ae.<\/li>\n<li>L'exp\u00e9rience montre que KeyModel Ultra est extr\u00eamement facile \u00e0 dessiner et que sa surface est tr\u00e8s peu collante.<\/li>\n<li>Pour les travaux d'orthodontie, le mat\u00e9riau Keystone pr\u00e9sente une innovation particuli\u00e8re : il contient d\u00e9j\u00e0 un agent de s\u00e9paration sp\u00e9cial qui permet de l'utiliser dans la technique de thermoformage sans utiliser d'isolation suppl\u00e9mentaire. Une solution optimale pour obtenir une grande efficacit\u00e9 de travail, par exemple dans la technique des aligneurs.<\/li>\n<li>Il est possible de retravailler sans probl\u00e8me les mod\u00e8les KeyModel Ultra imprim\u00e9s sans les \u00e9clater.<\/li>\n<\/ul>\n<p>KeyPrint KeyModel Ultra ist in den\u00a0 gef\u00e4lligen Farben Hellgrau, Beige und Sand erh\u00e4ltlich. Es l\u00e4sst sich prinzipiell auf allen Photoresin Druckern verwenden, die mit einer Wellenl\u00e4nge zwischen 385 nm und 405 nm arbeiten.<\/p>\n<p><strong>Propri\u00e9t\u00e9s physiques :<\/strong><\/p>\n<ul>\n<li>R\u00e9sistance \u00e0 la flexion : &gt; 70 MPa (ASTM D790)<\/li>\n<li>Module de flexion : &gt;1700 MPa (ASTM D638)<\/li>\n<li>Module d'\u00e9lasticit\u00e9 : &gt;1940 MPa (ASTM D790)<\/li>\n<\/ul>\n<\/div>\n<div class=\"product--detail-main-lower-middle-block\">\n<div class=\"product--detail-description_properties_title\">D\u00e9tails du produit<\/div>\n<div class=\"product--properties panel\">\n<div class=\"product--properties-table\">\n<div class=\"product--properties-label is--bold\">Fabricant : Keystone<\/div>\n<div class=\"product--properties-label is--bold\">Technique d'impression : DLP\/LED, DUP\/LCD<\/div>\n<div class=\"product--properties-label is--bold\">Mod\u00e8le d'imprimante : Ackuretta Freeshape, Ackuretta Dentiq, Ackuretta SOL, Anycubic Mono SE, Anycubic Mono X, Anycubic Photon S, Asiga Max, Asiga Pro 4k, Elegoo Mars Pro 2, Microlay Eve, Microlay Versus, Miicraft 125, Miicraft Ultra, Nexa3D NXD200, Nexa3D XiP, Phrozen 4k, Phrozen 4k 2022, Phrozen Sonic Mighty 4k, Phrozen Sonic Mighty 8k, Phrozen Sonic Mini 4k, Phrozen Sonic Mini 8k, Phrozen XL, Phrozen XL 4k, Phrozen XL 4k 2022, Rapidshape D20, Rapidshape D30, Rapidshape D70, Rapidshape D90, Rapidshape D100, SHINING 3D AccuFab-D1, SISMA Everes UNO, Zirkonzahn P4000<\/div>\n<div class=\"product--properties-label is--bold\">Farbe: Beige, Grau, Sand<\/div>\n<div class=\"product--properties-label is--bold\">Quantit\u00e9 : 1000 g<\/div>\n<div class=\"product--properties-label is--bold\">Indication : ma\u00eetres-mod\u00e8les, mod\u00e8les dentaires<\/div>\n<div class=\"product--properties-label is--bold\">Dispositif m\u00e9dical : pas de dispositif m\u00e9dical<\/div>\n<div class=\"product--properties-label is--bold\">Propri\u00e9t\u00e9 sp\u00e9ciale : isolant int\u00e9gr\u00e9<\/div>\n<\/div>\n<\/div>\n<\/div>","protected":false},"excerpt":{"rendered":"<p>Basierend auf der patentierten Materialentwicklung des \u00e4u\u00dferst erfolgreichen KeySplint Soft Schienenmaterials hat Keystone Industries nun auch ein v\u00f6llig neuartiges Model-Resin entwickelt: das KeyPrint KeyModel Ultra beige, grau und Sand 1kg<\/p>","protected":false},"featured_media":31203,"comment_status":"open","ping_status":"closed","template":"","meta":{"neve_meta_sidebar":"","neve_meta_container":"","neve_meta_enable_content_width":"off","neve_meta_content_width":70,"neve_meta_title_alignment":"","neve_meta_author_avatar":"","neve_post_elements_order":"","neve_meta_disable_header":"","neve_meta_disable_footer":"","neve_meta_disable_title":"","_themeisle_gutenberg_block_has_review":false},"product_brand":[],"product_cat":[212,1112,840,432],"product_tag":[434],"class_list":{"0":"post-26234","1":"product","2":"type-product","3":"status-publish","4":"has-post-thumbnail","6":"product_cat-adorprint","7":"product_cat-keystone","8":"product_cat-modellmaterial","9":"product_cat-resine","10":"product_tag-dentalheld","12":"first","13":"instock","14":"taxable","15":"shipping-taxable","16":"purchasable","17":"product-type-variable"},"yoast_head":"<!-- This site is optimized with the Yoast SEO plugin v27.4 - https:\/\/yoast.com\/product\/yoast-seo-wordpress\/ -->\n<title>KeyPrint KeyModel Ultra beige\/ grau\/ Sand 1kg - Ador Dental GmbH<\/title>\n<meta name=\"description\" content=\"KeyPrint KeyModel Ultra weist eine hohe Reaktivit\u00e4t auf, welche auch den Einsatz auf schw\u00e4cheren LCD-Monochrom Druckern erm\u00f6glicht. Beige und grau, Schienen\" \/>\n<meta name=\"robots\" content=\"index, follow, max-snippet:-1, max-image-preview:large, max-video-preview:-1\" \/>\n<link rel=\"canonical\" href=\"https:\/\/www.ador-dental.de\/fr\/produit\/keyprint-keymodel-ultra-beige-grau-sand-1kg\/\" \/>\n<meta property=\"og:locale\" content=\"fr_FR\" \/>\n<meta property=\"og:type\" content=\"article\" \/>\n<meta property=\"og:title\" content=\"KeyPrint KeyModel Ultra beige\/ grau\/ Sand 1kg - Ador Dental GmbH\" \/>\n<meta property=\"og:description\" content=\"KeyPrint KeyModel Ultra weist eine hohe Reaktivit\u00e4t auf, welche auch den Einsatz auf schw\u00e4cheren LCD-Monochrom Druckern erm\u00f6glicht. Beige und grau, Schienen\" \/>\n<meta property=\"og:url\" content=\"https:\/\/www.ador-dental.de\/fr\/produit\/keyprint-keymodel-ultra-beige-grau-sand-1kg\/\" \/>\n<meta property=\"og:site_name\" content=\"Ador Dental GmbH\" \/>\n<meta property=\"article:modified_time\" content=\"2026-03-05T08:43:36+00:00\" \/>\n<meta property=\"og:image\" content=\"https:\/\/www.ador-dental.de\/wp-content\/uploads\/2026\/03\/Key-Model-Ultra-Sand-PB.png\" \/>\n\t<meta property=\"og:image:width\" content=\"1024\" \/>\n\t<meta property=\"og:image:height\" content=\"1024\" \/>\n\t<meta property=\"og:image:type\" content=\"image\/png\" \/>\n<meta name=\"twitter:card\" content=\"summary_large_image\" \/>\n<meta name=\"twitter:label1\" content=\"Dur\u00e9e de lecture estim\u00e9e\" \/>\n\t<meta name=\"twitter:data1\" content=\"2 minutes\" \/>\n<script type=\"application\/ld+json\" class=\"yoast-schema-graph\">{\"@context\":\"https:\\\/\\\/schema.org\",\"@graph\":[{\"@type\":\"WebPage\",\"@id\":\"https:\\\/\\\/www.ador-dental.de\\\/produkt\\\/keyprint-keymodel-ultra-beige-grau-sand-1kg\\\/\",\"url\":\"https:\\\/\\\/www.ador-dental.de\\\/produkt\\\/keyprint-keymodel-ultra-beige-grau-sand-1kg\\\/\",\"name\":\"KeyPrint KeyModel Ultra beige\\\/ grau\\\/ Sand 1kg - Ador Dental GmbH\",\"isPartOf\":{\"@id\":\"https:\\\/\\\/www.ador-dental.de\\\/en\\\/#website\"},\"primaryImageOfPage\":{\"@id\":\"https:\\\/\\\/www.ador-dental.de\\\/produkt\\\/keyprint-keymodel-ultra-beige-grau-sand-1kg\\\/#primaryimage\"},\"image\":{\"@id\":\"https:\\\/\\\/www.ador-dental.de\\\/produkt\\\/keyprint-keymodel-ultra-beige-grau-sand-1kg\\\/#primaryimage\"},\"thumbnailUrl\":\"https:\\\/\\\/www.ador-dental.de\\\/wp-content\\\/uploads\\\/2026\\\/03\\\/Key-Model-Ultra-Sand-PB.png\",\"datePublished\":\"2023-05-23T13:02:54+00:00\",\"dateModified\":\"2026-03-05T08:43:36+00:00\",\"description\":\"KeyPrint KeyModel Ultra weist eine hohe Reaktivit\u00e4t auf, welche auch den Einsatz auf schw\u00e4cheren LCD-Monochrom Druckern erm\u00f6glicht. Beige und grau, Schienen\",\"breadcrumb\":{\"@id\":\"https:\\\/\\\/www.ador-dental.de\\\/produkt\\\/keyprint-keymodel-ultra-beige-grau-sand-1kg\\\/#breadcrumb\"},\"inLanguage\":\"fr-FR\",\"potentialAction\":[{\"@type\":\"ReadAction\",\"target\":[\"https:\\\/\\\/www.ador-dental.de\\\/produkt\\\/keyprint-keymodel-ultra-beige-grau-sand-1kg\\\/\"]}]},{\"@type\":\"ImageObject\",\"inLanguage\":\"fr-FR\",\"@id\":\"https:\\\/\\\/www.ador-dental.de\\\/produkt\\\/keyprint-keymodel-ultra-beige-grau-sand-1kg\\\/#primaryimage\",\"url\":\"https:\\\/\\\/www.ador-dental.de\\\/wp-content\\\/uploads\\\/2026\\\/03\\\/Key-Model-Ultra-Sand-PB.png\",\"contentUrl\":\"https:\\\/\\\/www.ador-dental.de\\\/wp-content\\\/uploads\\\/2026\\\/03\\\/Key-Model-Ultra-Sand-PB.png\",\"width\":1024,\"height\":1024},{\"@type\":\"BreadcrumbList\",\"@id\":\"https:\\\/\\\/www.ador-dental.de\\\/produkt\\\/keyprint-keymodel-ultra-beige-grau-sand-1kg\\\/#breadcrumb\",\"itemListElement\":[{\"@type\":\"ListItem\",\"position\":1,\"name\":\"Startseite\",\"item\":\"https:\\\/\\\/www.ador-dental.de\\\/\"},{\"@type\":\"ListItem\",\"position\":2,\"name\":\"Shop\",\"item\":\"https:\\\/\\\/www.ador-dental.de\\\/en\\\/shop\\\/\"},{\"@type\":\"ListItem\",\"position\":3,\"name\":\"KeyPrint KeyModel Ultra beige\\\/ grau\\\/ Sand 1kg\"}]},{\"@type\":\"WebSite\",\"@id\":\"https:\\\/\\\/www.ador-dental.de\\\/en\\\/#website\",\"url\":\"https:\\\/\\\/www.ador-dental.de\\\/en\\\/\",\"name\":\"Ador Dental GmbH\",\"description\":\"\",\"publisher\":{\"@id\":\"https:\\\/\\\/www.ador-dental.de\\\/en\\\/#organization\"},\"potentialAction\":[{\"@type\":\"SearchAction\",\"target\":{\"@type\":\"EntryPoint\",\"urlTemplate\":\"https:\\\/\\\/www.ador-dental.de\\\/en\\\/?s={search_term_string}\"},\"query-input\":{\"@type\":\"PropertyValueSpecification\",\"valueRequired\":true,\"valueName\":\"search_term_string\"}}],\"inLanguage\":\"fr-FR\"},{\"@type\":\"Organization\",\"@id\":\"https:\\\/\\\/www.ador-dental.de\\\/en\\\/#organization\",\"name\":\"Ador Dental GmbH\",\"url\":\"https:\\\/\\\/www.ador-dental.de\\\/en\\\/\",\"logo\":{\"@type\":\"ImageObject\",\"inLanguage\":\"fr-FR\",\"@id\":\"https:\\\/\\\/www.ador-dental.de\\\/en\\\/#\\\/schema\\\/logo\\\/image\\\/\",\"url\":\"https:\\\/\\\/www.ador-dental.de\\\/wp-content\\\/uploads\\\/2021\\\/10\\\/ADOR_Logo_DentalSolutions_2020_Black.svg\",\"contentUrl\":\"https:\\\/\\\/www.ador-dental.de\\\/wp-content\\\/uploads\\\/2021\\\/10\\\/ADOR_Logo_DentalSolutions_2020_Black.svg\",\"width\":678,\"height\":261,\"caption\":\"Ador Dental GmbH\"},\"image\":{\"@id\":\"https:\\\/\\\/www.ador-dental.de\\\/en\\\/#\\\/schema\\\/logo\\\/image\\\/\"}}]}<\/script>\n<!-- \/ Yoast SEO plugin. -->","yoast_head_json":{"title":"KeyPrint KeyModel Ultra beige\/ grau\/ Sand 1kg - Ador Dental GmbH","description":"KeyPrint KeyModel Ultra weist eine hohe Reaktivit\u00e4t auf, welche auch den Einsatz auf schw\u00e4cheren LCD-Monochrom Druckern erm\u00f6glicht. Beige und grau, Schienen","robots":{"index":"index","follow":"follow","max-snippet":"max-snippet:-1","max-image-preview":"max-image-preview:large","max-video-preview":"max-video-preview:-1"},"canonical":"https:\/\/www.ador-dental.de\/fr\/produit\/keyprint-keymodel-ultra-beige-grau-sand-1kg\/","og_locale":"fr_FR","og_type":"article","og_title":"KeyPrint KeyModel Ultra beige\/ grau\/ Sand 1kg - Ador Dental GmbH","og_description":"KeyPrint KeyModel Ultra weist eine hohe Reaktivit\u00e4t auf, welche auch den Einsatz auf schw\u00e4cheren LCD-Monochrom Druckern erm\u00f6glicht. Beige und grau, Schienen","og_url":"https:\/\/www.ador-dental.de\/fr\/produit\/keyprint-keymodel-ultra-beige-grau-sand-1kg\/","og_site_name":"Ador Dental GmbH","article_modified_time":"2026-03-05T08:43:36+00:00","og_image":[{"width":1024,"height":1024,"url":"https:\/\/www.ador-dental.de\/wp-content\/uploads\/2026\/03\/Key-Model-Ultra-Sand-PB.png","type":"image\/png"}],"twitter_card":"summary_large_image","twitter_misc":{"Dur\u00e9e de lecture estim\u00e9e":"2 minutes"},"schema":{"@context":"https:\/\/schema.org","@graph":[{"@type":"WebPage","@id":"https:\/\/www.ador-dental.de\/produkt\/keyprint-keymodel-ultra-beige-grau-sand-1kg\/","url":"https:\/\/www.ador-dental.de\/produkt\/keyprint-keymodel-ultra-beige-grau-sand-1kg\/","name":"KeyPrint KeyModel Ultra beige\/ grau\/ Sand 1kg - Ador Dental GmbH","isPartOf":{"@id":"https:\/\/www.ador-dental.de\/en\/#website"},"primaryImageOfPage":{"@id":"https:\/\/www.ador-dental.de\/produkt\/keyprint-keymodel-ultra-beige-grau-sand-1kg\/#primaryimage"},"image":{"@id":"https:\/\/www.ador-dental.de\/produkt\/keyprint-keymodel-ultra-beige-grau-sand-1kg\/#primaryimage"},"thumbnailUrl":"https:\/\/www.ador-dental.de\/wp-content\/uploads\/2026\/03\/Key-Model-Ultra-Sand-PB.png","datePublished":"2023-05-23T13:02:54+00:00","dateModified":"2026-03-05T08:43:36+00:00","description":"KeyPrint KeyModel Ultra weist eine hohe Reaktivit\u00e4t auf, welche auch den Einsatz auf schw\u00e4cheren LCD-Monochrom Druckern erm\u00f6glicht. Beige und grau, Schienen","breadcrumb":{"@id":"https:\/\/www.ador-dental.de\/produkt\/keyprint-keymodel-ultra-beige-grau-sand-1kg\/#breadcrumb"},"inLanguage":"fr-FR","potentialAction":[{"@type":"ReadAction","target":["https:\/\/www.ador-dental.de\/produkt\/keyprint-keymodel-ultra-beige-grau-sand-1kg\/"]}]},{"@type":"ImageObject","inLanguage":"fr-FR","@id":"https:\/\/www.ador-dental.de\/produkt\/keyprint-keymodel-ultra-beige-grau-sand-1kg\/#primaryimage","url":"https:\/\/www.ador-dental.de\/wp-content\/uploads\/2026\/03\/Key-Model-Ultra-Sand-PB.png","contentUrl":"https:\/\/www.ador-dental.de\/wp-content\/uploads\/2026\/03\/Key-Model-Ultra-Sand-PB.png","width":1024,"height":1024},{"@type":"BreadcrumbList","@id":"https:\/\/www.ador-dental.de\/produkt\/keyprint-keymodel-ultra-beige-grau-sand-1kg\/#breadcrumb","itemListElement":[{"@type":"ListItem","position":1,"name":"Startseite","item":"https:\/\/www.ador-dental.de\/"},{"@type":"ListItem","position":2,"name":"Shop","item":"https:\/\/www.ador-dental.de\/en\/shop\/"},{"@type":"ListItem","position":3,"name":"KeyPrint KeyModel Ultra beige\/ grau\/ Sand 1kg"}]},{"@type":"WebSite","@id":"https:\/\/www.ador-dental.de\/en\/#website","url":"https:\/\/www.ador-dental.de\/en\/","name":"Ador Dental GmbH","description":"","publisher":{"@id":"https:\/\/www.ador-dental.de\/en\/#organization"},"potentialAction":[{"@type":"SearchAction","target":{"@type":"EntryPoint","urlTemplate":"https:\/\/www.ador-dental.de\/en\/?s={search_term_string}"},"query-input":{"@type":"PropertyValueSpecification","valueRequired":true,"valueName":"search_term_string"}}],"inLanguage":"fr-FR"},{"@type":"Organization","@id":"https:\/\/www.ador-dental.de\/en\/#organization","name":"Ador Dental GmbH","url":"https:\/\/www.ador-dental.de\/en\/","logo":{"@type":"ImageObject","inLanguage":"fr-FR","@id":"https:\/\/www.ador-dental.de\/en\/#\/schema\/logo\/image\/","url":"https:\/\/www.ador-dental.de\/wp-content\/uploads\/2021\/10\/ADOR_Logo_DentalSolutions_2020_Black.svg","contentUrl":"https:\/\/www.ador-dental.de\/wp-content\/uploads\/2021\/10\/ADOR_Logo_DentalSolutions_2020_Black.svg","width":678,"height":261,"caption":"Ador Dental GmbH"},"image":{"@id":"https:\/\/www.ador-dental.de\/en\/#\/schema\/logo\/image\/"}}]}},"_links":{"self":[{"href":"https:\/\/www.ador-dental.de\/fr\/wp-json\/wp\/v2\/product\/26234","targetHints":{"allow":["GET"]}}],"collection":[{"href":"https:\/\/www.ador-dental.de\/fr\/wp-json\/wp\/v2\/product"}],"about":[{"href":"https:\/\/www.ador-dental.de\/fr\/wp-json\/wp\/v2\/types\/product"}],"replies":[{"embeddable":true,"href":"https:\/\/www.ador-dental.de\/fr\/wp-json\/wp\/v2\/comments?post=26234"}],"version-history":[{"count":11,"href":"https:\/\/www.ador-dental.de\/fr\/wp-json\/wp\/v2\/product\/26234\/revisions"}],"predecessor-version":[{"id":31207,"href":"https:\/\/www.ador-dental.de\/fr\/wp-json\/wp\/v2\/product\/26234\/revisions\/31207"}],"wp:featuredmedia":[{"embeddable":true,"href":"https:\/\/www.ador-dental.de\/fr\/wp-json\/wp\/v2\/media\/31203"}],"wp:attachment":[{"href":"https:\/\/www.ador-dental.de\/fr\/wp-json\/wp\/v2\/media?parent=26234"}],"wp:term":[{"taxonomy":"product_brand","embeddable":true,"href":"https:\/\/www.ador-dental.de\/fr\/wp-json\/wp\/v2\/product_brand?post=26234"},{"taxonomy":"product_cat","embeddable":true,"href":"https:\/\/www.ador-dental.de\/fr\/wp-json\/wp\/v2\/product_cat?post=26234"},{"taxonomy":"product_tag","embeddable":true,"href":"https:\/\/www.ador-dental.de\/fr\/wp-json\/wp\/v2\/product_tag?post=26234"}],"curies":[{"name":"wp","href":"https:\/\/api.w.org\/{rel}","templated":true}]}}