{"id":26228,"date":"2023-05-23T14:54:44","date_gmt":"2023-05-23T12:54:44","guid":{"rendered":"https:\/\/www.ador-dental.de\/?post_type=product&#038;p=26228"},"modified":"2024-06-03T08:18:17","modified_gmt":"2024-06-03T06:18:17","slug":"keyprint-keysplint-soft-clear-fuer-carbon-1kg","status":"publish","type":"product","link":"https:\/\/www.ador-dental.de\/fr\/produit\/keyprint-keysplint-soft-clear-fuer-carbon-1kg\/","title":{"rendered":"KeyPrint KeySplint Soft Clear pour carbone, 1kg"},"content":{"rendered":"<div class=\"product--detail-main-lower-header-block\">\n<h3>KeyPrint KeySplint Soft Clear pour carbone, 1kg<\/h3>\n<\/div>\n<div class=\"product--detail-main-lower-left-block-short\">\n<p>L'unique KeySplint Soft Clear est maintenant disponible en version claire-transparente sp\u00e9cialement con\u00e7ue pour les imprimantes 3D Carbon\u00ae.<\/p>\n<p>Avec KeySplint Soft, le laboratoire dentaire peut imprimer des goutti\u00e8res occlusales transparentes et flexibles sur une imprimante carbone en un temps record. Les goutti\u00e8res KeySplint Soft sont tr\u00e8s confortables gr\u00e2ce \u00e0 l'effet de m\u00e9moire et peuvent \u00eatre ajust\u00e9es par la chaleur. Les goutti\u00e8res KeyPrint KeySplint Soft Clear for Carbon de Keystone sont certifi\u00e9es classe IIa pour une utilisation durable. Plus de 3 ans d'exp\u00e9rience avec KeySplint Soft le prouvent : Les attelles KeySplint Soft ne pr\u00e9sentent aucune fragilit\u00e9 et peuvent \u00eatre port\u00e9es sans probl\u00e8me pendant de longues p\u00e9riodes.<\/p>\n<p>KeySplint Soft est \u00e0 base de MMA et peut donc \u00eatre facilement \u00e9tendu avec des polym\u00e8res \u00e0 froid, pour autant que la flexibilit\u00e9 ne s'y oppose pas \u00e0 ce stade. KeySplint Soft, comme toutes les r\u00e9sines KeyPrint, est exempt de plastifiants, de plastifiants et de bisph\u00e9nol A (BPA).<\/p>\n<p><strong>Durabilit\u00e9 :<\/strong><\/p>\n<ul>\n<li>env. 2 ans \u00e0 la livraison<\/li>\n<\/ul>\n<p><strong>Propri\u00e9t\u00e9s physiques :<\/strong><\/p>\n<ul>\n<li>Duret\u00e9 Shore : 82 (\u00e9chelle D)<\/li>\n<li>Module d'\u00e9lasticit\u00e9 : 1356 MPa (ASTM D790)<\/li>\n<li>R\u00e9sistance \u00e0 la flexion : 2,6-4,4 MPa (ISO20795-2)<\/li>\n<li>Absorption d'eau : &lt;18 micro-g\/mm3 (ISO20795-2)<\/li>\n<\/ul>\n<p>&nbsp;<\/p>\n<\/div>\n<div class=\"product--detail-main-lower-middle-block\">\n<div class=\"product--detail-description_properties_title\">D\u00e9tails du produit<\/div>\n<div class=\"product--properties panel\">\n<div class=\"product--properties-table\">\n<div class=\"product--properties-label is--bold\">Fabricant : Keystone<\/div>\n<div class=\"product--properties-label is--bold\">Technique d'impression : DLP\/LED<\/div>\n<div class=\"product--properties-label is--bold\">Mod\u00e8le d'imprimante : Carbon M-Series<\/div>\n<div class=\"product--properties-label is--bold\">Couleur : Transparent<\/div>\n<div class=\"product--properties-label is--bold\">Quantit\u00e9 : 1000 g<\/div>\n<div class=\"product--properties-label is--bold\">Indication : goutti\u00e8res occlusales, goutti\u00e8res de transfert (IBT), otoplastiques souples, goutti\u00e8res de blanchiment, prot\u00e8ge-dents de sport<\/div>\n<div class=\"product--properties-label is--bold\">Dispositif m\u00e9dical : classe 2a (bouche&gt;30 jours)<\/div>\n<div class=\"product--properties-label is--bold\">Propri\u00e9t\u00e9s particuli\u00e8res : Flexible, effet m\u00e9moire<\/div>\n<\/div>\n<\/div>\n<\/div>","protected":false},"excerpt":{"rendered":"<p>L'unique KeySplint Soft est d\u00e9sormais disponible en version claire et transparente, sp\u00e9cialement con\u00e7ue pour les imprimantes 3D Carbon\u00ae.<\/p>","protected":false},"featured_media":26232,"comment_status":"open","ping_status":"closed","template":"","meta":{"neve_meta_sidebar":"","neve_meta_container":"","neve_meta_enable_content_width":"off","neve_meta_content_width":70,"neve_meta_title_alignment":"","neve_meta_author_avatar":"","neve_post_elements_order":"","neve_meta_disable_header":"","neve_meta_disable_footer":"","neve_meta_disable_title":"","_themeisle_gutenberg_block_has_review":false},"product_brand":[],"product_cat":[212,1112,432],"product_tag":[434],"class_list":{"0":"post-26228","1":"product","2":"type-product","3":"status-publish","4":"has-post-thumbnail","6":"product_cat-adorprint","7":"product_cat-keystone","8":"product_cat-resine","9":"product_tag-dentalheld","11":"first","12":"instock","13":"taxable","14":"shipping-taxable","15":"purchasable","16":"product-type-simple"},"yoast_head":"<!-- This site is optimized with the Yoast SEO plugin v27.4 - https:\/\/yoast.com\/product\/yoast-seo-wordpress\/ -->\n<title>KeyPrint KeySplint Soft Clear f\u00fcr Carbon, 1kg - Ador Dental GmbH<\/title>\n<meta name=\"description\" content=\"Das einzigartige KeySplint Soft Clear f\u00fcr Carbon ist nun als klar-transparente Variante speziell f\u00fcr Carbon\u00ae 3D-Drucker erh\u00e4ltlich. Frei von Weichmachern.\" \/>\n<meta name=\"robots\" content=\"index, follow, max-snippet:-1, max-image-preview:large, max-video-preview:-1\" \/>\n<link rel=\"canonical\" href=\"https:\/\/www.ador-dental.de\/fr\/produit\/keyprint-keysplint-soft-clear-fuer-carbon-1kg\/\" \/>\n<meta property=\"og:locale\" content=\"fr_FR\" \/>\n<meta property=\"og:type\" content=\"article\" \/>\n<meta property=\"og:title\" content=\"KeyPrint KeySplint Soft Clear f\u00fcr Carbon, 1kg - Ador Dental GmbH\" \/>\n<meta property=\"og:description\" content=\"Das einzigartige KeySplint Soft Clear f\u00fcr Carbon ist nun als klar-transparente Variante speziell f\u00fcr Carbon\u00ae 3D-Drucker erh\u00e4ltlich. Frei von Weichmachern.\" \/>\n<meta property=\"og:url\" content=\"https:\/\/www.ador-dental.de\/fr\/produit\/keyprint-keysplint-soft-clear-fuer-carbon-1kg\/\" \/>\n<meta property=\"og:site_name\" content=\"Ador Dental GmbH\" \/>\n<meta property=\"article:modified_time\" content=\"2024-06-03T06:18:17+00:00\" \/>\n<meta property=\"og:image\" content=\"https:\/\/www.ador-dental.de\/wp-content\/uploads\/2023\/05\/keysplint_soft_clear_carbon.jpg\" \/>\n\t<meta property=\"og:image:width\" content=\"1600\" \/>\n\t<meta property=\"og:image:height\" content=\"1200\" \/>\n\t<meta property=\"og:image:type\" content=\"image\/jpeg\" \/>\n<meta name=\"twitter:card\" content=\"summary_large_image\" \/>\n<meta name=\"twitter:label1\" content=\"Dur\u00e9e de lecture estim\u00e9e\" \/>\n\t<meta name=\"twitter:data1\" content=\"2 minutes\" \/>\n<script type=\"application\/ld+json\" class=\"yoast-schema-graph\">{\"@context\":\"https:\\\/\\\/schema.org\",\"@graph\":[{\"@type\":\"WebPage\",\"@id\":\"https:\\\/\\\/www.ador-dental.de\\\/produkt\\\/keyprint-keysplint-soft-clear-fuer-carbon-1kg\\\/\",\"url\":\"https:\\\/\\\/www.ador-dental.de\\\/produkt\\\/keyprint-keysplint-soft-clear-fuer-carbon-1kg\\\/\",\"name\":\"KeyPrint KeySplint Soft Clear f\u00fcr Carbon, 1kg - Ador Dental GmbH\",\"isPartOf\":{\"@id\":\"https:\\\/\\\/www.ador-dental.de\\\/en\\\/#website\"},\"primaryImageOfPage\":{\"@id\":\"https:\\\/\\\/www.ador-dental.de\\\/produkt\\\/keyprint-keysplint-soft-clear-fuer-carbon-1kg\\\/#primaryimage\"},\"image\":{\"@id\":\"https:\\\/\\\/www.ador-dental.de\\\/produkt\\\/keyprint-keysplint-soft-clear-fuer-carbon-1kg\\\/#primaryimage\"},\"thumbnailUrl\":\"https:\\\/\\\/www.ador-dental.de\\\/wp-content\\\/uploads\\\/2023\\\/05\\\/keysplint_soft_clear_carbon.jpg\",\"datePublished\":\"2023-05-23T12:54:44+00:00\",\"dateModified\":\"2024-06-03T06:18:17+00:00\",\"description\":\"Das einzigartige KeySplint Soft Clear f\u00fcr Carbon ist nun als klar-transparente Variante speziell f\u00fcr Carbon\u00ae 3D-Drucker erh\u00e4ltlich. Frei von Weichmachern.\",\"breadcrumb\":{\"@id\":\"https:\\\/\\\/www.ador-dental.de\\\/produkt\\\/keyprint-keysplint-soft-clear-fuer-carbon-1kg\\\/#breadcrumb\"},\"inLanguage\":\"fr-FR\",\"potentialAction\":[{\"@type\":\"ReadAction\",\"target\":[\"https:\\\/\\\/www.ador-dental.de\\\/produkt\\\/keyprint-keysplint-soft-clear-fuer-carbon-1kg\\\/\"]}]},{\"@type\":\"ImageObject\",\"inLanguage\":\"fr-FR\",\"@id\":\"https:\\\/\\\/www.ador-dental.de\\\/produkt\\\/keyprint-keysplint-soft-clear-fuer-carbon-1kg\\\/#primaryimage\",\"url\":\"https:\\\/\\\/www.ador-dental.de\\\/wp-content\\\/uploads\\\/2023\\\/05\\\/keysplint_soft_clear_carbon.jpg\",\"contentUrl\":\"https:\\\/\\\/www.ador-dental.de\\\/wp-content\\\/uploads\\\/2023\\\/05\\\/keysplint_soft_clear_carbon.jpg\",\"width\":1600,\"height\":1200},{\"@type\":\"BreadcrumbList\",\"@id\":\"https:\\\/\\\/www.ador-dental.de\\\/produkt\\\/keyprint-keysplint-soft-clear-fuer-carbon-1kg\\\/#breadcrumb\",\"itemListElement\":[{\"@type\":\"ListItem\",\"position\":1,\"name\":\"Startseite\",\"item\":\"https:\\\/\\\/www.ador-dental.de\\\/\"},{\"@type\":\"ListItem\",\"position\":2,\"name\":\"Shop\",\"item\":\"https:\\\/\\\/www.ador-dental.de\\\/en\\\/shop\\\/\"},{\"@type\":\"ListItem\",\"position\":3,\"name\":\"KeyPrint KeySplint Soft Clear f\u00fcr Carbon, 1kg\"}]},{\"@type\":\"WebSite\",\"@id\":\"https:\\\/\\\/www.ador-dental.de\\\/en\\\/#website\",\"url\":\"https:\\\/\\\/www.ador-dental.de\\\/en\\\/\",\"name\":\"Ador Dental GmbH\",\"description\":\"\",\"publisher\":{\"@id\":\"https:\\\/\\\/www.ador-dental.de\\\/en\\\/#organization\"},\"potentialAction\":[{\"@type\":\"SearchAction\",\"target\":{\"@type\":\"EntryPoint\",\"urlTemplate\":\"https:\\\/\\\/www.ador-dental.de\\\/en\\\/?s={search_term_string}\"},\"query-input\":{\"@type\":\"PropertyValueSpecification\",\"valueRequired\":true,\"valueName\":\"search_term_string\"}}],\"inLanguage\":\"fr-FR\"},{\"@type\":\"Organization\",\"@id\":\"https:\\\/\\\/www.ador-dental.de\\\/en\\\/#organization\",\"name\":\"Ador Dental GmbH\",\"url\":\"https:\\\/\\\/www.ador-dental.de\\\/en\\\/\",\"logo\":{\"@type\":\"ImageObject\",\"inLanguage\":\"fr-FR\",\"@id\":\"https:\\\/\\\/www.ador-dental.de\\\/en\\\/#\\\/schema\\\/logo\\\/image\\\/\",\"url\":\"https:\\\/\\\/www.ador-dental.de\\\/wp-content\\\/uploads\\\/2021\\\/10\\\/ADOR_Logo_DentalSolutions_2020_Black.svg\",\"contentUrl\":\"https:\\\/\\\/www.ador-dental.de\\\/wp-content\\\/uploads\\\/2021\\\/10\\\/ADOR_Logo_DentalSolutions_2020_Black.svg\",\"width\":678,\"height\":261,\"caption\":\"Ador Dental GmbH\"},\"image\":{\"@id\":\"https:\\\/\\\/www.ador-dental.de\\\/en\\\/#\\\/schema\\\/logo\\\/image\\\/\"}}]}<\/script>\n<!-- \/ Yoast SEO plugin. -->","yoast_head_json":{"title":"KeyPrint KeySplint Soft Clear f\u00fcr Carbon, 1kg - Ador Dental GmbH","description":"Das einzigartige KeySplint Soft Clear f\u00fcr Carbon ist nun als klar-transparente Variante speziell f\u00fcr Carbon\u00ae 3D-Drucker erh\u00e4ltlich. Frei von Weichmachern.","robots":{"index":"index","follow":"follow","max-snippet":"max-snippet:-1","max-image-preview":"max-image-preview:large","max-video-preview":"max-video-preview:-1"},"canonical":"https:\/\/www.ador-dental.de\/fr\/produit\/keyprint-keysplint-soft-clear-fuer-carbon-1kg\/","og_locale":"fr_FR","og_type":"article","og_title":"KeyPrint KeySplint Soft Clear f\u00fcr Carbon, 1kg - Ador Dental GmbH","og_description":"Das einzigartige KeySplint Soft Clear f\u00fcr Carbon ist nun als klar-transparente Variante speziell f\u00fcr Carbon\u00ae 3D-Drucker erh\u00e4ltlich. Frei von Weichmachern.","og_url":"https:\/\/www.ador-dental.de\/fr\/produit\/keyprint-keysplint-soft-clear-fuer-carbon-1kg\/","og_site_name":"Ador Dental GmbH","article_modified_time":"2024-06-03T06:18:17+00:00","og_image":[{"width":1600,"height":1200,"url":"https:\/\/www.ador-dental.de\/wp-content\/uploads\/2023\/05\/keysplint_soft_clear_carbon.jpg","type":"image\/jpeg"}],"twitter_card":"summary_large_image","twitter_misc":{"Dur\u00e9e de lecture estim\u00e9e":"2 minutes"},"schema":{"@context":"https:\/\/schema.org","@graph":[{"@type":"WebPage","@id":"https:\/\/www.ador-dental.de\/produkt\/keyprint-keysplint-soft-clear-fuer-carbon-1kg\/","url":"https:\/\/www.ador-dental.de\/produkt\/keyprint-keysplint-soft-clear-fuer-carbon-1kg\/","name":"KeyPrint KeySplint Soft Clear f\u00fcr Carbon, 1kg - Ador Dental GmbH","isPartOf":{"@id":"https:\/\/www.ador-dental.de\/en\/#website"},"primaryImageOfPage":{"@id":"https:\/\/www.ador-dental.de\/produkt\/keyprint-keysplint-soft-clear-fuer-carbon-1kg\/#primaryimage"},"image":{"@id":"https:\/\/www.ador-dental.de\/produkt\/keyprint-keysplint-soft-clear-fuer-carbon-1kg\/#primaryimage"},"thumbnailUrl":"https:\/\/www.ador-dental.de\/wp-content\/uploads\/2023\/05\/keysplint_soft_clear_carbon.jpg","datePublished":"2023-05-23T12:54:44+00:00","dateModified":"2024-06-03T06:18:17+00:00","description":"Das einzigartige KeySplint Soft Clear f\u00fcr Carbon ist nun als klar-transparente Variante speziell f\u00fcr Carbon\u00ae 3D-Drucker erh\u00e4ltlich. Frei von Weichmachern.","breadcrumb":{"@id":"https:\/\/www.ador-dental.de\/produkt\/keyprint-keysplint-soft-clear-fuer-carbon-1kg\/#breadcrumb"},"inLanguage":"fr-FR","potentialAction":[{"@type":"ReadAction","target":["https:\/\/www.ador-dental.de\/produkt\/keyprint-keysplint-soft-clear-fuer-carbon-1kg\/"]}]},{"@type":"ImageObject","inLanguage":"fr-FR","@id":"https:\/\/www.ador-dental.de\/produkt\/keyprint-keysplint-soft-clear-fuer-carbon-1kg\/#primaryimage","url":"https:\/\/www.ador-dental.de\/wp-content\/uploads\/2023\/05\/keysplint_soft_clear_carbon.jpg","contentUrl":"https:\/\/www.ador-dental.de\/wp-content\/uploads\/2023\/05\/keysplint_soft_clear_carbon.jpg","width":1600,"height":1200},{"@type":"BreadcrumbList","@id":"https:\/\/www.ador-dental.de\/produkt\/keyprint-keysplint-soft-clear-fuer-carbon-1kg\/#breadcrumb","itemListElement":[{"@type":"ListItem","position":1,"name":"Startseite","item":"https:\/\/www.ador-dental.de\/"},{"@type":"ListItem","position":2,"name":"Shop","item":"https:\/\/www.ador-dental.de\/en\/shop\/"},{"@type":"ListItem","position":3,"name":"KeyPrint KeySplint Soft Clear f\u00fcr Carbon, 1kg"}]},{"@type":"WebSite","@id":"https:\/\/www.ador-dental.de\/en\/#website","url":"https:\/\/www.ador-dental.de\/en\/","name":"Ador Dental GmbH","description":"","publisher":{"@id":"https:\/\/www.ador-dental.de\/en\/#organization"},"potentialAction":[{"@type":"SearchAction","target":{"@type":"EntryPoint","urlTemplate":"https:\/\/www.ador-dental.de\/en\/?s={search_term_string}"},"query-input":{"@type":"PropertyValueSpecification","valueRequired":true,"valueName":"search_term_string"}}],"inLanguage":"fr-FR"},{"@type":"Organization","@id":"https:\/\/www.ador-dental.de\/en\/#organization","name":"Ador Dental GmbH","url":"https:\/\/www.ador-dental.de\/en\/","logo":{"@type":"ImageObject","inLanguage":"fr-FR","@id":"https:\/\/www.ador-dental.de\/en\/#\/schema\/logo\/image\/","url":"https:\/\/www.ador-dental.de\/wp-content\/uploads\/2021\/10\/ADOR_Logo_DentalSolutions_2020_Black.svg","contentUrl":"https:\/\/www.ador-dental.de\/wp-content\/uploads\/2021\/10\/ADOR_Logo_DentalSolutions_2020_Black.svg","width":678,"height":261,"caption":"Ador Dental GmbH"},"image":{"@id":"https:\/\/www.ador-dental.de\/en\/#\/schema\/logo\/image\/"}}]}},"_links":{"self":[{"href":"https:\/\/www.ador-dental.de\/fr\/wp-json\/wp\/v2\/product\/26228","targetHints":{"allow":["GET"]}}],"collection":[{"href":"https:\/\/www.ador-dental.de\/fr\/wp-json\/wp\/v2\/product"}],"about":[{"href":"https:\/\/www.ador-dental.de\/fr\/wp-json\/wp\/v2\/types\/product"}],"replies":[{"embeddable":true,"href":"https:\/\/www.ador-dental.de\/fr\/wp-json\/wp\/v2\/comments?post=26228"}],"version-history":[{"count":7,"href":"https:\/\/www.ador-dental.de\/fr\/wp-json\/wp\/v2\/product\/26228\/revisions"}],"predecessor-version":[{"id":27457,"href":"https:\/\/www.ador-dental.de\/fr\/wp-json\/wp\/v2\/product\/26228\/revisions\/27457"}],"wp:featuredmedia":[{"embeddable":true,"href":"https:\/\/www.ador-dental.de\/fr\/wp-json\/wp\/v2\/media\/26232"}],"wp:attachment":[{"href":"https:\/\/www.ador-dental.de\/fr\/wp-json\/wp\/v2\/media?parent=26228"}],"wp:term":[{"taxonomy":"product_brand","embeddable":true,"href":"https:\/\/www.ador-dental.de\/fr\/wp-json\/wp\/v2\/product_brand?post=26228"},{"taxonomy":"product_cat","embeddable":true,"href":"https:\/\/www.ador-dental.de\/fr\/wp-json\/wp\/v2\/product_cat?post=26228"},{"taxonomy":"product_tag","embeddable":true,"href":"https:\/\/www.ador-dental.de\/fr\/wp-json\/wp\/v2\/product_tag?post=26228"}],"curies":[{"name":"wp","href":"https:\/\/api.w.org\/{rel}","templated":true}]}}