{"id":25765,"date":"2023-04-14T12:50:33","date_gmt":"2023-04-14T10:50:33","guid":{"rendered":"https:\/\/www.ador-dental.de\/?post_type=product&#038;p=25765"},"modified":"2025-01-16T15:01:19","modified_gmt":"2025-01-16T14:01:19","slug":"memosplint-version-s","status":"publish","type":"product","link":"https:\/\/www.ador-dental.de\/fr\/produit\/memosplint-version-s\/","title":{"rendered":"optimill memosplint S"},"content":{"rendered":"<p><strong><a  data-e-disable-page-transition=\"true\" class=\"download-link\" title=\"\" href=\"https:\/\/www.ador-dental.de\/fr\/download\/25769\/?tmstv=1778880496\" rel=\"nofollow\" id=\"download-link-25769\" data-redirect=\"false\" >\n\tFiche de donn\u00e9es de s\u00e9curit\u00e9 Memosplint S<\/a>\n<br \/>\n<a  data-e-disable-page-transition=\"true\" class=\"download-link\" title=\"\" href=\"https:\/\/www.ador-dental.de\/fr\/download\/25772\/?tmstv=1778880496\" rel=\"nofollow\" id=\"download-link-25772\" data-redirect=\"false\" >\n\tFiche de donn\u00e9es de s\u00e9curit\u00e9 Memosplint S<\/a>\n<br \/>\n<a  data-e-disable-page-transition=\"true\" class=\"download-link\" title=\"\" href=\"https:\/\/www.ador-dental.de\/fr\/download\/25775\/?tmstv=1778880496\" rel=\"nofollow\" id=\"download-link-25775\" data-redirect=\"false\" >\n\tIFU memosplint S DE\/EN\/FR\/IT\/ES<\/a>\n<\/strong><\/p>\n<p>Caract\u00e9ristiques particuli\u00e8res<\/p>\n<p>- Confort de port sans tension gr\u00e2ce \u00e0 l'effet m\u00e9moire<br \/>\n- Esth\u00e9tique \u00e9lev\u00e9e gr\u00e2ce \u00e0 une clart\u00e9 durable<br \/>\n- peut \u00eatre doubl\u00e9e\/extensible et facilement polie<br \/>\n- R\u00e9parable avec le syst\u00e8me vivatemp P\/L<\/p>","protected":false},"excerpt":{"rendered":"<p>Gr\u00e2ce \u00e0 sa rigidit\u00e9 accrue, cette variante de produit memosplint convient universellement \u00e0 la fabrication d'attelles flexibles et incassables de tout type ainsi que de restaurations provisoires frais\u00e9es. Le mat\u00e9riau thermo\u00e9lastique clair garantit une grande esth\u00e9tique gr\u00e2ce \u00e0 des structures de fixation presque invisibles. Le patient est ravi de porter la restauration sans tension et sans s'en apercevoir. La version S de memosplint est \u00e9galement disponible en diff\u00e9rentes \u00e9paisseurs et g\u00e9om\u00e9tries. Le technicien dentaire \u00e9conomise consid\u00e9rablement du temps et obtient des r\u00e9sultats reproductibles gr\u00e2ce au processus de fabrication num\u00e9rique. Le mat\u00e9riau memosplint des deux variantes est clairement transparent et neutre au niveau du go\u00fbt. Il se laisse tr\u00e8s bien travailler \u00e0 la machine et est compatible avec les syst\u00e8mes poudre-liquide conventionnels pour les corrections manuelles. Il convient pour les attelles th\u00e9rapeutiques ainsi que pour les attelles de r\u00e9flexologie, de positionnement et de stabilisation.<\/p>","protected":false},"featured_media":25777,"comment_status":"open","ping_status":"closed","template":"","meta":{"neve_meta_sidebar":"","neve_meta_container":"","neve_meta_enable_content_width":"off","neve_meta_content_width":100,"neve_meta_title_alignment":"","neve_meta_author_avatar":"","neve_post_elements_order":"","neve_meta_disable_header":"","neve_meta_disable_footer":"","neve_meta_disable_title":"","_themeisle_gutenberg_block_has_review":false},"product_brand":[],"product_cat":[1109],"product_tag":[1106,1108,1107],"class_list":{"0":"post-25765","1":"product","2":"type-product","3":"status-publish","4":"has-post-thumbnail","6":"product_cat-kunststoff-adormilling","7":"product_tag-dentona","8":"product_tag-memosplint","9":"product_tag-optimill","11":"first","12":"instock","13":"taxable","14":"shipping-taxable","15":"purchasable","16":"product-type-variable"},"yoast_head":"<!-- This site is optimized with the Yoast SEO plugin v27.6 - https:\/\/yoast.com\/product\/yoast-seo-wordpress\/ -->\n<title>optimill memosplint S - Ador Dental GmbH<\/title>\n<meta name=\"description\" content=\"Das memosplint s ist durch die erh\u00f6hte Steifigkeit\u00a0universell geeignet f\u00fcr die Herstellung von flexiblen und\u00a0 bruchsicheren Schienen jeder Art.\" \/>\n<meta name=\"robots\" content=\"index, follow, max-snippet:-1, max-image-preview:large, max-video-preview:-1\" \/>\n<link rel=\"canonical\" href=\"https:\/\/www.ador-dental.de\/fr\/produit\/memosplint-version-s\/\" \/>\n<meta property=\"og:locale\" content=\"fr_FR\" \/>\n<meta property=\"og:type\" content=\"article\" \/>\n<meta property=\"og:title\" content=\"optimill memosplint S - Ador Dental GmbH\" \/>\n<meta property=\"og:description\" content=\"Das memosplint s ist durch die erh\u00f6hte Steifigkeit\u00a0universell geeignet f\u00fcr die Herstellung von flexiblen und\u00a0 bruchsicheren Schienen jeder Art.\" \/>\n<meta property=\"og:url\" content=\"https:\/\/www.ador-dental.de\/fr\/produit\/memosplint-version-s\/\" \/>\n<meta property=\"og:site_name\" content=\"Ador Dental GmbH\" \/>\n<meta property=\"article:modified_time\" content=\"2025-01-16T14:01:19+00:00\" \/>\n<meta property=\"og:image\" content=\"https:\/\/www.ador-dental.de\/wp-content\/uploads\/2023\/04\/Memosplint-S.jpg\" \/>\n\t<meta property=\"og:image:width\" content=\"950\" \/>\n\t<meta property=\"og:image:height\" content=\"1000\" \/>\n\t<meta property=\"og:image:type\" content=\"image\/jpeg\" \/>\n<meta name=\"twitter:card\" content=\"summary_large_image\" \/>\n<script type=\"application\/ld+json\" class=\"yoast-schema-graph\">{\"@context\":\"https:\\\/\\\/schema.org\",\"@graph\":[{\"@type\":\"WebPage\",\"@id\":\"https:\\\/\\\/www.ador-dental.de\\\/produkt\\\/memosplint-version-s\\\/\",\"url\":\"https:\\\/\\\/www.ador-dental.de\\\/produkt\\\/memosplint-version-s\\\/\",\"name\":\"optimill memosplint S - Ador Dental GmbH\",\"isPartOf\":{\"@id\":\"https:\\\/\\\/www.ador-dental.de\\\/en\\\/#website\"},\"primaryImageOfPage\":{\"@id\":\"https:\\\/\\\/www.ador-dental.de\\\/produkt\\\/memosplint-version-s\\\/#primaryimage\"},\"image\":{\"@id\":\"https:\\\/\\\/www.ador-dental.de\\\/produkt\\\/memosplint-version-s\\\/#primaryimage\"},\"thumbnailUrl\":\"https:\\\/\\\/www.ador-dental.de\\\/wp-content\\\/uploads\\\/2023\\\/04\\\/Memosplint-S.jpg\",\"datePublished\":\"2023-04-14T10:50:33+00:00\",\"dateModified\":\"2025-01-16T14:01:19+00:00\",\"description\":\"Das memosplint s ist durch die erh\u00f6hte Steifigkeit\u00a0universell geeignet f\u00fcr die Herstellung von flexiblen und\u00a0 bruchsicheren Schienen jeder Art.\",\"breadcrumb\":{\"@id\":\"https:\\\/\\\/www.ador-dental.de\\\/produkt\\\/memosplint-version-s\\\/#breadcrumb\"},\"inLanguage\":\"fr-FR\",\"potentialAction\":[{\"@type\":\"ReadAction\",\"target\":[\"https:\\\/\\\/www.ador-dental.de\\\/produkt\\\/memosplint-version-s\\\/\"]}]},{\"@type\":\"ImageObject\",\"inLanguage\":\"fr-FR\",\"@id\":\"https:\\\/\\\/www.ador-dental.de\\\/produkt\\\/memosplint-version-s\\\/#primaryimage\",\"url\":\"https:\\\/\\\/www.ador-dental.de\\\/wp-content\\\/uploads\\\/2023\\\/04\\\/Memosplint-S.jpg\",\"contentUrl\":\"https:\\\/\\\/www.ador-dental.de\\\/wp-content\\\/uploads\\\/2023\\\/04\\\/Memosplint-S.jpg\",\"width\":950,\"height\":1000},{\"@type\":\"BreadcrumbList\",\"@id\":\"https:\\\/\\\/www.ador-dental.de\\\/produkt\\\/memosplint-version-s\\\/#breadcrumb\",\"itemListElement\":[{\"@type\":\"ListItem\",\"position\":1,\"name\":\"Startseite\",\"item\":\"https:\\\/\\\/www.ador-dental.de\\\/\"},{\"@type\":\"ListItem\",\"position\":2,\"name\":\"Shop\",\"item\":\"https:\\\/\\\/www.ador-dental.de\\\/en\\\/shop\\\/\"},{\"@type\":\"ListItem\",\"position\":3,\"name\":\"optimill memosplint S\"}]},{\"@type\":\"WebSite\",\"@id\":\"https:\\\/\\\/www.ador-dental.de\\\/en\\\/#website\",\"url\":\"https:\\\/\\\/www.ador-dental.de\\\/en\\\/\",\"name\":\"Ador Dental GmbH\",\"description\":\"\",\"publisher\":{\"@id\":\"https:\\\/\\\/www.ador-dental.de\\\/en\\\/#organization\"},\"potentialAction\":[{\"@type\":\"SearchAction\",\"target\":{\"@type\":\"EntryPoint\",\"urlTemplate\":\"https:\\\/\\\/www.ador-dental.de\\\/en\\\/?s={search_term_string}\"},\"query-input\":{\"@type\":\"PropertyValueSpecification\",\"valueRequired\":true,\"valueName\":\"search_term_string\"}}],\"inLanguage\":\"fr-FR\"},{\"@type\":\"Organization\",\"@id\":\"https:\\\/\\\/www.ador-dental.de\\\/en\\\/#organization\",\"name\":\"Ador Dental GmbH\",\"url\":\"https:\\\/\\\/www.ador-dental.de\\\/en\\\/\",\"logo\":{\"@type\":\"ImageObject\",\"inLanguage\":\"fr-FR\",\"@id\":\"https:\\\/\\\/www.ador-dental.de\\\/en\\\/#\\\/schema\\\/logo\\\/image\\\/\",\"url\":\"https:\\\/\\\/www.ador-dental.de\\\/wp-content\\\/uploads\\\/2021\\\/10\\\/ADOR_Logo_DentalSolutions_2020_Black.svg\",\"contentUrl\":\"https:\\\/\\\/www.ador-dental.de\\\/wp-content\\\/uploads\\\/2021\\\/10\\\/ADOR_Logo_DentalSolutions_2020_Black.svg\",\"width\":678,\"height\":261,\"caption\":\"Ador Dental GmbH\"},\"image\":{\"@id\":\"https:\\\/\\\/www.ador-dental.de\\\/en\\\/#\\\/schema\\\/logo\\\/image\\\/\"}}]}<\/script>\n<!-- \/ Yoast SEO plugin. -->","yoast_head_json":{"title":"optimill memosplint S - Ador Dental GmbH","description":"Das memosplint s ist durch die erh\u00f6hte Steifigkeit\u00a0universell geeignet f\u00fcr die Herstellung von flexiblen und\u00a0 bruchsicheren Schienen jeder Art.","robots":{"index":"index","follow":"follow","max-snippet":"max-snippet:-1","max-image-preview":"max-image-preview:large","max-video-preview":"max-video-preview:-1"},"canonical":"https:\/\/www.ador-dental.de\/fr\/produit\/memosplint-version-s\/","og_locale":"fr_FR","og_type":"article","og_title":"optimill memosplint S - Ador Dental GmbH","og_description":"Das memosplint s ist durch die erh\u00f6hte Steifigkeit\u00a0universell geeignet f\u00fcr die Herstellung von flexiblen und\u00a0 bruchsicheren Schienen jeder Art.","og_url":"https:\/\/www.ador-dental.de\/fr\/produit\/memosplint-version-s\/","og_site_name":"Ador Dental GmbH","article_modified_time":"2025-01-16T14:01:19+00:00","og_image":[{"width":950,"height":1000,"url":"https:\/\/www.ador-dental.de\/wp-content\/uploads\/2023\/04\/Memosplint-S.jpg","type":"image\/jpeg"}],"twitter_card":"summary_large_image","schema":{"@context":"https:\/\/schema.org","@graph":[{"@type":"WebPage","@id":"https:\/\/www.ador-dental.de\/produkt\/memosplint-version-s\/","url":"https:\/\/www.ador-dental.de\/produkt\/memosplint-version-s\/","name":"optimill memosplint S - Ador Dental GmbH","isPartOf":{"@id":"https:\/\/www.ador-dental.de\/en\/#website"},"primaryImageOfPage":{"@id":"https:\/\/www.ador-dental.de\/produkt\/memosplint-version-s\/#primaryimage"},"image":{"@id":"https:\/\/www.ador-dental.de\/produkt\/memosplint-version-s\/#primaryimage"},"thumbnailUrl":"https:\/\/www.ador-dental.de\/wp-content\/uploads\/2023\/04\/Memosplint-S.jpg","datePublished":"2023-04-14T10:50:33+00:00","dateModified":"2025-01-16T14:01:19+00:00","description":"Das memosplint s ist durch die erh\u00f6hte Steifigkeit\u00a0universell geeignet f\u00fcr die Herstellung von flexiblen und\u00a0 bruchsicheren Schienen jeder Art.","breadcrumb":{"@id":"https:\/\/www.ador-dental.de\/produkt\/memosplint-version-s\/#breadcrumb"},"inLanguage":"fr-FR","potentialAction":[{"@type":"ReadAction","target":["https:\/\/www.ador-dental.de\/produkt\/memosplint-version-s\/"]}]},{"@type":"ImageObject","inLanguage":"fr-FR","@id":"https:\/\/www.ador-dental.de\/produkt\/memosplint-version-s\/#primaryimage","url":"https:\/\/www.ador-dental.de\/wp-content\/uploads\/2023\/04\/Memosplint-S.jpg","contentUrl":"https:\/\/www.ador-dental.de\/wp-content\/uploads\/2023\/04\/Memosplint-S.jpg","width":950,"height":1000},{"@type":"BreadcrumbList","@id":"https:\/\/www.ador-dental.de\/produkt\/memosplint-version-s\/#breadcrumb","itemListElement":[{"@type":"ListItem","position":1,"name":"Startseite","item":"https:\/\/www.ador-dental.de\/"},{"@type":"ListItem","position":2,"name":"Shop","item":"https:\/\/www.ador-dental.de\/en\/shop\/"},{"@type":"ListItem","position":3,"name":"optimill memosplint S"}]},{"@type":"WebSite","@id":"https:\/\/www.ador-dental.de\/en\/#website","url":"https:\/\/www.ador-dental.de\/en\/","name":"Ador Dental GmbH","description":"","publisher":{"@id":"https:\/\/www.ador-dental.de\/en\/#organization"},"potentialAction":[{"@type":"SearchAction","target":{"@type":"EntryPoint","urlTemplate":"https:\/\/www.ador-dental.de\/en\/?s={search_term_string}"},"query-input":{"@type":"PropertyValueSpecification","valueRequired":true,"valueName":"search_term_string"}}],"inLanguage":"fr-FR"},{"@type":"Organization","@id":"https:\/\/www.ador-dental.de\/en\/#organization","name":"Ador Dental GmbH","url":"https:\/\/www.ador-dental.de\/en\/","logo":{"@type":"ImageObject","inLanguage":"fr-FR","@id":"https:\/\/www.ador-dental.de\/en\/#\/schema\/logo\/image\/","url":"https:\/\/www.ador-dental.de\/wp-content\/uploads\/2021\/10\/ADOR_Logo_DentalSolutions_2020_Black.svg","contentUrl":"https:\/\/www.ador-dental.de\/wp-content\/uploads\/2021\/10\/ADOR_Logo_DentalSolutions_2020_Black.svg","width":678,"height":261,"caption":"Ador Dental GmbH"},"image":{"@id":"https:\/\/www.ador-dental.de\/en\/#\/schema\/logo\/image\/"}}]}},"_links":{"self":[{"href":"https:\/\/www.ador-dental.de\/fr\/wp-json\/wp\/v2\/product\/25765","targetHints":{"allow":["GET"]}}],"collection":[{"href":"https:\/\/www.ador-dental.de\/fr\/wp-json\/wp\/v2\/product"}],"about":[{"href":"https:\/\/www.ador-dental.de\/fr\/wp-json\/wp\/v2\/types\/product"}],"replies":[{"embeddable":true,"href":"https:\/\/www.ador-dental.de\/fr\/wp-json\/wp\/v2\/comments?post=25765"}],"version-history":[{"count":4,"href":"https:\/\/www.ador-dental.de\/fr\/wp-json\/wp\/v2\/product\/25765\/revisions"}],"predecessor-version":[{"id":25780,"href":"https:\/\/www.ador-dental.de\/fr\/wp-json\/wp\/v2\/product\/25765\/revisions\/25780"}],"wp:featuredmedia":[{"embeddable":true,"href":"https:\/\/www.ador-dental.de\/fr\/wp-json\/wp\/v2\/media\/25777"}],"wp:attachment":[{"href":"https:\/\/www.ador-dental.de\/fr\/wp-json\/wp\/v2\/media?parent=25765"}],"wp:term":[{"taxonomy":"product_brand","embeddable":true,"href":"https:\/\/www.ador-dental.de\/fr\/wp-json\/wp\/v2\/product_brand?post=25765"},{"taxonomy":"product_cat","embeddable":true,"href":"https:\/\/www.ador-dental.de\/fr\/wp-json\/wp\/v2\/product_cat?post=25765"},{"taxonomy":"product_tag","embeddable":true,"href":"https:\/\/www.ador-dental.de\/fr\/wp-json\/wp\/v2\/product_tag?post=25765"}],"curies":[{"name":"wp","href":"https:\/\/api.w.org\/{rel}","templated":true}]}}