{"id":25428,"date":"2023-03-09T10:39:59","date_gmt":"2023-03-09T09:39:59","guid":{"rendered":"https:\/\/www.ador-dental.de\/?post_type=product&#038;p=25428"},"modified":"2025-04-11T10:37:10","modified_gmt":"2025-04-11T08:37:10","slug":"smart-optics-vinyl-uxd","status":"publish","type":"product","link":"https:\/\/www.ador-dental.de\/fr\/produit\/smart-optics-vinyl-uxd\/","title":{"rendered":"Smart optics Vinyl UXD"},"content":{"rendered":"<p>Le module UX, compos\u00e9 de deux autres cam\u00e9ras et d'un projecteur, assure une exp\u00e9rience utilisateur in\u00e9dite. Pour s\u00e9lectionner un \u00e9l\u00e9ment du flux de travail ou pour lancer la num\u00e9risation, des ic\u00f4nes sont projet\u00e9es sur le plateau du syst\u00e8me et peuvent \u00eatre activ\u00e9es par des gestes de la main, de mani\u00e8re presque autonome par rapport au PC.<br \/>\nComme d'habitude, l'utilisateur peut d\u00e9terminer librement l'ordre de scannage : La m\u00e2choire sup\u00e9rieure, la m\u00e2choire inf\u00e9rieure, l'articulateur ou d'autres objets peuvent \u00eatre utilis\u00e9s en fonction de la s\u00e9lection. Gr\u00e2ce \u00e0 la surveillance de l'espace int\u00e9rieur, les objets sont automatiquement align\u00e9s en hauteur dans le Vinyl UXD par un positionnement de l'axe Z command\u00e9 par l'IA, ce qui garantit les meilleurs r\u00e9sultats de scannage possibles.<\/p>\n<p>Les moignons qui doivent \u00eatre d\u00e9gag\u00e9s lors de secondDie et singleDie sont \u00e9clair\u00e9s par le projecteur sur le mod\u00e8le \u00e0 l'int\u00e9rieur. Le mod\u00e8le et le porte-objet peuvent ainsi rester dans le scanner, ce qui \u00e9vite de perdre du temps \u00e0 v\u00e9rifier quelles dents doivent \u00eatre retir\u00e9es. Lors du scan 2D, les illuminations montrent la couleur correcte des types de reconstruction d'exocad DentalCAD<sup>\u00ae<\/sup>\u00a0de l'utilisateur. Pour les autres processus de travail, des aides sont \u00e9galement projet\u00e9es sur la plaque syst\u00e8me ou universelle. Une mauvaise mise en place de l'articulateur ou de l'empreinte peut ainsi \u00eatre exclue.<\/p>\n<p>Gr\u00e2ce au plateau syst\u00e8me agrandi du Vinyl UXD, m\u00eame les articulateurs les plus volumineux peuvent \u00eatre facilement plac\u00e9s dans le scanner. Toutes ces caract\u00e9ristiques facilitent \u00e9norm\u00e9ment le travail, car les sources d'erreurs potentielles sont minimis\u00e9es. Le Vinyl UXD - un scanner de grande classe !<\/p>\n<table id=\"tablepress-101\" class=\"tablepress tablepress-id-101 tablepress-responsive tablepress-responsive-stack-tablet dataTable no-footer\">\n<tbody>\n<tr class=\"row-2 even\">\n<td class=\"column-1\">Nombre de cam\u00e9ras<\/td>\n<td class=\"column-2\">4<\/td>\n<\/tr>\n<tr class=\"row-3 odd\">\n<td class=\"column-1\">Pixels de la cam\u00e9ra<\/td>\n<td class=\"column-2\">2 \u00d7 3,2 MP<br \/>\n2 \u00d7 1,0 MP<\/td>\n<\/tr>\n<tr class=\"row-4 even\">\n<td class=\"column-1\">Nombre de projecteurs<\/td>\n<td class=\"column-2\">3<\/td>\n<\/tr>\n<tr class=\"row-5 odd\">\n<td class=\"column-1\">Pr\u00e9cision (selon ISO 12836)<\/td>\n<td class=\"column-2\">4 \u00b5m<\/td>\n<\/tr>\n<tr class=\"row-6 even\">\n<td class=\"column-1\">Format des donn\u00e9es de sortie<\/td>\n<td class=\"column-2\">PLY, STL<\/td>\n<\/tr>\n<tr class=\"row-7 odd\">\n<td class=\"column-1\">Source de lumi\u00e8re<\/td>\n<td class=\"column-2\">LED \u00e0 lumi\u00e8re bleue<\/td>\n<\/tr>\n<tr class=\"row-8 even\">\n<td class=\"column-1\">Technique de mesure<\/td>\n<td class=\"column-2\">Triangulation de lumi\u00e8re en bande<\/td>\n<\/tr>\n<tr class=\"row-9 odd\">\n<td class=\"column-1\">Champ de mesure (X \u00d7 Y \u00d7 Z)<\/td>\n<td class=\"column-2\">cam\u00e9ra 1 : 80 \u00d7 60 \u00d7 82 mm<br \/>\ncam\u00e9ra 2 : 88 \u00d7 63 \u00d7 82 mm<\/td>\n<\/tr>\n<tr class=\"row-10 even\">\n<td class=\"column-1\">Dimensions (L \u00d7 H \u00d7 P)<\/td>\n<td class=\"column-2\">455 \u00d7 430 \u00d7 435 mm<\/td>\n<\/tr>\n<tr class=\"row-11 odd\">\n<td class=\"column-1\">Poids<\/td>\n<td class=\"column-2\">25 kg<\/td>\n<\/tr>\n<tr class=\"row-12 even\">\n<td class=\"column-1\">Raccords<\/td>\n<td class=\"column-2\">1 \u00d7 USB<br \/>\n1 \u00d7 courant<\/td>\n<\/tr>\n<tr class=\"row-13 odd\">\n<td class=\"column-1\">Tension du r\u00e9seau<\/td>\n<td class=\"column-2\">100 - 240 VAC, 50\/60 Hz<\/td>\n<\/tr>\n<tr class=\"row-14 even\">\n<td class=\"column-1\">Garantie<\/td>\n<td class=\"column-2\">36 mois<\/td>\n<\/tr>\n<\/tbody>\n<\/table>\n<table id=\"tablepress-101-no-2\" class=\"tablepress tablepress-id-101 tablepress-responsive tablepress-responsive-stack-tablet dataTable no-footer\" style=\"height: 663px;\" width=\"426\">\n<tbody>\n<tr class=\"row-2 even\">\n<td class=\"column-1\">Temps de num\u00e9risation<br \/>\nM\u00e2choire compl\u00e8te<\/td>\n<td class=\"column-2\">1 cam\u00e9ra, mode LR<br \/>\nBalayage : 12 sec.<br \/>\nMatching : 10 sec.<br \/>\nTotal : 22 sec.2 cam\u00e9ras, mode HR<br \/>\nBalayage : 12 sec.<br \/>\nMatching : 12 sec.<br \/>\nTotal : 24 sec.<\/td>\n<\/tr>\n<tr class=\"row-3 odd\">\n<td class=\"column-1\">Temps de num\u00e9risation<br \/>\nMoignon unique<\/td>\n<td class=\"column-2\">1 cam\u00e9ra, mode LR<br \/>\nBalayage : 25 sec.<br \/>\nMatching : 6 sec.<br \/>\nTotal : 31 sec.2 cam\u00e9ras, mode HR<br \/>\nBalayage : 26 sec.<br \/>\nMatching : 14 sec.<br \/>\nTotal : 40 sec.<\/td>\n<\/tr>\n<tr class=\"row-4 even\">\n<td class=\"column-1\">Temps de num\u00e9risation<br \/>\nBridge \u00e0 3 \u00e9l\u00e9ments<\/td>\n<td class=\"column-2\">1 cam\u00e9ra, mode LR<br \/>\nBalayage : 40 sec.<br \/>\nMatching : 15 sec.<br \/>\nTotal : 55 sec.2 cam\u00e9ras, mode HR<br \/>\nBalayage : 45 sec.<br \/>\nCorrespondance : 31 sec.<br \/>\nTotal : 76 sec.<\/td>\n<\/tr>\n<\/tbody>\n<\/table>\n<table id=\"tablepress-101-no-3\" class=\"tablepress tablepress-id-101 tablepress-responsive tablepress-responsive-stack-tablet dataTable no-footer\" style=\"height: 272px;\" width=\"423\">\n<tbody>\n<tr class=\"row-2 even\">\n<td class=\"column-1\">Module UX (contr\u00f4le gestuel &amp; projections auxiliaires)<\/td>\n<td class=\"column-2\">\u2713<\/td>\n<\/tr>\n<tr class=\"row-3 odd\">\n<td class=\"column-1\">Axe Z contr\u00f4l\u00e9 par IA<\/td>\n<td class=\"column-2\">\u2713<\/td>\n<\/tr>\n<tr class=\"row-4 even\">\n<td class=\"column-1\">Axe Z enti\u00e8rement automatique<\/td>\n<td class=\"column-2\">-<\/td>\n<\/tr>\n<tr class=\"row-5 odd\">\n<td class=\"column-1\">Unit\u00e9 de capteur 3D (projecteur &amp; cam\u00e9ra)<\/td>\n<td class=\"column-2\">\u2713<\/td>\n<\/tr>\n<tr class=\"row-6 even\">\n<td class=\"column-1\">Plaque de syst\u00e8me d'articulation<\/td>\n<td class=\"column-2\"><b>XL<\/b><\/td>\n<\/tr>\n<tr class=\"row-7 odd\">\n<td class=\"column-1\">Indication d'\u00e9tat par LED<\/td>\n<td class=\"column-2\">-<\/td>\n<\/tr>\n<tr class=\"row-8 even\">\n<td class=\"column-1\">\u00c9cran tactile<\/td>\n<td class=\"column-2\">-<\/td>\n<\/tr>\n<tr class=\"row-9 odd\">\n<td class=\"column-1\">bo\u00eetier en mat\u00e9riau de haute qualit\u00e9<\/td>\n<td class=\"column-2\">\u2713<\/td>\n<\/tr>\n<tr class=\"row-10 even\">\n<td class=\"column-1\">Clapet<\/td>\n<td class=\"column-2\">\u2713<\/td>\n<\/tr>\n<\/tbody>\n<\/table>\n<table id=\"tablepress-101-no-4\" class=\"tablepress tablepress-id-101 tablepress-responsive tablepress-responsive-stack-tablet dataTable no-footer\" style=\"height: 639px;\" width=\"420\">\n<tbody>\n<tr class=\"row-2 even\">\n<td class=\"column-1\">Mode LR<\/td>\n<td class=\"column-2\">\u2713<\/td>\n<\/tr>\n<tr class=\"row-3 odd\">\n<td class=\"column-1\">Mode HR<\/td>\n<td class=\"column-2\">\u2713<\/td>\n<\/tr>\n<tr class=\"row-4 even\">\n<td class=\"column-1\">Mode cam\u00e9ra s\u00e9lective<\/td>\n<td class=\"column-2\">\u2713<\/td>\n<\/tr>\n<tr class=\"row-5 odd\">\n<td class=\"column-1\">Scan de l'articulateur<\/td>\n<td class=\"column-2\">\u2713<\/td>\n<\/tr>\n<tr class=\"row-6 even\">\n<td class=\"column-1\">Auto-articulation<\/td>\n<td class=\"column-2\">\u2713<\/td>\n<\/tr>\n<tr class=\"row-7 odd\">\n<td class=\"column-1\">Scan du mod\u00e8le Twin Tray<\/td>\n<td class=\"column-2\">\u2713<\/td>\n<\/tr>\n<tr class=\"row-8 even\">\n<td class=\"column-1\">Num\u00e9risation d'empreinte<\/td>\n<td class=\"column-2\">\u2713<\/td>\n<\/tr>\n<tr class=\"row-9 odd\">\n<td class=\"column-1\">Triple plateau<sup>\u00ae<\/sup>\u00a0Num\u00e9risation d'empreinte<\/td>\n<td class=\"column-2\">\u2713<\/td>\n<\/tr>\n<tr class=\"row-10 even\">\n<td class=\"column-1\">Syst\u00e8me de denture baltique<sup>\u00ae<\/sup><\/td>\n<td class=\"column-2\">\u00a0\ud83d\udddd\ufe0f<\/td>\n<\/tr>\n<tr class=\"row-11 odd\">\n<td class=\"column-1\">secondLa<\/td>\n<td class=\"column-2\">\u2713<\/td>\n<\/tr>\n<tr class=\"row-12 even\">\n<td class=\"column-1\">multiDie\/multiDie+<\/td>\n<td class=\"column-2\">\u2713<\/td>\n<\/tr>\n<tr class=\"row-13 odd\">\n<td class=\"column-1\">Contr\u00f4le visuel de l'axe Z<\/td>\n<td class=\"column-2\">\u2713<\/td>\n<\/tr>\n<tr class=\"row-14 even\">\n<td class=\"column-1\">Plan de coupe automatique<\/td>\n<td class=\"column-2\">\u2713<\/td>\n<\/tr>\n<tr class=\"row-15 odd\">\n<td class=\"column-1\">Scanner suppl\u00e9mentaire<\/td>\n<td class=\"column-2\">\u2713<\/td>\n<\/tr>\n<tr class=\"row-16 even\">\n<td class=\"column-1\">Scan de correction<\/td>\n<td class=\"column-2\">\u2713<\/td>\n<\/tr>\n<tr class=\"row-17 odd\">\n<td class=\"column-1\">Balayage de texture monochrome<\/td>\n<td class=\"column-2\">\u2713<\/td>\n<\/tr>\n<tr class=\"row-18 even\">\n<td class=\"column-1\">Balayage de texture en couleur<\/td>\n<td class=\"column-2\">\u2713<\/td>\n<\/tr>\n<tr class=\"row-19 odd\">\n<td class=\"column-1\">Projet universel<\/td>\n<td class=\"column-2\">\u2713<\/td>\n<\/tr>\n<tr class=\"row-20 even\">\n<td class=\"column-1\">projet multi-cas<\/td>\n<td class=\"column-2\">\u2713<\/td>\n<\/tr>\n<tr class=\"row-21 odd\">\n<td class=\"column-1\">Projet KFO<\/td>\n<td class=\"column-2\">\u2713<\/td>\n<\/tr>\n<tr class=\"row-22 even\">\n<td class=\"column-1\">Mode Bright &amp; Dark<\/td>\n<td class=\"column-2\">\u2713<\/td>\n<\/tr>\n<\/tbody>\n<\/table>\n<table id=\"tablepress-101-no-5\" class=\"tablepress tablepress-id-101 tablepress-responsive tablepress-responsive-stack-tablet dataTable no-footer\">\n<thead>\n<tr class=\"row-1 odd\">\n<th class=\"column-1 sorting_disabled\" colspan=\"1\" rowspan=\"1\"><\/th>\n<th class=\"column-2 sorting_disabled\" colspan=\"1\" rowspan=\"1\">Vinyle UXD<\/th>\n<\/tr>\n<\/thead>\n<tbody>\n<tr class=\"row-2 even\">\n<td class=\"column-1\">Logiciel de num\u00e9risation<\/td>\n<td class=\"column-2\">scan dentaire<\/td>\n<\/tr>\n<tr class=\"row-3 odd\">\n<td class=\"column-1\">Syst\u00e8me (exigences minimales)<\/td>\n<td class=\"column-2\">Windows 10 64 bits<br \/>\nCPU quadric\u0153ur, i5<br \/>\n32 GO DE M\u00c9MOIRE VIVE<br \/>\nPort USB 3.0<br \/>\nenviron 100 - 250 Go HDD<br \/>\nCarte graphique avec 6 Go de RAM<\/td>\n<\/tr>\n<tr class=\"row-4 even\">\n<td class=\"column-1\">Syst\u00e8me (exigences recommand\u00e9es)<\/td>\n<td class=\"column-2\">Windows 11 64 bits<br \/>\nCPU \u00e0 six c\u0153urs, i7<br \/>\n32 GO DE M\u00c9MOIRE VIVE<br \/>\nPort USB 3.0<br \/>\nenviron 100 - 250 Go SSD<br \/>\nCarte graphique avec 6 Go de RAM<\/td>\n<\/tr>\n<\/tbody>\n<\/table>\n<table id=\"tablepress-101-no-6\" class=\"tablepress tablepress-id-101 tablepress-responsive tablepress-responsive-stack-tablet dataTable no-footer\">\n<tbody>\n<tr class=\"row-2 even\">\n<td class=\"column-1\">Contenu de la livraison<\/td>\n<td class=\"column-2\">Vinyle UXD<br \/>\nC\u00e2ble d'alimentation<br \/>\nC\u00e2ble USB<br \/>\nCoffret d'accessoires<\/td>\n<\/tr>\n<tr class=\"row-3 odd\">\n<td class=\"column-1\">Contenu du coffret d'accessoires<\/td>\n<td class=\"column-2\">Mod\u00e8le de calibration 3D<br \/>\nPorte-objets<br \/>\nPlaque universelle<br \/>\nAdaptateur multiDie<br \/>\nTriple plateau<sup>\u00ae<\/sup>-porte-empreinte<br \/>\nBarrette \u00e0 4 dents (Twin Tray)<br \/>\nTampons adh\u00e9sifs<br \/>\nSupport de donn\u00e9es avec dental Scan, donn\u00e9es de calibration<\/td>\n<\/tr>\n<\/tbody>\n<\/table>","protected":false},"excerpt":{"rendered":"<p>En 2022, la s\u00e9rie Vinyl s'est enrichie d'un membre suppl\u00e9mentaire, le Vinyl UXD. Deux cam\u00e9ras haute r\u00e9solution et un capteur 3D perfectionn\u00e9 contribuent \u00e0 une saisie optimale des donn\u00e9es. L'utilisateur a la possibilit\u00e9 de choisir entre quatre modes. Il peut ainsi d\u00e9terminer le nombre de cam\u00e9ras ainsi que leur r\u00e9solution. Cela offre le grand avantage de pouvoir cr\u00e9er, selon les besoins, un jeu de donn\u00e9es haute r\u00e9solution avec une couverture de scan compl\u00e8te ou un jeu de donn\u00e9es r\u00e9duit pour gagner du temps.<\/p>\n<p><strong>Prix sur demande\u00a0<\/strong><\/p>\n<p>PRIX DE VENTE CONSEILL\u00c9 14 990,00<\/p>","protected":false},"featured_media":25434,"comment_status":"open","ping_status":"closed","template":"","meta":{"neve_meta_sidebar":"","neve_meta_container":"","neve_meta_enable_content_width":"off","neve_meta_content_width":70,"neve_meta_title_alignment":"","neve_meta_author_avatar":"","neve_post_elements_order":"","neve_meta_disable_header":"","neve_meta_disable_footer":"","neve_meta_disable_title":"","_themeisle_gutenberg_block_has_review":false},"product_brand":[],"product_cat":[624,778],"product_tag":[],"class_list":{"0":"post-25428","1":"product","2":"type-product","3":"status-publish","4":"has-post-thumbnail","6":"product_cat-equipment","7":"product_cat-smart-optics","9":"first","10":"instock","11":"taxable","12":"shipping-taxable","13":"product-type-simple"},"yoast_head":"<!-- This site is optimized with the Yoast SEO plugin v27.6 - https:\/\/yoast.com\/product\/yoast-seo-wordpress\/ -->\n<title>Smart optics Vinyl UXD - Ador Dental GmbH<\/title>\n<meta name=\"description\" content=\"Smart optics Vinyl UXD: Zwei hochaufl\u00f6sende Kameras und ein weiterentwickelter 3D-Sensor tragen zur optimalen Datenerfassung bei.\" \/>\n<meta name=\"robots\" content=\"index, follow, max-snippet:-1, max-image-preview:large, max-video-preview:-1\" \/>\n<link rel=\"canonical\" href=\"https:\/\/www.ador-dental.de\/fr\/produit\/smart-optics-vinyl-uxd\/\" \/>\n<meta property=\"og:locale\" content=\"fr_FR\" \/>\n<meta property=\"og:type\" content=\"article\" \/>\n<meta property=\"og:title\" content=\"Smart optics Vinyl UXD - Ador Dental GmbH\" \/>\n<meta property=\"og:description\" content=\"Smart optics Vinyl UXD: Zwei hochaufl\u00f6sende Kameras und ein weiterentwickelter 3D-Sensor tragen zur optimalen Datenerfassung bei.\" \/>\n<meta property=\"og:url\" content=\"https:\/\/www.ador-dental.de\/fr\/produit\/smart-optics-vinyl-uxd\/\" \/>\n<meta property=\"og:site_name\" content=\"Ador Dental GmbH\" \/>\n<meta property=\"article:modified_time\" content=\"2025-04-11T08:37:10+00:00\" \/>\n<meta property=\"og:image\" content=\"https:\/\/www.ador-dental.de\/wp-content\/uploads\/2023\/03\/vinyl-uxd-01.jpg\" \/>\n\t<meta property=\"og:image:width\" content=\"2000\" \/>\n\t<meta property=\"og:image:height\" content=\"2233\" \/>\n\t<meta property=\"og:image:type\" content=\"image\/jpeg\" \/>\n<meta name=\"twitter:card\" content=\"summary_large_image\" \/>\n<meta name=\"twitter:label1\" content=\"Dur\u00e9e de lecture estim\u00e9e\" \/>\n\t<meta name=\"twitter:data1\" content=\"2 minutes\" \/>\n<script type=\"application\/ld+json\" class=\"yoast-schema-graph\">{\"@context\":\"https:\\\/\\\/schema.org\",\"@graph\":[{\"@type\":\"WebPage\",\"@id\":\"https:\\\/\\\/www.ador-dental.de\\\/produkt\\\/smart-optics-vinyl-uxd\\\/\",\"url\":\"https:\\\/\\\/www.ador-dental.de\\\/produkt\\\/smart-optics-vinyl-uxd\\\/\",\"name\":\"Smart optics Vinyl UXD - Ador Dental GmbH\",\"isPartOf\":{\"@id\":\"https:\\\/\\\/www.ador-dental.de\\\/en\\\/#website\"},\"primaryImageOfPage\":{\"@id\":\"https:\\\/\\\/www.ador-dental.de\\\/produkt\\\/smart-optics-vinyl-uxd\\\/#primaryimage\"},\"image\":{\"@id\":\"https:\\\/\\\/www.ador-dental.de\\\/produkt\\\/smart-optics-vinyl-uxd\\\/#primaryimage\"},\"thumbnailUrl\":\"https:\\\/\\\/www.ador-dental.de\\\/wp-content\\\/uploads\\\/2023\\\/03\\\/vinyl-uxd-01.jpg\",\"datePublished\":\"2023-03-09T09:39:59+00:00\",\"dateModified\":\"2025-04-11T08:37:10+00:00\",\"description\":\"Smart optics Vinyl UXD: Zwei hochaufl\u00f6sende Kameras und ein weiterentwickelter 3D-Sensor tragen zur optimalen Datenerfassung bei.\",\"breadcrumb\":{\"@id\":\"https:\\\/\\\/www.ador-dental.de\\\/produkt\\\/smart-optics-vinyl-uxd\\\/#breadcrumb\"},\"inLanguage\":\"fr-FR\",\"potentialAction\":[{\"@type\":\"ReadAction\",\"target\":[\"https:\\\/\\\/www.ador-dental.de\\\/produkt\\\/smart-optics-vinyl-uxd\\\/\"]}]},{\"@type\":\"ImageObject\",\"inLanguage\":\"fr-FR\",\"@id\":\"https:\\\/\\\/www.ador-dental.de\\\/produkt\\\/smart-optics-vinyl-uxd\\\/#primaryimage\",\"url\":\"https:\\\/\\\/www.ador-dental.de\\\/wp-content\\\/uploads\\\/2023\\\/03\\\/vinyl-uxd-01.jpg\",\"contentUrl\":\"https:\\\/\\\/www.ador-dental.de\\\/wp-content\\\/uploads\\\/2023\\\/03\\\/vinyl-uxd-01.jpg\",\"width\":2000,\"height\":2233},{\"@type\":\"BreadcrumbList\",\"@id\":\"https:\\\/\\\/www.ador-dental.de\\\/produkt\\\/smart-optics-vinyl-uxd\\\/#breadcrumb\",\"itemListElement\":[{\"@type\":\"ListItem\",\"position\":1,\"name\":\"Startseite\",\"item\":\"https:\\\/\\\/www.ador-dental.de\\\/\"},{\"@type\":\"ListItem\",\"position\":2,\"name\":\"Shop\",\"item\":\"https:\\\/\\\/www.ador-dental.de\\\/en\\\/shop\\\/\"},{\"@type\":\"ListItem\",\"position\":3,\"name\":\"Smart optics Vinyl UXD\"}]},{\"@type\":\"WebSite\",\"@id\":\"https:\\\/\\\/www.ador-dental.de\\\/en\\\/#website\",\"url\":\"https:\\\/\\\/www.ador-dental.de\\\/en\\\/\",\"name\":\"Ador Dental GmbH\",\"description\":\"\",\"publisher\":{\"@id\":\"https:\\\/\\\/www.ador-dental.de\\\/en\\\/#organization\"},\"potentialAction\":[{\"@type\":\"SearchAction\",\"target\":{\"@type\":\"EntryPoint\",\"urlTemplate\":\"https:\\\/\\\/www.ador-dental.de\\\/en\\\/?s={search_term_string}\"},\"query-input\":{\"@type\":\"PropertyValueSpecification\",\"valueRequired\":true,\"valueName\":\"search_term_string\"}}],\"inLanguage\":\"fr-FR\"},{\"@type\":\"Organization\",\"@id\":\"https:\\\/\\\/www.ador-dental.de\\\/en\\\/#organization\",\"name\":\"Ador Dental GmbH\",\"url\":\"https:\\\/\\\/www.ador-dental.de\\\/en\\\/\",\"logo\":{\"@type\":\"ImageObject\",\"inLanguage\":\"fr-FR\",\"@id\":\"https:\\\/\\\/www.ador-dental.de\\\/en\\\/#\\\/schema\\\/logo\\\/image\\\/\",\"url\":\"https:\\\/\\\/www.ador-dental.de\\\/wp-content\\\/uploads\\\/2021\\\/10\\\/ADOR_Logo_DentalSolutions_2020_Black.svg\",\"contentUrl\":\"https:\\\/\\\/www.ador-dental.de\\\/wp-content\\\/uploads\\\/2021\\\/10\\\/ADOR_Logo_DentalSolutions_2020_Black.svg\",\"width\":678,\"height\":261,\"caption\":\"Ador Dental GmbH\"},\"image\":{\"@id\":\"https:\\\/\\\/www.ador-dental.de\\\/en\\\/#\\\/schema\\\/logo\\\/image\\\/\"}}]}<\/script>\n<!-- \/ Yoast SEO plugin. -->","yoast_head_json":{"title":"Smart optics Vinyl UXD - Ador Dental GmbH","description":"Smart optics Vinyl UXD: Zwei hochaufl\u00f6sende Kameras und ein weiterentwickelter 3D-Sensor tragen zur optimalen Datenerfassung bei.","robots":{"index":"index","follow":"follow","max-snippet":"max-snippet:-1","max-image-preview":"max-image-preview:large","max-video-preview":"max-video-preview:-1"},"canonical":"https:\/\/www.ador-dental.de\/fr\/produit\/smart-optics-vinyl-uxd\/","og_locale":"fr_FR","og_type":"article","og_title":"Smart optics Vinyl UXD - Ador Dental GmbH","og_description":"Smart optics Vinyl UXD: Zwei hochaufl\u00f6sende Kameras und ein weiterentwickelter 3D-Sensor tragen zur optimalen Datenerfassung bei.","og_url":"https:\/\/www.ador-dental.de\/fr\/produit\/smart-optics-vinyl-uxd\/","og_site_name":"Ador Dental GmbH","article_modified_time":"2025-04-11T08:37:10+00:00","og_image":[{"width":2000,"height":2233,"url":"https:\/\/www.ador-dental.de\/wp-content\/uploads\/2023\/03\/vinyl-uxd-01.jpg","type":"image\/jpeg"}],"twitter_card":"summary_large_image","twitter_misc":{"Dur\u00e9e de lecture estim\u00e9e":"2 minutes"},"schema":{"@context":"https:\/\/schema.org","@graph":[{"@type":"WebPage","@id":"https:\/\/www.ador-dental.de\/produkt\/smart-optics-vinyl-uxd\/","url":"https:\/\/www.ador-dental.de\/produkt\/smart-optics-vinyl-uxd\/","name":"Smart optics Vinyl UXD - Ador Dental GmbH","isPartOf":{"@id":"https:\/\/www.ador-dental.de\/en\/#website"},"primaryImageOfPage":{"@id":"https:\/\/www.ador-dental.de\/produkt\/smart-optics-vinyl-uxd\/#primaryimage"},"image":{"@id":"https:\/\/www.ador-dental.de\/produkt\/smart-optics-vinyl-uxd\/#primaryimage"},"thumbnailUrl":"https:\/\/www.ador-dental.de\/wp-content\/uploads\/2023\/03\/vinyl-uxd-01.jpg","datePublished":"2023-03-09T09:39:59+00:00","dateModified":"2025-04-11T08:37:10+00:00","description":"Smart optics Vinyl UXD: Zwei hochaufl\u00f6sende Kameras und ein weiterentwickelter 3D-Sensor tragen zur optimalen Datenerfassung bei.","breadcrumb":{"@id":"https:\/\/www.ador-dental.de\/produkt\/smart-optics-vinyl-uxd\/#breadcrumb"},"inLanguage":"fr-FR","potentialAction":[{"@type":"ReadAction","target":["https:\/\/www.ador-dental.de\/produkt\/smart-optics-vinyl-uxd\/"]}]},{"@type":"ImageObject","inLanguage":"fr-FR","@id":"https:\/\/www.ador-dental.de\/produkt\/smart-optics-vinyl-uxd\/#primaryimage","url":"https:\/\/www.ador-dental.de\/wp-content\/uploads\/2023\/03\/vinyl-uxd-01.jpg","contentUrl":"https:\/\/www.ador-dental.de\/wp-content\/uploads\/2023\/03\/vinyl-uxd-01.jpg","width":2000,"height":2233},{"@type":"BreadcrumbList","@id":"https:\/\/www.ador-dental.de\/produkt\/smart-optics-vinyl-uxd\/#breadcrumb","itemListElement":[{"@type":"ListItem","position":1,"name":"Startseite","item":"https:\/\/www.ador-dental.de\/"},{"@type":"ListItem","position":2,"name":"Shop","item":"https:\/\/www.ador-dental.de\/en\/shop\/"},{"@type":"ListItem","position":3,"name":"Smart optics Vinyl UXD"}]},{"@type":"WebSite","@id":"https:\/\/www.ador-dental.de\/en\/#website","url":"https:\/\/www.ador-dental.de\/en\/","name":"Ador Dental GmbH","description":"","publisher":{"@id":"https:\/\/www.ador-dental.de\/en\/#organization"},"potentialAction":[{"@type":"SearchAction","target":{"@type":"EntryPoint","urlTemplate":"https:\/\/www.ador-dental.de\/en\/?s={search_term_string}"},"query-input":{"@type":"PropertyValueSpecification","valueRequired":true,"valueName":"search_term_string"}}],"inLanguage":"fr-FR"},{"@type":"Organization","@id":"https:\/\/www.ador-dental.de\/en\/#organization","name":"Ador Dental GmbH","url":"https:\/\/www.ador-dental.de\/en\/","logo":{"@type":"ImageObject","inLanguage":"fr-FR","@id":"https:\/\/www.ador-dental.de\/en\/#\/schema\/logo\/image\/","url":"https:\/\/www.ador-dental.de\/wp-content\/uploads\/2021\/10\/ADOR_Logo_DentalSolutions_2020_Black.svg","contentUrl":"https:\/\/www.ador-dental.de\/wp-content\/uploads\/2021\/10\/ADOR_Logo_DentalSolutions_2020_Black.svg","width":678,"height":261,"caption":"Ador Dental GmbH"},"image":{"@id":"https:\/\/www.ador-dental.de\/en\/#\/schema\/logo\/image\/"}}]}},"_links":{"self":[{"href":"https:\/\/www.ador-dental.de\/fr\/wp-json\/wp\/v2\/product\/25428","targetHints":{"allow":["GET"]}}],"collection":[{"href":"https:\/\/www.ador-dental.de\/fr\/wp-json\/wp\/v2\/product"}],"about":[{"href":"https:\/\/www.ador-dental.de\/fr\/wp-json\/wp\/v2\/types\/product"}],"replies":[{"embeddable":true,"href":"https:\/\/www.ador-dental.de\/fr\/wp-json\/wp\/v2\/comments?post=25428"}],"version-history":[{"count":5,"href":"https:\/\/www.ador-dental.de\/fr\/wp-json\/wp\/v2\/product\/25428\/revisions"}],"predecessor-version":[{"id":27765,"href":"https:\/\/www.ador-dental.de\/fr\/wp-json\/wp\/v2\/product\/25428\/revisions\/27765"}],"wp:featuredmedia":[{"embeddable":true,"href":"https:\/\/www.ador-dental.de\/fr\/wp-json\/wp\/v2\/media\/25434"}],"wp:attachment":[{"href":"https:\/\/www.ador-dental.de\/fr\/wp-json\/wp\/v2\/media?parent=25428"}],"wp:term":[{"taxonomy":"product_brand","embeddable":true,"href":"https:\/\/www.ador-dental.de\/fr\/wp-json\/wp\/v2\/product_brand?post=25428"},{"taxonomy":"product_cat","embeddable":true,"href":"https:\/\/www.ador-dental.de\/fr\/wp-json\/wp\/v2\/product_cat?post=25428"},{"taxonomy":"product_tag","embeddable":true,"href":"https:\/\/www.ador-dental.de\/fr\/wp-json\/wp\/v2\/product_tag?post=25428"}],"curies":[{"name":"wp","href":"https:\/\/api.w.org\/{rel}","templated":true}]}}