{"id":24114,"date":"2022-11-14T09:37:17","date_gmt":"2022-11-14T08:37:17","guid":{"rendered":"https:\/\/www.ador-edelmetalle.de\/?post_type=product&#038;p=24114"},"modified":"2024-06-03T08:18:17","modified_gmt":"2024-06-03T06:18:17","slug":"keyprint-keysplint-soft-clear-1-kg","status":"publish","type":"product","link":"https:\/\/www.ador-dental.de\/fr\/produit\/keyprint-keysplint-soft-clear-1-kg\/","title":{"rendered":"KeyPrint KeySplint Soft clear - 1 kg"},"content":{"rendered":"<div class=\"product--detail-main-lower-header-block\">\n<h3>KeyPrint KeySplint Soft Clear, 1kg<\/h3>\n<p>Le best-seller est encore meilleur ! Dans la variante KeySplint Soft \"Clear\", il n'y a m\u00eame plus la l\u00e9g\u00e8re teinte bleue bien connue !<\/p>\n<p>KeySplint Soft Clear est une r\u00e9sine d'impression 3D pour la fabrication de goutti\u00e8res dentaires pour les imprimantes 3D. Les goutti\u00e8res imprim\u00e9es sont solides mais flexibles et non fragiles pour un confort optimal.<\/p>\n<\/div>\n<div class=\"product--detail-main-lower-left-block-short\">\n<p>Le KeyPrint KeySplint Soft Clear est bas\u00e9 sur des m\u00e9thacrylates. Il peut donc \u00eatre compl\u00e9t\u00e9 et \u00e9largi avec des polym\u00e8res \u00e0 froid PMMA traditionnels. Comme toutes les r\u00e9sines KeyPrint, KeySplint Soft Clear est exempt de plastifiants, de plastifiants et de bisph\u00e9nol A (BPA).<\/p>\n<p>&nbsp;<\/p>\n<p><strong>Durabilit\u00e9 :<\/strong><\/p>\n<ul>\n<li>env. 2 ans \u00e0 la livraison<\/li>\n<\/ul>\n<p><strong>Propri\u00e9t\u00e9s physiques :<\/strong><\/p>\n<ul>\n<li>Duret\u00e9 Shore : 82 (\u00e9chelle D)<\/li>\n<li>Module d'\u00e9lasticit\u00e9 : 1356 MPa (ASTM D790)<\/li>\n<li>R\u00e9sistance \u00e0 la flexion : 2,6-4,4 MPa (ISO20795-2)<\/li>\n<li>Absorption d'eau : &lt;18 micro-g\/mm3 (ISO20795-2)<\/li>\n<\/ul>\n<p><strong>Contenu de la livraison :\u00a0<\/strong><\/p>\n<div class=\"product--properties-label is--bold\">Couleur : Transparent<\/div>\n<div class=\"product--properties-label is--bold\">Quantit\u00e9 : 1000 g<\/div>\n<div><\/div>\n<\/div>\n<div class=\"product--detail-main-lower-middle-block\">\n<div class=\"product--properties panel\">\n<div class=\"product--properties-table\">\n<div class=\"product--properties-value\"><\/div>\n<div class=\"product--properties-label is--bold\">Technique d'impression :<\/div>\n<div class=\"product--properties-value\">DLP\/LED, DUP\/LCD<\/div>\n<div class=\"product--properties-label is--bold\">Mod\u00e8le d'imprimante :<\/div>\n<div class=\"product--properties-value\">Ackuretta Freeshape, Ackuretta Dentiq, Ackuretta SOL, Anycubic Mono SE, Anycubic Mono X, Anycubic Photon S, Asiga Max, Asiga Pro 4k, Dekema Trix Print, Desktop Health Envision One, Desktop Health Einstein, Elegoo Mars Pro 2, EnvisionTEC E1D, EPAX DX10, Flashforge Hunter, HeyGears Ultracraft A2D, HeyGears Ultracraft A2D 4k, HeyGears Ultracraft DS, LuxCreo Lux3+, LuxCreo iLux Pro, Microlay Eve, Microlay Versus, Miicraft 125, Miicraft Ultra, MoonRay S100\/D75, NewPro 3D NP1, Nexa3D NXD200, Nexa3D XiP, Nextdent 5100, Phrozen 4k, Phrozen 4k 2022, Phrozen Sonic Mighty 4k, Phrozen Sonic Mighty 8k, Phrozen Sonic Mini 4k, Phrozen Sonic Mini 8k, Phrozen Sonic XL, Phrozen XL 4k, Phrozen XL 4k 2022, Rapidshape D20, Rapidshape D30, SHINING 3D AccuFab-D1, SISMA Everes UNO, Sprintray Pro, Stratasys Origin One Dental, Uniz Slash 2, W2P SolFlex, W2P SolLab, Zirkonzahn P4000<\/div>\n<div><\/div>\n<div class=\"product--properties-label is--bold\"><\/div>\n<\/div>\n<\/div>\n<\/div>","protected":false},"excerpt":{"rendered":"<div class=\"custom__item custom__item--1492033924902-0 one-whole align--top-middle\">\n<div class=\"custom__item-inner custom__item-inner--text\">\n<div class=\"medium-up--text-left\">\n<p style=\"text-align: left;\">KeySplint Soft Clear est une r\u00e9sine d'impression 3D pour la fabrication de goutti\u00e8res dentaires pour les imprimantes 3D. Les goutti\u00e8res imprim\u00e9es sont solides mais flexibles et non fragiles pour un confort optimal.<\/p>\n<p>&nbsp;<\/p>\n<\/div>\n<\/div>\n<\/div>","protected":false},"featured_media":26226,"comment_status":"open","ping_status":"closed","template":"","meta":{"neve_meta_sidebar":"","neve_meta_container":"","neve_meta_enable_content_width":"off","neve_meta_content_width":70,"neve_meta_title_alignment":"","neve_meta_author_avatar":"","neve_post_elements_order":"","neve_meta_disable_header":"","neve_meta_disable_footer":"","neve_meta_disable_title":"","_themeisle_gutenberg_block_has_review":false},"product_brand":[],"product_cat":[212,1112,432],"product_tag":[1079,1080,1081],"class_list":{"0":"post-24114","1":"product","2":"type-product","3":"status-publish","4":"has-post-thumbnail","6":"product_cat-adorprint","7":"product_cat-keystone","8":"product_cat-resine","9":"product_tag-keysplint","10":"product_tag-keystone","11":"product_tag-soft-clear","13":"first","14":"instock","15":"taxable","16":"shipping-taxable","17":"purchasable","18":"product-type-simple"},"yoast_head":"<!-- This site is optimized with the Yoast SEO plugin v27.4 - https:\/\/yoast.com\/product\/yoast-seo-wordpress\/ -->\n<title>KeyPrint KeySplint Soft clear - 1 kg - Ador Dental GmbH<\/title>\n<meta name=\"description\" content=\"Das einzigartige KeySplint Soft Clear ist nun als klar-transparente Variante erh\u00e4ltlich. Aufbissschienen, Schnarcherschienen, Retainer\" \/>\n<meta name=\"robots\" content=\"index, follow, max-snippet:-1, max-image-preview:large, max-video-preview:-1\" \/>\n<link rel=\"canonical\" href=\"https:\/\/www.ador-dental.de\/fr\/produit\/keyprint-keysplint-soft-clear-1-kg\/\" \/>\n<meta property=\"og:locale\" content=\"fr_FR\" \/>\n<meta property=\"og:type\" content=\"article\" \/>\n<meta property=\"og:title\" content=\"KeyPrint KeySplint Soft clear - 1 kg - Ador Dental GmbH\" \/>\n<meta property=\"og:description\" content=\"Das einzigartige KeySplint Soft Clear ist nun als klar-transparente Variante erh\u00e4ltlich. Aufbissschienen, Schnarcherschienen, Retainer\" \/>\n<meta property=\"og:url\" content=\"https:\/\/www.ador-dental.de\/fr\/produit\/keyprint-keysplint-soft-clear-1-kg\/\" \/>\n<meta property=\"og:site_name\" content=\"Ador Dental GmbH\" \/>\n<meta property=\"article:modified_time\" content=\"2024-06-03T06:18:17+00:00\" \/>\n<meta property=\"og:image\" content=\"https:\/\/www.ador-dental.de\/wp-content\/uploads\/2022\/11\/keyprint_keysplint_soft_clear.jpg\" \/>\n\t<meta property=\"og:image:width\" content=\"1600\" \/>\n\t<meta property=\"og:image:height\" content=\"1200\" \/>\n\t<meta property=\"og:image:type\" content=\"image\/jpeg\" \/>\n<meta name=\"twitter:card\" content=\"summary_large_image\" \/>\n<meta name=\"twitter:label1\" content=\"Dur\u00e9e de lecture estim\u00e9e\" \/>\n\t<meta name=\"twitter:data1\" content=\"2 minutes\" \/>\n<script type=\"application\/ld+json\" class=\"yoast-schema-graph\">{\"@context\":\"https:\\\/\\\/schema.org\",\"@graph\":[{\"@type\":\"WebPage\",\"@id\":\"https:\\\/\\\/www.ador-dental.de\\\/produkt\\\/keyprint-keysplint-soft-clear-1-kg\\\/\",\"url\":\"https:\\\/\\\/www.ador-dental.de\\\/produkt\\\/keyprint-keysplint-soft-clear-1-kg\\\/\",\"name\":\"KeyPrint KeySplint Soft clear - 1 kg - Ador Dental GmbH\",\"isPartOf\":{\"@id\":\"https:\\\/\\\/www.ador-dental.de\\\/en\\\/#website\"},\"primaryImageOfPage\":{\"@id\":\"https:\\\/\\\/www.ador-dental.de\\\/produkt\\\/keyprint-keysplint-soft-clear-1-kg\\\/#primaryimage\"},\"image\":{\"@id\":\"https:\\\/\\\/www.ador-dental.de\\\/produkt\\\/keyprint-keysplint-soft-clear-1-kg\\\/#primaryimage\"},\"thumbnailUrl\":\"https:\\\/\\\/www.ador-dental.de\\\/wp-content\\\/uploads\\\/2022\\\/11\\\/keyprint_keysplint_soft_clear.jpg\",\"datePublished\":\"2022-11-14T08:37:17+00:00\",\"dateModified\":\"2024-06-03T06:18:17+00:00\",\"description\":\"Das einzigartige KeySplint Soft Clear ist nun als klar-transparente Variante erh\u00e4ltlich. Aufbissschienen, Schnarcherschienen, Retainer\",\"breadcrumb\":{\"@id\":\"https:\\\/\\\/www.ador-dental.de\\\/produkt\\\/keyprint-keysplint-soft-clear-1-kg\\\/#breadcrumb\"},\"inLanguage\":\"fr-FR\",\"potentialAction\":[{\"@type\":\"ReadAction\",\"target\":[\"https:\\\/\\\/www.ador-dental.de\\\/produkt\\\/keyprint-keysplint-soft-clear-1-kg\\\/\"]}]},{\"@type\":\"ImageObject\",\"inLanguage\":\"fr-FR\",\"@id\":\"https:\\\/\\\/www.ador-dental.de\\\/produkt\\\/keyprint-keysplint-soft-clear-1-kg\\\/#primaryimage\",\"url\":\"https:\\\/\\\/www.ador-dental.de\\\/wp-content\\\/uploads\\\/2022\\\/11\\\/keyprint_keysplint_soft_clear.jpg\",\"contentUrl\":\"https:\\\/\\\/www.ador-dental.de\\\/wp-content\\\/uploads\\\/2022\\\/11\\\/keyprint_keysplint_soft_clear.jpg\",\"width\":1600,\"height\":1200},{\"@type\":\"BreadcrumbList\",\"@id\":\"https:\\\/\\\/www.ador-dental.de\\\/produkt\\\/keyprint-keysplint-soft-clear-1-kg\\\/#breadcrumb\",\"itemListElement\":[{\"@type\":\"ListItem\",\"position\":1,\"name\":\"Startseite\",\"item\":\"https:\\\/\\\/www.ador-dental.de\\\/\"},{\"@type\":\"ListItem\",\"position\":2,\"name\":\"Shop\",\"item\":\"https:\\\/\\\/www.ador-dental.de\\\/en\\\/shop\\\/\"},{\"@type\":\"ListItem\",\"position\":3,\"name\":\"KeyPrint KeySplint Soft clear &#8211; 1 kg\"}]},{\"@type\":\"WebSite\",\"@id\":\"https:\\\/\\\/www.ador-dental.de\\\/en\\\/#website\",\"url\":\"https:\\\/\\\/www.ador-dental.de\\\/en\\\/\",\"name\":\"Ador Dental GmbH\",\"description\":\"\",\"publisher\":{\"@id\":\"https:\\\/\\\/www.ador-dental.de\\\/en\\\/#organization\"},\"potentialAction\":[{\"@type\":\"SearchAction\",\"target\":{\"@type\":\"EntryPoint\",\"urlTemplate\":\"https:\\\/\\\/www.ador-dental.de\\\/en\\\/?s={search_term_string}\"},\"query-input\":{\"@type\":\"PropertyValueSpecification\",\"valueRequired\":true,\"valueName\":\"search_term_string\"}}],\"inLanguage\":\"fr-FR\"},{\"@type\":\"Organization\",\"@id\":\"https:\\\/\\\/www.ador-dental.de\\\/en\\\/#organization\",\"name\":\"Ador Dental GmbH\",\"url\":\"https:\\\/\\\/www.ador-dental.de\\\/en\\\/\",\"logo\":{\"@type\":\"ImageObject\",\"inLanguage\":\"fr-FR\",\"@id\":\"https:\\\/\\\/www.ador-dental.de\\\/en\\\/#\\\/schema\\\/logo\\\/image\\\/\",\"url\":\"https:\\\/\\\/www.ador-dental.de\\\/wp-content\\\/uploads\\\/2021\\\/10\\\/ADOR_Logo_DentalSolutions_2020_Black.svg\",\"contentUrl\":\"https:\\\/\\\/www.ador-dental.de\\\/wp-content\\\/uploads\\\/2021\\\/10\\\/ADOR_Logo_DentalSolutions_2020_Black.svg\",\"width\":678,\"height\":261,\"caption\":\"Ador Dental GmbH\"},\"image\":{\"@id\":\"https:\\\/\\\/www.ador-dental.de\\\/en\\\/#\\\/schema\\\/logo\\\/image\\\/\"}}]}<\/script>\n<!-- \/ Yoast SEO plugin. -->","yoast_head_json":{"title":"KeyPrint KeySplint Soft clear - 1 kg - Ador Dental GmbH","description":"Das einzigartige KeySplint Soft Clear ist nun als klar-transparente Variante erh\u00e4ltlich. Aufbissschienen, Schnarcherschienen, Retainer","robots":{"index":"index","follow":"follow","max-snippet":"max-snippet:-1","max-image-preview":"max-image-preview:large","max-video-preview":"max-video-preview:-1"},"canonical":"https:\/\/www.ador-dental.de\/fr\/produit\/keyprint-keysplint-soft-clear-1-kg\/","og_locale":"fr_FR","og_type":"article","og_title":"KeyPrint KeySplint Soft clear - 1 kg - Ador Dental GmbH","og_description":"Das einzigartige KeySplint Soft Clear ist nun als klar-transparente Variante erh\u00e4ltlich. Aufbissschienen, Schnarcherschienen, Retainer","og_url":"https:\/\/www.ador-dental.de\/fr\/produit\/keyprint-keysplint-soft-clear-1-kg\/","og_site_name":"Ador Dental GmbH","article_modified_time":"2024-06-03T06:18:17+00:00","og_image":[{"width":1600,"height":1200,"url":"https:\/\/www.ador-dental.de\/wp-content\/uploads\/2022\/11\/keyprint_keysplint_soft_clear.jpg","type":"image\/jpeg"}],"twitter_card":"summary_large_image","twitter_misc":{"Dur\u00e9e de lecture estim\u00e9e":"2 minutes"},"schema":{"@context":"https:\/\/schema.org","@graph":[{"@type":"WebPage","@id":"https:\/\/www.ador-dental.de\/produkt\/keyprint-keysplint-soft-clear-1-kg\/","url":"https:\/\/www.ador-dental.de\/produkt\/keyprint-keysplint-soft-clear-1-kg\/","name":"KeyPrint KeySplint Soft clear - 1 kg - Ador Dental GmbH","isPartOf":{"@id":"https:\/\/www.ador-dental.de\/en\/#website"},"primaryImageOfPage":{"@id":"https:\/\/www.ador-dental.de\/produkt\/keyprint-keysplint-soft-clear-1-kg\/#primaryimage"},"image":{"@id":"https:\/\/www.ador-dental.de\/produkt\/keyprint-keysplint-soft-clear-1-kg\/#primaryimage"},"thumbnailUrl":"https:\/\/www.ador-dental.de\/wp-content\/uploads\/2022\/11\/keyprint_keysplint_soft_clear.jpg","datePublished":"2022-11-14T08:37:17+00:00","dateModified":"2024-06-03T06:18:17+00:00","description":"Das einzigartige KeySplint Soft Clear ist nun als klar-transparente Variante erh\u00e4ltlich. Aufbissschienen, Schnarcherschienen, Retainer","breadcrumb":{"@id":"https:\/\/www.ador-dental.de\/produkt\/keyprint-keysplint-soft-clear-1-kg\/#breadcrumb"},"inLanguage":"fr-FR","potentialAction":[{"@type":"ReadAction","target":["https:\/\/www.ador-dental.de\/produkt\/keyprint-keysplint-soft-clear-1-kg\/"]}]},{"@type":"ImageObject","inLanguage":"fr-FR","@id":"https:\/\/www.ador-dental.de\/produkt\/keyprint-keysplint-soft-clear-1-kg\/#primaryimage","url":"https:\/\/www.ador-dental.de\/wp-content\/uploads\/2022\/11\/keyprint_keysplint_soft_clear.jpg","contentUrl":"https:\/\/www.ador-dental.de\/wp-content\/uploads\/2022\/11\/keyprint_keysplint_soft_clear.jpg","width":1600,"height":1200},{"@type":"BreadcrumbList","@id":"https:\/\/www.ador-dental.de\/produkt\/keyprint-keysplint-soft-clear-1-kg\/#breadcrumb","itemListElement":[{"@type":"ListItem","position":1,"name":"Startseite","item":"https:\/\/www.ador-dental.de\/"},{"@type":"ListItem","position":2,"name":"Shop","item":"https:\/\/www.ador-dental.de\/en\/shop\/"},{"@type":"ListItem","position":3,"name":"KeyPrint KeySplint Soft clear &#8211; 1 kg"}]},{"@type":"WebSite","@id":"https:\/\/www.ador-dental.de\/en\/#website","url":"https:\/\/www.ador-dental.de\/en\/","name":"Ador Dental GmbH","description":"","publisher":{"@id":"https:\/\/www.ador-dental.de\/en\/#organization"},"potentialAction":[{"@type":"SearchAction","target":{"@type":"EntryPoint","urlTemplate":"https:\/\/www.ador-dental.de\/en\/?s={search_term_string}"},"query-input":{"@type":"PropertyValueSpecification","valueRequired":true,"valueName":"search_term_string"}}],"inLanguage":"fr-FR"},{"@type":"Organization","@id":"https:\/\/www.ador-dental.de\/en\/#organization","name":"Ador Dental GmbH","url":"https:\/\/www.ador-dental.de\/en\/","logo":{"@type":"ImageObject","inLanguage":"fr-FR","@id":"https:\/\/www.ador-dental.de\/en\/#\/schema\/logo\/image\/","url":"https:\/\/www.ador-dental.de\/wp-content\/uploads\/2021\/10\/ADOR_Logo_DentalSolutions_2020_Black.svg","contentUrl":"https:\/\/www.ador-dental.de\/wp-content\/uploads\/2021\/10\/ADOR_Logo_DentalSolutions_2020_Black.svg","width":678,"height":261,"caption":"Ador Dental GmbH"},"image":{"@id":"https:\/\/www.ador-dental.de\/en\/#\/schema\/logo\/image\/"}}]}},"_links":{"self":[{"href":"https:\/\/www.ador-dental.de\/fr\/wp-json\/wp\/v2\/product\/24114","targetHints":{"allow":["GET"]}}],"collection":[{"href":"https:\/\/www.ador-dental.de\/fr\/wp-json\/wp\/v2\/product"}],"about":[{"href":"https:\/\/www.ador-dental.de\/fr\/wp-json\/wp\/v2\/types\/product"}],"replies":[{"embeddable":true,"href":"https:\/\/www.ador-dental.de\/fr\/wp-json\/wp\/v2\/comments?post=24114"}],"version-history":[{"count":13,"href":"https:\/\/www.ador-dental.de\/fr\/wp-json\/wp\/v2\/product\/24114\/revisions"}],"predecessor-version":[{"id":27460,"href":"https:\/\/www.ador-dental.de\/fr\/wp-json\/wp\/v2\/product\/24114\/revisions\/27460"}],"wp:featuredmedia":[{"embeddable":true,"href":"https:\/\/www.ador-dental.de\/fr\/wp-json\/wp\/v2\/media\/26226"}],"wp:attachment":[{"href":"https:\/\/www.ador-dental.de\/fr\/wp-json\/wp\/v2\/media?parent=24114"}],"wp:term":[{"taxonomy":"product_brand","embeddable":true,"href":"https:\/\/www.ador-dental.de\/fr\/wp-json\/wp\/v2\/product_brand?post=24114"},{"taxonomy":"product_cat","embeddable":true,"href":"https:\/\/www.ador-dental.de\/fr\/wp-json\/wp\/v2\/product_cat?post=24114"},{"taxonomy":"product_tag","embeddable":true,"href":"https:\/\/www.ador-dental.de\/fr\/wp-json\/wp\/v2\/product_tag?post=24114"}],"curies":[{"name":"wp","href":"https:\/\/api.w.org\/{rel}","templated":true}]}}