{"id":19906,"date":"2022-05-12T13:50:11","date_gmt":"2022-05-12T11:50:11","guid":{"rendered":"https:\/\/www.ador-edelmetalle.de\/?post_type=product&#038;p=19906"},"modified":"2025-08-14T11:14:33","modified_gmt":"2025-08-14T09:14:33","slug":"interdentalbuerste-zur-reinigung-der-wasserduesen","status":"publish","type":"product","link":"https:\/\/www.ador-dental.de\/fr\/produit\/interdentalbuerste-zur-reinigung-der-wasserduesen\/","title":{"rendered":"Brosse interdentaire pour nettoyer les jets d'eau"},"content":{"rendered":"","protected":false},"excerpt":{"rendered":"","protected":false},"featured_media":30039,"comment_status":"open","ping_status":"closed","template":"","meta":{"neve_meta_sidebar":"","neve_meta_container":"","neve_meta_enable_content_width":"off","neve_meta_content_width":70,"neve_meta_title_alignment":"","neve_meta_author_avatar":"","neve_post_elements_order":"","neve_meta_disable_header":"","neve_meta_disable_footer":"","neve_meta_disable_title":"","_themeisle_gutenberg_block_has_review":false},"product_brand":[],"product_cat":[1170,624],"product_tag":[434,1168],"class_list":{"0":"post-19906","1":"product","2":"type-product","3":"status-publish","4":"has-post-thumbnail","6":"product_cat-dwx-43w-verbrauchsmaterial","7":"product_cat-equipment","8":"product_tag-dentalheld","9":"product_tag-dwx-43w","11":"first","12":"instock","13":"taxable","14":"shipping-taxable","15":"purchasable","16":"product-type-simple"},"yoast_head":"<!-- This site is optimized with the Yoast SEO plugin v27.2 - https:\/\/yoast.com\/product\/yoast-seo-wordpress\/ -->\n<title>Interdentalb\u00fcrste zur Reinigung der Wasserd\u00fcsen - Ador Dental GmbH<\/title>\n<meta name=\"description\" content=\"Interdentalb\u00fcrste zur Reinigung der Wasserd\u00fcsen\" \/>\n<meta name=\"robots\" content=\"index, follow, max-snippet:-1, max-image-preview:large, max-video-preview:-1\" \/>\n<link rel=\"canonical\" href=\"https:\/\/www.ador-dental.de\/fr\/produit\/interdentalbuerste-zur-reinigung-der-wasserduesen\/\" \/>\n<meta property=\"og:locale\" content=\"fr_FR\" \/>\n<meta property=\"og:type\" content=\"article\" \/>\n<meta property=\"og:title\" content=\"Interdentalb\u00fcrste zur Reinigung der Wasserd\u00fcsen - Ador Dental GmbH\" \/>\n<meta property=\"og:description\" content=\"Interdentalb\u00fcrste zur Reinigung der Wasserd\u00fcsen\" \/>\n<meta property=\"og:url\" content=\"https:\/\/www.ador-dental.de\/fr\/produit\/interdentalbuerste-zur-reinigung-der-wasserduesen\/\" \/>\n<meta property=\"og:site_name\" content=\"Ador Dental GmbH\" \/>\n<meta property=\"article:modified_time\" content=\"2025-08-14T09:14:33+00:00\" \/>\n<meta property=\"og:image\" content=\"https:\/\/www.ador-dental.de\/wp-content\/uploads\/2025\/08\/DWX53DC-Zusatzprodukt.png\" \/>\n\t<meta property=\"og:image:width\" content=\"1024\" \/>\n\t<meta property=\"og:image:height\" content=\"1024\" \/>\n\t<meta property=\"og:image:type\" content=\"image\/png\" \/>\n<meta name=\"twitter:card\" content=\"summary_large_image\" \/>\n<script type=\"application\/ld+json\" class=\"yoast-schema-graph\">{\"@context\":\"https:\/\/schema.org\",\"@graph\":[{\"@type\":\"WebPage\",\"@id\":\"https:\/\/www.ador-dental.de\/produkt\/interdentalbuerste-zur-reinigung-der-wasserduesen\/\",\"url\":\"https:\/\/www.ador-dental.de\/produkt\/interdentalbuerste-zur-reinigung-der-wasserduesen\/\",\"name\":\"Interdentalb\u00fcrste zur Reinigung der Wasserd\u00fcsen - Ador Dental GmbH\",\"isPartOf\":{\"@id\":\"https:\/\/www.ador-dental.de\/en\/#website\"},\"primaryImageOfPage\":{\"@id\":\"https:\/\/www.ador-dental.de\/produkt\/interdentalbuerste-zur-reinigung-der-wasserduesen\/#primaryimage\"},\"image\":{\"@id\":\"https:\/\/www.ador-dental.de\/produkt\/interdentalbuerste-zur-reinigung-der-wasserduesen\/#primaryimage\"},\"thumbnailUrl\":\"https:\/\/www.ador-dental.de\/wp-content\/uploads\/2025\/08\/DWX53DC-Zusatzprodukt.png\",\"datePublished\":\"2022-05-12T11:50:11+00:00\",\"dateModified\":\"2025-08-14T09:14:33+00:00\",\"description\":\"Interdentalb\u00fcrste zur Reinigung der Wasserd\u00fcsen\",\"breadcrumb\":{\"@id\":\"https:\/\/www.ador-dental.de\/produkt\/interdentalbuerste-zur-reinigung-der-wasserduesen\/#breadcrumb\"},\"inLanguage\":\"fr-FR\",\"potentialAction\":[{\"@type\":\"ReadAction\",\"target\":[\"https:\/\/www.ador-dental.de\/produkt\/interdentalbuerste-zur-reinigung-der-wasserduesen\/\"]}]},{\"@type\":\"ImageObject\",\"inLanguage\":\"fr-FR\",\"@id\":\"https:\/\/www.ador-dental.de\/produkt\/interdentalbuerste-zur-reinigung-der-wasserduesen\/#primaryimage\",\"url\":\"https:\/\/www.ador-dental.de\/wp-content\/uploads\/2025\/08\/DWX53DC-Zusatzprodukt.png\",\"contentUrl\":\"https:\/\/www.ador-dental.de\/wp-content\/uploads\/2025\/08\/DWX53DC-Zusatzprodukt.png\",\"width\":1024,\"height\":1024},{\"@type\":\"BreadcrumbList\",\"@id\":\"https:\/\/www.ador-dental.de\/produkt\/interdentalbuerste-zur-reinigung-der-wasserduesen\/#breadcrumb\",\"itemListElement\":[{\"@type\":\"ListItem\",\"position\":1,\"name\":\"Startseite\",\"item\":\"https:\/\/www.ador-dental.de\/\"},{\"@type\":\"ListItem\",\"position\":2,\"name\":\"Shop\",\"item\":\"https:\/\/www.ador-dental.de\/en\/shop\/\"},{\"@type\":\"ListItem\",\"position\":3,\"name\":\"Interdentalb\u00fcrste zur Reinigung der Wasserd\u00fcsen\"}]},{\"@type\":\"WebSite\",\"@id\":\"https:\/\/www.ador-dental.de\/en\/#website\",\"url\":\"https:\/\/www.ador-dental.de\/en\/\",\"name\":\"Ador Dental GmbH\",\"description\":\"\",\"publisher\":{\"@id\":\"https:\/\/www.ador-dental.de\/en\/#organization\"},\"potentialAction\":[{\"@type\":\"SearchAction\",\"target\":{\"@type\":\"EntryPoint\",\"urlTemplate\":\"https:\/\/www.ador-dental.de\/en\/?s={search_term_string}\"},\"query-input\":{\"@type\":\"PropertyValueSpecification\",\"valueRequired\":true,\"valueName\":\"search_term_string\"}}],\"inLanguage\":\"fr-FR\"},{\"@type\":\"Organization\",\"@id\":\"https:\/\/www.ador-dental.de\/en\/#organization\",\"name\":\"Ador Dental GmbH\",\"url\":\"https:\/\/www.ador-dental.de\/en\/\",\"logo\":{\"@type\":\"ImageObject\",\"inLanguage\":\"fr-FR\",\"@id\":\"https:\/\/www.ador-dental.de\/en\/#\/schema\/logo\/image\/\",\"url\":\"https:\/\/www.ador-dental.de\/wp-content\/uploads\/2021\/10\/ADOR_Logo_DentalSolutions_2020_Black.svg\",\"contentUrl\":\"https:\/\/www.ador-dental.de\/wp-content\/uploads\/2021\/10\/ADOR_Logo_DentalSolutions_2020_Black.svg\",\"width\":678,\"height\":261,\"caption\":\"Ador Dental GmbH\"},\"image\":{\"@id\":\"https:\/\/www.ador-dental.de\/en\/#\/schema\/logo\/image\/\"}}]}<\/script>\n<!-- \/ Yoast SEO plugin. -->","yoast_head_json":{"title":"Interdentalb\u00fcrste zur Reinigung der Wasserd\u00fcsen - Ador Dental GmbH","description":"Brosse interdentaire pour nettoyer les jets d'eau","robots":{"index":"index","follow":"follow","max-snippet":"max-snippet:-1","max-image-preview":"max-image-preview:large","max-video-preview":"max-video-preview:-1"},"canonical":"https:\/\/www.ador-dental.de\/fr\/produit\/interdentalbuerste-zur-reinigung-der-wasserduesen\/","og_locale":"fr_FR","og_type":"article","og_title":"Interdentalb\u00fcrste zur Reinigung der Wasserd\u00fcsen - Ador Dental GmbH","og_description":"Interdentalb\u00fcrste zur Reinigung der Wasserd\u00fcsen","og_url":"https:\/\/www.ador-dental.de\/fr\/produit\/interdentalbuerste-zur-reinigung-der-wasserduesen\/","og_site_name":"Ador Dental GmbH","article_modified_time":"2025-08-14T09:14:33+00:00","og_image":[{"width":1024,"height":1024,"url":"https:\/\/www.ador-dental.de\/wp-content\/uploads\/2025\/08\/DWX53DC-Zusatzprodukt.png","type":"image\/png"}],"twitter_card":"summary_large_image","schema":{"@context":"https:\/\/schema.org","@graph":[{"@type":"WebPage","@id":"https:\/\/www.ador-dental.de\/produkt\/interdentalbuerste-zur-reinigung-der-wasserduesen\/","url":"https:\/\/www.ador-dental.de\/produkt\/interdentalbuerste-zur-reinigung-der-wasserduesen\/","name":"Interdentalb\u00fcrste zur Reinigung der Wasserd\u00fcsen - Ador Dental GmbH","isPartOf":{"@id":"https:\/\/www.ador-dental.de\/en\/#website"},"primaryImageOfPage":{"@id":"https:\/\/www.ador-dental.de\/produkt\/interdentalbuerste-zur-reinigung-der-wasserduesen\/#primaryimage"},"image":{"@id":"https:\/\/www.ador-dental.de\/produkt\/interdentalbuerste-zur-reinigung-der-wasserduesen\/#primaryimage"},"thumbnailUrl":"https:\/\/www.ador-dental.de\/wp-content\/uploads\/2025\/08\/DWX53DC-Zusatzprodukt.png","datePublished":"2022-05-12T11:50:11+00:00","dateModified":"2025-08-14T09:14:33+00:00","description":"Brosse interdentaire pour nettoyer les jets d'eau","breadcrumb":{"@id":"https:\/\/www.ador-dental.de\/produkt\/interdentalbuerste-zur-reinigung-der-wasserduesen\/#breadcrumb"},"inLanguage":"fr-FR","potentialAction":[{"@type":"ReadAction","target":["https:\/\/www.ador-dental.de\/produkt\/interdentalbuerste-zur-reinigung-der-wasserduesen\/"]}]},{"@type":"ImageObject","inLanguage":"fr-FR","@id":"https:\/\/www.ador-dental.de\/produkt\/interdentalbuerste-zur-reinigung-der-wasserduesen\/#primaryimage","url":"https:\/\/www.ador-dental.de\/wp-content\/uploads\/2025\/08\/DWX53DC-Zusatzprodukt.png","contentUrl":"https:\/\/www.ador-dental.de\/wp-content\/uploads\/2025\/08\/DWX53DC-Zusatzprodukt.png","width":1024,"height":1024},{"@type":"BreadcrumbList","@id":"https:\/\/www.ador-dental.de\/produkt\/interdentalbuerste-zur-reinigung-der-wasserduesen\/#breadcrumb","itemListElement":[{"@type":"ListItem","position":1,"name":"Startseite","item":"https:\/\/www.ador-dental.de\/"},{"@type":"ListItem","position":2,"name":"Shop","item":"https:\/\/www.ador-dental.de\/en\/shop\/"},{"@type":"ListItem","position":3,"name":"Interdentalb\u00fcrste zur Reinigung der Wasserd\u00fcsen"}]},{"@type":"WebSite","@id":"https:\/\/www.ador-dental.de\/en\/#website","url":"https:\/\/www.ador-dental.de\/en\/","name":"Ador Dental GmbH","description":"","publisher":{"@id":"https:\/\/www.ador-dental.de\/en\/#organization"},"potentialAction":[{"@type":"SearchAction","target":{"@type":"EntryPoint","urlTemplate":"https:\/\/www.ador-dental.de\/en\/?s={search_term_string}"},"query-input":{"@type":"PropertyValueSpecification","valueRequired":true,"valueName":"search_term_string"}}],"inLanguage":"fr-FR"},{"@type":"Organization","@id":"https:\/\/www.ador-dental.de\/en\/#organization","name":"Ador Dental GmbH","url":"https:\/\/www.ador-dental.de\/en\/","logo":{"@type":"ImageObject","inLanguage":"fr-FR","@id":"https:\/\/www.ador-dental.de\/en\/#\/schema\/logo\/image\/","url":"https:\/\/www.ador-dental.de\/wp-content\/uploads\/2021\/10\/ADOR_Logo_DentalSolutions_2020_Black.svg","contentUrl":"https:\/\/www.ador-dental.de\/wp-content\/uploads\/2021\/10\/ADOR_Logo_DentalSolutions_2020_Black.svg","width":678,"height":261,"caption":"Ador Dental GmbH"},"image":{"@id":"https:\/\/www.ador-dental.de\/en\/#\/schema\/logo\/image\/"}}]}},"_links":{"self":[{"href":"https:\/\/www.ador-dental.de\/fr\/wp-json\/wp\/v2\/product\/19906","targetHints":{"allow":["GET"]}}],"collection":[{"href":"https:\/\/www.ador-dental.de\/fr\/wp-json\/wp\/v2\/product"}],"about":[{"href":"https:\/\/www.ador-dental.de\/fr\/wp-json\/wp\/v2\/types\/product"}],"replies":[{"embeddable":true,"href":"https:\/\/www.ador-dental.de\/fr\/wp-json\/wp\/v2\/comments?post=19906"}],"version-history":[{"count":2,"href":"https:\/\/www.ador-dental.de\/fr\/wp-json\/wp\/v2\/product\/19906\/revisions"}],"predecessor-version":[{"id":19908,"href":"https:\/\/www.ador-dental.de\/fr\/wp-json\/wp\/v2\/product\/19906\/revisions\/19908"}],"wp:featuredmedia":[{"embeddable":true,"href":"https:\/\/www.ador-dental.de\/fr\/wp-json\/wp\/v2\/media\/30039"}],"wp:attachment":[{"href":"https:\/\/www.ador-dental.de\/fr\/wp-json\/wp\/v2\/media?parent=19906"}],"wp:term":[{"taxonomy":"product_brand","embeddable":true,"href":"https:\/\/www.ador-dental.de\/fr\/wp-json\/wp\/v2\/product_brand?post=19906"},{"taxonomy":"product_cat","embeddable":true,"href":"https:\/\/www.ador-dental.de\/fr\/wp-json\/wp\/v2\/product_cat?post=19906"},{"taxonomy":"product_tag","embeddable":true,"href":"https:\/\/www.ador-dental.de\/fr\/wp-json\/wp\/v2\/product_tag?post=19906"}],"curies":[{"name":"wp","href":"https:\/\/api.w.org\/{rel}","templated":true}]}}